{"id":42,"date":"2017-06-28T13:01:59","date_gmt":"2017-06-28T13:01:59","guid":{"rendered":"http:\/\/www.ull.es\/masteres\/desarrollo-y-gestion-de-recursos-humanos\/?page_id=42"},"modified":"2025-10-23T12:51:46","modified_gmt":"2025-10-23T12:51:46","slug":"coordinacion-docente","status":"publish","type":"page","link":"https:\/\/www.ull.es\/grados\/conservacion-restauracion-bienes-culturales\/informacion-academica\/coordinacion-docente\/","title":{"rendered":"Coordinaci\u00f3n docente"},"content":{"rendered":"\n<div class=\"wp-block-stackable-columns alignfull stk-block-columns stk-block stk-8657999\" data-block-id=\"8657999\"><style>.stk-8657999 {padding-bottom:0px !important;margin-top:-30px !important;margin-bottom:0px !important;}@media screen and (max-width: 767px){.stk-8657999 {margin-top:-10% !important;}}<\/style><div class=\"stk-row stk-inner-blocks stk-block-content stk-content-align stk-8657999-column alignfull\">\n<div class=\"wp-block-stackable-column stk-block-column stk-column stk-block stk-914f03e\" data-v=\"4\" data-block-id=\"914f03e\"><div class=\"stk-column-wrapper stk-block-column__content stk-container stk-914f03e-container stk--no-background stk--no-padding\"><div class=\"stk-block-content stk-inner-blocks stk-914f03e-inner-blocks\"><style id=\"depicter-1-inline-pre-css\">\n\n.depicter-1:not(.depicter-ready){\n\theight:500px;\n}\n\n\/***** Tablet *****\/\n@media screen and (max-width: 1024px){\n\n.depicter-1:not(.depicter-ready){\n\theight:700px;\n}\n\n}\n\/***** Mobile *****\/\n@media screen and (max-width: 767px){\n\n.depicter-1:not(.depicter-ready){\n\theight:360px;\n}\n\n}\n<\/style>\n<div id=\"depicter-1\" class=\"depicter depicter-document depicter-revert depicter-1 depicter-layout-fullwidth\">\n\n<div class=\"depicter-loading-container depicter-loading dotFlashing-dark\"><div class=\"depicter-loading-dark depicter-dot-flashing\">\n   <span><\/span>\n   <span><\/span>\n   <span><\/span>\n<\/div>\n<\/div>\n<div id=\"depicter-1-section-1\" class=\"depicter-section depicter-1-section-1\" data-name=\"Section 1\" data-type=\"section\" data-local-id=\"section-1\">\n<picture class=\"depicter-bg\">\n<source data-depicter-srcset=\"https:\/\/www.ull.es\/grados\/conservacion-restauracion-bienes-culturales\/wp-content\/uploads\/sites\/2\/2025\/03\/Slider_Conservacion-768x248.jpg, https:\/\/www.ull.es\/grados\/conservacion-restauracion-bienes-culturales\/wp-content\/uploads\/sites\/2\/2025\/03\/Slider_Conservacion.jpg 2x\" srcset=\"data:image\/gif;base64,R0lGODlhAQABAIAAAAAAAP\/\/\/yH5BAEAAAAALAAAAAABAAEAAAIBRAA7\" media=\"(max-width: 1024px)\" \/>\n\n<source data-depicter-srcset=\"https:\/\/www.ull.es\/grados\/conservacion-restauracion-bienes-culturales\/wp-content\/uploads\/sites\/2\/2025\/03\/Slider_Conservacion.jpg, https:\/\/www.ull.es\/grados\/conservacion-restauracion-bienes-culturales\/wp-content\/uploads\/sites\/2\/2025\/03\/Slider_Conservacion-1920x620.jpg 2x\" srcset=\"data:image\/gif;base64,R0lGODlhAQABAIAAAAAAAP\/\/\/yH5BAEAAAAALAAAAAABAAEAAAIBRAA7\" media=\"(min-width: 1025px)\" \/>\n<img decoding=\"async\" src=\"data:image\/gif;base64,R0lGODlhAQABAIAAAAAAAP\/\/\/yH5BAEAAAAALAAAAAABAAEAAAIBRAA7\" data-ken-burns=\"false\" data-tablet-ken-burns=\"false\" data-mobile-ken-burns=\"false\" alt=\"\" data-depicter-src=\"https:\/\/www.ull.es\/grados\/conservacion-restauracion-bienes-culturales\/wp-content\/uploads\/sites\/2\/2025\/03\/Slider_Conservacion.jpg\" data-object-fit=\"custom,custom,\" data-object-position=\"center top,,\" data-crop=\"{'focalPoint':{'x':0.5,'y':0.5},'mediaSize':{'width':1548.387096774193423698307015001773834228515625,'height':499.99999999999994315658113919198513031005859375}}\" data-tablet-crop=\"{'focalPoint':{'x':0.5,'y':0.5},'mediaSize':{'width':2167.7419354838712024502456188201904296875,'height':700.0000000000001136868377216160297393798828125}}\" data-mobile-crop=\"{'focalPoint':{'x':0.5,'y':0.5},'mediaSize':{'width':1114.8387096774195015314035117626190185546875,'height':360}}\" \/>\n<\/picture>\n\n\n<h1 id=\"depicter-1-element-5\" class=\"depicter-element depicter-layer depicter-1-element-5\" data-type=\"text\" data-wrap=\"true\" data-name=\"Text 2\" data-local-id=\"element-5\" data-offset=\"x:58px;y:115px;origin:tl\" data-tablet-offset=\"x:218px;y:264px;origin:tl\" data-mobile-offset=\"x:6px;y:-136px;origin:tl\" data-width=\"1027px,589px,348px\" data-height=\"auto,auto,auto\" data-responsive-scale=\"true,,\">Grado en Conservaci\u00f3n y Restauraci\u00f3n de Bienes Culturales<\/h1>\n\n<div id=\"depicter-1-element-10\" class=\"depicter-element depicter-layer depicter-1-element-10\" data-type=\"shape\" data-wrap=\"true\" data-name=\"Shape 1\" data-local-id=\"element-10\" data-offset=\"x:58px;y:385px;origin:tl\" data-tablet-offset=\"x:218px;y:443px;origin:tl\" data-mobile-offset=\"x:6px;y:77px;origin:tl\" data-width=\"968px,555px,348px\" data-height=\"8px,8px,8px\" data-responsive-scale=\"true,,\"><\/div>\n<\/div>\n<\/div>\n<script>\n(window.depicterSetups = window.depicterSetups || []).push(function(){\n\tDepicter.basePath = 'https:\/\/www.ull.es\/grados\/conservacion-restauracion-bienes-culturales\/wp-content\/plugins\/depicter\/resources\/scripts\/player\/';\n\tconst dpPlayer = Depicter.setup('.depicter-1',\n\t\t{\"width\":[\"1200\",\"1024\",\"360\"],\"height\":[\"500\",\"700\",\"360\"],\"view\":\"basic\",\"keepAspectRatio\":true,\"preload\":0,\"layout\":\"fullwidth\",\"rtl\":false,\"initAfterAppear\":false,\"ajaxApiUrl\":\"https:\\\/\\\/www.ull.es\\\/grados\\\/conservacion-restauracion-bienes-culturales\\\/wp-admin\\\/admin-ajax.php\",\"mouseSwipe\":true,\"touchSwipe\":true,\"useWatermark\":false}\n\t);\n});\n<\/script><\/div><\/div><\/div>\n<\/div><\/div>\n\n\n\n<div class=\"wp-block-stackable-columns alignfull stk-block-columns stk--hide-mobile stk-block stk-ceecbdc stk-block-background\" data-block-id=\"ceecbdc\"><style>.stk-ceecbdc {background-color:#360060 !important;padding-top:35px !important;padding-right:0px !important;padding-bottom:2px !important;padding-left:0px !important;margin-top:-20px !important;margin-bottom:70px !important;}.stk-ceecbdc:before{background-color:#360060 !important;}<\/style><div class=\"stk-row stk-inner-blocks stk-block-content stk-content-align stk-ceecbdc-column alignfull\">\n<div class=\"wp-block-stackable-column stk-block-column stk-column stk-block stk-fc60a5d\" data-v=\"4\" data-block-id=\"fc60a5d\"><div class=\"stk-column-wrapper stk-block-column__content stk-container stk-fc60a5d-container stk--no-background stk--no-padding\"><div class=\"stk-block-content stk-inner-blocks stk-fc60a5d-inner-blocks\">\n<div class=\"wp-block-stackable-spacer stk-block-spacer stk--no-padding stk-block stk-a3a8a68\" data-block-id=\"a3a8a68\"><style>.stk-a3a8a68 {height:0px !important;}<\/style><\/div>\n<\/div><\/div><\/div>\n<\/div><\/div>\n\n\n\n<div class=\"wp-block-stackable-columns stk-block-columns stk-block stk-8b59b96\" data-block-id=\"8b59b96\"><style>.stk-8b59b96 .stk--block-align-8b59b96{align-items:flex-start !important;}.stk-8b59b96 {margin-top:25px !important;}.stk-8b59b96-column{--stk-columns-spacing:0px !important;--stk-column-gap:50px !important;}@media screen and (max-width: 767px){.stk-8b59b96-column{row-gap:var(--stk--preset--spacing--60, 2.25rem) !important;}}<\/style><div class=\"stk-row stk-inner-blocks stk--block-align-8b59b96 stk-block-content stk-content-align stk-8b59b96-column\">\n<div class=\"wp-block-stackable-column stk-block-column stk-column stk-block stk-dbb7e15\" data-v=\"4\" data-block-id=\"dbb7e15\"><div class=\"stk-column-wrapper stk-block-column__content stk-container stk-dbb7e15-container stk--no-background stk--no-padding\"><div class=\"stk-block-content stk-inner-blocks stk-dbb7e15-inner-blocks\">\n<div class=\"wp-block-stackable-heading stk-block-heading stk-block-heading--v2 stk-block stk-689c258\" id=\"coordinacion-docente\" data-block-id=\"689c258\"><style>.stk-689c258 .stk-block-heading__text{color:#5c068c !important;}<\/style><h1 class=\"stk-block-heading__text has-text-color\">Coordinaci\u00f3n docente<\/h1><\/div>\n\n\n\n<div class=\"wp-block-stackable-text stk-block-text stk-block stk-04fb6dd\" data-block-id=\"04fb6dd\"><p class=\"stk-block-text__text\">El t\u00edtulo cuenta con las estructuras de coordinaci\u00f3n necesarias en sus diferentes niveles para garantizar que se organiza y desarrolla de manera adecuada. As\u00ed, para articular&nbsp;la coordinaci\u00f3n horizontal y vertical a nivel titulaci\u00f3n, de acuerdo a lo establecido en la Memoria de Verificaci\u00f3n, se cuenta con las siguientes figuras:<\/p><\/div>\n\n\n\n<ul class=\"wp-block-list\">\n<li>&nbsp;Coordinador\/a de Titulaci\u00f3n<\/li>\n\n\n\n<li>Coordinador\/a de Curso<\/li>\n\n\n\n<li>Coordinador\/a de Asignatura<\/li>\n\n\n\n<li>Coordinador\/a de Pr\u00e1cticas Externas\/Pr\u00e1cticum<\/li>\n\n\n\n<li>Coordinador\/a de Trabajo Fin de Grado<\/li>\n<\/ul>\n\n\n\n<div class=\"wp-block-stackable-spacer stk-block-spacer stk--no-padding stk-block stk-6662672\" data-block-id=\"6662672\"><\/div>\n\n\n\n<style>\n.hoverable {\n  transition: transform 0.3s, box-shadow 0.3s;\n  cursor: pointer;\n}\n.hoverable:hover {\n  transform: scale(1.02);\n  box-shadow: 0 0.5rem 1rem rgba(0,0,0,0.25);\n}\n<\/style>\n\n<table class=\"table table-bordered table-striped align-middle text-center shadow-sm rounded overflow-hidden table-hover-effect\" style=\"border-collapse: separate; border-spacing: 0; box-shadow: 0 0.5rem 1rem rgba(0,0,0,0.15); border-radius:2rem; width:100%;\">\n  <thead>\n    <tr>\n      <th class=\"hoverable fw-bold\" style=\"background-color:#490a79; color:white; font-weight:bold; border-top-left-radius:1.5rem; text-align:center;\">Cargo<\/th>\n      <th class=\"hoverable fw-bold\" style=\"background-color:#490a79; color:white; font-weight:bold; text-align:center;\">Nombre y Apellidos<\/th>\n      <th class=\"hoverable fw-bold\" style=\"background-color:#490a79; color:white; font-weight:bold; border-top-right-radius:1.5rem; text-align:center;\">Email contacto<\/th>\n    <\/tr>\n  <\/thead>\n  <tbody>\n    <tr>\n      <td class=\"hoverable fw-bold\" style=\"text-align:center; font-weight:bold;\">Coordinadora del t\u00edtulo<\/td>\n      <td class=\"hoverable\" style=\"text-align:center;\">M\u00aa Fernanda Guiti\u00e1n Garre<\/td>\n      <td class=\"hoverable\" style=\"text-align:center;\"><a href=\"mailto:fguitian@ull.es\" target=\"_blank\" rel=\"noopener\" target=\"_blank\" rel=\"noopener\">fguitian@ull.es<\/a><\/td>\n    <\/tr>\n    <tr>\n      <td class=\"hoverable fw-bold\" style=\"text-align:center; font-weight:bold;\">Coordinadores\/as Curso<\/td>\n      <td class=\"hoverable\" style=\"text-align:center;\">Antonio J. S\u00e1nchez Fern\u00e1ndez (1\u00ba)<br>M\u00aa del Mar Caballero Arencibia (2\u00ba)<br>Elisa D\u00edaz Gonz\u00e1lez (3\u00ba)<br>M\u00aa Fernanda Guiti\u00e1n Garre (4\u00ba)<\/td>\n      <td class=\"hoverable\" style=\"text-align:center;\"><a href=\"mailto:asanchez@ull.edu.es\" target=\"_blank\" rel=\"noopener\" target=\"_blank\" rel=\"noopener\">asanchez@ull.edu.es<\/a><br><a href=\"mailto:mmcaba@ull.es\" target=\"_blank\" rel=\"noopener\">mmcaba@ull.es<\/a><br><a href=\"mailto:ediazgon@ull.es\" target=\"_blank\" rel=\"noopener\">ediazgon@ull.es<\/a><br><a href=\"mailto:fguitian@ull.edu.es\" target=\"_blank\" rel=\"noopener noreferrer\" target=\"_blank\" rel=\"noopener\">fguitian@ull.edu.es<\/a><\/td>\n    <\/tr>\n    <tr>\n      <td class=\"hoverable fw-bold\" style=\"text-align:center; font-weight:bold;\">Coordinadora Pr\u00e1cticas Externas<\/td>\n      <td class=\"hoverable\" style=\"text-align:center;\">M\u00aa Fernanda Guiti\u00e1n Garre<\/td>\n      <td class=\"hoverable\" style=\"text-align:center;\"><a href=\"mailto:fguitian@ull.edu.es\" target=\"_blank\" rel=\"noopener noreferrer\" target=\"_blank\" rel=\"noopener\">fguitian@ull.edu.es<\/a><\/td>\n    <\/tr>\n    <tr>\n      <td class=\"hoverable fw-bold\" style=\"text-align:center; font-weight:bold;\">Coordinadora de Trabajo de Fin de Grado<\/td>\n      <td class=\"hoverable\" style=\"text-align:center;\">M\u00aa Isabel S\u00e1nchez Bonilla<\/td>\n      <td class=\"hoverable\" style=\"text-align:center;\"><a href=\"mailto:sbonilla@ull.es\" target=\"_blank\" rel=\"noopener\">sbonilla@ull.es<\/a><\/td>\n    <\/tr>\n    <tr>\n      <td class=\"hoverable fw-bold\" style=\"text-align:center; font-weight:bold; border-bottom-left-radius:1.5rem;\">Coordinadores Asignatura<\/td>\n      <td class=\"hoverable\" style=\"text-align:center;\">Ver Gu\u00edas Docentes de cada asignatura: <a href=\"https:\/\/www.ull.es\/apps\/guias\/guias\/view_degree\/Grado%20en%20Conservaci%C3%B3n%20y%20Restauraci%C3%B3n%20de%20Bienes%20Culturales\/\" target=\"_blank\" rel=\"noopener\" target=\"_blank\" rel=\"noopener\">portal eguia<\/a><\/td>\n      <td class=\"hoverable\" style=\"text-align:center; border-bottom-right-radius:1.5rem;\"><\/td>\n    <\/tr>\n  <\/tbody>\n<\/table>\n\n\n\n<div class=\"wp-block-stackable-spacer stk-block-spacer stk--no-padding stk-block stk-3585eff\" data-block-id=\"3585eff\"><\/div>\n\n\n\n<div class=\"wp-block-stackable-text stk-block-text stk-block stk-8214bb0\" data-block-id=\"8214bb0\"><p class=\"stk-block-text__text\">Las citadas estructuras se integran en las correspondientes comisiones del centro\/secci\u00f3n\/t\u00edtulo, las cuales establecen los mecanismos de funcionamiento mediante reuniones peri\u00f3dicas para realizar el an\u00e1lisis del desarrollo de la titulaci\u00f3n en sus diferentes niveles (titulaci\u00f3n, curso y asignatura).<\/p><\/div>\n\n\n\n<div class=\"wp-block-stackable-text stk-block-text stk-block stk-497caa4\" data-block-id=\"497caa4\"><p class=\"stk-block-text__text\">A trav\u00e9s de la coordinaci\u00f3n horizontal y vertical se garantiza, entre otras: la adecuada secuenciaci\u00f3n y planificaci\u00f3n temporal de las asignaturas, su contenido y sistema de&nbsp;evaluaci\u00f3n; se evita vac\u00edos, duplicidades y desajustes; y se distribuye de forma adecuada la carga de trabajo del alumnado para facilitar la adquisici\u00f3n de los resultados de&nbsp;aprendizaje.<\/p><\/div>\n\n\n\n<div class=\"wp-block-stackable-heading stk-block-heading stk-block-heading--v2 stk-block stk-35d5daf\" id=\"plan-de-coordinacion\" data-block-id=\"35d5daf\"><h2 class=\"stk-block-heading__text\">Plan de coordinaci\u00f3n<\/h2><\/div>\n\n\n\n<div class=\"wp-block-stackable-text stk-block-text stk-block stk-29ab786\" data-block-id=\"29ab786\"><p class=\"stk-block-text__text\">En los mecanismos de coordinaci\u00f3n del t\u00edtulo se establece un plan de reuniones que incluye dos convocatorias de reuniones por cuatrimestre, una al comienzo y otra al finalizar el mismo, implicando a todos los cursos de la titulaci\u00f3n. En el caso de las asignaturas del Practicum y del Trabajo Fin de Grado, se llevan a cabo reuniones de coordinaci\u00f3n convocadas por los respectivos coordinadores\/ras. Igualmente, en el caso de las asignaturas que son impartidas en m\u00e1s de un grupo y por m\u00e1s de un profesor, se establecen reuniones de coordinaci\u00f3n docente antes del inicio de las clases, en el periodo de redacci\u00f3n de las gu\u00edas docentes, y a lo largo del periodo lectivo. Las propuestas que emanan de las reuniones de coordinaci\u00f3n docente que afectan a la planificaci\u00f3n de la ense\u00f1anza, a la modificaci\u00f3n del plan de estudios o al plan de organizaci\u00f3n docente se debaten adem\u00e1s en las reuniones de la Comisi\u00f3n de Titulaci\u00f3n.<\/p><\/div>\n<\/div><\/div><\/div>\n<\/div><\/div>\n","protected":false},"excerpt":{"rendered":"<p>Coordinaci\u00f3n docente El t\u00edtulo cuenta con las estructuras de coordinaci\u00f3n necesarias en sus diferentes niveles para garantizar que se organiza y desarrolla de manera adecuada. As\u00ed, para articular&nbsp;la coordinaci\u00f3n horizontal y vertical a nivel titulaci\u00f3n, de acuerdo a lo establecido en la Memoria de Verificaci\u00f3n, se cuenta con las siguientes figuras: Cargo Nombre y Apellidos&#8230;<\/p>\n","protected":false},"author":1,"featured_media":0,"parent":252,"menu_order":6,"comment_status":"closed","ping_status":"closed","template":"templates\/template-frontpage.php","meta":{"footnotes":""},"class_list":["post-42","page","type-page","status-publish","hentry"],"_links":{"self":[{"href":"https:\/\/www.ull.es\/grados\/conservacion-restauracion-bienes-culturales\/wp-json\/wp\/v2\/pages\/42","targetHints":{"allow":["GET"]}}],"collection":[{"href":"https:\/\/www.ull.es\/grados\/conservacion-restauracion-bienes-culturales\/wp-json\/wp\/v2\/pages"}],"about":[{"href":"https:\/\/www.ull.es\/grados\/conservacion-restauracion-bienes-culturales\/wp-json\/wp\/v2\/types\/page"}],"author":[{"embeddable":true,"href":"https:\/\/www.ull.es\/grados\/conservacion-restauracion-bienes-culturales\/wp-json\/wp\/v2\/users\/1"}],"replies":[{"embeddable":true,"href":"https:\/\/www.ull.es\/grados\/conservacion-restauracion-bienes-culturales\/wp-json\/wp\/v2\/comments?post=42"}],"version-history":[{"count":26,"href":"https:\/\/www.ull.es\/grados\/conservacion-restauracion-bienes-culturales\/wp-json\/wp\/v2\/pages\/42\/revisions"}],"predecessor-version":[{"id":1385,"href":"https:\/\/www.ull.es\/grados\/conservacion-restauracion-bienes-culturales\/wp-json\/wp\/v2\/pages\/42\/revisions\/1385"}],"up":[{"embeddable":true,"href":"https:\/\/www.ull.es\/grados\/conservacion-restauracion-bienes-culturales\/wp-json\/wp\/v2\/pages\/252"}],"wp:attachment":[{"href":"https:\/\/www.ull.es\/grados\/conservacion-restauracion-bienes-culturales\/wp-json\/wp\/v2\/media?parent=42"}],"curies":[{"name":"wp","href":"https:\/\/api.w.org\/{rel}","templated":true}]}}