{"id":33,"date":"2017-06-28T12:48:33","date_gmt":"2017-06-28T12:48:33","guid":{"rendered":"http:\/\/www.ull.es\/masteres\/desarrollo-y-gestion-de-recursos-humanos\/?page_id=20"},"modified":"2025-12-16T07:50:34","modified_gmt":"2025-12-16T07:50:34","slug":"trabajo-fin-de-grado","status":"publish","type":"page","link":"https:\/\/www.ull.es\/grados\/contabilidad-finanzas\/en\/plan-de-estudios\/trabajo-fin-de-grado\/","title":{"rendered":"Final Degree Project"},"content":{"rendered":"\n<div class=\"wp-block-stackable-columns alignfull stk-block-columns stk-block stk-8657999\" data-block-id=\"8657999\"><style>.stk-8657999 {padding-bottom:0px !important;margin-top:-30px !important;margin-bottom:0px !important;}@media screen and (max-width: 767px){.stk-8657999 {margin-top:-10% !important;}}<\/style><div class=\"stk-row stk-inner-blocks stk-block-content stk-content-align stk-8657999-column alignfull\">\n<div class=\"wp-block-stackable-column stk-block-column stk-column stk-block stk-914f03e\" data-v=\"4\" data-block-id=\"914f03e\"><div class=\"stk-column-wrapper stk-block-column__content stk-container stk-914f03e-container stk--no-background stk--no-padding\"><div class=\"stk-block-content stk-inner-blocks stk-914f03e-inner-blocks\"><style id=\"depicter-1-inline-pre-css\">\n\n.depicter-1:not(.depicter-ready){\n\theight:500px;\n}\n\n\/***** Tablet *****\/\n@media screen and (max-width: 1024px){\n\n.depicter-1:not(.depicter-ready){\n\theight:700px;\n}\n\n}\n\/***** Mobile *****\/\n@media screen and (max-width: 767px){\n\n.depicter-1:not(.depicter-ready){\n\theight:360px;\n}\n\n}\n<\/style>\n<div id=\"depicter-1\" class=\"depicter depicter-document depicter-revert depicter-1 depicter-layout-fullwidth\">\n\n<div class=\"depicter-loading-container depicter-loading dotFlashing-dark\"><div class=\"depicter-loading-dark depicter-dot-flashing\">\n   <span><\/span>\n   <span><\/span>\n   <span><\/span>\n<\/div>\n<\/div>\n<div id=\"depicter-1-section-1\" class=\"depicter-section depicter-1-section-1\" data-name=\"Section 1\" data-type=\"section\" data-local-id=\"section-1\">\n<picture class=\"depicter-bg\">\n<source data-depicter-srcset=\"https:\/\/www.ull.es\/grados\/contabilidad-finanzas\/wp-content\/uploads\/sites\/32\/2025\/04\/Slider_Contabilidad_y_Finanzas-768x248.jpg, https:\/\/www.ull.es\/grados\/contabilidad-finanzas\/wp-content\/uploads\/sites\/32\/2025\/04\/Slider_Contabilidad_y_Finanzas.jpg 2x\" srcset=\"data:image\/gif;base64,R0lGODlhAQABAIAAAAAAAP\/\/\/yH5BAEAAAAALAAAAAABAAEAAAIBRAA7\" media=\"(max-width: 1024px)\" \/>\n\n<source data-depicter-srcset=\"https:\/\/www.ull.es\/grados\/contabilidad-finanzas\/wp-content\/uploads\/sites\/32\/2025\/04\/Slider_Contabilidad_y_Finanzas.jpg, https:\/\/www.ull.es\/grados\/contabilidad-finanzas\/wp-content\/uploads\/sites\/32\/2025\/04\/Slider_Contabilidad_y_Finanzas-1921x620.jpg 2x\" srcset=\"data:image\/gif;base64,R0lGODlhAQABAIAAAAAAAP\/\/\/yH5BAEAAAAALAAAAAABAAEAAAIBRAA7\" media=\"(min-width: 1025px)\" \/>\n<img decoding=\"async\" src=\"data:image\/gif;base64,R0lGODlhAQABAIAAAAAAAP\/\/\/yH5BAEAAAAALAAAAAABAAEAAAIBRAA7\" data-ken-burns=\"false\" data-tablet-ken-burns=\"false\" data-mobile-ken-burns=\"false\" alt=\"\" data-depicter-src=\"https:\/\/www.ull.es\/grados\/contabilidad-finanzas\/wp-content\/uploads\/sites\/32\/2025\/04\/Slider_Contabilidad_y_Finanzas.jpg\" data-object-fit=\"custom,custom,\" data-object-position=\"center top,,\" data-crop=\"{'focalPoint':{'x':0.5,'y':0.5},'mediaSize':{'width':1394.274193548387074770289473235607147216796875,'height':450}}\" data-tablet-crop=\"{'focalPoint':{'x':0.5,'y':0.5},'mediaSize':{'width':2168.87096774193560122512280941009521484375,'height':700.0000000000001136868377216160297393798828125}}\" data-mobile-crop=\"{'focalPoint':{'x':0.5,'y':0.5},'mediaSize':{'width':1115.41935483870975076570175588130950927734375,'height':360}}\" \/>\n<\/picture>\n\n\n<h1 id=\"depicter-1-element-5\" class=\"depicter-element depicter-layer depicter-1-element-5\" data-type=\"text\" data-wrap=\"true\" data-name=\"Text 2\" data-local-id=\"element-5\" data-offset=\"x:87px;y:149px;origin:tl\" data-tablet-offset=\"x:232px;y:293px;origin:tl\" data-mobile-offset=\"x:6px;y:-136px;origin:tl\" data-width=\"1027px,589px,348px\" data-height=\"auto,auto,auto\" data-responsive-scale=\"true,,\">Grado en Contabilidad y Finanzas<\/h1>\n\n<div id=\"depicter-1-element-10\" class=\"depicter-element depicter-layer depicter-1-element-10\" data-type=\"shape\" data-wrap=\"true\" data-name=\"Shape 1\" data-local-id=\"element-10\" data-offset=\"x:87px;y:362px;origin:tl\" data-tablet-offset=\"x:232px;y:426px;origin:tl\" data-mobile-offset=\"x:6px;y:15px;origin:tl\" data-width=\"968px,555px,309px\" data-height=\"8px,8px,8px\" data-responsive-scale=\"true,,\"><\/div>\n<\/div>\n<\/div>\n<script>\n(window.depicterSetups = window.depicterSetups || []).push(function(){\n\tDepicter.basePath = 'https:\/\/www.ull.es\/grados\/contabilidad-finanzas\/wp-content\/plugins\/depicter\/resources\/scripts\/player\/';\n\tconst dpPlayer = Depicter.setup('.depicter-1',\n\t\t{\"width\":[\"1200\",\"1024\",\"360\"],\"height\":[\"500\",\"700\",\"360\"],\"view\":\"basic\",\"keepAspectRatio\":true,\"preload\":0,\"layout\":\"fullwidth\",\"rtl\":false,\"initAfterAppear\":false,\"ajaxApiUrl\":\"https:\\\/\\\/www.ull.es\\\/grados\\\/contabilidad-finanzas\\\/wp-admin\\\/admin-ajax.php\",\"mouseSwipe\":true,\"touchSwipe\":true,\"useWatermark\":false}\n\t);\n});\n<\/script><\/div><\/div><\/div>\n<\/div><\/div>\n\n\n\n<div class=\"wp-block-stackable-columns alignfull stk-block-columns stk--hide-mobile stk-block stk-ceecbdc stk-block-background\" data-block-id=\"ceecbdc\"><style>.stk-ceecbdc {background-color:#360060 !important;padding-top:35px !important;padding-right:0px !important;padding-bottom:2px !important;padding-left:0px !important;margin-top:-20px !important;margin-bottom:70px !important;}.stk-ceecbdc:before{background-color:#360060 !important;}<\/style><div class=\"stk-row stk-inner-blocks stk-block-content stk-content-align stk-ceecbdc-column alignfull\">\n<div class=\"wp-block-stackable-column stk-block-column stk-column stk-block stk-fc60a5d\" data-v=\"4\" data-block-id=\"fc60a5d\"><div class=\"stk-column-wrapper stk-block-column__content stk-container stk-fc60a5d-container stk--no-background stk--no-padding\"><div class=\"stk-block-content stk-inner-blocks stk-fc60a5d-inner-blocks\">\n<div class=\"wp-block-stackable-spacer stk-block-spacer stk--no-padding stk-block stk-a3a8a68\" data-block-id=\"a3a8a68\"><style>.stk-a3a8a68 {height:0px !important;}<\/style><\/div>\n<\/div><\/div><\/div>\n<\/div><\/div>\n\n\n\n<div class=\"wp-block-stackable-columns stk-block-columns stk-block stk-8b59b96\" data-block-id=\"8b59b96\"><style>.stk-8b59b96 .stk--block-align-8b59b96{align-items:flex-start !important;}.stk-8b59b96 {margin-top:25px !important;}.stk-8b59b96-column{--stk-columns-spacing:0px !important;--stk-column-gap:50px !important;}@media screen and (max-width: 767px){.stk-8b59b96-column{row-gap:var(--stk--preset--spacing--60, 2.25rem) !important;}}<\/style><div class=\"stk-row stk-inner-blocks stk--block-align-8b59b96 stk-block-content stk-content-align stk-8b59b96-column\">\n<div class=\"wp-block-stackable-column stk-block-column stk-column stk-block stk-dbb7e15\" data-v=\"4\" data-block-id=\"dbb7e15\"><div class=\"stk-column-wrapper stk-block-column__content stk-container stk-dbb7e15-container stk--no-background stk--no-padding\"><div class=\"stk-block-content stk-inner-blocks stk-dbb7e15-inner-blocks\">\n<div class=\"wp-block-stackable-heading stk-block-heading stk-block-heading--v2 stk-block stk-689c258\" id=\"trabajo-de-fin-de-grado\" data-block-id=\"689c258\"><style>.stk-689c258 .stk-block-heading__text{color:#5c068c !important;}<\/style><h1 class=\"stk-block-heading__text has-text-color\">Trabajo de Fin de Grado<\/h1><\/div>\n\n\n\n<p>El Trabajo Fin de Grado es una asignatura obligatoria que consta de 12 cr\u00e9ditos que se cursar\u00e1 en el segundo cuatrimestre del cuarto curso de la titulaci\u00f3n. Consiste en el desarrollo de un Proyecto de iniciativa empresarial in\u00e9dita en el \u00e1mbito sectorial de la Contabilidad y Finanzas. Con ello, no s\u00f3lo se trata de cubrir las habilidades operativas y conceptuales relacionadas con el dise\u00f1o de un proyecto empresarial, sino de que el alumnado adquiera una serie de competencias de car\u00e1cter estrat\u00e9gico de cara a mejorar su grado de empleabilidad, tales como b\u00fasqueda, ordenaci\u00f3n y an\u00e1lisis de informaci\u00f3n, toma de decisiones individual y en grupo, empat\u00eda, comunicaci\u00f3n, liderazgo y motivaci\u00f3n y dise\u00f1o y elaboraci\u00f3n de proyectos y presentaciones.<\/p>\n\n\n\n<details class=\"wp-block-stackable-accordion stk-block-accordion stk-inner-blocks stk-block-content stk-block stk-fd58aad is-style-default\" id=\"organizacion-tfg\" data-block-id=\"fd58aad\"><style>.stk-fd58aad {border-style:solid !important;border-top-width:0px !important;border-right-width:0px !important;border-bottom-width:1px !important;border-left-width:0px !important;margin-bottom:10px !important;}<\/style>\n<summary class=\"wp-block-stackable-column stk-block-column stk-column stk-block stk-afc4b72 stk--container-small stk-block-accordion__heading\" data-v=\"4\" data-block-id=\"afc4b72\"><style>.stk-afc4b72 {padding-top:2px !important;padding-right:2px !important;padding-bottom:2px !important;padding-left:2px !important;}<\/style><div class=\"stk-column-wrapper stk-block-column__content stk-container stk-afc4b72-container stk--no-background stk--no-padding\"><div class=\"stk-block-content stk-inner-blocks stk-afc4b72-inner-blocks\">\n<div class=\"wp-block-stackable-icon-label stk-block-icon-label stk-block stk-9b9beb2\" data-block-id=\"9b9beb2\"><style>.stk-9b9beb2 .stk-inner-blocks{gap:39px !important;}@media screen and (max-width: 1023px){.stk-9b9beb2 .stk-inner-blocks{gap:39px !important;}}@media screen and (max-width: 767px){.stk-9b9beb2 .stk-inner-blocks{gap:39px !important;}}<\/style><div class=\"stk-row stk-inner-blocks stk-block-content\">\n<div class=\"wp-block-stackable-icon stk-block-icon stk-block stk-ab59f2f\" data-block-id=\"ab59f2f\"><style>.stk-ab59f2f .stk--svg-wrapper .stk--inner-svg svg:last-child{height:25px !important;width:25px !important;}.stk-ab59f2f .stk--svg-wrapper .stk--inner-svg svg:last-child, .stk-ab59f2f .stk--svg-wrapper .stk--inner-svg svg:last-child :is(g, path, rect, polygon, ellipse){fill:#5c068c !important;}<\/style><span class=\"stk--svg-wrapper stk--has-icon2\"><div class=\"stk--inner-svg\"><svg style=\"height:0;width:0\"><defs><linearGradient id=\"linear-gradient-ab59f2f\" x1=\"0\" x2=\"100%\" y1=\"0\" y2=\"0\"><stop offset=\"0%\" style=\"stop-opacity:1;stop-color:var(--linear-gradient-ab-59-f-2-f-color-1)\"><\/stop><stop offset=\"100%\" style=\"stop-opacity:1;stop-color:var(--linear-gradient-ab-59-f-2-f-color-2)\"><\/stop><\/linearGradient><\/defs><\/svg><svg xmlns=\"http:\/\/www.w3.org\/2000\/svg\" viewBox=\"0 0 640 512\" aria-hidden=\"true\" width=\"32\" height=\"32\"><path d=\"M320 32c-8.1 0-16.1 1.4-23.7 4.1L15.8 137.4C6.3 140.9 0 149.9 0 160s6.3 19.1 15.8 22.6l57.9 20.9C57.3 229.3 48 259.8 48 291.9v28.1c0 28.4-10.8 57.7-22.3 80.8c-6.5 13-13.9 25.8-22.5 37.6C0 442.7-.9 448.3 .9 453.4s6 8.9 11.2 10.2l64 16c4.2 1.1 8.7 .3 12.4-2s6.3-6.1 7.1-10.4c8.6-42.8 4.3-81.2-2.1-108.7C90.3 344.3 86 329.8 80 316.5V291.9c0-30.2 10.2-58.7 27.9-81.5c12.9-15.5 29.6-28 49.2-35.7l157-61.7c8.2-3.2 17.5 .8 20.7 9s-.8 17.5-9 20.7l-157 61.7c-12.4 4.9-23.3 12.4-32.2 21.6l159.6 57.6c7.6 2.7 15.6 4.1 23.7 4.1s16.1-1.4 23.7-4.1L624.2 182.6c9.5-3.4 15.8-12.5 15.8-22.6s-6.3-19.1-15.8-22.6L343.7 36.1C336.1 33.4 328.1 32 320 32zM128 408c0 35.3 86 72 192 72s192-36.7 192-72L496.7 262.6 354.5 314c-11.1 4-22.8 6-34.5 6s-23.5-2-34.5-6L143.3 262.6 128 408z\"><\/path><\/svg><\/div><div class=\"stk--inner-svg stk--icon-2\" style=\"display:none\"><svg style=\"height:0;width:0\"><defs><linearGradient id=\"linear-gradient-ab59f2f\" x1=\"0\" x2=\"100%\" y1=\"0\" y2=\"0\"><stop offset=\"0%\" style=\"stop-opacity:1;stop-color:var(--linear-gradient-ab-59-f-2-f-color-1)\"><\/stop><stop offset=\"100%\" style=\"stop-opacity:1;stop-color:var(--linear-gradient-ab-59-f-2-f-color-2)\"><\/stop><\/linearGradient><\/defs><\/svg><svg xmlns=\"http:\/\/www.w3.org\/2000\/svg\" viewBox=\"0 0 448 512\" aria-hidden=\"true\" width=\"32\" height=\"32\"><path d=\"M219.3 .5c3.1-.6 6.3-.6 9.4 0l200 40C439.9 42.7 448 52.6 448 64s-8.1 21.3-19.3 23.5L352 102.9V160c0 70.7-57.3 128-128 128s-128-57.3-128-128V102.9L48 93.3v65.1l15.7 78.4c.9 4.7-.3 9.6-3.3 13.3s-7.6 5.9-12.4 5.9H16c-4.8 0-9.3-2.1-12.4-5.9s-4.3-8.6-3.3-13.3L16 158.4V86.6C6.5 83.3 0 74.3 0 64C0 52.6 8.1 42.7 19.3 40.5l200-40zM111.9 327.7c10.5-3.4 21.8 .4 29.4 8.5l71 75.5c6.3 6.7 17 6.7 23.3 0l71-75.5c7.6-8.1 18.9-11.9 29.4-8.5C401 348.6 448 409.4 448 481.3c0 17-13.8 30.7-30.7 30.7H30.7C13.8 512 0 498.2 0 481.3c0-71.9 47-132.7 111.9-153.6z\"><\/path><\/svg><\/div><\/span><\/div>\n\n\n\n<div class=\"wp-block-stackable-heading stk-block-heading stk-block-heading--v2 stk-block stk-7068a70\" id=\"span-style-color-000000-class-stk-highlight-organizacion-del-tfg-span\" data-block-id=\"7068a70\"><style>.stk-7068a70 .stk-block-heading__text{color:#000000 !important;font-weight:500 !important;font-family:\"ArgentumSans\", Sans-serif !important;}<\/style><h4 class=\"stk-block-heading__text has-text-color\"><span style=\"color: #000000;\" class=\"stk-highlight\">Organizaci\u00f3n del TFG<\/span><\/h4><\/div>\n<\/div><\/div>\n<\/div><\/div><\/summary>\n\n\n\n<div class=\"wp-block-stackable-column stk-block-column stk-column stk-block stk-d32b351 stk-block-accordion__content\" data-v=\"4\" data-block-id=\"d32b351\"><style>.stk-d32b351 {margin-top:-30px !important;}<\/style><div class=\"stk-column-wrapper stk-block-column__content stk-container stk-d32b351-container stk--no-background stk--no-padding\"><div class=\"stk-block-content stk-inner-blocks stk-d32b351-inner-blocks\">\n<p>En este sentido, el Trabajo Fin de Grado estar\u00e1 organizado de la siguiente forma:<\/p>\n\n\n\n<style>\n.hoverable {\n  transition: transform 0.3s, box-shadow 0.3s;\n  cursor: pointer;\n}\n.hoverable:hover {\n  transform: scale(1.02);\n  box-shadow: 0 0.5rem 1rem rgba(0,0,0,0.25);\n  \/* Mantiene el color de fondo original *\/\n}\n<\/style>\n\n<!-- Tabla general con estilo similar -->\n<table class=\"table table-bordered table-striped align-middle text-center shadow-sm rounded overflow-hidden table-hover-effect\" style=\"border-collapse: separate; border-spacing: 0; box-shadow: 0 0.5rem 1rem rgba(0,0,0,0.15); border-radius:2rem; width:100%;\">\n  <tbody>\n    <tr style=\"background-color:#360060; color:#fff;\">\n      <td class=\"hoverable fw-bold\" style=\"width:30%; border-top-left-radius: 1.5rem; font-weight:bold;\">Clase presencial<\/td>\n      <td class=\"hoverable\" style=\"font-weight:bold;\">Emprendedur\u00eda e innovaci\u00f3n en empresas financieras y de servicios<\/td>\n      <td class=\"hoverable\" style=\"border-top-right-radius: 1.5rem; font-weight:bold;\">60 horas<\/td>\n    <\/tr>\n    <tr style=\"background-color:#f8f9fa;\">\n      <td class=\"hoverable fw-bold\" style=\"font-weight:bold;\">Tutor\u00edas acad\u00e9micas<\/td>\n      <td class=\"hoverable\">&#8211;<\/td>\n      <td class=\"hoverable\">15 horas<\/td>\n    <\/tr>\n    <tr style=\"background-color:#fff;\">\n      <td class=\"hoverable fw-bold\" style=\"font-weight:bold;\">Exposici\u00f3n Oral<\/td>\n      <td class=\"hoverable\">&#8211;<\/td>\n      <td class=\"hoverable\">5 horas<\/td>\n    <\/tr>\n    <tr style=\"background-color:#f8f9fa;\">\n      <td class=\"hoverable fw-bold\" style=\"border-bottom-left-radius: 1.5rem; font-weight:bold;\">Trabajo aut\u00f3nomo<\/td>\n      <td class=\"hoverable\">&#8211;<\/td>\n      <td class=\"hoverable\" style=\"border-bottom-right-radius: 1.5rem;\">220 horas<\/td>\n    <\/tr>\n  <\/tbody>\n<\/table>\n\n\n\n<p>Los objetivos de la asignatura \u201cEmprendedur\u00eda e innovaci\u00f3n en empresas financieras y de servicios\u201d ser\u00e1n los siguientes:<\/p>\n\n\n\n<ul class=\"wp-block-list\">\n<li>Conocer el proceso y la metodolog\u00eda para la generaci\u00f3n y conceptualizaci\u00f3n de ideas empresariales innovadoras. Valorar una cultura innovadora, abierta y colaborativa.<\/li>\n\n\n\n<li>Adquirir las habilidades para llevar a cabo planes de negocio en el sector financiero.<\/li>\n\n\n\n<li>Analizar las potencialidades que las PYMEs financieras presentan en relaci\u00f3n con el aprovechamiento de nuevas oportunidades de inversi\u00f3n en el sector.<\/li>\n\n\n\n<li>Adquirir los valores y actitudes necesarias para el desarrollo de la innovaci\u00f3n empresarial: curiosidad, apertura al exterior, colaboraci\u00f3n a todos los niveles, compartir y participar en redes, b\u00fasqueda continua de fuentes de inspiraci\u00f3n, hibridaci\u00f3n entre sectores,\u2026<\/li>\n\n\n\n<li>Adquirir la capacidad de dise\u00f1ar y aplicar herramientas para la gesti\u00f3n de la innovaci\u00f3n y la emprendedur\u00eda en el \u00e1mbito empresarial y organizacional del sector financiero.<\/li>\n\n\n\n<li>Reflexionar sobre la experiencia, \u00e9xitos y errores, de empresas y emprendedores del sector financiero, a nivel nacional e internacional.<\/li>\n<\/ul>\n\n\n\n<p><a href=\"https:\/\/www.ull.es\/apps\/guias\/guias\/view_guide\/25505\/\" target=\"_blank\" rel=\"noreferrer noopener\" target=\"_blank\" rel=\"noopener\"><strong>Gu\u00eda docente<\/strong><\/a><\/p>\n<\/div><\/div><\/div>\n<\/details>\n\n\n\n<details class=\"wp-block-stackable-accordion stk-block-accordion stk-inner-blocks stk-block-content stk-block stk-2872a21 is-style-default\" id=\"normativa\" data-block-id=\"2872a21\"><style>.stk-2872a21 {border-style:solid !important;border-top-width:0px !important;border-right-width:0px !important;border-bottom-width:1px !important;border-left-width:0px !important;margin-bottom:10px !important;}<\/style>\n<summary class=\"wp-block-stackable-column stk-block-column stk-column stk-block stk-b0e3464 stk--container-small stk-block-accordion__heading\" data-v=\"4\" data-block-id=\"b0e3464\"><style>.stk-b0e3464 {padding-top:2px !important;padding-right:2px !important;padding-bottom:2px !important;padding-left:2px !important;}<\/style><div class=\"stk-column-wrapper stk-block-column__content stk-container stk-b0e3464-container stk--no-background stk--no-padding\"><div class=\"stk-block-content stk-inner-blocks stk-b0e3464-inner-blocks\">\n<div class=\"wp-block-stackable-icon-label stk-block-icon-label stk-block stk-dbd05d5\" data-block-id=\"dbd05d5\"><style>.stk-dbd05d5 .stk-inner-blocks{gap:39px !important;}@media screen and (max-width: 1023px){.stk-dbd05d5 .stk-inner-blocks{gap:39px !important;}}@media screen and (max-width: 767px){.stk-dbd05d5 .stk-inner-blocks{gap:39px !important;}}<\/style><div class=\"stk-row stk-inner-blocks stk-block-content\">\n<div class=\"wp-block-stackable-icon stk-block-icon stk-block stk-8fae645\" data-block-id=\"8fae645\"><style>.stk-8fae645 .stk--svg-wrapper .stk--inner-svg svg:last-child{height:25px !important;width:25px !important;}.stk-8fae645 .stk--svg-wrapper .stk--inner-svg svg:last-child, .stk-8fae645 .stk--svg-wrapper .stk--inner-svg svg:last-child :is(g, path, rect, polygon, ellipse){fill:#5c068c !important;}<\/style><span class=\"stk--svg-wrapper stk--has-icon2\"><div class=\"stk--inner-svg\"><svg style=\"height:0;width:0\"><defs><linearGradient id=\"linear-gradient-8fae645\" x1=\"0\" x2=\"100%\" y1=\"0\" y2=\"0\"><stop offset=\"0%\" style=\"stop-opacity:1;stop-color:var(--linear-gradient-8-fae-645-color-1)\"><\/stop><stop offset=\"100%\" style=\"stop-opacity:1;stop-color:var(--linear-gradient-8-fae-645-color-2)\"><\/stop><\/linearGradient><\/defs><\/svg><svg xmlns=\"http:\/\/www.w3.org\/2000\/svg\" viewBox=\"0 0 448 512\" aria-hidden=\"true\" width=\"32\" height=\"32\"><path d=\"M96 0C43 0 0 43 0 96V416c0 53 43 96 96 96H384h32c17.7 0 32-14.3 32-32s-14.3-32-32-32V384c17.7 0 32-14.3 32-32V32c0-17.7-14.3-32-32-32H384 96zm0 384H352v64H96c-17.7 0-32-14.3-32-32s14.3-32 32-32zm32-240c0-8.8 7.2-16 16-16H336c8.8 0 16 7.2 16 16s-7.2 16-16 16H144c-8.8 0-16-7.2-16-16zm16 48H336c8.8 0 16 7.2 16 16s-7.2 16-16 16H144c-8.8 0-16-7.2-16-16s7.2-16 16-16z\"><\/path><\/svg><\/div><div class=\"stk--inner-svg stk--icon-2\" style=\"display:none\"><svg style=\"height:0;width:0\"><defs><linearGradient id=\"linear-gradient-8fae645\" x1=\"0\" x2=\"100%\" y1=\"0\" y2=\"0\"><stop offset=\"0%\" style=\"stop-opacity:1;stop-color:var(--linear-gradient-8-fae-645-color-1)\"><\/stop><stop offset=\"100%\" style=\"stop-opacity:1;stop-color:var(--linear-gradient-8-fae-645-color-2)\"><\/stop><\/linearGradient><\/defs><\/svg><svg xmlns=\"http:\/\/www.w3.org\/2000\/svg\" viewBox=\"0 0 576 512\" aria-hidden=\"true\" width=\"32\" height=\"32\"><path d=\"M249.6 471.5c10.8 3.8 22.4-4.1 22.4-15.5V78.6c0-4.2-1.6-8.4-5-11C247.4 52 202.4 32 144 32C93.5 32 46.3 45.3 18.1 56.1C6.8 60.5 0 71.7 0 83.8V454.1c0 11.9 12.8 20.2 24.1 16.5C55.6 460.1 105.5 448 144 448c33.9 0 79 14 105.6 23.5zm76.8 0C353 462 398.1 448 432 448c38.5 0 88.4 12.1 119.9 22.6c11.3 3.8 24.1-4.6 24.1-16.5V83.8c0-12.1-6.8-23.3-18.1-27.6C529.7 45.3 482.5 32 432 32c-58.4 0-103.4 20-123 35.6c-3.3 2.6-5 6.8-5 11V456c0 11.4 11.7 19.3 22.4 15.5z\"><\/path><\/svg><\/div><\/span><\/div>\n\n\n\n<div class=\"wp-block-stackable-heading stk-block-heading stk-block-heading--v2 stk-block stk-7540deb\" id=\"span-style-color-000000-class-stk-highlight-normativa-span\" data-block-id=\"7540deb\"><style>.stk-7540deb .stk-block-heading__text{color:#000000 !important;font-weight:500 !important;font-family:\"ArgentumSans\", Sans-serif !important;}<\/style><h4 class=\"stk-block-heading__text has-text-color\"><span style=\"color: #000000;\" class=\"stk-highlight\">Normativa<\/span><\/h4><\/div>\n<\/div><\/div>\n<\/div><\/div><\/summary>\n\n\n\n<div class=\"wp-block-stackable-column stk-block-column stk-column stk-block stk-e3d9929 stk-block-accordion__content\" data-v=\"4\" data-block-id=\"e3d9929\"><style>.stk-e3d9929 {margin-top:-30px !important;}<\/style><div class=\"stk-column-wrapper stk-block-column__content stk-container stk-e3d9929-container stk--no-background stk--no-padding\"><div class=\"stk-block-content stk-inner-blocks stk-e3d9929-inner-blocks\">\n<p><a href=\"https:\/\/riull.ull.es\/xmlui\/bitstream\/handle\/915\/8218\/Modificaci%c3%b3n%20del%20Reglamento%20de%20TFG%20ULL%20diciembre%20de%202020.pdf?sequence=3&amp;isAllowed=y\" target=\"_blank\" rel=\"noreferrer noopener\" target=\"_blank\" rel=\"noopener\">Reglamento de la Asignatura \u201cTrabajo Fin de Grado\u201d de la Universidad de La Laguna (Aprobado en la sesi\u00f3n de Consejo de Gobierno de 18\/12\/2020)<\/a><\/p>\n\n\n\n<p><a href=\"https:\/\/drive.google.com\/open?id=1WioigMDeSK9LkGYLtFk2TEoLIAvlqMOL\" target=\"_blank\" rel=\"noreferrer noopener\" target=\"_blank\" rel=\"noopener\">Normas de presentaci\u00f3n de Trabajo de Fin de Grado en Contabilidad y Finanzas&nbsp;<\/a><\/p>\n<\/div><\/div><\/div>\n<\/details>\n<\/div><\/div><\/div>\n<\/div><\/div>\n","protected":false},"excerpt":{"rendered":"<p>Trabajo de Fin de Grado El Trabajo Fin de Grado es una asignatura obligatoria que consta de 12 cr\u00e9ditos que se cursar\u00e1 en el segundo cuatrimestre del cuarto curso de la titulaci\u00f3n. Consiste en el desarrollo de un Proyecto de iniciativa empresarial in\u00e9dita en el \u00e1mbito sectorial de la Contabilidad y Finanzas. Con ello, no&#8230;<\/p>","protected":false},"author":1,"featured_media":0,"parent":270,"menu_order":3,"comment_status":"closed","ping_status":"closed","template":"templates\/template-frontpage.php","meta":{"footnotes":""},"class_list":["post-33","page","type-page","status-publish","hentry"],"_links":{"self":[{"href":"https:\/\/www.ull.es\/grados\/contabilidad-finanzas\/en\/wp-json\/wp\/v2\/pages\/33","targetHints":{"allow":["GET"]}}],"collection":[{"href":"https:\/\/www.ull.es\/grados\/contabilidad-finanzas\/en\/wp-json\/wp\/v2\/pages"}],"about":[{"href":"https:\/\/www.ull.es\/grados\/contabilidad-finanzas\/en\/wp-json\/wp\/v2\/types\/page"}],"author":[{"embeddable":true,"href":"https:\/\/www.ull.es\/grados\/contabilidad-finanzas\/en\/wp-json\/wp\/v2\/users\/1"}],"replies":[{"embeddable":true,"href":"https:\/\/www.ull.es\/grados\/contabilidad-finanzas\/en\/wp-json\/wp\/v2\/comments?post=33"}],"version-history":[{"count":19,"href":"https:\/\/www.ull.es\/grados\/contabilidad-finanzas\/en\/wp-json\/wp\/v2\/pages\/33\/revisions"}],"predecessor-version":[{"id":1200,"href":"https:\/\/www.ull.es\/grados\/contabilidad-finanzas\/en\/wp-json\/wp\/v2\/pages\/33\/revisions\/1200"}],"up":[{"embeddable":true,"href":"https:\/\/www.ull.es\/grados\/contabilidad-finanzas\/en\/wp-json\/wp\/v2\/pages\/270"}],"wp:attachment":[{"href":"https:\/\/www.ull.es\/grados\/contabilidad-finanzas\/en\/wp-json\/wp\/v2\/media?parent=33"}],"curies":[{"name":"wp","href":"https:\/\/api.w.org\/{rel}","templated":true}]}}