{"id":292,"date":"2017-07-11T13:43:14","date_gmt":"2017-07-11T13:43:14","guid":{"rendered":"http:\/\/www.ull.es\/masteres\/desarrollo-y-gestion-de-recursos-humanos\/?page_id=292"},"modified":"2025-12-15T14:03:05","modified_gmt":"2025-12-15T14:03:05","slug":"recursos-materiales-e-infraestructuras","status":"publish","type":"page","link":"https:\/\/www.ull.es\/grados\/contabilidad-finanzas\/profesorado-y-recursos\/recursos-materiales-e-infraestructuras\/","title":{"rendered":"Recursos materiales e infraestructuras"},"content":{"rendered":"\n<div class=\"wp-block-stackable-columns alignfull stk-block-columns stk-block stk-8657999\" data-block-id=\"8657999\"><style>.stk-8657999 {padding-bottom:0px !important;margin-top:-30px !important;margin-bottom:0px !important;}@media screen and (max-width: 767px){.stk-8657999 {margin-top:-10% !important;}}<\/style><div class=\"stk-row stk-inner-blocks stk-block-content stk-content-align stk-8657999-column alignfull\">\n<div class=\"wp-block-stackable-column stk-block-column stk-column stk-block stk-914f03e\" data-v=\"4\" data-block-id=\"914f03e\"><div class=\"stk-column-wrapper stk-block-column__content stk-container stk-914f03e-container stk--no-background stk--no-padding\"><div class=\"stk-block-content stk-inner-blocks stk-914f03e-inner-blocks\"><style id=\"depicter-1-inline-pre-css\">\n\n.depicter-1:not(.depicter-ready){\n\theight:500px;\n}\n\n\/***** Tablet *****\/\n@media screen and (max-width: 1024px){\n\n.depicter-1:not(.depicter-ready){\n\theight:700px;\n}\n\n}\n\/***** Mobile *****\/\n@media screen and (max-width: 767px){\n\n.depicter-1:not(.depicter-ready){\n\theight:360px;\n}\n\n}\n<\/style>\n<div id=\"depicter-1\" class=\"depicter depicter-document depicter-revert depicter-1 depicter-layout-fullwidth\">\n\n<div class=\"depicter-loading-container depicter-loading dotFlashing-dark\"><div class=\"depicter-loading-dark depicter-dot-flashing\">\n   <span><\/span>\n   <span><\/span>\n   <span><\/span>\n<\/div>\n<\/div>\n<div id=\"depicter-1-section-1\" class=\"depicter-section depicter-1-section-1\" data-name=\"Section 1\" data-type=\"section\" data-local-id=\"section-1\">\n<picture class=\"depicter-bg\">\n<source data-depicter-srcset=\"https:\/\/www.ull.es\/grados\/contabilidad-finanzas\/wp-content\/uploads\/sites\/32\/2025\/04\/Slider_Contabilidad_y_Finanzas-768x248.jpg, https:\/\/www.ull.es\/grados\/contabilidad-finanzas\/wp-content\/uploads\/sites\/32\/2025\/04\/Slider_Contabilidad_y_Finanzas.jpg 2x\" srcset=\"data:image\/gif;base64,R0lGODlhAQABAIAAAAAAAP\/\/\/yH5BAEAAAAALAAAAAABAAEAAAIBRAA7\" media=\"(max-width: 1024px)\" \/>\n\n<source data-depicter-srcset=\"https:\/\/www.ull.es\/grados\/contabilidad-finanzas\/wp-content\/uploads\/sites\/32\/2025\/04\/Slider_Contabilidad_y_Finanzas.jpg, https:\/\/www.ull.es\/grados\/contabilidad-finanzas\/wp-content\/uploads\/sites\/32\/2025\/04\/Slider_Contabilidad_y_Finanzas-1921x620.jpg 2x\" srcset=\"data:image\/gif;base64,R0lGODlhAQABAIAAAAAAAP\/\/\/yH5BAEAAAAALAAAAAABAAEAAAIBRAA7\" media=\"(min-width: 1025px)\" \/>\n<img decoding=\"async\" src=\"data:image\/gif;base64,R0lGODlhAQABAIAAAAAAAP\/\/\/yH5BAEAAAAALAAAAAABAAEAAAIBRAA7\" data-ken-burns=\"false\" data-tablet-ken-burns=\"false\" data-mobile-ken-burns=\"false\" alt=\"\" data-depicter-src=\"https:\/\/www.ull.es\/grados\/contabilidad-finanzas\/wp-content\/uploads\/sites\/32\/2025\/04\/Slider_Contabilidad_y_Finanzas.jpg\" data-object-fit=\"custom,custom,\" data-object-position=\"center top,,\" data-crop=\"{'focalPoint':{'x':0.5,'y':0.5},'mediaSize':{'width':1394.274193548387074770289473235607147216796875,'height':450}}\" data-tablet-crop=\"{'focalPoint':{'x':0.5,'y':0.5},'mediaSize':{'width':2168.87096774193560122512280941009521484375,'height':700.0000000000001136868377216160297393798828125}}\" data-mobile-crop=\"{'focalPoint':{'x':0.5,'y':0.5},'mediaSize':{'width':1115.41935483870975076570175588130950927734375,'height':360}}\" \/>\n<\/picture>\n\n\n<h1 id=\"depicter-1-element-5\" class=\"depicter-element depicter-layer depicter-1-element-5\" data-type=\"text\" data-wrap=\"true\" data-name=\"Text 2\" data-local-id=\"element-5\" data-offset=\"x:87px;y:149px;origin:tl\" data-tablet-offset=\"x:232px;y:293px;origin:tl\" data-mobile-offset=\"x:6px;y:-136px;origin:tl\" data-width=\"1027px,589px,348px\" data-height=\"auto,auto,auto\" data-responsive-scale=\"true,,\">Grado en Contabilidad y Finanzas<\/h1>\n\n<div id=\"depicter-1-element-10\" class=\"depicter-element depicter-layer depicter-1-element-10\" data-type=\"shape\" data-wrap=\"true\" data-name=\"Shape 1\" data-local-id=\"element-10\" data-offset=\"x:87px;y:362px;origin:tl\" data-tablet-offset=\"x:232px;y:426px;origin:tl\" data-mobile-offset=\"x:6px;y:15px;origin:tl\" data-width=\"968px,555px,309px\" data-height=\"8px,8px,8px\" data-responsive-scale=\"true,,\"><\/div>\n<\/div>\n<\/div>\n<script>\n(window.depicterSetups = window.depicterSetups || []).push(function(){\n\tDepicter.basePath = 'https:\/\/www.ull.es\/grados\/contabilidad-finanzas\/wp-content\/plugins\/depicter\/resources\/scripts\/player\/';\n\tconst dpPlayer = Depicter.setup('.depicter-1',\n\t\t{\"width\":[\"1200\",\"1024\",\"360\"],\"height\":[\"500\",\"700\",\"360\"],\"view\":\"basic\",\"keepAspectRatio\":true,\"preload\":0,\"layout\":\"fullwidth\",\"rtl\":false,\"initAfterAppear\":false,\"ajaxApiUrl\":\"https:\\\/\\\/www.ull.es\\\/grados\\\/contabilidad-finanzas\\\/wp-admin\\\/admin-ajax.php\",\"mouseSwipe\":true,\"touchSwipe\":true,\"useWatermark\":false}\n\t);\n});\n<\/script><\/div><\/div><\/div>\n<\/div><\/div>\n\n\n\n<div class=\"wp-block-stackable-columns alignfull stk-block-columns stk--hide-mobile stk-block stk-ceecbdc stk-block-background\" data-block-id=\"ceecbdc\"><style>.stk-ceecbdc {background-color:#360060 !important;padding-top:35px !important;padding-right:0px !important;padding-bottom:2px !important;padding-left:0px !important;margin-top:-20px !important;margin-bottom:70px !important;}.stk-ceecbdc:before{background-color:#360060 !important;}<\/style><div class=\"stk-row stk-inner-blocks stk-block-content stk-content-align stk-ceecbdc-column alignfull\">\n<div class=\"wp-block-stackable-column stk-block-column stk-column stk-block stk-fc60a5d\" data-v=\"4\" data-block-id=\"fc60a5d\"><div class=\"stk-column-wrapper stk-block-column__content stk-container stk-fc60a5d-container stk--no-background stk--no-padding\"><div class=\"stk-block-content stk-inner-blocks stk-fc60a5d-inner-blocks\">\n<div class=\"wp-block-stackable-spacer stk-block-spacer stk--no-padding stk-block stk-a3a8a68\" data-block-id=\"a3a8a68\"><style>.stk-a3a8a68 {height:0px !important;}<\/style><\/div>\n<\/div><\/div><\/div>\n<\/div><\/div>\n\n\n\n<div class=\"wp-block-stackable-columns stk-block-columns stk-block stk-8b59b96\" data-block-id=\"8b59b96\"><style>.stk-8b59b96 .stk--block-align-8b59b96{align-items:flex-start !important;}.stk-8b59b96 {margin-top:25px !important;}.stk-8b59b96-column{--stk-columns-spacing:0px !important;--stk-column-gap:50px !important;}@media screen and (max-width: 767px){.stk-8b59b96-column{row-gap:var(--stk--preset--spacing--60, 2.25rem) !important;}}<\/style><div class=\"stk-row stk-inner-blocks stk--block-align-8b59b96 stk-block-content stk-content-align stk-8b59b96-column\">\n<div class=\"wp-block-stackable-column stk-block-column stk-column stk-block stk-dbb7e15\" data-v=\"4\" data-block-id=\"dbb7e15\"><div class=\"stk-column-wrapper stk-block-column__content stk-container stk-dbb7e15-container stk--no-background stk--no-padding\"><div class=\"stk-block-content stk-inner-blocks stk-dbb7e15-inner-blocks\">\n<div class=\"wp-block-stackable-heading stk-block-heading stk-block-heading--v2 stk-block stk-689c258\" id=\"recursos-materiales-e-infraestructuras\" data-block-id=\"689c258\"><style>.stk-689c258 .stk-block-heading__text{color:#5c068c !important;}<\/style><h1 class=\"stk-block-heading__text has-text-color\">Recursos materiales e infraestructuras<\/h1><\/div>\n\n\n\n<p>La titulaci\u00f3n dispone de los espacios y los equipamientos necesarios propios del centro\/secci\u00f3n a la que est\u00e1 adscrita, disponiendo de las aulas, los seminarios, laboratorios y dem\u00e1s recursos materiales asignados a la docencia te\u00f3rica y pr\u00e1ctica del t\u00edtulo, de distinta capacidad en funci\u00f3n de las actividades formativas que en ellas se desarrollan y del tama\u00f1o medio del grupo.<\/p>\n\n\n\n<p>Adem\u00e1s, se cuenta con los espacios generales del centro\/secci\u00f3n para llevar a cabo el resto de actividades: sal\u00f3n de actos, aulas de inform\u00e1tica, salas de estudio, biblioteca, etc.<\/p>\n\n\n\n<details class=\"wp-block-stackable-accordion stk-block-accordion stk-inner-blocks stk-block-content stk-block stk-9d40cce is-style-default\" id=\"infraestructuras-seccion\" data-block-id=\"9d40cce\"><style>.stk-9d40cce {border-style:solid !important;border-top-width:0px !important;border-right-width:0px !important;border-bottom-width:1px !important;border-left-width:0px !important;margin-bottom:8px !important;}<\/style>\n<summary class=\"wp-block-stackable-column stk-block-column stk-column stk-block stk-ef7f17a stk--container-small stk-block-accordion__heading\" data-v=\"4\" data-block-id=\"ef7f17a\"><style>.stk-ef7f17a {padding-top:2px !important;padding-right:2px !important;padding-bottom:2px !important;padding-left:2px !important;}<\/style><div class=\"stk-column-wrapper stk-block-column__content stk-container stk-ef7f17a-container stk--no-background stk--no-padding\"><div class=\"stk-block-content stk-inner-blocks stk-ef7f17a-inner-blocks\">\n<div class=\"wp-block-stackable-icon-label stk-block-icon-label stk-block stk-da3b93e\" data-block-id=\"da3b93e\"><style>.stk-da3b93e .stk-inner-blocks{gap:39px !important;}@media screen and (max-width: 1023px){.stk-da3b93e .stk-inner-blocks{gap:39px !important;}}@media screen and (max-width: 767px){.stk-da3b93e .stk-inner-blocks{gap:39px !important;}}<\/style><div class=\"stk-row stk-inner-blocks stk-block-content\">\n<div class=\"wp-block-stackable-icon stk-block-icon stk-block stk-8c84b2d\" data-block-id=\"8c84b2d\"><style>.stk-8c84b2d .stk--svg-wrapper .stk--inner-svg svg:last-child{height:25px !important;width:25px !important;}.stk-8c84b2d .stk--svg-wrapper .stk--inner-svg svg:last-child, .stk-8c84b2d .stk--svg-wrapper .stk--inner-svg svg:last-child :is(g, path, rect, polygon, ellipse){fill:#5c068c !important;}<\/style><span class=\"stk--svg-wrapper stk--has-icon2\"><div class=\"stk--inner-svg\"><svg style=\"height:0;width:0\"><defs><linearGradient id=\"linear-gradient-8c84b2d\" x1=\"0\" x2=\"100%\" y1=\"0\" y2=\"0\"><stop offset=\"0%\" style=\"stop-opacity:1;stop-color:var(--linear-gradient-8-c-84-b-2-d-color-1)\"><\/stop><stop offset=\"100%\" style=\"stop-opacity:1;stop-color:var(--linear-gradient-8-c-84-b-2-d-color-2)\"><\/stop><\/linearGradient><\/defs><\/svg><svg xmlns=\"http:\/\/www.w3.org\/2000\/svg\" viewBox=\"0 0 384 512\" aria-hidden=\"true\" width=\"32\" height=\"32\"><path d=\"M48 0C21.5 0 0 21.5 0 48V464c0 26.5 21.5 48 48 48h96V432c0-26.5 21.5-48 48-48s48 21.5 48 48v80h96c26.5 0 48-21.5 48-48V48c0-26.5-21.5-48-48-48H48zM64 240c0-8.8 7.2-16 16-16h32c8.8 0 16 7.2 16 16v32c0 8.8-7.2 16-16 16H80c-8.8 0-16-7.2-16-16V240zm112-16h32c8.8 0 16 7.2 16 16v32c0 8.8-7.2 16-16 16H176c-8.8 0-16-7.2-16-16V240c0-8.8 7.2-16 16-16zm80 16c0-8.8 7.2-16 16-16h32c8.8 0 16 7.2 16 16v32c0 8.8-7.2 16-16 16H272c-8.8 0-16-7.2-16-16V240zM80 96h32c8.8 0 16 7.2 16 16v32c0 8.8-7.2 16-16 16H80c-8.8 0-16-7.2-16-16V112c0-8.8 7.2-16 16-16zm80 16c0-8.8 7.2-16 16-16h32c8.8 0 16 7.2 16 16v32c0 8.8-7.2 16-16 16H176c-8.8 0-16-7.2-16-16V112zM272 96h32c8.8 0 16 7.2 16 16v32c0 8.8-7.2 16-16 16H272c-8.8 0-16-7.2-16-16V112c0-8.8 7.2-16 16-16z\"><\/path><\/svg><\/div><div class=\"stk--inner-svg stk--icon-2\" style=\"display:none\"><svg style=\"height:0;width:0\"><defs><linearGradient id=\"linear-gradient-8c84b2d\" x1=\"0\" x2=\"100%\" y1=\"0\" y2=\"0\"><stop offset=\"0%\" style=\"stop-opacity:1;stop-color:var(--linear-gradient-8-c-84-b-2-d-color-1)\"><\/stop><stop offset=\"100%\" style=\"stop-opacity:1;stop-color:var(--linear-gradient-8-c-84-b-2-d-color-2)\"><\/stop><\/linearGradient><\/defs><\/svg><svg xmlns=\"http:\/\/www.w3.org\/2000\/svg\" viewBox=\"0 0 384 512\" aria-hidden=\"true\" width=\"32\" height=\"32\"><path d=\"M64 48c-8.8 0-16 7.2-16 16V448c0 8.8 7.2 16 16 16h80V400c0-26.5 21.5-48 48-48s48 21.5 48 48v64h80c8.8 0 16-7.2 16-16V64c0-8.8-7.2-16-16-16H64zM0 64C0 28.7 28.7 0 64 0H320c35.3 0 64 28.7 64 64V448c0 35.3-28.7 64-64 64H64c-35.3 0-64-28.7-64-64V64zm88 40c0-8.8 7.2-16 16-16h48c8.8 0 16 7.2 16 16v48c0 8.8-7.2 16-16 16H104c-8.8 0-16-7.2-16-16V104zM232 88h48c8.8 0 16 7.2 16 16v48c0 8.8-7.2 16-16 16H232c-8.8 0-16-7.2-16-16V104c0-8.8 7.2-16 16-16zM88 232c0-8.8 7.2-16 16-16h48c8.8 0 16 7.2 16 16v48c0 8.8-7.2 16-16 16H104c-8.8 0-16-7.2-16-16V232zm144-16h48c8.8 0 16 7.2 16 16v48c0 8.8-7.2 16-16 16H232c-8.8 0-16-7.2-16-16V232c0-8.8 7.2-16 16-16z\"><\/path><\/svg><\/div><\/span><\/div>\n\n\n\n<div class=\"wp-block-stackable-heading stk-block-heading stk-block-heading--v2 stk-block stk-d69e378\" id=\"span-style-color-000000-class-stk-highlight-infraestructura-de-la-seccion-span\" data-block-id=\"d69e378\"><style>.stk-d69e378 .stk-block-heading__text{color:#000000 !important;font-weight:500 !important;font-family:\"ArgentumSans\", Sans-serif !important;}<\/style><h4 class=\"stk-block-heading__text has-text-color\"><span style=\"color: #000000;\" class=\"stk-highlight\">Infraestructura de la secci\u00f3n<\/span><\/h4><\/div>\n<\/div><\/div>\n<\/div><\/div><\/summary>\n\n\n\n<div class=\"wp-block-stackable-column stk-block-column stk-column stk-block stk-9404ebc stk-block-accordion__content\" data-v=\"4\" data-block-id=\"9404ebc\"><style>.stk-9404ebc {margin-top:-30px !important;}<\/style><div class=\"stk-column-wrapper stk-block-column__content stk-container stk-9404ebc-container stk--no-background stk--no-padding\"><div class=\"stk-block-content stk-inner-blocks stk-9404ebc-inner-blocks\">\n<h3 class=\"wp-block-heading\">CAMPUS DE GUAJARA<\/h3>\n\n\n\n<style>\ntable td, table th {\n  transition: transform 0.2s, box-shadow 0.2s;\n}\ntable td:hover, table th:hover {\n  transform: scale(1.02);\n  box-shadow: 0 0.75rem 1.5rem rgba(0,0,0,0.15);\n}\n<\/style>\n<table class=\"table table-bordered table-striped align-middle text-center shadow\" style=\"border-collapse: separate; border-spacing: 0; box-shadow: 0 0.5rem 1rem rgba(0,0,0,0.15); border-radius:2rem;\">\n  <thead style=\"background-color: #360060; color: #fff;\">\n    <tr>\n      <th scope=\"col\" colspan=\"10\" style=\"text-align:center; border-top-left-radius: 1.5rem; border-top-right-radius: 1.5rem;\">Tipolog\u00eda de Aulas de Docentes y de Inform\u00e1tica<\/th>\n    <\/tr>\n  <\/thead>\n  <tbody>\n    <tr class=\"fw-bold text-white\" style=\"background-color: #490a79; color:#fff;\">\n      <td style=\"color:#fff; font-weight:bold;\">N\u00ba de aulas docentes<\/td>\n      <td style=\"font-weight:bold;\">Capacidad de aula<\/td>\n    <\/tr>\n    <tr>\n      <td style=\"font-weight:bold;\">N\u00ba de aulas docentes<\/td>\n      <td style=\"font-weight:bold;\">Capacidad de aula<\/td>\n    <\/tr>\n    <tr class=\"table-light\">\n      <td>2<\/td>\n      <td>183<\/td>\n    <\/tr>\n    <tr>\n      <td>9<\/td>\n      <td>96<\/td>\n    <\/tr>\n    <tr class=\"table-light\">\n      <td>2<\/td>\n      <td>40<\/td>\n    <\/tr>\n    <tr>\n      <td>2<\/td>\n      <td>25<\/td>\n    <\/tr>\n    <tr>\n      <td style=\"font-weight:bold;\">N\u00ba de aulas de inform\u00e1tica<\/td>\n      <td style=\"font-weight:bold;\">N\u00ba de asientos y ordenadores<\/td>\n    <\/tr>\n    <tr class=\"fw-bold text-white\" style=\"background-color: #490a79; color:#fff;\">\n      <td style=\"border-bottom-left-radius: 1.5rem; color:#fff; font-weight:bold;\">2<\/td>\n      <td style=\"border-bottom-right-radius: 1.5rem; font-weight:bold;\">20 puestos cada una<\/td>\n    <\/tr>\n  <\/tbody>\n<\/table>\n\n\n\n<p>Todas las aulas de clase cuentan con medios audiovisuales para apoyar la actividad docente: un video-proyector con conexi\u00f3n a PC, un punto de conexi\u00f3n a internet, conexiones de video y audio para la reproducci\u00f3n de DVDs.<\/p>\n\n\n\n<p>El Centro cuenta asimismo con otras dependencias para la celebraci\u00f3n de charlas, conferencias, seminarios de investigaci\u00f3n y workshops ya que dispone de medios de proyecci\u00f3n, grabaci\u00f3n y cabinas para los\/las int\u00e9rpretes-traductores\/as: el Sal\u00f3n de Grados con capacidad para 79 personas, el Aula Magna con capacidad para 288 personas y la Sala de Juntas para 168 personas. Asimismo, cuenta con un &nbsp;despacho destinado a la representaci\u00f3n del alumnado del Centro.<\/p>\n\n\n\n<h3 class=\"wp-block-heading\"><strong>CAMPUS DEL SUR<\/strong><\/h3>\n\n\n\n<p>Desde el curso acad\u00e9mico 2012-13 se cuenta con una unidad docente en la Villa de Adeje. En la misma se imparte la docencia te\u00f3rica de forma simult\u00e1nea (videoconferencia) y la docencia pr\u00e1ctica de forma presencial, de las materias del Grado de Turismo.<\/p>\n\n\n\n<p>La infraestructura disponible es:<\/p>\n\n\n\n<p>\u2013 Tres aulas de clase con servicio de videoconferencia.<\/p>\n\n\n\n<p>\u2013 Un aula de inform\u00e1tica con 25 puestos.<\/p>\n\n\n\n<p>\u2013 Una sala para trabajos en grupo.<\/p>\n\n\n\n<p>\u2013 Zona preferente para estudio en la biblioteca municipal.<\/p>\n\n\n\n<p>\u2013 Un despacho para servicios de Secretar\u00eda.<\/p>\n\n\n\n<p>\u2013 Una sala de profesorado.<\/p>\n<\/div><\/div><\/div>\n<\/details>\n\n\n\n<details class=\"wp-block-stackable-accordion stk-block-accordion stk-inner-blocks stk-block-content stk-block stk-ceb1add is-style-default\" id=\"recursos-seccion\" data-block-id=\"ceb1add\"><style>.stk-ceb1add {border-style:solid !important;border-top-width:0px !important;border-right-width:0px !important;border-bottom-width:1px !important;border-left-width:0px !important;margin-bottom:8px !important;}<\/style>\n<summary class=\"wp-block-stackable-column stk-block-column stk-column stk-block stk-7830e08 stk--container-small stk-block-accordion__heading\" data-v=\"4\" data-block-id=\"7830e08\"><style>.stk-7830e08 {padding-top:2px !important;padding-right:2px !important;padding-bottom:2px !important;padding-left:2px !important;}<\/style><div class=\"stk-column-wrapper stk-block-column__content stk-container stk-7830e08-container stk--no-background stk--no-padding\"><div class=\"stk-block-content stk-inner-blocks stk-7830e08-inner-blocks\">\n<div class=\"wp-block-stackable-icon-label stk-block-icon-label stk-block stk-7084e09\" data-block-id=\"7084e09\"><style>.stk-7084e09 .stk-inner-blocks{gap:39px !important;}@media screen and (max-width: 1023px){.stk-7084e09 .stk-inner-blocks{gap:39px !important;}}@media screen and (max-width: 767px){.stk-7084e09 .stk-inner-blocks{gap:39px !important;}}<\/style><div class=\"stk-row stk-inner-blocks stk-block-content\">\n<div class=\"wp-block-stackable-icon stk-block-icon stk-block stk-610a8a5\" data-block-id=\"610a8a5\"><style>.stk-610a8a5 .stk--svg-wrapper .stk--inner-svg svg:last-child{height:25px !important;width:25px !important;}.stk-610a8a5 .stk--svg-wrapper .stk--inner-svg svg:last-child, .stk-610a8a5 .stk--svg-wrapper .stk--inner-svg svg:last-child :is(g, path, rect, polygon, ellipse){fill:#5c068c !important;}<\/style><span class=\"stk--svg-wrapper stk--has-icon2\"><div class=\"stk--inner-svg\"><svg style=\"height:0;width:0\"><defs><linearGradient id=\"linear-gradient-610a8a5\" x1=\"0\" x2=\"100%\" y1=\"0\" y2=\"0\"><stop offset=\"0%\" style=\"stop-opacity:1;stop-color:var(--linear-gradient-610-a-8-a-5-color-1)\"><\/stop><stop offset=\"100%\" style=\"stop-opacity:1;stop-color:var(--linear-gradient-610-a-8-a-5-color-2)\"><\/stop><\/linearGradient><\/defs><\/svg><svg xmlns=\"http:\/\/www.w3.org\/2000\/svg\" viewBox=\"0 0 512 512\" aria-hidden=\"true\" width=\"32\" height=\"32\"><path d=\"M432 64H208c-8.8 0-16 7.2-16 16V96H128V80c0-44.2 35.8-80 80-80H432c44.2 0 80 35.8 80 80V304c0 44.2-35.8 80-80 80H416V320h16c8.8 0 16-7.2 16-16V80c0-8.8-7.2-16-16-16zM0 192c0-35.3 28.7-64 64-64H320c35.3 0 64 28.7 64 64V448c0 35.3-28.7 64-64 64H64c-35.3 0-64-28.7-64-64V192zm64 32c0 17.7 14.3 32 32 32H288c17.7 0 32-14.3 32-32s-14.3-32-32-32H96c-17.7 0-32 14.3-32 32z\"><\/path><\/svg><\/div><div class=\"stk--inner-svg stk--icon-2\" style=\"display:none\"><svg style=\"height:0;width:0\"><defs><linearGradient id=\"linear-gradient-610a8a5\" x1=\"0\" x2=\"100%\" y1=\"0\" y2=\"0\"><stop offset=\"0%\" style=\"stop-opacity:1;stop-color:var(--linear-gradient-610-a-8-a-5-color-1)\"><\/stop><stop offset=\"100%\" style=\"stop-opacity:1;stop-color:var(--linear-gradient-610-a-8-a-5-color-2)\"><\/stop><\/linearGradient><\/defs><\/svg><svg xmlns=\"http:\/\/www.w3.org\/2000\/svg\" viewBox=\"0 0 512 512\" aria-hidden=\"true\" width=\"32\" height=\"32\"><path d=\"M432 48H208c-17.7 0-32 14.3-32 32V96H128V80c0-44.2 35.8-80 80-80H432c44.2 0 80 35.8 80 80V304c0 44.2-35.8 80-80 80H416V336h16c17.7 0 32-14.3 32-32V80c0-17.7-14.3-32-32-32zM48 448c0 8.8 7.2 16 16 16H320c8.8 0 16-7.2 16-16V256H48V448zM64 128H320c35.3 0 64 28.7 64 64V448c0 35.3-28.7 64-64 64H64c-35.3 0-64-28.7-64-64V192c0-35.3 28.7-64 64-64z\"><\/path><\/svg><\/div><\/span><\/div>\n\n\n\n<div class=\"wp-block-stackable-heading stk-block-heading stk-block-heading--v2 stk-block stk-297e847\" id=\"span-style-color-000000-class-stk-highlight-recursos-y-servicios-de-la-seccion-span\" data-block-id=\"297e847\"><style>.stk-297e847 .stk-block-heading__text{color:#000000 !important;font-weight:500 !important;font-family:\"ArgentumSans\", Sans-serif !important;}<\/style><h4 class=\"stk-block-heading__text has-text-color\"><span style=\"color: #000000;\" class=\"stk-highlight\">Recursos y servicios de la Secci\u00f3n<\/span><\/h4><\/div>\n<\/div><\/div>\n<\/div><\/div><\/summary>\n\n\n\n<div class=\"wp-block-stackable-column stk-block-column stk-column stk-block stk-7126c70 stk-block-accordion__content\" data-v=\"4\" data-block-id=\"7126c70\"><style>.stk-7126c70 {margin-top:-30px !important;}<\/style><div class=\"stk-column-wrapper stk-block-column__content stk-container stk-7126c70-container stk--no-background stk--no-padding\"><div class=\"stk-block-content stk-inner-blocks stk-7126c70-inner-blocks\">\n<h3 class=\"wp-block-heading\">Biblioteca<\/h3>\n\n\n\n<p>En el edificio de la Escuela de Empresa y Turismo se ubica una biblioteca que dispone de los principales recursos bibliogr\u00e1ficos de Turismo y Contabilidad y Finanzas. Asimismo, cuenta con unas instalaciones id\u00f3neas para favorecer el trabajo a todos sus usuarios, destacando las siguientes:<\/p>\n\n\n\n<ol class=\"wp-block-list\">\n<li>Una Sala de lectura con 536 puestos<\/li>\n\n\n\n<li>Una Hemeroteca con 40 puestos de lectura<\/li>\n\n\n\n<li>Ocho despachos para la realizaci\u00f3n de trabajos en grupo (\u201ccarrels\u201d)<\/li>\n\n\n\n<li>Dos dep\u00f3sitos, uno para publicaciones peri\u00f3dicas y otro para monograf\u00edas<\/li>\n<\/ol>\n\n\n\n<p>El fondo de la Biblioteca est\u00e1 compuesto por m\u00e1s de 50.000 vol\u00famenes de monograf\u00edas y m\u00e1s de 1.000 t\u00edtulos de publicaciones peri\u00f3dicas, de las que casi 500 se siguen recibiendo en la actualidad. Finalmente, la biblioteca cuenta con los siguientes servicios:<\/p>\n\n\n\n<ol class=\"wp-block-list\">\n<li>Consulta en sala<\/li>\n\n\n\n<li>Pr\u00e9stamo inter-bibliotecario<\/li>\n\n\n\n<li>Reprograf\u00eda (con dos fotocopiadoras de autoservicio)<\/li>\n\n\n\n<li>Actividades de formaci\u00f3n para el usuario, impartidas por el personal cualificado de la biblioteca<\/li>\n\n\n\n<li>Pr\u00e9stamo de ordenadores port\u00e1tiles<\/li>\n<\/ol>\n\n\n\n<h3 class=\"wp-block-heading\">Recursos inform\u00e1ticos<\/h3>\n\n\n\n<p>La Escuela de Empresa y Turismo dispone de tres aulas de inform\u00e1tica, que son atendidas por el alumnado becario\/a de inform\u00e1tica, cuya funci\u00f3n principal consiste en el mantenimiento de los equipos y la atenci\u00f3n a los\/las usuarios\/as (alumnado y profesorado) de las mismas. Est\u00e1n dotadas de impresoras l\u00e1ser y disponen de dispositivos de retroproyecci\u00f3n.<\/p>\n\n\n\n<p>Cada una de las aulas cuenta con 18 equipos, dedicados de manera coordinada a la actividad docente y acceso libre de usuarios; la configuraci\u00f3n de los equipos est\u00e1 planteada para un adecuado aprovechamiento acad\u00e9mico de los mismos; adem\u00e1s de las suites ofim\u00e1ticas Microsoft Office y OpenOffice.org, los equipos disponen de programas estad\u00edsticos y de otras aplicaciones con clara orientaci\u00f3n hacia la econom\u00eda y la gesti\u00f3n empresarial, de uso habitual en las asignaturas impartidas.<\/p>\n\n\n\n<p>Las aulas est\u00e1n configuradas en red local, y cuentan con dos servidores Windows XP, que proveen servicios de seguridad, respaldo, almacenamiento y gesti\u00f3n conjunta de las impresoras, y un servidor Linux, dedicado al almacenamiento y gesti\u00f3n de las cuentas de los\/las usuarios\/as, tareas que se desarrollan en colaboraci\u00f3n con la&nbsp;<a href=\"https:\/\/osl.ull.es\/\" target=\"_blank\" rel=\"noreferrer noopener\" target=\"_blank\" rel=\"noopener\">Oficina de Software Libre<\/a>. Las aulas est\u00e1n conectadas a la red universitaria, con lo cual se tiene acceso directo a Internet a trav\u00e9s de las mismas. La entrada es libre para el alumnado del Centro, desde octubre hasta julio, durante el horario de permanencia de los\/las becarios\/as del Centro.<\/p>\n\n\n\n<p>As\u00ed mismo, existe un aula WiFi preparada para que el alumnado puedan trabajar con sus propios ordenadores port\u00e1tiles.<\/p>\n<\/div><\/div><\/div>\n<\/details>\n<\/div><\/div><\/div>\n<\/div><\/div>\n","protected":false},"excerpt":{"rendered":"<p>Recursos materiales e infraestructuras La titulaci\u00f3n dispone de los espacios y los equipamientos necesarios propios del centro\/secci\u00f3n a la que est\u00e1 adscrita, disponiendo de las aulas, los seminarios, laboratorios y dem\u00e1s recursos materiales asignados a la docencia te\u00f3rica y pr\u00e1ctica del t\u00edtulo, de distinta capacidad en funci\u00f3n de las actividades formativas que en ellas se&#8230;<\/p>\n","protected":false},"author":1,"featured_media":0,"parent":285,"menu_order":2,"comment_status":"closed","ping_status":"closed","template":"templates\/template-frontpage.php","meta":{"footnotes":""},"class_list":["post-292","page","type-page","status-publish","hentry"],"_links":{"self":[{"href":"https:\/\/www.ull.es\/grados\/contabilidad-finanzas\/wp-json\/wp\/v2\/pages\/292","targetHints":{"allow":["GET"]}}],"collection":[{"href":"https:\/\/www.ull.es\/grados\/contabilidad-finanzas\/wp-json\/wp\/v2\/pages"}],"about":[{"href":"https:\/\/www.ull.es\/grados\/contabilidad-finanzas\/wp-json\/wp\/v2\/types\/page"}],"author":[{"embeddable":true,"href":"https:\/\/www.ull.es\/grados\/contabilidad-finanzas\/wp-json\/wp\/v2\/users\/1"}],"replies":[{"embeddable":true,"href":"https:\/\/www.ull.es\/grados\/contabilidad-finanzas\/wp-json\/wp\/v2\/comments?post=292"}],"version-history":[{"count":13,"href":"https:\/\/www.ull.es\/grados\/contabilidad-finanzas\/wp-json\/wp\/v2\/pages\/292\/revisions"}],"predecessor-version":[{"id":1197,"href":"https:\/\/www.ull.es\/grados\/contabilidad-finanzas\/wp-json\/wp\/v2\/pages\/292\/revisions\/1197"}],"up":[{"embeddable":true,"href":"https:\/\/www.ull.es\/grados\/contabilidad-finanzas\/wp-json\/wp\/v2\/pages\/285"}],"wp:attachment":[{"href":"https:\/\/www.ull.es\/grados\/contabilidad-finanzas\/wp-json\/wp\/v2\/media?parent=292"}],"curies":[{"name":"wp","href":"https:\/\/api.w.org\/{rel}","templated":true}]}}