{"id":227,"date":"2017-07-11T10:32:56","date_gmt":"2017-07-11T10:32:56","guid":{"rendered":"http:\/\/www.ull.es\/masteres\/desarrollo-y-gestion-de-recursos-humanos\/?page_id=227"},"modified":"2025-12-09T12:38:58","modified_gmt":"2025-12-09T12:38:58","slug":"practicas-externas","status":"publish","type":"page","link":"https:\/\/www.ull.es\/grados\/derecho-y-relaciones-laborales\/en\/plan-de-estudios\/practicas-externas\/","title":{"rendered":"External Internships"},"content":{"rendered":"\n<div class=\"wp-block-stackable-columns alignfull stk-block-columns stk-block stk-8657999\" data-block-id=\"8657999\"><style>.stk-8657999 {padding-bottom:0px !important;margin-top:-30px !important;margin-bottom:0px !important;}@media screen and (max-width: 767px){.stk-8657999 {margin-top:-10% !important;}}<\/style><div class=\"stk-row stk-inner-blocks stk-block-content stk-content-align stk-8657999-column alignfull\">\n<div class=\"wp-block-stackable-column stk-block-column stk-column stk-block stk-914f03e\" data-v=\"4\" data-block-id=\"914f03e\"><div class=\"stk-column-wrapper stk-block-column__content stk-container stk-914f03e-container stk--no-background stk--no-padding\"><div class=\"stk-block-content stk-inner-blocks stk-914f03e-inner-blocks\"><style id=\"depicter-1-inline-pre-css\">\n\n.depicter-1:not(.depicter-ready){\n\theight:500px;\n}\n\n\/***** Tablet *****\/\n@media screen and (max-width: 1024px){\n\n.depicter-1:not(.depicter-ready){\n\theight:700px;\n}\n\n}\n\/***** Mobile *****\/\n@media screen and (max-width: 767px){\n\n.depicter-1:not(.depicter-ready){\n\theight:360px;\n}\n\n}\n<\/style>\n<div id=\"depicter-1\" class=\"depicter depicter-document depicter-revert depicter-1 depicter-layout-fullwidth\">\n\n<div class=\"depicter-loading-container depicter-loading dotFlashing-dark\"><div class=\"depicter-loading-dark depicter-dot-flashing\">\n   <span><\/span>\n   <span><\/span>\n   <span><\/span>\n<\/div>\n<\/div>\n<div id=\"depicter-1-section-1\" class=\"depicter-section depicter-1-section-1\" data-name=\"Section 1\" data-type=\"section\" data-local-id=\"section-1\">\n<picture class=\"depicter-bg\">\n<source data-depicter-srcset=\"https:\/\/www.ull.es\/grados\/derecho-y-relaciones-laborales\/wp-content\/uploads\/sites\/60\/2025\/05\/Slider_Doble_Grado_en_Derecho_y_Relaciones_Laborales_2-768x248.jpg, https:\/\/www.ull.es\/grados\/derecho-y-relaciones-laborales\/wp-content\/uploads\/sites\/60\/2025\/05\/Slider_Doble_Grado_en_Derecho_y_Relaciones_Laborales_2.jpg 2x\" srcset=\"data:image\/gif;base64,R0lGODlhAQABAIAAAAAAAP\/\/\/yH5BAEAAAAALAAAAAABAAEAAAIBRAA7\" media=\"(max-width: 1024px)\" \/>\n\n<source data-depicter-srcset=\"https:\/\/www.ull.es\/grados\/derecho-y-relaciones-laborales\/wp-content\/uploads\/sites\/60\/2025\/05\/Slider_Doble_Grado_en_Derecho_y_Relaciones_Laborales_2.jpg, https:\/\/www.ull.es\/grados\/derecho-y-relaciones-laborales\/wp-content\/uploads\/sites\/60\/2025\/05\/Slider_Doble_Grado_en_Derecho_y_Relaciones_Laborales_2-1920x620.jpg 2x\" srcset=\"data:image\/gif;base64,R0lGODlhAQABAIAAAAAAAP\/\/\/yH5BAEAAAAALAAAAAABAAEAAAIBRAA7\" media=\"(min-width: 1025px)\" \/>\n<img decoding=\"async\" src=\"data:image\/gif;base64,R0lGODlhAQABAIAAAAAAAP\/\/\/yH5BAEAAAAALAAAAAABAAEAAAIBRAA7\" data-ken-burns=\"false\" data-tablet-ken-burns=\"false\" data-mobile-ken-burns=\"false\" alt=\"\" data-depicter-src=\"https:\/\/www.ull.es\/grados\/derecho-y-relaciones-laborales\/wp-content\/uploads\/sites\/60\/2025\/05\/Slider_Doble_Grado_en_Derecho_y_Relaciones_Laborales_2.jpg\" data-object-fit=\"custom,custom,\" data-object-position=\"center top,,\" data-crop=\"{'focalPoint':{'x':0.5,'y':0.5},'mediaSize':{'width':1393.54838709677414954057894647121429443359375,'height':450}}\" data-tablet-crop=\"{'focalPoint':{'x':0.5,'y':0.5},'mediaSize':{'width':2167.7419354838712024502456188201904296875,'height':700.0000000000001136868377216160297393798828125}}\" data-mobile-crop=\"{'focalPoint':{'x':0.5,'y':0.5},'mediaSize':{'width':1114.8387096774195015314035117626190185546875,'height':360}}\" \/>\n<\/picture>\n\n\n<h1 id=\"depicter-1-element-5\" class=\"depicter-element depicter-layer depicter-1-element-5\" data-type=\"text\" data-wrap=\"true\" data-name=\"Text 2\" data-local-id=\"element-5\" data-offset=\"x:31px;y:150px;origin:tl\" data-tablet-offset=\"x:218px;y:264px;origin:tl\" data-mobile-offset=\"x:5px;y:-182px;origin:tl\" data-width=\"1113px,589px,348px\" data-height=\"auto,auto,auto\" data-responsive-scale=\"true,,\">Doble Grado en Derecho y en Relaciones Laborales<\/h1>\n\n<div id=\"depicter-1-element-10\" class=\"depicter-element depicter-layer depicter-1-element-10\" data-type=\"shape\" data-wrap=\"true\" data-name=\"Shape 1\" data-local-id=\"element-10\" data-offset=\"x:37px;y:349px;origin:tl\" data-tablet-offset=\"x:229px;y:436px;origin:tl\" data-mobile-offset=\"x:6px;y:10px;origin:tl\" data-width=\"1102px,578px,332px\" data-height=\"8px,8px,8px\" data-responsive-scale=\"true,,\"><\/div>\n<\/div>\n<\/div>\n<script>\n(window.depicterSetups = window.depicterSetups || []).push(function(){\n\tDepicter.basePath = 'https:\/\/www.ull.es\/grados\/derecho-y-relaciones-laborales\/wp-content\/plugins\/depicter\/resources\/scripts\/player\/';\n\tconst dpPlayer = Depicter.setup('.depicter-1',\n\t\t{\"width\":[\"1200\",\"1024\",\"360\"],\"height\":[\"500\",\"700\",\"360\"],\"view\":\"basic\",\"keepAspectRatio\":true,\"preload\":0,\"layout\":\"fullwidth\",\"rtl\":false,\"initAfterAppear\":false,\"ajaxApiUrl\":\"https:\\\/\\\/www.ull.es\\\/grados\\\/derecho-y-relaciones-laborales\\\/wp-admin\\\/admin-ajax.php\",\"mouseSwipe\":true,\"touchSwipe\":true,\"useWatermark\":false}\n\t);\n});\n<\/script><\/div><\/div><\/div>\n<\/div><\/div>\n\n\n\n<div class=\"wp-block-stackable-columns alignfull stk-block-columns stk--hide-mobile stk-block stk-ceecbdc stk-block-background\" data-block-id=\"ceecbdc\"><style>.stk-ceecbdc {background-color:#03256c !important;padding-top:35px !important;padding-right:0px !important;padding-bottom:2px !important;padding-left:0px !important;margin-top:-20px !important;margin-bottom:70px !important;}.stk-ceecbdc:before{background-color:#03256c !important;}<\/style><div class=\"stk-row stk-inner-blocks stk-block-content stk-content-align stk-ceecbdc-column alignfull\">\n<div class=\"wp-block-stackable-column stk-block-column stk-column stk-block stk-fc60a5d\" data-v=\"4\" data-block-id=\"fc60a5d\"><div class=\"stk-column-wrapper stk-block-column__content stk-container stk-fc60a5d-container stk--no-background stk--no-padding\"><div class=\"stk-block-content stk-inner-blocks stk-fc60a5d-inner-blocks\">\n<div class=\"wp-block-stackable-spacer stk-block-spacer stk--no-padding stk-block stk-a3a8a68\" data-block-id=\"a3a8a68\"><style>.stk-a3a8a68 {height:0px !important;}<\/style><\/div>\n<\/div><\/div><\/div>\n<\/div><\/div>\n\n\n\n<div class=\"wp-block-stackable-columns stk-block-columns stk-block stk-8b59b96\" data-block-id=\"8b59b96\"><style>.stk-8b59b96 .stk--block-align-8b59b96{align-items:flex-start !important;}.stk-8b59b96 {margin-top:25px !important;}.stk-8b59b96-column{--stk-columns-spacing:0px !important;--stk-column-gap:50px !important;}@media screen and (max-width: 767px){.stk-8b59b96-column{row-gap:var(--stk--preset--spacing--60, 2.25rem) !important;}}<\/style><div class=\"stk-row stk-inner-blocks stk--block-align-8b59b96 stk-block-content stk-content-align stk-8b59b96-column\">\n<div class=\"wp-block-stackable-column stk-block-column stk-column stk-block stk-dbb7e15\" data-v=\"4\" data-block-id=\"dbb7e15\"><div class=\"stk-column-wrapper stk-block-column__content stk-container stk-dbb7e15-container stk--no-background stk--no-padding\"><div class=\"stk-block-content stk-inner-blocks stk-dbb7e15-inner-blocks\">\n<div class=\"wp-block-stackable-heading stk-block-heading stk-block-heading--v2 stk-block stk-689c258\" id=\"practicas-externas\" data-block-id=\"689c258\"><style>.stk-689c258 .stk-block-heading__text{color:#03256c !important;}<\/style><h1 class=\"stk-block-heading__text has-text-color\">Pr\u00e1cticas Externas<\/h1><\/div>\n\n\n\n<div class=\"wp-block-stackable-text stk-block-text stk-block stk-82992b2\" data-block-id=\"82992b2\"><p class=\"stk-block-text__text\">Coordinaci\u00f3n de pr\u00e1cticas externas:&nbsp;<a href=\"https:\/\/www.ull.es\/directorio\/search\/?busqueda=Ana%20Teresa%20Afonso%20Barrera\" target=\"_blank\" rel=\"noreferrer noopener\" target=\"_blank\" rel=\"noopener\">Ana Teresa Afonso Barrera<\/a><\/p><\/div>\n\n\n\n<p>Esta asignatura consta de dos partes:<\/p>\n\n\n\n<h3 class=\"wp-block-heading\">Pr\u00e1cticas en Empresas, Instituciones o Administraciones<\/h3>\n\n\n\n<p>El procedimiento de asignaci\u00f3n se inicia en el primer cuatrimestre del curso. El alumnado deber\u00e1 rellenar y presentar, en el plazo que se le indique, el formulario correspondiente que se pondr\u00e1 a su disposici\u00f3n en el aula virtual de la asignatura de Pr\u00e1cticas Externas.<\/p>\n\n\n\n<p>La Comisi\u00f3n de Orientaci\u00f3n Profesional y Pr\u00e1cticas Externas de la Facultad de Derecho (COPYPE) es el \u00f3rgano encargado de la asignaci\u00f3n de empresa a los estudiantes.<\/p>\n\n\n\n<p><a href=\"https:\/\/nubefd.ull.es\/public.php\/dav\/files\/InfoFacultad\/Grados\/Grado-en-Relaciones-Laborales\/plan-de-estudios\/practicas-externas\/RELACION-DE-CONVENIOS-DE-COLABORACION-EDUCATIVA-CON-LA-ULL.pdf\" target=\"_blank\" rel=\"noreferrer noopener\" target=\"_blank\" rel=\"noopener\">Convenios de pr\u00e1cticas externas entre la Universidad de La Laguna y empresas e instituciones.<\/a><\/p>\n\n\n\n<h3 class=\"wp-block-heading\">Pr\u00e1cticas en Juzgados y Tribunales<\/h3>\n\n\n\n<p>Estas pr\u00e1cticas son coordinadas por el profesorado del \u00c1rea de Derecho Procesal que cada curso aparece en la gu\u00eda docente.<br>Se realizar\u00e1n en el segundo cuatrimestre del curso.<\/p>\n\n\n\n<p><a href=\"https:\/\/drive.google.com\/file\/d\/1sNjjtYKA-5F-Jd0Xt1pgdJ4JOx3hV-Ec\/view?usp=sharing\" target=\"_blank\" rel=\"noreferrer noopener\" target=\"_blank\" rel=\"noopener\">Convenios de pr\u00e1cticas externas entre la Universidad de La Laguna y empresas e instituciones.<\/a><\/p>\n\n\n\n<details class=\"wp-block-stackable-accordion stk-block-accordion stk-inner-blocks stk-block-content stk-block stk-36fa596 is-style-default\" id=\"normativas\" data-block-id=\"36fa596\"><style>.stk-36fa596 {border-style:solid !important;border-top-width:0px !important;border-right-width:0px !important;border-bottom-width:1px !important;border-left-width:0px !important;margin-bottom:11px !important;}<\/style>\n<summary class=\"wp-block-stackable-column stk-block-column stk-column stk-block stk-fd3b30a stk--container-small stk-block-accordion__heading\" data-v=\"4\" data-block-id=\"fd3b30a\"><style>.stk-fd3b30a {padding-top:2px !important;padding-right:2px !important;padding-bottom:2px !important;padding-left:2px !important;}<\/style><div class=\"stk-column-wrapper stk-block-column__content stk-container stk-fd3b30a-container stk--no-background stk--no-padding\"><div class=\"stk-block-content stk-inner-blocks stk-fd3b30a-inner-blocks\">\n<div class=\"wp-block-stackable-icon-label stk-block-icon-label stk-block stk-54131fe\" data-block-id=\"54131fe\"><style>.stk-54131fe .stk-inner-blocks{gap:39px !important;}@media screen and (max-width: 1023px){.stk-54131fe .stk-inner-blocks{gap:39px !important;}}@media screen and (max-width: 767px){.stk-54131fe .stk-inner-blocks{gap:39px !important;}}<\/style><div class=\"stk-row stk-inner-blocks stk-block-content\">\n<div class=\"wp-block-stackable-icon stk-block-icon stk-block stk-f6f2ce3\" data-block-id=\"f6f2ce3\"><style>.stk-f6f2ce3 .stk--svg-wrapper .stk--inner-svg svg:last-child{height:25px !important;width:25px !important;}.stk-f6f2ce3 .stk--svg-wrapper .stk--inner-svg svg:last-child, .stk-f6f2ce3 .stk--svg-wrapper .stk--inner-svg svg:last-child :is(g, path, rect, polygon, ellipse){fill:#03256c !important;}<\/style><span class=\"stk--svg-wrapper stk--has-icon2\"><div class=\"stk--inner-svg\"><svg style=\"height:0;width:0\"><defs><linearGradient id=\"linear-gradient-f6f2ce3\" x1=\"0\" x2=\"100%\" y1=\"0\" y2=\"0\"><stop offset=\"0%\" style=\"stop-opacity:1;stop-color:var(--linear-gradient-f-6-f-2-ce-3-color-1)\"><\/stop><stop offset=\"100%\" style=\"stop-opacity:1;stop-color:var(--linear-gradient-f-6-f-2-ce-3-color-2)\"><\/stop><\/linearGradient><\/defs><\/svg><svg xmlns=\"http:\/\/www.w3.org\/2000\/svg\" viewBox=\"0 0 448 512\" aria-hidden=\"true\" width=\"32\" height=\"32\"><path d=\"M96 0C43 0 0 43 0 96V416c0 53 43 96 96 96H384h32c17.7 0 32-14.3 32-32s-14.3-32-32-32V384c17.7 0 32-14.3 32-32V32c0-17.7-14.3-32-32-32H384 96zm0 384H352v64H96c-17.7 0-32-14.3-32-32s14.3-32 32-32zm32-240c0-8.8 7.2-16 16-16H336c8.8 0 16 7.2 16 16s-7.2 16-16 16H144c-8.8 0-16-7.2-16-16zm16 48H336c8.8 0 16 7.2 16 16s-7.2 16-16 16H144c-8.8 0-16-7.2-16-16s7.2-16 16-16z\"><\/path><\/svg><\/div><div class=\"stk--inner-svg stk--icon-2\" style=\"display:none\"><svg style=\"height:0;width:0\"><defs><linearGradient id=\"linear-gradient-f6f2ce3\" x1=\"0\" x2=\"100%\" y1=\"0\" y2=\"0\"><stop offset=\"0%\" style=\"stop-opacity:1;stop-color:var(--linear-gradient-f-6-f-2-ce-3-color-1)\"><\/stop><stop offset=\"100%\" style=\"stop-opacity:1;stop-color:var(--linear-gradient-f-6-f-2-ce-3-color-2)\"><\/stop><\/linearGradient><\/defs><\/svg><svg xmlns=\"http:\/\/www.w3.org\/2000\/svg\" viewBox=\"0 0 576 512\" aria-hidden=\"true\" width=\"32\" height=\"32\"><path d=\"M249.6 471.5c10.8 3.8 22.4-4.1 22.4-15.5V78.6c0-4.2-1.6-8.4-5-11C247.4 52 202.4 32 144 32C93.5 32 46.3 45.3 18.1 56.1C6.8 60.5 0 71.7 0 83.8V454.1c0 11.9 12.8 20.2 24.1 16.5C55.6 460.1 105.5 448 144 448c33.9 0 79 14 105.6 23.5zm76.8 0C353 462 398.1 448 432 448c38.5 0 88.4 12.1 119.9 22.6c11.3 3.8 24.1-4.6 24.1-16.5V83.8c0-12.1-6.8-23.3-18.1-27.6C529.7 45.3 482.5 32 432 32c-58.4 0-103.4 20-123 35.6c-3.3 2.6-5 6.8-5 11V456c0 11.4 11.7 19.3 22.4 15.5z\"><\/path><\/svg><\/div><\/span><\/div>\n\n\n\n<div class=\"wp-block-stackable-heading stk-block-heading stk-block-heading--v2 stk-block stk-6a62f54\" id=\"span-style-color-000000-class-stk-highlight-normativa-span\" data-block-id=\"6a62f54\"><style>.stk-6a62f54 .stk-block-heading__text{color:#000000 !important;font-weight:500 !important;font-family:\"ArgentumSans\", Sans-serif !important;}<\/style><h4 class=\"stk-block-heading__text has-text-color\"><span style=\"color: #000000;\" class=\"stk-highlight\">Normativa<\/span><\/h4><\/div>\n<\/div><\/div>\n<\/div><\/div><\/summary>\n\n\n\n<div class=\"wp-block-stackable-column stk-block-column stk-column stk-block stk-8bbe691 stk-block-accordion__content\" data-v=\"4\" data-block-id=\"8bbe691\"><style>.stk-8bbe691 {margin-top:-30px !important;}<\/style><div class=\"stk-column-wrapper stk-block-column__content stk-container stk-8bbe691-container stk--no-background stk--no-padding\"><div class=\"stk-block-content stk-inner-blocks stk-8bbe691-inner-blocks\">\n<div class=\"wp-block-stackable-text stk-block-text stk-block stk-5ad639b\" data-block-id=\"5ad639b\"><p class=\"stk-block-text__text\"><a href=\"https:\/\/www.ull.es\/estudios-docencia\/practicas-externas\/#normativa\" target=\"_blank\" rel=\"noreferrer noopener\" target=\"_blank\" rel=\"noopener\">La normativa universitaria general, nacional, auton\u00f3mica y propia de la ULL.<\/a><\/p><\/div>\n\n\n\n<p><a href=\"https:\/\/riull.ull.es\/xmlui\/bitstream\/handle\/915\/17601\/Directrices%20de%20PR%c3%81CTICAS%20EXTERNAS%201%20DIC%202019.pdf\" target=\"_blank\" rel=\"noreferrer noopener\" target=\"_blank\" rel=\"noopener\">Directrices de la Comisi\u00f3n de Pr\u00e1cticas Externas de la Facultad de Derecho de la Universidad de La Laguna sobre criterios a aplicar en la realizaci\u00f3n de pr\u00e1cticas externas en empresas, instituciones y\/o administraciones p\u00fablicas del alumnado del Grado en Derecho y del Grado en Relaciones Laborales<\/a>&nbsp;(22 de noviembre de 2019)<a href=\"https:\/\/www.ull.es\/estudios-docencia\/practicas-externas\/\" target=\"_blank\" rel=\"noreferrer noopener\" target=\"_blank\" rel=\"noopener\">La normativa universitaria general, nacional, auton\u00f3mica y propia de la ULL.<\/a><\/p>\n<\/div><\/div><\/div>\n<\/details>\n<\/div><\/div><\/div>\n<\/div><\/div>\n","protected":false},"excerpt":{"rendered":"<p>External Placements. External Placement Coordinator: Ana Teresa Afonso Barrera. This course consists of two parts: Placements in Companies, Institutions, or Public Administrations. The placement process begins in the first semester of the course. Students must complete and submit the corresponding form, which will be made available to them, within the specified deadline\u2026<\/p>","protected":false},"author":1,"featured_media":0,"parent":270,"menu_order":4,"comment_status":"closed","ping_status":"closed","template":"templates\/template-frontpage.php","meta":{"footnotes":""},"class_list":["post-227","page","type-page","status-publish","hentry"],"_links":{"self":[{"href":"https:\/\/www.ull.es\/grados\/derecho-y-relaciones-laborales\/en\/wp-json\/wp\/v2\/pages\/227","targetHints":{"allow":["GET"]}}],"collection":[{"href":"https:\/\/www.ull.es\/grados\/derecho-y-relaciones-laborales\/en\/wp-json\/wp\/v2\/pages"}],"about":[{"href":"https:\/\/www.ull.es\/grados\/derecho-y-relaciones-laborales\/en\/wp-json\/wp\/v2\/types\/page"}],"author":[{"embeddable":true,"href":"https:\/\/www.ull.es\/grados\/derecho-y-relaciones-laborales\/en\/wp-json\/wp\/v2\/users\/1"}],"replies":[{"embeddable":true,"href":"https:\/\/www.ull.es\/grados\/derecho-y-relaciones-laborales\/en\/wp-json\/wp\/v2\/comments?post=227"}],"version-history":[{"count":44,"href":"https:\/\/www.ull.es\/grados\/derecho-y-relaciones-laborales\/en\/wp-json\/wp\/v2\/pages\/227\/revisions"}],"predecessor-version":[{"id":1399,"href":"https:\/\/www.ull.es\/grados\/derecho-y-relaciones-laborales\/en\/wp-json\/wp\/v2\/pages\/227\/revisions\/1399"}],"up":[{"embeddable":true,"href":"https:\/\/www.ull.es\/grados\/derecho-y-relaciones-laborales\/en\/wp-json\/wp\/v2\/pages\/270"}],"wp:attachment":[{"href":"https:\/\/www.ull.es\/grados\/derecho-y-relaciones-laborales\/en\/wp-json\/wp\/v2\/media?parent=227"}],"curies":[{"name":"wp","href":"https:\/\/api.w.org\/{rel}","templated":true}]}}