{"id":35,"date":"2017-06-28T12:58:08","date_gmt":"2017-06-28T12:58:08","guid":{"rendered":"http:\/\/www.ull.es\/masteres\/desarrollo-y-gestion-de-recursos-humanos\/?page_id=26"},"modified":"2025-12-09T10:43:12","modified_gmt":"2025-12-09T10:43:12","slug":"descripcion-del-titulo","status":"publish","type":"page","link":"https:\/\/www.ull.es\/grados\/derecho-y-relaciones-laborales\/en\/informacion-academica\/descripcion-del-titulo\/","title":{"rendered":"Title description"},"content":{"rendered":"\n<div class=\"wp-block-stackable-columns alignfull stk-block-columns stk-block stk-8657999\" data-block-id=\"8657999\"><style>.stk-8657999 {padding-bottom:0px !important;margin-top:-30px !important;margin-bottom:0px !important;}@media screen and (max-width: 767px){.stk-8657999 {margin-top:-10% !important;}}<\/style><div class=\"stk-row stk-inner-blocks stk-block-content stk-content-align stk-8657999-column alignfull\">\n<div class=\"wp-block-stackable-column stk-block-column stk-column stk-block stk-914f03e\" data-v=\"4\" data-block-id=\"914f03e\"><div class=\"stk-column-wrapper stk-block-column__content stk-container stk-914f03e-container stk--no-background stk--no-padding\"><div class=\"stk-block-content stk-inner-blocks stk-914f03e-inner-blocks\"><style id=\"depicter-1-inline-pre-css\">\n\n.depicter-1:not(.depicter-ready){\n\theight:500px;\n}\n\n\/***** Tablet *****\/\n@media screen and (max-width: 1024px){\n\n.depicter-1:not(.depicter-ready){\n\theight:700px;\n}\n\n}\n\/***** Mobile *****\/\n@media screen and (max-width: 767px){\n\n.depicter-1:not(.depicter-ready){\n\theight:360px;\n}\n\n}\n<\/style>\n<div id=\"depicter-1\" class=\"depicter depicter-document depicter-revert depicter-1 depicter-layout-fullwidth\">\n\n<div class=\"depicter-loading-container depicter-loading dotFlashing-dark\"><div class=\"depicter-loading-dark depicter-dot-flashing\">\n   <span><\/span>\n   <span><\/span>\n   <span><\/span>\n<\/div>\n<\/div>\n<div id=\"depicter-1-section-1\" class=\"depicter-section depicter-1-section-1\" data-name=\"Section 1\" data-type=\"section\" data-local-id=\"section-1\">\n<picture class=\"depicter-bg\">\n<source data-depicter-srcset=\"https:\/\/www.ull.es\/grados\/derecho-y-relaciones-laborales\/wp-content\/uploads\/sites\/60\/2025\/05\/Slider_Doble_Grado_en_Derecho_y_Relaciones_Laborales_2-768x248.jpg, https:\/\/www.ull.es\/grados\/derecho-y-relaciones-laborales\/wp-content\/uploads\/sites\/60\/2025\/05\/Slider_Doble_Grado_en_Derecho_y_Relaciones_Laborales_2.jpg 2x\" srcset=\"data:image\/gif;base64,R0lGODlhAQABAIAAAAAAAP\/\/\/yH5BAEAAAAALAAAAAABAAEAAAIBRAA7\" media=\"(max-width: 1024px)\" \/>\n\n<source data-depicter-srcset=\"https:\/\/www.ull.es\/grados\/derecho-y-relaciones-laborales\/wp-content\/uploads\/sites\/60\/2025\/05\/Slider_Doble_Grado_en_Derecho_y_Relaciones_Laborales_2.jpg, https:\/\/www.ull.es\/grados\/derecho-y-relaciones-laborales\/wp-content\/uploads\/sites\/60\/2025\/05\/Slider_Doble_Grado_en_Derecho_y_Relaciones_Laborales_2-1920x620.jpg 2x\" srcset=\"data:image\/gif;base64,R0lGODlhAQABAIAAAAAAAP\/\/\/yH5BAEAAAAALAAAAAABAAEAAAIBRAA7\" media=\"(min-width: 1025px)\" \/>\n<img decoding=\"async\" src=\"data:image\/gif;base64,R0lGODlhAQABAIAAAAAAAP\/\/\/yH5BAEAAAAALAAAAAABAAEAAAIBRAA7\" data-ken-burns=\"false\" data-tablet-ken-burns=\"false\" data-mobile-ken-burns=\"false\" alt=\"\" data-depicter-src=\"https:\/\/www.ull.es\/grados\/derecho-y-relaciones-laborales\/wp-content\/uploads\/sites\/60\/2025\/05\/Slider_Doble_Grado_en_Derecho_y_Relaciones_Laborales_2.jpg\" data-object-fit=\"custom,custom,\" data-object-position=\"center top,,\" data-crop=\"{'focalPoint':{'x':0.5,'y':0.5},'mediaSize':{'width':1393.54838709677414954057894647121429443359375,'height':450}}\" data-tablet-crop=\"{'focalPoint':{'x':0.5,'y':0.5},'mediaSize':{'width':2167.7419354838712024502456188201904296875,'height':700.0000000000001136868377216160297393798828125}}\" data-mobile-crop=\"{'focalPoint':{'x':0.5,'y':0.5},'mediaSize':{'width':1114.8387096774195015314035117626190185546875,'height':360}}\" \/>\n<\/picture>\n\n\n<h1 id=\"depicter-1-element-5\" class=\"depicter-element depicter-layer depicter-1-element-5\" data-type=\"text\" data-wrap=\"true\" data-name=\"Text 2\" data-local-id=\"element-5\" data-offset=\"x:31px;y:150px;origin:tl\" data-tablet-offset=\"x:218px;y:264px;origin:tl\" data-mobile-offset=\"x:5px;y:-182px;origin:tl\" data-width=\"1113px,589px,348px\" data-height=\"auto,auto,auto\" data-responsive-scale=\"true,,\">Doble Grado en Derecho y en Relaciones Laborales<\/h1>\n\n<div id=\"depicter-1-element-10\" class=\"depicter-element depicter-layer depicter-1-element-10\" data-type=\"shape\" data-wrap=\"true\" data-name=\"Shape 1\" data-local-id=\"element-10\" data-offset=\"x:37px;y:349px;origin:tl\" data-tablet-offset=\"x:229px;y:436px;origin:tl\" data-mobile-offset=\"x:6px;y:10px;origin:tl\" data-width=\"1102px,578px,332px\" data-height=\"8px,8px,8px\" data-responsive-scale=\"true,,\"><\/div>\n<\/div>\n<\/div>\n<script>\n(window.depicterSetups = window.depicterSetups || []).push(function(){\n\tDepicter.basePath = 'https:\/\/www.ull.es\/grados\/derecho-y-relaciones-laborales\/wp-content\/plugins\/depicter\/resources\/scripts\/player\/';\n\tconst dpPlayer = Depicter.setup('.depicter-1',\n\t\t{\"width\":[\"1200\",\"1024\",\"360\"],\"height\":[\"500\",\"700\",\"360\"],\"view\":\"basic\",\"keepAspectRatio\":true,\"preload\":0,\"layout\":\"fullwidth\",\"rtl\":false,\"initAfterAppear\":false,\"ajaxApiUrl\":\"https:\\\/\\\/www.ull.es\\\/grados\\\/derecho-y-relaciones-laborales\\\/wp-admin\\\/admin-ajax.php\",\"mouseSwipe\":true,\"touchSwipe\":true,\"useWatermark\":false}\n\t);\n});\n<\/script><\/div><\/div><\/div>\n<\/div><\/div>\n\n\n\n<div class=\"wp-block-stackable-columns alignfull stk-block-columns stk--hide-mobile stk-block stk-ceecbdc stk-block-background\" data-block-id=\"ceecbdc\"><style>.stk-ceecbdc {background-color:#03256c !important;padding-top:35px !important;padding-right:0px !important;padding-bottom:2px !important;padding-left:0px !important;margin-top:-20px !important;margin-bottom:70px !important;}.stk-ceecbdc:before{background-color:#03256c !important;}<\/style><div class=\"stk-row stk-inner-blocks stk-block-content stk-content-align stk-ceecbdc-column alignfull\">\n<div class=\"wp-block-stackable-column stk-block-column stk-column stk-block stk-fc60a5d\" data-v=\"4\" data-block-id=\"fc60a5d\"><div class=\"stk-column-wrapper stk-block-column__content stk-container stk-fc60a5d-container stk--no-background stk--no-padding\"><div class=\"stk-block-content stk-inner-blocks stk-fc60a5d-inner-blocks\">\n<div class=\"wp-block-stackable-spacer stk-block-spacer stk--no-padding stk-block stk-a3a8a68\" data-block-id=\"a3a8a68\"><style>.stk-a3a8a68 {height:0px !important;}<\/style><\/div>\n<\/div><\/div><\/div>\n<\/div><\/div>\n\n\n\n<div class=\"wp-block-stackable-columns alignwide stk-block-columns stk-block stk-3627255\" data-block-id=\"3627255\"><style>.stk-3627255 {padding-right:16% !important;padding-left:16% !important;margin-bottom:18px !important;}<\/style><div class=\"stk-row stk-inner-blocks stk-block-content stk-content-align stk-3627255-column alignwide\">\n<div class=\"wp-block-stackable-column stk-block-column stk-column stk-block stk-81e665a\" data-v=\"4\" data-block-id=\"81e665a\"><div class=\"stk-column-wrapper stk-block-column__content stk-container stk-81e665a-container stk--no-background stk--no-padding\"><div class=\"stk-block-content stk-inner-blocks stk-81e665a-inner-blocks\">\n<div class=\"wp-block-stackable-heading stk-block-heading stk-block-heading--v2 stk-block stk-97878e6\" id=\"descripcion-del-titulo\" data-block-id=\"97878e6\"><style>.stk-97878e6 .stk-block-heading__text{color:#03256c !important;}<\/style><h1 class=\"stk-block-heading__text has-text-color\">Descripci\u00f3n del t\u00edtulo<\/h1><\/div>\n\n\n\n<style>\n.hoverable {\n  transition: transform 0.3s, box-shadow 0.3s;\n  cursor: pointer;\n}\n.hoverable:hover {\n  transform: scale(1.02);\n  box-shadow: 0 0.5rem 1rem rgba(0,0,0,0.25);\n  \/* Mantiene el color de fondo original *\/\n}\n<\/style>\n<table class=\"table table-bordered table-striped align-middle text-center shadow-sm rounded overflow-hidden table-hover-effect\" style=\"border-collapse: separate; border-spacing: 0; box-shadow: 0 0.5rem 1rem rgba(0,0,0,0.15); border-radius:2rem; width:100%;\">\n  <tbody>\n    <tr style=\"background-color:#03256C; color:#fff;\">\n      <td class=\"hoverable fw-bold\" style=\"width:30%; border-top-left-radius: 1.5rem; font-weight:bold;\">Nombre del t\u00edtulo:<\/td>\n      <td class=\"hoverable\" style=\"border-top-right-radius: 1.5rem; font-weight:bold;\">Doble Grado en Derecho y Relaciones Laborales por la Universidad de La Laguna<\/td>\n    <\/tr>\n    <tr style=\"background-color:#f8f9fa;\">\n      <td class=\"hoverable fw-bold\" style=\"font-weight:bold;\">Universidad y centros responsables:<\/td>\n      <td class=\"hoverable\">Universidad de La Laguna. Facultad de Derecho.<\/td>\n    <\/tr>\n    <tr style=\"background-color:#fff;\">\n      <td class=\"hoverable fw-bold\" style=\"font-weight:bold;\">Modalidad de ense\u00f1anza:<\/td>\n      <td class=\"hoverable\">Presencial<\/td>\n    <\/tr>\n    <tr style=\"background-color:#f8f9fa;\">\n      <td class=\"hoverable fw-bold\" style=\"font-weight:bold;\">Lugar de impartici\u00f3n<\/td>\n      <td class=\"hoverable\"><a href=\"https:\/\/www.ull.es\/centros\/facultad-derecho\/\" target=\"_blank\" rel=\"noopener\">Facultad de Derecho<\/a><\/td>\n    <\/tr>\n    <tr style=\"background-color:#fff;\">\n      <td class=\"hoverable fw-bold\" width=\"30%\" style=\"font-weight:bold;\">Plazas ofertadas:<\/td>\n      <td class=\"hoverable\" width=\"70%\">15 plazas de nuevo ingreso<\/td>\n    <\/tr>\n    <tr style=\"background-color:#f8f9fa;\">\n      <td class=\"hoverable fw-bold\" style=\"font-weight:bold;\">N\u00famero de cr\u00e9ditos:<\/td>\n      <td class=\"hoverable\">372 ECTS<\/td>\n    <\/tr>\n    <tr style=\"background-color:#fff;\">\n      <td class=\"hoverable fw-bold\" style=\"font-weight:bold;\">Duraci\u00f3n del t\u00edtulo<\/td>\n      <td class=\"hoverable\">5 a\u00f1os<\/td>\n    <\/tr>\n    <tr style=\"background-color:#fff;\">\n      <td class=\"hoverable fw-bold\" style=\"font-weight:bold;\">Idiomas en los que se imparte:<\/td>\n      <td class=\"hoverable\">Castellano<\/td>\n    <\/tr>\n    <tr style=\"background-color:#f8f9fa;\">\n      <td class=\"hoverable fw-bold\">Justificaci\u00f3n del t\u00edtulo<\/td>\n      <td class=\"hoverable\" ><a href=\"https:\/\/drive.google.com\/open?id=1QbCKilVaEHZN4qblLIFNKxXRMx45PsDe\" target=\"_blank\" rel=\"noopener\">Acceso a la justificaci\u00f3n de Grado en Derecho<\/a><br><a href=\"https:\/\/drive.google.com\/open?id=1HJ8oI_3Dsbmua3L55udbjwB1A1SDGfbE\" target=\"_blank\" rel=\"noopener\">Acceso a la justificaci\u00f3n de Grado en Relaciones Laborales<\/a><\/td>\n    <\/tr>\n    <tr style=\"background-color:#f8f9fa;\">\n      <td class=\"hoverable fw-bold\" style=\"border-bottom-left-radius: 1.5rem; font-weight:bold;\">Profesi\u00f3n regulada<\/td>\n      <td class=\"hoverable\" style=\"border-bottom-right-radius: 1.5rem;\">Este t\u00edtulo, junto al MU en Abogac\u00eda, habilitan para el ejercicio de actividades profesionales seg\u00fan el <a href=\"https:\/\/www.boe.es\/buscar\/act.php?id=BOE-A-2011-10459\" target=\"_blank\" rel=\"noopener\">REAL DECRETO 775\/2011<\/a>, de 3 de junio, por el que se aprueba el Reglamento de la Ley 34\/2006, de 30 de octubre, sobre el acceso a las profesiones de Abogado\/a y Procurador\/a de los Tribunales.<\/td>\n    <\/tr>\n  <\/tbody>\n<\/table>\n\n\n\n<h3 class=\"wp-block-heading\">Denominaci\u00f3n<\/h3>\n\n\n\n<p>Doble Grado en Derecho y&nbsp;en&nbsp;Relaciones Laborales<\/p>\n\n\n\n<h3 class=\"wp-block-heading\"><strong>Centro responsable de la ense\u00f1anza conducente al t\u00edtulo<\/strong><\/h3>\n\n\n\n<p>Facultad de Derecho.<br>Universidad de La Laguna (ULL).<\/p>\n\n\n\n<h3 class=\"wp-block-heading\"><strong>Tipo de ense\u00f1anza<\/strong><\/h3>\n\n\n\n<p>Presencial.<\/p>\n\n\n\n<p>La Universidad de La Laguna dispone de un campus virtual desde el curso acad\u00e9mico 2005-2006, y ha desarrollado Proyectos Piloto de Docencia Virtual, estableciendo que un m\u00e1ximo del 30% de la docencia y\/o tutor\u00edas presenciales puedan desarrollarse de modo virtual, a trav\u00e9s de las aulas virtuales que tiene cada asignatura. En el curso acad\u00e9mico 2007-2008 participaban el los proyectos piloto un total del 25% del profesorado, a lo que debe sumarse las aulas virtuales para proyectos de investigaci\u00f3n, programas propios de posgrado, plan de formaci\u00f3n del personal docente y del personal de administraci\u00f3n y servicios y otras actividades realizadas. Por ello, algunas actividades de algunas asignaturas podr\u00e1n desarrollarse de manera semipresencial.<\/p>\n\n\n\n<h3 class=\"wp-block-heading\">N\u00famero de plazas de nuevo ingreso ofertadas<\/h3>\n\n\n\n<p>Se ofertar\u00e1n 15 plazas de nuevo ingreso.<\/p>\n\n\n\n<p>El o la estudiante tiene que solicitar plaza a una oferta diferenciada de la doble titulaci\u00f3n de Grado mediante la preinscripci\u00f3n universitaria. La nota de corte para acceder en un curso acad\u00e9mico a un doble grado no puede ser, en ning\u00fan caso, inferior a la nota de corte para acceder a cada uno de los grados que forman parte del doble grado.<\/p>\n\n\n\n<p>Las plazas que se ofertan en esta modalidad est\u00e1n dirigidas al cupo general (bachiller y ciclo formativo grado superior) y se reservan para solicitantes con t\u00edtulo de Bachillerato con EBAU o con t\u00edtulo oficial de t\u00e9cnico superior de formaci\u00f3n profesional o equivalentes, que configurar\u00e1n un solo cupo. No obstante, se respetar\u00e1 lo establecido en el Real Decreto 534\/2024, de 11 de junio para los cupos de personas con discapacidad y deportistas de alto nivel o rendimiento.<\/p>\n\n\n\n<h3 class=\"wp-block-heading\">N\u00famero de cr\u00e9ditos de matr\u00edcula por estudiante y per\u00edodo lectivo y requisitos de matriculaci\u00f3n<\/h3>\n\n\n\n<h3 class=\"wp-block-heading\">N\u00famero de cr\u00e9ditos del t\u00edtulo<\/h3>\n\n\n\n<p>La titulaci\u00f3n del Doble Grado consta de 372 ECTS, que cada estudiante deber\u00e1 cursar, y superar, para la obtenci\u00f3n del t\u00edtulo.<\/p>\n\n\n\n<h4 class=\"wp-block-heading\"><strong>Normas de permanencia<\/strong><\/h4>\n\n\n\n<p>Para poder mantenerse en el Programa de Doble Grado, el estudiantado tendr\u00e1 que superar, al menos, 36 cr\u00e9ditos de los matriculados por primera vez. De no superarlos, podr\u00e1 seguir cursando los dos grados fuera del Programa de Doble Grado si re\u00fane los requisitos de la simultaneidad de estudios.<\/p>\n\n\n\n<p>En los supuestos de abandono del Programa, el estudiante tendr\u00e1 derecho a elegir la titulaci\u00f3n que desee de entre las que lo conformen, por una vez y siempre que cumpla con el requisito previsto por la Normativa de Progreso y Permanencia de la Universidad de La Laguna para el estudiantado que haya finalizado el curso de su primera matr\u00edcula. En estos supuestos, la comisi\u00f3n acad\u00e9mica del t\u00edtulo correspondiente har\u00e1 los reconocimientos que sean oportunos teniendo en cuenta la tabla de reconocimiento de asignaturas o bloques de asignaturas aprobada en el Programa.<\/p>\n\n\n\n<p>Si un estudiante abandona el Programa de forma voluntaria o por no cumplir los requisitos indicados en este art\u00edculo, no podr\u00e1 volver a matricularse en el mismo. Asimismo, se entiende por abandono del Programa no matricularse dos cursos acad\u00e9micos sucesivos.<\/p>\n\n\n\n<p>Si el estudiante decide abandonar el Programa de Doble Grado y continuar solo uno de los t\u00edtulos que lo componen, la decisi\u00f3n adoptada se considerar\u00e1 irrevocable, si bien en cursos posteriores podr\u00eda matricularse como estudiante de continuaci\u00f3n en el otro t\u00edtulo, siempre que cumpla con el rendimiento m\u00ednimo exigido por la Normativa de Permanencia y Progreso o, en caso contrario, someterse a los procedimientos de admisi\u00f3n.<\/p>\n\n\n\n<h4 class=\"wp-block-heading\"><strong>Necesidades Educativas Especiales<\/strong><\/h4>\n\n\n\n<p>Desde el curso 1999\/2000, el Vicerrectorado de Alumnado de la Universidad de La Laguna ha puesto en marcha el Programa de Atenci\u00f3n a Estudiantes con Discapacidad, con el objetivo de garantizar la igualdad de condiciones del estudiantado con discapacidad con las del resto de estudiantes, integrando a estas personas en la Universidad en todos los aspectos que afecten a los estudios y la vida universitaria. Para ello anualmente se realizan una serie de proyectos y actuaciones que se resumen en:<\/p>\n\n\n\n<ul class=\"wp-block-list\">\n<li>Informar y asesorar al alumnado que vaya a acceder a la ULL.<\/li>\n\n\n\n<li>Realizar un censo del alumnado con discapacidades que estudian en nuestra Universidad, para garantizar una atenci\u00f3n personalizada.<\/li>\n\n\n\n<li>Atender los problemas de integraci\u00f3n que tenga el alumnado, conocer sus necesidades y darles respuesta.<\/li>\n\n\n\n<li>Promover la eliminaci\u00f3n de barreras arquitect\u00f3nicas y de la comunicaci\u00f3n, realizando estudios de accesibilidad a los edificios universitarios.<\/li>\n\n\n\n<li>Mantener un contacto y\u00a0 una atenci\u00f3n directa con todos aquel estudiantado que acuda al Programa.<\/li>\n\n\n\n<li>Informar y asesorar al profesorado sobre las dificultades de su alumnado y la did\u00e1ctica con la que se podr\u00edan superar.<\/li>\n\n\n\n<li>Ofertar las ayudas t\u00e9cnicas que necesite el estudiantado con discapacidad.<\/li>\n\n\n\n<li>Dar informaci\u00f3n sobre titulaciones, cursos de formaci\u00f3n, congresos, actividades deportivas y otras actividades relacionadas con el mundo de la discapacidad.<\/li>\n\n\n\n<li>Fomentar y apoyar el asociacionismo entre estudiantes con discapacidad.<\/li>\n\n\n\n<li>Realizar compa\u00f1as de sensibilizaci\u00f3n y formaci\u00f3n sobre temas de discapacidad dirigidas a la comunidad universitaria.<\/li>\n\n\n\n<li>Colaborar y coordinarnos con aquellas instituciones y organizaciones vinculadas al campo de la discapacidad.<\/li>\n<\/ul>\n\n\n\n<h4 class=\"wp-block-heading\"><strong>Resto de informaci\u00f3n necesaria para la expedici\u00f3n del Suplemento Europeo al t\u00edtulo de acuerdo con la normativa vigente<\/strong><\/h4>\n\n\n\n<p>Rama de conocimiento: Ciencias Sociales y Jur\u00eddicas.<\/p>\n\n\n\n<p>Naturaleza de la instituci\u00f3n que ha conferido el t\u00edtulo: Instituci\u00f3n P\u00fablica.<\/p>\n\n\n\n<p>Naturaleza del centro universitario en el que el titulado ha finalizado sus estudios: Centro propio de la Universidad.<\/p>\n\n\n\n<p>Profesiones para las que capacita una vez obtenido el t\u00edtulo:<\/p>\n\n\n\n<ul class=\"wp-block-list\">\n<li>Abogado\/a.\u00a0Procurador\/a.<\/li>\n\n\n\n<li>Notario\/a. Registrador\/a.<\/li>\n\n\n\n<li>Funcionario\/a de la Administraci\u00f3n de Justicia (juez\/a, fiscal, letrado\/a de la Administraci\u00f3n de Justicia), etc.<\/li>\n\n\n\n<li>Funcionario\/a de las Administraciones P\u00fablicas. Escala Superior (Abogado del Estado, Inspector de Trabajo, T\u00e9cnico de la Seguridad Social, etc.)<\/li>\n\n\n\n<li>Funcionario\/a de Organizaciones Internacionales y Uni\u00f3n Europea.<\/li>\n\n\n\n<li>Ense\u00f1anza del Derecho<\/li>\n<\/ul>\n\n\n\n<h4 class=\"wp-block-heading\"><strong>Idioma en el que se imparte el t\u00edtulo<\/strong><\/h4>\n\n\n\n<p>Lengua utilizada a lo largo del proceso formativo: Castellano.<\/p>\n\n\n\n<h3 class=\"wp-block-heading\">Profesi\u00f3n regulada<\/h3>\n\n\n\n<p>Este t\u00edtulo, junto al MU en Abogac\u00eda, habilitan para el ejercicio de actividades profesionales seg\u00fan el&nbsp;<a href=\"https:\/\/www.boe.es\/buscar\/act.php?id=BOE-A-2011-10459\" target=\"_blank\" rel=\"noreferrer noopener\" target=\"_blank\" rel=\"noopener\">REAL DECRETO 775\/2011<\/a>, de 3 de junio, por el que se aprueba el Reglamento de la Ley 34\/2006, de 30 de octubre, sobre el acceso a las profesiones de Abogado\/a y Procurador\/a de los Tribunales.<\/p>\n<\/div><\/div><\/div>\n<\/div><\/div>\n","protected":false},"excerpt":{"rendered":"<p>Descripci\u00f3n del t\u00edtulo Nombre del t\u00edtulo: Doble Grado en Derecho y Relaciones Laborales por la Universidad de La Laguna Universidad y centros responsables: Universidad de La Laguna. Facultad de Derecho. Modalidad de ense\u00f1anza: Presencial Lugar de impartici\u00f3n Facultad de Derecho Plazas ofertadas: 15 plazas de nuevo ingreso N\u00famero de cr\u00e9ditos: 372 ECTS Duraci\u00f3n del t\u00edtulo&#8230;<\/p>","protected":false},"author":1,"featured_media":0,"parent":252,"menu_order":0,"comment_status":"closed","ping_status":"closed","template":"templates\/template-frontpage.php","meta":{"footnotes":""},"class_list":["post-35","page","type-page","status-publish","hentry"],"_links":{"self":[{"href":"https:\/\/www.ull.es\/grados\/derecho-y-relaciones-laborales\/en\/wp-json\/wp\/v2\/pages\/35","targetHints":{"allow":["GET"]}}],"collection":[{"href":"https:\/\/www.ull.es\/grados\/derecho-y-relaciones-laborales\/en\/wp-json\/wp\/v2\/pages"}],"about":[{"href":"https:\/\/www.ull.es\/grados\/derecho-y-relaciones-laborales\/en\/wp-json\/wp\/v2\/types\/page"}],"author":[{"embeddable":true,"href":"https:\/\/www.ull.es\/grados\/derecho-y-relaciones-laborales\/en\/wp-json\/wp\/v2\/users\/1"}],"replies":[{"embeddable":true,"href":"https:\/\/www.ull.es\/grados\/derecho-y-relaciones-laborales\/en\/wp-json\/wp\/v2\/comments?post=35"}],"version-history":[{"count":43,"href":"https:\/\/www.ull.es\/grados\/derecho-y-relaciones-laborales\/en\/wp-json\/wp\/v2\/pages\/35\/revisions"}],"predecessor-version":[{"id":1373,"href":"https:\/\/www.ull.es\/grados\/derecho-y-relaciones-laborales\/en\/wp-json\/wp\/v2\/pages\/35\/revisions\/1373"}],"up":[{"embeddable":true,"href":"https:\/\/www.ull.es\/grados\/derecho-y-relaciones-laborales\/en\/wp-json\/wp\/v2\/pages\/252"}],"wp:attachment":[{"href":"https:\/\/www.ull.es\/grados\/derecho-y-relaciones-laborales\/en\/wp-json\/wp\/v2\/media?parent=35"}],"curies":[{"name":"wp","href":"https:\/\/api.w.org\/{rel}","templated":true}]}}