{"id":32,"date":"2017-06-28T12:47:36","date_gmt":"2017-06-28T12:47:36","guid":{"rendered":"http:\/\/www.ull.es\/masteres\/desarrollo-y-gestion-de-recursos-humanos\/?page_id=18"},"modified":"2025-11-20T16:16:10","modified_gmt":"2025-11-20T16:16:10","slug":"apoyo-y-orientacion","status":"publish","type":"page","link":"https:\/\/www.ull.es\/grados\/derecho\/fr\/informacion-academica\/apoyo-y-orientacion\/","title":{"rendered":"Soutien et orientation"},"content":{"rendered":"\n<div class=\"wp-block-stackable-columns alignfull stk-block-columns stk-block stk-8657999\" data-block-id=\"8657999\"><style>.stk-8657999 {padding-bottom:0px !important;margin-top:-30px !important;margin-bottom:0px !important;}@media screen and (max-width: 767px){.stk-8657999 {margin-top:-10% !important;}}<\/style><div class=\"stk-row stk-inner-blocks stk-block-content stk-content-align stk-8657999-column alignfull\">\n<div class=\"wp-block-stackable-column stk-block-column stk-column stk-block stk-914f03e\" data-v=\"4\" data-block-id=\"914f03e\"><div class=\"stk-column-wrapper stk-block-column__content stk-container stk-914f03e-container stk--no-background stk--no-padding\"><div class=\"stk-block-content stk-inner-blocks stk-914f03e-inner-blocks\"><style id=\"depicter-1-inline-pre-css\">\n\n.depicter-1:not(.depicter-ready){\n\theight:500px;\n}\n\n\/***** Tablet *****\/\n@media screen and (max-width: 1024px){\n\n.depicter-1:not(.depicter-ready){\n\theight:700px;\n}\n\n}\n\/***** Mobile *****\/\n@media screen and (max-width: 767px){\n\n.depicter-1:not(.depicter-ready){\n\theight:360px;\n}\n\n}\n<\/style>\n<div id=\"depicter-1\" class=\"depicter depicter-document depicter-revert depicter-1 depicter-layout-fullwidth\">\n\n<div class=\"depicter-loading-container depicter-loading dotFlashing-dark\"><div class=\"depicter-loading-dark depicter-dot-flashing\">\n   <span><\/span>\n   <span><\/span>\n   <span><\/span>\n<\/div>\n<\/div>\n<div id=\"depicter-1-section-1\" class=\"depicter-section depicter-1-section-1\" data-name=\"Section 1\" data-type=\"section\" data-local-id=\"section-1\">\n<picture class=\"depicter-bg\">\n<source data-depicter-srcset=\"https:\/\/www.ull.es\/grados\/derecho\/wp-content\/uploads\/sites\/17\/2025\/04\/Slider_Derecho-768x248.jpg, https:\/\/www.ull.es\/grados\/derecho\/wp-content\/uploads\/sites\/17\/2025\/04\/Slider_Derecho.jpg 2x\" srcset=\"data:image\/gif;base64,R0lGODlhAQABAIAAAAAAAP\/\/\/yH5BAEAAAAALAAAAAABAAEAAAIBRAA7\" media=\"(max-width: 1024px)\" \/>\n\n<source data-depicter-srcset=\"https:\/\/www.ull.es\/grados\/derecho\/wp-content\/uploads\/sites\/17\/2025\/04\/Slider_Derecho.jpg, https:\/\/www.ull.es\/grados\/derecho\/wp-content\/uploads\/sites\/17\/2025\/04\/Slider_Derecho-1921x620.jpg 2x\" srcset=\"data:image\/gif;base64,R0lGODlhAQABAIAAAAAAAP\/\/\/yH5BAEAAAAALAAAAAABAAEAAAIBRAA7\" media=\"(min-width: 1025px)\" \/>\n<img decoding=\"async\" src=\"data:image\/gif;base64,R0lGODlhAQABAIAAAAAAAP\/\/\/yH5BAEAAAAALAAAAAABAAEAAAIBRAA7\" data-ken-burns=\"false\" data-tablet-ken-burns=\"false\" data-mobile-ken-burns=\"false\" alt=\"\" data-depicter-src=\"https:\/\/www.ull.es\/grados\/derecho\/wp-content\/uploads\/sites\/17\/2025\/04\/Slider_Derecho.jpg\" data-object-fit=\"custom,custom,\" data-object-position=\"center top,,\" data-crop=\"{'focalPoint':{'x':0.5,'y':0.5},'mediaSize':{'width':1394.274193548387074770289473235607147216796875,'height':450}}\" data-tablet-crop=\"{'focalPoint':{'x':0.7600000000000000088817841970012523233890533447265625,'y':0.5},'mediaSize':{'width':2168,'height':700}}\" data-mobile-crop=\"{'focalPoint':{'x':0.5,'y':0.5},'mediaSize':{'width':1115.41935483870975076570175588130950927734375,'height':360}}\" \/>\n<\/picture>\n\n\n<h1 id=\"depicter-1-element-5\" class=\"depicter-element depicter-layer depicter-1-element-5\" data-type=\"text\" data-wrap=\"true\" data-name=\"Text 2\" data-local-id=\"element-5\" data-offset=\"x:219px;y:201px;origin:tl\" data-tablet-offset=\"x:286px;y:321px;origin:tl\" data-mobile-offset=\"x:55px;y:-104px;origin:tl\" data-width=\"763px,447px,249px\" data-height=\"auto,auto,auto\" data-responsive-scale=\"true,,\">Grado en Derecho<\/h1>\n\n<div id=\"depicter-1-element-10\" class=\"depicter-element depicter-layer depicter-1-element-10\" data-type=\"shape\" data-wrap=\"true\" data-name=\"Shape 1\" data-local-id=\"element-10\" data-offset=\"x:233px;y:310px;origin:tl\" data-tablet-offset=\"x:293px;y:378px;origin:tl\" data-mobile-offset=\"x:55px;y:8px;origin:tl\" data-width=\"735px,421px,208px\" data-height=\"8px,8px,8px\" data-responsive-scale=\"true,,\"><\/div>\n<\/div>\n<\/div>\n<script>\n(window.depicterSetups = window.depicterSetups || []).push(function(){\n\tDepicter.basePath = 'https:\/\/www.ull.es\/grados\/derecho\/wp-content\/plugins\/depicter\/resources\/scripts\/player\/';\n\tconst dpPlayer = Depicter.setup('.depicter-1',\n\t\t{\"width\":[\"1200\",\"1024\",\"360\"],\"height\":[\"500\",\"700\",\"360\"],\"view\":\"basic\",\"keepAspectRatio\":true,\"preload\":0,\"layout\":\"fullwidth\",\"rtl\":false,\"initAfterAppear\":false,\"ajaxApiUrl\":\"https:\\\/\\\/www.ull.es\\\/grados\\\/derecho\\\/wp-admin\\\/admin-ajax.php\",\"mouseSwipe\":true,\"touchSwipe\":true,\"useWatermark\":false}\n\t);\n});\n<\/script><\/div><\/div><\/div>\n<\/div><\/div>\n\n\n\n<div class=\"wp-block-stackable-columns alignfull stk-block-columns stk--hide-mobile stk-block stk-ceecbdc stk-block-background\" data-block-id=\"ceecbdc\"><style>.stk-ceecbdc {background-color:#360060 !important;padding-top:35px !important;padding-right:0px !important;padding-bottom:2px !important;padding-left:0px !important;margin-top:-20px !important;margin-bottom:70px !important;}.stk-ceecbdc:before{background-color:#360060 !important;}<\/style><div class=\"stk-row stk-inner-blocks stk-block-content stk-content-align stk-ceecbdc-column alignfull\">\n<div class=\"wp-block-stackable-column stk-block-column stk-column stk-block stk-fc60a5d\" data-v=\"4\" data-block-id=\"fc60a5d\"><div class=\"stk-column-wrapper stk-block-column__content stk-container stk-fc60a5d-container stk--no-background stk--no-padding\"><div class=\"stk-block-content stk-inner-blocks stk-fc60a5d-inner-blocks\">\n<div class=\"wp-block-stackable-spacer stk-block-spacer stk--no-padding stk-block stk-a3a8a68\" data-block-id=\"a3a8a68\"><style>.stk-a3a8a68 {height:0px !important;}<\/style><\/div>\n<\/div><\/div><\/div>\n<\/div><\/div>\n\n\n\n<div class=\"wp-block-stackable-columns stk-block-columns stk-block stk-8b59b96\" data-block-id=\"8b59b96\"><style>.stk-8b59b96 .stk--block-align-8b59b96{align-items:flex-start !important;}.stk-8b59b96 {margin-top:25px !important;}.stk-8b59b96-column{--stk-columns-spacing:0px !important;--stk-column-gap:50px !important;}@media screen and (max-width: 767px){.stk-8b59b96-column{row-gap:var(--stk--preset--spacing--60, 2.25rem) !important;}}<\/style><div class=\"stk-row stk-inner-blocks stk--block-align-8b59b96 stk-block-content stk-content-align stk-8b59b96-column\">\n<div class=\"wp-block-stackable-column stk-block-column stk-column stk-block stk-dbb7e15\" data-v=\"4\" data-block-id=\"dbb7e15\"><div class=\"stk-column-wrapper stk-block-column__content stk-container stk-dbb7e15-container stk--no-background stk--no-padding\"><div class=\"stk-block-content stk-inner-blocks stk-dbb7e15-inner-blocks\">\n<div class=\"wp-block-stackable-heading stk-block-heading stk-block-heading--v2 stk-block stk-689c258\" id=\"apoyo-y-orientacion\" data-block-id=\"689c258\"><style>.stk-689c258 .stk-block-heading__text{color:#5c068c !important;}<\/style><h1 class=\"stk-block-heading__text has-text-color\">Apoyo y orientaci\u00f3n<\/h1><\/div>\n\n\n\n<p>Los centros de la ULL ponen en marcha, cada curso acad\u00e9mico, los Planes de Orientaci\u00f3n y Acci\u00f3n Tutorial (POAT) a desarrollar en sus titulaciones para proporcionar al estudiantado sistemas de apoyo y orientaci\u00f3n una vez matriculados.<\/p>\n\n\n\n<p>Las actividades formativas, incluidas en el POAT, abordan diversas tem\u00e1ticas a trav\u00e9s de las que pretende facilitar al alumnado su toma de decisiones acad\u00e9mico-profesional en sus diferentes etapas (acogida e integraci\u00f3n en el centro y la universidad, orientaci\u00f3n a lo largo de la titulaci\u00f3n y para su incorporaci\u00f3n al mercado laboral), que le permita superar con \u00e9xito la titulaci\u00f3n y adaptarse a las nuevas demandas: estrategias de aprendizaje aut\u00f3nomo, trabajo en equipo, mejora de resultados de rendimiento acad\u00e9mico, resoluci\u00f3n de dificultades, informaci\u00f3n y asesoramiento sobre pr\u00e1cticas externas y trabajo fin de grado, orientaci\u00f3n sobre los programas de movilidad existentes, exigencias y caracter\u00edsticas del mercado laboral, etc.<\/p>\n\n\n\n<p>Al estar matriculado en la ULL el alumnado de la titulaci\u00f3n puede participar en el POAT de su centro, benefici\u00e1ndose de:<\/p>\n\n\n\n<ul class=\"wp-block-list\">\n<li>Las actividades de formaci\u00f3n e informaci\u00f3n proporcionadas a lo largo de la titulaci\u00f3n.<\/li>\n\n\n\n<li>El asesoramiento del profesorado-tutor, que le apoyar\u00e1 en sus inquietudes intelectuales, acad\u00e9micas y profesionales.<\/li>\n\n\n\n<li>Su reconocimiento en cr\u00e9ditos ECTS \u2013 3 por curso acad\u00e9mico-, tal y como recogen las directrices para el dise\u00f1o, desarrollo., seguimiento y evaluaci\u00f3n de los planes de orientaci\u00f3n y acci\u00f3n tutorial de los centros del a Universidad de La Laguna.<\/li>\n<\/ul>\n\n\n\n<p>La Garant\u00eda de la Calidad es un fin esencial de la pol\u00edtica universitaria y un eje sobre el que se articulan otros criterios de calidad fundamentales para la verificaci\u00f3n y acreditaci\u00f3n de las ense\u00f1anzas oficiales, en consonancia con lo establecido en la construcci\u00f3n del Espacio Europeo de Educaci\u00f3n Superior (EEES). En este contexto, la orientaci\u00f3n y la tutorizaci\u00f3n del estudiantado se convierten en un elemento clave y necesario de calidad y, como tal, se ha recogido en la normativa y programas de evaluaci\u00f3n y calidad nacionales (programas AUDIT, VERIFICA y DOCENTIA de la ANECA) y auton\u00f3micos (Protocolo para el Seguimiento de las Titulaciones Oficiales). La importancia de la orientaci\u00f3n y acci\u00f3n tutorial para la formaci\u00f3n del estudiantado universitario aparece referida en una amplia y diversa normativa en los distintos \u00e1mbitos: estatal, auton\u00f3mico, y de la propia ULL, que se detalla en el Anexo del presente documento.<\/p>\n\n\n\n<p>Coordinaci\u00f3n: Prof. Dra. Ver\u00f3nica D. D\u00edaz Sazo (<a href=\"mailto:vdiazsaz@ull.edu.es\" target=\"_blank\" rel=\"noreferrer noopener\" target=\"_blank\" rel=\"noopener\">vdiazsaz@ull.es<\/a>)<\/p>\n\n\n\n<p>El desarrollo del Programa de Orientaci\u00f3n y Tutorizaci\u00f3n (POAT) ha descansado en el trabajo realizado por diferentes agentes y \u00f3rganos de la Facultad, que llevan a cabo su trabajo de forma coordinada. Para el desarrollo del POAT se siguieron dos grandes modelos: tutor\u00eda acad\u00e9mica y actividades de orientaci\u00f3n. Su &nbsp;desarrollo tiene lugar en distintos planos de actuaci\u00f3n (aulas, seminarios de departamentos, despachos del profesorado, etc). Este enfoque global de la intervenci\u00f3n se ajusta a las directrices establecidas por el Vicerrectorado de Innovaci\u00f3n Docente, Calidad y Campus Anchieta.<\/p>\n\n\n\n<details class=\"wp-block-stackable-accordion stk-block-accordion stk-inner-blocks stk-block-content stk-block stk-7c390cd is-style-default\" id=\"acceso\" data-block-id=\"7c390cd\"><style>.stk-7c390cd {border-style:solid !important;border-top-width:0px !important;border-right-width:0px !important;border-bottom-width:1px !important;border-left-width:0px !important;margin-bottom:11px !important;}<\/style>\n<summary class=\"wp-block-stackable-column stk-block-column stk-column stk-block stk-c927805 stk--container-small stk-block-accordion__heading\" data-v=\"4\" data-block-id=\"c927805\"><style>.stk-c927805 {padding-top:2px !important;padding-right:2px !important;padding-bottom:2px !important;padding-left:2px !important;}<\/style><div class=\"stk-column-wrapper stk-block-column__content stk-container stk-c927805-container stk--no-background stk--no-padding\"><div class=\"stk-block-content stk-inner-blocks stk-c927805-inner-blocks\">\n<div class=\"wp-block-stackable-icon-label stk-block-icon-label stk-block stk-7935446\" data-block-id=\"7935446\"><style>.stk-7935446 .stk-inner-blocks{gap:39px !important;}@media screen and (max-width: 1023px){.stk-7935446 .stk-inner-blocks{gap:39px !important;}}@media screen and (max-width: 767px){.stk-7935446 .stk-inner-blocks{gap:39px !important;}}<\/style><div class=\"stk-row stk-inner-blocks stk-block-content\">\n<div class=\"wp-block-stackable-icon stk-block-icon stk-block stk-9a468d5\" data-block-id=\"9a468d5\"><style>.stk-9a468d5 .stk--svg-wrapper .stk--inner-svg svg:last-child{height:25px !important;width:25px !important;}.stk-9a468d5 .stk--svg-wrapper .stk--inner-svg svg:last-child, .stk-9a468d5 .stk--svg-wrapper .stk--inner-svg svg:last-child :is(g, path, rect, polygon, ellipse){fill:#5c068c !important;}<\/style><span class=\"stk--svg-wrapper stk--has-icon2\"><div class=\"stk--inner-svg\"><svg style=\"height:0;width:0\"><defs><linearGradient id=\"linear-gradient-9a468d5\" x1=\"0\" x2=\"100%\" y1=\"0\" y2=\"0\"><stop offset=\"0%\" style=\"stop-opacity:1;stop-color:var(--linear-gradient-9-a-468-d-5-color-1)\"><\/stop><stop offset=\"100%\" style=\"stop-opacity:1;stop-color:var(--linear-gradient-9-a-468-d-5-color-2)\"><\/stop><\/linearGradient><\/defs><\/svg><svg xmlns=\"http:\/\/www.w3.org\/2000\/svg\" viewBox=\"0 0 448 512\" aria-hidden=\"true\" width=\"32\" height=\"32\"><path d=\"M224 256A128 128 0 1 0 224 0a128 128 0 1 0 0 256zm-45.7 48C79.8 304 0 383.8 0 482.3C0 498.7 13.3 512 29.7 512H418.3c16.4 0 29.7-13.3 29.7-29.7C448 383.8 368.2 304 269.7 304H178.3z\"><\/path><\/svg><\/div><div class=\"stk--inner-svg stk--icon-2\" style=\"display:none\"><svg style=\"height:0;width:0\"><defs><linearGradient id=\"linear-gradient-9a468d5\" x1=\"0\" x2=\"100%\" y1=\"0\" y2=\"0\"><stop offset=\"0%\" style=\"stop-opacity:1;stop-color:var(--linear-gradient-9-a-468-d-5-color-1)\"><\/stop><stop offset=\"100%\" style=\"stop-opacity:1;stop-color:var(--linear-gradient-9-a-468-d-5-color-2)\"><\/stop><\/linearGradient><\/defs><\/svg><svg xmlns=\"http:\/\/www.w3.org\/2000\/svg\" viewBox=\"0 0 448 512\" aria-hidden=\"true\" width=\"32\" height=\"32\"><path d=\"M219.3 .5c3.1-.6 6.3-.6 9.4 0l200 40C439.9 42.7 448 52.6 448 64s-8.1 21.3-19.3 23.5L352 102.9V160c0 70.7-57.3 128-128 128s-128-57.3-128-128V102.9L48 93.3v65.1l15.7 78.4c.9 4.7-.3 9.6-3.3 13.3s-7.6 5.9-12.4 5.9H16c-4.8 0-9.3-2.1-12.4-5.9s-4.3-8.6-3.3-13.3L16 158.4V86.6C6.5 83.3 0 74.3 0 64C0 52.6 8.1 42.7 19.3 40.5l200-40zM111.9 327.7c10.5-3.4 21.8 .4 29.4 8.5l71 75.5c6.3 6.7 17 6.7 23.3 0l71-75.5c7.6-8.1 18.9-11.9 29.4-8.5C401 348.6 448 409.4 448 481.3c0 17-13.8 30.7-30.7 30.7H30.7C13.8 512 0 498.2 0 481.3c0-71.9 47-132.7 111.9-153.6z\"><\/path><\/svg><\/div><\/span><\/div>\n\n\n\n<div class=\"wp-block-stackable-heading stk-block-heading stk-block-heading--v2 stk-block stk-31863c1\" id=\"acceso\" data-block-id=\"31863c1\"><style>.stk-31863c1 .stk-block-heading__text{color:#000000 !important;font-weight:500 !important;font-family:\"ArgentumSans\", Sans-serif !important;}<\/style><h4 class=\"stk-block-heading__text has-text-color\"><span style=\"color: #000000;\" class=\"stk-highlight\">Organizaci\u00f3n del POAT<\/span><\/h4><\/div>\n<\/div><\/div>\n<\/div><\/div><\/summary>\n\n\n\n<div class=\"wp-block-stackable-column stk-block-column stk-column stk-block stk-5222666 stk-block-accordion__content\" data-v=\"4\" data-block-id=\"5222666\"><style>.stk-5222666 {margin-top:-30px !important;}<\/style><div class=\"stk-column-wrapper stk-block-column__content stk-container stk-5222666-container stk--no-background stk--no-padding\"><div class=\"stk-block-content stk-inner-blocks stk-5222666-inner-blocks\">\n<p><a href=\"https:\/\/www.ull.es\/servicios\/servicio-de-informacion-y-orientacion-sio\/\" target=\"_blank\" rel=\"noopener\">M\u00e1s informaci\u00f3n<\/a><\/p>\n<\/div><\/div><\/div>\n<\/details>\n\n\n\n<details class=\"wp-block-stackable-accordion stk-block-accordion stk-inner-blocks stk-block-content stk-block stk-88a7c9c is-style-default\" id=\"admision\" data-block-id=\"88a7c9c\"><style>.stk-88a7c9c {border-style:solid !important;border-top-width:0px !important;border-right-width:0px !important;border-bottom-width:1px !important;border-left-width:0px !important;margin-bottom:10px !important;}<\/style>\n<summary class=\"wp-block-stackable-column stk-block-column stk-column stk-block stk-27019df stk--container-small stk-block-accordion__heading\" data-v=\"4\" data-block-id=\"27019df\"><style>.stk-27019df {padding-top:2px !important;padding-right:2px !important;padding-bottom:2px !important;padding-left:2px !important;}<\/style><div class=\"stk-column-wrapper stk-block-column__content stk-container stk-27019df-container stk--no-background stk--no-padding\"><div class=\"stk-block-content stk-inner-blocks stk-27019df-inner-blocks\">\n<div class=\"wp-block-stackable-icon-label stk-block-icon-label stk-block stk-9c9ce7e\" data-block-id=\"9c9ce7e\"><style>.stk-9c9ce7e .stk-inner-blocks{gap:39px !important;}@media screen and (max-width: 1023px){.stk-9c9ce7e .stk-inner-blocks{gap:39px !important;}}@media screen and (max-width: 767px){.stk-9c9ce7e .stk-inner-blocks{gap:39px !important;}}<\/style><div class=\"stk-row stk-inner-blocks stk-block-content\">\n<div class=\"wp-block-stackable-icon stk-block-icon stk-block stk-61c8ad3\" data-block-id=\"61c8ad3\"><style>.stk-61c8ad3 .stk--svg-wrapper .stk--inner-svg svg:last-child{height:25px !important;width:25px !important;}.stk-61c8ad3 .stk--svg-wrapper .stk--inner-svg svg:last-child, .stk-61c8ad3 .stk--svg-wrapper .stk--inner-svg svg:last-child :is(g, path, rect, polygon, ellipse){fill:#5c068c !important;}<\/style><span class=\"stk--svg-wrapper stk--has-icon2\"><div class=\"stk--inner-svg\"><svg style=\"height:0;width:0\"><defs><linearGradient id=\"linear-gradient-61c8ad3\" x1=\"0\" x2=\"100%\" y1=\"0\" y2=\"0\"><stop offset=\"0%\" style=\"stop-opacity:1;stop-color:var(--linear-gradient-61-c-8-ad-3-color-1)\"><\/stop><stop offset=\"100%\" style=\"stop-opacity:1;stop-color:var(--linear-gradient-61-c-8-ad-3-color-2)\"><\/stop><\/linearGradient><\/defs><\/svg><svg xmlns=\"http:\/\/www.w3.org\/2000\/svg\" viewBox=\"0 0 512 512\" aria-hidden=\"true\" width=\"32\" height=\"32\"><path d=\"M256 512A256 256 0 1 0 256 0a256 256 0 1 0 0 512zM369 209L241 337c-9.4 9.4-24.6 9.4-33.9 0l-64-64c-9.4-9.4-9.4-24.6 0-33.9s24.6-9.4 33.9 0l47 47L335 175c9.4-9.4 24.6-9.4 33.9 0s9.4 24.6 0 33.9z\"><\/path><\/svg><\/div><div class=\"stk--inner-svg stk--icon-2\" style=\"display:none\"><svg style=\"height:0;width:0\"><defs><linearGradient id=\"linear-gradient-61c8ad3\" x1=\"0\" x2=\"100%\" y1=\"0\" y2=\"0\"><stop offset=\"0%\" style=\"stop-opacity:1;stop-color:var(--linear-gradient-61-c-8-ad-3-color-1)\"><\/stop><stop offset=\"100%\" style=\"stop-opacity:1;stop-color:var(--linear-gradient-61-c-8-ad-3-color-2)\"><\/stop><\/linearGradient><\/defs><\/svg><svg xmlns=\"http:\/\/www.w3.org\/2000\/svg\" viewBox=\"0 0 512 512\" aria-hidden=\"true\" width=\"32\" height=\"32\"><path d=\"M256 48a208 208 0 1 1 0 416 208 208 0 1 1 0-416zm0 464A256 256 0 1 0 256 0a256 256 0 1 0 0 512zM369 209c9.4-9.4 9.4-24.6 0-33.9s-24.6-9.4-33.9 0l-111 111-47-47c-9.4-9.4-24.6-9.4-33.9 0s-9.4 24.6 0 33.9l64 64c9.4 9.4 24.6 9.4 33.9 0L369 209z\"><\/path><\/svg><\/div><\/span><\/div>\n\n\n\n<div class=\"wp-block-stackable-heading stk-block-heading stk-block-heading--v2 stk-block stk-bcb6d4e\" id=\"span-style-color-000000-class-stk-highlight-documentacion-del-poat-span\" data-block-id=\"bcb6d4e\"><style>.stk-bcb6d4e .stk-block-heading__text{color:#000000 !important;font-weight:500 !important;font-family:\"ArgentumSans\", Sans-serif !important;}<\/style><h4 class=\"stk-block-heading__text has-text-color\"><span style=\"color: #000000;\" class=\"stk-highlight\">Documentaci\u00f3n del POAT<\/span><\/h4><\/div>\n<\/div><\/div>\n<\/div><\/div><\/summary>\n\n\n\n<div class=\"wp-block-stackable-column stk-block-column stk-column stk-block stk-76d605c stk-block-accordion__content\" data-v=\"4\" data-block-id=\"76d605c\"><style>.stk-76d605c {margin-top:-30px !important;}<\/style><div class=\"stk-column-wrapper stk-block-column__content stk-container stk-76d605c-container stk--no-background stk--no-padding\"><div class=\"stk-block-content stk-inner-blocks stk-76d605c-inner-blocks\">\n<p><a href=\"https:\/\/www.ull.es\/centros\/facultad-derecho\/docencia\/orientacion-y-tutorizacion\/\" target=\"_blank\" rel=\"noreferrer noopener\" target=\"_blank\" rel=\"noopener\">\u00a0Informaci\u00f3n sobre orientaci\u00f3n y tutorizaci\u00f3n de la Facultad de Derecho<\/a><\/p>\n<\/div><\/div><\/div>\n<\/details>\n\n\n\n<details class=\"wp-block-stackable-accordion stk-block-accordion stk-inner-blocks stk-block-content stk-block stk-9d40cce is-style-default\" id=\"matricula\" data-block-id=\"9d40cce\"><style>.stk-9d40cce {border-style:solid !important;border-top-width:0px !important;border-right-width:0px !important;border-bottom-width:1px !important;border-left-width:0px !important;margin-bottom:8px !important;}<\/style>\n<summary class=\"wp-block-stackable-column stk-block-column stk-column stk-block stk-ef7f17a stk--container-small stk-block-accordion__heading\" data-v=\"4\" data-block-id=\"ef7f17a\"><style>.stk-ef7f17a {padding-top:2px !important;padding-right:2px !important;padding-bottom:2px !important;padding-left:2px !important;}<\/style><div class=\"stk-column-wrapper stk-block-column__content stk-container stk-ef7f17a-container stk--no-background stk--no-padding\"><div class=\"stk-block-content stk-inner-blocks stk-ef7f17a-inner-blocks\">\n<div class=\"wp-block-stackable-icon-label stk-block-icon-label stk-block stk-da3b93e\" data-block-id=\"da3b93e\"><style>.stk-da3b93e .stk-inner-blocks{gap:39px !important;}@media screen and (max-width: 1023px){.stk-da3b93e .stk-inner-blocks{gap:39px !important;}}@media screen and (max-width: 767px){.stk-da3b93e .stk-inner-blocks{gap:39px !important;}}<\/style><div class=\"stk-row stk-inner-blocks stk-block-content\">\n<div class=\"wp-block-stackable-icon stk-block-icon stk-block stk-8c84b2d\" data-block-id=\"8c84b2d\"><style>.stk-8c84b2d .stk--svg-wrapper .stk--inner-svg svg:last-child{height:25px !important;width:25px !important;}.stk-8c84b2d .stk--svg-wrapper .stk--inner-svg svg:last-child, .stk-8c84b2d .stk--svg-wrapper .stk--inner-svg svg:last-child :is(g, path, rect, polygon, ellipse){fill:#5c068c !important;}<\/style><span class=\"stk--svg-wrapper stk--has-icon2\"><div class=\"stk--inner-svg\"><svg style=\"height:0;width:0\"><defs><linearGradient id=\"linear-gradient-8c84b2d\" x1=\"0\" x2=\"100%\" y1=\"0\" y2=\"0\"><stop offset=\"0%\" style=\"stop-opacity:1;stop-color:var(--linear-gradient-8-c-84-b-2-d-color-1)\"><\/stop><stop offset=\"100%\" style=\"stop-opacity:1;stop-color:var(--linear-gradient-8-c-84-b-2-d-color-2)\"><\/stop><\/linearGradient><\/defs><\/svg><svg xmlns=\"http:\/\/www.w3.org\/2000\/svg\" viewBox=\"0 0 384 512\" aria-hidden=\"true\" width=\"32\" height=\"32\"><path d=\"M64 0C28.7 0 0 28.7 0 64V448c0 35.3 28.7 64 64 64H320c35.3 0 64-28.7 64-64V160H256c-17.7 0-32-14.3-32-32V0H64zM256 0V128H384L256 0zM112 256H272c8.8 0 16 7.2 16 16s-7.2 16-16 16H112c-8.8 0-16-7.2-16-16s7.2-16 16-16zm0 64H272c8.8 0 16 7.2 16 16s-7.2 16-16 16H112c-8.8 0-16-7.2-16-16s7.2-16 16-16zm0 64H272c8.8 0 16 7.2 16 16s-7.2 16-16 16H112c-8.8 0-16-7.2-16-16s7.2-16 16-16z\"><\/path><\/svg><\/div><div class=\"stk--inner-svg stk--icon-2\" style=\"display:none\"><svg style=\"height:0;width:0\"><defs><linearGradient id=\"linear-gradient-8c84b2d\" x1=\"0\" x2=\"100%\" y1=\"0\" y2=\"0\"><stop offset=\"0%\" style=\"stop-opacity:1;stop-color:var(--linear-gradient-8-c-84-b-2-d-color-1)\"><\/stop><stop offset=\"100%\" style=\"stop-opacity:1;stop-color:var(--linear-gradient-8-c-84-b-2-d-color-2)\"><\/stop><\/linearGradient><\/defs><\/svg><svg xmlns=\"http:\/\/www.w3.org\/2000\/svg\" viewBox=\"0 0 384 512\" aria-hidden=\"true\" width=\"32\" height=\"32\"><path d=\"M64 464c-8.8 0-16-7.2-16-16V64c0-8.8 7.2-16 16-16H224v80c0 17.7 14.3 32 32 32h80V448c0 8.8-7.2 16-16 16H64zM64 0C28.7 0 0 28.7 0 64V448c0 35.3 28.7 64 64 64H320c35.3 0 64-28.7 64-64V154.5c0-17-6.7-33.3-18.7-45.3L274.7 18.7C262.7 6.7 246.5 0 229.5 0H64zm56 256c-13.3 0-24 10.7-24 24s10.7 24 24 24H264c13.3 0 24-10.7 24-24s-10.7-24-24-24H120zm0 96c-13.3 0-24 10.7-24 24s10.7 24 24 24H264c13.3 0 24-10.7 24-24s-10.7-24-24-24H120z\"><\/path><\/svg><\/div><\/span><\/div>\n\n\n\n<div class=\"wp-block-stackable-heading stk-block-heading stk-block-heading--v2 stk-block stk-d69e378\" id=\"span-style-color-000000-class-stk-highlight-normativa-span\" data-block-id=\"d69e378\"><style>.stk-d69e378 .stk-block-heading__text{color:#000000 !important;font-weight:500 !important;font-family:\"ArgentumSans\", Sans-serif !important;}<\/style><h4 class=\"stk-block-heading__text has-text-color\"><span style=\"color: #000000;\" class=\"stk-highlight\">Normativa<\/span><\/h4><\/div>\n<\/div><\/div>\n<\/div><\/div><\/summary>\n\n\n\n<div class=\"wp-block-stackable-column stk-block-column stk-column stk-block stk-9404ebc stk-block-accordion__content\" data-v=\"4\" data-block-id=\"9404ebc\"><style>.stk-9404ebc {margin-top:-30px !important;}<\/style><div class=\"stk-column-wrapper stk-block-column__content stk-container stk-9404ebc-container stk--no-background stk--no-padding\"><div class=\"stk-block-content stk-inner-blocks stk-9404ebc-inner-blocks\"><\/div><\/div><\/div>\n<\/details>\n<\/div><\/div><\/div>\n<\/div><\/div>\n","protected":false},"excerpt":{"rendered":"<p>Soutien et accompagnement\u00a0: Chaque ann\u00e9e universitaire, les centres de l\u2019ULL mettent en \u0153uvre des plans d\u2019action d\u2019orientation et de tutorat (POAT) pour leurs programmes d\u2019\u00e9tudes afin d\u2019offrir aux \u00e9tudiants un syst\u00e8me de soutien et d\u2019accompagnement d\u00e8s leur inscription. Les activit\u00e9s de formation incluses dans les POAT abordent divers sujets et visent \u00e0\u2026<\/p>","protected":false},"author":1,"featured_media":0,"parent":252,"menu_order":7,"comment_status":"closed","ping_status":"closed","template":"templates\/template-frontpage.php","meta":{"footnotes":""},"class_list":["post-32","page","type-page","status-publish","hentry"],"_links":{"self":[{"href":"https:\/\/www.ull.es\/grados\/derecho\/fr\/wp-json\/wp\/v2\/pages\/32","targetHints":{"allow":["GET"]}}],"collection":[{"href":"https:\/\/www.ull.es\/grados\/derecho\/fr\/wp-json\/wp\/v2\/pages"}],"about":[{"href":"https:\/\/www.ull.es\/grados\/derecho\/fr\/wp-json\/wp\/v2\/types\/page"}],"author":[{"embeddable":true,"href":"https:\/\/www.ull.es\/grados\/derecho\/fr\/wp-json\/wp\/v2\/users\/1"}],"replies":[{"embeddable":true,"href":"https:\/\/www.ull.es\/grados\/derecho\/fr\/wp-json\/wp\/v2\/comments?post=32"}],"version-history":[{"count":26,"href":"https:\/\/www.ull.es\/grados\/derecho\/fr\/wp-json\/wp\/v2\/pages\/32\/revisions"}],"predecessor-version":[{"id":1347,"href":"https:\/\/www.ull.es\/grados\/derecho\/fr\/wp-json\/wp\/v2\/pages\/32\/revisions\/1347"}],"up":[{"embeddable":true,"href":"https:\/\/www.ull.es\/grados\/derecho\/fr\/wp-json\/wp\/v2\/pages\/252"}],"wp:attachment":[{"href":"https:\/\/www.ull.es\/grados\/derecho\/fr\/wp-json\/wp\/v2\/media?parent=32"}],"curies":[{"name":"wp","href":"https:\/\/api.w.org\/{rel}","templated":true}]}}