{"id":37,"date":"2017-06-28T12:58:45","date_gmt":"2017-06-28T12:58:45","guid":{"rendered":"http:\/\/www.ull.es\/masteres\/desarrollo-y-gestion-de-recursos-humanos\/?page_id=30"},"modified":"2025-11-20T16:05:01","modified_gmt":"2025-11-20T16:05:01","slug":"perfil-de-ingreso-y-egreso","status":"publish","type":"page","link":"https:\/\/www.ull.es\/grados\/derecho\/fr\/informacion-academica\/perfil-de-ingreso-y-egreso\/","title":{"rendered":"Profil d&#039;admission et de sortie"},"content":{"rendered":"\n<div class=\"wp-block-stackable-columns alignfull stk-block-columns stk-block stk-8657999\" data-block-id=\"8657999\"><style>.stk-8657999 {padding-bottom:0px !important;margin-top:-30px !important;margin-bottom:0px !important;}@media screen and (max-width: 767px){.stk-8657999 {margin-top:-10% !important;}}<\/style><div class=\"stk-row stk-inner-blocks stk-block-content stk-content-align stk-8657999-column alignfull\">\n<div class=\"wp-block-stackable-column stk-block-column stk-column stk-block stk-914f03e\" data-v=\"4\" data-block-id=\"914f03e\"><div class=\"stk-column-wrapper stk-block-column__content stk-container stk-914f03e-container stk--no-background stk--no-padding\"><div class=\"stk-block-content stk-inner-blocks stk-914f03e-inner-blocks\"><style id=\"depicter-1-inline-pre-css\">\n\n.depicter-1:not(.depicter-ready){\n\theight:500px;\n}\n\n\/***** Tablet *****\/\n@media screen and (max-width: 1024px){\n\n.depicter-1:not(.depicter-ready){\n\theight:700px;\n}\n\n}\n\/***** Mobile *****\/\n@media screen and (max-width: 767px){\n\n.depicter-1:not(.depicter-ready){\n\theight:360px;\n}\n\n}\n<\/style>\n<div id=\"depicter-1\" class=\"depicter depicter-document depicter-revert depicter-1 depicter-layout-fullwidth\">\n\n<div class=\"depicter-loading-container depicter-loading dotFlashing-dark\"><div class=\"depicter-loading-dark depicter-dot-flashing\">\n   <span><\/span>\n   <span><\/span>\n   <span><\/span>\n<\/div>\n<\/div>\n<div id=\"depicter-1-section-1\" class=\"depicter-section depicter-1-section-1\" data-name=\"Section 1\" data-type=\"section\" data-local-id=\"section-1\">\n<picture class=\"depicter-bg\">\n<source data-depicter-srcset=\"https:\/\/www.ull.es\/grados\/derecho\/wp-content\/uploads\/sites\/17\/2025\/04\/Slider_Derecho-768x248.jpg, https:\/\/www.ull.es\/grados\/derecho\/wp-content\/uploads\/sites\/17\/2025\/04\/Slider_Derecho.jpg 2x\" srcset=\"data:image\/gif;base64,R0lGODlhAQABAIAAAAAAAP\/\/\/yH5BAEAAAAALAAAAAABAAEAAAIBRAA7\" media=\"(max-width: 1024px)\" \/>\n\n<source data-depicter-srcset=\"https:\/\/www.ull.es\/grados\/derecho\/wp-content\/uploads\/sites\/17\/2025\/04\/Slider_Derecho.jpg, https:\/\/www.ull.es\/grados\/derecho\/wp-content\/uploads\/sites\/17\/2025\/04\/Slider_Derecho-1921x620.jpg 2x\" srcset=\"data:image\/gif;base64,R0lGODlhAQABAIAAAAAAAP\/\/\/yH5BAEAAAAALAAAAAABAAEAAAIBRAA7\" media=\"(min-width: 1025px)\" \/>\n<img decoding=\"async\" src=\"data:image\/gif;base64,R0lGODlhAQABAIAAAAAAAP\/\/\/yH5BAEAAAAALAAAAAABAAEAAAIBRAA7\" data-ken-burns=\"false\" data-tablet-ken-burns=\"false\" data-mobile-ken-burns=\"false\" alt=\"\" data-depicter-src=\"https:\/\/www.ull.es\/grados\/derecho\/wp-content\/uploads\/sites\/17\/2025\/04\/Slider_Derecho.jpg\" data-object-fit=\"custom,custom,\" data-object-position=\"center top,,\" data-crop=\"{'focalPoint':{'x':0.5,'y':0.5},'mediaSize':{'width':1394.274193548387074770289473235607147216796875,'height':450}}\" data-tablet-crop=\"{'focalPoint':{'x':0.7600000000000000088817841970012523233890533447265625,'y':0.5},'mediaSize':{'width':2168,'height':700}}\" data-mobile-crop=\"{'focalPoint':{'x':0.5,'y':0.5},'mediaSize':{'width':1115.41935483870975076570175588130950927734375,'height':360}}\" \/>\n<\/picture>\n\n\n<h1 id=\"depicter-1-element-5\" class=\"depicter-element depicter-layer depicter-1-element-5\" data-type=\"text\" data-wrap=\"true\" data-name=\"Text 2\" data-local-id=\"element-5\" data-offset=\"x:219px;y:201px;origin:tl\" data-tablet-offset=\"x:286px;y:321px;origin:tl\" data-mobile-offset=\"x:55px;y:-104px;origin:tl\" data-width=\"763px,447px,249px\" data-height=\"auto,auto,auto\" data-responsive-scale=\"true,,\">Grado en Derecho<\/h1>\n\n<div id=\"depicter-1-element-10\" class=\"depicter-element depicter-layer depicter-1-element-10\" data-type=\"shape\" data-wrap=\"true\" data-name=\"Shape 1\" data-local-id=\"element-10\" data-offset=\"x:233px;y:310px;origin:tl\" data-tablet-offset=\"x:293px;y:378px;origin:tl\" data-mobile-offset=\"x:55px;y:8px;origin:tl\" data-width=\"735px,421px,208px\" data-height=\"8px,8px,8px\" data-responsive-scale=\"true,,\"><\/div>\n<\/div>\n<\/div>\n<script>\n(window.depicterSetups = window.depicterSetups || []).push(function(){\n\tDepicter.basePath = 'https:\/\/www.ull.es\/grados\/derecho\/wp-content\/plugins\/depicter\/resources\/scripts\/player\/';\n\tconst dpPlayer = Depicter.setup('.depicter-1',\n\t\t{\"width\":[\"1200\",\"1024\",\"360\"],\"height\":[\"500\",\"700\",\"360\"],\"view\":\"basic\",\"keepAspectRatio\":true,\"preload\":0,\"layout\":\"fullwidth\",\"rtl\":false,\"initAfterAppear\":false,\"ajaxApiUrl\":\"https:\\\/\\\/www.ull.es\\\/grados\\\/derecho\\\/wp-admin\\\/admin-ajax.php\",\"mouseSwipe\":true,\"touchSwipe\":true,\"useWatermark\":false}\n\t);\n});\n<\/script><\/div><\/div><\/div>\n<\/div><\/div>\n\n\n\n<div class=\"wp-block-stackable-columns alignfull stk-block-columns stk--hide-mobile stk-block stk-ceecbdc stk-block-background\" data-block-id=\"ceecbdc\"><style>.stk-ceecbdc {background-color:#360060 !important;padding-top:35px !important;padding-right:0px !important;padding-bottom:2px !important;padding-left:0px !important;margin-top:-20px !important;margin-bottom:70px !important;}.stk-ceecbdc:before{background-color:#360060 !important;}<\/style><div class=\"stk-row stk-inner-blocks stk-block-content stk-content-align stk-ceecbdc-column alignfull\">\n<div class=\"wp-block-stackable-column stk-block-column stk-column stk-block stk-fc60a5d\" data-v=\"4\" data-block-id=\"fc60a5d\"><div class=\"stk-column-wrapper stk-block-column__content stk-container stk-fc60a5d-container stk--no-background stk--no-padding\"><div class=\"stk-block-content stk-inner-blocks stk-fc60a5d-inner-blocks\">\n<div class=\"wp-block-stackable-spacer stk-block-spacer stk--no-padding stk-block stk-a3a8a68\" data-block-id=\"a3a8a68\"><style>.stk-a3a8a68 {height:0px !important;}<\/style><\/div>\n<\/div><\/div><\/div>\n<\/div><\/div>\n\n\n\n<div class=\"wp-block-stackable-columns alignwide stk-block-columns stk-block stk-3627255\" data-block-id=\"3627255\"><style>.stk-3627255 {padding-right:16% !important;padding-left:16% !important;margin-bottom:18px !important;}<\/style><div class=\"stk-row stk-inner-blocks stk-block-content stk-content-align stk-3627255-column alignwide\">\n<div class=\"wp-block-stackable-column stk-block-column stk-column stk-block stk-81e665a\" data-v=\"4\" data-block-id=\"81e665a\"><div class=\"stk-column-wrapper stk-block-column__content stk-container stk-81e665a-container stk--no-background stk--no-padding\"><div class=\"stk-block-content stk-inner-blocks stk-81e665a-inner-blocks\">\n<div class=\"wp-block-stackable-heading stk-block-heading stk-block-heading--v2 stk-block stk-97878e6\" id=\"perfil-de-ingreso-y-egreso\" data-block-id=\"97878e6\"><style>.stk-97878e6 .stk-block-heading__text{color:#5c068c !important;}<\/style><h1 class=\"stk-block-heading__text has-text-color\">Perfil de ingreso y egreso<\/h1><\/div>\n\n\n\n<h2 class=\"wp-block-heading\"><strong>Perfil de ingreso<\/strong><\/h2>\n\n\n\n<p>No se exige formaci\u00f3n previa espec\u00edfica para el ingreso en el Grado en Derecho, si bien, la formaci\u00f3n del alumnado m\u00e1s adecuada se corresponde con la del&nbsp;alumnado que haya cursado el itinerario de Ciencias Sociales del Bachillerato, as\u00ed como el&nbsp;itinerario Cient\u00edfico-Tecnol\u00f3gico, sin perjuicio de que el de Humanidades sea apto&nbsp;tambi\u00e9n, siempre que haya incluido en su formaci\u00f3n las asignaturas de car\u00e1cter troncal de&nbsp;matem\u00e1ticas contempladas en el itinerario de Ciencias Sociales.&nbsp;<\/p>\n\n\n\n<p>Es aconsejable que el\/la estudiante muestre inter\u00e9s en aspectos relacionados con los&nbsp;objetivos formativos del t\u00edtulo y posea habilidades que le capaciten como persona&nbsp;receptiva a los resultados de aprendizaje que adquirir\u00e1 al cursar la titulaci\u00f3n. Entre las&nbsp;cualidades deseables del futuro estudiante del Grado en Derecho se encuentran:&nbsp;<\/p>\n\n\n\n<ul class=\"wp-block-list\">\n<li>Que entre sus intereses se encuentren aspectos de \u00edndole econ\u00f3mica y social, as\u00ed\u00a0como otros relacionados con las ciencias sociales y jur\u00eddicas.<\/li>\n\n\n\n<li>Que presente aptitudes para la\u00a0comprensi\u00f3n-expresi\u00f3n oral y escrita, para la resoluci\u00f3n de problemas y toma de decisiones, as\u00ed como para el trato con el p\u00fablico. Y que posea una buena memoria.\u00a0<\/li>\n\n\n\n<li>Que sea capaz de\u00a0sintetizar y argumentar cr\u00edticamente, de trabajar en equipo, de ser responsable y constante en el trabajo y de abstraerse.<\/li>\n\n\n\n<li>Se recomienda que los estudiantes dispongan de un nivel adecuado de conocimiento del idioma ingl\u00e9s (B1 o equivalente: Bachillerato, FP\u2026).<\/li>\n<\/ul>\n\n\n\n<hr class=\"wp-block-separator has-alpha-channel-opacity\"\/>\n\n\n\n<h2 class=\"wp-block-heading\"><strong>Perfil de egreso<\/strong><\/h2>\n\n\n\n<p>Asesor\u00eda y consultor\u00eda jur\u00eddica en los sectores p\u00fablico y privado y en todos los niveles, local, regional, nacional e internacional: asesoramiento en materia civil, mercantil, penal, fiscal, laboral, administrativa, internacional a personas f\u00edsicas y jur\u00eddicas, empresas, organizaciones, asociaciones, fundaciones y entes sin personalidad y en todo tipo de organismos p\u00fablicos y sector p\u00fablico empresarial.<\/p>\n\n\n\n<p>Proporciona la formaci\u00f3n necesaria para estudiar el m\u00e1ster universitario para ejercer las profesiones de abogado\/a y procurador\/a y para presentarse a todo tipo de oposiciones a cualquier cuerpo jur\u00eddico p\u00fablico.<\/p>\n\n\n\n<p>As\u00ed, cualquiera de los egresados de la titulaci\u00f3n puede ocupar puestos como funcionario\/a de la Administraci\u00f3n de Justicia (juez\/a, fiscal, letrado\/a de la Administraci\u00f3n de Justicia, gestor\/a procesal, entre otros) o como funcionario\/a de las Administraciones P\u00fablicas. Escala Superior (Abogado\/a del Estado, Letrado\/a de las Cortes, Letrado\/a de la Seguridad Social, Inspector\/a de Trabajo, T\u00e9cnico\/a de la Seguridad Social, Inspecci\u00f3n de Hacienda, entre otros.)<\/p>\n\n\n\n<p>En relaci\u00f3n con lo anterior, estos\/as graduados\/as pueden acceder a puestos propios de las entidades locales (secretario\/a de Ayuntamiento) y de las Comunidades Aut\u00f3nomas (cuerpo de funcionarios de los departamentos de las comunidades aut\u00f3nomas, servicios jur\u00eddicos, cuerpo de letrados de parlamentos auton\u00f3micos, entre otros).<\/p>\n\n\n\n<p>Los\/las egresados\/as de la titulaci\u00f3n tambi\u00e9n pueden desempe\u00f1ar profesiones de corte eminentemente privatista como la de notario\/a, registrador\/a, agente de la propiedad, administrador\/a de fincas y la asesor\u00eda jur\u00eddica en cualquier \u00e1mbito.<\/p>\n\n\n\n<p>De otro punto, los\/las graduados\/as de la titulaci\u00f3n pueden llegar a ser funcionarios\/as de una organizaci\u00f3n internacional o desempe\u00f1ar sus funciones en el seno de la Uni\u00f3n Europea.<\/p>\n\n\n\n<p>Igualmente, los\/las egresados\/as pueden ocupar puestos de profesor\/a de secundaria o de Universidad, de acuerdo con las reglas de acceso a la ense\u00f1anza secundaria y de acceso a los cuerpos docentes universitarios y la investigaci\u00f3n en centros p\u00fablicos y privados de investigaci\u00f3n.<\/p>\n\n\n\n<p>La formaci\u00f3n multidisciplinar de estos egresados\/as les permite trabajar en todos los sectores econ\u00f3micos, fundamentalmente en los departamentos de recursos humanos, personal, asesor\u00eda jur\u00eddica, fiscal, laboral y de administraci\u00f3n y gesti\u00f3n.<\/p>\n<\/div><\/div><\/div>\n<\/div><\/div>\n","protected":false},"excerpt":{"rendered":"<p>Perfil de ingreso y egreso Perfil de ingreso No se exige formaci\u00f3n previa espec\u00edfica para el ingreso en el Grado en Derecho, si bien, la formaci\u00f3n del alumnado m\u00e1s adecuada se corresponde con la del&nbsp;alumnado que haya cursado el itinerario de Ciencias Sociales del Bachillerato, as\u00ed como el&nbsp;itinerario Cient\u00edfico-Tecnol\u00f3gico, sin perjuicio de que el de&#8230;<\/p>","protected":false},"author":1,"featured_media":0,"parent":252,"menu_order":1,"comment_status":"closed","ping_status":"closed","template":"templates\/template-frontpage.php","meta":{"footnotes":""},"class_list":["post-37","page","type-page","status-publish","hentry"],"_links":{"self":[{"href":"https:\/\/www.ull.es\/grados\/derecho\/fr\/wp-json\/wp\/v2\/pages\/37","targetHints":{"allow":["GET"]}}],"collection":[{"href":"https:\/\/www.ull.es\/grados\/derecho\/fr\/wp-json\/wp\/v2\/pages"}],"about":[{"href":"https:\/\/www.ull.es\/grados\/derecho\/fr\/wp-json\/wp\/v2\/types\/page"}],"author":[{"embeddable":true,"href":"https:\/\/www.ull.es\/grados\/derecho\/fr\/wp-json\/wp\/v2\/users\/1"}],"replies":[{"embeddable":true,"href":"https:\/\/www.ull.es\/grados\/derecho\/fr\/wp-json\/wp\/v2\/comments?post=37"}],"version-history":[{"count":13,"href":"https:\/\/www.ull.es\/grados\/derecho\/fr\/wp-json\/wp\/v2\/pages\/37\/revisions"}],"predecessor-version":[{"id":1336,"href":"https:\/\/www.ull.es\/grados\/derecho\/fr\/wp-json\/wp\/v2\/pages\/37\/revisions\/1336"}],"up":[{"embeddable":true,"href":"https:\/\/www.ull.es\/grados\/derecho\/fr\/wp-json\/wp\/v2\/pages\/252"}],"wp:attachment":[{"href":"https:\/\/www.ull.es\/grados\/derecho\/fr\/wp-json\/wp\/v2\/media?parent=37"}],"curies":[{"name":"wp","href":"https:\/\/api.w.org\/{rel}","templated":true}]}}