{"id":33,"date":"2017-06-28T12:48:33","date_gmt":"2017-06-28T12:48:33","guid":{"rendered":"http:\/\/www.ull.es\/masteres\/desarrollo-y-gestion-de-recursos-humanos\/?page_id=20"},"modified":"2025-10-27T08:13:24","modified_gmt":"2025-10-27T08:13:24","slug":"trabajo-fin-de-grado","status":"publish","type":"page","link":"https:\/\/www.ull.es\/grados\/diseno\/en\/plan-de-estudios\/trabajo-fin-de-grado\/","title":{"rendered":"Final Degree Project"},"content":{"rendered":"\n<div class=\"wp-block-stackable-columns alignfull stk-block-columns stk-block stk-8657999\" data-block-id=\"8657999\"><style>.stk-8657999 {padding-bottom:0px !important;margin-top:-30px !important;margin-bottom:0px !important;}@media screen and (max-width: 767px){.stk-8657999 {margin-top:-10% !important;}}<\/style><div class=\"stk-row stk-inner-blocks stk-block-content stk-content-align stk-8657999-column alignfull\">\n<div class=\"wp-block-stackable-column stk-block-column stk-column stk-block stk-914f03e\" data-v=\"4\" data-block-id=\"914f03e\"><div class=\"stk-column-wrapper stk-block-column__content stk-container stk-914f03e-container stk--no-background stk--no-padding\"><div class=\"stk-block-content stk-inner-blocks stk-914f03e-inner-blocks\"><style id=\"depicter-1-inline-pre-css\">\n\n.depicter-1:not(.depicter-ready){\n\theight:500px;\n}\n\n\/***** Tablet *****\/\n@media screen and (max-width: 1024px){\n\n.depicter-1:not(.depicter-ready){\n\theight:700px;\n}\n\n}\n\/***** Mobile *****\/\n@media screen and (max-width: 767px){\n\n.depicter-1:not(.depicter-ready){\n\theight:360px;\n}\n\n}\n<\/style>\n<div id=\"depicter-1\" class=\"depicter depicter-document depicter-revert depicter-1 depicter-layout-fullwidth\">\n\n<div class=\"depicter-loading-container depicter-loading dotFlashing-dark\"><div class=\"depicter-loading-dark depicter-dot-flashing\">\n   <span><\/span>\n   <span><\/span>\n   <span><\/span>\n<\/div>\n<\/div>\n<div id=\"depicter-1-section-1\" class=\"depicter-section depicter-1-section-1\" data-name=\"Section 1\" data-type=\"section\" data-local-id=\"section-1\">\n<picture class=\"depicter-bg\">\n<source data-depicter-srcset=\"https:\/\/www.ull.es\/grados\/diseno\/wp-content\/uploads\/sites\/3\/2025\/03\/Slider_DIseno-768x248.jpg, https:\/\/www.ull.es\/grados\/diseno\/wp-content\/uploads\/sites\/3\/2025\/03\/Slider_DIseno.jpg 2x\" srcset=\"data:image\/gif;base64,R0lGODlhAQABAIAAAAAAAP\/\/\/yH5BAEAAAAALAAAAAABAAEAAAIBRAA7\" media=\"(max-width: 1024px)\" \/>\n\n<source data-depicter-srcset=\"https:\/\/www.ull.es\/grados\/diseno\/wp-content\/uploads\/sites\/3\/2025\/03\/Slider_DIseno.jpg, https:\/\/www.ull.es\/grados\/diseno\/wp-content\/uploads\/sites\/3\/2025\/03\/Slider_DIseno-1920x620.jpg 2x\" srcset=\"data:image\/gif;base64,R0lGODlhAQABAIAAAAAAAP\/\/\/yH5BAEAAAAALAAAAAABAAEAAAIBRAA7\" media=\"(min-width: 1025px)\" \/>\n<img decoding=\"async\" src=\"data:image\/gif;base64,R0lGODlhAQABAIAAAAAAAP\/\/\/yH5BAEAAAAALAAAAAABAAEAAAIBRAA7\" data-ken-burns=\"false\" data-tablet-ken-burns=\"false\" data-mobile-ken-burns=\"false\" alt=\"\" data-depicter-src=\"https:\/\/www.ull.es\/grados\/diseno\/wp-content\/uploads\/sites\/3\/2025\/03\/Slider_DIseno.jpg\" data-object-fit=\"custom,custom,\" data-object-position=\"center top,,\" data-crop=\"{'focalPoint':{'x':0.5,'y':0.5},'mediaSize':{'width':1393.54838709677414954057894647121429443359375,'height':450}}\" data-tablet-crop=\"{'focalPoint':{'x':0.5,'y':0.5},'mediaSize':{'width':2167.7419354838712024502456188201904296875,'height':700.0000000000001136868377216160297393798828125}}\" data-mobile-crop=\"{'focalPoint':{'x':0.5,'y':0.5},'mediaSize':{'width':1114.8387096774195015314035117626190185546875,'height':360}}\" \/>\n<\/picture>\n\n\n<h1 id=\"depicter-1-element-5\" class=\"depicter-element depicter-layer depicter-1-element-5\" data-type=\"text\" data-wrap=\"true\" data-name=\"Text 2\" data-local-id=\"element-5\" data-offset=\"x:184px;y:200px;origin:tl\" data-tablet-offset=\"x:290px;y:321px;origin:tl\" data-mobile-offset=\"x:6px;y:-136px;origin:tl\" data-width=\"705px,406px,348px\" data-height=\"auto,auto,auto\" data-responsive-scale=\"true,,\">Grado en Dise\u00f1o<\/h1>\n\n<div id=\"depicter-1-element-10\" class=\"depicter-element depicter-layer depicter-1-element-10\" data-type=\"shape\" data-wrap=\"true\" data-name=\"Shape 1\" data-local-id=\"element-10\" data-offset=\"x:184px;y:301px;origin:tl\" data-tablet-offset=\"x:297px;y:388px;origin:tl\" data-mobile-offset=\"x:19px;y:-79px;origin:tl\" data-width=\"697px,389px,309px\" data-height=\"8px,8px,8px\" data-responsive-scale=\"true,,\"><\/div>\n<\/div>\n<\/div>\n<script>\n(window.depicterSetups = window.depicterSetups || []).push(function(){\n\tDepicter.basePath = 'https:\/\/www.ull.es\/grados\/diseno\/wp-content\/plugins\/depicter\/resources\/scripts\/player\/';\n\tconst dpPlayer = Depicter.setup('.depicter-1',\n\t\t{\"width\":[\"1200\",\"1024\",\"360\"],\"height\":[\"500\",\"700\",\"360\"],\"view\":\"basic\",\"keepAspectRatio\":true,\"preload\":0,\"layout\":\"fullwidth\",\"rtl\":false,\"initAfterAppear\":false,\"ajaxApiUrl\":\"https:\\\/\\\/www.ull.es\\\/grados\\\/diseno\\\/wp-admin\\\/admin-ajax.php\",\"mouseSwipe\":true,\"touchSwipe\":true,\"useWatermark\":false}\n\t);\n});\n<\/script><\/div><\/div><\/div>\n<\/div><\/div>\n\n\n\n<div class=\"wp-block-stackable-columns alignfull stk-block-columns stk--hide-mobile stk-block stk-ceecbdc stk-block-background\" data-block-id=\"ceecbdc\"><style>.stk-ceecbdc {background-color:#360060 !important;padding-top:35px !important;padding-right:0px !important;padding-bottom:2px !important;padding-left:0px !important;margin-top:-20px !important;margin-bottom:70px !important;}.stk-ceecbdc:before{background-color:#360060 !important;}<\/style><div class=\"stk-row stk-inner-blocks stk-block-content stk-content-align stk-ceecbdc-column alignfull\">\n<div class=\"wp-block-stackable-column stk-block-column stk-column stk-block stk-fc60a5d\" data-v=\"4\" data-block-id=\"fc60a5d\"><div class=\"stk-column-wrapper stk-block-column__content stk-container stk-fc60a5d-container stk--no-background stk--no-padding\"><div class=\"stk-block-content stk-inner-blocks stk-fc60a5d-inner-blocks\">\n<div class=\"wp-block-stackable-spacer stk-block-spacer stk--no-padding stk-block stk-a3a8a68\" data-block-id=\"a3a8a68\"><style>.stk-a3a8a68 {height:0px !important;}<\/style><\/div>\n<\/div><\/div><\/div>\n<\/div><\/div>\n\n\n\n<div class=\"wp-block-stackable-columns stk-block-columns stk-block stk-8b59b96\" data-block-id=\"8b59b96\"><style>.stk-8b59b96 .stk--block-align-8b59b96{align-items:flex-start !important;}.stk-8b59b96 {margin-top:25px !important;}.stk-8b59b96-column{--stk-columns-spacing:0px !important;--stk-column-gap:50px !important;}@media screen and (max-width: 767px){.stk-8b59b96-column{row-gap:var(--stk--preset--spacing--60, 2.25rem) !important;}}<\/style><div class=\"stk-row stk-inner-blocks stk--block-align-8b59b96 stk-block-content stk-content-align stk-8b59b96-column\">\n<div class=\"wp-block-stackable-column stk-block-column stk-column stk-block stk-dbb7e15\" data-v=\"4\" data-block-id=\"dbb7e15\"><div class=\"stk-column-wrapper stk-block-column__content stk-container stk-dbb7e15-container stk--no-background stk--no-padding\"><div class=\"stk-block-content stk-inner-blocks stk-dbb7e15-inner-blocks\">\n<div class=\"wp-block-stackable-heading stk-block-heading stk-block-heading--v2 stk-block stk-689c258\" id=\"trabajo-de-fin-de-grado\" data-block-id=\"689c258\"><style>.stk-689c258 .stk-block-heading__text{color:#5c068c !important;}<\/style><h1 class=\"stk-block-heading__text has-text-color\">Trabajo de Fin de Grado<\/h1><\/div>\n\n\n\n<div class=\"wp-block-stackable-text stk-block-text stk-block stk-82992b2\" data-block-id=\"82992b2\"><p class=\"stk-block-text__text\">La asignatura de Trabajo Fin de Grado (TFG) es de car\u00e1cter obligatorio y resulta clave en la titulaci\u00f3n, dado que en ella se recoge la evaluaci\u00f3n de un gran n\u00famero de competencias espec\u00edficas y gen\u00e9ricas de la titulaci\u00f3n, tal y como puede observarse en la&nbsp;<a href=\"https:\/\/www.ull.es\/apps\/guias\/guias\/view_guide\/18105\/\" target=\"_blank\" rel=\"noreferrer noopener\" target=\"_blank\" rel=\"noopener\">Gu\u00eda Docente<\/a>&nbsp;correspondiente.<\/p><\/div>\n\n\n\n<p>El&nbsp;<strong>TFG&nbsp;<\/strong>de Grado en Dise\u00f1o est\u00e1 orientado a la aplicaci\u00f3n integrada de:<\/p>\n\n\n\n<ul class=\"wp-block-list\">\n<li>Competencias sobre habilidades y contenidos formativos adquiridos durante el periodo de docencia.<\/li>\n\n\n\n<li>Capacidades para la b\u00fasqueda, interpretaci\u00f3n y gesti\u00f3n de datos relevantes en el desarrollo de un juicio cr\u00edtico y creativo.<\/li>\n<\/ul>\n\n\n\n<p><strong>Requisitos generales para la realizaci\u00f3n del TFG<\/strong><\/p>\n\n\n\n<p>Para la realizaci\u00f3n del Trabajo Fin de Grado el alumnado deber\u00e1 cumplir los siguientes requisitos generales:<\/p>\n\n\n\n<ul class=\"wp-block-list\">\n<li>Le quede, en el periodo ordinario de matr\u00edcula, un m\u00e1ximo de 60 ECTS para finalizar la titulaci\u00f3n y se matricule de todos los cr\u00e9ditos b\u00e1sicos y obligatorios que le resten para finalizar.<\/li>\n\n\n\n<li>Cualquier otro requisito acad\u00e9mico establecido por el t\u00edtulo en su Memoria de Verificaci\u00f3n\/Modificaci\u00f3n y en la gu\u00eda docente de la asignatura.<\/li>\n<\/ul>\n\n\n\n<p>Ser\u00e1 de aplicaci\u00f3n lo que establece el&nbsp;<a href=\"https:\/\/riull.ull.es\/xmlui\/bitstream\/handle\/915\/8218\/Modificaci%c3%b3n%20del%20Reglamento%20de%20TFG%20ULL%20diciembre%20de%202020.pdf?sequence=3&amp;isAllowed=y\" target=\"_blank\" rel=\"noreferrer noopener\" target=\"_blank\" rel=\"noopener\">Reglamento de la Asignatura \u201cTrabajo Fin de Grado\u201d de la Universidad de La Laguna<\/a>&nbsp;(Aprobado en la sesi\u00f3n de Consejo de Gobierno de 2\/12\/2015 y Modificado en Consejo de Gobierno de 18 de diciembre de 2020).<\/p>\n\n\n\n<p>En este sentido se tendr\u00e1 en cuenta lo siguiente:<br>La realizaci\u00f3n del TFG en este curso acad\u00e9mico se llevar\u00e1 a cabo mediante la modalidad A (organizaci\u00f3n general) establecida en el Reglamento de la asignatura Trabajo Fin de Grado. La organizaci\u00f3n de la asignatura se regir\u00e1 por lo siguiente:<\/p>\n\n\n\n<ol class=\"wp-block-list\">\n<li>Elecci\u00f3n del tutor o tutora de entre los profesores\/as con dedicaci\u00f3n docente asignada a esta asignatura y propuesta de una o varias posibles l\u00edneas de trabajo. El tipo de TFG se corresponder\u00e1 con el desarrollo de proyectos de Dise\u00f1o y habr\u00e1 de evidenciar un n\u00famero suficiente de competencias de la titulaci\u00f3n. El tema del TFG ser\u00e1 acordado entre el tutor\/a y el\/los alumno\/s y podr\u00e1 centrarse en cualquiera de las opciones o \u00e1mbitos para los que forma la titulaci\u00f3n. El tutor\/a realizar\u00e1 labores de orientaci\u00f3n y asesoramiento al estudiante durante la realizaci\u00f3n de su TFG , as\u00ed como en la preparaci\u00f3n de la exposici\u00f3n y defensa del mismo.<\/li>\n\n\n\n<li>Memoria del Trabajo Fin de Grado. La presentaci\u00f3n de la memoria es obligatoria para cualquiera de las modalidades del trabajo por las que se opte. Cada tutor\/a deber\u00e1 velar por la calidad y el rigor acad\u00e9mico del contenido de la memoria y su correcto desarrollo hasta la finalizaci\u00f3n del mismo. En el TFG deben quedar suficientemente demostradas las competencias profesionales para las que forma la titulaci\u00f3n.<\/li>\n\n\n\n<li>Defensa del Trabajo Fin de Grado. La defensa ser\u00e1 oral, p\u00fablica y obligatoria para todas las modalidades de trabajo.\n<ul class=\"wp-block-list\">\n<li><a href=\"https:\/\/drive.google.com\/open?id=1z7qgV50ey-n6ULxw4jARmvqsqCTl6YcA\" target=\"_blank\" rel=\"noreferrer noopener\" target=\"_blank\" rel=\"noopener\">Formulario para la declaraci\u00f3n de intenciones del Trabajo Fin de Grado.<\/a><\/li>\n<\/ul>\n<\/li>\n<\/ol>\n<\/div><\/div><\/div>\n<\/div><\/div>\n","protected":false},"excerpt":{"rendered":"<p>Trabajo de Fin de Grado La asignatura de Trabajo Fin de Grado (TFG) es de car\u00e1cter obligatorio y resulta clave en la titulaci\u00f3n, dado que en ella se recoge la evaluaci\u00f3n de un gran n\u00famero de competencias espec\u00edficas y gen\u00e9ricas de la titulaci\u00f3n, tal y como puede observarse en la&nbsp;Gu\u00eda Docente&nbsp;correspondiente. El&nbsp;TFG&nbsp;de Grado en Dise\u00f1o&#8230;<\/p>","protected":false},"author":1,"featured_media":0,"parent":270,"menu_order":3,"comment_status":"closed","ping_status":"closed","template":"templates\/template-frontpage.php","meta":{"footnotes":""},"class_list":["post-33","page","type-page","status-publish","hentry"],"_links":{"self":[{"href":"https:\/\/www.ull.es\/grados\/diseno\/en\/wp-json\/wp\/v2\/pages\/33","targetHints":{"allow":["GET"]}}],"collection":[{"href":"https:\/\/www.ull.es\/grados\/diseno\/en\/wp-json\/wp\/v2\/pages"}],"about":[{"href":"https:\/\/www.ull.es\/grados\/diseno\/en\/wp-json\/wp\/v2\/types\/page"}],"author":[{"embeddable":true,"href":"https:\/\/www.ull.es\/grados\/diseno\/en\/wp-json\/wp\/v2\/users\/1"}],"replies":[{"embeddable":true,"href":"https:\/\/www.ull.es\/grados\/diseno\/en\/wp-json\/wp\/v2\/comments?post=33"}],"version-history":[{"count":22,"href":"https:\/\/www.ull.es\/grados\/diseno\/en\/wp-json\/wp\/v2\/pages\/33\/revisions"}],"predecessor-version":[{"id":974,"href":"https:\/\/www.ull.es\/grados\/diseno\/en\/wp-json\/wp\/v2\/pages\/33\/revisions\/974"}],"up":[{"embeddable":true,"href":"https:\/\/www.ull.es\/grados\/diseno\/en\/wp-json\/wp\/v2\/pages\/270"}],"wp:attachment":[{"href":"https:\/\/www.ull.es\/grados\/diseno\/en\/wp-json\/wp\/v2\/media?parent=33"}],"curies":[{"name":"wp","href":"https:\/\/api.w.org\/{rel}","templated":true}]}}