{"id":773,"date":"2021-10-14T10:32:42","date_gmt":"2021-10-14T10:32:42","guid":{"rendered":"https:\/\/www.ull.es\/grados\/diseno\/?page_id=773"},"modified":"2021-10-14T10:37:53","modified_gmt":"2021-10-14T10:37:53","slug":"justificacion-del-titulo-2","status":"publish","type":"page","link":"https:\/\/www.ull.es\/grados\/diseno\/fr\/justificacion-del-titulo-2\/","title":{"rendered":"Justification du titre"},"content":{"rendered":"<h1>Justification du titre<\/h1>\n<p>La proposition de cr\u00e9er un dipl\u00f4me en Design \u00e9mane des universit\u00e9s impliqu\u00e9es dans la r\u00e9daction du livre blanc sur les Beaux-Arts, le Design et la Conservation et Restauration (pr\u00e9sent\u00e9 \u00e0 l&#039;ANECA le 15 juin 2004). La Conf\u00e9rence des doyens des facult\u00e9s espagnoles des Beaux-Arts a convenu de proposer un dipl\u00f4me en Design, en r\u00e9ponse \u00e0 cette demande de longue date des facult\u00e9s des Beaux-Arts, tout en profitant de l&#039;opportunit\u00e9 offerte par le processus de convergence europ\u00e9enne, pour r\u00e9gulariser le design universitaire. \u00e9tudes en Espagne.<\/p>\n\n\n\n<p>Le RD 1393 du 29 octobre 2007, modifi\u00e9 en 2010, \u00e9tablit l&#039;organisation de l&#039;enseignement universitaire officiel et a permis de concr\u00e9tiser le dipl\u00f4me en Design, pla\u00e7ant cette mati\u00e8re \u00e0 un niveau comparable \u00e0 celui de l&#039;Europe. L&#039;opportunit\u00e9 est donn\u00e9e aux facult\u00e9s qui proposent des itin\u00e9raires ou des sp\u00e9cialit\u00e9s de design, comme c&#039;est le cas de la Facult\u00e9 des Beaux-Arts de l&#039;Universit\u00e9 de La Laguna, de cr\u00e9er ce dipl\u00f4me, non pas pour offrir quelque chose de nouveau, mais pour donner une continuit\u00e9 \u00e0 une formation. cela existait d\u00e9j\u00e0 dans leur offre et qui est d\u00e9sormais parfaitement r\u00e9glement\u00e9 et reconnu.<\/p>\n\n\n\n<p>D\u2019autre part, l\u2019existence de formations dipl\u00f4mantes en Design est une condition pr\u00e9alable n\u00e9cessaire au d\u00e9veloppement des \u00e9tudes postgradu\u00e9es et doctorales. Ceux-ci ferment le cercle de l\u2019enseignement sup\u00e9rieur, garantissant l\u2019incorporation et la participation active du design dans les activit\u00e9s et politiques de RDI existantes et futures de notre pays, tant au niveau de l\u2019\u00c9tat que r\u00e9gional.<\/p>\n\n\n\n<p>L&#039;int\u00e9gration d\u00e9finitive du design dans les universit\u00e9s en Europe et dans le reste du monde g\u00e9n\u00e8re une puissante communaut\u00e9 acad\u00e9mique internationale d\u00e9di\u00e9e \u00e0 la recherche (th\u00e9orique, historique, anthropologique, m\u00e9thodologique et m\u00e9ta-projet) et \u00e0 la formation de haut niveau. Cette communaut\u00e9 universitaire internationale garantit la coop\u00e9ration et les \u00e9changes, la publication de ses recherches, l&#039;organisation de forums de rencontres et la cr\u00e9ation de m\u00e9dias publics o\u00f9 s&#039;\u00e9tablissent les d\u00e9veloppements et favorisent l&#039;avancement de la recherche fondamentale.<\/p>\n\n\n\n<p>Les \u00e9tudes de design sont aujourd&#039;hui une r\u00e9alit\u00e9 dans le syst\u00e8me universitaire espagnol, et il est n\u00e9cessaire que la demande qu&#039;elles g\u00e9n\u00e8rent trouve \u00e9galement une r\u00e9ponse au sein de l&#039;universit\u00e9 publique canarienne. La reconnaissance d&#039;un dipl\u00f4me universitaire en design aux \u00eeles Canaries s&#039;av\u00e8re tout \u00e0 fait n\u00e9cessaire, d&#039;autant plus compte tenu du contexte actuel et de la r\u00e9flexion sur la mobilit\u00e9 des professionnels qui, dans le cas contraire, pourraient se retrouver dans des conditions in\u00e9gales pour acc\u00e9der au march\u00e9. . international.<\/p>\n\n\n\n<p>L&#039;Universit\u00e9 de La Laguna a une tradition d&#039;enseignement du design qui remonte aux projets de 1979. Depuis lors, de nombreux dipl\u00f4m\u00e9s ont rejoint avec succ\u00e8s la communaut\u00e9 professionnelle et sont aujourd&#039;hui directeurs de conception de journaux, directeurs artistiques dans des agences de publicit\u00e9, des studios de design et autres. des entreprises li\u00e9es au secteur des arts graphiques, des designers pour le secteur du tourisme ou des directeurs artistiques d&#039;entreprises de post-production num\u00e9rique, de soci\u00e9t\u00e9s de production cin\u00e9matographique ou de studios de t\u00e9l\u00e9vision, pour ne citer que quelques exemples. Sur le plan acad\u00e9mique, des th\u00e8ses de doctorat ont \u00e9t\u00e9 lues, des projets de recherche, des contrats de collaboration et des conventions de stages avec des entreprises ont \u00e9t\u00e9 sign\u00e9s. Les accords Erasmus sign\u00e9s avec des centres proposant des dipl\u00f4mes europ\u00e9ens en design en t\u00e9moignent \u00e9galement.<\/p>\n\n\n\n<p>On parle beaucoup de l&#039;opportunit\u00e9 de changer le mod\u00e8le socio-\u00e9conomique des \u00eeles Canaries et de la n\u00e9cessit\u00e9 de promouvoir la soci\u00e9t\u00e9 de la connaissance, de promouvoir l&#039;innovation et son utilisation dans la R&amp;D&amp;I, de promouvoir de nouvelles initiatives industrielles bas\u00e9es sur les TIC, l&#039;industrie audiovisuelle et l&#039;application de nouveaux mod\u00e8les de d\u00e9veloppement. aux industries du tourisme. La Facult\u00e9 des Beaux-Arts consid\u00e8re cette situation comme une opportunit\u00e9 de contribuer, \u00e0 travers le dipl\u00f4me en Design, au d\u00e9veloppement des \u00celes Canaries.<\/p>","protected":false},"excerpt":{"rendered":"<p>Justification du titre La proposition de cr\u00e9ation d&#039;une licence en design a \u00e9t\u00e9 formul\u00e9e par les universit\u00e9s impliqu\u00e9es dans la r\u00e9daction du Livre blanc sur les beaux-arts, le design, la conservation et la restauration (pr\u00e9sent\u00e9 \u00e0 l&#039;ANECA le 15 juin 2004). La Conf\u00e9rence des doyens des facult\u00e9s espagnoles des beaux-arts a eu lieu\u2026<\/p>","protected":false},"author":9,"featured_media":0,"parent":0,"menu_order":0,"comment_status":"closed","ping_status":"closed","template":"","meta":{"footnotes":""},"class_list":["post-773","page","type-page","status-publish","hentry"],"_links":{"self":[{"href":"https:\/\/www.ull.es\/grados\/diseno\/fr\/wp-json\/wp\/v2\/pages\/773","targetHints":{"allow":["GET"]}}],"collection":[{"href":"https:\/\/www.ull.es\/grados\/diseno\/fr\/wp-json\/wp\/v2\/pages"}],"about":[{"href":"https:\/\/www.ull.es\/grados\/diseno\/fr\/wp-json\/wp\/v2\/types\/page"}],"author":[{"embeddable":true,"href":"https:\/\/www.ull.es\/grados\/diseno\/fr\/wp-json\/wp\/v2\/users\/9"}],"replies":[{"embeddable":true,"href":"https:\/\/www.ull.es\/grados\/diseno\/fr\/wp-json\/wp\/v2\/comments?post=773"}],"version-history":[{"count":3,"href":"https:\/\/www.ull.es\/grados\/diseno\/fr\/wp-json\/wp\/v2\/pages\/773\/revisions"}],"predecessor-version":[{"id":777,"href":"https:\/\/www.ull.es\/grados\/diseno\/fr\/wp-json\/wp\/v2\/pages\/773\/revisions\/777"}],"wp:attachment":[{"href":"https:\/\/www.ull.es\/grados\/diseno\/fr\/wp-json\/wp\/v2\/media?parent=773"}],"curies":[{"name":"wp","href":"https:\/\/api.w.org\/{rel}","templated":true}]}}