{"id":773,"date":"2021-10-14T10:32:42","date_gmt":"2021-10-14T10:32:42","guid":{"rendered":"https:\/\/www.ull.es\/grados\/diseno\/?page_id=773"},"modified":"2021-10-14T10:37:53","modified_gmt":"2021-10-14T10:37:53","slug":"justificacion-del-titulo-2","status":"publish","type":"page","link":"https:\/\/www.ull.es\/grados\/diseno\/justificacion-del-titulo-2\/","title":{"rendered":"Justificaci\u00f3n del t\u00edtulo"},"content":{"rendered":"\n<h1>Justificaci\u00f3n del t\u00edtulo<\/h1>\n<p>La propuesta de creaci\u00f3n de un t\u00edtulo de grado en Dise\u00f1o parte de las universidades implicadas en la redacci\u00f3n del libro blanco en Bellas Artes, Dise\u00f1o y Conservaci\u00f3n y Restauraci\u00f3n (presentado a la ANECA el 15 de junio de 2004). La Conferencia de Decanos de las facultades de Bellas Artes espa\u00f1olas tom\u00f3 el acuerdo de proponer una titulaci\u00f3n de grado en Dise\u00f1o, en respuesta a esta antigua demanda de las facultades de Bellas Artes, a la vez que aprovechar la oportunidad que brindaba el proceso de convergencia europea, para regularizar los estudios universitarios de Dise\u00f1o en Espa\u00f1a.<\/p>\n\n\n\n<p>El RD 1393 de 29 de octubre de 2007, modificado en 2010, establece la ordenaci\u00f3n de las ense\u00f1anzas universitarias oficiales y ha permitido que el grado en Dise\u00f1o sea una realidad, situando esta materia a un nivel equiparable con Europa. Se brinda la oportunidad a las facultades que ven\u00edan ofertando itinerarios o especialidades de Dise\u00f1o, como es el caso de la Facultad de Bellas Artes de la Universidad de La Laguna, de crear este grado, no para ofertar algo nuevo, sino para dar continuidad a una formaci\u00f3n que ya exist\u00eda en su oferta y que ahora se encuentra perfectamente reglada y reconocida.<\/p>\n\n\n\n<p>Por otra parte, la existencia de unos estudios de grado en Dise\u00f1o son una condici\u00f3n previa y necesaria para el desarrollo de estudios de postgrado y doctorado. \u00c9stos cierran el c\u00edrculo de la formaci\u00f3n superior garantizando la incorporaci\u00f3n y la participaci\u00f3n activa del dise\u00f1o en las actividades y pol\u00edticas de I+D+i existentes y futuras en nuestro pa\u00eds, tanto a nivel estatal como auton\u00f3mico.<\/p>\n\n\n\n<p>La incorporaci\u00f3n definitiva del dise\u00f1o a la universidad en Europa y en el resto del mundo, est\u00e1 generando una potente comunidad acad\u00e9mica internacional dedicada a la investigaci\u00f3n (te\u00f3rica, hist\u00f3rica, antropol\u00f3gica, metodol\u00f3gica y metaproyectual) y a la formaci\u00f3n de alto nivel. Esta comunidad universitaria internacional garantiza la cooperaci\u00f3n y los intercambios, la publicaci\u00f3n de sus investigaciones, la organizaci\u00f3n de foros de encuentro y la g\u00e9nesis de los medios p\u00fablicos donde se fijan los desarrollos y se potencia el avance de la investigaci\u00f3n fundamental.<\/p>\n\n\n\n<p>Los estudios de Dise\u00f1o son, hoy por hoy, una realidad en el sistema universitario espa\u00f1ol, y es preciso que la demanda que est\u00e1n generando encuentre tambi\u00e9n respuesta dentro de la universidad p\u00fablica canaria. El reconocimiento de una titulaci\u00f3n universitaria de grado en Dise\u00f1o en Canarias se demuestra del todo necesaria, m\u00e1s a\u00fan, ante el panorama actual y pensando en la movilidad de unos profesionales que, de no ser as\u00ed, podr\u00edan encontrarse en desigualdad de condiciones al acceder al mercado internacional.<\/p>\n\n\n\n<p>La Universidad de La Laguna cuenta con una tradici\u00f3n en la ense\u00f1anza del dise\u00f1o que se remonta a los planes de 1979. Desde entonces, son muchos los egresados que se han incorporado con \u00e9xito al tejido profesional y hoy son directores de dise\u00f1o de peri\u00f3dicos, directores de arte en agencias de publicidad, estudios de dise\u00f1o y otras empresas vinculadas con el sector de las Artes gr\u00e1ficas, dise\u00f1adores para el sector tur\u00edstico o directores de arte en empresas de postproducci\u00f3n digital, productoras cinematogr\u00e1ficas o estudios de televisi\u00f3n, por poner s\u00f3lo algunos ejemplos. En lo acad\u00e9mico, se han le\u00eddo tesis doctorales, firmado proyectos de investigaci\u00f3n, contratos de colaboraci\u00f3n y convenios de pr\u00e1cticas con empresas. Tambi\u00e9n dan fe de ello los convenios Erasmus firmados con centros que ofrecen grados europeos en dise\u00f1o.<\/p>\n\n\n\n<p>Mucho se est\u00e1 hablando de la conveniencia de cambiar el modelo socioecon\u00f3mico de Canarias y de la necesidad de potenciar la sociedad del conocimiento, propiciar la innovaci\u00f3n y su aprovechamiento en la I+D+i, de promover nuevas iniciativas industriales basadas en las TIC, la industria audiovisual y la aplicaci\u00f3n de nuevos modelos de desarrollo a las industrias tur\u00edsticas. La Facultad de Bellas Artes entiende esta situaci\u00f3n como una oportunidad para contribuir, mediante la titulaci\u00f3n de grado en Dise\u00f1o, al desarrollo de Canarias.<\/p>\n","protected":false},"excerpt":{"rendered":"<p>Justificaci\u00f3n del t\u00edtulo La propuesta de creaci\u00f3n de un t\u00edtulo de grado en Dise\u00f1o parte de las universidades implicadas en la redacci\u00f3n del libro blanco en Bellas Artes, Dise\u00f1o y Conservaci\u00f3n y Restauraci\u00f3n (presentado a la ANECA el 15 de junio de 2004). La Conferencia de Decanos de las facultades de Bellas Artes espa\u00f1olas tom\u00f3&#8230;<\/p>\n","protected":false},"author":9,"featured_media":0,"parent":0,"menu_order":0,"comment_status":"closed","ping_status":"closed","template":"","meta":{"footnotes":""},"class_list":["post-773","page","type-page","status-publish","hentry"],"_links":{"self":[{"href":"https:\/\/www.ull.es\/grados\/diseno\/wp-json\/wp\/v2\/pages\/773","targetHints":{"allow":["GET"]}}],"collection":[{"href":"https:\/\/www.ull.es\/grados\/diseno\/wp-json\/wp\/v2\/pages"}],"about":[{"href":"https:\/\/www.ull.es\/grados\/diseno\/wp-json\/wp\/v2\/types\/page"}],"author":[{"embeddable":true,"href":"https:\/\/www.ull.es\/grados\/diseno\/wp-json\/wp\/v2\/users\/9"}],"replies":[{"embeddable":true,"href":"https:\/\/www.ull.es\/grados\/diseno\/wp-json\/wp\/v2\/comments?post=773"}],"version-history":[{"count":3,"href":"https:\/\/www.ull.es\/grados\/diseno\/wp-json\/wp\/v2\/pages\/773\/revisions"}],"predecessor-version":[{"id":777,"href":"https:\/\/www.ull.es\/grados\/diseno\/wp-json\/wp\/v2\/pages\/773\/revisions\/777"}],"wp:attachment":[{"href":"https:\/\/www.ull.es\/grados\/diseno\/wp-json\/wp\/v2\/media?parent=773"}],"curies":[{"name":"wp","href":"https:\/\/api.w.org\/{rel}","templated":true}]}}