{"id":40,"date":"2017-06-28T13:01:41","date_gmt":"2017-06-28T13:01:41","guid":{"rendered":"http:\/\/www.ull.es\/masteres\/desarrollo-y-gestion-de-recursos-humanos\/?page_id=40"},"modified":"2026-05-11T10:43:56","modified_gmt":"2026-05-11T10:43:56","slug":"reconocimiento-y-transferencia-de-creditos","status":"publish","type":"page","link":"https:\/\/www.ull.es\/grados\/doble-grado-nautica-transporte-maritimo-tecnologias-marinas\/fr\/informacion-academica\/reconocimiento-y-transferencia-de-creditos\/","title":{"rendered":"Reconnaissance et transfert de cr\u00e9dits"},"content":{"rendered":"\n<div class=\"wp-block-stackable-columns alignfull stk-block-columns stk-block stk-8657999\" data-block-id=\"8657999\"><style>.stk-8657999 {padding-bottom:0px !important;margin-top:-30px !important;margin-bottom:0px !important;}@media screen and (max-width: 767px){.stk-8657999 {margin-top:-10% !important;}}<\/style><div class=\"stk-row stk-inner-blocks stk-block-content stk-content-align stk-8657999-column alignfull\">\n<div class=\"wp-block-stackable-column stk-block-column stk-column stk-block stk-914f03e\" data-v=\"4\" data-block-id=\"914f03e\"><div class=\"stk-column-wrapper stk-block-column__content stk-container stk-914f03e-container stk--no-background stk--no-padding\"><div class=\"stk-block-content stk-inner-blocks stk-914f03e-inner-blocks\"><style id=\"depicter-1-inline-pre-css\">\n\n.depicter-1:not(.depicter-ready){\n\theight:500px;\n}\n\n\/***** Tablet *****\/\n@media screen and (max-width: 1024px){\n\n.depicter-1:not(.depicter-ready){\n\theight:700px;\n}\n\n}\n\/***** Mobile *****\/\n@media screen and (max-width: 767px){\n\n.depicter-1:not(.depicter-ready){\n\theight:360px;\n}\n\n}\n<\/style>\n<div id=\"depicter-1\" class=\"depicter depicter-document depicter-revert depicter-1 depicter-layout-fullwidth\">\n\n<div class=\"depicter-loading-container depicter-loading dotFlashing-dark\"><div class=\"depicter-loading-dark depicter-dot-flashing\">\n   <span><\/span>\n   <span><\/span>\n   <span><\/span>\n<\/div>\n<\/div>\n<div id=\"depicter-1-section-1\" class=\"depicter-section depicter-1-section-1\" data-name=\"Section 1\" data-type=\"section\" data-local-id=\"section-1\">\n<picture class=\"depicter-bg\">\n<source data-depicter-srcset=\"https:\/\/www.ull.es\/grados\/doble-grado-nautica-transporte-maritimo-tecnologias-marinas\/wp-content\/uploads\/sites\/61\/2026\/05\/Header_Doble_grado_nautica-768x248.jpg, https:\/\/www.ull.es\/grados\/doble-grado-nautica-transporte-maritimo-tecnologias-marinas\/wp-content\/uploads\/sites\/61\/2026\/05\/Header_Doble_grado_nautica.jpg 2x\" srcset=\"data:image\/gif;base64,R0lGODlhAQABAIAAAAAAAP\/\/\/yH5BAEAAAAALAAAAAABAAEAAAIBRAA7\" media=\"(max-width: 1024px)\" \/>\n\n<source data-depicter-srcset=\"https:\/\/www.ull.es\/grados\/doble-grado-nautica-transporte-maritimo-tecnologias-marinas\/wp-content\/uploads\/sites\/61\/2026\/05\/Header_Doble_grado_nautica.jpg, https:\/\/www.ull.es\/grados\/doble-grado-nautica-transporte-maritimo-tecnologias-marinas\/wp-content\/uploads\/sites\/61\/2026\/05\/Header_Doble_grado_nautica-1920x620.jpg 2x\" srcset=\"data:image\/gif;base64,R0lGODlhAQABAIAAAAAAAP\/\/\/yH5BAEAAAAALAAAAAABAAEAAAIBRAA7\" media=\"(min-width: 1025px)\" \/>\n<img decoding=\"async\" src=\"data:image\/gif;base64,R0lGODlhAQABAIAAAAAAAP\/\/\/yH5BAEAAAAALAAAAAABAAEAAAIBRAA7\" data-ken-burns=\"false\" data-tablet-ken-burns=\"false\" data-mobile-ken-burns=\"false\" alt=\"\" data-depicter-src=\"https:\/\/www.ull.es\/grados\/doble-grado-nautica-transporte-maritimo-tecnologias-marinas\/wp-content\/uploads\/sites\/61\/2026\/05\/Header_Doble_grado_nautica.jpg\" data-object-fit=\"custom,custom,\" data-object-position=\"center top,,\" data-crop=\"{'focalPoint':{'x':0.5,'y':0.5},'mediaSize':{'width':1548.387096774193423698307015001773834228515625,'height':499.99999999999994315658113919198513031005859375}}\" data-tablet-crop=\"{'focalPoint':{'x':0.5,'y':0.5},'mediaSize':{'width':2167.7419354838712024502456188201904296875,'height':700.0000000000001136868377216160297393798828125}}\" data-mobile-crop=\"{'focalPoint':{'x':0.66000000000000003108624468950438313186168670654296875,'y':0.5},'mediaSize':{'width':1114,'height':360}}\" \/>\n<\/picture>\n\n\n<h1 id=\"depicter-1-element-5\" class=\"depicter-element depicter-layer depicter-1-element-5\" data-type=\"text\" data-wrap=\"true\" data-name=\"Text 2\" data-local-id=\"element-5\" data-offset=\"x:86px;y:99px;origin:tl\" data-tablet-offset=\"x:218px;y:264px;origin:tl\" data-mobile-offset=\"x:7px;y:-188px;origin:tl\" data-width=\"1028px,589px,348px\" data-height=\"auto,auto,auto\" data-responsive-scale=\"true,,\">Doble Grado en N\u00e1utica y Transporte Mar\u00edtimo y en Tecnolog\u00edas Marinas<\/h1>\n\n<div id=\"depicter-1-element-10\" class=\"depicter-element depicter-layer depicter-1-element-10\" data-type=\"shape\" data-wrap=\"true\" data-name=\"Shape 1\" data-local-id=\"element-10\" data-offset=\"x:86px;y:410px;origin:tl\" data-tablet-offset=\"x:218px;y:446px;origin:tl\" data-mobile-offset=\"x:7px;y:116px;origin:tl\" data-width=\"1028px,589px,309px\" data-height=\"8px,8px,8px\" data-responsive-scale=\"true,,\"><\/div>\n<\/div>\n<\/div>\n<script>\n(window.depicterSetups = window.depicterSetups || []).push(function(){\n\tDepicter.basePath = 'https:\/\/www.ull.es\/grados\/doble-grado-nautica-transporte-maritimo-tecnologias-marinas\/wp-content\/plugins\/depicter\/resources\/scripts\/player\/';\n\tconst dpPlayer = Depicter.setup('.depicter-1',\n\t\t{\"width\":[\"1200\",\"1024\",\"360\"],\"height\":[\"500\",\"700\",\"360\"],\"view\":\"basic\",\"keepAspectRatio\":true,\"preload\":0,\"layout\":\"fullwidth\",\"rtl\":false,\"initAfterAppear\":false,\"ajaxApiUrl\":\"https:\\\/\\\/www.ull.es\\\/grados\\\/doble-grado-nautica-transporte-maritimo-tecnologias-marinas\\\/wp-admin\\\/admin-ajax.php\",\"mouseSwipe\":true,\"touchSwipe\":true,\"useWatermark\":false}\n\t);\n});\n<\/script><\/div><\/div><\/div>\n<\/div><\/div>\n\n\n\n<div class=\"wp-block-stackable-columns alignfull stk-block-columns stk--hide-mobile stk-block stk-ceecbdc stk-block-background\" data-block-id=\"ceecbdc\"><style>.stk-ceecbdc {background-color:#03256c !important;padding-top:35px !important;padding-right:0px !important;padding-bottom:2px !important;padding-left:0px !important;margin-top:-20px !important;margin-bottom:70px !important;}.stk-ceecbdc:before{background-color:#03256c !important;}<\/style><div class=\"stk-row stk-inner-blocks stk-block-content stk-content-align stk-ceecbdc-column alignfull\">\n<div class=\"wp-block-stackable-column stk-block-column stk-column stk-block stk-fc60a5d\" data-v=\"4\" data-block-id=\"fc60a5d\"><div class=\"stk-column-wrapper stk-block-column__content stk-container stk-fc60a5d-container stk--no-background stk--no-padding\"><div class=\"stk-block-content stk-inner-blocks stk-fc60a5d-inner-blocks\">\n<div class=\"wp-block-stackable-spacer stk-block-spacer stk--no-padding stk-block stk-a3a8a68\" data-block-id=\"a3a8a68\"><style>.stk-a3a8a68 {height:0px !important;}<\/style><\/div>\n<\/div><\/div><\/div>\n<\/div><\/div>\n\n\n\n<div class=\"wp-block-stackable-columns alignwide stk-block-columns stk-block stk-72bb06b\" data-block-id=\"72bb06b\"><style>.stk-72bb06b {padding-right:14% !important;padding-left:14% !important;margin-bottom:18px !important;}.stk-72bb06b-column{--stk-column-gap:var(--stk--preset--spacing--60, 2.25rem) !important;}<\/style><div class=\"stk-row stk-inner-blocks stk-block-content stk-content-align stk-72bb06b-column alignwide\">\n<div class=\"wp-block-stackable-column stk-block-column stk-column stk-block stk-65c3a7b\" data-v=\"4\" data-block-id=\"65c3a7b\"><div class=\"stk-column-wrapper stk-block-column__content stk-container stk-65c3a7b-container stk--no-background stk--no-padding\"><div class=\"stk-block-content stk-inner-blocks stk-65c3a7b-inner-blocks\">\n<div class=\"wp-block-stackable-heading stk-block-heading stk-block-heading--v2 stk-block stk-2859387\" id=\"reconocimiento-y-transferencia-de-creditos\" data-block-id=\"2859387\"><style>.stk-2859387 .stk-block-heading__text{color:#03256c !important;}<\/style><h1 class=\"stk-block-heading__text has-text-color\">Reconocimiento y transferencia de cr\u00e9ditos<\/h1><\/div>\n<\/div><\/div><\/div>\n<\/div><\/div>\n\n\n\n<div class=\"wp-block-stackable-columns alignwide stk-block-columns stk-block stk-3627255\" data-block-id=\"3627255\"><style>.stk-3627255 {padding-right:14% !important;padding-left:14% !important;margin-bottom:18px !important;}.stk-3627255-column{--stk-column-gap:var(--stk--preset--spacing--60, 2.25rem) !important;}<\/style><div class=\"stk-row stk-inner-blocks stk-block-content stk-content-align stk-3627255-column alignwide\">\n<div class=\"wp-block-stackable-column stk-block-column stk-column stk-block stk-81e665a\" data-v=\"4\" data-block-id=\"81e665a\"><style>@media screen and (min-width: 768px){.stk-81e665a {flex:var(--stk-flex-grow, 1) 1 calc(60% - var(--stk-column-gap, 0px) * 1 \/ 2 ) !important;}}<\/style><div class=\"stk-column-wrapper stk-block-column__content stk-container stk-81e665a-container stk--no-background stk--no-padding\"><div class=\"stk-block-content stk-inner-blocks stk-81e665a-inner-blocks\">\n<p>El reconocimiento de cr\u00e9ditos en el Doble Grado en N\u00e1utica y Transporte Mar\u00edtimo y en Tecnolog\u00edas Marinas se basa en la equivalencia entre las asignaturas comunes de ambos grados, permitiendo evitar duplicidades formativas y optimizar el itinerario acad\u00e9mico.<\/p>\n\n\n\n<p>El programa contempla el reconocimiento autom\u00e1tico de materias compartidas entre las dos titulaciones, especialmente en \u00e1reas como:<\/p>\n\n\n\n<ul class=\"wp-block-list\">\n<li>Fundamentos f\u00edsicos y matem\u00e1ticos aplicados a la ingenier\u00eda.&nbsp;<\/li>\n\n\n\n<li>Fundamentos qu\u00edmicos aplicados al buque.&nbsp;<\/li>\n\n\n\n<li>Construcci\u00f3n naval y teor\u00eda del buque.&nbsp;<\/li>\n\n\n\n<li>Sistemas auxiliares del buque.&nbsp;<\/li>\n\n\n\n<li>Legislaci\u00f3n y reglamentaci\u00f3n mar\u00edtima.&nbsp;<\/li>\n\n\n\n<li>Expresi\u00f3n gr\u00e1fica.&nbsp;<\/li>\n\n\n\n<li>Seguridad mar\u00edtima y supervivencia en la mar.&nbsp;<\/li>\n\n\n\n<li>Fundamentos inform\u00e1ticos.&nbsp;<\/li>\n\n\n\n<li>Electrotecnia y electr\u00f3nica.&nbsp;<\/li>\n\n\n\n<li>Medicina mar\u00edtima.&nbsp;<\/li>\n<\/ul>\n\n\n\n<p>Asimismo, el Trabajo Fin de Grado se desarrolla de manera integrada para ambas titulaciones, aunque debe matricularse y calificarse en cada una de ellas.<\/p>\n\n\n\n<p>El doble grado no contempla reconocimiento de cr\u00e9ditos por:<\/p>\n\n\n\n<ul class=\"wp-block-list\">\n<li>Ciclos Formativos de Grado Superior.&nbsp;<\/li>\n\n\n\n<li>Experiencia profesional.&nbsp;<\/li>\n\n\n\n<li>Participaci\u00f3n en actividades universitarias.&nbsp;<\/li>\n<\/ul>\n\n\n\n<p>Los reconocimientos se har\u00e1n efectivos una vez superados los cr\u00e9ditos requeridos para completar el doble t\u00edtulo y la calificaci\u00f3n de las asignaturas reconocidas se calcular\u00e1 mediante media ponderada de los cr\u00e9ditos correspondientes.&nbsp;<\/p>\n\n\n\n<p><\/p>\n\n\n\n<p><\/p>\n<\/div><\/div><\/div>\n\n\n\n<div class=\"wp-block-stackable-column stk-block-column stk-column stk-block stk-f501395\" data-v=\"4\" data-block-id=\"f501395\"><style>@media screen and (min-width: 768px){.stk-f501395 {flex:var(--stk-flex-grow, 1) 1 calc(40% - var(--stk-column-gap, 0px) * 1 \/ 2 ) !important;}}<\/style><div class=\"stk-column-wrapper stk-block-column__content stk-container stk-f501395-container stk--no-background stk--no-padding\"><div class=\"stk-block-content stk-inner-blocks stk-f501395-inner-blocks\">\n<div class=\"wp-block-stackable-icon-label stk-block-icon-label stk-block stk-e63cb4f stk-block-background\" data-block-id=\"e63cb4f\"><style>.stk-e63cb4f {background-color:#03256c !important;padding-top:20px !important;padding-right:20px !important;padding-bottom:20px !important;padding-left:20px !important;}.stk-e63cb4f:hover{background-color:#0f0e17 !important;}.stk-e63cb4f:before{background-color:#03256c !important;}.stk-e63cb4f:hover:before{background-color:#0f0e17 !important;}<\/style><div class=\"stk-row stk-inner-blocks stk-block-content\">\n<div class=\"wp-block-stackable-heading stk-block-heading stk-block-heading--v2 stk-block stk-68b185a\" id=\"a-href-https-www-ull-es-estudios-docencia-reconocimiento-adaptacion-transferencia-span-style-color-fffffe-class-stk-highlight-reconocimiento-adaptacion-y-transferencia-span-a\" data-block-id=\"68b185a\"><style>.stk-68b185a .stk-block-heading__text{font-size:22px !important;color:#fffffe !important;line-height:1.3em !important;}@media screen and (max-width: 1023px){.stk-68b185a .stk-block-heading__text{font-size:22px !important;}}<\/style><p class=\"stk-block-heading__text has-text-color\"><a href=\"https:\/\/www.ull.es\/estudios-docencia\/reconocimiento-adaptacion-transferencia\/\" target=\"_blank\" rel=\"noopener\"><span style=\"color: #fffffe;\" class=\"stk-highlight\">Reconocimiento, adaptaci\u00f3n y transferencia<\/span><\/a><\/p><\/div>\n\n\n\n<div class=\"wp-block-stackable-icon stk-block-icon has-text-align-left stk-block stk-34dedbe\" data-block-id=\"34dedbe\"><style>.stk-34dedbe .stk--svg-wrapper .stk--inner-svg svg:last-child{height:18px !important;width:18px !important;}.stk-34dedbe .stk--svg-wrapper .stk--inner-svg svg:last-child, .stk-34dedbe .stk--svg-wrapper .stk--inner-svg svg:last-child :is(g, path, rect, polygon, ellipse){fill:#fffffe !important;}<\/style><span class=\"stk--svg-wrapper\"><div class=\"stk--inner-svg\"><svg style=\"height:0;width:0\"><defs><linearGradient id=\"linear-gradient-34dedbe\" x1=\"0\" x2=\"100%\" y1=\"0\" y2=\"0\"><stop offset=\"0%\" style=\"stop-opacity:1;stop-color:var(--linear-gradient-34-dedbe-color-1)\"><\/stop><stop offset=\"100%\" style=\"stop-opacity:1;stop-color:var(--linear-gradient-34-dedbe-color-2)\"><\/stop><\/linearGradient><\/defs><\/svg><svg xmlns=\"http:\/\/www.w3.org\/2000\/svg\" viewBox=\"0 0 448 512\" aria-hidden=\"true\" width=\"32\" height=\"32\"><path d=\"M438.6 278.6c12.5-12.5 12.5-32.8 0-45.3l-160-160c-12.5-12.5-32.8-12.5-45.3 0s-12.5 32.8 0 45.3L338.8 224 32 224c-17.7 0-32 14.3-32 32s14.3 32 32 32l306.7 0L233.4 393.4c-12.5 12.5-12.5 32.8 0 45.3s32.8 12.5 45.3 0l160-160z\"\/><\/svg><\/div><\/span><\/div>\n<\/div><\/div>\n\n\n\n<div class=\"wp-block-stackable-icon-label stk-block-icon-label stk-block stk-c6ee8e5 stk-block-background\" data-block-id=\"c6ee8e5\"><style>.stk-c6ee8e5 {background-color:#03256c !important;padding-top:20px !important;padding-right:20px !important;padding-bottom:20px !important;padding-left:20px !important;}.stk-c6ee8e5:hover{background-color:#0f0e17 !important;}.stk-c6ee8e5:before{background-color:#03256c !important;}.stk-c6ee8e5:hover:before{background-color:#0f0e17 !important;}<\/style><div class=\"stk-row stk-inner-blocks stk-block-content\">\n<div class=\"wp-block-stackable-heading stk-block-heading stk-block-heading--v2 stk-block stk-b2f5827\" id=\"a-href-https-riull-ull-es-xmlui-bitstream-handle-915-25631-g-027-grado-nauticay-transporte-maritimo-v-2-pdf-sequence-5-amp-is-allowed-y-span-style-color-fffffe-class-stk-highlight-tablas-de-reconocimiento-de-creditos-del-grado-en-nautica-y-transporte-maritimo-span-a\" data-block-id=\"b2f5827\"><style>.stk-b2f5827 .stk-block-heading__text{font-size:22px !important;line-height:1.3em !important;}@media screen and (max-width: 1023px){.stk-b2f5827 .stk-block-heading__text{font-size:22px !important;}}<\/style><p class=\"stk-block-heading__text\"><a href=\"https:\/\/riull.ull.es\/xmlui\/bitstream\/handle\/915\/25631\/G027_GradoNauticayTransporteMaritimo_v2.pdf?sequence=5&amp;isAllowed=y\" target=\"_blank\" rel=\"noopener\"><span style=\"color: #fffffe;\" class=\"stk-highlight\">Tablas de reconocimiento de Cr\u00e9ditos del Grado en N\u00e1utica y Transporte Mar\u00edtimo<\/span><\/a><\/p><\/div>\n\n\n\n<div class=\"wp-block-stackable-icon stk-block-icon has-text-align-left stk-block stk-9b9087b\" data-block-id=\"9b9087b\"><style>.stk-9b9087b .stk--svg-wrapper .stk--inner-svg svg:last-child{height:18px !important;width:18px !important;}.stk-9b9087b .stk--svg-wrapper .stk--inner-svg svg:last-child, .stk-9b9087b .stk--svg-wrapper .stk--inner-svg svg:last-child :is(g, path, rect, polygon, ellipse){fill:#fffffe !important;}<\/style><span class=\"stk--svg-wrapper\"><div class=\"stk--inner-svg\"><svg style=\"height:0;width:0\"><defs><linearGradient id=\"linear-gradient-9b9087b\" x1=\"0\" x2=\"100%\" y1=\"0\" y2=\"0\"><stop offset=\"0%\" style=\"stop-opacity:1;stop-color:var(--linear-gradient-9-b-9087-b-color-1)\"><\/stop><stop offset=\"100%\" style=\"stop-opacity:1;stop-color:var(--linear-gradient-9-b-9087-b-color-2)\"><\/stop><\/linearGradient><\/defs><\/svg><svg xmlns=\"http:\/\/www.w3.org\/2000\/svg\" viewBox=\"0 0 448 512\" aria-hidden=\"true\" width=\"32\" height=\"32\"><path d=\"M438.6 278.6c12.5-12.5 12.5-32.8 0-45.3l-160-160c-12.5-12.5-32.8-12.5-45.3 0s-12.5 32.8 0 45.3L338.8 224 32 224c-17.7 0-32 14.3-32 32s14.3 32 32 32l306.7 0L233.4 393.4c-12.5 12.5-12.5 32.8 0 45.3s32.8 12.5 45.3 0l160-160z\"\/><\/svg><\/div><\/span><\/div>\n<\/div><\/div>\n\n\n\n<div class=\"wp-block-stackable-icon-label stk-block-icon-label stk-block stk-14fd43f stk-block-background\" data-block-id=\"14fd43f\"><style>.stk-14fd43f {background-color:#03256c !important;padding-top:20px !important;padding-right:20px !important;padding-bottom:20px !important;padding-left:20px !important;}.stk-14fd43f:hover{background-color:#0f0e17 !important;}.stk-14fd43f:before{background-color:#03256c !important;}.stk-14fd43f:hover:before{background-color:#0f0e17 !important;}<\/style><div class=\"stk-row stk-inner-blocks stk-block-content\">\n<div class=\"wp-block-stackable-heading stk-block-heading stk-block-heading--v2 stk-block stk-c3642a9\" id=\"a-href-https-riull-ull-es-xmlui-bitstream-handle-915-25630-g-028-grado-tecnologias-marinas-v-2-pdf-sequence-3-amp-is-allowed-y-span-style-color-fffffe-class-stk-highlight-tablas-de-reconocimiento-de-creditos-del-grado-en-tecnologias-marinas-span-a\" data-block-id=\"c3642a9\"><style>.stk-c3642a9 .stk-block-heading__text{font-size:22px !important;line-height:1.3em !important;}@media screen and (max-width: 1023px){.stk-c3642a9 .stk-block-heading__text{font-size:22px !important;}}<\/style><p class=\"stk-block-heading__text\"><a href=\"https:\/\/riull.ull.es\/xmlui\/bitstream\/handle\/915\/25630\/G028_GradoTecnologiasMarinas_v2.pdf?sequence=3&amp;isAllowed=y\" target=\"_blank\" rel=\"noopener\"><span style=\"color: #fffffe;\" class=\"stk-highlight\">Tablas de reconocimiento de Cr\u00e9ditos del Grado en Tecnolog\u00edas Marinas<\/span><\/a><\/p><\/div>\n\n\n\n<div class=\"wp-block-stackable-icon stk-block-icon has-text-align-left stk-block stk-828c644\" data-block-id=\"828c644\"><style>.stk-828c644 .stk--svg-wrapper .stk--inner-svg svg:last-child{height:18px !important;width:18px !important;}.stk-828c644 .stk--svg-wrapper .stk--inner-svg svg:last-child, .stk-828c644 .stk--svg-wrapper .stk--inner-svg svg:last-child :is(g, path, rect, polygon, ellipse){fill:#fffffe !important;}<\/style><span class=\"stk--svg-wrapper\"><div class=\"stk--inner-svg\"><svg style=\"height:0;width:0\"><defs><linearGradient id=\"linear-gradient-828c644\" x1=\"0\" x2=\"100%\" y1=\"0\" y2=\"0\"><stop offset=\"0%\" style=\"stop-opacity:1;stop-color:var(--linear-gradient-828-c-644-color-1)\"><\/stop><stop offset=\"100%\" style=\"stop-opacity:1;stop-color:var(--linear-gradient-828-c-644-color-2)\"><\/stop><\/linearGradient><\/defs><\/svg><svg xmlns=\"http:\/\/www.w3.org\/2000\/svg\" viewBox=\"0 0 448 512\" aria-hidden=\"true\" width=\"32\" height=\"32\"><path d=\"M438.6 278.6c12.5-12.5 12.5-32.8 0-45.3l-160-160c-12.5-12.5-32.8-12.5-45.3 0s-12.5 32.8 0 45.3L338.8 224 32 224c-17.7 0-32 14.3-32 32s14.3 32 32 32l306.7 0L233.4 393.4c-12.5 12.5-12.5 32.8 0 45.3s32.8 12.5 45.3 0l160-160z\"\/><\/svg><\/div><\/span><\/div>\n<\/div><\/div>\n\n\n\n<div class=\"wp-block-stackable-icon-label stk-block-icon-label stk-block stk-bc05d67 stk-block-background\" data-block-id=\"bc05d67\"><style>.stk-bc05d67 {background-color:#03256c !important;padding-top:20px !important;padding-right:20px !important;padding-bottom:20px !important;padding-left:20px !important;}.stk-bc05d67:hover{background-color:#0f0e17 !important;}.stk-bc05d67:before{background-color:#03256c !important;}.stk-bc05d67:hover:before{background-color:#0f0e17 !important;}<\/style><div class=\"stk-row stk-inner-blocks stk-block-content\">\n<div class=\"wp-block-stackable-heading stk-block-heading stk-block-heading--v2 stk-block stk-b9f1ee6\" id=\"a-href-https-drive-google-com-file-d-1-q-c-2-a-6-j-lnvq-o-58-b-q-fwhnk-zv-urf-i-8-t-j-e-s-view-usp-sharing-span-style-color-fffffe-class-stk-highlight-reconocimiento-de-creditos-por-ciclos-formativos-de-fp-de-grado-superior-span-a\" data-block-id=\"b9f1ee6\"><style>.stk-b9f1ee6 .stk-block-heading__text{font-size:22px !important;line-height:1.3em !important;}@media screen and (max-width: 1023px){.stk-b9f1ee6 .stk-block-heading__text{font-size:22px !important;}}<\/style><p class=\"stk-block-heading__text\"><a href=\"https:\/\/drive.google.com\/file\/d\/1qC2a6jLnvqO58bQFwhnkZVUrfI8tJ-eS\/view?usp=sharing\" target=\"_blank\" rel=\"noopener\"><span style=\"color: #fffffe;\" class=\"stk-highlight\">Reconocimiento de cr\u00e9ditos por Ciclos Formativos de FP de Grado Superior<\/span><\/a><\/p><\/div>\n\n\n\n<div class=\"wp-block-stackable-icon stk-block-icon has-text-align-left stk-block stk-221e448\" data-block-id=\"221e448\"><style>.stk-221e448 .stk--svg-wrapper .stk--inner-svg svg:last-child{height:18px !important;width:18px !important;}.stk-221e448 .stk--svg-wrapper .stk--inner-svg svg:last-child, .stk-221e448 .stk--svg-wrapper .stk--inner-svg svg:last-child :is(g, path, rect, polygon, ellipse){fill:#fffffe !important;}<\/style><span class=\"stk--svg-wrapper\"><div class=\"stk--inner-svg\"><svg style=\"height:0;width:0\"><defs><linearGradient id=\"linear-gradient-221e448\" x1=\"0\" x2=\"100%\" y1=\"0\" y2=\"0\"><stop offset=\"0%\" style=\"stop-opacity:1;stop-color:var(--linear-gradient-221-e-448-color-1)\"><\/stop><stop offset=\"100%\" style=\"stop-opacity:1;stop-color:var(--linear-gradient-221-e-448-color-2)\"><\/stop><\/linearGradient><\/defs><\/svg><svg xmlns=\"http:\/\/www.w3.org\/2000\/svg\" viewBox=\"0 0 448 512\" aria-hidden=\"true\" width=\"32\" height=\"32\"><path d=\"M438.6 278.6c12.5-12.5 12.5-32.8 0-45.3l-160-160c-12.5-12.5-32.8-12.5-45.3 0s-12.5 32.8 0 45.3L338.8 224 32 224c-17.7 0-32 14.3-32 32s14.3 32 32 32l306.7 0L233.4 393.4c-12.5 12.5-12.5 32.8 0 45.3s32.8 12.5 45.3 0l160-160z\"\/><\/svg><\/div><\/span><\/div>\n<\/div><\/div>\n<\/div><\/div><\/div>\n<\/div><\/div>\n","protected":false},"excerpt":{"rendered":"<p>Reconocimiento y transferencia de cr\u00e9ditos El reconocimiento de cr\u00e9ditos en el Doble Grado en N\u00e1utica y Transporte Mar\u00edtimo y en Tecnolog\u00edas Marinas se basa en la equivalencia entre las asignaturas comunes de ambos grados, permitiendo evitar duplicidades formativas y optimizar el itinerario acad\u00e9mico. El programa contempla el reconocimiento autom\u00e1tico de materias compartidas entre las dos&#8230;<\/p>","protected":false},"author":1,"featured_media":0,"parent":252,"menu_order":3,"comment_status":"closed","ping_status":"closed","template":"templates\/template-frontpage.php","meta":{"footnotes":""},"class_list":["post-40","page","type-page","status-publish","hentry"],"_links":{"self":[{"href":"https:\/\/www.ull.es\/grados\/doble-grado-nautica-transporte-maritimo-tecnologias-marinas\/fr\/wp-json\/wp\/v2\/pages\/40","targetHints":{"allow":["GET"]}}],"collection":[{"href":"https:\/\/www.ull.es\/grados\/doble-grado-nautica-transporte-maritimo-tecnologias-marinas\/fr\/wp-json\/wp\/v2\/pages"}],"about":[{"href":"https:\/\/www.ull.es\/grados\/doble-grado-nautica-transporte-maritimo-tecnologias-marinas\/fr\/wp-json\/wp\/v2\/types\/page"}],"author":[{"embeddable":true,"href":"https:\/\/www.ull.es\/grados\/doble-grado-nautica-transporte-maritimo-tecnologias-marinas\/fr\/wp-json\/wp\/v2\/users\/1"}],"replies":[{"embeddable":true,"href":"https:\/\/www.ull.es\/grados\/doble-grado-nautica-transporte-maritimo-tecnologias-marinas\/fr\/wp-json\/wp\/v2\/comments?post=40"}],"version-history":[{"count":34,"href":"https:\/\/www.ull.es\/grados\/doble-grado-nautica-transporte-maritimo-tecnologias-marinas\/fr\/wp-json\/wp\/v2\/pages\/40\/revisions"}],"predecessor-version":[{"id":1191,"href":"https:\/\/www.ull.es\/grados\/doble-grado-nautica-transporte-maritimo-tecnologias-marinas\/fr\/wp-json\/wp\/v2\/pages\/40\/revisions\/1191"}],"up":[{"embeddable":true,"href":"https:\/\/www.ull.es\/grados\/doble-grado-nautica-transporte-maritimo-tecnologias-marinas\/fr\/wp-json\/wp\/v2\/pages\/252"}],"wp:attachment":[{"href":"https:\/\/www.ull.es\/grados\/doble-grado-nautica-transporte-maritimo-tecnologias-marinas\/fr\/wp-json\/wp\/v2\/media?parent=40"}],"curies":[{"name":"wp","href":"https:\/\/api.w.org\/{rel}","templated":true}]}}