{"id":37,"date":"2017-06-28T12:58:45","date_gmt":"2017-06-28T12:58:45","guid":{"rendered":"http:\/\/www.ull.es\/masteres\/desarrollo-y-gestion-de-recursos-humanos\/?page_id=30"},"modified":"2026-05-11T10:42:55","modified_gmt":"2026-05-11T10:42:55","slug":"perfil-de-ingreso-y-egreso","status":"publish","type":"page","link":"https:\/\/www.ull.es\/grados\/doble-grado-nautica-transporte-maritimo-tecnologias-marinas\/informacion-academica\/perfil-de-ingreso-y-egreso\/","title":{"rendered":"Perfil de ingreso y egreso"},"content":{"rendered":"\n<div class=\"wp-block-stackable-columns alignfull stk-block-columns stk-block stk-8657999\" data-block-id=\"8657999\"><style>.stk-8657999 {padding-bottom:0px !important;margin-top:-30px !important;margin-bottom:0px !important;}@media screen and (max-width: 767px){.stk-8657999 {margin-top:-10% !important;}}<\/style><div class=\"stk-row stk-inner-blocks stk-block-content stk-content-align stk-8657999-column alignfull\">\n<div class=\"wp-block-stackable-column stk-block-column stk-column stk-block stk-914f03e\" data-v=\"4\" data-block-id=\"914f03e\"><div class=\"stk-column-wrapper stk-block-column__content stk-container stk-914f03e-container stk--no-background stk--no-padding\"><div class=\"stk-block-content stk-inner-blocks stk-914f03e-inner-blocks\"><style id=\"depicter-1-inline-pre-css\">\n\n.depicter-1:not(.depicter-ready){\n\theight:500px;\n}\n\n\/***** Tablet *****\/\n@media screen and (max-width: 1024px){\n\n.depicter-1:not(.depicter-ready){\n\theight:700px;\n}\n\n}\n\/***** Mobile *****\/\n@media screen and (max-width: 767px){\n\n.depicter-1:not(.depicter-ready){\n\theight:360px;\n}\n\n}\n<\/style>\n<div id=\"depicter-1\" class=\"depicter depicter-document depicter-revert depicter-1 depicter-layout-fullwidth\">\n\n<div class=\"depicter-loading-container depicter-loading dotFlashing-dark\"><div class=\"depicter-loading-dark depicter-dot-flashing\">\n   <span><\/span>\n   <span><\/span>\n   <span><\/span>\n<\/div>\n<\/div>\n<div id=\"depicter-1-section-1\" class=\"depicter-section depicter-1-section-1\" data-name=\"Section 1\" data-type=\"section\" data-local-id=\"section-1\">\n<picture class=\"depicter-bg\">\n<source data-depicter-srcset=\"https:\/\/www.ull.es\/grados\/doble-grado-nautica-transporte-maritimo-tecnologias-marinas\/wp-content\/uploads\/sites\/61\/2026\/05\/Header_Doble_grado_nautica-768x248.jpg, https:\/\/www.ull.es\/grados\/doble-grado-nautica-transporte-maritimo-tecnologias-marinas\/wp-content\/uploads\/sites\/61\/2026\/05\/Header_Doble_grado_nautica.jpg 2x\" srcset=\"data:image\/gif;base64,R0lGODlhAQABAIAAAAAAAP\/\/\/yH5BAEAAAAALAAAAAABAAEAAAIBRAA7\" media=\"(max-width: 1024px)\" \/>\n\n<source data-depicter-srcset=\"https:\/\/www.ull.es\/grados\/doble-grado-nautica-transporte-maritimo-tecnologias-marinas\/wp-content\/uploads\/sites\/61\/2026\/05\/Header_Doble_grado_nautica.jpg, https:\/\/www.ull.es\/grados\/doble-grado-nautica-transporte-maritimo-tecnologias-marinas\/wp-content\/uploads\/sites\/61\/2026\/05\/Header_Doble_grado_nautica-1920x620.jpg 2x\" srcset=\"data:image\/gif;base64,R0lGODlhAQABAIAAAAAAAP\/\/\/yH5BAEAAAAALAAAAAABAAEAAAIBRAA7\" media=\"(min-width: 1025px)\" \/>\n<img decoding=\"async\" src=\"data:image\/gif;base64,R0lGODlhAQABAIAAAAAAAP\/\/\/yH5BAEAAAAALAAAAAABAAEAAAIBRAA7\" data-ken-burns=\"false\" data-tablet-ken-burns=\"false\" data-mobile-ken-burns=\"false\" alt=\"\" data-depicter-src=\"https:\/\/www.ull.es\/grados\/doble-grado-nautica-transporte-maritimo-tecnologias-marinas\/wp-content\/uploads\/sites\/61\/2026\/05\/Header_Doble_grado_nautica.jpg\" data-object-fit=\"custom,custom,\" data-object-position=\"center top,,\" data-crop=\"{'focalPoint':{'x':0.5,'y':0.5},'mediaSize':{'width':1548.387096774193423698307015001773834228515625,'height':499.99999999999994315658113919198513031005859375}}\" data-tablet-crop=\"{'focalPoint':{'x':0.5,'y':0.5},'mediaSize':{'width':2167.7419354838712024502456188201904296875,'height':700.0000000000001136868377216160297393798828125}}\" data-mobile-crop=\"{'focalPoint':{'x':0.66000000000000003108624468950438313186168670654296875,'y':0.5},'mediaSize':{'width':1114,'height':360}}\" \/>\n<\/picture>\n\n\n<h1 id=\"depicter-1-element-5\" class=\"depicter-element depicter-layer depicter-1-element-5\" data-type=\"text\" data-wrap=\"true\" data-name=\"Text 2\" data-local-id=\"element-5\" data-offset=\"x:86px;y:99px;origin:tl\" data-tablet-offset=\"x:218px;y:264px;origin:tl\" data-mobile-offset=\"x:7px;y:-188px;origin:tl\" data-width=\"1028px,589px,348px\" data-height=\"auto,auto,auto\" data-responsive-scale=\"true,,\">Doble Grado en N\u00e1utica y Transporte Mar\u00edtimo y en Tecnolog\u00edas Marinas<\/h1>\n\n<div id=\"depicter-1-element-10\" class=\"depicter-element depicter-layer depicter-1-element-10\" data-type=\"shape\" data-wrap=\"true\" data-name=\"Shape 1\" data-local-id=\"element-10\" data-offset=\"x:86px;y:410px;origin:tl\" data-tablet-offset=\"x:218px;y:446px;origin:tl\" data-mobile-offset=\"x:7px;y:116px;origin:tl\" data-width=\"1028px,589px,309px\" data-height=\"8px,8px,8px\" data-responsive-scale=\"true,,\"><\/div>\n<\/div>\n<\/div>\n<script>\n(window.depicterSetups = window.depicterSetups || []).push(function(){\n\tDepicter.basePath = 'https:\/\/www.ull.es\/grados\/doble-grado-nautica-transporte-maritimo-tecnologias-marinas\/wp-content\/plugins\/depicter\/resources\/scripts\/player\/';\n\tconst dpPlayer = Depicter.setup('.depicter-1',\n\t\t{\"width\":[\"1200\",\"1024\",\"360\"],\"height\":[\"500\",\"700\",\"360\"],\"view\":\"basic\",\"keepAspectRatio\":true,\"preload\":0,\"layout\":\"fullwidth\",\"rtl\":false,\"initAfterAppear\":false,\"ajaxApiUrl\":\"https:\\\/\\\/www.ull.es\\\/grados\\\/doble-grado-nautica-transporte-maritimo-tecnologias-marinas\\\/wp-admin\\\/admin-ajax.php\",\"mouseSwipe\":true,\"touchSwipe\":true,\"useWatermark\":false}\n\t);\n});\n<\/script><\/div><\/div><\/div>\n<\/div><\/div>\n\n\n\n<div class=\"wp-block-stackable-columns alignfull stk-block-columns stk--hide-mobile stk-block stk-ceecbdc stk-block-background\" data-block-id=\"ceecbdc\"><style>.stk-ceecbdc {background-color:#03256c !important;padding-top:35px !important;padding-right:0px !important;padding-bottom:2px !important;padding-left:0px !important;margin-top:-20px !important;margin-bottom:70px !important;}.stk-ceecbdc:before{background-color:#03256c !important;}<\/style><div class=\"stk-row stk-inner-blocks stk-block-content stk-content-align stk-ceecbdc-column alignfull\">\n<div class=\"wp-block-stackable-column stk-block-column stk-column stk-block stk-fc60a5d\" data-v=\"4\" data-block-id=\"fc60a5d\"><div class=\"stk-column-wrapper stk-block-column__content stk-container stk-fc60a5d-container stk--no-background stk--no-padding\"><div class=\"stk-block-content stk-inner-blocks stk-fc60a5d-inner-blocks\">\n<div class=\"wp-block-stackable-spacer stk-block-spacer stk--no-padding stk-block stk-a3a8a68\" data-block-id=\"a3a8a68\"><style>.stk-a3a8a68 {height:0px !important;}<\/style><\/div>\n<\/div><\/div><\/div>\n<\/div><\/div>\n\n\n\n<div class=\"wp-block-stackable-columns alignwide stk-block-columns stk-block stk-3627255\" data-block-id=\"3627255\"><style>.stk-3627255 {padding-right:16% !important;padding-left:16% !important;margin-bottom:18px !important;}<\/style><div class=\"stk-row stk-inner-blocks stk-block-content stk-content-align stk-3627255-column alignwide\">\n<div class=\"wp-block-stackable-column stk-block-column stk-column stk-block stk-81e665a\" data-v=\"4\" data-block-id=\"81e665a\"><div class=\"stk-column-wrapper stk-block-column__content stk-container stk-81e665a-container stk--no-background stk--no-padding\"><div class=\"stk-block-content stk-inner-blocks stk-81e665a-inner-blocks\">\n<div class=\"wp-block-stackable-heading stk-block-heading stk-block-heading--v2 stk-block stk-97878e6\" id=\"perfil-de-ingreso-y-egreso\" data-block-id=\"97878e6\"><style>.stk-97878e6 .stk-block-heading__text{color:#03256c !important;}<\/style><h1 class=\"stk-block-heading__text has-text-color\">Perfil de ingreso y egreso<\/h1><\/div>\n\n\n\n<h4 class=\"wp-block-heading\"><strong>PERFIL DE INGRESO<\/strong><\/h4>\n\n\n\n<p>El Doble Grado en N\u00e1utica y Transporte Mar\u00edtimo y en Tecnolog\u00edas Marinas est\u00e1 dirigido a estudiantes que cumplan los requisitos generales de acceso a la universidad y que presenten un perfil cient\u00edfico-t\u00e9cnico. Se recomienda especialmente haber cursado asignaturas como matem\u00e1ticas, f\u00edsica, qu\u00edmica, ingl\u00e9s y expresi\u00f3n gr\u00e1fica.<\/p>\n\n\n\n<p>El perfil ideal del alumnado incluye:<\/p>\n\n\n\n<ul class=\"wp-block-list\">\n<li>Inter\u00e9s por las ciencias y tecnolog\u00edas aplicadas al \u00e1mbito mar\u00edtimo y naval.&nbsp;<\/li>\n\n\n\n<li>Capacidad de an\u00e1lisis y razonamiento l\u00f3gico.&nbsp;<\/li>\n\n\n\n<li>Rigor y m\u00e9todo en el trabajo.&nbsp;<\/li>\n\n\n\n<li>Inter\u00e9s por la navegaci\u00f3n, la ingenier\u00eda naval y los sistemas mar\u00edtimos.&nbsp;<\/li>\n\n\n\n<li>Vocaci\u00f3n profesional relacionada con la Marina Mercante.&nbsp;<\/li>\n\n\n\n<li>Conocimientos de ingl\u00e9s adecuados al entorno t\u00e9cnico y mar\u00edtimo internacional.&nbsp;<\/li>\n<\/ul>\n\n\n\n<p>Adem\u00e1s, el doble grado est\u00e1 pensado para estudiantes con capacidad de trabajo y dedicaci\u00f3n a tiempo completo, debido a la elevada carga acad\u00e9mica del programa.&nbsp;<\/p>\n\n\n\n<h4 class=\"wp-block-heading\"><strong>PERFIL DE EGRESO<\/strong><\/h4>\n\n\n\n<p>El egresado del Doble Grado en N\u00e1utica y Transporte Mar\u00edtimo y en Tecnolog\u00edas Marinas adquiere una formaci\u00f3n integral que le permite desempe\u00f1ar funciones tanto operativas como t\u00e9cnicas dentro del sector mar\u00edtimo.<\/p>\n\n\n\n<p>El t\u00edtulo proporciona competencias relacionadas con:<\/p>\n\n\n\n<ul class=\"wp-block-list\">\n<li>Navegaci\u00f3n y operaci\u00f3n de buques.&nbsp;<\/li>\n\n\n\n<li>Gesti\u00f3n del transporte mar\u00edtimo y log\u00edstica portuaria.&nbsp;<\/li>\n\n\n\n<li>Sistemas de propulsi\u00f3n y maquinaria naval.&nbsp;<\/li>\n\n\n\n<li>Producci\u00f3n y distribuci\u00f3n de energ\u00eda a bordo.&nbsp;<\/li>\n\n\n\n<li>Automatizaci\u00f3n y control de instalaciones mar\u00edtimas.&nbsp;<\/li>\n\n\n\n<li>Seguridad mar\u00edtima y protecci\u00f3n del medio marino.&nbsp;<\/li>\n\n\n\n<li>Gesti\u00f3n t\u00e9cnica, mantenimiento e inspecci\u00f3n de buques e instalaciones mar\u00edtimas.&nbsp;<\/li>\n<\/ul>\n\n\n\n<p>El egresado obtiene una visi\u00f3n global del funcionamiento del buque, integrando conocimientos de puente y m\u00e1quinas, lo que le permite asumir puestos de responsabilidad t\u00e9cnica y operativa tanto a bordo como en empresas mar\u00edtimas, navieras, astilleros, administraciones portuarias y compa\u00f1\u00edas internacionales del sector naval y energ\u00e9tico.&nbsp;<\/p>\n\n\n\n<h4 class=\"wp-block-heading\"><strong>ACCESO AL T\u00cdTULO PROFESIONAL DE PILOTO DE SEGUNDA CLASE DE MARINA MERCANTE<\/strong><\/h4>\n\n\n\n<p>Para la obtenci\u00f3n del t\u00edtulo profesional de Piloto de Segunda Clase de la Marina Mercante, adem\u00e1s de superar los estudios universitarios, el alumnado deber\u00e1 cumplir los requisitos establecidos por la normativa mar\u00edtima vigente, entre ellos:<\/p>\n\n\n\n<ul class=\"wp-block-list\">\n<li>Superar el reconocimiento m\u00e9dico de embarque mar\u00edtimo realizado por el Instituto Social de la Marina.&nbsp;<\/li>\n\n\n\n<li>Acreditar las aptitudes f\u00edsicas requeridas para el ejercicio profesional mar\u00edtimo.&nbsp;<\/li>\n\n\n\n<li>Homologar los certificados de especialidad profesional ante la Direcci\u00f3n General de la Marina Mercante (DGMM).&nbsp;<\/li>\n\n\n\n<li>Tramitar la Libreta de Inscripci\u00f3n Mar\u00edtima.&nbsp;<\/li>\n\n\n\n<li>Cumplir un per\u00edodo m\u00ednimo de embarque de 12 meses.&nbsp;<\/li>\n\n\n\n<li>Superar la prueba de idoneidad profesional establecida por el Ministerio competente.&nbsp;<\/li>\n<\/ul>\n\n\n\n<p>Las pr\u00e1cticas realizadas durante el grado podr\u00e1n ser homologadas ante la DGMM.&nbsp;<\/p>\n\n\n\n<p><strong>ACCESO AL T\u00cdTULO PROFESIONAL DE OFICIAL DE M\u00c1QUINAS DE SEGUNDA CLASE DE LA MARINA MERCANTE<\/strong><\/p>\n\n\n\n<p>Para obtener el t\u00edtulo profesional de Oficial de M\u00e1quinas de Segunda Clase de la Marina Mercante ser\u00e1 necesario cumplir, adem\u00e1s de los requisitos acad\u00e9micos del grado, las condiciones profesionales exigidas por la normativa mar\u00edtima:<\/p>\n\n\n\n<ul class=\"wp-block-list\">\n<li>Superar el reconocimiento m\u00e9dico mar\u00edtimo oficial.&nbsp;<\/li>\n\n\n\n<li>Acreditar las capacidades f\u00edsicas necesarias para el trabajo t\u00e9cnico a bordo.&nbsp;<\/li>\n\n\n\n<li>Homologar certificados profesionales mar\u00edtimos ante la DGMM.&nbsp;<\/li>\n\n\n\n<li>Obtener la Libreta de Inscripci\u00f3n Mar\u00edtima.&nbsp;<\/li>\n\n\n\n<li>Completar un per\u00edodo m\u00ednimo de embarque de 12 meses.&nbsp;<\/li>\n\n\n\n<li>Superar la prueba oficial de idoneidad profesional.&nbsp;<\/li>\n<\/ul>\n\n\n\n<p>Las pr\u00e1cticas externas desarrolladas durante el doble grado podr\u00e1n ser reconocidas como parte del per\u00edodo de formaci\u00f3n profesional mar\u00edtima exigido.&nbsp;<\/p>\n<\/div><\/div><\/div>\n<\/div><\/div>\n","protected":false},"excerpt":{"rendered":"<p>Perfil de ingreso y egreso PERFIL DE INGRESO El Doble Grado en N\u00e1utica y Transporte Mar\u00edtimo y en Tecnolog\u00edas Marinas est\u00e1 dirigido a estudiantes que cumplan los requisitos generales de acceso a la universidad y que presenten un perfil cient\u00edfico-t\u00e9cnico. Se recomienda especialmente haber cursado asignaturas como matem\u00e1ticas, f\u00edsica, qu\u00edmica, ingl\u00e9s y expresi\u00f3n gr\u00e1fica. El&#8230;<\/p>\n","protected":false},"author":1,"featured_media":0,"parent":252,"menu_order":1,"comment_status":"closed","ping_status":"closed","template":"templates\/template-frontpage.php","meta":{"footnotes":""},"class_list":["post-37","page","type-page","status-publish","hentry"],"_links":{"self":[{"href":"https:\/\/www.ull.es\/grados\/doble-grado-nautica-transporte-maritimo-tecnologias-marinas\/wp-json\/wp\/v2\/pages\/37","targetHints":{"allow":["GET"]}}],"collection":[{"href":"https:\/\/www.ull.es\/grados\/doble-grado-nautica-transporte-maritimo-tecnologias-marinas\/wp-json\/wp\/v2\/pages"}],"about":[{"href":"https:\/\/www.ull.es\/grados\/doble-grado-nautica-transporte-maritimo-tecnologias-marinas\/wp-json\/wp\/v2\/types\/page"}],"author":[{"embeddable":true,"href":"https:\/\/www.ull.es\/grados\/doble-grado-nautica-transporte-maritimo-tecnologias-marinas\/wp-json\/wp\/v2\/users\/1"}],"replies":[{"embeddable":true,"href":"https:\/\/www.ull.es\/grados\/doble-grado-nautica-transporte-maritimo-tecnologias-marinas\/wp-json\/wp\/v2\/comments?post=37"}],"version-history":[{"count":16,"href":"https:\/\/www.ull.es\/grados\/doble-grado-nautica-transporte-maritimo-tecnologias-marinas\/wp-json\/wp\/v2\/pages\/37\/revisions"}],"predecessor-version":[{"id":1189,"href":"https:\/\/www.ull.es\/grados\/doble-grado-nautica-transporte-maritimo-tecnologias-marinas\/wp-json\/wp\/v2\/pages\/37\/revisions\/1189"}],"up":[{"embeddable":true,"href":"https:\/\/www.ull.es\/grados\/doble-grado-nautica-transporte-maritimo-tecnologias-marinas\/wp-json\/wp\/v2\/pages\/252"}],"wp:attachment":[{"href":"https:\/\/www.ull.es\/grados\/doble-grado-nautica-transporte-maritimo-tecnologias-marinas\/wp-json\/wp\/v2\/media?parent=37"}],"curies":[{"name":"wp","href":"https:\/\/api.w.org\/{rel}","templated":true}]}}