{"id":42,"date":"2017-06-28T13:01:59","date_gmt":"2017-06-28T13:01:59","guid":{"rendered":"http:\/\/www.ull.es\/masteres\/desarrollo-y-gestion-de-recursos-humanos\/?page_id=42"},"modified":"2025-11-26T10:05:17","modified_gmt":"2025-11-26T10:05:17","slug":"coordinacion-docente","status":"publish","type":"page","link":"https:\/\/www.ull.es\/grados\/economia\/en\/informacion-academica\/coordinacion-docente\/","title":{"rendered":"Teaching coordination"},"content":{"rendered":"\n<div class=\"wp-block-stackable-columns alignfull stk-block-columns stk-block stk-8657999\" data-block-id=\"8657999\"><style>.stk-8657999 {padding-bottom:0px !important;margin-top:-30px !important;margin-bottom:0px !important;}@media screen and (max-width: 767px){.stk-8657999 {margin-top:-10% !important;}}<\/style><div class=\"stk-row stk-inner-blocks stk-block-content stk-content-align stk-8657999-column alignfull\">\n<div class=\"wp-block-stackable-column stk-block-column stk-column stk-block stk-914f03e\" data-v=\"4\" data-block-id=\"914f03e\"><div class=\"stk-column-wrapper stk-block-column__content stk-container stk-914f03e-container stk--no-background stk--no-padding\"><div class=\"stk-block-content stk-inner-blocks stk-914f03e-inner-blocks\"><style id=\"depicter-1-inline-pre-css\">\n\n.depicter-1:not(.depicter-ready){\n\theight:500px;\n}\n\n\/***** Tablet *****\/\n@media screen and (max-width: 1024px){\n\n.depicter-1:not(.depicter-ready){\n\theight:700px;\n}\n\n}\n\/***** Mobile *****\/\n@media screen and (max-width: 767px){\n\n.depicter-1:not(.depicter-ready){\n\theight:360px;\n}\n\n}\n<\/style>\n<div id=\"depicter-1\" class=\"depicter depicter-document depicter-revert depicter-1 depicter-layout-fullwidth\">\n\n<div class=\"depicter-loading-container depicter-loading dotFlashing-dark\"><div class=\"depicter-loading-dark depicter-dot-flashing\">\n   <span><\/span>\n   <span><\/span>\n   <span><\/span>\n<\/div>\n<\/div>\n<div id=\"depicter-1-section-1\" class=\"depicter-section depicter-1-section-1\" data-name=\"Section 1\" data-type=\"section\" data-local-id=\"section-1\">\n<picture class=\"depicter-bg\">\n<source data-depicter-srcset=\"https:\/\/www.ull.es\/grados\/economia\/wp-content\/uploads\/sites\/37\/2025\/04\/Slider_Economia-768x248.jpg, https:\/\/www.ull.es\/grados\/economia\/wp-content\/uploads\/sites\/37\/2025\/04\/Slider_Economia.jpg 2x\" srcset=\"data:image\/gif;base64,R0lGODlhAQABAIAAAAAAAP\/\/\/yH5BAEAAAAALAAAAAABAAEAAAIBRAA7\" media=\"(max-width: 1024px)\" \/>\n\n<source data-depicter-srcset=\"https:\/\/www.ull.es\/grados\/economia\/wp-content\/uploads\/sites\/37\/2025\/04\/Slider_Economia.jpg, https:\/\/www.ull.es\/grados\/economia\/wp-content\/uploads\/sites\/37\/2025\/04\/Slider_Economia-1920x620.jpg 2x\" srcset=\"data:image\/gif;base64,R0lGODlhAQABAIAAAAAAAP\/\/\/yH5BAEAAAAALAAAAAABAAEAAAIBRAA7\" media=\"(min-width: 1025px)\" \/>\n<img decoding=\"async\" src=\"data:image\/gif;base64,R0lGODlhAQABAIAAAAAAAP\/\/\/yH5BAEAAAAALAAAAAABAAEAAAIBRAA7\" data-ken-burns=\"false\" data-tablet-ken-burns=\"false\" data-mobile-ken-burns=\"false\" alt=\"\" data-depicter-src=\"https:\/\/www.ull.es\/grados\/economia\/wp-content\/uploads\/sites\/37\/2025\/04\/Slider_Economia.jpg\" data-object-fit=\"custom,custom,\" data-object-position=\"center top,,\" data-crop=\"{'focalPoint':{'x':0.5,'y':0.5},'mediaSize':{'width':1393.54838709677414954057894647121429443359375,'height':450}}\" data-tablet-crop=\"{'focalPoint':{'x':0.5,'y':0.5},'mediaSize':{'width':2167.7419354838712024502456188201904296875,'height':700.0000000000001136868377216160297393798828125}}\" data-mobile-crop=\"{'focalPoint':{'x':0.5,'y':0.5},'mediaSize':{'width':1114.8387096774195015314035117626190185546875,'height':360}}\" \/>\n<\/picture>\n\n\n<h1 id=\"depicter-1-element-5\" class=\"depicter-element depicter-layer depicter-1-element-5\" data-type=\"text\" data-wrap=\"true\" data-name=\"Text 2\" data-local-id=\"element-5\" data-offset=\"x:185px;y:201px;origin:tl\" data-tablet-offset=\"x:272px;y:321px;origin:tl\" data-mobile-offset=\"x:57px;y:-85px;origin:tl\" data-width=\"831px,480px,245px\" data-height=\"auto,auto,auto\" data-responsive-scale=\"true,,\">Grado en Econom\u00eda<\/h1>\n\n<div id=\"depicter-1-element-10\" class=\"depicter-element depicter-layer depicter-1-element-10\" data-type=\"shape\" data-wrap=\"true\" data-name=\"Shape 1\" data-local-id=\"element-10\" data-offset=\"x:185px;y:309px;origin:tl\" data-tablet-offset=\"x:278px;y:378px;origin:tl\" data-mobile-offset=\"x:63px;y:15px;origin:tl\" data-width=\"803px,465px,170px\" data-height=\"8px,8px,8px\" data-responsive-scale=\"true,,\"><\/div>\n<\/div>\n<\/div>\n<script>\n(window.depicterSetups = window.depicterSetups || []).push(function(){\n\tDepicter.basePath = 'https:\/\/www.ull.es\/grados\/economia\/wp-content\/plugins\/depicter\/resources\/scripts\/player\/';\n\tconst dpPlayer = Depicter.setup('.depicter-1',\n\t\t{\"width\":[\"1200\",\"1024\",\"360\"],\"height\":[\"500\",\"700\",\"360\"],\"view\":\"basic\",\"keepAspectRatio\":true,\"preload\":0,\"layout\":\"fullwidth\",\"rtl\":false,\"initAfterAppear\":false,\"ajaxApiUrl\":\"https:\\\/\\\/www.ull.es\\\/grados\\\/economia\\\/wp-admin\\\/admin-ajax.php\",\"mouseSwipe\":true,\"touchSwipe\":true,\"useWatermark\":false}\n\t);\n});\n<\/script><\/div><\/div><\/div>\n<\/div><\/div>\n\n\n\n<div class=\"wp-block-stackable-columns alignfull stk-block-columns stk--hide-mobile stk-block stk-ceecbdc stk-block-background\" data-block-id=\"ceecbdc\"><style>.stk-ceecbdc {background-color:#360060 !important;padding-top:35px !important;padding-right:0px !important;padding-bottom:2px !important;padding-left:0px !important;margin-top:-20px !important;margin-bottom:70px !important;}.stk-ceecbdc:before{background-color:#360060 !important;}<\/style><div class=\"stk-row stk-inner-blocks stk-block-content stk-content-align stk-ceecbdc-column alignfull\">\n<div class=\"wp-block-stackable-column stk-block-column stk-column stk-block stk-fc60a5d\" data-v=\"4\" data-block-id=\"fc60a5d\"><div class=\"stk-column-wrapper stk-block-column__content stk-container stk-fc60a5d-container stk--no-background stk--no-padding\"><div class=\"stk-block-content stk-inner-blocks stk-fc60a5d-inner-blocks\">\n<div class=\"wp-block-stackable-spacer stk-block-spacer stk--no-padding stk-block stk-a3a8a68\" data-block-id=\"a3a8a68\"><style>.stk-a3a8a68 {height:0px !important;}<\/style><\/div>\n<\/div><\/div><\/div>\n<\/div><\/div>\n\n\n\n<div class=\"wp-block-stackable-columns alignwide stk-block-columns stk-block stk-72bb06b\" data-block-id=\"72bb06b\"><style>.stk-72bb06b {padding-right:14% !important;padding-left:14% !important;margin-bottom:18px !important;}.stk-72bb06b-column{--stk-column-gap:var(--stk--preset--spacing--60, 2.25rem) !important;}<\/style><div class=\"stk-row stk-inner-blocks stk-block-content stk-content-align stk-72bb06b-column alignwide\">\n<div class=\"wp-block-stackable-column stk-block-column stk-column stk-block stk-65c3a7b\" data-v=\"4\" data-block-id=\"65c3a7b\"><div class=\"stk-column-wrapper stk-block-column__content stk-container stk-65c3a7b-container stk--no-background stk--no-padding\"><div class=\"stk-block-content stk-inner-blocks stk-65c3a7b-inner-blocks\">\n<div class=\"wp-block-stackable-heading stk-block-heading stk-block-heading--v2 stk-block stk-2859387\" id=\"coordinacion-docente\" data-block-id=\"2859387\"><style>.stk-2859387 .stk-block-heading__text{color:#5c068c !important;}<\/style><h1 class=\"stk-block-heading__text has-text-color\">Coordinaci\u00f3n docente<\/h1><\/div>\n<\/div><\/div><\/div>\n<\/div><\/div>\n\n\n\n<div class=\"wp-block-stackable-columns alignwide stk-block-columns stk-block stk-3627255\" data-block-id=\"3627255\"><style>.stk-3627255 {padding-right:14% !important;padding-left:14% !important;margin-bottom:18px !important;}.stk-3627255-column{--stk-column-gap:var(--stk--preset--spacing--60, 2.25rem) !important;}<\/style><div class=\"stk-row stk-inner-blocks stk-block-content stk-content-align stk-3627255-column alignwide\">\n<div class=\"wp-block-stackable-column stk-block-column stk-column stk-block stk-81e665a\" data-v=\"4\" data-block-id=\"81e665a\"><div class=\"stk-column-wrapper stk-block-column__content stk-container stk-81e665a-container stk--no-background stk--no-padding\"><div class=\"stk-block-content stk-inner-blocks stk-81e665a-inner-blocks\">\n<p><strong>Coordinador de Calidad del Grado en Administraci\u00f3n y Direcci\u00f3n de Empresas y del Grado de Econom\u00eda<\/strong><\/p>\n\n\n\n<p>Imanol Lorenzo Nieto Gonz\u00e1lez<\/p>\n\n\n\n<p><strong>Funciones del Coordinador\/a de Calidad:<\/strong><\/p>\n\n\n\n<p><a href=\"https:\/\/drive.google.com\/file\/d\/1XKPIxlgeawU7GX8tNQ2aJu1L-2ITn5C-\/view?usp=sharing\" target=\"_blank\" rel=\"noreferrer noopener\" target=\"_blank\" rel=\"noopener\">Fichero adjunto<\/a><\/p>\n\n\n\n<p>El t\u00edtulo cuenta con las estructuras de coordinaci\u00f3n establecidas en diferentes niveles para garantizar que la docencia se desarrolla seg\u00fan lo previsto en la memoria de verificaci\u00f3n. El t\u00edtulo tiene la siguiente estructura organizativa de coordinaci\u00f3n vertical y horizontal:<\/p>\n\n\n\n<ul class=\"wp-block-list\">\n<li>Un\/a Coordinador\/a del T\u00edtulo<\/li>\n\n\n\n<li>Coordinador\/a de curso<\/li>\n\n\n\n<li>Coordinadores\/as espec\u00edficos para cada una de las asignaturas que unifican la metodolog\u00eda y los contenidos docentes, el sistema de evaluaci\u00f3n y las actividades formativas y, adem\u00e1s realizan un seguimiento peri\u00f3dico para sincronizar las explicaciones, ponderar las cargas de trabajo del alumnado, detectar debilidades, etc.<\/li>\n<\/ul>\n\n\n\n<p><strong>Personal Coordinador del curso<\/strong>&nbsp;<strong>20245-2026<\/strong><\/p>\n\n\n\n<p>1\u00ba curso:&nbsp; Mar\u00eda Candelaria Barrios Gonz\u00e1lez,&nbsp;<a href=\"mailto:cbarrios@ull.es\" target=\"_blank\" rel=\"noreferrer noopener\" target=\"_blank\" rel=\"noopener\">cbarrios@ull.es<\/a><\/p>\n\n\n\n<p>2\u00ba curso:&nbsp; Fernando Perera&nbsp;Tallo&nbsp;&nbsp;&nbsp;<a href=\"mailto:fperera@ull.es\" target=\"_blank\" rel=\"noreferrer noopener\" target=\"_blank\" rel=\"noopener\">fperera@ull.es<\/a><\/p>\n\n\n\n<p>3\u00ba curso:&nbsp; Juan Acosta Ballestero,&nbsp;<a href=\"mailto:jacosta@ull.es\" target=\"_blank\" rel=\"noreferrer noopener\" target=\"_blank\" rel=\"noopener\">jacosta@ull.es<\/a><\/p>\n\n\n\n<p>4\u00ba curso:&nbsp; Francisco Javier Ramos Real,&nbsp;&nbsp;<a href=\"mailto:frramos@ull.es\" target=\"_blank\" rel=\"noreferrer noopener\" target=\"_blank\" rel=\"noopener\">frramos@ull.es<\/a><\/p>\n\n\n\n<p><strong>Funciones Coordinaci\u00f3n de Curso:<\/strong><\/p>\n\n\n\n<p><a href=\"https:\/\/drive.google.com\/file\/d\/1PBoL-ND84ILwM6Vd5dlZv44RquOctjhb\/view?usp=sharing\" target=\"_blank\" rel=\"noreferrer noopener\" target=\"_blank\" rel=\"noopener\">Fichero adjunto<\/a><\/p>\n\n\n\n<p><strong>Personal Coordinador de Asignatura:<\/strong><\/p>\n\n\n\n<p><a href=\"https:\/\/www.ull.es\/apps\/guias\/guias\/view_degree\/Grado%20en%20Econom%C3%ADa\/\" target=\"_blank\" rel=\"noreferrer noopener\" target=\"_blank\" rel=\"noopener\">Fichero adjunto<\/a><\/p>\n\n\n\n<p><strong>Funciones Coordinaci\u00f3n Asignatura:<\/strong><\/p>\n\n\n\n<p><a href=\"https:\/\/drive.google.com\/file\/d\/1aTGwqSTTOQnWzGGv49Kdv63p0vkvtG1s\/view?usp=sharing\" target=\"_blank\" rel=\"noreferrer noopener\" target=\"_blank\" rel=\"noopener\">Fichero adjunto<\/a><\/p>\n\n\n\n<ul class=\"wp-block-list\">\n<li>Los\/las representantes del alumnado en las distintas comisiones y Junta de Facultad, el alumno\/a \u201cdelegado de clase\u201d, que permiten a los\/as coordinadores\/as y equipo decanal conocer la opini\u00f3n del estudiantado sobre el curso, materias, etc., y, con ello, responder a incidencias y mejorar la coordinaci\u00f3n.<\/li>\n<\/ul>\n\n\n\n<style>\n    .hoverable {\n        transition: transform 0.3s, box-shadow 0.3s;\n        cursor: pointer;\n    }\n\n    .hoverable:hover {\n        transform: scale(1.02);\n        box-shadow: 0 0.5rem 1rem rgba(0, 0, 0, 0.25);\n        \/* Mantiene el color de fondo original *\/\n    }\n<\/style>\n\n<!-- Tabla general con estilo similar -->\n<table\n    class=\"table table-bordered table-striped align-middle text-center shadow-sm rounded overflow-hidden table-hover-effect\"\n    style=\"border-collapse: separate; border-spacing: 0; box-shadow: 0 0.5rem 1rem rgba(0,0,0,0.15); border-radius:2rem; width:100%;\">\n    <tbody>\n        <tr style=\"background-color:#360060; color:#fff;\">\n            <td colspan=\"10\" class=\"hoverable fw-bold\" style=\"width:30%; border-top-left-radius: 1.5rem; border-top-right-radius: 1.5rem; font-weight:bold;\">Delegados\/as de Curso:<\/td>\n        <\/tr>\n        <tr style=\"background-color:#490a79; color:#fff;\">\n            <td colspan=\"1\" class=\"hoverable fw-bold\" style=\"width:30%; font-weight:bold;\">CURSO<\/td>\n            <td colspan=\"1\" class=\"hoverable\" style=\"font-weight:bold;\">GRUPO<\/td>\n            <td colspan=\"1\" class=\"hoverable\" style=\"font-weight:bold;\">DELEGADO\/A<\/td>\n            <td colspan=\"1\" class=\"hoverable\" style=\"font-weight:bold;\">SUBDELEGADO\/A<\/td>\n        <\/tr>\n        <tr style=\"background-color:#f8f9fa;\">\n            <td class=\"hoverable fw-bold\" style=\"font-weight:bold;\">PRIMERO<\/td>\n            <td class=\"hoverable\">1 y 2<\/td>\n            <td class=\"hoverable fw-bold\" style=\"font-weight:bold;\">Adri\u00e1n Carballo Beltr\u00e1n<br><a href=\"mailto:alu01017940@ull.es\" target=\"_blank\" rel=\"noopener\">alu01017940@ull.es<\/a><br>Ethan Joel Garc\u00eda Yunta<br><a href=\"mailto:alu0101791517@ull.es\" target=\"_blank\" rel=\"noopener\">alu0101791517@ull.es<\/a><\/td>\n            <td class=\"hoverable fw-bold\" style=\"font-weight:bold;\">Iv\u00e1n M. Galindo Sacramento<br><a href=\"mailto:alu0101664101@ull.es\" target=\"_blank\" rel=\"noopener\">alu0101664101@ull.es<\/a><br>V\u00edctor M. Fern\u00e1ndez P\u00e9rez<br><a href=\"mailto:alu0101840826@ull.es\" target=\"_blank\" rel=\"noopener\">alu0101840826@ull.es<\/a><\/td>\n        <\/tr>\n        <tr style=\"background-color:#f8f9fa;\">\n            <td class=\"hoverable fw-bold\" style=\"font-weight:bold;\">SEGUNDO<\/td>\n            <td class=\"hoverable\">1<\/td>\n            <td class=\"hoverable fw-bold\" style=\"font-weight:bold;\">Eli Rodr\u00edguez Herrero<br><a href=\"mailto:alu0101717494@ull.edu.es\" target=\"_blank\" rel=\"noopener\">alu0101717494@ull.edu.es<\/a><\/td>\n            <td class=\"hoverable fw-bold\" style=\"font-weight:bold;\">&#8211;<\/td>\n        <\/tr>\n        <tr style=\"background-color:#f8f9fa;\">\n            <td class=\"hoverable fw-bold\" style=\"font-weight:bold;\">TERCERO<\/td>\n            <td class=\"hoverable\">1, 2 y 3<\/td>\n            <td class=\"hoverable fw-bold\" style=\"font-weight:bold;\">Melisa Barroso Viamontes<br><a href=\"mailto:alu0101651590@ull.es\" target=\"_blank\" rel=\"noopener\">alu0101651590@ull.es<\/a><\/td>\n            <td class=\"hoverable fw-bold\" style=\"font-weight:bold;\">Jos\u00e9 Miguel Santos Santos<br><a href=\"mailto:alu0101665252@ull.es\" target=\"_blank\" rel=\"noopener\">alu0101665252@ull.es<\/a><\/td>\n        <\/tr>\n        <tr style=\"background-color:#f8f9fa;\">\n            <td class=\"hoverable fw-bold\" style=\"font-weight:bold;\">CUARTO<\/td>\n            <td class=\"hoverable\">1 y 2<\/td>\n            <td class=\"hoverable fw-bold\" style=\"font-weight:bold;\">Ariadna Barrera D\u00e9niz<br><a href=\"mailto:alu0101555263@ull.es\" target=\"_blank\" rel=\"noopener\">alu0101555263@ull.es<\/a><\/td>\n            <td class=\"hoverable fw-bold\" style=\"font-weight:bold;\">Olimpia Gibaud Segovia<br><a href=\"mailto:alu0101405315@ull.es\" target=\"_blank\" rel=\"noopener\">alu0101405315@ull.es<\/a><\/td>\n        <\/tr>\n    <\/tbody>\n<\/table>\n\n\n\n<p><strong>Representantes del alumnado<\/strong>&nbsp;del Grado en Econom\u00eda en la Junta de Facultad:<\/p>\n\n\n\n<p>Mart\u00edn Rodr\u00edguez, Pablo<\/p>\n\n\n\n<p><a href=\"mailto:alu0101412368@ull.edu.es\" target=\"_blank\" rel=\"noreferrer noopener\" target=\"_blank\" rel=\"noopener\">alu0101412368@ull.es<\/a><\/p>\n\n\n\n<p>Pereira P\u00e9rez, C\u00e9sar<br><a href=\"mailto:alu0101545127@ull.edu.es\" target=\"_blank\" rel=\"noreferrer noopener\" target=\"_blank\" rel=\"noopener\">alu0101545127@ull.edu.es<\/a><\/p>\n\n\n\n<p>Mesa Gonz\u00e1lez, Aar\u00f3n<br><a href=\"mailto:alu0101211343@ull.edu.es\" target=\"_blank\" rel=\"noreferrer noopener\" target=\"_blank\" rel=\"noopener\">alu0101211343@ull.edu.es<\/a><\/p>\n\n\n\n<ul class=\"wp-block-list\">\n<li>Un\/a Coordinador\/a de Pr\u00e1cticas Externas (PE) de forma que cada estudiante est\u00e1 asistido por un Tutor\/a Acad\u00e9mico en el Centro y un Tutor\/a Externo en la empresa, organismo o instituci\u00f3n donde acomete y desarrolla sus pr\u00e1cticas. Las funciones de ambos tutores\/as, del personal coordinador, as\u00ed como los derechos y obligaciones del alumnado se detalla en el Reglamento de Tutores\/as Externos de Pr\u00e1cticas y en la Normativa de Gesti\u00f3n de Pr\u00e1cticas Externas de la Universidad de La Laguna. El personal coordinador de la asignatura de PE es el que establece y unifica el procedimiento para la evaluaci\u00f3n de las pr\u00e1cticas, ajust\u00e1ndose a los preceptos de la mencionada normativa reguladora y dem\u00e1s normas y procedimientos que se acuerden en las Comisiones y \u00d3rganos de la Facultad.<\/li>\n\n\n\n<li>Un\/a Coordinador\/a del Plan de Orientaci\u00f3n y Acci\u00f3n Tutorial de apoyo al alumnado. Propone las acciones y la metodolog\u00eda formativa que el grupo de tutores\/as debe aplicar en el asesoramiento, la informaci\u00f3n \u00fatil y relevante que deben comentar a los estudiantes para que les sirva de gu\u00eda y orientaci\u00f3n en su proceso formativo de aprendizaje, movilidad e inserci\u00f3n laboral. Igualmente, el alumnado proporciona a los\/as tutores\/as informaci\u00f3n sobre la distribuci\u00f3n homog\u00e9nea de la carga acad\u00e9mica de trabajo, sincronizaci\u00f3n entre los contenidos te\u00f3ricos y las clases pr\u00e1cticas, propuestas de conferencias y mesas de debate sobre temas espec\u00edficos de inter\u00e9s general y de actualidad econ\u00f3mica (v\u00e9ase directriz 5.4).<\/li>\n\n\n\n<li>Un\/a Coordinador\/a acad\u00e9mico de Movilidad para los diferentes programas de movilidad (Erasmus + estudios, Erasmus + pr\u00e1cticas, etc.).<\/li>\n\n\n\n<li>Comisiones que velan por el buen desarrollo del proceso de ense\u00f1anza-aprendizaje: Permanente, de Calidad, de Ordenaci\u00f3n Acad\u00e9mica, de Pr\u00e1cticas Externas, de Trabajo Fin de Grado, de Convalidaci\u00f3n y Reconocimiento de Cr\u00e9ditos, y de Movilidad. En cada una de ellas se acuerda un calendario de reuniones con un orden del d\u00eda que se establece previamente a las convocatorias y sobre el que se debate y toman acuerdos que se reflejan en un acta de la comisi\u00f3n correspondiente. El objetivo es que las resoluciones que dictan sirvan para identificar las debilidades, proponer soluciones, implementar innovaciones y contribuir al buen desarrollo y continuidad del t\u00edtulo progresivamente en cada curso acad\u00e9mico, en funci\u00f3n de las exigencias de la demanda social y otros grupos de inter\u00e9s.<\/li>\n<\/ul>\n<\/div><\/div><\/div>\n<\/div><\/div>\n","protected":false},"excerpt":{"rendered":"<p>Teaching Coordination Quality Coordinator for the Bachelor&#039;s Degree in Business Administration and Management and the Bachelor&#039;s Degree in Economics Imanol Lorenzo Nieto Gonz\u00e1lez Functions of the Quality Coordinator: Attached file The degree program has established coordination structures at different levels to ensure that teaching is carried out as planned in the program description\u2026<\/p>","protected":false},"author":1,"featured_media":0,"parent":252,"menu_order":6,"comment_status":"closed","ping_status":"closed","template":"templates\/template-frontpage.php","meta":{"footnotes":""},"class_list":["post-42","page","type-page","status-publish","hentry"],"_links":{"self":[{"href":"https:\/\/www.ull.es\/grados\/economia\/en\/wp-json\/wp\/v2\/pages\/42","targetHints":{"allow":["GET"]}}],"collection":[{"href":"https:\/\/www.ull.es\/grados\/economia\/en\/wp-json\/wp\/v2\/pages"}],"about":[{"href":"https:\/\/www.ull.es\/grados\/economia\/en\/wp-json\/wp\/v2\/types\/page"}],"author":[{"embeddable":true,"href":"https:\/\/www.ull.es\/grados\/economia\/en\/wp-json\/wp\/v2\/users\/1"}],"replies":[{"embeddable":true,"href":"https:\/\/www.ull.es\/grados\/economia\/en\/wp-json\/wp\/v2\/comments?post=42"}],"version-history":[{"count":47,"href":"https:\/\/www.ull.es\/grados\/economia\/en\/wp-json\/wp\/v2\/pages\/42\/revisions"}],"predecessor-version":[{"id":1094,"href":"https:\/\/www.ull.es\/grados\/economia\/en\/wp-json\/wp\/v2\/pages\/42\/revisions\/1094"}],"up":[{"embeddable":true,"href":"https:\/\/www.ull.es\/grados\/economia\/en\/wp-json\/wp\/v2\/pages\/252"}],"wp:attachment":[{"href":"https:\/\/www.ull.es\/grados\/economia\/en\/wp-json\/wp\/v2\/media?parent=42"}],"curies":[{"name":"wp","href":"https:\/\/api.w.org\/{rel}","templated":true}]}}