{"id":272,"date":"2017-07-11T13:22:52","date_gmt":"2017-07-11T13:22:52","guid":{"rendered":"http:\/\/www.ull.es\/masteres\/desarrollo-y-gestion-de-recursos-humanos\/?page_id=272"},"modified":"2026-03-02T13:17:00","modified_gmt":"2026-03-02T13:17:00","slug":"horarios-y-calendario-examenes","status":"publish","type":"page","link":"https:\/\/www.ull.es\/grados\/economia\/fr\/informacion-academica\/horarios-y-calendario-examenes\/","title":{"rendered":"Calendrier et calendrier des examens"},"content":{"rendered":"\n<div class=\"wp-block-stackable-columns alignfull stk-block-columns stk-block stk-8657999\" data-block-id=\"8657999\"><style>.stk-8657999 {padding-bottom:0px !important;margin-top:-30px !important;margin-bottom:0px !important;}@media screen and (max-width: 767px){.stk-8657999 {margin-top:-10% !important;}}<\/style><div class=\"stk-row stk-inner-blocks stk-block-content stk-content-align stk-8657999-column alignfull\">\n<div class=\"wp-block-stackable-column stk-block-column stk-column stk-block stk-914f03e\" data-v=\"4\" data-block-id=\"914f03e\"><div class=\"stk-column-wrapper stk-block-column__content stk-container stk-914f03e-container stk--no-background stk--no-padding\"><div class=\"stk-block-content stk-inner-blocks stk-914f03e-inner-blocks\"><style id=\"depicter-1-inline-pre-css\">\n\n.depicter-1:not(.depicter-ready){\n\theight:500px;\n}\n\n\/***** Tablet *****\/\n@media screen and (max-width: 1024px){\n\n.depicter-1:not(.depicter-ready){\n\theight:700px;\n}\n\n}\n\/***** Mobile *****\/\n@media screen and (max-width: 767px){\n\n.depicter-1:not(.depicter-ready){\n\theight:360px;\n}\n\n}\n<\/style>\n<div id=\"depicter-1\" class=\"depicter depicter-document depicter-revert depicter-1 depicter-layout-fullwidth\">\n\n<div class=\"depicter-loading-container depicter-loading dotFlashing-dark\"><div class=\"depicter-loading-dark depicter-dot-flashing\">\n   <span><\/span>\n   <span><\/span>\n   <span><\/span>\n<\/div>\n<\/div>\n<div id=\"depicter-1-section-1\" class=\"depicter-section depicter-1-section-1\" data-name=\"Section 1\" data-type=\"section\" data-local-id=\"section-1\">\n<picture class=\"depicter-bg\">\n<source data-depicter-srcset=\"https:\/\/www.ull.es\/grados\/economia\/wp-content\/uploads\/sites\/37\/2025\/04\/Slider_Economia-768x248.jpg, https:\/\/www.ull.es\/grados\/economia\/wp-content\/uploads\/sites\/37\/2025\/04\/Slider_Economia.jpg 2x\" srcset=\"data:image\/gif;base64,R0lGODlhAQABAIAAAAAAAP\/\/\/yH5BAEAAAAALAAAAAABAAEAAAIBRAA7\" media=\"(max-width: 1024px)\" \/>\n\n<source data-depicter-srcset=\"https:\/\/www.ull.es\/grados\/economia\/wp-content\/uploads\/sites\/37\/2025\/04\/Slider_Economia.jpg, https:\/\/www.ull.es\/grados\/economia\/wp-content\/uploads\/sites\/37\/2025\/04\/Slider_Economia-1920x620.jpg 2x\" srcset=\"data:image\/gif;base64,R0lGODlhAQABAIAAAAAAAP\/\/\/yH5BAEAAAAALAAAAAABAAEAAAIBRAA7\" media=\"(min-width: 1025px)\" \/>\n<img decoding=\"async\" src=\"data:image\/gif;base64,R0lGODlhAQABAIAAAAAAAP\/\/\/yH5BAEAAAAALAAAAAABAAEAAAIBRAA7\" data-ken-burns=\"false\" data-tablet-ken-burns=\"false\" data-mobile-ken-burns=\"false\" alt=\"\" data-depicter-src=\"https:\/\/www.ull.es\/grados\/economia\/wp-content\/uploads\/sites\/37\/2025\/04\/Slider_Economia.jpg\" data-object-fit=\"custom,custom,\" data-object-position=\"center top,,\" data-crop=\"{'focalPoint':{'x':0.5,'y':0.5},'mediaSize':{'width':1393.54838709677414954057894647121429443359375,'height':450}}\" data-tablet-crop=\"{'focalPoint':{'x':0.5,'y':0.5},'mediaSize':{'width':2167.7419354838712024502456188201904296875,'height':700.0000000000001136868377216160297393798828125}}\" data-mobile-crop=\"{'focalPoint':{'x':0.5,'y':0.5},'mediaSize':{'width':1114.8387096774195015314035117626190185546875,'height':360}}\" \/>\n<\/picture>\n\n\n<h1 id=\"depicter-1-element-5\" class=\"depicter-element depicter-layer depicter-1-element-5\" data-type=\"text\" data-wrap=\"true\" data-name=\"Text 2\" data-local-id=\"element-5\" data-offset=\"x:185px;y:201px;origin:tl\" data-tablet-offset=\"x:272px;y:321px;origin:tl\" data-mobile-offset=\"x:57px;y:-85px;origin:tl\" data-width=\"831px,480px,245px\" data-height=\"auto,auto,auto\" data-responsive-scale=\"true,,\">Grado en Econom\u00eda<\/h1>\n\n<div id=\"depicter-1-element-10\" class=\"depicter-element depicter-layer depicter-1-element-10\" data-type=\"shape\" data-wrap=\"true\" data-name=\"Shape 1\" data-local-id=\"element-10\" data-offset=\"x:185px;y:309px;origin:tl\" data-tablet-offset=\"x:278px;y:378px;origin:tl\" data-mobile-offset=\"x:63px;y:15px;origin:tl\" data-width=\"803px,465px,170px\" data-height=\"8px,8px,8px\" data-responsive-scale=\"true,,\"><\/div>\n<\/div>\n<\/div>\n<script>\n(window.depicterSetups = window.depicterSetups || []).push(function(){\n\tDepicter.basePath = 'https:\/\/www.ull.es\/grados\/economia\/wp-content\/plugins\/depicter\/resources\/scripts\/player\/';\n\tconst dpPlayer = Depicter.setup('.depicter-1',\n\t\t{\"width\":[\"1200\",\"1024\",\"360\"],\"height\":[\"500\",\"700\",\"360\"],\"view\":\"basic\",\"keepAspectRatio\":true,\"preload\":0,\"layout\":\"fullwidth\",\"rtl\":false,\"initAfterAppear\":false,\"ajaxApiUrl\":\"https:\\\/\\\/www.ull.es\\\/grados\\\/economia\\\/wp-admin\\\/admin-ajax.php\",\"mouseSwipe\":true,\"touchSwipe\":true,\"useWatermark\":false}\n\t);\n});\n<\/script><\/div><\/div><\/div>\n<\/div><\/div>\n\n\n\n<div class=\"wp-block-stackable-columns alignfull stk-block-columns stk--hide-mobile stk-block stk-ceecbdc stk-block-background\" data-block-id=\"ceecbdc\"><style>.stk-ceecbdc {background-color:#360060 !important;padding-top:35px !important;padding-right:0px !important;padding-bottom:2px !important;padding-left:0px !important;margin-top:-20px !important;margin-bottom:70px !important;}.stk-ceecbdc:before{background-color:#360060 !important;}<\/style><div class=\"stk-row stk-inner-blocks stk-block-content stk-content-align stk-ceecbdc-column alignfull\">\n<div class=\"wp-block-stackable-column stk-block-column stk-column stk-block stk-fc60a5d\" data-v=\"4\" data-block-id=\"fc60a5d\"><div class=\"stk-column-wrapper stk-block-column__content stk-container stk-fc60a5d-container stk--no-background stk--no-padding\"><div class=\"stk-block-content stk-inner-blocks stk-fc60a5d-inner-blocks\">\n<div class=\"wp-block-stackable-spacer stk-block-spacer stk--no-padding stk-block stk-a3a8a68\" data-block-id=\"a3a8a68\"><style>.stk-a3a8a68 {height:0px !important;}<\/style><\/div>\n<\/div><\/div><\/div>\n<\/div><\/div>\n\n\n\n<div class=\"wp-block-stackable-columns alignwide stk-block-columns stk-block stk-3627255\" data-block-id=\"3627255\"><style>.stk-3627255 {padding-right:14% !important;padding-left:14% !important;margin-bottom:18px !important;}.stk-3627255-column{--stk-column-gap:var(--stk--preset--spacing--60, 2.25rem) !important;}<\/style><div class=\"stk-row stk-inner-blocks stk-block-content stk-content-align stk-3627255-column alignwide\">\n<div class=\"wp-block-stackable-column stk-block-column stk-column stk-block stk-81e665a\" data-v=\"4\" data-block-id=\"81e665a\"><div class=\"stk-column-wrapper stk-block-column__content stk-container stk-81e665a-container stk--no-background stk--no-padding\"><div class=\"stk-block-content stk-inner-blocks stk-81e665a-inner-blocks\">\n<h1 class=\"wp-block-heading\">Horarios<\/h1>\n\n\n\n<h3 class=\"wp-block-heading\">Curso 2025-2026<\/h3>\n\n\n\n<ul class=\"wp-block-list\">\n<li><a href=\"https:\/\/drive.google.com\/file\/d\/1Cv4LprSBFuHKSSbW9cKaUUGgwtD0vREk\/view?usp=sharing\" target=\"_blank\" rel=\"noreferrer noopener\" target=\"_blank\" rel=\"noopener\">Horarios curso 2025-2026 (primer cuatrimestre)<\/a><\/li>\n\n\n\n<li><a href=\"https:\/\/drive.google.com\/file\/d\/1-3OM2Ri_mKDGD7b9Qnx_p3rLSi45WYXL\/view?usp=sharing\" target=\"_blank\" rel=\"noreferrer noopener\" target=\"_blank\" rel=\"noopener\">Horarios curso 2025-2026 (segundo cuatrimestre)<\/a><\/li>\n<\/ul>\n\n\n\n<h1 class=\"wp-block-heading\">Calendario de ex\u00e1menes<\/h1>\n\n\n\n<p>En relaci\u00f3n con el calendario de ex\u00e1menes, conviene tener presente las dos siguientes observaciones:<\/p>\n\n\n\n<ol class=\"wp-block-list\">\n<li>Cualquier cambio que se produzca en el mismo, ya sea en relaci\u00f3n con el aula o fecha de&nbsp;la convocatoria, ser\u00e1&nbsp;<strong>notificado en el tabl\u00f3n de anuncios de la Secretar\u00eda de la Facultad y en la secci\u00f3n de notificaciones de la&nbsp;la p\u00e1gina WEB<\/strong>&nbsp;con antelaci\u00f3n a cada convocatoria de ex\u00e1menes, por lo que se recomienda su comprobaci\u00f3n.<\/li>\n\n\n\n<li>Cuando se indique m\u00e1s de un aula en la convocatoria, el alumnado&nbsp;debe presentarse, a la hora se\u00f1alada, en la primera de las aulas que venga se\u00f1alada.<\/li>\n<\/ol>\n\n\n\n<h3 class=\"wp-block-heading\">Curso 2025-2026<\/h3>\n\n\n\n<p><strong>Calendario<\/strong><\/p>\n\n\n\n<ul class=\"wp-block-list\">\n<li><a href=\"https:\/\/drive.google.com\/file\/d\/1j5Sf1AHNn8aHZIqhHLBo6iinwrr21u62\/view?usp=sharing\" target=\"_blank\" rel=\"noreferrer noopener\" target=\"_blank\" rel=\"noopener\">Convocatoria ex\u00e1menes enero 2025-2026<\/a><\/li>\n\n\n\n<li><a href=\"https:\/\/drive.google.com\/file\/d\/1by4NpnsS1fcnfohTN426H2ewqRn-_V2t\/view?usp=drive_link\" target=\"_blank\" rel=\"noopener\">Convocatoria extraordinaria de marzo 2025-2026<\/a><\/li>\n\n\n\n<li><a href=\"https:\/\/drive.google.com\/file\/d\/19C2rAmkZQfucaiQsIJ4-Nwu2RnV2kRO6\/view?usp=sharing\" target=\"_blank\" rel=\"noreferrer noopener\" target=\"_blank\" rel=\"noopener\">Convocatoria ex\u00e1menes mayo 2025-2026<\/a><\/li>\n\n\n\n<li><a href=\"https:\/\/drive.google.com\/file\/d\/1TWKcaSPW230AxYyl8gby-WlYTuNKSFRL\/view?usp=sharing\" target=\"_blank\" rel=\"noreferrer noopener\" target=\"_blank\" rel=\"noopener\">Convocatoria ex\u00e1menes junio 2025-2026<\/a><\/li>\n\n\n\n<li><a href=\"https:\/\/drive.google.com\/file\/d\/16p15wGA9AosH0p7zWk2gKim6z9hbkWLP\/view?usp=sharing\" target=\"_blank\" rel=\"noreferrer noopener\" target=\"_blank\" rel=\"noopener\">Convocatoria ex\u00e1menes julio 2025-2026<\/a><\/li>\n<\/ul>\n\n\n\n<h1 class=\"wp-block-heading\">Calendario acad\u00e9mico<\/h1>\n\n\n\n<ul class=\"wp-block-list\">\n<li><a href=\"https:\/\/www.ull.es\/estudios-docencia\/calendario-academico\" target=\"_blank\" rel=\"noreferrer noopener\" target=\"_blank\" rel=\"noopener\">Acceso al calendario acad\u00e9mico oficial de la ULL<\/a><\/li>\n<\/ul>\n<\/div><\/div><\/div>\n<\/div><\/div>\n","protected":false},"excerpt":{"rendered":"<p>Horarios Curso 2025-2026 Calendario de ex\u00e1menes En relaci\u00f3n con el calendario de ex\u00e1menes, conviene tener presente las dos siguientes observaciones: Curso 2025-2026 Calendario Calendario acad\u00e9mico<\/p>","protected":false},"author":1,"featured_media":0,"parent":252,"menu_order":4,"comment_status":"closed","ping_status":"closed","template":"templates\/template-frontpage.php","meta":{"footnotes":""},"class_list":["post-272","page","type-page","status-publish","hentry"],"_links":{"self":[{"href":"https:\/\/www.ull.es\/grados\/economia\/fr\/wp-json\/wp\/v2\/pages\/272","targetHints":{"allow":["GET"]}}],"collection":[{"href":"https:\/\/www.ull.es\/grados\/economia\/fr\/wp-json\/wp\/v2\/pages"}],"about":[{"href":"https:\/\/www.ull.es\/grados\/economia\/fr\/wp-json\/wp\/v2\/types\/page"}],"author":[{"embeddable":true,"href":"https:\/\/www.ull.es\/grados\/economia\/fr\/wp-json\/wp\/v2\/users\/1"}],"replies":[{"embeddable":true,"href":"https:\/\/www.ull.es\/grados\/economia\/fr\/wp-json\/wp\/v2\/comments?post=272"}],"version-history":[{"count":104,"href":"https:\/\/www.ull.es\/grados\/economia\/fr\/wp-json\/wp\/v2\/pages\/272\/revisions"}],"predecessor-version":[{"id":1138,"href":"https:\/\/www.ull.es\/grados\/economia\/fr\/wp-json\/wp\/v2\/pages\/272\/revisions\/1138"}],"up":[{"embeddable":true,"href":"https:\/\/www.ull.es\/grados\/economia\/fr\/wp-json\/wp\/v2\/pages\/252"}],"wp:attachment":[{"href":"https:\/\/www.ull.es\/grados\/economia\/fr\/wp-json\/wp\/v2\/media?parent=272"}],"curies":[{"name":"wp","href":"https:\/\/api.w.org\/{rel}","templated":true}]}}