{"id":32,"date":"2017-06-28T12:47:36","date_gmt":"2017-06-28T12:47:36","guid":{"rendered":"http:\/\/www.ull.es\/masteres\/desarrollo-y-gestion-de-recursos-humanos\/?page_id=18"},"modified":"2025-11-26T10:10:00","modified_gmt":"2025-11-26T10:10:00","slug":"apoyo-y-orientacion","status":"publish","type":"page","link":"https:\/\/www.ull.es\/grados\/economia\/fr\/informacion-academica\/apoyo-y-orientacion\/","title":{"rendered":"Soutien et orientation"},"content":{"rendered":"\n<div class=\"wp-block-stackable-columns alignfull stk-block-columns stk-block stk-8657999\" data-block-id=\"8657999\"><style>.stk-8657999 {padding-bottom:0px !important;margin-top:-30px !important;margin-bottom:0px !important;}@media screen and (max-width: 767px){.stk-8657999 {margin-top:-10% !important;}}<\/style><div class=\"stk-row stk-inner-blocks stk-block-content stk-content-align stk-8657999-column alignfull\">\n<div class=\"wp-block-stackable-column stk-block-column stk-column stk-block stk-914f03e\" data-v=\"4\" data-block-id=\"914f03e\"><div class=\"stk-column-wrapper stk-block-column__content stk-container stk-914f03e-container stk--no-background stk--no-padding\"><div class=\"stk-block-content stk-inner-blocks stk-914f03e-inner-blocks\"><style id=\"depicter-1-inline-pre-css\">\n\n.depicter-1:not(.depicter-ready){\n\theight:500px;\n}\n\n\/***** Tablet *****\/\n@media screen and (max-width: 1024px){\n\n.depicter-1:not(.depicter-ready){\n\theight:700px;\n}\n\n}\n\/***** Mobile *****\/\n@media screen and (max-width: 767px){\n\n.depicter-1:not(.depicter-ready){\n\theight:360px;\n}\n\n}\n<\/style>\n<div id=\"depicter-1\" class=\"depicter depicter-document depicter-revert depicter-1 depicter-layout-fullwidth\">\n\n<div class=\"depicter-loading-container depicter-loading dotFlashing-dark\"><div class=\"depicter-loading-dark depicter-dot-flashing\">\n   <span><\/span>\n   <span><\/span>\n   <span><\/span>\n<\/div>\n<\/div>\n<div id=\"depicter-1-section-1\" class=\"depicter-section depicter-1-section-1\" data-name=\"Section 1\" data-type=\"section\" data-local-id=\"section-1\">\n<picture class=\"depicter-bg\">\n<source data-depicter-srcset=\"https:\/\/www.ull.es\/grados\/economia\/wp-content\/uploads\/sites\/37\/2025\/04\/Slider_Economia-768x248.jpg, https:\/\/www.ull.es\/grados\/economia\/wp-content\/uploads\/sites\/37\/2025\/04\/Slider_Economia.jpg 2x\" srcset=\"data:image\/gif;base64,R0lGODlhAQABAIAAAAAAAP\/\/\/yH5BAEAAAAALAAAAAABAAEAAAIBRAA7\" media=\"(max-width: 1024px)\" \/>\n\n<source data-depicter-srcset=\"https:\/\/www.ull.es\/grados\/economia\/wp-content\/uploads\/sites\/37\/2025\/04\/Slider_Economia.jpg, https:\/\/www.ull.es\/grados\/economia\/wp-content\/uploads\/sites\/37\/2025\/04\/Slider_Economia-1920x620.jpg 2x\" srcset=\"data:image\/gif;base64,R0lGODlhAQABAIAAAAAAAP\/\/\/yH5BAEAAAAALAAAAAABAAEAAAIBRAA7\" media=\"(min-width: 1025px)\" \/>\n<img decoding=\"async\" src=\"data:image\/gif;base64,R0lGODlhAQABAIAAAAAAAP\/\/\/yH5BAEAAAAALAAAAAABAAEAAAIBRAA7\" data-ken-burns=\"false\" data-tablet-ken-burns=\"false\" data-mobile-ken-burns=\"false\" alt=\"\" data-depicter-src=\"https:\/\/www.ull.es\/grados\/economia\/wp-content\/uploads\/sites\/37\/2025\/04\/Slider_Economia.jpg\" data-object-fit=\"custom,custom,\" data-object-position=\"center top,,\" data-crop=\"{'focalPoint':{'x':0.5,'y':0.5},'mediaSize':{'width':1393.54838709677414954057894647121429443359375,'height':450}}\" data-tablet-crop=\"{'focalPoint':{'x':0.5,'y':0.5},'mediaSize':{'width':2167.7419354838712024502456188201904296875,'height':700.0000000000001136868377216160297393798828125}}\" data-mobile-crop=\"{'focalPoint':{'x':0.5,'y':0.5},'mediaSize':{'width':1114.8387096774195015314035117626190185546875,'height':360}}\" \/>\n<\/picture>\n\n\n<h1 id=\"depicter-1-element-5\" class=\"depicter-element depicter-layer depicter-1-element-5\" data-type=\"text\" data-wrap=\"true\" data-name=\"Text 2\" data-local-id=\"element-5\" data-offset=\"x:185px;y:201px;origin:tl\" data-tablet-offset=\"x:272px;y:321px;origin:tl\" data-mobile-offset=\"x:57px;y:-85px;origin:tl\" data-width=\"831px,480px,245px\" data-height=\"auto,auto,auto\" data-responsive-scale=\"true,,\">Grado en Econom\u00eda<\/h1>\n\n<div id=\"depicter-1-element-10\" class=\"depicter-element depicter-layer depicter-1-element-10\" data-type=\"shape\" data-wrap=\"true\" data-name=\"Shape 1\" data-local-id=\"element-10\" data-offset=\"x:185px;y:309px;origin:tl\" data-tablet-offset=\"x:278px;y:378px;origin:tl\" data-mobile-offset=\"x:63px;y:15px;origin:tl\" data-width=\"803px,465px,170px\" data-height=\"8px,8px,8px\" data-responsive-scale=\"true,,\"><\/div>\n<\/div>\n<\/div>\n<script>\n(window.depicterSetups = window.depicterSetups || []).push(function(){\n\tDepicter.basePath = 'https:\/\/www.ull.es\/grados\/economia\/wp-content\/plugins\/depicter\/resources\/scripts\/player\/';\n\tconst dpPlayer = Depicter.setup('.depicter-1',\n\t\t{\"width\":[\"1200\",\"1024\",\"360\"],\"height\":[\"500\",\"700\",\"360\"],\"view\":\"basic\",\"keepAspectRatio\":true,\"preload\":0,\"layout\":\"fullwidth\",\"rtl\":false,\"initAfterAppear\":false,\"ajaxApiUrl\":\"https:\\\/\\\/www.ull.es\\\/grados\\\/economia\\\/wp-admin\\\/admin-ajax.php\",\"mouseSwipe\":true,\"touchSwipe\":true,\"useWatermark\":false}\n\t);\n});\n<\/script><\/div><\/div><\/div>\n<\/div><\/div>\n\n\n\n<div class=\"wp-block-stackable-columns alignfull stk-block-columns stk--hide-mobile stk-block stk-ceecbdc stk-block-background\" data-block-id=\"ceecbdc\"><style>.stk-ceecbdc {background-color:#360060 !important;padding-top:35px !important;padding-right:0px !important;padding-bottom:2px !important;padding-left:0px !important;margin-top:-20px !important;margin-bottom:70px !important;}.stk-ceecbdc:before{background-color:#360060 !important;}<\/style><div class=\"stk-row stk-inner-blocks stk-block-content stk-content-align stk-ceecbdc-column alignfull\">\n<div class=\"wp-block-stackable-column stk-block-column stk-column stk-block stk-fc60a5d\" data-v=\"4\" data-block-id=\"fc60a5d\"><div class=\"stk-column-wrapper stk-block-column__content stk-container stk-fc60a5d-container stk--no-background stk--no-padding\"><div class=\"stk-block-content stk-inner-blocks stk-fc60a5d-inner-blocks\">\n<div class=\"wp-block-stackable-spacer stk-block-spacer stk--no-padding stk-block stk-a3a8a68\" data-block-id=\"a3a8a68\"><style>.stk-a3a8a68 {height:0px !important;}<\/style><\/div>\n<\/div><\/div><\/div>\n<\/div><\/div>\n\n\n\n<div class=\"wp-block-stackable-columns alignwide stk-block-columns stk-block stk-72bb06b\" data-block-id=\"72bb06b\"><style>.stk-72bb06b {padding-right:14% !important;padding-left:14% !important;margin-bottom:18px !important;}.stk-72bb06b-column{--stk-column-gap:var(--stk--preset--spacing--60, 2.25rem) !important;}<\/style><div class=\"stk-row stk-inner-blocks stk-block-content stk-content-align stk-72bb06b-column alignwide\">\n<div class=\"wp-block-stackable-column stk-block-column stk-column stk-block stk-65c3a7b\" data-v=\"4\" data-block-id=\"65c3a7b\"><div class=\"stk-column-wrapper stk-block-column__content stk-container stk-65c3a7b-container stk--no-background stk--no-padding\"><div class=\"stk-block-content stk-inner-blocks stk-65c3a7b-inner-blocks\">\n<div class=\"wp-block-stackable-heading stk-block-heading stk-block-heading--v2 stk-block stk-2859387\" id=\"apoyo-y-orientacion\" data-block-id=\"2859387\"><style>.stk-2859387 .stk-block-heading__text{color:#5c068c !important;}<\/style><h1 class=\"stk-block-heading__text has-text-color\">Apoyo y orientaci\u00f3n<\/h1><\/div>\n\n\n\n<div class=\"wp-block-stackable-heading stk-block-heading stk-block-heading--v2 stk-block stk-c680812\" id=\"plan-de-orientacion-y-accion-tutorial-poat\" data-block-id=\"c680812\"><style>.stk-c680812 .stk-block-heading__text{color:#5c068c !important;}<\/style><h2 class=\"stk-block-heading__text has-text-color\">Plan de Orientaci\u00f3n y Acci\u00f3n Tutorial (POAT)<\/h2><\/div>\n<\/div><\/div><\/div>\n<\/div><\/div>\n\n\n\n<div class=\"wp-block-stackable-columns alignwide stk-block-columns stk-block stk-3627255\" data-block-id=\"3627255\"><style>.stk-3627255 {padding-right:14% !important;padding-left:14% !important;margin-bottom:18px !important;}.stk-3627255-column{--stk-column-gap:var(--stk--preset--spacing--60, 2.25rem) !important;}<\/style><div class=\"stk-row stk-inner-blocks stk-block-content stk-content-align stk-3627255-column alignwide\">\n<div class=\"wp-block-stackable-column stk-block-column stk-column stk-block stk-81e665a\" data-v=\"4\" data-block-id=\"81e665a\"><div class=\"stk-column-wrapper stk-block-column__content stk-container stk-81e665a-container stk--no-background stk--no-padding\"><div class=\"stk-block-content stk-inner-blocks stk-81e665a-inner-blocks\">\n<p>La Facultad de Econom\u00eda, Empresa y Turismo pone a disposici\u00f3n del alumnado de nuevo ingreso de los grados de Administraci\u00f3n y Direcci\u00f3n de Empresas, Contabilidad y Finanzas, Econom\u00eda y Turismo un&nbsp;<a href=\"https:\/\/campuspoat2324.ull.es\/course\/view.php?id=2324160005\" target=\"_blank\" rel=\"noreferrer noopener\" target=\"_blank\" rel=\"noopener\">Plan de Orientaci\u00f3n y Acci\u00f3n Tutorial (POAT)<\/a>. Los objetivos de este Plan son facilitar la integraci\u00f3n del alumnado de nuevo ingreso, proporcionarle la informaci\u00f3n que pueda contribuir a resolver las dificultades encontradas en su vida acad\u00e9mica y orientarle en su proceso de formaci\u00f3n integral.<\/p>\n\n\n\n<p>Con car\u00e1cter general, el Plan de Orientaci\u00f3n y Acci\u00f3n Tutorial contempla dos tipos de actividades b\u00e1sicas: a) un conjunto de charlas, talleres y otro tipo de &nbsp;actividades grupales con una finalidad informativa y de orientaci\u00f3n sobre diversas tem\u00e1ticas que resulten de inter\u00e9s al alumnado (becas, programas de movilidad, pr\u00e1cticas de empresas, etc.) y b) un plan de Tutor\u00edas de Carrera donde el alumnado ser\u00e1 atendido regularmente por un\/a tutor\/a que le proporcionar\u00e1 el asesoramiento y orientaci\u00f3n sobre su trayectoria curricular en la universidad.<\/p>\n\n\n\n<p>A partir de 2018, la Facultad de Econom\u00eda Empresa y Turismo a\u00f1ade un tercer pilar, un sistema de monitorizaci\u00f3n entre el alumnado, que pretende complementar a los dos anteriores. Se trata de organizar, gestionar y promover canales de comunicaci\u00f3n entre el alumnado para que, en base a sus propias vivencias, experiencias y conocimientos adquiridos, puedan plantear cuestiones y\/o dar respuestas a estudiantes.<\/p>\n\n\n\n<p>El POAT del centro cuenta con un aula virtual espec\u00edfica para gestionar actividades, tutor\u00edas y monitorizaci\u00f3n. En la misma se incluye un foro donde el alumnado podr\u00e1n interactuar entre ellos.<\/p>\n\n\n\n<p>Para responder a cualquier duda sobre el POAT, adem\u00e1s de dirigirse al tutor\/a asignado en cada caso, el alumnado podr\u00e1 contactar con Zamira del Rosario Acosta Rubio (Coordinador\/a del POAT de la Facultad de Econom\u00eda, Empresa y Turismo) a trav\u00e9s del siguiente correo electr\u00f3nico:&nbsp;<a href=\"mailto:zacosta@ull.edu.es\" target=\"_blank\" rel=\"noreferrer noopener\" target=\"_blank\" rel=\"noopener\">zacosta@ull.edu.es<\/a><\/p>\n\n\n\n<ul class=\"wp-block-list\">\n<li>Para consultar el documento POAT 2023-24, puede pulsar el\u00a0<a href=\"https:\/\/drive.google.com\/file\/d\/191ktWYjzYnA-KPqwsdaHAGINeh1Ly8C0\/view?usp=drive_link\" target=\"_blank\" rel=\"noreferrer noopener\" target=\"_blank\" rel=\"noopener\">siguiente enlace<\/a><\/li>\n\n\n\n<li>Para consultar el documento POAT 2022-23, puede pulsar el\u00a0<a href=\"https:\/\/drive.google.com\/file\/d\/1uhu_b_R69-LLkaDqrQ4d2BIRtMCsNgUo\/view?usp=drive_link\" target=\"_blank\" rel=\"noreferrer noopener\" target=\"_blank\" rel=\"noopener\">siguiente enlace<\/a><\/li>\n\n\n\n<li>Para consultar el documento POAT 2019-20, puede pulsar el\u00a0<a href=\"https:\/\/drive.google.com\/file\/d\/134WTMxbL7TfuhhLVjxAuf9PaIeCfYVSD\/view?usp=sharing\" target=\"_blank\" rel=\"noreferrer noopener\" target=\"_blank\" rel=\"noopener\">siguiente enlace<\/a><\/li>\n\n\n\n<li>Para consultar el documento POAT 2018-19, puede pulsar el\u00a0<a href=\"https:\/\/drive.google.com\/file\/d\/1pv1QnkPf3d-tsK2WYu1E9RZdNmF6peCy\/view?usp=sharing\" target=\"_blank\" rel=\"noreferrer noopener\" target=\"_blank\" rel=\"noopener\">siguiente enlace<\/a><\/li>\n\n\n\n<li>Para consultar el documento POAT 2017-18, puede pulsar el\u00a0<a href=\"https:\/\/drive.google.com\/file\/d\/1b9ILk_Z06vHHrjLHlc5OcF8apo6m_HI3\/view?usp=sharing\" target=\"_blank\" rel=\"noreferrer noopener\" target=\"_blank\" rel=\"noopener\">siguiente enlace<\/a><\/li>\n\n\n\n<li>Para consultar el documento POAT 2016-17, puede pulsar el\u00a0<a href=\"https:\/\/drive.google.com\/open?id=1UFzWd38pMD1_hEGSYcG6SrORRNoCb8LO\" target=\"_blank\" rel=\"noreferrer noopener\" target=\"_blank\" rel=\"noopener\">siguiente enlace<\/a><a href=\"http:\/\/www.ull.es\/Private\/folder\/centros\/euce\/poat\/POAT15_16.pdf\" target=\"_blank\" rel=\"noreferrer noopener\" target=\"_blank\" rel=\"noopener\">\u00a0<\/a><\/li>\n\n\n\n<li>Para consultar el documento POAT 2015-16, puede pulsar el\u00a0<a href=\"https:\/\/drive.google.com\/open?id=1kwgEhNDWW002DVvBnr5MUk4YJnPTnNRD\" target=\"_blank\" rel=\"noreferrer noopener\" target=\"_blank\" rel=\"noopener\">siguiente enlace<\/a><\/li>\n<\/ul>\n\n\n\n<p>Adem\u00e1s del Plan de Orientaci\u00f3n y Acci\u00f3n Tutorial de la Facultad de Econom\u00eda, Empresa y Turismo, la Universidad de La Laguna dispone de un Servicio de Informaci\u00f3n y Orientaci\u00f3n (SIO) al que tambi\u00e9n podr\u00e1 acudir cualquier estudiante que lo necesite.<\/p>\n\n\n\n<p><strong>Servicio de Informaci\u00f3n y Orientaci\u00f3n de la ULL<\/strong><\/p>\n\n\n\n<p>El&nbsp;<strong>Servicio de Informaci\u00f3n y Orientaci\u00f3n (SIO)&nbsp;<\/strong>es la oficina destinada a informar, asesorar y orientar al futuro estudiantado y a la comunidad universitaria en general. Al alumnado universitario, en especial, se le informa sobre temas relacionados con la formaci\u00f3n y la vida universitaria, asimismo se les dirige, en las demandas m\u00e1s espec\u00edficas, a las oficinas correspondientes.<\/p>\n\n\n\n<p>El SIO dispone de:<\/p>\n\n\n\n<ol class=\"wp-block-list\">\n<li>Un \u00e1rea de informaci\u00f3n, que responde a las demandas de informaci\u00f3n de car\u00e1cter acad\u00e9mico y administrativo de la ULL, como por ejemplo informaci\u00f3n sobre becas y ayudas, propuestas formativas universitarias, tr\u00e1mites, derechos y deberes, plazos y procedimientos, etc. Su correo electr\u00f3nico es:\u00a0<a href=\"mailto:sioinfo@ull.es\" target=\"_blank\" rel=\"noreferrer noopener\" target=\"_blank\" rel=\"noopener\">sioinfo@ull.es<\/a><\/li>\n\n\n\n<li>Una Asesor\u00eda Psicopedag\u00f3gica, que tiene por objeto ayudar al estudiante con dificultades, bien en el proceso de toma de decisiones como en el de aprendizaje. Adem\u00e1s de ello, aporta datos e informes al \u00e1rea de informaci\u00f3n y ofrece atenci\u00f3n personalizada al estudiantado. Su direcci\u00f3n de contacto es:\u00a0<a href=\"mailto:asesored@ull.es\" target=\"_blank\" rel=\"noreferrer noopener\" target=\"_blank\" rel=\"noopener\">asesored@ull.es<\/a><\/li>\n\n\n\n<li>Una Asesor\u00eda Jur\u00eddica, que nutre de informaci\u00f3n administrativa, acad\u00e9mica y de normativas varias al \u00e1rea de Informaci\u00f3n, adem\u00e1s de ofrecer atenci\u00f3n individualizada sobre cualquier consulta, en su vertiente jur\u00eddica, relacionada con la estancia en la universidad sea o no de \u00edndole acad\u00e9mica. Su correo electr\u00f3nico:\u00a0<a href=\"mailto:asejuri@ull.es\" target=\"_blank\" rel=\"noreferrer noopener\" target=\"_blank\" rel=\"noopener\">asejuri@ull.es<\/a><\/li>\n<\/ol>\n\n\n\n<p>Para m\u00e1s informaci\u00f3n, visita la p\u00e1gina&nbsp;<a href=\"https:\/\/www.ull.es\/servicios\/servicio-de-informacion-y-orientacion-sio\/\" target=\"_blank\" rel=\"noreferrer noopener\" target=\"_blank\" rel=\"noopener\">web del SIO<\/a><\/p>\n\n\n\n<p>En los siguientes enlaces se pueden consultar los informes de resultados de las encuestas al Profesorado y Alumnado sobre la implementaci\u00f3n del POAT en los grados que se imparten en la Facultad de Econom\u00eda, Empresa y Turismo.<\/p>\n<\/div><\/div><\/div>\n<\/div><\/div>\n","protected":false},"excerpt":{"rendered":"<p>Soutien et accompagnement\u00a0: Plan d\u2019action d\u2019orientation et de tutorat (PAOT) La Facult\u00e9 d\u2019\u00e9conomie, de gestion et de tourisme propose aux nouveaux \u00e9tudiants admis en administration des affaires, en comptabilit\u00e9 et finance, en \u00e9conomie et tourisme un plan d\u2019action d\u2019orientation et de tutorat (PAOT). Ce plan vise \u00e0 faciliter\u2026<\/p>","protected":false},"author":1,"featured_media":0,"parent":252,"menu_order":7,"comment_status":"closed","ping_status":"closed","template":"templates\/template-frontpage.php","meta":{"footnotes":""},"class_list":["post-32","page","type-page","status-publish","hentry"],"_links":{"self":[{"href":"https:\/\/www.ull.es\/grados\/economia\/fr\/wp-json\/wp\/v2\/pages\/32","targetHints":{"allow":["GET"]}}],"collection":[{"href":"https:\/\/www.ull.es\/grados\/economia\/fr\/wp-json\/wp\/v2\/pages"}],"about":[{"href":"https:\/\/www.ull.es\/grados\/economia\/fr\/wp-json\/wp\/v2\/types\/page"}],"author":[{"embeddable":true,"href":"https:\/\/www.ull.es\/grados\/economia\/fr\/wp-json\/wp\/v2\/users\/1"}],"replies":[{"embeddable":true,"href":"https:\/\/www.ull.es\/grados\/economia\/fr\/wp-json\/wp\/v2\/comments?post=32"}],"version-history":[{"count":25,"href":"https:\/\/www.ull.es\/grados\/economia\/fr\/wp-json\/wp\/v2\/pages\/32\/revisions"}],"predecessor-version":[{"id":1098,"href":"https:\/\/www.ull.es\/grados\/economia\/fr\/wp-json\/wp\/v2\/pages\/32\/revisions\/1098"}],"up":[{"embeddable":true,"href":"https:\/\/www.ull.es\/grados\/economia\/fr\/wp-json\/wp\/v2\/pages\/252"}],"wp:attachment":[{"href":"https:\/\/www.ull.es\/grados\/economia\/fr\/wp-json\/wp\/v2\/media?parent=32"}],"curies":[{"name":"wp","href":"https:\/\/api.w.org\/{rel}","templated":true}]}}