{"id":37,"date":"2017-06-28T12:58:45","date_gmt":"2017-06-28T12:58:45","guid":{"rendered":"http:\/\/www.ull.es\/masteres\/desarrollo-y-gestion-de-recursos-humanos\/?page_id=30"},"modified":"2025-11-26T08:55:12","modified_gmt":"2025-11-26T08:55:12","slug":"perfil-de-ingreso-y-egreso","status":"publish","type":"page","link":"https:\/\/www.ull.es\/grados\/economia\/fr\/informacion-academica\/perfil-de-ingreso-y-egreso\/","title":{"rendered":"Profil d&#039;admission et de sortie"},"content":{"rendered":"\n<div class=\"wp-block-stackable-columns alignfull stk-block-columns stk-block stk-8657999\" data-block-id=\"8657999\"><style>.stk-8657999 {padding-bottom:0px !important;margin-top:-30px !important;margin-bottom:0px !important;}@media screen and (max-width: 767px){.stk-8657999 {margin-top:-10% !important;}}<\/style><div class=\"stk-row stk-inner-blocks stk-block-content stk-content-align stk-8657999-column alignfull\">\n<div class=\"wp-block-stackable-column stk-block-column stk-column stk-block stk-914f03e\" data-v=\"4\" data-block-id=\"914f03e\"><div class=\"stk-column-wrapper stk-block-column__content stk-container stk-914f03e-container stk--no-background stk--no-padding\"><div class=\"stk-block-content stk-inner-blocks stk-914f03e-inner-blocks\"><style id=\"depicter-1-inline-pre-css\">\n\n.depicter-1:not(.depicter-ready){\n\theight:500px;\n}\n\n\/***** Tablet *****\/\n@media screen and (max-width: 1024px){\n\n.depicter-1:not(.depicter-ready){\n\theight:700px;\n}\n\n}\n\/***** Mobile *****\/\n@media screen and (max-width: 767px){\n\n.depicter-1:not(.depicter-ready){\n\theight:360px;\n}\n\n}\n<\/style>\n<div id=\"depicter-1\" class=\"depicter depicter-document depicter-revert depicter-1 depicter-layout-fullwidth\">\n\n<div class=\"depicter-loading-container depicter-loading dotFlashing-dark\"><div class=\"depicter-loading-dark depicter-dot-flashing\">\n   <span><\/span>\n   <span><\/span>\n   <span><\/span>\n<\/div>\n<\/div>\n<div id=\"depicter-1-section-1\" class=\"depicter-section depicter-1-section-1\" data-name=\"Section 1\" data-type=\"section\" data-local-id=\"section-1\">\n<picture class=\"depicter-bg\">\n<source data-depicter-srcset=\"https:\/\/www.ull.es\/grados\/economia\/wp-content\/uploads\/sites\/37\/2025\/04\/Slider_Economia-768x248.jpg, https:\/\/www.ull.es\/grados\/economia\/wp-content\/uploads\/sites\/37\/2025\/04\/Slider_Economia.jpg 2x\" srcset=\"data:image\/gif;base64,R0lGODlhAQABAIAAAAAAAP\/\/\/yH5BAEAAAAALAAAAAABAAEAAAIBRAA7\" media=\"(max-width: 1024px)\" \/>\n\n<source data-depicter-srcset=\"https:\/\/www.ull.es\/grados\/economia\/wp-content\/uploads\/sites\/37\/2025\/04\/Slider_Economia.jpg, https:\/\/www.ull.es\/grados\/economia\/wp-content\/uploads\/sites\/37\/2025\/04\/Slider_Economia-1920x620.jpg 2x\" srcset=\"data:image\/gif;base64,R0lGODlhAQABAIAAAAAAAP\/\/\/yH5BAEAAAAALAAAAAABAAEAAAIBRAA7\" media=\"(min-width: 1025px)\" \/>\n<img decoding=\"async\" src=\"data:image\/gif;base64,R0lGODlhAQABAIAAAAAAAP\/\/\/yH5BAEAAAAALAAAAAABAAEAAAIBRAA7\" data-ken-burns=\"false\" data-tablet-ken-burns=\"false\" data-mobile-ken-burns=\"false\" alt=\"\" data-depicter-src=\"https:\/\/www.ull.es\/grados\/economia\/wp-content\/uploads\/sites\/37\/2025\/04\/Slider_Economia.jpg\" data-object-fit=\"custom,custom,\" data-object-position=\"center top,,\" data-crop=\"{'focalPoint':{'x':0.5,'y':0.5},'mediaSize':{'width':1393.54838709677414954057894647121429443359375,'height':450}}\" data-tablet-crop=\"{'focalPoint':{'x':0.5,'y':0.5},'mediaSize':{'width':2167.7419354838712024502456188201904296875,'height':700.0000000000001136868377216160297393798828125}}\" data-mobile-crop=\"{'focalPoint':{'x':0.5,'y':0.5},'mediaSize':{'width':1114.8387096774195015314035117626190185546875,'height':360}}\" \/>\n<\/picture>\n\n\n<h1 id=\"depicter-1-element-5\" class=\"depicter-element depicter-layer depicter-1-element-5\" data-type=\"text\" data-wrap=\"true\" data-name=\"Text 2\" data-local-id=\"element-5\" data-offset=\"x:185px;y:201px;origin:tl\" data-tablet-offset=\"x:272px;y:321px;origin:tl\" data-mobile-offset=\"x:57px;y:-85px;origin:tl\" data-width=\"831px,480px,245px\" data-height=\"auto,auto,auto\" data-responsive-scale=\"true,,\">Grado en Econom\u00eda<\/h1>\n\n<div id=\"depicter-1-element-10\" class=\"depicter-element depicter-layer depicter-1-element-10\" data-type=\"shape\" data-wrap=\"true\" data-name=\"Shape 1\" data-local-id=\"element-10\" data-offset=\"x:185px;y:309px;origin:tl\" data-tablet-offset=\"x:278px;y:378px;origin:tl\" data-mobile-offset=\"x:63px;y:15px;origin:tl\" data-width=\"803px,465px,170px\" data-height=\"8px,8px,8px\" data-responsive-scale=\"true,,\"><\/div>\n<\/div>\n<\/div>\n<script>\n(window.depicterSetups = window.depicterSetups || []).push(function(){\n\tDepicter.basePath = 'https:\/\/www.ull.es\/grados\/economia\/wp-content\/plugins\/depicter\/resources\/scripts\/player\/';\n\tconst dpPlayer = Depicter.setup('.depicter-1',\n\t\t{\"width\":[\"1200\",\"1024\",\"360\"],\"height\":[\"500\",\"700\",\"360\"],\"view\":\"basic\",\"keepAspectRatio\":true,\"preload\":0,\"layout\":\"fullwidth\",\"rtl\":false,\"initAfterAppear\":false,\"ajaxApiUrl\":\"https:\\\/\\\/www.ull.es\\\/grados\\\/economia\\\/wp-admin\\\/admin-ajax.php\",\"mouseSwipe\":true,\"touchSwipe\":true,\"useWatermark\":false}\n\t);\n});\n<\/script><\/div><\/div><\/div>\n<\/div><\/div>\n\n\n\n<div class=\"wp-block-stackable-columns alignfull stk-block-columns stk--hide-mobile stk-block stk-ceecbdc stk-block-background\" data-block-id=\"ceecbdc\"><style>.stk-ceecbdc {background-color:#360060 !important;padding-top:35px !important;padding-right:0px !important;padding-bottom:2px !important;padding-left:0px !important;margin-top:-20px !important;margin-bottom:70px !important;}.stk-ceecbdc:before{background-color:#360060 !important;}<\/style><div class=\"stk-row stk-inner-blocks stk-block-content stk-content-align stk-ceecbdc-column alignfull\">\n<div class=\"wp-block-stackable-column stk-block-column stk-column stk-block stk-fc60a5d\" data-v=\"4\" data-block-id=\"fc60a5d\"><div class=\"stk-column-wrapper stk-block-column__content stk-container stk-fc60a5d-container stk--no-background stk--no-padding\"><div class=\"stk-block-content stk-inner-blocks stk-fc60a5d-inner-blocks\">\n<div class=\"wp-block-stackable-spacer stk-block-spacer stk--no-padding stk-block stk-a3a8a68\" data-block-id=\"a3a8a68\"><style>.stk-a3a8a68 {height:0px !important;}<\/style><\/div>\n<\/div><\/div><\/div>\n<\/div><\/div>\n\n\n\n<div class=\"wp-block-stackable-columns alignwide stk-block-columns stk-block stk-3627255\" data-block-id=\"3627255\"><style>.stk-3627255 {padding-right:16% !important;padding-left:16% !important;margin-bottom:18px !important;}<\/style><div class=\"stk-row stk-inner-blocks stk-block-content stk-content-align stk-3627255-column alignwide\">\n<div class=\"wp-block-stackable-column stk-block-column stk-column stk-block stk-81e665a\" data-v=\"4\" data-block-id=\"81e665a\"><div class=\"stk-column-wrapper stk-block-column__content stk-container stk-81e665a-container stk--no-background stk--no-padding\"><div class=\"stk-block-content stk-inner-blocks stk-81e665a-inner-blocks\">\n<div class=\"wp-block-stackable-heading stk-block-heading stk-block-heading--v2 stk-block stk-97878e6\" id=\"perfil-de-ingreso-y-egreso\" data-block-id=\"97878e6\"><style>.stk-97878e6 .stk-block-heading__text{color:#5c068c !important;}<\/style><h1 class=\"stk-block-heading__text has-text-color\">Perfil de ingreso y egreso<\/h1><\/div>\n\n\n\n<p>Con car\u00e1cter general, la informaci\u00f3n relevante para el acceso, incorporaci\u00f3n e integraci\u00f3n del alumnado que desean iniciar estudios universitarios en la Universidad de La Laguna est\u00e1 disponible en su sitio&nbsp;<a href=\"http:\/\/www.ull.es\/\" target=\"_blank\" rel=\"noreferrer noopener\" target=\"_blank\" rel=\"noopener\">Web<\/a>.<\/p>\n\n\n\n<p>En el caso de la titulaci\u00f3n de Grado de Econom\u00eda, se establecen las siguientes v\u00edas de acceso seg\u00fan tipo de estudios cursados:<\/p>\n\n\n\n<table\n    class=\"table table-bordered table-striped align-middle text-center shadow-sm rounded overflow-hidden table-hover-effect\"\n    style=\"border-collapse: separate; border-spacing: 0; box-shadow: 0 0.5rem 1rem rgba(0,0,0,0.15); border-radius:2rem; width:100%;\">\n    <tbody>\n        <tr style=\"background-color:#360060; color:#fff;\">\n            <td colspan=\"10\" class=\"hoverable fw-bold\" style=\"width:30%; border-top-left-radius: 1.5rem; border-top-right-radius: 1.5rem; font-weight:bold;\">V\u00edas de acceso a los estudios de Grado en Econom\u00eda<\/td>\n        <\/tr>\n        <tr style=\"background-color:#490a79; color:#fff;\">\n            <td colspan=\"1\" class=\"hoverable fw-bold\" style=\"width:30%; font-weight:bold;\">Tipos de estudios<\/td>\n            <td colspan=\"1\" class=\"hoverable\" style=\"font-weight:bold;\">V\u00edas de acceso<\/td>\n        <\/tr>\n        <tr style=\"background-color:#f8f9fa;\">\n            <td class=\"hoverable fw-bold\" style=\"font-weight:bold;\">Bachillerato-LOGSE<\/td>\n            <td class=\"hoverable\">V\u00edas preferentes 1 (Cient\u00edfico-Tecnol\u00f3gico), 2 (Ciencias de la salud) y 3 (Ciencias sociales)<\/td>\n        <\/tr>\n        <tr style=\"background-color:#f8f9fa;\">\n            <td class=\"hoverable fw-bold\" style=\"font-weight:bold;\">Titulados<\/td>\n            <td class=\"hoverable\">Acceso como titulado desde cualquier titulaci\u00f3n universitaria<\/td>\n        <\/tr>\n        <tr style=\"background-color:#f8f9fa;\">\n            <td class=\"hoverable fw-bold\" style=\"font-weight:bold;\">Mayores de 25 a\u00f1os<\/td>\n            <td class=\"hoverable\">Superando la prueba PAM 25 de la ULL<\/td>\n        <\/tr>\n    <\/tbody>\n<\/table>\n\n\n\n<p>En cuanto al perfil del alumnado de ingreso, debe integrarse en el proyecto formativo que supone este t\u00edtulo de Grado con las siguientes actitudes y cualidades personales y acad\u00e9micas:<\/p>\n\n\n\n<ul class=\"wp-block-list\">\n<li>Motivado e interesado por el estudio de los sistemas econ\u00f3micos y su funcionamiento<\/li>\n\n\n\n<li>Dominio de los conocimientos adquiridos en el bachillerato LOGSE o estudios equivalentes<\/li>\n\n\n\n<li>Capacidad de estudio, comprensi\u00f3n, an\u00e1lisis y s\u00edntesis<\/li>\n\n\n\n<li>Capacidad para el razonamiento l\u00f3gico y abstracto<\/li>\n\n\n\n<li>Capacidad para el uso de herramientas de an\u00e1lisis de la realidad econ\u00f3mica<\/li>\n\n\n\n<li>Predisposici\u00f3n a la interacci\u00f3n interpersonal y grupal, al trabajo en equipo<\/li>\n\n\n\n<li>Creativo, innovador, organizador, met\u00f3dico y planificador<\/li>\n\n\n\n<li>Capacidad de adaptaci\u00f3n y superaci\u00f3n<\/li>\n\n\n\n<li>Entusiasmo y esp\u00edritu emprendedor<\/li>\n<\/ul>\n\n\n\n<p>En relaci\u00f3n con los perfiles profesionales de los economistas, entre los que se incluyen tanto los Graduados en ADE como los Graduados en Econom\u00eda, en el \u201cLibro Blanco sobre los Estudios de Econom\u00eda y Empresa\u201d, se identificaron, de un modo gen\u00e9rico, los perfiles recogidos en los siguientes cuadros:<\/p>\n\n\n\n<style>\n.hoverable {\n  transition: transform 0.3s, box-shadow 0.3s;\n  cursor: pointer;\n}\n.hoverable:hover {\n  transform: scale(1.02);\n  box-shadow: 0 0.5rem 1rem rgba(0,0,0,0.25);\n  \/* Mantiene el color de fondo original *\/\n}\n<\/style>\n<table\n    class=\"table table-bordered table-striped align-middle text-center shadow-sm rounded overflow-hidden table-hover-effect\"\n    style=\"border-collapse: separate; border-spacing: 0; box-shadow: 0 0.5rem 1rem rgba(0,0,0,0.15); border-radius:2rem; width:100%;\">\n    <tbody>\n        <tr style=\"background-color:#360060; color:#fff;\">\n            <td colspan=\"10\" class=\"hoverable fw-bold\" style=\"width:30%; border-top-left-radius: 1.5rem; border-top-right-radius: 1.5rem; font-weight:bold;\">Perfiles de demanda de los titulados en Econom\u00eda y Empresa<\/td>\n        <\/tr>\n        <tr style=\"background-color:#490a79; color:#fff;\">\n            <td colspan=\"1\" class=\"hoverable fw-bold\" style=\"width:30%; font-weight:bold;\">Licenciado en Administraci\u00f3n y Direcci\u00f3n de Empresas<\/td>\n            <td colspan=\"2\" class=\"hoverable\" style=\"font-weight:bold;\"> Ambas licenciaturas <\/td>\n            <td colspan=\"1\" class=\"hoverable\" style=\"font-weight:bold;\"> Licenciado en Econom\u00eda <\/td>\n        <\/tr>\n        <tr style=\"background-color:#f8f9fa;\">\n            <td class=\"hoverable fw-bold\" style=\"font-weight:bold;\">Ejercicio Libre<\/td>\n            <td class=\"hoverable\">Auditor\u00eda de Cuentas<br>Contabilidad<br>Financiero<br>Recursos Humanos<br>Contabilidad<br>Laboral y Seg. Social<br>Mercadotecnia<br>Administraci\u00f3n de sociedades<\/td>\n            <td class=\"hoverable\">Fiscal<br>Comercio Exterior<br>Asesor\u00eda y consultoria<br>Recursos Humanos<br>Contabilidad<br>Laboral y Seg. Social<br>Mercadotecnia<br>Administraci\u00f3n de sociedades<\/td>\n            <td class=\"hoverable\">Macroeconom\u00eda<\/td>\n        <\/tr>\n        <tr style=\"background-color:#f8f9fa;\">\n            <td class=\"hoverable fw-bold\" style=\"font-weight:bold;\">Empresa Privada y Sector Financiero<\/td>\n            <td class=\"hoverable\">Gerencia y Direcci\u00f3n Gral.<br>Administraci\u00f3n<br>Financiero y contable Auditor\u00eda<br>Comercial-Marketing<br>Personal<\/td>\n            <td class=\"hoverable\">Exterior<br>Riesgos sector financiero<br>Agencias y Sociedades de Valores<br>Productos Financieros<br>Inform\u00e1tica<\/td>\n            <td class=\"hoverable\">Servicios de Estudios<\/td>\n        <\/tr>\n    <\/tbody>\n<\/table>\n\n\n\n<p>Fuente: CONFEDE (2005), Libro Blanco sobre los Estudios de Econom\u00eda y Empresa<\/p>\n\n\n\n<style>\n    .hoverable {\n        transition: transform 0.3s, box-shadow 0.3s;\n        cursor: pointer;\n    }\n\n    .hoverable:hover {\n        transform: scale(1.02);\n        box-shadow: 0 0.5rem 1rem rgba(0, 0, 0, 0.25);\n        \/* Mantiene el color de fondo original *\/\n    }\n<\/style>\n\n<!-- Tabla general con estilo similar -->\n<table\n    class=\"table table-bordered table-striped align-middle text-center shadow-sm rounded overflow-hidden table-hover-effect\"\n    style=\"border-collapse: separate; border-spacing: 0; box-shadow: 0 0.5rem 1rem rgba(0,0,0,0.15); border-radius:2rem; width:100%;\">\n    <tbody>\n        <tr style=\"background-color:#360060; color:#fff;\">\n            <td colspan=\"10\" class=\"hoverable fw-bold\" style=\"width:30%; border-top-left-radius: 1.5rem; border-top-right-radius: 1.5rem; font-weight:bold;\">S\u00edntesis de perfiles profesionales seg\u00fan la demanda privada<\/td>\n        <\/tr>\n        <tr style=\"background-color:#490a79; color:#fff;\">\n            <td colspan=\"1\" class=\"hoverable fw-bold\" style=\"width:30%; font-weight:bold;\">Licenciado en Administraci\u00f3n y Direcci\u00f3n de Empresas<\/td>\n            <td colspan=\"1\" class=\"hoverable\" style=\"font-weight:bold;\"> Ambas licenciaturas <\/td>\n            <td colspan=\"1\" class=\"hoverable\" style=\"font-weight:bold;\"> Licenciado en Econom\u00eda <\/td>\n        <\/tr>\n        <tr style=\"background-color:#f8f9fa;\">\n            <td class=\"hoverable fw-bold\" style=\"font-weight:bold;\">Direcci\u00f3n General y Gesti\u00f3n Contabilidad y Auditor\u00eda<br>Finanzas<br>Comercializaci\u00f3n \u2013 Marketing Recursos Humanos \u2013 Laboral<\/td>\n            <td class=\"hoverable\">Fiscalidad<br>Sector Exterior<br>Sector Financiero<br>Asesor\u00eda y consultor\u00eda en otros temas: Urbanismo y Ordenaci\u00f3n del Territorio, Medio Ambiente, Sistemas Informaci\u00f3n<br>Actuaciones judiciales \u2013 forenses<br>Constituci\u00f3n, disoluci\u00f3n y adm\u00f3n. sociedades Gesti\u00f3n Patrimonios<\/td>\n            <td class=\"hoverable\">Macroeconom\u00eda<br>Servicios de Estudios<\/td>\n        <\/tr>\n    <\/tbody>\n<\/table>\n\n\n\n<p>Fuente: CONFEDE (2005), , Libro Blanco sobre los Estudios de Econom\u00eda y Empresa<\/p>\n\n\n\n<p>De un modo m\u00e1s concreto, los perfiles profesionales del Grado de Econom\u00eda se podr\u00edan agrupar en los siguientes bloques:<\/p>\n\n\n\n<ol class=\"wp-block-list\">\n<li>Servicios de estudios y planificaci\u00f3n e Institutos de estad\u00edstica y prospectiva<\/li>\n\n\n\n<li>Administraci\u00f3n p\u00fablica: T\u00e9cnicos de la Administraci\u00f3n Local y Auton\u00f3mica y T\u00e9cnicos comerciales y economistas del Estado y Seguridad Social<\/li>\n\n\n\n<li>Fiscalidad<\/li>\n\n\n\n<li>Organismos internacionales y comercio exterior<\/li>\n\n\n\n<li>Direcci\u00f3n o gerencia de empresas<\/li>\n\n\n\n<li>Consultor\u00eda econ\u00f3mica y de empresa (medio ambiente, fiscal, laboral, etc.)<\/li>\n\n\n\n<li>Administraci\u00f3n, direcci\u00f3n y gesti\u00f3n empresas e instituciones financieras<\/li>\n\n\n\n<li>Docencia e Investigaci\u00f3n<\/li>\n<\/ol>\n<\/div><\/div><\/div>\n<\/div><\/div>\n","protected":false},"excerpt":{"rendered":"<p>Profil d&#039;admission et de diplomation De mani\u00e8re g\u00e9n\u00e9rale, les informations utiles concernant l&#039;admission, l&#039;inscription et l&#039;int\u00e9gration des \u00e9tudiants souhaitant entreprendre des \u00e9tudes universitaires \u00e0 l&#039;Universit\u00e9 de La Laguna sont disponibles sur son site web. Pour la licence en sciences \u00e9conomiques, les parcours d&#039;admission suivants sont d\u00e9finis selon le type de\u2026<\/p>","protected":false},"author":1,"featured_media":0,"parent":252,"menu_order":1,"comment_status":"closed","ping_status":"closed","template":"templates\/template-frontpage.php","meta":{"footnotes":""},"class_list":["post-37","page","type-page","status-publish","hentry"],"_links":{"self":[{"href":"https:\/\/www.ull.es\/grados\/economia\/fr\/wp-json\/wp\/v2\/pages\/37","targetHints":{"allow":["GET"]}}],"collection":[{"href":"https:\/\/www.ull.es\/grados\/economia\/fr\/wp-json\/wp\/v2\/pages"}],"about":[{"href":"https:\/\/www.ull.es\/grados\/economia\/fr\/wp-json\/wp\/v2\/types\/page"}],"author":[{"embeddable":true,"href":"https:\/\/www.ull.es\/grados\/economia\/fr\/wp-json\/wp\/v2\/users\/1"}],"replies":[{"embeddable":true,"href":"https:\/\/www.ull.es\/grados\/economia\/fr\/wp-json\/wp\/v2\/comments?post=37"}],"version-history":[{"count":19,"href":"https:\/\/www.ull.es\/grados\/economia\/fr\/wp-json\/wp\/v2\/pages\/37\/revisions"}],"predecessor-version":[{"id":1083,"href":"https:\/\/www.ull.es\/grados\/economia\/fr\/wp-json\/wp\/v2\/pages\/37\/revisions\/1083"}],"up":[{"embeddable":true,"href":"https:\/\/www.ull.es\/grados\/economia\/fr\/wp-json\/wp\/v2\/pages\/252"}],"wp:attachment":[{"href":"https:\/\/www.ull.es\/grados\/economia\/fr\/wp-json\/wp\/v2\/media?parent=37"}],"curies":[{"name":"wp","href":"https:\/\/api.w.org\/{rel}","templated":true}]}}