{"id":38,"date":"2017-06-28T13:01:07","date_gmt":"2017-06-28T13:01:07","guid":{"rendered":"http:\/\/www.ull.es\/masteres\/desarrollo-y-gestion-de-recursos-humanos\/?page_id=38"},"modified":"2025-12-01T16:06:33","modified_gmt":"2025-12-01T16:06:33","slug":"competencias","status":"publish","type":"page","link":"https:\/\/www.ull.es\/grados\/economia\/fr\/plan-de-estudios\/competencias\/","title":{"rendered":"Comp\u00e9tences"},"content":{"rendered":"\n<div class=\"wp-block-stackable-columns alignfull stk-block-columns stk-block stk-8657999\" data-block-id=\"8657999\"><style>.stk-8657999 {padding-bottom:0px !important;margin-top:-30px !important;margin-bottom:0px !important;}@media screen and (max-width: 767px){.stk-8657999 {margin-top:-10% !important;}}<\/style><div class=\"stk-row stk-inner-blocks stk-block-content stk-content-align stk-8657999-column alignfull\">\n<div class=\"wp-block-stackable-column stk-block-column stk-column stk-block stk-914f03e\" data-v=\"4\" data-block-id=\"914f03e\"><div class=\"stk-column-wrapper stk-block-column__content stk-container stk-914f03e-container stk--no-background stk--no-padding\"><div class=\"stk-block-content stk-inner-blocks stk-914f03e-inner-blocks\"><style id=\"depicter-1-inline-pre-css\">\n\n.depicter-1:not(.depicter-ready){\n\theight:500px;\n}\n\n\/***** Tablet *****\/\n@media screen and (max-width: 1024px){\n\n.depicter-1:not(.depicter-ready){\n\theight:700px;\n}\n\n}\n\/***** Mobile *****\/\n@media screen and (max-width: 767px){\n\n.depicter-1:not(.depicter-ready){\n\theight:360px;\n}\n\n}\n<\/style>\n<div id=\"depicter-1\" class=\"depicter depicter-document depicter-revert depicter-1 depicter-layout-fullwidth\">\n\n<div class=\"depicter-loading-container depicter-loading dotFlashing-dark\"><div class=\"depicter-loading-dark depicter-dot-flashing\">\n   <span><\/span>\n   <span><\/span>\n   <span><\/span>\n<\/div>\n<\/div>\n<div id=\"depicter-1-section-1\" class=\"depicter-section depicter-1-section-1\" data-name=\"Section 1\" data-type=\"section\" data-local-id=\"section-1\">\n<picture class=\"depicter-bg\">\n<source data-depicter-srcset=\"https:\/\/www.ull.es\/grados\/economia\/wp-content\/uploads\/sites\/37\/2025\/04\/Slider_Economia-768x248.jpg, https:\/\/www.ull.es\/grados\/economia\/wp-content\/uploads\/sites\/37\/2025\/04\/Slider_Economia.jpg 2x\" srcset=\"data:image\/gif;base64,R0lGODlhAQABAIAAAAAAAP\/\/\/yH5BAEAAAAALAAAAAABAAEAAAIBRAA7\" media=\"(max-width: 1024px)\" \/>\n\n<source data-depicter-srcset=\"https:\/\/www.ull.es\/grados\/economia\/wp-content\/uploads\/sites\/37\/2025\/04\/Slider_Economia.jpg, https:\/\/www.ull.es\/grados\/economia\/wp-content\/uploads\/sites\/37\/2025\/04\/Slider_Economia-1920x620.jpg 2x\" srcset=\"data:image\/gif;base64,R0lGODlhAQABAIAAAAAAAP\/\/\/yH5BAEAAAAALAAAAAABAAEAAAIBRAA7\" media=\"(min-width: 1025px)\" \/>\n<img decoding=\"async\" src=\"data:image\/gif;base64,R0lGODlhAQABAIAAAAAAAP\/\/\/yH5BAEAAAAALAAAAAABAAEAAAIBRAA7\" data-ken-burns=\"false\" data-tablet-ken-burns=\"false\" data-mobile-ken-burns=\"false\" alt=\"\" data-depicter-src=\"https:\/\/www.ull.es\/grados\/economia\/wp-content\/uploads\/sites\/37\/2025\/04\/Slider_Economia.jpg\" data-object-fit=\"custom,custom,\" data-object-position=\"center top,,\" data-crop=\"{'focalPoint':{'x':0.5,'y':0.5},'mediaSize':{'width':1393.54838709677414954057894647121429443359375,'height':450}}\" data-tablet-crop=\"{'focalPoint':{'x':0.5,'y':0.5},'mediaSize':{'width':2167.7419354838712024502456188201904296875,'height':700.0000000000001136868377216160297393798828125}}\" data-mobile-crop=\"{'focalPoint':{'x':0.5,'y':0.5},'mediaSize':{'width':1114.8387096774195015314035117626190185546875,'height':360}}\" \/>\n<\/picture>\n\n\n<h1 id=\"depicter-1-element-5\" class=\"depicter-element depicter-layer depicter-1-element-5\" data-type=\"text\" data-wrap=\"true\" data-name=\"Text 2\" data-local-id=\"element-5\" data-offset=\"x:185px;y:201px;origin:tl\" data-tablet-offset=\"x:272px;y:321px;origin:tl\" data-mobile-offset=\"x:57px;y:-85px;origin:tl\" data-width=\"831px,480px,245px\" data-height=\"auto,auto,auto\" data-responsive-scale=\"true,,\">Grado en Econom\u00eda<\/h1>\n\n<div id=\"depicter-1-element-10\" class=\"depicter-element depicter-layer depicter-1-element-10\" data-type=\"shape\" data-wrap=\"true\" data-name=\"Shape 1\" data-local-id=\"element-10\" data-offset=\"x:185px;y:309px;origin:tl\" data-tablet-offset=\"x:278px;y:378px;origin:tl\" data-mobile-offset=\"x:63px;y:15px;origin:tl\" data-width=\"803px,465px,170px\" data-height=\"8px,8px,8px\" data-responsive-scale=\"true,,\"><\/div>\n<\/div>\n<\/div>\n<script>\n(window.depicterSetups = window.depicterSetups || []).push(function(){\n\tDepicter.basePath = 'https:\/\/www.ull.es\/grados\/economia\/wp-content\/plugins\/depicter\/resources\/scripts\/player\/';\n\tconst dpPlayer = Depicter.setup('.depicter-1',\n\t\t{\"width\":[\"1200\",\"1024\",\"360\"],\"height\":[\"500\",\"700\",\"360\"],\"view\":\"basic\",\"keepAspectRatio\":true,\"preload\":0,\"layout\":\"fullwidth\",\"rtl\":false,\"initAfterAppear\":false,\"ajaxApiUrl\":\"https:\\\/\\\/www.ull.es\\\/grados\\\/economia\\\/wp-admin\\\/admin-ajax.php\",\"mouseSwipe\":true,\"touchSwipe\":true,\"useWatermark\":false}\n\t);\n});\n<\/script><\/div><\/div><\/div>\n<\/div><\/div>\n\n\n\n<div class=\"wp-block-stackable-columns alignfull stk-block-columns stk--hide-mobile stk-block stk-ceecbdc stk-block-background\" data-block-id=\"ceecbdc\"><style>.stk-ceecbdc {background-color:#360060 !important;padding-top:35px !important;padding-right:0px !important;padding-bottom:2px !important;padding-left:0px !important;margin-top:-20px !important;margin-bottom:70px !important;}.stk-ceecbdc:before{background-color:#360060 !important;}<\/style><div class=\"stk-row stk-inner-blocks stk-block-content stk-content-align stk-ceecbdc-column alignfull\">\n<div class=\"wp-block-stackable-column stk-block-column stk-column stk-block stk-fc60a5d\" data-v=\"4\" data-block-id=\"fc60a5d\"><div class=\"stk-column-wrapper stk-block-column__content stk-container stk-fc60a5d-container stk--no-background stk--no-padding\"><div class=\"stk-block-content stk-inner-blocks stk-fc60a5d-inner-blocks\">\n<div class=\"wp-block-stackable-spacer stk-block-spacer stk--no-padding stk-block stk-a3a8a68\" data-block-id=\"a3a8a68\"><style>.stk-a3a8a68 {height:0px !important;}<\/style><\/div>\n<\/div><\/div><\/div>\n<\/div><\/div>\n\n\n\n<div class=\"wp-block-stackable-columns stk-block-columns stk-block stk-8b59b96\" data-block-id=\"8b59b96\"><style>.stk-8b59b96 .stk--block-align-8b59b96{align-items:flex-start !important;}.stk-8b59b96 {margin-top:25px !important;}.stk-8b59b96-column{--stk-columns-spacing:0px !important;--stk-column-gap:50px !important;}@media screen and (max-width: 767px){.stk-8b59b96-column{row-gap:var(--stk--preset--spacing--60, 2.25rem) !important;}}<\/style><div class=\"stk-row stk-inner-blocks stk--block-align-8b59b96 stk-block-content stk-content-align stk-8b59b96-column\">\n<div class=\"wp-block-stackable-column stk-block-column stk-column stk-block stk-dbb7e15\" data-v=\"4\" data-block-id=\"dbb7e15\"><div class=\"stk-column-wrapper stk-block-column__content stk-container stk-dbb7e15-container stk--no-background stk--no-padding\"><div class=\"stk-block-content stk-inner-blocks stk-dbb7e15-inner-blocks\">\n<div class=\"wp-block-stackable-heading stk-block-heading stk-block-heading--v2 stk-block stk-689c258\" id=\"competencias\" data-block-id=\"689c258\"><style>.stk-689c258 .stk-block-heading__text{color:#5c068c !important;}<\/style><h1 class=\"stk-block-heading__text has-text-color\">Competencias<\/h1><\/div>\n\n\n\n<p>La competencias que se desarrollan en el Grado de Econom\u00eda son las que menciona el \u201cLibro Blanco sobre los Estudios de Econom\u00eda y Empresa\u201d, en donde se se\u00f1ala que \u00abel graduado o graduada en econom\u00eda debe haber adquirido el car\u00e1cter de un experto, una persona pr\u00e1ctica, con habilidades claras, experimentada en su campo, que pueda abordar problemas de gesti\u00f3n con criterios profesionales y con el manejo de instrumentos t\u00e9cnicos.\u201d<\/p>\n\n\n\n<p>Por lo tanto, con el desarrollo de estas competencias, se considera que los\/as egresados\/as de la titulaci\u00f3n ser\u00e1n capaces de:<\/p>\n\n\n\n<ul class=\"wp-block-list\">\n<li>Contribuir a la buena gesti\u00f3n de la asignaci\u00f3n de recursos tanto en el \u00e1mbito privado como en el p\u00fablico.<\/li>\n\n\n\n<li>Identificar y anticipar problemas econ\u00f3micos relevantes en relaci\u00f3n con la asignaci\u00f3n de recursos en general, tanto en el \u00e1mbito privado como en el p\u00fablico.<\/li>\n\n\n\n<li>Aportar racionalidad al an\u00e1lisis y a la descripci\u00f3n de cualquier aspecto de la realidad econ\u00f3mica.<\/li>\n\n\n\n<li>Evaluar consecuencias de distintas alternativas de acci\u00f3n y seleccionar las mejores dados los objetivos.<\/li>\n\n\n\n<li>Emitir informes de asesoramiento sobre situaciones concretas de la econom\u00eda (internacional, nacional o regional) o de sectores de la misma.<\/li>\n\n\n\n<li>Redactar proyectos de gesti\u00f3n econ\u00f3mica a nivel internacional, nacional o regional.<\/li>\n\n\n\n<li>Integrarse en la gesti\u00f3n empresarial.<\/li>\n\n\n\n<li>Identificar las fuentes de informaci\u00f3n econ\u00f3mica relevante y su contenido<\/li>\n\n\n\n<li>Entender las instituciones econ\u00f3micas como resultado y aplicaci\u00f3n de representaciones te\u00f3ricas o formales acerca de c\u00f3mo funciona la econom\u00eda.<\/li>\n\n\n\n<li>Derivar de los datos informaci\u00f3n relevante imposible de reconocer por no profesionales.<\/li>\n\n\n\n<li>Usar habitualmente la tecnolog\u00eda de la informaci\u00f3n y las comunicaciones en todo su desempe\u00f1o profesional.<\/li>\n\n\n\n<li>Leer y comunicarse en el \u00e1mbito profesional en m\u00e1s de un idioma, en especial en ingl\u00e9s.<\/li>\n\n\n\n<li>Aplicar al an\u00e1lisis de los problemas criterios profesionales basados en el manejo instrumentos t\u00e9cnicos.<\/li>\n\n\n\n<li>Comunicarse con fluidez en su entorno y trabajar en equipo.<\/li>\n<\/ul>\n\n\n\n<p><a href=\"https:\/\/drive.google.com\/open?id=1C-GKg89pEriYl3fn1DR7zhVWJgX5AX7A\" target=\"_blank\" rel=\"noreferrer noopener\" target=\"_blank\" rel=\"noopener\">Tabla Competencias del Grado de Econom\u00eda<\/a><\/p>\n<\/div><\/div><\/div>\n<\/div><\/div>\n","protected":false},"excerpt":{"rendered":"<p>Comp\u00e9tences Les comp\u00e9tences d\u00e9velopp\u00e9es dans le cadre du dipl\u00f4me en \u00e9conomie sont celles mentionn\u00e9es dans le \u201c Livre blanc sur les \u00e9tudes \u00e9conomiques et commerciales \u201d, qui stipule que \u00ab le dipl\u00f4m\u00e9 en \u00e9conomie doit avoir acquis le caract\u00e8re d\u2019un expert, d\u2019une personne pragmatique, dot\u00e9e de comp\u00e9tences claires, exp\u00e9riment\u00e9e dans son domaine, qui\u2026 \u00bb<\/p>","protected":false},"author":1,"featured_media":0,"parent":270,"menu_order":1,"comment_status":"closed","ping_status":"closed","template":"templates\/template-frontpage.php","meta":{"footnotes":""},"class_list":["post-38","page","type-page","status-publish","hentry"],"_links":{"self":[{"href":"https:\/\/www.ull.es\/grados\/economia\/fr\/wp-json\/wp\/v2\/pages\/38","targetHints":{"allow":["GET"]}}],"collection":[{"href":"https:\/\/www.ull.es\/grados\/economia\/fr\/wp-json\/wp\/v2\/pages"}],"about":[{"href":"https:\/\/www.ull.es\/grados\/economia\/fr\/wp-json\/wp\/v2\/types\/page"}],"author":[{"embeddable":true,"href":"https:\/\/www.ull.es\/grados\/economia\/fr\/wp-json\/wp\/v2\/users\/1"}],"replies":[{"embeddable":true,"href":"https:\/\/www.ull.es\/grados\/economia\/fr\/wp-json\/wp\/v2\/comments?post=38"}],"version-history":[{"count":16,"href":"https:\/\/www.ull.es\/grados\/economia\/fr\/wp-json\/wp\/v2\/pages\/38\/revisions"}],"predecessor-version":[{"id":1105,"href":"https:\/\/www.ull.es\/grados\/economia\/fr\/wp-json\/wp\/v2\/pages\/38\/revisions\/1105"}],"up":[{"embeddable":true,"href":"https:\/\/www.ull.es\/grados\/economia\/fr\/wp-json\/wp\/v2\/pages\/270"}],"wp:attachment":[{"href":"https:\/\/www.ull.es\/grados\/economia\/fr\/wp-json\/wp\/v2\/media?parent=38"}],"curies":[{"name":"wp","href":"https:\/\/api.w.org\/{rel}","templated":true}]}}