{"id":37,"date":"2017-06-28T12:58:45","date_gmt":"2017-06-28T12:58:45","guid":{"rendered":"http:\/\/www.ull.es\/masteres\/desarrollo-y-gestion-de-recursos-humanos\/?page_id=30"},"modified":"2025-11-14T07:57:42","modified_gmt":"2025-11-14T07:57:42","slug":"perfil-de-ingreso-y-egreso","status":"publish","type":"page","link":"https:\/\/www.ull.es\/grados\/enfermeria\/fr\/informacion-academica\/perfil-de-ingreso-y-egreso\/","title":{"rendered":"Profil d&#039;admission et de sortie"},"content":{"rendered":"\n<div class=\"wp-block-stackable-columns alignfull stk-block-columns stk-block stk-8657999\" data-block-id=\"8657999\"><style>.stk-8657999 {padding-bottom:0px !important;margin-top:-30px !important;margin-bottom:0px !important;}@media screen and (max-width: 767px){.stk-8657999 {margin-top:-10% !important;}}<\/style><div class=\"stk-row stk-inner-blocks stk-block-content stk-content-align stk-8657999-column alignfull\">\n<div class=\"wp-block-stackable-column stk-block-column stk-column stk-block stk-914f03e\" data-v=\"4\" data-block-id=\"914f03e\"><div class=\"stk-column-wrapper stk-block-column__content stk-container stk-914f03e-container stk--no-background stk--no-padding\"><div class=\"stk-block-content stk-inner-blocks stk-914f03e-inner-blocks\"><style id=\"depicter-1-inline-pre-css\">\n\n.depicter-1:not(.depicter-ready){\n\theight:500px;\n}\n\n\/***** Tablet *****\/\n@media screen and (max-width: 1024px){\n\n.depicter-1:not(.depicter-ready){\n\theight:700px;\n}\n\n}\n\/***** Mobile *****\/\n@media screen and (max-width: 767px){\n\n.depicter-1:not(.depicter-ready){\n\theight:360px;\n}\n\n}\n<\/style>\n<div id=\"depicter-1\" class=\"depicter depicter-document depicter-revert depicter-1 depicter-layout-fullwidth\">\n\n<div class=\"depicter-loading-container depicter-loading dotFlashing-dark\"><div class=\"depicter-loading-dark depicter-dot-flashing\">\n   <span><\/span>\n   <span><\/span>\n   <span><\/span>\n<\/div>\n<\/div>\n<div id=\"depicter-1-section-1\" class=\"depicter-section depicter-1-section-1\" data-name=\"Section 1\" data-type=\"section\" data-local-id=\"section-1\">\n<picture class=\"depicter-bg\">\n<source data-depicter-srcset=\"https:\/\/www.ull.es\/grados\/enfermeria\/wp-content\/uploads\/sites\/27\/2025\/03\/Slider_Enfermeria-768x248.jpg, https:\/\/www.ull.es\/grados\/enfermeria\/wp-content\/uploads\/sites\/27\/2025\/03\/Slider_Enfermeria.jpg 2x\" srcset=\"data:image\/gif;base64,R0lGODlhAQABAIAAAAAAAP\/\/\/yH5BAEAAAAALAAAAAABAAEAAAIBRAA7\" media=\"(max-width: 1024px)\" \/>\n\n<source data-depicter-srcset=\"https:\/\/www.ull.es\/grados\/enfermeria\/wp-content\/uploads\/sites\/27\/2025\/03\/Slider_Enfermeria.jpg, https:\/\/www.ull.es\/grados\/enfermeria\/wp-content\/uploads\/sites\/27\/2025\/03\/Slider_Enfermeria-1920x620.jpg 2x\" srcset=\"data:image\/gif;base64,R0lGODlhAQABAIAAAAAAAP\/\/\/yH5BAEAAAAALAAAAAABAAEAAAIBRAA7\" media=\"(min-width: 1025px)\" \/>\n<img decoding=\"async\" src=\"data:image\/gif;base64,R0lGODlhAQABAIAAAAAAAP\/\/\/yH5BAEAAAAALAAAAAABAAEAAAIBRAA7\" data-ken-burns=\"false\" data-tablet-ken-burns=\"false\" data-mobile-ken-burns=\"false\" alt=\"\" data-depicter-src=\"https:\/\/www.ull.es\/grados\/enfermeria\/wp-content\/uploads\/sites\/27\/2025\/03\/Slider_Enfermeria.jpg\" data-object-fit=\"custom,custom,\" data-object-position=\"center top,,\" data-crop=\"{'focalPoint':{'x':0.5,'y':0.5},'mediaSize':{'width':1393.54838709677414954057894647121429443359375,'height':450}}\" data-tablet-crop=\"{'focalPoint':{'x':0.5,'y':0.5},'mediaSize':{'width':2167.7419354838712024502456188201904296875,'height':700.0000000000001136868377216160297393798828125}}\" data-mobile-crop=\"{'focalPoint':{'x':0.5,'y':0.5},'mediaSize':{'width':1114.8387096774195015314035117626190185546875,'height':360}}\" \/>\n<\/picture>\n\n\n<h1 id=\"depicter-1-element-5\" class=\"depicter-element depicter-layer depicter-1-element-5\" data-type=\"text\" data-wrap=\"true\" data-name=\"Text 2\" data-local-id=\"element-5\" data-offset=\"x:166px;y:201px;origin:tl\" data-tablet-offset=\"x:255px;y:321px;origin:tl\" data-mobile-offset=\"x:6px;y:-136px;origin:tl\" data-width=\"868px,514px,348px\" data-height=\"auto,auto,auto\" data-responsive-scale=\"true,,\">Grado en Enfermer\u00eda<\/h1>\n\n<div id=\"depicter-1-element-10\" class=\"depicter-element depicter-layer depicter-1-element-10\" data-type=\"shape\" data-wrap=\"true\" data-name=\"Shape 1\" data-local-id=\"element-10\" data-offset=\"x:166px;y:299px;origin:tl\" data-tablet-offset=\"x:255px;y:378px;origin:tl\" data-mobile-offset=\"x:43px;y:0px;origin:tl\" data-width=\"853px,498px,216px\" data-height=\"8px,8px,8px\" data-responsive-scale=\"true,,\"><\/div>\n<\/div>\n<\/div>\n<script>\n(window.depicterSetups = window.depicterSetups || []).push(function(){\n\tDepicter.basePath = 'https:\/\/www.ull.es\/grados\/enfermeria\/wp-content\/plugins\/depicter\/resources\/scripts\/player\/';\n\tconst dpPlayer = Depicter.setup('.depicter-1',\n\t\t{\"width\":[\"1200\",\"1024\",\"360\"],\"height\":[\"500\",\"700\",\"360\"],\"view\":\"basic\",\"keepAspectRatio\":true,\"preload\":0,\"layout\":\"fullwidth\",\"rtl\":false,\"initAfterAppear\":false,\"ajaxApiUrl\":\"https:\\\/\\\/www.ull.es\\\/grados\\\/enfermeria\\\/wp-admin\\\/admin-ajax.php\",\"mouseSwipe\":true,\"touchSwipe\":true,\"useWatermark\":false}\n\t);\n});\n<\/script><\/div><\/div><\/div>\n<\/div><\/div>\n\n\n\n<div class=\"wp-block-stackable-columns alignfull stk-block-columns stk--hide-mobile stk-block stk-ceecbdc stk-block-background\" data-block-id=\"ceecbdc\"><style>.stk-ceecbdc {background-color:#360060 !important;padding-top:35px !important;padding-right:0px !important;padding-bottom:2px !important;padding-left:0px !important;margin-top:-20px !important;margin-bottom:70px !important;}.stk-ceecbdc:before{background-color:#360060 !important;}<\/style><div class=\"stk-row stk-inner-blocks stk-block-content stk-content-align stk-ceecbdc-column alignfull\">\n<div class=\"wp-block-stackable-column stk-block-column stk-column stk-block stk-fc60a5d\" data-v=\"4\" data-block-id=\"fc60a5d\"><div class=\"stk-column-wrapper stk-block-column__content stk-container stk-fc60a5d-container stk--no-background stk--no-padding\"><div class=\"stk-block-content stk-inner-blocks stk-fc60a5d-inner-blocks\">\n<div class=\"wp-block-stackable-spacer stk-block-spacer stk--no-padding stk-block stk-a3a8a68\" data-block-id=\"a3a8a68\"><style>.stk-a3a8a68 {height:0px !important;}<\/style><\/div>\n<\/div><\/div><\/div>\n<\/div><\/div>\n\n\n\n<div class=\"wp-block-stackable-columns alignwide stk-block-columns stk-block stk-3627255\" data-block-id=\"3627255\"><style>.stk-3627255 {padding-right:16% !important;padding-left:16% !important;margin-bottom:18px !important;}<\/style><div class=\"stk-row stk-inner-blocks stk-block-content stk-content-align stk-3627255-column alignwide\">\n<div class=\"wp-block-stackable-column stk-block-column stk-column stk-block stk-81e665a\" data-v=\"4\" data-block-id=\"81e665a\"><div class=\"stk-column-wrapper stk-block-column__content stk-container stk-81e665a-container stk--no-background stk--no-padding\"><div class=\"stk-block-content stk-inner-blocks stk-81e665a-inner-blocks\">\n<div class=\"wp-block-stackable-heading stk-block-heading stk-block-heading--v2 stk-block stk-97878e6\" id=\"perfil-de-ingreso-y-egreso\" data-block-id=\"97878e6\"><style>.stk-97878e6 .stk-block-heading__text{color:#5c068c !important;}<\/style><h1 class=\"stk-block-heading__text has-text-color\">Perfil de ingreso y egreso<\/h1><\/div>\n\n\n\n<div class=\"wp-block-stackable-heading stk-block-heading stk-block-heading--v2 stk-block stk-c1637bd\" id=\"perfil-de-ingreso-recomendado\" data-block-id=\"c1637bd\"><style>.stk-c1637bd .stk-block-heading__text{color:#5c068c !important;}<\/style><h2 class=\"stk-block-heading__text has-text-color\">Perfil de ingreso recomendado<\/h2><\/div>\n\n\n\n<p>En cuanto al perfil de acceso recomendado, aunque no se exige ninguna formaci\u00f3n previa espec\u00edfica, para el ingreso en el Grado en Enfermer\u00eda se recomienda que la formaci\u00f3n del alumno sea de perfil cient\u00edfico-tecnol\u00f3gico (RD. 1467\/2007, BOE del 6 de noviembre, por el que se establece la estructura del bachillerato y se fijan sus ense\u00f1anzas m\u00ednimas). Dentro de ese perfil, adem\u00e1s resulta recomendable que posea, entre otras, las siguientes cualidades:<\/p>\n\n\n\n<ul class=\"wp-block-list\">\n<li>Vocaci\u00f3n.<\/li>\n\n\n\n<li>Capacidad de an\u00e1lisis y s\u00edntesis.<\/li>\n\n\n\n<li>Disciplina de estudio.<\/li>\n\n\n\n<li>Capacidad para las relaciones interpersonales.<\/li>\n\n\n\n<li>Tacto y delicadeza.<\/li>\n\n\n\n<li>Responsabilidad, dedicaci\u00f3n y equilibrio personal.<\/li>\n\n\n\n<li>Capacidad de observaci\u00f3n, atenci\u00f3n y de escucha.<\/li>\n\n\n\n<li>Destreza manual.<\/li>\n\n\n\n<li>Capacidad de innovaci\u00f3n.<\/li>\n<\/ul>\n\n\n\n<div class=\"wp-block-stackable-divider stk-block-divider stk-block stk-9cf9731\" data-block-id=\"9cf9731\"><style>.stk-9cf9731 hr.stk-block-divider__hr{width:100% !important;}<\/style><hr class=\"stk-block-divider__hr\"\/><\/div>\n\n\n\n<div class=\"wp-block-stackable-heading stk-block-heading stk-block-heading--v2 stk-block stk-ed628e4\" id=\"perfil-de-egreso\" data-block-id=\"ed628e4\"><style>.stk-ed628e4 .stk-block-heading__text{color:#5c068c !important;}<\/style><h2 class=\"stk-block-heading__text has-text-color\">Perfil de egreso<\/h2><\/div>\n\n\n\n<p>En t\u00e9rminos gen\u00e9ricos, se pretende que el t\u00edtulo de Grado en Enfermer\u00eda, forme enfermeras\/os generalistas con preparaci\u00f3n cient\u00edfica y humana y capacitaci\u00f3n suficientes para valorar, identificar, actuar y evaluar las necesidades de salud y de cuidados de las personas sanas o enfermas, de las familias y de la comunidad. Los fen\u00f3menos que conciernen particularmente a las enfermeras\/os son las respuestas a problemas de salud reales o potenciales de las personas, familias o grupos. Estas respuestas humanas abarcan de forma gen\u00e9rica, desde las necesidades de salud, hasta la recuperaci\u00f3n de la enfermedad.<\/p>\n\n\n\n<p>As\u00ed pues, la funci\u00f3n de la enfermera\/o al cuidar de las personas sanas o enfermas, es la de evaluar sus respuestas a su estado de salud y de ayudarlas a la realizaci\u00f3n de aquellas actividades que contribuyan a su salud, a su restablecimiento o a una muerte digna, ayud\u00e1ndoles si es factible, a recuperar lo m\u00e1s pronto posible su independencia. Dentro del entorno del sistema de salud, la enfermera\/o comparte con otros profesionales sanitarios las funciones de planificaci\u00f3n, organizaci\u00f3n, direcci\u00f3n y evaluaci\u00f3n para garantizar un sistema de salud adecuado para el desarrollo de las potencialidades de las personas en distintas situaciones de su vida cotidiana, la promoci\u00f3n de la salud, la prevenci\u00f3n de enfermedades y los cuidados de las personas enfermas o incapacitadas.<\/p>\n\n\n\n<p>Por tanto, los estudios del t\u00edtulo de Grado en Enfermer\u00eda van encaminados a que los futuros titulados:<\/p>\n\n\n\n<ul class=\"wp-block-list\">\n<li>Adquieran conocimientos amplios de la ciencia enfermera, las ciencias de la salud, humanas y sociales para dar respuesta a las necesidades y expectativas de la salud de las personas, familias, grupos y comunidad.<\/li>\n\n\n\n<li>Desarrollen habilidades para la aplicaci\u00f3n de procedimientos de los cuidados enfermeros y gu\u00edas cl\u00ednicas.<\/li>\n\n\n\n<li>Desarrollen la capacidad de establecer relaciones positivas con las personas asignadas a su cuidado.<\/li>\n\n\n\n<li>Utilicen la metodolog\u00eda cient\u00edfica en sus intervenciones.<\/li>\n\n\n\n<li>Adquieran los instrumentos necesarios para desarrollar una actitud cr\u00edtica y reflexiva.<\/li>\n<\/ul>\n<\/div><\/div><\/div>\n<\/div><\/div>\n","protected":false},"excerpt":{"rendered":"<p>Profil d&#039;admission et de sortie Profil d&#039;admission recommand\u00e9 Concernant le profil d&#039;admission recommand\u00e9, bien qu&#039;aucune formation pr\u00e9alable sp\u00e9cifique ne soit exig\u00e9e, pour l&#039;admission au Bachelor en sciences infirmi\u00e8res, il est recommand\u00e9 que la formation de l&#039;\u00e9tudiant soit de profil scientifique ou technologique (RD. 1467\/2007, BOE du 6 novembre, qui \u00e9tablit\u2026<\/p>","protected":false},"author":1,"featured_media":0,"parent":252,"menu_order":1,"comment_status":"closed","ping_status":"closed","template":"templates\/template-frontpage.php","meta":{"footnotes":""},"class_list":["post-37","page","type-page","status-publish","hentry"],"_links":{"self":[{"href":"https:\/\/www.ull.es\/grados\/enfermeria\/fr\/wp-json\/wp\/v2\/pages\/37","targetHints":{"allow":["GET"]}}],"collection":[{"href":"https:\/\/www.ull.es\/grados\/enfermeria\/fr\/wp-json\/wp\/v2\/pages"}],"about":[{"href":"https:\/\/www.ull.es\/grados\/enfermeria\/fr\/wp-json\/wp\/v2\/types\/page"}],"author":[{"embeddable":true,"href":"https:\/\/www.ull.es\/grados\/enfermeria\/fr\/wp-json\/wp\/v2\/users\/1"}],"replies":[{"embeddable":true,"href":"https:\/\/www.ull.es\/grados\/enfermeria\/fr\/wp-json\/wp\/v2\/comments?post=37"}],"version-history":[{"count":10,"href":"https:\/\/www.ull.es\/grados\/enfermeria\/fr\/wp-json\/wp\/v2\/pages\/37\/revisions"}],"predecessor-version":[{"id":1237,"href":"https:\/\/www.ull.es\/grados\/enfermeria\/fr\/wp-json\/wp\/v2\/pages\/37\/revisions\/1237"}],"up":[{"embeddable":true,"href":"https:\/\/www.ull.es\/grados\/enfermeria\/fr\/wp-json\/wp\/v2\/pages\/252"}],"wp:attachment":[{"href":"https:\/\/www.ull.es\/grados\/enfermeria\/fr\/wp-json\/wp\/v2\/media?parent=37"}],"curies":[{"name":"wp","href":"https:\/\/api.w.org\/{rel}","templated":true}]}}