{"id":32,"date":"2017-06-28T12:47:36","date_gmt":"2017-06-28T12:47:36","guid":{"rendered":"http:\/\/www.ull.es\/masteres\/desarrollo-y-gestion-de-recursos-humanos\/?page_id=18"},"modified":"2025-11-14T08:19:57","modified_gmt":"2025-11-14T08:19:57","slug":"apoyo-y-orientacion","status":"publish","type":"page","link":"https:\/\/www.ull.es\/grados\/enfermeria\/informacion-academica\/apoyo-y-orientacion\/","title":{"rendered":"Apoyo y orientaci\u00f3n"},"content":{"rendered":"\n<div class=\"wp-block-stackable-columns alignfull stk-block-columns stk-block stk-8657999\" data-block-id=\"8657999\"><style>.stk-8657999 {padding-bottom:0px !important;margin-top:-30px !important;margin-bottom:0px !important;}@media screen and (max-width: 767px){.stk-8657999 {margin-top:-10% !important;}}<\/style><div class=\"stk-row stk-inner-blocks stk-block-content stk-content-align stk-8657999-column alignfull\">\n<div class=\"wp-block-stackable-column stk-block-column stk-column stk-block stk-914f03e\" data-v=\"4\" data-block-id=\"914f03e\"><div class=\"stk-column-wrapper stk-block-column__content stk-container stk-914f03e-container stk--no-background stk--no-padding\"><div class=\"stk-block-content stk-inner-blocks stk-914f03e-inner-blocks\"><style id=\"depicter-1-inline-pre-css\">\n\n.depicter-1:not(.depicter-ready){\n\theight:500px;\n}\n\n\/***** Tablet *****\/\n@media screen and (max-width: 1024px){\n\n.depicter-1:not(.depicter-ready){\n\theight:700px;\n}\n\n}\n\/***** Mobile *****\/\n@media screen and (max-width: 767px){\n\n.depicter-1:not(.depicter-ready){\n\theight:360px;\n}\n\n}\n<\/style>\n<div id=\"depicter-1\" class=\"depicter depicter-document depicter-revert depicter-1 depicter-layout-fullwidth\">\n\n<div class=\"depicter-loading-container depicter-loading dotFlashing-dark\"><div class=\"depicter-loading-dark depicter-dot-flashing\">\n   <span><\/span>\n   <span><\/span>\n   <span><\/span>\n<\/div>\n<\/div>\n<div id=\"depicter-1-section-1\" class=\"depicter-section depicter-1-section-1\" data-name=\"Section 1\" data-type=\"section\" data-local-id=\"section-1\">\n<picture class=\"depicter-bg\">\n<source data-depicter-srcset=\"https:\/\/www.ull.es\/grados\/enfermeria\/wp-content\/uploads\/sites\/27\/2025\/03\/Slider_Enfermeria-768x248.jpg, https:\/\/www.ull.es\/grados\/enfermeria\/wp-content\/uploads\/sites\/27\/2025\/03\/Slider_Enfermeria.jpg 2x\" srcset=\"data:image\/gif;base64,R0lGODlhAQABAIAAAAAAAP\/\/\/yH5BAEAAAAALAAAAAABAAEAAAIBRAA7\" media=\"(max-width: 1024px)\" \/>\n\n<source data-depicter-srcset=\"https:\/\/www.ull.es\/grados\/enfermeria\/wp-content\/uploads\/sites\/27\/2025\/03\/Slider_Enfermeria.jpg, https:\/\/www.ull.es\/grados\/enfermeria\/wp-content\/uploads\/sites\/27\/2025\/03\/Slider_Enfermeria-1920x620.jpg 2x\" srcset=\"data:image\/gif;base64,R0lGODlhAQABAIAAAAAAAP\/\/\/yH5BAEAAAAALAAAAAABAAEAAAIBRAA7\" media=\"(min-width: 1025px)\" \/>\n<img decoding=\"async\" src=\"data:image\/gif;base64,R0lGODlhAQABAIAAAAAAAP\/\/\/yH5BAEAAAAALAAAAAABAAEAAAIBRAA7\" data-ken-burns=\"false\" data-tablet-ken-burns=\"false\" data-mobile-ken-burns=\"false\" alt=\"\" data-depicter-src=\"https:\/\/www.ull.es\/grados\/enfermeria\/wp-content\/uploads\/sites\/27\/2025\/03\/Slider_Enfermeria.jpg\" data-object-fit=\"custom,custom,\" data-object-position=\"center top,,\" data-crop=\"{'focalPoint':{'x':0.5,'y':0.5},'mediaSize':{'width':1393.54838709677414954057894647121429443359375,'height':450}}\" data-tablet-crop=\"{'focalPoint':{'x':0.5,'y':0.5},'mediaSize':{'width':2167.7419354838712024502456188201904296875,'height':700.0000000000001136868377216160297393798828125}}\" data-mobile-crop=\"{'focalPoint':{'x':0.5,'y':0.5},'mediaSize':{'width':1114.8387096774195015314035117626190185546875,'height':360}}\" \/>\n<\/picture>\n\n\n<h1 id=\"depicter-1-element-5\" class=\"depicter-element depicter-layer depicter-1-element-5\" data-type=\"text\" data-wrap=\"true\" data-name=\"Text 2\" data-local-id=\"element-5\" data-offset=\"x:166px;y:201px;origin:tl\" data-tablet-offset=\"x:255px;y:321px;origin:tl\" data-mobile-offset=\"x:6px;y:-136px;origin:tl\" data-width=\"868px,514px,348px\" data-height=\"auto,auto,auto\" data-responsive-scale=\"true,,\">Grado en Enfermer\u00eda<\/h1>\n\n<div id=\"depicter-1-element-10\" class=\"depicter-element depicter-layer depicter-1-element-10\" data-type=\"shape\" data-wrap=\"true\" data-name=\"Shape 1\" data-local-id=\"element-10\" data-offset=\"x:166px;y:299px;origin:tl\" data-tablet-offset=\"x:255px;y:378px;origin:tl\" data-mobile-offset=\"x:43px;y:0px;origin:tl\" data-width=\"853px,498px,216px\" data-height=\"8px,8px,8px\" data-responsive-scale=\"true,,\"><\/div>\n<\/div>\n<\/div>\n<script>\n(window.depicterSetups = window.depicterSetups || []).push(function(){\n\tDepicter.basePath = 'https:\/\/www.ull.es\/grados\/enfermeria\/wp-content\/plugins\/depicter\/resources\/scripts\/player\/';\n\tconst dpPlayer = Depicter.setup('.depicter-1',\n\t\t{\"width\":[\"1200\",\"1024\",\"360\"],\"height\":[\"500\",\"700\",\"360\"],\"view\":\"basic\",\"keepAspectRatio\":true,\"preload\":0,\"layout\":\"fullwidth\",\"rtl\":false,\"initAfterAppear\":false,\"ajaxApiUrl\":\"https:\\\/\\\/www.ull.es\\\/grados\\\/enfermeria\\\/wp-admin\\\/admin-ajax.php\",\"mouseSwipe\":true,\"touchSwipe\":true,\"useWatermark\":false}\n\t);\n});\n<\/script><\/div><\/div><\/div>\n<\/div><\/div>\n\n\n\n<div class=\"wp-block-stackable-columns alignfull stk-block-columns stk--hide-mobile stk-block stk-ceecbdc stk-block-background\" data-block-id=\"ceecbdc\"><style>.stk-ceecbdc {background-color:#360060 !important;padding-top:35px !important;padding-right:0px !important;padding-bottom:2px !important;padding-left:0px !important;margin-top:-20px !important;margin-bottom:70px !important;}.stk-ceecbdc:before{background-color:#360060 !important;}<\/style><div class=\"stk-row stk-inner-blocks stk-block-content stk-content-align stk-ceecbdc-column alignfull\">\n<div class=\"wp-block-stackable-column stk-block-column stk-column stk-block stk-fc60a5d\" data-v=\"4\" data-block-id=\"fc60a5d\"><div class=\"stk-column-wrapper stk-block-column__content stk-container stk-fc60a5d-container stk--no-background stk--no-padding\"><div class=\"stk-block-content stk-inner-blocks stk-fc60a5d-inner-blocks\">\n<div class=\"wp-block-stackable-spacer stk-block-spacer stk--no-padding stk-block stk-a3a8a68\" data-block-id=\"a3a8a68\"><style>.stk-a3a8a68 {height:0px !important;}<\/style><\/div>\n<\/div><\/div><\/div>\n<\/div><\/div>\n\n\n\n<div class=\"wp-block-stackable-columns stk-block-columns stk-block stk-8b59b96\" data-block-id=\"8b59b96\"><style>.stk-8b59b96 .stk--block-align-8b59b96{align-items:flex-start !important;}.stk-8b59b96 {margin-top:25px !important;}.stk-8b59b96-column{--stk-columns-spacing:0px !important;--stk-column-gap:50px !important;}@media screen and (max-width: 767px){.stk-8b59b96-column{row-gap:var(--stk--preset--spacing--60, 2.25rem) !important;}}<\/style><div class=\"stk-row stk-inner-blocks stk--block-align-8b59b96 stk-block-content stk-content-align stk-8b59b96-column\">\n<div class=\"wp-block-stackable-column stk-block-column stk-column stk-block stk-dbb7e15\" data-v=\"4\" data-block-id=\"dbb7e15\"><div class=\"stk-column-wrapper stk-block-column__content stk-container stk-dbb7e15-container stk--no-background stk--no-padding\"><div class=\"stk-block-content stk-inner-blocks stk-dbb7e15-inner-blocks\">\n<div class=\"wp-block-stackable-heading stk-block-heading stk-block-heading--v2 stk-block stk-689c258\" id=\"apoyo-y-orientacion\" data-block-id=\"689c258\"><style>.stk-689c258 .stk-block-heading__text{color:#5c068c !important;}<\/style><h1 class=\"stk-block-heading__text has-text-color\">Apoyo y orientaci\u00f3n<\/h1><\/div>\n\n\n\n<p>Los centros de la ULL ponen en marcha, cada curso acad\u00e9mico, los Planes de Orientaci\u00f3n y Acci\u00f3n Tutorial (POAT) a desarrollar en sus titulaciones para proporcionar a los estudiantes sistemas de apoyo y orientaci\u00f3n una vez matriculados.<\/p>\n\n\n\n<p>Las actividades formativas, incluidas en el POAT, abordan diversas tem\u00e1ticas a trav\u00e9s de las que pretende facilitar al alumnado su toma de decisiones acad\u00e9mico-profesional en sus diferentes etapas (acogida e integraci\u00f3n en el centro y la universidad, orientaci\u00f3n a lo largo de la titulaci\u00f3n y para su incorporaci\u00f3n al mercado laboral), que le permita superar con \u00e9xito la titulaci\u00f3n y adaptarse a las nuevas demandas: estrategias de aprendizaje aut\u00f3nomo, trabajo en equipo, mejora de resultados de rendimiento acad\u00e9mico, resoluci\u00f3n de dificultades, informaci\u00f3n y asesoramiento sobre pr\u00e1cticas externas y trabajo fin de grado, orientaci\u00f3n sobre los programas de movilidad existentes, exigencias y caracter\u00edsticas del mercado laboral, etc.<\/p>\n\n\n\n<p>Al estar matriculado en la ULL el alumnado de la titulaci\u00f3n puede participar en el POAT de su centro, benefici\u00e1ndose de:<\/p>\n\n\n\n<ul class=\"wp-block-list\">\n<li>Las actividades de formaci\u00f3n e informaci\u00f3n proporcionadas a lo largo de la titulaci\u00f3n.<\/li>\n\n\n\n<li>El asesoramiento del profesorado-tutor, que le apoyar\u00e1 en sus inquietudes intelectuales, acad\u00e9micas y profesionales.<\/li>\n\n\n\n<li>Su reconocimiento en cr\u00e9ditos ECTS \u2013 1 por curso acad\u00e9mico-, tal y como se recoge en el Reglamento de Reconocimiento de Cr\u00e9ditos por Participaci\u00f3n en Actividades Universitarias en Ense\u00f1anzas Oficiales de Grado.<\/li>\n<\/ul>\n\n\n\n<p><strong>Organizaci\u00f3n del POAT<\/strong><\/p>\n\n\n\n<p>En la planificaci\u00f3n del POAT se incluyen distintas sesiones grupales para ser desarrolladas con el alumnado de los diferentes cursos<\/p>\n\n\n\n<ul class=\"wp-block-list\">\n<li>Acciones en la fase de acogida: alumnos de primer curso<\/li>\n\n\n\n<li>Acciones en la fase de seguimiento<\/li>\n\n\n\n<li>Acciones en la fase de culminaci\u00f3n de estudios<\/li>\n\n\n\n<li>Adem\u00e1s, se planifican reuniones de cada profesor-tutor con su grupo de alumnos.<\/li>\n<\/ul>\n\n\n\n<p>Para la realizaci\u00f3n de las sesiones grupales se cuenta con la participaci\u00f3n de profesorado de la Facultad de Ciencias y de diferentes Servicios y Unidades de la ULL: Servicio de Informaci\u00f3n y Orientaci\u00f3n (SIO), Servicio de Tecnolog\u00edas de la Informaci\u00f3n y la Comunicaci\u00f3n (STIC), Vicerrectorado de Internalizaci\u00f3n, \u00c1reas de formaci\u00f3n y de Empleo de la FGULL, entre otros.<\/p>\n\n\n\n<p>El desarrollo de las actividades para todos los cursos se lleva a cabo seg\u00fan lo planificado al comienzo de curso. Dichas actividades se reparten entre los dos cuatrimestres en las fechas y horarios establecidos en el horario semanal.<\/p>\n\n\n\n<ul class=\"wp-block-list\">\n<li><a href=\"https:\/\/drive.google.com\/file\/d\/1Ec_zqwpEeYmoz8mNHvhllYCn9dOO-WDT\/view?usp=sharing\" target=\"_blank\" rel=\"noreferrer noopener\" target=\"_blank\" rel=\"noopener\">POAT de Enfermer\u00eda 2021-2022<\/a><\/li>\n<\/ul>\n\n\n\n<p><strong>Normativa<\/strong><\/p>\n\n\n\n<ul class=\"wp-block-list\">\n<li><a href=\"https:\/\/drive.google.com\/file\/d\/0Bxi8Rp1_THQzSGpfbXdrRDZkU00\/view\" target=\"_blank\" rel=\"noreferrer noopener\" target=\"_blank\" rel=\"noopener\">Directrices para la elaboraci\u00f3n, aprobaci\u00f3n, implantaci\u00f3n y consolidaci\u00f3n de los Planes de Orientaci\u00f3n y Acci\u00f3n Tutorial (POAT) de los Centros ULL y sus escuelas adscritas<\/a><\/li>\n\n\n\n<li><a href=\"https:\/\/drive.google.com\/file\/d\/1A7KsXZx0wN_ogokGaZmnQps9n_y1BBvk\/view\" target=\"_blank\" rel=\"noreferrer noopener\" target=\"_blank\" rel=\"noopener\">Reglamento de Reconocimiento de Cr\u00e9ditos por Participaci\u00f3n en Actividades Universitarias en Ense\u00f1anzas Oficiales de Grado<\/a>.&nbsp;<a href=\"https:\/\/riull.ull.es\/xmlui\/bitstream\/handle\/915\/23732\/Certificado%20pto%203a_CG_26052021_firmado.pdf?sequence=1&amp;isAllowed=y\" target=\"_blank\" rel=\"noreferrer noopener\" target=\"_blank\" rel=\"noopener\">Anexo&nbsp;<\/a><\/li>\n<\/ul>\n\n\n\n<div class=\"wp-block-stackable-icon-label stk-block-icon-label stk-block stk-814a222 stk-block-background\" data-block-id=\"814a222\"><style>.stk-814a222 {background-color:#5c068c !important;padding-top:20px !important;padding-right:20px !important;padding-bottom:20px !important;padding-left:20px !important;}.stk-814a222:hover{background-color:#0f0e17 !important;}.stk-814a222:before{background-color:#5c068c !important;}.stk-814a222:hover:before{background-color:#0f0e17 !important;}<\/style><div class=\"stk-row stk-inner-blocks stk-block-content\">\n<div class=\"wp-block-stackable-heading stk-block-heading stk-block-heading--v2 stk-block stk-c0dafed\" id=\"a-href-https-www-ull-es-servicios-servicio-de-informacion-y-orientacion-sio-data-type-link-data-id-https-drive-google-com-file-d-1-w-4-b-2-p-ur-ps-o-3-xqjdl-6-a-oy-yw-oo-9-mxtpmbp-view-span-style-color-fffffe-class-stk-highlight-mas-informacion-span-a\" data-block-id=\"c0dafed\"><style>.stk-c0dafed .stk-block-heading__text{font-size:22px !important;line-height:1.3em !important;}@media screen and (max-width: 1023px){.stk-c0dafed .stk-block-heading__text{font-size:22px !important;}}<\/style><p class=\"stk-block-heading__text\"><a href=\"https:\/\/www.ull.es\/servicios\/servicio-de-informacion-y-orientacion-sio\/\" data-type=\"link\" data-id=\"https:\/\/drive.google.com\/file\/d\/1w4b2pURPsO3Xqjdl6AOyYwOo9mxtpmbp\/view\" target=\"_blank\" rel=\"noopener\"><span style=\"color: #fffffe;\" class=\"stk-highlight\">M\u00e1s informaci\u00f3n<\/span><\/a><\/p><\/div>\n\n\n\n<div class=\"wp-block-stackable-icon stk-block-icon has-text-align-left stk-block stk-2126402\" data-block-id=\"2126402\"><style>.stk-2126402 .stk--svg-wrapper .stk--inner-svg svg:last-child{height:18px !important;width:18px !important;}.stk-2126402 .stk--svg-wrapper .stk--inner-svg svg:last-child, .stk-2126402 .stk--svg-wrapper .stk--inner-svg svg:last-child :is(g, path, rect, polygon, ellipse){fill:#fffffe !important;}<\/style><span class=\"stk--svg-wrapper\"><div class=\"stk--inner-svg\"><svg style=\"height:0;width:0\"><defs><linearGradient id=\"linear-gradient-2126402\" x1=\"0\" x2=\"100%\" y1=\"0\" y2=\"0\"><stop offset=\"0%\" style=\"stop-opacity:1;stop-color:var(--linear-gradient-2126402-color-1)\"><\/stop><stop offset=\"100%\" style=\"stop-opacity:1;stop-color:var(--linear-gradient-2126402-color-2)\"><\/stop><\/linearGradient><\/defs><\/svg><svg xmlns=\"http:\/\/www.w3.org\/2000\/svg\" viewBox=\"0 0 448 512\" aria-hidden=\"true\" width=\"32\" height=\"32\"><path d=\"M438.6 278.6c12.5-12.5 12.5-32.8 0-45.3l-160-160c-12.5-12.5-32.8-12.5-45.3 0s-12.5 32.8 0 45.3L338.8 224 32 224c-17.7 0-32 14.3-32 32s14.3 32 32 32l306.7 0L233.4 393.4c-12.5 12.5-12.5 32.8 0 45.3s32.8 12.5 45.3 0l160-160z\"><\/path><\/svg><\/div><\/span><\/div>\n<\/div><\/div>\n<\/div><\/div><\/div>\n<\/div><\/div>\n","protected":false},"excerpt":{"rendered":"<p>Apoyo y orientaci\u00f3n Los centros de la ULL ponen en marcha, cada curso acad\u00e9mico, los Planes de Orientaci\u00f3n y Acci\u00f3n Tutorial (POAT) a desarrollar en sus titulaciones para proporcionar a los estudiantes sistemas de apoyo y orientaci\u00f3n una vez matriculados. Las actividades formativas, incluidas en el POAT, abordan diversas tem\u00e1ticas a trav\u00e9s de las que&#8230;<\/p>\n","protected":false},"author":1,"featured_media":0,"parent":252,"menu_order":7,"comment_status":"closed","ping_status":"closed","template":"templates\/template-frontpage.php","meta":{"footnotes":""},"class_list":["post-32","page","type-page","status-publish","hentry"],"_links":{"self":[{"href":"https:\/\/www.ull.es\/grados\/enfermeria\/wp-json\/wp\/v2\/pages\/32","targetHints":{"allow":["GET"]}}],"collection":[{"href":"https:\/\/www.ull.es\/grados\/enfermeria\/wp-json\/wp\/v2\/pages"}],"about":[{"href":"https:\/\/www.ull.es\/grados\/enfermeria\/wp-json\/wp\/v2\/types\/page"}],"author":[{"embeddable":true,"href":"https:\/\/www.ull.es\/grados\/enfermeria\/wp-json\/wp\/v2\/users\/1"}],"replies":[{"embeddable":true,"href":"https:\/\/www.ull.es\/grados\/enfermeria\/wp-json\/wp\/v2\/comments?post=32"}],"version-history":[{"count":29,"href":"https:\/\/www.ull.es\/grados\/enfermeria\/wp-json\/wp\/v2\/pages\/32\/revisions"}],"predecessor-version":[{"id":1249,"href":"https:\/\/www.ull.es\/grados\/enfermeria\/wp-json\/wp\/v2\/pages\/32\/revisions\/1249"}],"up":[{"embeddable":true,"href":"https:\/\/www.ull.es\/grados\/enfermeria\/wp-json\/wp\/v2\/pages\/252"}],"wp:attachment":[{"href":"https:\/\/www.ull.es\/grados\/enfermeria\/wp-json\/wp\/v2\/media?parent=32"}],"curies":[{"name":"wp","href":"https:\/\/api.w.org\/{rel}","templated":true}]}}