{"id":42,"date":"2017-06-28T13:01:59","date_gmt":"2017-06-28T13:01:59","guid":{"rendered":"http:\/\/www.ull.es\/masteres\/desarrollo-y-gestion-de-recursos-humanos\/?page_id=42"},"modified":"2025-11-14T08:12:10","modified_gmt":"2025-11-14T08:12:10","slug":"coordinacion-docente","status":"publish","type":"page","link":"https:\/\/www.ull.es\/grados\/enfermeria\/informacion-academica\/coordinacion-docente\/","title":{"rendered":"Coordinaci\u00f3n docente"},"content":{"rendered":"\n<div class=\"wp-block-stackable-columns alignfull stk-block-columns stk-block stk-8657999\" data-block-id=\"8657999\"><style>.stk-8657999 {padding-bottom:0px !important;margin-top:-30px !important;margin-bottom:0px !important;}@media screen and (max-width: 767px){.stk-8657999 {margin-top:-10% !important;}}<\/style><div class=\"stk-row stk-inner-blocks stk-block-content stk-content-align stk-8657999-column alignfull\">\n<div class=\"wp-block-stackable-column stk-block-column stk-column stk-block stk-914f03e\" data-v=\"4\" data-block-id=\"914f03e\"><div class=\"stk-column-wrapper stk-block-column__content stk-container stk-914f03e-container stk--no-background stk--no-padding\"><div class=\"stk-block-content stk-inner-blocks stk-914f03e-inner-blocks\"><style id=\"depicter-1-inline-pre-css\">\n\n.depicter-1:not(.depicter-ready){\n\theight:500px;\n}\n\n\/***** Tablet *****\/\n@media screen and (max-width: 1024px){\n\n.depicter-1:not(.depicter-ready){\n\theight:700px;\n}\n\n}\n\/***** Mobile *****\/\n@media screen and (max-width: 767px){\n\n.depicter-1:not(.depicter-ready){\n\theight:360px;\n}\n\n}\n<\/style>\n<div id=\"depicter-1\" class=\"depicter depicter-document depicter-revert depicter-1 depicter-layout-fullwidth\">\n\n<div class=\"depicter-loading-container depicter-loading dotFlashing-dark\"><div class=\"depicter-loading-dark depicter-dot-flashing\">\n   <span><\/span>\n   <span><\/span>\n   <span><\/span>\n<\/div>\n<\/div>\n<div id=\"depicter-1-section-1\" class=\"depicter-section depicter-1-section-1\" data-name=\"Section 1\" data-type=\"section\" data-local-id=\"section-1\">\n<picture class=\"depicter-bg\">\n<source data-depicter-srcset=\"https:\/\/www.ull.es\/grados\/enfermeria\/wp-content\/uploads\/sites\/27\/2025\/03\/Slider_Enfermeria-768x248.jpg, https:\/\/www.ull.es\/grados\/enfermeria\/wp-content\/uploads\/sites\/27\/2025\/03\/Slider_Enfermeria.jpg 2x\" srcset=\"data:image\/gif;base64,R0lGODlhAQABAIAAAAAAAP\/\/\/yH5BAEAAAAALAAAAAABAAEAAAIBRAA7\" media=\"(max-width: 1024px)\" \/>\n\n<source data-depicter-srcset=\"https:\/\/www.ull.es\/grados\/enfermeria\/wp-content\/uploads\/sites\/27\/2025\/03\/Slider_Enfermeria.jpg, https:\/\/www.ull.es\/grados\/enfermeria\/wp-content\/uploads\/sites\/27\/2025\/03\/Slider_Enfermeria-1920x620.jpg 2x\" srcset=\"data:image\/gif;base64,R0lGODlhAQABAIAAAAAAAP\/\/\/yH5BAEAAAAALAAAAAABAAEAAAIBRAA7\" media=\"(min-width: 1025px)\" \/>\n<img decoding=\"async\" src=\"data:image\/gif;base64,R0lGODlhAQABAIAAAAAAAP\/\/\/yH5BAEAAAAALAAAAAABAAEAAAIBRAA7\" data-ken-burns=\"false\" data-tablet-ken-burns=\"false\" data-mobile-ken-burns=\"false\" alt=\"\" data-depicter-src=\"https:\/\/www.ull.es\/grados\/enfermeria\/wp-content\/uploads\/sites\/27\/2025\/03\/Slider_Enfermeria.jpg\" data-object-fit=\"custom,custom,\" data-object-position=\"center top,,\" data-crop=\"{'focalPoint':{'x':0.5,'y':0.5},'mediaSize':{'width':1393.54838709677414954057894647121429443359375,'height':450}}\" data-tablet-crop=\"{'focalPoint':{'x':0.5,'y':0.5},'mediaSize':{'width':2167.7419354838712024502456188201904296875,'height':700.0000000000001136868377216160297393798828125}}\" data-mobile-crop=\"{'focalPoint':{'x':0.5,'y':0.5},'mediaSize':{'width':1114.8387096774195015314035117626190185546875,'height':360}}\" \/>\n<\/picture>\n\n\n<h1 id=\"depicter-1-element-5\" class=\"depicter-element depicter-layer depicter-1-element-5\" data-type=\"text\" data-wrap=\"true\" data-name=\"Text 2\" data-local-id=\"element-5\" data-offset=\"x:166px;y:201px;origin:tl\" data-tablet-offset=\"x:255px;y:321px;origin:tl\" data-mobile-offset=\"x:6px;y:-136px;origin:tl\" data-width=\"868px,514px,348px\" data-height=\"auto,auto,auto\" data-responsive-scale=\"true,,\">Grado en Enfermer\u00eda<\/h1>\n\n<div id=\"depicter-1-element-10\" class=\"depicter-element depicter-layer depicter-1-element-10\" data-type=\"shape\" data-wrap=\"true\" data-name=\"Shape 1\" data-local-id=\"element-10\" data-offset=\"x:166px;y:299px;origin:tl\" data-tablet-offset=\"x:255px;y:378px;origin:tl\" data-mobile-offset=\"x:43px;y:0px;origin:tl\" data-width=\"853px,498px,216px\" data-height=\"8px,8px,8px\" data-responsive-scale=\"true,,\"><\/div>\n<\/div>\n<\/div>\n<script>\n(window.depicterSetups = window.depicterSetups || []).push(function(){\n\tDepicter.basePath = 'https:\/\/www.ull.es\/grados\/enfermeria\/wp-content\/plugins\/depicter\/resources\/scripts\/player\/';\n\tconst dpPlayer = Depicter.setup('.depicter-1',\n\t\t{\"width\":[\"1200\",\"1024\",\"360\"],\"height\":[\"500\",\"700\",\"360\"],\"view\":\"basic\",\"keepAspectRatio\":true,\"preload\":0,\"layout\":\"fullwidth\",\"rtl\":false,\"initAfterAppear\":false,\"ajaxApiUrl\":\"https:\\\/\\\/www.ull.es\\\/grados\\\/enfermeria\\\/wp-admin\\\/admin-ajax.php\",\"mouseSwipe\":true,\"touchSwipe\":true,\"useWatermark\":false}\n\t);\n});\n<\/script><\/div><\/div><\/div>\n<\/div><\/div>\n\n\n\n<div class=\"wp-block-stackable-columns alignfull stk-block-columns stk--hide-mobile stk-block stk-ceecbdc stk-block-background\" data-block-id=\"ceecbdc\"><style>.stk-ceecbdc {background-color:#360060 !important;padding-top:35px !important;padding-right:0px !important;padding-bottom:2px !important;padding-left:0px !important;margin-top:-20px !important;margin-bottom:70px !important;}.stk-ceecbdc:before{background-color:#360060 !important;}<\/style><div class=\"stk-row stk-inner-blocks stk-block-content stk-content-align stk-ceecbdc-column alignfull\">\n<div class=\"wp-block-stackable-column stk-block-column stk-column stk-block stk-fc60a5d\" data-v=\"4\" data-block-id=\"fc60a5d\"><div class=\"stk-column-wrapper stk-block-column__content stk-container stk-fc60a5d-container stk--no-background stk--no-padding\"><div class=\"stk-block-content stk-inner-blocks stk-fc60a5d-inner-blocks\">\n<div class=\"wp-block-stackable-spacer stk-block-spacer stk--no-padding stk-block stk-a3a8a68\" data-block-id=\"a3a8a68\"><style>.stk-a3a8a68 {height:0px !important;}<\/style><\/div>\n<\/div><\/div><\/div>\n<\/div><\/div>\n\n\n\n<div class=\"wp-block-stackable-columns stk-block-columns stk-block stk-8b59b96\" data-block-id=\"8b59b96\"><style>.stk-8b59b96 .stk--block-align-8b59b96{align-items:flex-start !important;}.stk-8b59b96 {margin-top:25px !important;}.stk-8b59b96-column{--stk-columns-spacing:0px !important;--stk-column-gap:50px !important;}@media screen and (max-width: 767px){.stk-8b59b96-column{row-gap:var(--stk--preset--spacing--60, 2.25rem) !important;}}<\/style><div class=\"stk-row stk-inner-blocks stk--block-align-8b59b96 stk-block-content stk-content-align stk-8b59b96-column\">\n<div class=\"wp-block-stackable-column stk-block-column stk-column stk-block stk-dbb7e15\" data-v=\"4\" data-block-id=\"dbb7e15\"><div class=\"stk-column-wrapper stk-block-column__content stk-container stk-dbb7e15-container stk--no-background stk--no-padding\"><div class=\"stk-block-content stk-inner-blocks stk-dbb7e15-inner-blocks\">\n<div class=\"wp-block-stackable-heading stk-block-heading stk-block-heading--v2 stk-block stk-689c258\" id=\"coordinacion-docente\" data-block-id=\"689c258\"><style>.stk-689c258 .stk-block-heading__text{color:#5c068c !important;}<\/style><h1 class=\"stk-block-heading__text has-text-color\">Coordinaci\u00f3n docente<\/h1><\/div>\n\n\n\n<p>El T\u00edtulo cuenta con las estructuras de coordinaci\u00f3n necesarias en sus diferentes niveles para garantizar que se organiza y desarrolla de manera adecuada.<\/p>\n\n\n\n<ul class=\"wp-block-list\">\n<li>Coordinador\/a de Titulaci\u00f3n (Vicedecano\/a de la Titulaci\u00f3n)<\/li>\n\n\n\n<li>Coordinador\/a de Curso (Vicedecano\/a de la Titulaci\u00f3n, en todos los cursos)<\/li>\n\n\n\n<li>Coordinador\/a de Asignatura (un profesor\/a de los que imparte la asignatura)<\/li>\n\n\n\n<li>Coordinador\/a de Pr\u00e1cticas Externas<\/li>\n\n\n\n<li>Coordinador\/a de Trabajo Fin de Grado<\/li>\n<\/ul>\n\n\n\n<p>Las citadas estructuras se integran en las correspondientes comisiones del Centro\/Secci\u00f3n\/T\u00edtulo, las cuales establecen los mecanismos de funcionamiento mediante reuniones peri\u00f3dicas para realizar el an\u00e1lisis del desarrollo de la Titulaci\u00f3n en sus diferentes niveles (Titulaci\u00f3n, curso y asignatura).<\/p>\n\n\n\n<p>A trav\u00e9s de la coordinaci\u00f3n horizontal y vertical se garantiza, entre otras: la adecuada secuenciaci\u00f3n y planificaci\u00f3n temporal de las asignaturas, su contenido y sistema de evaluaci\u00f3n; se evita vac\u00edos, duplicidades y desajustes; y se distribuye de forma adecuada la carga de trabajo del alumnado para facilitar la adquisici\u00f3n de los resultados de aprendizaje.<\/p>\n\n\n\n<ul class=\"wp-block-list\">\n<li><a href=\"https:\/\/drive.google.com\/file\/d\/17As5J5RH4s7RO7hzOBhdyc5xSR27dWv1\/view?usp=sharing\" target=\"_blank\" rel=\"noreferrer noopener\" target=\"_blank\" rel=\"noopener\">Coordinaci\u00f3n docente de la Secci\u00f3n de Enfermer\u00eda para el curso 2020\/21<\/a><\/li>\n<\/ul>\n\n\n\n<p><strong>COORDINADOR\/A DE TITULACI\u00d3N<\/strong><\/p>\n\n\n\n<p>Esta coordinaci\u00f3n la lleva a cabo el Vicedecano\/a correspondiente, siendo sus funciones:<\/p>\n\n\n\n<ul class=\"wp-block-list\">\n<li>Elaborar la propuesta de grupos de teor\u00eda, seminarios, pr\u00e1cticas y tutor\u00edas de un tama\u00f1o homog\u00e9neo.<br>Asignar los alumnos a los diferentes grupos de teor\u00eda, seminarios, pr\u00e1cticas y tutor\u00edas de forma coordinada con los Coordinadores de asignaturas y los Coordinadores de curso.<\/li>\n\n\n\n<li>Elaborar la propuesta de horarios de las diferentes actividades docentes (clases de teor\u00eda, seminarios, pr\u00e1cticas y tutor\u00edas y calendario de ex\u00e1menes) por semana.<\/li>\n\n\n\n<li>Realizar una revisi\u00f3n continua del proceso ense\u00f1anza-aprendizaje para la actualizaci\u00f3n y mejora del programa formativo de la titulaci\u00f3n.<\/li>\n\n\n\n<li>Analizar en profundidad los posibles solapamientos o carencias que se detecten en los diferentes programas de las asignaturas que puedan tener relaci\u00f3n entre s\u00ed, con el fin de corregir estas situaciones de tal modo que el Plan de Estudios forme un todo compacto y homog\u00e9neo.<\/li>\n\n\n\n<li>Realizar el seguimiento de la correspondencia entre las diferentes asignaturas y las competencias de la titulaci\u00f3n.<\/li>\n\n\n\n<li>Presentar sugerencias seg\u00fan el procedimiento \u00abGesti\u00f3n de Desviaciones, Incidencias, Reclamaciones y Sugerencias\u00bb.<\/li>\n<\/ul>\n\n\n\n<p><strong>COORDINADOR\/A DE CURSO<\/strong><\/p>\n\n\n\n<p>Es el referente para todos los coordinadores de asignatura de un mismo curso y su objetivo principal es coordinar la planificaci\u00f3n docente del curso.<\/p>\n\n\n\n<p>Entre sus funciones se encuentran:<\/p>\n\n\n\n<ul class=\"wp-block-list\">\n<li>Convocar y moderar las reuniones con los coordinadores de asignatura, centralizando sus aportaciones.<\/li>\n\n\n\n<li>Analizar, junto a los coordinadores de asignatura, los contenidos horizontales y verticales de las mismas, detectando duplicidades y prestando especial atenci\u00f3n a la secuencialidad de dichos contenidos.<\/li>\n\n\n\n<li>Armonizar la distribuci\u00f3n de la carga de trabajo del curso: teor\u00eda, problemas, laboratorios, seminarios, pr\u00e1cticas de campo, visitas, trabajo personal, etc.<\/li>\n\n\n\n<li>Conocer, y difundir entre los coordinadores de asignatura, la planificaci\u00f3n de todas las pruebas de evaluaci\u00f3n (controles, parciales y finales) proponiendo modificaciones, si ha lugar, para una adecuada distribuci\u00f3n.<br>Estudiar los horarios del curso con la finalidad de que sean lo m\u00e1s coherentes posible, y en su caso corregir cualquier disfunci\u00f3n que pudiera detectarse.<\/li>\n\n\n\n<li>Colaborar con el Coordinador de Titulaci\u00f3n en la elaboraci\u00f3n de horarios, distribuci\u00f3n de actividades y la formaci\u00f3n de grupos por actividades.<\/li>\n\n\n\n<li>Asegurarse de que la asignaci\u00f3n de estudiantes a los distintos grupos de seminarios, pr\u00e1cticas, tutor\u00edas,\u2026 haga posible la asistencia de los estudiantes de dicho curso a las diferentes actividades de las distintas asignaturas.<\/li>\n\n\n\n<li>Presentar sugerencias seg\u00fan el procedimiento PR-15 \u00abGesti\u00f3n de Desviaciones, Incidencias, Reclamaciones y Sugerencias.<\/li>\n<\/ul>\n\n\n\n<p><strong>COORDINADOR\/A DE ASIGNATURA<\/strong><\/p>\n\n\n\n<p>Es el responsable de los aspectos organizativos de los grupos te\u00f3ricos y pr\u00e1cticos de la asignatura. Es el referente para la gesti\u00f3n de cualquier disfunci\u00f3n que pudiera darse a lo largo del curso poni\u00e9ndola en conocimiento del Director del Departamento y\/o Vicedecano de la Titulaci\u00f3n. Asimismo, es el encargado de comunicar al Coordinador de curso cualquier aspecto relativo a la organizaci\u00f3n de la asignatura: modificaci\u00f3n de horarios, fechas de examen, etc.<\/p>\n\n\n\n<p>El nombramiento de estos Coordinadores corresponde al Director del Departamento y debe ser previamente aprobado por los Consejos de los Departamento implicados en la asignatura.<\/p>\n\n\n\n<p>El coordinador puede delegar parte de su tarea en otros profesores de la asignatura (por ejemplo, si el Departamento lo estima conveniente, puede crear la figura de un coordinador de pr\u00e1cticas), pero ser\u00e1 el responsable de la asignatura frente al Coordinador de curso y a la Junta de Facultad.<\/p>\n\n\n\n<p>Sus funciones son:<\/p>\n\n\n\n<ul class=\"wp-block-list\">\n<li>Convocar y moderar las reuniones con el equipo docente de la asignatura, centralizando sus aportaciones.<\/li>\n\n\n\n<li>Establecer el procedimiento de trabajo a seguir: reparto de tareas y modo de funcionamiento.<\/li>\n\n\n\n<li>Acordar con el resto del equipo docente los contenidos, la elaboraci\u00f3n y\/o revisi\u00f3n del material did\u00e1ctico, las pruebas a realizar, los criterios de evaluaci\u00f3n de la asignatura y la organizaci\u00f3n de los grupos de pr\u00e1cticas si los hubiera.<\/li>\n\n\n\n<li>Asegurarse de que el programa impartido es com\u00fan en todos los grupos de teor\u00eda.<\/li>\n\n\n\n<li>Coordinar la teor\u00eda, los seminarios y las pr\u00e1cticas (si no hay coordinador de Pr\u00e1cticas) adecuando los contenidos y la temporalizaci\u00f3n de las diferentes actividades con la teor\u00eda.<\/li>\n\n\n\n<li>Asegurarse de que los contenidos, las herramientas utilizadas, el nivel de exigencia y los criterios de correcci\u00f3n de las pr\u00e1cticas son comunes en todos los grupos de pr\u00e1cticas.<\/li>\n\n\n\n<li>Elaborar la Gu\u00eda Docente de la asignatura.<\/li>\n\n\n\n<li>Asignar los alumnos a los diferentes grupos de pr\u00e1cticas.<\/li>\n\n\n\n<li>Realizar un seguimiento de la publicaci\u00f3n de calificaciones y firma de las actas.<\/li>\n\n\n\n<li>Convocar al resto del equipo docente de la asignatura a una reuni\u00f3n de balance del curso acad\u00e9mico.<\/li>\n\n\n\n<li>Asistir a las reuniones que le convoque el Coordinador de m\u00f3dulo, de curso o de titulaci\u00f3n.<\/li>\n<\/ul>\n\n\n\n<p><strong>COORDINADOR\/A DE PR\u00c1CTICAS EXTERNAS<\/strong><\/p>\n\n\n\n<p>Responsable de toda la gesti\u00f3n relacionada con la tramitaci\u00f3n de convenios, presentaci\u00f3n de la oferta de empresas\/instituciones\/organismos, asignaci\u00f3n de alumnos a las entidades correspondientes y evaluaci\u00f3n de esta asignatura.<\/p>\n\n\n\n<p><strong>COORDINADOR\/A DE TRABAJO FIN DE GRADO<\/strong><\/p>\n\n\n\n<p>Responsable de toda la Gesti\u00f3n relacionada con la oferta de TFG, la asignaci\u00f3n a los alumnos, formaci\u00f3n de los Tribunales de evaluaci\u00f3n y calendario de presentaci\u00f3n de los TFG.<\/p>\n\n\n\n<p><strong>COMISI\u00d3N DE SEGUIMIENTO DE ESCUELA ADSCRITA<\/strong><\/p>\n\n\n\n<ul class=\"wp-block-list\">\n<li><a href=\"https:\/\/campusvirtual.ull.es\/entornos\/course\/search.php?q=escuela+adscrita&amp;areaids=core_course-course\" target=\"_blank\" rel=\"noreferrer noopener\" target=\"_blank\" rel=\"noopener\">Acceso al entorno colaborativo de trabajo.<\/a><\/li>\n<\/ul>\n<\/div><\/div><\/div>\n<\/div><\/div>\n","protected":false},"excerpt":{"rendered":"<p>Coordinaci\u00f3n docente El T\u00edtulo cuenta con las estructuras de coordinaci\u00f3n necesarias en sus diferentes niveles para garantizar que se organiza y desarrolla de manera adecuada. Las citadas estructuras se integran en las correspondientes comisiones del Centro\/Secci\u00f3n\/T\u00edtulo, las cuales establecen los mecanismos de funcionamiento mediante reuniones peri\u00f3dicas para realizar el an\u00e1lisis del desarrollo de la Titulaci\u00f3n&#8230;<\/p>\n","protected":false},"author":1,"featured_media":0,"parent":252,"menu_order":6,"comment_status":"closed","ping_status":"closed","template":"templates\/template-frontpage.php","meta":{"footnotes":""},"class_list":["post-42","page","type-page","status-publish","hentry"],"_links":{"self":[{"href":"https:\/\/www.ull.es\/grados\/enfermeria\/wp-json\/wp\/v2\/pages\/42","targetHints":{"allow":["GET"]}}],"collection":[{"href":"https:\/\/www.ull.es\/grados\/enfermeria\/wp-json\/wp\/v2\/pages"}],"about":[{"href":"https:\/\/www.ull.es\/grados\/enfermeria\/wp-json\/wp\/v2\/types\/page"}],"author":[{"embeddable":true,"href":"https:\/\/www.ull.es\/grados\/enfermeria\/wp-json\/wp\/v2\/users\/1"}],"replies":[{"embeddable":true,"href":"https:\/\/www.ull.es\/grados\/enfermeria\/wp-json\/wp\/v2\/comments?post=42"}],"version-history":[{"count":25,"href":"https:\/\/www.ull.es\/grados\/enfermeria\/wp-json\/wp\/v2\/pages\/42\/revisions"}],"predecessor-version":[{"id":1245,"href":"https:\/\/www.ull.es\/grados\/enfermeria\/wp-json\/wp\/v2\/pages\/42\/revisions\/1245"}],"up":[{"embeddable":true,"href":"https:\/\/www.ull.es\/grados\/enfermeria\/wp-json\/wp\/v2\/pages\/252"}],"wp:attachment":[{"href":"https:\/\/www.ull.es\/grados\/enfermeria\/wp-json\/wp\/v2\/media?parent=42"}],"curies":[{"name":"wp","href":"https:\/\/api.w.org\/{rel}","templated":true}]}}