{"id":37,"date":"2017-06-28T12:58:45","date_gmt":"2017-06-28T12:58:45","guid":{"rendered":"http:\/\/www.ull.es\/masteres\/desarrollo-y-gestion-de-recursos-humanos\/?page_id=30"},"modified":"2025-10-27T09:51:02","modified_gmt":"2025-10-27T09:51:02","slug":"perfil-de-ingreso-y-egreso","status":"publish","type":"page","link":"https:\/\/www.ull.es\/grados\/espanol-lengua-literatura\/fr\/informacion-academica\/perfil-de-ingreso-y-egreso\/","title":{"rendered":"Profil d&#039;admission et de sortie"},"content":{"rendered":"\n<div class=\"wp-block-stackable-columns alignfull stk-block-columns stk-block stk-8657999\" data-block-id=\"8657999\"><style>.stk-8657999 {padding-bottom:0px !important;margin-top:-30px !important;margin-bottom:0px !important;}@media screen and (max-width: 767px){.stk-8657999 {margin-top:-10% !important;}}<\/style><div class=\"stk-row stk-inner-blocks stk-block-content stk-content-align stk-8657999-column alignfull\">\n<div class=\"wp-block-stackable-column stk-block-column stk-column stk-block stk-914f03e\" data-v=\"4\" data-block-id=\"914f03e\"><div class=\"stk-column-wrapper stk-block-column__content stk-container stk-914f03e-container stk--no-background stk--no-padding\"><div class=\"stk-block-content stk-inner-blocks stk-914f03e-inner-blocks\"><style id=\"depicter-1-inline-pre-css\">\n\n.depicter-1:not(.depicter-ready){\n\theight:500px;\n}\n\n\/***** Tablet *****\/\n@media screen and (max-width: 1024px){\n\n.depicter-1:not(.depicter-ready){\n\theight:700px;\n}\n\n}\n\/***** Mobile *****\/\n@media screen and (max-width: 767px){\n\n.depicter-1:not(.depicter-ready){\n\theight:360px;\n}\n\n}\n<\/style>\n<div id=\"depicter-1\" class=\"depicter depicter-document depicter-revert depicter-1 depicter-layout-fullwidth\">\n\n<div class=\"depicter-loading-container depicter-loading dotFlashing-dark\"><div class=\"depicter-loading-dark depicter-dot-flashing\">\n   <span><\/span>\n   <span><\/span>\n   <span><\/span>\n<\/div>\n<\/div>\n<div id=\"depicter-1-section-1\" class=\"depicter-section depicter-1-section-1\" data-name=\"Section 1\" data-type=\"section\" data-local-id=\"section-1\">\n<picture class=\"depicter-bg\">\n<source data-depicter-srcset=\"https:\/\/www.ull.es\/grados\/espanol-lengua-literatura\/wp-content\/uploads\/sites\/34\/2025\/03\/Slider_Espanol-768x248.jpg, https:\/\/www.ull.es\/grados\/espanol-lengua-literatura\/wp-content\/uploads\/sites\/34\/2025\/03\/Slider_Espanol.jpg 2x\" srcset=\"data:image\/gif;base64,R0lGODlhAQABAIAAAAAAAP\/\/\/yH5BAEAAAAALAAAAAABAAEAAAIBRAA7\" media=\"(max-width: 1024px)\" \/>\n\n<source data-depicter-srcset=\"https:\/\/www.ull.es\/grados\/espanol-lengua-literatura\/wp-content\/uploads\/sites\/34\/2025\/03\/Slider_Espanol.jpg, https:\/\/www.ull.es\/grados\/espanol-lengua-literatura\/wp-content\/uploads\/sites\/34\/2025\/03\/Slider_Espanol-1920x620.jpg 2x\" srcset=\"data:image\/gif;base64,R0lGODlhAQABAIAAAAAAAP\/\/\/yH5BAEAAAAALAAAAAABAAEAAAIBRAA7\" media=\"(min-width: 1025px)\" \/>\n<img decoding=\"async\" src=\"data:image\/gif;base64,R0lGODlhAQABAIAAAAAAAP\/\/\/yH5BAEAAAAALAAAAAABAAEAAAIBRAA7\" data-ken-burns=\"false\" data-tablet-ken-burns=\"false\" data-mobile-ken-burns=\"false\" alt=\"\" data-depicter-src=\"https:\/\/www.ull.es\/grados\/espanol-lengua-literatura\/wp-content\/uploads\/sites\/34\/2025\/03\/Slider_Espanol.jpg\" data-object-fit=\"custom,custom,\" data-object-position=\"center top,,\" data-crop=\"{'focalPoint':{'x':0.5,'y':0.5},'mediaSize':{'width':1393.54838709677414954057894647121429443359375,'height':450}}\" data-tablet-crop=\"{'focalPoint':{'x':0.5,'y':0.5},'mediaSize':{'width':2167.7419354838712024502456188201904296875,'height':700.0000000000001136868377216160297393798828125}}\" data-mobile-crop=\"{'focalPoint':{'x':0.5,'y':0.5},'mediaSize':{'width':1114.8387096774195015314035117626190185546875,'height':360}}\" \/>\n<\/picture>\n\n\n<h1 id=\"depicter-1-element-5\" class=\"depicter-element depicter-layer depicter-1-element-5\" data-type=\"text\" data-wrap=\"true\" data-name=\"Text 2\" data-local-id=\"element-5\" data-offset=\"x:142px;y:149px;origin:tl\" data-tablet-offset=\"x:218px;y:293px;origin:tl\" data-mobile-offset=\"x:6px;y:-136px;origin:tl\" data-width=\"839px,589px,348px\" data-height=\"auto,auto,auto\" data-responsive-scale=\"true,,\">Grado en Espa\u00f1ol: Lengua y Literatura<\/h1>\n\n<div id=\"depicter-1-element-10\" class=\"depicter-element depicter-layer depicter-1-element-10\" data-type=\"shape\" data-wrap=\"true\" data-name=\"Shape 1\" data-local-id=\"element-10\" data-offset=\"x:142px;y:361px;origin:tl\" data-tablet-offset=\"x:218px;y:415px;origin:tl\" data-mobile-offset=\"x:6px;y:15px;origin:tl\" data-width=\"808px,468px,309px\" data-height=\"8px,8px,8px\" data-responsive-scale=\"true,,\"><\/div>\n<\/div>\n<\/div>\n<script>\n(window.depicterSetups = window.depicterSetups || []).push(function(){\n\tDepicter.basePath = 'https:\/\/www.ull.es\/grados\/espanol-lengua-literatura\/wp-content\/plugins\/depicter\/resources\/scripts\/player\/';\n\tconst dpPlayer = Depicter.setup('.depicter-1',\n\t\t{\"width\":[\"1200\",\"1024\",\"360\"],\"height\":[\"500\",\"700\",\"360\"],\"view\":\"basic\",\"keepAspectRatio\":true,\"preload\":0,\"layout\":\"fullwidth\",\"rtl\":false,\"initAfterAppear\":false,\"ajaxApiUrl\":\"https:\\\/\\\/www.ull.es\\\/grados\\\/espanol-lengua-literatura\\\/wp-admin\\\/admin-ajax.php\",\"mouseSwipe\":true,\"touchSwipe\":true,\"useWatermark\":false}\n\t);\n});\n<\/script><\/div><\/div><\/div>\n<\/div><\/div>\n\n\n\n<div class=\"wp-block-stackable-columns alignfull stk-block-columns stk--hide-mobile stk-block stk-ceecbdc stk-block-background\" data-block-id=\"ceecbdc\"><style>.stk-ceecbdc {background-color:#360060 !important;padding-top:35px !important;padding-right:0px !important;padding-bottom:2px !important;padding-left:0px !important;margin-top:-20px !important;margin-bottom:70px !important;}.stk-ceecbdc:before{background-color:#360060 !important;}<\/style><div class=\"stk-row stk-inner-blocks stk-block-content stk-content-align stk-ceecbdc-column alignfull\">\n<div class=\"wp-block-stackable-column stk-block-column stk-column stk-block stk-fc60a5d\" data-v=\"4\" data-block-id=\"fc60a5d\"><div class=\"stk-column-wrapper stk-block-column__content stk-container stk-fc60a5d-container stk--no-background stk--no-padding\"><div class=\"stk-block-content stk-inner-blocks stk-fc60a5d-inner-blocks\">\n<div class=\"wp-block-stackable-spacer stk-block-spacer stk--no-padding stk-block stk-a3a8a68\" data-block-id=\"a3a8a68\"><style>.stk-a3a8a68 {height:0px !important;}<\/style><\/div>\n<\/div><\/div><\/div>\n<\/div><\/div>\n\n\n\n<div class=\"wp-block-stackable-columns alignwide stk-block-columns stk-block stk-3627255\" data-block-id=\"3627255\"><style>.stk-3627255 {padding-right:16% !important;padding-left:16% !important;margin-bottom:18px !important;}<\/style><div class=\"stk-row stk-inner-blocks stk-block-content stk-content-align stk-3627255-column alignwide\">\n<div class=\"wp-block-stackable-column stk-block-column stk-column stk-block stk-81e665a\" data-v=\"4\" data-block-id=\"81e665a\"><div class=\"stk-column-wrapper stk-block-column__content stk-container stk-81e665a-container stk--no-background stk--no-padding\"><div class=\"stk-block-content stk-inner-blocks stk-81e665a-inner-blocks\">\n<div class=\"wp-block-stackable-heading stk-block-heading stk-block-heading--v2 stk-block stk-97878e6\" id=\"perfil-de-ingreso-y-egreso\" data-block-id=\"97878e6\"><style>.stk-97878e6 .stk-block-heading__text{color:#5c068c !important;}<\/style><h1 class=\"stk-block-heading__text has-text-color\">Perfil de ingreso y egreso<\/h1><\/div>\n\n\n\n<div class=\"wp-block-stackable-heading stk-block-heading stk-block-heading--v2 stk-block stk-0b40cee\" id=\"perfil-de-ingreso\" data-block-id=\"0b40cee\"><h2 class=\"stk-block-heading__text\">Perfil de ingreso<\/h2><\/div>\n\n\n\n<div class=\"wp-block-stackable-text stk-block-text stk-block stk-07895de\" data-block-id=\"07895de\"><p class=\"stk-block-text__text\">Teniendo en cuenta las caracter\u00edsticas y objetivos de estos estudios, los alumnos\/as que accedan deber\u00e1n tener definida su perspectiva formativa en los \u00e1mbitos del conocimiento de la ling\u00fc\u00edstica, lengua, literatura y teor\u00eda de la literatura, de la comprensi\u00f3n y expresi\u00f3n de los distintos contenidos de estas materias en sus m\u00faltiples facetas.<br>Es indispensable, por tanto, su inter\u00e9s por adquirir todos aquellos conocimientos que le permitan situarse profesionalmente en ese \u00e1mbito y, adem\u00e1s, poder mantener una actitud de an\u00e1lisis y de cr\u00edtica fundamentada, desde el punto de vista cient\u00edfico y profesional, ante los elementos de esa actualidad.<br>De forma particular, debe considerarse como fundamental su inter\u00e9s, por un lado, por conocer c\u00f3mo se estructura la lengua espa\u00f1ola y c\u00f3mo instrumentalizar en el mundo profesional esos conocimientos y, por otro lado, por descubrir la literatura m\u00e1s all\u00e1 del gusto personal, como una fuente de conocimiento que puede afrontar, dada su capacidad de entroncar con otras disciplinas humanas, cometidos de amplio espectro, incluidos los puramente profesionales. De este modo, el alumno tendr\u00e1 inter\u00e9s:<\/p><\/div>\n\n\n\n<ul class=\"wp-block-list\">\n<li>por la lectura y por la escritura de creaci\u00f3n<\/li>\n\n\n\n<li>por el estudio de la literatura y su tradici\u00f3n<\/li>\n\n\n\n<li>por la estructura interna de la lengua<\/li>\n\n\n\n<li>por expresarse adecuadamente de forma oral y escrita<\/li>\n\n\n\n<li>por la cultura y el pensamiento humano<\/li>\n\n\n\n<li>por la difusi\u00f3n del espa\u00f1ol en el mundo<\/li>\n\n\n\n<li>por otorgar relevancia al buen uso del idioma en los medios de comunicaci\u00f3n<\/li>\n\n\n\n<li>por la expansi\u00f3n del espa\u00f1ol en la sociedad de la informaci\u00f3n<\/li>\n<\/ul>\n\n\n\n<div class=\"wp-block-stackable-spacer stk-block-spacer stk--no-padding stk-block stk-bd7efd8\" data-block-id=\"bd7efd8\"><\/div>\n\n\n\n<div class=\"wp-block-stackable-heading stk-block-heading stk-block-heading--v2 stk-block stk-c08fa38\" id=\"perfil-de-egreso\" data-block-id=\"c08fa38\"><h2 class=\"stk-block-heading__text\">Perfil de egreso<\/h2><\/div>\n\n\n\n<div class=\"wp-block-stackable-text stk-block-text stk-block stk-ff5fa7b\" data-block-id=\"ff5fa7b\"><p class=\"stk-block-text__text\">Los objetivos, las competencias y las competencias y resultados de aprendizaje&nbsp; del Grado en Espa\u00f1ol: Lengua y Literatura proporcionan una formaci\u00f3n orientada a la capacitaci\u00f3n en \u00e1reas profesionales como las siguientes:<\/p><\/div>\n\n\n\n<ul class=\"wp-block-list\">\n<li>Docencia universitaria y no universitaria<\/li>\n\n\n\n<li>Planificaci\u00f3n, gesti\u00f3n y asesoramiento ling\u00fc\u00edstico y literario<\/li>\n\n\n\n<li>Mediaci\u00f3n ling\u00fc\u00edstica e intercultural<\/li>\n\n\n\n<li>Industria editorial<\/li>\n\n\n\n<li>Gesti\u00f3n cultural<\/li>\n\n\n\n<li>Gesti\u00f3n tur\u00edstica<\/li>\n\n\n\n<li>Administraci\u00f3n P\u00fablica<\/li>\n\n\n\n<li>Gesti\u00f3n y asesoramiento en documentaci\u00f3n, archivos y bibliotecas<\/li>\n\n\n\n<li>Gesti\u00f3n en recursos humanos<\/li>\n\n\n\n<li>Empleados en la administraci\u00f3n p\u00fablica<\/li>\n\n\n\n<li>Mediaci\u00f3n ling\u00fc\u00edstica e intercultural<\/li>\n<\/ul>\n<\/div><\/div><\/div>\n<\/div><\/div>\n","protected":false},"excerpt":{"rendered":"<p>Perfil de ingreso y egreso Perfil de ingreso Teniendo en cuenta las caracter\u00edsticas y objetivos de estos estudios, los alumnos\/as que accedan deber\u00e1n tener definida su perspectiva formativa en los \u00e1mbitos del conocimiento de la ling\u00fc\u00edstica, lengua, literatura y teor\u00eda de la literatura, de la comprensi\u00f3n y expresi\u00f3n de los distintos contenidos de estas materias&#8230;<\/p>","protected":false},"author":1,"featured_media":0,"parent":252,"menu_order":1,"comment_status":"closed","ping_status":"closed","template":"templates\/template-frontpage.php","meta":{"footnotes":""},"class_list":["post-37","page","type-page","status-publish","hentry"],"_links":{"self":[{"href":"https:\/\/www.ull.es\/grados\/espanol-lengua-literatura\/fr\/wp-json\/wp\/v2\/pages\/37","targetHints":{"allow":["GET"]}}],"collection":[{"href":"https:\/\/www.ull.es\/grados\/espanol-lengua-literatura\/fr\/wp-json\/wp\/v2\/pages"}],"about":[{"href":"https:\/\/www.ull.es\/grados\/espanol-lengua-literatura\/fr\/wp-json\/wp\/v2\/types\/page"}],"author":[{"embeddable":true,"href":"https:\/\/www.ull.es\/grados\/espanol-lengua-literatura\/fr\/wp-json\/wp\/v2\/users\/1"}],"replies":[{"embeddable":true,"href":"https:\/\/www.ull.es\/grados\/espanol-lengua-literatura\/fr\/wp-json\/wp\/v2\/comments?post=37"}],"version-history":[{"count":13,"href":"https:\/\/www.ull.es\/grados\/espanol-lengua-literatura\/fr\/wp-json\/wp\/v2\/pages\/37\/revisions"}],"predecessor-version":[{"id":1377,"href":"https:\/\/www.ull.es\/grados\/espanol-lengua-literatura\/fr\/wp-json\/wp\/v2\/pages\/37\/revisions\/1377"}],"up":[{"embeddable":true,"href":"https:\/\/www.ull.es\/grados\/espanol-lengua-literatura\/fr\/wp-json\/wp\/v2\/pages\/252"}],"wp:attachment":[{"href":"https:\/\/www.ull.es\/grados\/espanol-lengua-literatura\/fr\/wp-json\/wp\/v2\/media?parent=37"}],"curies":[{"name":"wp","href":"https:\/\/api.w.org\/{rel}","templated":true}]}}