{"id":42,"date":"2017-06-28T13:01:59","date_gmt":"2017-06-28T13:01:59","guid":{"rendered":"http:\/\/www.ull.es\/masteres\/desarrollo-y-gestion-de-recursos-humanos\/?page_id=42"},"modified":"2025-10-27T10:05:34","modified_gmt":"2025-10-27T10:05:34","slug":"coordinacion-docente","status":"publish","type":"page","link":"https:\/\/www.ull.es\/grados\/espanol-lengua-literatura\/fr\/informacion-academica\/coordinacion-docente\/","title":{"rendered":"Coordination p\u00e9dagogique"},"content":{"rendered":"\n<div class=\"wp-block-stackable-columns alignfull stk-block-columns stk-block stk-8657999\" data-block-id=\"8657999\"><style>.stk-8657999 {padding-bottom:0px !important;margin-top:-30px !important;margin-bottom:0px !important;}@media screen and (max-width: 767px){.stk-8657999 {margin-top:-10% !important;}}<\/style><div class=\"stk-row stk-inner-blocks stk-block-content stk-content-align stk-8657999-column alignfull\">\n<div class=\"wp-block-stackable-column stk-block-column stk-column stk-block stk-914f03e\" data-v=\"4\" data-block-id=\"914f03e\"><div class=\"stk-column-wrapper stk-block-column__content stk-container stk-914f03e-container stk--no-background stk--no-padding\"><div class=\"stk-block-content stk-inner-blocks stk-914f03e-inner-blocks\"><style id=\"depicter-1-inline-pre-css\">\n\n.depicter-1:not(.depicter-ready){\n\theight:500px;\n}\n\n\/***** Tablet *****\/\n@media screen and (max-width: 1024px){\n\n.depicter-1:not(.depicter-ready){\n\theight:700px;\n}\n\n}\n\/***** Mobile *****\/\n@media screen and (max-width: 767px){\n\n.depicter-1:not(.depicter-ready){\n\theight:360px;\n}\n\n}\n<\/style>\n<div id=\"depicter-1\" class=\"depicter depicter-document depicter-revert depicter-1 depicter-layout-fullwidth\">\n\n<div class=\"depicter-loading-container depicter-loading dotFlashing-dark\"><div class=\"depicter-loading-dark depicter-dot-flashing\">\n   <span><\/span>\n   <span><\/span>\n   <span><\/span>\n<\/div>\n<\/div>\n<div id=\"depicter-1-section-1\" class=\"depicter-section depicter-1-section-1\" data-name=\"Section 1\" data-type=\"section\" data-local-id=\"section-1\">\n<picture class=\"depicter-bg\">\n<source data-depicter-srcset=\"https:\/\/www.ull.es\/grados\/espanol-lengua-literatura\/wp-content\/uploads\/sites\/34\/2025\/03\/Slider_Espanol-768x248.jpg, https:\/\/www.ull.es\/grados\/espanol-lengua-literatura\/wp-content\/uploads\/sites\/34\/2025\/03\/Slider_Espanol.jpg 2x\" srcset=\"data:image\/gif;base64,R0lGODlhAQABAIAAAAAAAP\/\/\/yH5BAEAAAAALAAAAAABAAEAAAIBRAA7\" media=\"(max-width: 1024px)\" \/>\n\n<source data-depicter-srcset=\"https:\/\/www.ull.es\/grados\/espanol-lengua-literatura\/wp-content\/uploads\/sites\/34\/2025\/03\/Slider_Espanol.jpg, https:\/\/www.ull.es\/grados\/espanol-lengua-literatura\/wp-content\/uploads\/sites\/34\/2025\/03\/Slider_Espanol-1920x620.jpg 2x\" srcset=\"data:image\/gif;base64,R0lGODlhAQABAIAAAAAAAP\/\/\/yH5BAEAAAAALAAAAAABAAEAAAIBRAA7\" media=\"(min-width: 1025px)\" \/>\n<img decoding=\"async\" src=\"data:image\/gif;base64,R0lGODlhAQABAIAAAAAAAP\/\/\/yH5BAEAAAAALAAAAAABAAEAAAIBRAA7\" data-ken-burns=\"false\" data-tablet-ken-burns=\"false\" data-mobile-ken-burns=\"false\" alt=\"\" data-depicter-src=\"https:\/\/www.ull.es\/grados\/espanol-lengua-literatura\/wp-content\/uploads\/sites\/34\/2025\/03\/Slider_Espanol.jpg\" data-object-fit=\"custom,custom,\" data-object-position=\"center top,,\" data-crop=\"{'focalPoint':{'x':0.5,'y':0.5},'mediaSize':{'width':1393.54838709677414954057894647121429443359375,'height':450}}\" data-tablet-crop=\"{'focalPoint':{'x':0.5,'y':0.5},'mediaSize':{'width':2167.7419354838712024502456188201904296875,'height':700.0000000000001136868377216160297393798828125}}\" data-mobile-crop=\"{'focalPoint':{'x':0.5,'y':0.5},'mediaSize':{'width':1114.8387096774195015314035117626190185546875,'height':360}}\" \/>\n<\/picture>\n\n\n<h1 id=\"depicter-1-element-5\" class=\"depicter-element depicter-layer depicter-1-element-5\" data-type=\"text\" data-wrap=\"true\" data-name=\"Text 2\" data-local-id=\"element-5\" data-offset=\"x:142px;y:149px;origin:tl\" data-tablet-offset=\"x:218px;y:293px;origin:tl\" data-mobile-offset=\"x:6px;y:-136px;origin:tl\" data-width=\"839px,589px,348px\" data-height=\"auto,auto,auto\" data-responsive-scale=\"true,,\">Grado en Espa\u00f1ol: Lengua y Literatura<\/h1>\n\n<div id=\"depicter-1-element-10\" class=\"depicter-element depicter-layer depicter-1-element-10\" data-type=\"shape\" data-wrap=\"true\" data-name=\"Shape 1\" data-local-id=\"element-10\" data-offset=\"x:142px;y:361px;origin:tl\" data-tablet-offset=\"x:218px;y:415px;origin:tl\" data-mobile-offset=\"x:6px;y:15px;origin:tl\" data-width=\"808px,468px,309px\" data-height=\"8px,8px,8px\" data-responsive-scale=\"true,,\"><\/div>\n<\/div>\n<\/div>\n<script>\n(window.depicterSetups = window.depicterSetups || []).push(function(){\n\tDepicter.basePath = 'https:\/\/www.ull.es\/grados\/espanol-lengua-literatura\/wp-content\/plugins\/depicter\/resources\/scripts\/player\/';\n\tconst dpPlayer = Depicter.setup('.depicter-1',\n\t\t{\"width\":[\"1200\",\"1024\",\"360\"],\"height\":[\"500\",\"700\",\"360\"],\"view\":\"basic\",\"keepAspectRatio\":true,\"preload\":0,\"layout\":\"fullwidth\",\"rtl\":false,\"initAfterAppear\":false,\"ajaxApiUrl\":\"https:\\\/\\\/www.ull.es\\\/grados\\\/espanol-lengua-literatura\\\/wp-admin\\\/admin-ajax.php\",\"mouseSwipe\":true,\"touchSwipe\":true,\"useWatermark\":false}\n\t);\n});\n<\/script><\/div><\/div><\/div>\n<\/div><\/div>\n\n\n\n<div class=\"wp-block-stackable-columns alignfull stk-block-columns stk--hide-mobile stk-block stk-ceecbdc stk-block-background\" data-block-id=\"ceecbdc\"><style>.stk-ceecbdc {background-color:#360060 !important;padding-top:35px !important;padding-right:0px !important;padding-bottom:2px !important;padding-left:0px !important;margin-top:-20px !important;margin-bottom:70px !important;}.stk-ceecbdc:before{background-color:#360060 !important;}<\/style><div class=\"stk-row stk-inner-blocks stk-block-content stk-content-align stk-ceecbdc-column alignfull\">\n<div class=\"wp-block-stackable-column stk-block-column stk-column stk-block stk-fc60a5d\" data-v=\"4\" data-block-id=\"fc60a5d\"><div class=\"stk-column-wrapper stk-block-column__content stk-container stk-fc60a5d-container stk--no-background stk--no-padding\"><div class=\"stk-block-content stk-inner-blocks stk-fc60a5d-inner-blocks\">\n<div class=\"wp-block-stackable-spacer stk-block-spacer stk--no-padding stk-block stk-a3a8a68\" data-block-id=\"a3a8a68\"><style>.stk-a3a8a68 {height:0px !important;}<\/style><\/div>\n<\/div><\/div><\/div>\n<\/div><\/div>\n\n\n\n<div class=\"wp-block-stackable-columns stk-block-columns stk-block stk-8b59b96\" data-block-id=\"8b59b96\"><style>.stk-8b59b96 .stk--block-align-8b59b96{align-items:flex-start !important;}.stk-8b59b96 {margin-top:25px !important;}.stk-8b59b96-column{--stk-columns-spacing:0px !important;--stk-column-gap:50px !important;}@media screen and (max-width: 767px){.stk-8b59b96-column{row-gap:var(--stk--preset--spacing--60, 2.25rem) !important;}}<\/style><div class=\"stk-row stk-inner-blocks stk--block-align-8b59b96 stk-block-content stk-content-align stk-8b59b96-column\">\n<div class=\"wp-block-stackable-column stk-block-column stk-column stk-block stk-dbb7e15\" data-v=\"4\" data-block-id=\"dbb7e15\"><div class=\"stk-column-wrapper stk-block-column__content stk-container stk-dbb7e15-container stk--no-background stk--no-padding\"><div class=\"stk-block-content stk-inner-blocks stk-dbb7e15-inner-blocks\">\n<div class=\"wp-block-stackable-heading stk-block-heading stk-block-heading--v2 stk-block stk-689c258\" id=\"coordinacion-docente\" data-block-id=\"689c258\"><style>.stk-689c258 .stk-block-heading__text{color:#5c068c !important;}<\/style><h1 class=\"stk-block-heading__text has-text-color\">Coordinaci\u00f3n docente<\/h1><\/div>\n\n\n\n<div class=\"wp-block-stackable-text stk-block-text stk-block stk-539c1f3\" data-block-id=\"539c1f3\"><p class=\"stk-block-text__text\">De acuerdo con el Sistema de Garant\u00eda Interna de Calidad (SGIC) de la Secci\u00f3n de Filolog\u00eda, el t\u00edtulo dispone de mecanismos de coordinaci\u00f3n docente (horizontal y vertical), cuyo objetivo principal es el de establecer el sistema para coordinar la actividad docente, tanto en lo que se refiere a la programaci\u00f3n de las asignaturas como a su desarrollo y evaluaci\u00f3n, con el fin de garantizar que se realizan de acuerdo con las previsiones realizadas, esto es, que la planificaci\u00f3n temporal de las mismas, la secuenciaci\u00f3n de los contenidos de las distintas materias y asignaturas que conforman el plan de estudios y la asignaci\u00f3n de la carga de trabajo del estudiante son las adecuadas para as\u00ed asegurar la correcta adquisici\u00f3n de los resultados de aprendizaje.<\/p><\/div>\n\n\n\n<p>La&nbsp;Comisi\u00f3n de Calidad de la Secci\u00f3n, con objeto de efectuar la planificaci\u00f3n, organizaci\u00f3n y seguimiento de la coordinaci\u00f3n docente de la titulaci\u00f3n de Grado, establece los procesos a aplicar en la gesti\u00f3n y revisi\u00f3n de la coordinaci\u00f3n de las actividades docentes de la titulaci\u00f3n. El Grado cuenta con la estructura precisa para llevar a cabo dicha coordinaci\u00f3n en diferentes niveles: coordinador de titulaci\u00f3n, coordinador de curso y coordinador de asignatura. La coordinaci\u00f3n docente se realiza horizontalmente tanto entre el profesorado de una misma asignatura (coordinaci\u00f3n de asignatura) como entre el profesorado de las asignaturas de cada curso (coordinaci\u00f3n de curso), y verticalmente en la&nbsp;comisi\u00f3n acad\u00e9mica del Grado, integrada por los coordinadores de curso y el coordinador de&nbsp;Grado, quien&nbsp; favorecer\u00e1 la comunicaci\u00f3n y coordinaci\u00f3n, entre los diferentes cursos. Dicha comisi\u00f3n se re\u00fane, al menos, en dos ocasiones: al inicio del curso para definir los objetivos y al final del curso para la evaluaci\u00f3n de la&nbsp;coordinaci\u00f3n docente y el rendimiento acad\u00e9mico.<\/p>\n\n\n\n<p>Asimismo, la Comisi\u00f3n de Calidad de la que forman parte, entre otros miembros, los coordinadores de las diferentes titulaciones de la Secci\u00f3n, analiza, en relaci\u00f3n con la calidad de la ense\u00f1anza impartida, las fortalezas y debilidades encontradas, estableci\u00e9ndose las mejoras pertinentes.<\/p>\n\n\n\n<p><a href=\"https:\/\/drive.google.com\/open?id=1QVBUPxsAKfBCBz87osrBySBu8Hc-k8rG\" target=\"_blank\" rel=\"noreferrer noopener\" target=\"_blank\" rel=\"noopener\">FUNCIONES Y COMPETENCIAS DE LOS COORDINADORES DE CURSO (Aprobado por Comisi\u00f3n de Calidad el 23 de marzo de 2017)<\/a><\/p>\n\n\n\n<div class=\"wp-block-stackable-divider stk-block-divider stk-block stk-a0a58e8\" data-block-id=\"a0a58e8\"><style>.stk-a0a58e8 hr.stk-block-divider__hr{width:100% !important;}<\/style><hr class=\"stk-block-divider__hr\"\/><\/div>\n\n\n\n<ul class=\"wp-block-list\">\n<li><a href=\"https:\/\/docs.google.com\/spreadsheets\/d\/e\/2PACX-1vTut2-rkIMtXFSo3jQcPtJkKfosXbyAk_mZL3PuN6YwJBgfKeUvE1B5rgMgQB62yY6eMNlyAoqbpiVP\/pubhtml\" target=\"_blank\" rel=\"noreferrer noopener\" target=\"_blank\" rel=\"noopener\">Consultar comisi\u00f3n acad\u00e9mica del curso actual<\/a><\/li>\n\n\n\n<li><a href=\"https:\/\/drive.google.com\/open?id=1ZNLqpjdOtTWrcQe2HdQ2RNRLmPreildM\" target=\"_blank\" rel=\"noreferrer noopener\" target=\"_blank\" rel=\"noopener\">Listado de los coordinadores de curso y de titulaci\u00f3n de cursos acad\u00e9micos anteriores<\/a><\/li>\n<\/ul>\n<\/div><\/div><\/div>\n<\/div><\/div>\n","protected":false},"excerpt":{"rendered":"<p>Coordinaci\u00f3n docente De acuerdo con el Sistema de Garant\u00eda Interna de Calidad (SGIC) de la Secci\u00f3n de Filolog\u00eda, el t\u00edtulo dispone de mecanismos de coordinaci\u00f3n docente (horizontal y vertical), cuyo objetivo principal es el de establecer el sistema para coordinar la actividad docente, tanto en lo que se refiere a la programaci\u00f3n de las asignaturas&#8230;<\/p>","protected":false},"author":1,"featured_media":0,"parent":252,"menu_order":6,"comment_status":"closed","ping_status":"closed","template":"templates\/template-frontpage.php","meta":{"footnotes":""},"class_list":["post-42","page","type-page","status-publish","hentry"],"_links":{"self":[{"href":"https:\/\/www.ull.es\/grados\/espanol-lengua-literatura\/fr\/wp-json\/wp\/v2\/pages\/42","targetHints":{"allow":["GET"]}}],"collection":[{"href":"https:\/\/www.ull.es\/grados\/espanol-lengua-literatura\/fr\/wp-json\/wp\/v2\/pages"}],"about":[{"href":"https:\/\/www.ull.es\/grados\/espanol-lengua-literatura\/fr\/wp-json\/wp\/v2\/types\/page"}],"author":[{"embeddable":true,"href":"https:\/\/www.ull.es\/grados\/espanol-lengua-literatura\/fr\/wp-json\/wp\/v2\/users\/1"}],"replies":[{"embeddable":true,"href":"https:\/\/www.ull.es\/grados\/espanol-lengua-literatura\/fr\/wp-json\/wp\/v2\/comments?post=42"}],"version-history":[{"count":26,"href":"https:\/\/www.ull.es\/grados\/espanol-lengua-literatura\/fr\/wp-json\/wp\/v2\/pages\/42\/revisions"}],"predecessor-version":[{"id":1387,"href":"https:\/\/www.ull.es\/grados\/espanol-lengua-literatura\/fr\/wp-json\/wp\/v2\/pages\/42\/revisions\/1387"}],"up":[{"embeddable":true,"href":"https:\/\/www.ull.es\/grados\/espanol-lengua-literatura\/fr\/wp-json\/wp\/v2\/pages\/252"}],"wp:attachment":[{"href":"https:\/\/www.ull.es\/grados\/espanol-lengua-literatura\/fr\/wp-json\/wp\/v2\/media?parent=42"}],"curies":[{"name":"wp","href":"https:\/\/api.w.org\/{rel}","templated":true}]}}