{"id":37,"date":"2017-06-28T12:58:45","date_gmt":"2017-06-28T12:58:45","guid":{"rendered":"http:\/\/www.ull.es\/masteres\/desarrollo-y-gestion-de-recursos-humanos\/?page_id=30"},"modified":"2025-10-27T12:43:48","modified_gmt":"2025-10-27T12:43:48","slug":"perfil-de-ingreso-y-egreso","status":"publish","type":"page","link":"https:\/\/www.ull.es\/grados\/estudios-clasicos\/fr\/informacion-academica\/perfil-de-ingreso-y-egreso\/","title":{"rendered":"Profil d&#039;admission et de sortie"},"content":{"rendered":"\n<div class=\"wp-block-stackable-columns alignfull stk-block-columns stk-block stk-8657999\" data-block-id=\"8657999\"><style>.stk-8657999 {padding-bottom:0px !important;margin-top:-30px !important;margin-bottom:0px !important;}@media screen and (max-width: 767px){.stk-8657999 {margin-top:-10% !important;}}<\/style><div class=\"stk-row stk-inner-blocks stk-block-content stk-content-align stk-8657999-column alignfull\">\n<div class=\"wp-block-stackable-column stk-block-column stk-column stk-block stk-914f03e\" data-v=\"4\" data-block-id=\"914f03e\"><div class=\"stk-column-wrapper stk-block-column__content stk-container stk-914f03e-container stk--no-background stk--no-padding\"><div class=\"stk-block-content stk-inner-blocks stk-914f03e-inner-blocks\"><style id=\"depicter-1-inline-pre-css\">\n\n.depicter-1:not(.depicter-ready){\n\theight:500px;\n}\n\n\/***** Tablet *****\/\n@media screen and (max-width: 1024px){\n\n.depicter-1:not(.depicter-ready){\n\theight:700px;\n}\n\n}\n\/***** Mobile *****\/\n@media screen and (max-width: 767px){\n\n.depicter-1:not(.depicter-ready){\n\theight:360px;\n}\n\n}\n<\/style>\n<div id=\"depicter-1\" class=\"depicter depicter-document depicter-revert depicter-1 depicter-layout-fullwidth\">\n\n<div class=\"depicter-loading-container depicter-loading dotFlashing-dark\"><div class=\"depicter-loading-dark depicter-dot-flashing\">\n   <span><\/span>\n   <span><\/span>\n   <span><\/span>\n<\/div>\n<\/div>\n<div id=\"depicter-1-section-1\" class=\"depicter-section depicter-1-section-1\" data-name=\"Section 1\" data-type=\"section\" data-local-id=\"section-1\">\n<picture class=\"depicter-bg\">\n<source data-depicter-srcset=\"https:\/\/www.ull.es\/grados\/estudios-clasicos\/wp-content\/uploads\/sites\/35\/2025\/04\/Slider_Estudios_Clasicos-768x248.jpg, https:\/\/www.ull.es\/grados\/estudios-clasicos\/wp-content\/uploads\/sites\/35\/2025\/04\/Slider_Estudios_Clasicos.jpg 2x\" srcset=\"data:image\/gif;base64,R0lGODlhAQABAIAAAAAAAP\/\/\/yH5BAEAAAAALAAAAAABAAEAAAIBRAA7\" media=\"(max-width: 1024px)\" \/>\n\n<source data-depicter-srcset=\"https:\/\/www.ull.es\/grados\/estudios-clasicos\/wp-content\/uploads\/sites\/35\/2025\/04\/Slider_Estudios_Clasicos.jpg, https:\/\/www.ull.es\/grados\/estudios-clasicos\/wp-content\/uploads\/sites\/35\/2025\/04\/Slider_Estudios_Clasicos-1920x620.jpg 2x\" srcset=\"data:image\/gif;base64,R0lGODlhAQABAIAAAAAAAP\/\/\/yH5BAEAAAAALAAAAAABAAEAAAIBRAA7\" media=\"(min-width: 1025px)\" \/>\n<img decoding=\"async\" src=\"data:image\/gif;base64,R0lGODlhAQABAIAAAAAAAP\/\/\/yH5BAEAAAAALAAAAAABAAEAAAIBRAA7\" data-ken-burns=\"false\" data-tablet-ken-burns=\"false\" data-mobile-ken-burns=\"false\" alt=\"\" data-depicter-src=\"https:\/\/www.ull.es\/grados\/estudios-clasicos\/wp-content\/uploads\/sites\/35\/2025\/04\/Slider_Estudios_Clasicos.jpg\" data-object-fit=\"custom,custom,\" data-object-position=\"center top,,\" data-crop=\"{'focalPoint':{'x':0.5,'y':0.5},'mediaSize':{'width':1393.54838709677414954057894647121429443359375,'height':450}}\" data-tablet-crop=\"{'focalPoint':{'x':0.5,'y':0.5},'mediaSize':{'width':2167.7419354838712024502456188201904296875,'height':700.0000000000001136868377216160297393798828125}}\" data-mobile-crop=\"{'focalPoint':{'x':0.5,'y':0.5},'mediaSize':{'width':1114.8387096774195015314035117626190185546875,'height':360}}\" \/>\n<\/picture>\n\n\n<h1 id=\"depicter-1-element-5\" class=\"depicter-element depicter-layer depicter-1-element-5\" data-type=\"text\" data-wrap=\"true\" data-name=\"Text 2\" data-local-id=\"element-5\" data-offset=\"x:226px;y:149px;origin:tl\" data-tablet-offset=\"x:322px;y:293px;origin:tl\" data-mobile-offset=\"x:6px;y:-113px;origin:tl\" data-width=\"749px,589px,348px\" data-height=\"auto,auto,auto\" data-responsive-scale=\"true,,\">Grado en <br>Estudios Cl\u00e1sicos<\/h1>\n\n<div id=\"depicter-1-element-10\" class=\"depicter-element depicter-layer depicter-1-element-10\" data-type=\"shape\" data-wrap=\"true\" data-name=\"Shape 1\" data-local-id=\"element-10\" data-offset=\"x:238px;y:350px;origin:tl\" data-tablet-offset=\"x:322px;y:418px;origin:tl\" data-mobile-offset=\"x:6px;y:15px;origin:tl\" data-width=\"708px,410px,348px\" data-height=\"8px,8px,8px\" data-responsive-scale=\"true,,\"><\/div>\n<\/div>\n<\/div>\n<script>\n(window.depicterSetups = window.depicterSetups || []).push(function(){\n\tDepicter.basePath = 'https:\/\/www.ull.es\/grados\/estudios-clasicos\/wp-content\/plugins\/depicter\/resources\/scripts\/player\/';\n\tconst dpPlayer = Depicter.setup('.depicter-1',\n\t\t{\"width\":[\"1200\",\"1024\",\"360\"],\"height\":[\"500\",\"700\",\"360\"],\"view\":\"basic\",\"keepAspectRatio\":true,\"preload\":0,\"layout\":\"fullwidth\",\"rtl\":false,\"initAfterAppear\":false,\"ajaxApiUrl\":\"https:\\\/\\\/www.ull.es\\\/grados\\\/estudios-clasicos\\\/wp-admin\\\/admin-ajax.php\",\"mouseSwipe\":true,\"touchSwipe\":true,\"useWatermark\":false}\n\t);\n});\n<\/script><\/div><\/div><\/div>\n<\/div><\/div>\n\n\n\n<div class=\"wp-block-stackable-columns alignfull stk-block-columns stk--hide-mobile stk-block stk-ceecbdc stk-block-background\" data-block-id=\"ceecbdc\"><style>.stk-ceecbdc {background-color:#360060 !important;padding-top:35px !important;padding-right:0px !important;padding-bottom:2px !important;padding-left:0px !important;margin-top:-20px !important;margin-bottom:70px !important;}.stk-ceecbdc:before{background-color:#360060 !important;}<\/style><div class=\"stk-row stk-inner-blocks stk-block-content stk-content-align stk-ceecbdc-column alignfull\">\n<div class=\"wp-block-stackable-column stk-block-column stk-column stk-block stk-fc60a5d\" data-v=\"4\" data-block-id=\"fc60a5d\"><div class=\"stk-column-wrapper stk-block-column__content stk-container stk-fc60a5d-container stk--no-background stk--no-padding\"><div class=\"stk-block-content stk-inner-blocks stk-fc60a5d-inner-blocks\">\n<div class=\"wp-block-stackable-spacer stk-block-spacer stk--no-padding stk-block stk-a3a8a68\" data-block-id=\"a3a8a68\"><style>.stk-a3a8a68 {height:0px !important;}<\/style><\/div>\n<\/div><\/div><\/div>\n<\/div><\/div>\n\n\n\n<div class=\"wp-block-stackable-columns alignwide stk-block-columns stk-block stk-3627255\" data-block-id=\"3627255\"><style>.stk-3627255 {padding-right:16% !important;padding-left:16% !important;margin-bottom:18px !important;}<\/style><div class=\"stk-row stk-inner-blocks stk-block-content stk-content-align stk-3627255-column alignwide\">\n<div class=\"wp-block-stackable-column stk-block-column stk-column stk-block stk-81e665a\" data-v=\"4\" data-block-id=\"81e665a\"><div class=\"stk-column-wrapper stk-block-column__content stk-container stk-81e665a-container stk--no-background stk--no-padding\"><div class=\"stk-block-content stk-inner-blocks stk-81e665a-inner-blocks\">\n<div class=\"wp-block-stackable-heading stk-block-heading stk-block-heading--v2 stk-block stk-97878e6\" id=\"perfil-de-ingreso-y-egreso\" data-block-id=\"97878e6\"><style>.stk-97878e6 .stk-block-heading__text{color:#5c068c !important;}<\/style><h1 class=\"stk-block-heading__text has-text-color\">Perfil de ingreso y egreso<\/h1><\/div>\n\n\n\n<div class=\"wp-block-stackable-heading stk-block-heading stk-block-heading--v2 stk-block stk-0b40cee\" id=\"perfil-de-ingreso\" data-block-id=\"0b40cee\"><h2 class=\"stk-block-heading__text\">Perfil de ingreso<\/h2><\/div>\n\n\n\n<div class=\"wp-block-stackable-text stk-block-text stk-block stk-07895de\" data-block-id=\"07895de\"><p class=\"stk-block-text__text\">El Grado en\u00a0<strong><em>Estudios Cl\u00e1sicos<\/em><\/strong>, aunque no exige a su alumnado ninguna formaci\u00f3n espec\u00edfica previa, est\u00e1 orientado a todos aquellos que est\u00e9n interesados en el mundo cl\u00e1sico grecolatino y, en particular, a todos aquellos que tengan inter\u00e9s por las lenguas y la diversidad cultural, posean habilidades en el lenguaje escrito y hablado, tengan la capacidad del razonamiento l\u00f3gico y esp\u00edritu cr\u00edtico<\/p><\/div>\n\n\n\n<div class=\"wp-block-stackable-heading stk-block-heading stk-block-heading--v2 stk-block stk-c08fa38\" id=\"perfil-de-egreso\" data-block-id=\"c08fa38\"><h2 class=\"stk-block-heading__text\">Perfil de egreso<\/h2><\/div>\n\n\n\n<div class=\"wp-block-stackable-text stk-block-text stk-block stk-ff5fa7b\" data-block-id=\"ff5fa7b\"><p class=\"stk-block-text__text\">El grado en Estudios Cl\u00e1sicos tiene como objetivo fundamental la conservaci\u00f3n y transmisi\u00f3n de los conocimientos relativos al legado de la antig\u00fcedad cl\u00e1sica, su tradici\u00f3n y su presencia en el mundo contempor\u00e1neo. Por lo tanto, el Grado proporciona las competencias y resultados de aprendizaje necesarios para la formaci\u00f3n de futuros profesionales en los campos relacionados con la ense\u00f1anza de las lenguas latina y griega y de la cultura grecolatina, as\u00ed como con el asesoramiento y apoyo a profesionales de muy diversa \u00edndole, y en particular, para las siguientes:<\/p><\/div>\n\n\n\n<ul class=\"wp-block-list\">\n<li>Ense\u00f1anza secundaria y universitaria, tanto en centros p\u00fablicos como privados.<\/li>\n\n\n\n<li>Colaboradores y asesores en proyectos sobre las relaciones internacionales del \u00e1mbito cultural, hist\u00f3rico y social europeo: migraci\u00f3n, diversidad ling\u00fc\u00edstica, multiculturalidad y configuraci\u00f3n de Europa.<\/li>\n\n\n\n<li>Colaboradores y asesores en la organizaci\u00f3n de pol\u00edticas de igualdad de g\u00e9nero.<\/li>\n\n\n\n<li>Traducci\u00f3n especializada de textos latinos y griegos en todos los \u00e1mbitos del conocimiento.<\/li>\n\n\n\n<li>Elaboraci\u00f3n de materiales culturales e informativos en el \u00e1mbito tur\u00edstico.<\/li>\n\n\n\n<li>Colaboraci\u00f3n y asesoramiento ling\u00fc\u00edstico, literario y cultural en el \u00e1mbito de la comunicaci\u00f3n.<\/li>\n\n\n\n<li>Edici\u00f3n literaria y cr\u00edtica en nuevos soportes: p\u00e1ginas electr\u00f3nicas y aplicaciones inform\u00e1ticas en el mundo de la cultura.<\/li>\n\n\n\n<li>Apoyo a la investigaci\u00f3n en las ramas de Ciencias, Ciencias sociales y jur\u00eddicas, Ciencias de la salud, Ingenier\u00eda y arquitectura, y Artes y humanidades, en relaci\u00f3n con las bases te\u00f3ricas, ling\u00fc\u00edsticas e hist\u00f3ricas del mundo cl\u00e1sico.<\/li>\n\n\n\n<li>Formaci\u00f3n especializada en instituciones p\u00fablicas y en empresas.<\/li>\n\n\n\n<li>Profesionales cualificados del mundo editorial.<\/li>\n\n\n\n<li>Aplicaci\u00f3n ling\u00fc\u00edstica especializada a las nuevas tecnolog\u00edas del lenguaje y de las comunicaciones.<\/li>\n\n\n\n<li>Asesoramiento especializado en el marco de la documentaci\u00f3n, archiv\u00edstica y biblioteconom\u00eda.<\/li>\n<\/ul>\n\n\n\n<p>En \u00faltima instancia, las habilidades adquiridas de modo transversal tales como identificaci\u00f3n, aislamiento, an\u00e1lisis y resoluci\u00f3n de problemas, organizaci\u00f3n y dise\u00f1o de tareas, toma de decisiones, agilidad en la b\u00fasqueda y selecci\u00f3n de informaci\u00f3n, esp\u00edritu cr\u00edtico, capacidad comunicativa oral y escrita, etc. har\u00e1n del egresado un profesional adecuado para ocupar puestos de gesti\u00f3n y direcci\u00f3n tanto en el \u00e1mbito p\u00fablico como privado.<\/p>\n<\/div><\/div><\/div>\n<\/div><\/div>\n","protected":false},"excerpt":{"rendered":"<p>Profil d&#039;entr\u00e9e et de sortie Profil d&#039;entr\u00e9e Le dipl\u00f4me d&#039;\u00e9tudes classiques, bien qu&#039;il ne requi\u00e8re aucune formation pr\u00e9alable sp\u00e9cifique de la part des \u00e9tudiants, s&#039;adresse \u00e0 tous ceux qui s&#039;int\u00e9ressent au monde classique gr\u00e9co-romain et, en particulier, \u00e0 tous ceux qui s&#039;int\u00e9ressent aux langues et \u00e0 la diversit\u00e9 culturelle, et qui poss\u00e8dent des comp\u00e9tences en\u2026<\/p>","protected":false},"author":1,"featured_media":0,"parent":252,"menu_order":1,"comment_status":"closed","ping_status":"closed","template":"templates\/template-frontpage.php","meta":{"footnotes":""},"class_list":["post-37","page","type-page","status-publish","hentry"],"_links":{"self":[{"href":"https:\/\/www.ull.es\/grados\/estudios-clasicos\/fr\/wp-json\/wp\/v2\/pages\/37","targetHints":{"allow":["GET"]}}],"collection":[{"href":"https:\/\/www.ull.es\/grados\/estudios-clasicos\/fr\/wp-json\/wp\/v2\/pages"}],"about":[{"href":"https:\/\/www.ull.es\/grados\/estudios-clasicos\/fr\/wp-json\/wp\/v2\/types\/page"}],"author":[{"embeddable":true,"href":"https:\/\/www.ull.es\/grados\/estudios-clasicos\/fr\/wp-json\/wp\/v2\/users\/1"}],"replies":[{"embeddable":true,"href":"https:\/\/www.ull.es\/grados\/estudios-clasicos\/fr\/wp-json\/wp\/v2\/comments?post=37"}],"version-history":[{"count":16,"href":"https:\/\/www.ull.es\/grados\/estudios-clasicos\/fr\/wp-json\/wp\/v2\/pages\/37\/revisions"}],"predecessor-version":[{"id":1370,"href":"https:\/\/www.ull.es\/grados\/estudios-clasicos\/fr\/wp-json\/wp\/v2\/pages\/37\/revisions\/1370"}],"up":[{"embeddable":true,"href":"https:\/\/www.ull.es\/grados\/estudios-clasicos\/fr\/wp-json\/wp\/v2\/pages\/252"}],"wp:attachment":[{"href":"https:\/\/www.ull.es\/grados\/estudios-clasicos\/fr\/wp-json\/wp\/v2\/media?parent=37"}],"curies":[{"name":"wp","href":"https:\/\/api.w.org\/{rel}","templated":true}]}}