{"id":35,"date":"2017-06-28T12:58:08","date_gmt":"2017-06-28T12:58:08","guid":{"rendered":"http:\/\/www.ull.es\/masteres\/desarrollo-y-gestion-de-recursos-humanos\/?page_id=26"},"modified":"2025-10-27T12:42:13","modified_gmt":"2025-10-27T12:42:13","slug":"descripcion-del-titulo","status":"publish","type":"page","link":"https:\/\/www.ull.es\/grados\/estudios-clasicos\/informacion-academica\/descripcion-del-titulo\/","title":{"rendered":"Descripci\u00f3n del t\u00edtulo"},"content":{"rendered":"\n<div class=\"wp-block-stackable-columns alignfull stk-block-columns stk-block stk-8657999\" data-block-id=\"8657999\"><style>.stk-8657999 {padding-bottom:0px !important;margin-top:-30px !important;margin-bottom:0px !important;}@media screen and (max-width: 767px){.stk-8657999 {margin-top:-10% !important;}}<\/style><div class=\"stk-row stk-inner-blocks stk-block-content stk-content-align stk-8657999-column alignfull\">\n<div class=\"wp-block-stackable-column stk-block-column stk-column stk-block stk-914f03e\" data-v=\"4\" data-block-id=\"914f03e\"><div class=\"stk-column-wrapper stk-block-column__content stk-container stk-914f03e-container stk--no-background stk--no-padding\"><div class=\"stk-block-content stk-inner-blocks stk-914f03e-inner-blocks\"><style id=\"depicter-1-inline-pre-css\">\n\n.depicter-1:not(.depicter-ready){\n\theight:500px;\n}\n\n\/***** Tablet *****\/\n@media screen and (max-width: 1024px){\n\n.depicter-1:not(.depicter-ready){\n\theight:700px;\n}\n\n}\n\/***** Mobile *****\/\n@media screen and (max-width: 767px){\n\n.depicter-1:not(.depicter-ready){\n\theight:360px;\n}\n\n}\n<\/style>\n<div id=\"depicter-1\" class=\"depicter depicter-document depicter-revert depicter-1 depicter-layout-fullwidth\">\n\n<div class=\"depicter-loading-container depicter-loading dotFlashing-dark\"><div class=\"depicter-loading-dark depicter-dot-flashing\">\n   <span><\/span>\n   <span><\/span>\n   <span><\/span>\n<\/div>\n<\/div>\n<div id=\"depicter-1-section-1\" class=\"depicter-section depicter-1-section-1\" data-name=\"Section 1\" data-type=\"section\" data-local-id=\"section-1\">\n<picture class=\"depicter-bg\">\n<source data-depicter-srcset=\"https:\/\/www.ull.es\/grados\/estudios-clasicos\/wp-content\/uploads\/sites\/35\/2025\/04\/Slider_Estudios_Clasicos-768x248.jpg, https:\/\/www.ull.es\/grados\/estudios-clasicos\/wp-content\/uploads\/sites\/35\/2025\/04\/Slider_Estudios_Clasicos.jpg 2x\" srcset=\"data:image\/gif;base64,R0lGODlhAQABAIAAAAAAAP\/\/\/yH5BAEAAAAALAAAAAABAAEAAAIBRAA7\" media=\"(max-width: 1024px)\" \/>\n\n<source data-depicter-srcset=\"https:\/\/www.ull.es\/grados\/estudios-clasicos\/wp-content\/uploads\/sites\/35\/2025\/04\/Slider_Estudios_Clasicos.jpg, https:\/\/www.ull.es\/grados\/estudios-clasicos\/wp-content\/uploads\/sites\/35\/2025\/04\/Slider_Estudios_Clasicos-1920x620.jpg 2x\" srcset=\"data:image\/gif;base64,R0lGODlhAQABAIAAAAAAAP\/\/\/yH5BAEAAAAALAAAAAABAAEAAAIBRAA7\" media=\"(min-width: 1025px)\" \/>\n<img decoding=\"async\" src=\"data:image\/gif;base64,R0lGODlhAQABAIAAAAAAAP\/\/\/yH5BAEAAAAALAAAAAABAAEAAAIBRAA7\" data-ken-burns=\"false\" data-tablet-ken-burns=\"false\" data-mobile-ken-burns=\"false\" alt=\"\" data-depicter-src=\"https:\/\/www.ull.es\/grados\/estudios-clasicos\/wp-content\/uploads\/sites\/35\/2025\/04\/Slider_Estudios_Clasicos.jpg\" data-object-fit=\"custom,custom,\" data-object-position=\"center top,,\" data-crop=\"{'focalPoint':{'x':0.5,'y':0.5},'mediaSize':{'width':1393.54838709677414954057894647121429443359375,'height':450}}\" data-tablet-crop=\"{'focalPoint':{'x':0.5,'y':0.5},'mediaSize':{'width':2167.7419354838712024502456188201904296875,'height':700.0000000000001136868377216160297393798828125}}\" data-mobile-crop=\"{'focalPoint':{'x':0.5,'y':0.5},'mediaSize':{'width':1114.8387096774195015314035117626190185546875,'height':360}}\" \/>\n<\/picture>\n\n\n<h1 id=\"depicter-1-element-5\" class=\"depicter-element depicter-layer depicter-1-element-5\" data-type=\"text\" data-wrap=\"true\" data-name=\"Text 2\" data-local-id=\"element-5\" data-offset=\"x:226px;y:149px;origin:tl\" data-tablet-offset=\"x:322px;y:293px;origin:tl\" data-mobile-offset=\"x:6px;y:-113px;origin:tl\" data-width=\"749px,589px,348px\" data-height=\"auto,auto,auto\" data-responsive-scale=\"true,,\">Grado en <br>Estudios Cl\u00e1sicos<\/h1>\n\n<div id=\"depicter-1-element-10\" class=\"depicter-element depicter-layer depicter-1-element-10\" data-type=\"shape\" data-wrap=\"true\" data-name=\"Shape 1\" data-local-id=\"element-10\" data-offset=\"x:238px;y:350px;origin:tl\" data-tablet-offset=\"x:322px;y:418px;origin:tl\" data-mobile-offset=\"x:6px;y:15px;origin:tl\" data-width=\"708px,410px,348px\" data-height=\"8px,8px,8px\" data-responsive-scale=\"true,,\"><\/div>\n<\/div>\n<\/div>\n<script>\n(window.depicterSetups = window.depicterSetups || []).push(function(){\n\tDepicter.basePath = 'https:\/\/www.ull.es\/grados\/estudios-clasicos\/wp-content\/plugins\/depicter\/resources\/scripts\/player\/';\n\tconst dpPlayer = Depicter.setup('.depicter-1',\n\t\t{\"width\":[\"1200\",\"1024\",\"360\"],\"height\":[\"500\",\"700\",\"360\"],\"view\":\"basic\",\"keepAspectRatio\":true,\"preload\":0,\"layout\":\"fullwidth\",\"rtl\":false,\"initAfterAppear\":false,\"ajaxApiUrl\":\"https:\\\/\\\/www.ull.es\\\/grados\\\/estudios-clasicos\\\/wp-admin\\\/admin-ajax.php\",\"mouseSwipe\":true,\"touchSwipe\":true,\"useWatermark\":false}\n\t);\n});\n<\/script><\/div><\/div><\/div>\n<\/div><\/div>\n\n\n\n<div class=\"wp-block-stackable-columns alignfull stk-block-columns stk--hide-mobile stk-block stk-ceecbdc stk-block-background\" data-block-id=\"ceecbdc\"><style>.stk-ceecbdc {background-color:#360060 !important;padding-top:35px !important;padding-right:0px !important;padding-bottom:2px !important;padding-left:0px !important;margin-top:-20px !important;margin-bottom:70px !important;}.stk-ceecbdc:before{background-color:#360060 !important;}<\/style><div class=\"stk-row stk-inner-blocks stk-block-content stk-content-align stk-ceecbdc-column alignfull\">\n<div class=\"wp-block-stackable-column stk-block-column stk-column stk-block stk-fc60a5d\" data-v=\"4\" data-block-id=\"fc60a5d\"><div class=\"stk-column-wrapper stk-block-column__content stk-container stk-fc60a5d-container stk--no-background stk--no-padding\"><div class=\"stk-block-content stk-inner-blocks stk-fc60a5d-inner-blocks\">\n<div class=\"wp-block-stackable-spacer stk-block-spacer stk--no-padding stk-block stk-a3a8a68\" data-block-id=\"a3a8a68\"><style>.stk-a3a8a68 {height:0px !important;}<\/style><\/div>\n<\/div><\/div><\/div>\n<\/div><\/div>\n\n\n\n<div class=\"wp-block-stackable-columns alignwide stk-block-columns stk-block stk-3627255\" data-block-id=\"3627255\"><style>.stk-3627255 {padding-right:16% !important;padding-left:16% !important;margin-bottom:18px !important;}<\/style><div class=\"stk-row stk-inner-blocks stk-block-content stk-content-align stk-3627255-column alignwide\">\n<div class=\"wp-block-stackable-column stk-block-column stk-column stk-block stk-81e665a\" data-v=\"4\" data-block-id=\"81e665a\"><div class=\"stk-column-wrapper stk-block-column__content stk-container stk-81e665a-container stk--no-background stk--no-padding\"><div class=\"stk-block-content stk-inner-blocks stk-81e665a-inner-blocks\">\n<div class=\"wp-block-stackable-heading stk-block-heading stk-block-heading--v2 stk-block stk-97878e6\" id=\"descripcion-del-titulo\" data-block-id=\"97878e6\"><style>.stk-97878e6 .stk-block-heading__text{color:#5c068c !important;}<\/style><h1 class=\"stk-block-heading__text has-text-color\">Descripci\u00f3n del t\u00edtulo<\/h1><\/div>\n\n\n\n<style>\n.hoverable {\n  transition: transform 0.3s, box-shadow 0.3s;\n  cursor: pointer;\n}\n.hoverable:hover {\n  transform: scale(1.02);\n  box-shadow: 0 0.5rem 1rem rgba(0,0,0,0.25);\n  \/* Mantiene el color de fondo original *\/\n}\n<\/style>\n\n<!-- Tabla general con estilo similar -->\n<table class=\"table table-bordered table-striped align-middle text-center shadow-sm rounded overflow-hidden table-hover-effect\" style=\"border-collapse: separate; border-spacing: 0; box-shadow: 0 0.5rem 1rem rgba(0,0,0,0.15); border-radius:2rem; width:100%;\">\n  <tbody>\n    <tr style=\"background-color:#360060; color:#fff;\">\n      <td class=\"hoverable fw-bold\" style=\"width:30%; border-top-left-radius: 1.5rem; font-weight:bold;\">Nombre del t\u00edtulo:<\/td>\n      <td class=\"hoverable\" style=\"border-top-right-radius: 1.5rem; font-weight:bold;\">\tGraduado o Graduada en Estudios Cl\u00e1sicos por la Universidad de La Laguna<\/td>\n    <\/tr>\n    <tr style=\"background-color:#f8f9fa;\">\n      <td class=\"hoverable fw-bold\" style=\"font-weight:bold;\">Universidad y centros responsables:<\/td>\n      <td class=\"hoverable\">Universidad de La Laguna. <a href=\"https:\/\/www.ull.es\/centros\/facultad-humanidades\" target=\"_blank\" rel=\"noopener\">Facultad de Humanidades <\/a> (Secci\u00f3n de Filolog\u00eda)<\/td>\n    <\/tr>\n    <tr style=\"background-color:#fff;\">\n      <td class=\"hoverable fw-bold\" style=\"font-weight:bold;\">Modalidad de ense\u00f1anza:<\/td>\n      <td class=\"hoverable\">Presencial<\/td>\n    <\/tr>\n    <tr style=\"background-color:#f8f9fa;\">\n      <td class=\"hoverable fw-bold\" style=\"font-weight:bold;\">Lugar de impartici\u00f3n<\/td>\n      <td class=\"hoverable\"><a href=\"https:\/\/www.ull.es\/centros\/facultad-bellas-artes\/\" target=\"_blank\" rel=\"noopener\">Facultad de Bellas Artes<\/a><\/td>\n    <\/tr>\n    <tr style=\"background-color:#fff;\">\n      <td class=\"hoverable fw-bold\" width=\"30%\" style=\"font-weight:bold;\">Plazas ofertadas:<\/td>\n      <td class=\"hoverable\" width=\"70%\">75 plazas de nuevo ingreso<\/td>\n    <\/tr>\n    <tr style=\"background-color:#f8f9fa;\">\n      <td class=\"hoverable fw-bold\" style=\"font-weight:bold;\">N\u00famero de cr\u00e9ditos:<\/td>\n      <td class=\"hoverable\">240 ECTS N\u00famero M\u00ednimo de Cr\u00e9ditos ECTS por Estudiante y <b>Periodo Lectivo:<\/b> 30 ECTS por curso para alumnos de nuevo ingreso en la modalidad de tiempo parcial (15% de plazas destinadas a esta modalidad).<\/td>\n    <\/tr>\n    <tr style=\"background-color:#f8f9fa;\">\n      <td class=\"hoverable fw-bold\" style=\"font-weight:bold;\">Precio del primer curso<\/td>\n      <td class=\"hoverable\"><a href=\"https:\/\/drive.google.com\/file\/d\/1RJF-XXHOh4JxxZCb0C1K7i4e8hNBzh96\/view\" target=\"_blank\" rel=\"noopener\">Enlace<\/a><\/td>\n    <\/tr>\n    <tr style=\"background-color:#fff;\">\n      <td class=\"hoverable fw-bold\" style=\"font-weight:bold;\">Duraci\u00f3n del t\u00edtulo<\/td>\n      <td class=\"hoverable\">4 a\u00f1os<\/td>\n    <\/tr>\n    <tr style=\"background-color:#fff;\">\n      <td class=\"hoverable fw-bold\" style=\"font-weight:bold;\">Idiomas en los que se imparte:<\/td>\n      <td class=\"hoverable\">Espa\u00f1ol<\/td>\n    <\/tr>\n    <tr style=\"background-color:#f8f9fa;\">\n      <td class=\"hoverable fw-bold\" style=\"border-bottom-left-radius: 1.5rem; font-weight:bold;\">Justificaci\u00f3n del t\u00edtulo<\/td>\n      <td class=\"hoverable\" style=\"border-bottom-right-radius: 1.5rem;\"><a href=\"https:\/\/drive.google.com\/open?id=1pmqWJKKnFSL_6opKUxGexKkLWrnubhTD\" target=\"_blank\" rel=\"noopener\">Acceso a la justificaci\u00f3n<\/a><\/td>\n    <\/tr>\n  <\/tbody>\n<\/table>\n\n\n\n<div class=\"wp-block-stackable-text stk-block-text stk-block stk-3af5671\" data-block-id=\"3af5671\"><p class=\"stk-block-text__text\"><strong>Normas de permanencia<\/strong><\/p><\/div>\n\n\n\n<ul class=\"wp-block-list\">\n<li><a href=\"https:\/\/riull.ull.es\/xmlui\/bitstream\/handle\/915\/15138\/Acuerdo%201.%20NPPult.pdf?sequence=3&amp;isAllowed=y\" target=\"_blank\" rel=\"noreferrer noopener\" target=\"_blank\" rel=\"noopener\">Normativa de Progreso y Permanencia<\/a><\/li>\n<\/ul>\n\n\n\n<p><strong>Resto de informaci\u00f3n necesaria para la expedici\u00f3n del Suplemento Europeo al T\u00edtulo:<\/strong><\/p>\n\n\n\n<p><strong>Rama de conocimiento:&nbsp;<\/strong>Artes y Humanidades<\/p>\n\n\n\n<p><strong>Naturaleza de la Instituci\u00f3n:&nbsp;<\/strong>Universidad P\u00fablica<\/p>\n\n\n\n<p><strong>Naturaleza del Centro:&nbsp;<\/strong>Facultad propia de la Universidad<\/p>\n\n\n\n<p><strong>Profesiones para que las que capacita<\/strong>:<\/p>\n\n\n\n<p>El Grado proporciona las competencias y resultados de aprendizaje fundamentales para intervenir en el mundo de:<\/p>\n\n\n\n<ul class=\"wp-block-list\">\n<li>Ense\u00f1anza secundaria y universitaria, tanto en centros p\u00fablicos como privados.<\/li>\n\n\n\n<li>Colaboradores y asesores en proyectos sobre las relaciones internacionales del \u00e1mbito cultural, hist\u00f3rico y social europeo: migraci\u00f3n, diversidad ling\u00fc\u00edstica, multiculturalidad y configuraci\u00f3n de Europa.<\/li>\n\n\n\n<li>Colaboradores y asesores en la organizaci\u00f3n de pol\u00edticas de igualdad de g\u00e9nero.<\/li>\n\n\n\n<li>Traducci\u00f3n especializada de textos latinos y griegos en todos los \u00e1mbitos del conocimiento.<\/li>\n\n\n\n<li>Elaboraci\u00f3n de materiales culturales e informativos en el \u00e1mbito tur\u00edstico.<\/li>\n\n\n\n<li>Colaboraci\u00f3n y asesoramiento ling\u00fc\u00edstico, literario y cultural en el \u00e1mbito de la comunicaci\u00f3n.<\/li>\n\n\n\n<li>Edici\u00f3n literaria y cr\u00edtica en nuevos soportes: p\u00e1ginas electr\u00f3nicas y aplicaciones inform\u00e1ticas en el mundo de la cultura.<\/li>\n\n\n\n<li>Apoyo a la investigaci\u00f3n en las ramas de Ciencias, Ciencias sociales y jur\u00eddicas, Ciencias de la salud, Ingenier\u00eda y arquitectura, y Artes y humanidades, en relaci\u00f3n con las bases te\u00f3ricas, ling\u00fc\u00edsticas e hist\u00f3ricas del mundo cl\u00e1sico.<\/li>\n\n\n\n<li>Formaci\u00f3n especializada en instituciones p\u00fablicas y en empresas.<\/li>\n\n\n\n<li>Profesionales cualificados del mundo editorial.<\/li>\n\n\n\n<li>Aplicaci\u00f3n ling\u00fc\u00edstica especializada a las nuevas tecnolog\u00edas del lenguaje y de las comunicaciones.<\/li>\n\n\n\n<li>Asesoramiento especializado en el marco de la documentaci\u00f3n, archiv\u00edstica y biblioteconom\u00eda.<\/li>\n<\/ul>\n\n\n\n<p><strong>Idioma en que se imparte:<\/strong><\/p>\n\n\n\n<p>92,5% en espa\u00f1ol,&nbsp;5% en ingl\u00e9s y&nbsp;2,5% en griego&nbsp;moderno<\/p>\n\n\n\n<p><strong>Necesidades educativas especiales<\/strong><\/p>\n\n\n\n<p>La ULL ha implantado (desde el curso 1999\/2000) un&nbsp;<a href=\"https:\/\/www.ull.es\/admision-becas\/paed\" target=\"_blank\" rel=\"noreferrer noopener\" target=\"_blank\" rel=\"noopener\">Programa de Atenci\u00f3n a Estudiantes con&nbsp;Discapacidad<\/a>. Dicho Programa tiene como objetivo garantizar la igualdad de condiciones de los&nbsp;estudiantes con discapacidad con las del resto. Se persigue la integraci\u00f3n de estas personas en la&nbsp;Universidad en todos los aspectos que afecten a los estudios y la vida universitaria.<br>El estudiante con discapacidad puede ponerse en contacto con la oficina de Servicios&nbsp;Asistenciales del Vicerrectorado de Alumnado, situado en el Antiguo Edificio Central de la Universidad de&nbsp;La Laguna, llamando al tel\u00e9fono 922319610 o mediante la direcci\u00f3n de correo electr\u00f3nico&nbsp;<a href=\"mailto:seas@ull.es\" target=\"_blank\" rel=\"noreferrer noopener\" target=\"_blank\" rel=\"noopener\">seas@ull.es<\/a>.<\/p>\n<\/div><\/div><\/div>\n<\/div><\/div>\n","protected":false},"excerpt":{"rendered":"<p>Descripci\u00f3n del t\u00edtulo Nombre del t\u00edtulo: Graduado o Graduada en Estudios Cl\u00e1sicos por la Universidad de La Laguna Universidad y centros responsables: Universidad de La Laguna. Facultad de Humanidades (Secci\u00f3n de Filolog\u00eda) Modalidad de ense\u00f1anza: Presencial Lugar de impartici\u00f3n Facultad de Bellas Artes Plazas ofertadas: 75 plazas de nuevo ingreso N\u00famero de cr\u00e9ditos: 240 ECTS&#8230;<\/p>\n","protected":false},"author":1,"featured_media":0,"parent":252,"menu_order":0,"comment_status":"closed","ping_status":"closed","template":"templates\/template-frontpage.php","meta":{"footnotes":""},"class_list":["post-35","page","type-page","status-publish","hentry"],"_links":{"self":[{"href":"https:\/\/www.ull.es\/grados\/estudios-clasicos\/wp-json\/wp\/v2\/pages\/35","targetHints":{"allow":["GET"]}}],"collection":[{"href":"https:\/\/www.ull.es\/grados\/estudios-clasicos\/wp-json\/wp\/v2\/pages"}],"about":[{"href":"https:\/\/www.ull.es\/grados\/estudios-clasicos\/wp-json\/wp\/v2\/types\/page"}],"author":[{"embeddable":true,"href":"https:\/\/www.ull.es\/grados\/estudios-clasicos\/wp-json\/wp\/v2\/users\/1"}],"replies":[{"embeddable":true,"href":"https:\/\/www.ull.es\/grados\/estudios-clasicos\/wp-json\/wp\/v2\/comments?post=35"}],"version-history":[{"count":40,"href":"https:\/\/www.ull.es\/grados\/estudios-clasicos\/wp-json\/wp\/v2\/pages\/35\/revisions"}],"predecessor-version":[{"id":1368,"href":"https:\/\/www.ull.es\/grados\/estudios-clasicos\/wp-json\/wp\/v2\/pages\/35\/revisions\/1368"}],"up":[{"embeddable":true,"href":"https:\/\/www.ull.es\/grados\/estudios-clasicos\/wp-json\/wp\/v2\/pages\/252"}],"wp:attachment":[{"href":"https:\/\/www.ull.es\/grados\/estudios-clasicos\/wp-json\/wp\/v2\/media?parent=35"}],"curies":[{"name":"wp","href":"https:\/\/api.w.org\/{rel}","templated":true}]}}