{"id":37,"date":"2017-06-28T12:58:45","date_gmt":"2017-06-28T12:58:45","guid":{"rendered":"http:\/\/www.ull.es\/masteres\/desarrollo-y-gestion-de-recursos-humanos\/?page_id=30"},"modified":"2025-10-28T08:26:33","modified_gmt":"2025-10-28T08:26:33","slug":"perfil-de-ingreso-y-egreso","status":"publish","type":"page","link":"https:\/\/www.ull.es\/grados\/estudios-ingleses\/en\/informacion-academica\/perfil-de-ingreso-y-egreso\/","title":{"rendered":"Admission and exit profile"},"content":{"rendered":"\n<div class=\"wp-block-stackable-columns alignfull stk-block-columns stk-block stk-8657999\" data-block-id=\"8657999\"><style>.stk-8657999 {padding-bottom:0px !important;margin-top:-30px !important;margin-bottom:0px !important;}@media screen and (max-width: 767px){.stk-8657999 {margin-top:-10% !important;}}<\/style><div class=\"stk-row stk-inner-blocks stk-block-content stk-content-align stk-8657999-column alignfull\">\n<div class=\"wp-block-stackable-column stk-block-column stk-column stk-block stk-914f03e\" data-v=\"4\" data-block-id=\"914f03e\"><div class=\"stk-column-wrapper stk-block-column__content stk-container stk-914f03e-container stk--no-background stk--no-padding\"><div class=\"stk-block-content stk-inner-blocks stk-914f03e-inner-blocks\"><style id=\"depicter-1-inline-pre-css\">\n\n.depicter-1:not(.depicter-ready){\n\theight:500px;\n}\n\n\/***** Tablet *****\/\n@media screen and (max-width: 1024px){\n\n.depicter-1:not(.depicter-ready){\n\theight:700px;\n}\n\n}\n\/***** Mobile *****\/\n@media screen and (max-width: 767px){\n\n.depicter-1:not(.depicter-ready){\n\theight:360px;\n}\n\n}\n<\/style>\n<div id=\"depicter-1\" class=\"depicter depicter-document depicter-revert depicter-1 depicter-layout-fullwidth\">\n\n<div class=\"depicter-loading-container depicter-loading dotFlashing-dark\"><div class=\"depicter-loading-dark depicter-dot-flashing\">\n   <span><\/span>\n   <span><\/span>\n   <span><\/span>\n<\/div>\n<\/div>\n<div id=\"depicter-1-section-1\" class=\"depicter-section depicter-1-section-1\" data-name=\"Section 1\" data-type=\"section\" data-local-id=\"section-1\">\n<picture class=\"depicter-bg\">\n<source data-depicter-srcset=\"https:\/\/www.ull.es\/grados\/estudios-ingleses\/wp-content\/uploads\/sites\/38\/2025\/04\/Slider_Estudios_Ingleses-768x248.jpg, https:\/\/www.ull.es\/grados\/estudios-ingleses\/wp-content\/uploads\/sites\/38\/2025\/04\/Slider_Estudios_Ingleses.jpg 2x\" srcset=\"data:image\/gif;base64,R0lGODlhAQABAIAAAAAAAP\/\/\/yH5BAEAAAAALAAAAAABAAEAAAIBRAA7\" media=\"(max-width: 1024px)\" \/>\n\n<source data-depicter-srcset=\"https:\/\/www.ull.es\/grados\/estudios-ingleses\/wp-content\/uploads\/sites\/38\/2025\/04\/Slider_Estudios_Ingleses.jpg, https:\/\/www.ull.es\/grados\/estudios-ingleses\/wp-content\/uploads\/sites\/38\/2025\/04\/Slider_Estudios_Ingleses-1920x620.jpg 2x\" srcset=\"data:image\/gif;base64,R0lGODlhAQABAIAAAAAAAP\/\/\/yH5BAEAAAAALAAAAAABAAEAAAIBRAA7\" media=\"(min-width: 1025px)\" \/>\n<img decoding=\"async\" src=\"data:image\/gif;base64,R0lGODlhAQABAIAAAAAAAP\/\/\/yH5BAEAAAAALAAAAAABAAEAAAIBRAA7\" data-ken-burns=\"false\" data-tablet-ken-burns=\"false\" data-mobile-ken-burns=\"false\" alt=\"\" data-depicter-src=\"https:\/\/www.ull.es\/grados\/estudios-ingleses\/wp-content\/uploads\/sites\/38\/2025\/04\/Slider_Estudios_Ingleses.jpg\" data-object-fit=\"custom,custom,\" data-object-position=\"center top,,\" data-crop=\"{'focalPoint':{'x':0.5,'y':0.5},'mediaSize':{'width':1393.54838709677414954057894647121429443359375,'height':450}}\" data-tablet-crop=\"{'focalPoint':{'x':0.63000000000000000444089209850062616169452667236328125,'y':0.5},'mediaSize':{'width':2167,'height':700}}\" data-mobile-crop=\"{'focalPoint':{'x':0.5,'y':0.5},'mediaSize':{'width':1114.8387096774195015314035117626190185546875,'height':360}}\" \/>\n<\/picture>\n\n\n<h1 id=\"depicter-1-element-5\" class=\"depicter-element depicter-layer depicter-1-element-5\" data-type=\"text\" data-wrap=\"true\" data-name=\"Text 2\" data-local-id=\"element-5\" data-offset=\"x:215px;y:150px;origin:tl\" data-tablet-offset=\"x:290px;y:293px;origin:tl\" data-mobile-offset=\"x:6px;y:-127px;origin:tl\" data-width=\"770px,444px,348px\" data-height=\"auto,auto,auto\" data-responsive-scale=\"true,,\">Grado en <br>Estudios Ingleses<\/h1>\n\n<div id=\"depicter-1-element-10\" class=\"depicter-element depicter-layer depicter-1-element-10\" data-type=\"shape\" data-wrap=\"true\" data-name=\"Shape 1\" data-local-id=\"element-10\" data-offset=\"x:223px;y:349px;origin:tl\" data-tablet-offset=\"x:290px;y:426px;origin:tl\" data-mobile-offset=\"x:6px;y:-8px;origin:tl\" data-width=\"712px,444px,348px\" data-height=\"8px,8px,8px\" data-responsive-scale=\"true,,\"><\/div>\n<\/div>\n<\/div>\n<script>\n(window.depicterSetups = window.depicterSetups || []).push(function(){\n\tDepicter.basePath = 'https:\/\/www.ull.es\/grados\/estudios-ingleses\/wp-content\/plugins\/depicter\/resources\/scripts\/player\/';\n\tconst dpPlayer = Depicter.setup('.depicter-1',\n\t\t{\"width\":[\"1200\",\"1024\",\"360\"],\"height\":[\"500\",\"700\",\"360\"],\"view\":\"basic\",\"keepAspectRatio\":true,\"preload\":0,\"layout\":\"fullwidth\",\"rtl\":false,\"initAfterAppear\":false,\"ajaxApiUrl\":\"https:\\\/\\\/www.ull.es\\\/grados\\\/estudios-ingleses\\\/wp-admin\\\/admin-ajax.php\",\"mouseSwipe\":true,\"touchSwipe\":true,\"useWatermark\":false}\n\t);\n});\n<\/script><\/div><\/div><\/div>\n<\/div><\/div>\n\n\n\n<div class=\"wp-block-stackable-columns alignfull stk-block-columns stk--hide-mobile stk-block stk-ceecbdc stk-block-background\" data-block-id=\"ceecbdc\"><style>.stk-ceecbdc {background-color:#360060 !important;padding-top:35px !important;padding-right:0px !important;padding-bottom:2px !important;padding-left:0px !important;margin-top:-20px !important;margin-bottom:70px !important;}.stk-ceecbdc:before{background-color:#360060 !important;}<\/style><div class=\"stk-row stk-inner-blocks stk-block-content stk-content-align stk-ceecbdc-column alignfull\">\n<div class=\"wp-block-stackable-column stk-block-column stk-column stk-block stk-fc60a5d\" data-v=\"4\" data-block-id=\"fc60a5d\"><div class=\"stk-column-wrapper stk-block-column__content stk-container stk-fc60a5d-container stk--no-background stk--no-padding\"><div class=\"stk-block-content stk-inner-blocks stk-fc60a5d-inner-blocks\">\n<div class=\"wp-block-stackable-spacer stk-block-spacer stk--no-padding stk-block stk-a3a8a68\" data-block-id=\"a3a8a68\"><style>.stk-a3a8a68 {height:0px !important;}<\/style><\/div>\n<\/div><\/div><\/div>\n<\/div><\/div>\n\n\n\n<div class=\"wp-block-stackable-columns alignwide stk-block-columns stk-block stk-3627255\" data-block-id=\"3627255\"><style>.stk-3627255 {padding-right:16% !important;padding-left:16% !important;margin-bottom:18px !important;}<\/style><div class=\"stk-row stk-inner-blocks stk-block-content stk-content-align stk-3627255-column alignwide\">\n<div class=\"wp-block-stackable-column stk-block-column stk-column stk-block stk-81e665a\" data-v=\"4\" data-block-id=\"81e665a\"><div class=\"stk-column-wrapper stk-block-column__content stk-container stk-81e665a-container stk--no-background stk--no-padding\"><div class=\"stk-block-content stk-inner-blocks stk-81e665a-inner-blocks\">\n<div class=\"wp-block-stackable-heading stk-block-heading stk-block-heading--v2 stk-block stk-97878e6\" id=\"perfil-de-ingreso-y-egreso\" data-block-id=\"97878e6\"><style>.stk-97878e6 .stk-block-heading__text{color:#5c068c !important;}<\/style><h1 class=\"stk-block-heading__text has-text-color\">Perfil de ingreso y egreso<\/h1><\/div>\n\n\n\n<div class=\"wp-block-stackable-heading stk-block-heading stk-block-heading--v2 stk-block stk-0b40cee\" id=\"perfil-de-ingreso\" data-block-id=\"0b40cee\"><h2 class=\"stk-block-heading__text\">Perfil de ingreso<\/h2><\/div>\n\n\n\n<div class=\"wp-block-stackable-text stk-block-text stk-block stk-07895de\" data-block-id=\"07895de\"><p class=\"stk-block-text__text\">Atendiendo a las peculiaridades intr\u00ednsecas de los Estudios Ingleses, el estudiante que desee realizar este Grado deber\u00eda poseer un gran inter\u00e9s por el lenguaje y el aprendizaje de lenguas extranjeras, y en concreto por la lengua inglesa; una vocaci\u00f3n por la lectura y la escritura; una especial apertura al pensamiento humano y a la manifestaci\u00f3n de culturas extranjeras, a menudo distintas de la occidental. Deber\u00e1 estar suficientemente motivado a expresarse adecuadamente, mantener una actitud de an\u00e1lisis y de cr\u00edtica fundamentada, desde el punto de vista cient\u00edfico y profesional, capacidad de abstracci\u00f3n y de s\u00edntesis. En sus actividades de estudio deber\u00eda ser organizado y constante.<\/p><\/div>\n\n\n\n<p>Se considera id\u00f3neo alcanzar el nivel B1 del MCER a lo largo del primer semestre del Grado para acometer con \u00e9xito estos estudios.<\/p>\n\n\n\n<div class=\"wp-block-stackable-spacer stk-block-spacer stk--no-padding stk-block stk-bd7efd8\" data-block-id=\"bd7efd8\"><\/div>\n\n\n\n<div class=\"wp-block-stackable-heading stk-block-heading stk-block-heading--v2 stk-block stk-c08fa38\" id=\"perfil-de-egreso\" data-block-id=\"c08fa38\"><h2 class=\"stk-block-heading__text\">Perfil de egreso<\/h2><\/div>\n\n\n\n<div class=\"wp-block-stackable-text stk-block-text stk-block stk-ff5fa7b\" data-block-id=\"ff5fa7b\"><p class=\"stk-block-text__text\">El Grado provee las competencias y resultados de aprendizaje fundamentales para la formaci\u00f3n de futuros profesionales en campos en los que se precise un conocimiento s\u00f3lido de la lengua y la cultura inglesas como los siguientes. El Grado proporciona las competencias y resultados de aprendizaje fundamentales para la formaci\u00f3n de futuros profesionales en campos en los que se precise un conocimiento s\u00f3lido de la lengua y la cultura inglesas:<\/p><\/div>\n\n\n\n<ul class=\"wp-block-list\">\n<li>Ense\u00f1anza universitaria<\/li>\n\n\n\n<li>Investigaci\u00f3n filol\u00f3gica o ling\u00fc\u00edstica<\/li>\n\n\n\n<li>Investigaci\u00f3n en historia Inglesa<\/li>\n\n\n\n<li>Ense\u00f1anza no universitaria<\/li>\n\n\n\n<li>Personal directivo de la administraci\u00f3n p\u00fablica<\/li>\n\n\n\n<li>Personal t\u00e9cnico de la administraci\u00f3n p\u00fablica<\/li>\n\n\n\n<li>Asesoramiento ling\u00fc\u00edstico<\/li>\n\n\n\n<li>Traducci\u00f3n e interpretaci\u00f3n<\/li>\n\n\n\n<li>Industrias de la lengua<\/li>\n\n\n\n<li>Edici\u00f3n de textos<\/li>\n\n\n\n<li>Bibliotecario y documentalista<\/li>\n\n\n\n<li>Asesoramiento cultural<\/li>\n\n\n\n<li>Cuerpo diplom\u00e1tico<\/li>\n\n\n\n<li>Personal directivo y de asesoramiento en la industria tur\u00edstica y del transporte a\u00e9reo<\/li>\n\n\n\n<li>Personal directivo y de asesoramiento en comercio internacional, ferias y congresos<\/li>\n\n\n\n<li>Personal directivo y de asesoramiento en la industria del ocio y del entretenimiento<\/li>\n\n\n\n<li>Personal directivo y de asesoramiento en relaciones internacionales de instituciones y empresas<\/li>\n<\/ul>\n<\/div><\/div><\/div>\n<\/div><\/div>\n","protected":false},"excerpt":{"rendered":"<p>Perfil de ingreso y egreso Perfil de ingreso Atendiendo a las peculiaridades intr\u00ednsecas de los Estudios Ingleses, el estudiante que desee realizar este Grado deber\u00eda poseer un gran inter\u00e9s por el lenguaje y el aprendizaje de lenguas extranjeras, y en concreto por la lengua inglesa; una vocaci\u00f3n por la lectura y la escritura; una especial&#8230;<\/p>","protected":false},"author":1,"featured_media":0,"parent":252,"menu_order":1,"comment_status":"closed","ping_status":"closed","template":"templates\/template-frontpage.php","meta":{"footnotes":""},"class_list":["post-37","page","type-page","status-publish","hentry"],"_links":{"self":[{"href":"https:\/\/www.ull.es\/grados\/estudios-ingleses\/en\/wp-json\/wp\/v2\/pages\/37","targetHints":{"allow":["GET"]}}],"collection":[{"href":"https:\/\/www.ull.es\/grados\/estudios-ingleses\/en\/wp-json\/wp\/v2\/pages"}],"about":[{"href":"https:\/\/www.ull.es\/grados\/estudios-ingleses\/en\/wp-json\/wp\/v2\/types\/page"}],"author":[{"embeddable":true,"href":"https:\/\/www.ull.es\/grados\/estudios-ingleses\/en\/wp-json\/wp\/v2\/users\/1"}],"replies":[{"embeddable":true,"href":"https:\/\/www.ull.es\/grados\/estudios-ingleses\/en\/wp-json\/wp\/v2\/comments?post=37"}],"version-history":[{"count":14,"href":"https:\/\/www.ull.es\/grados\/estudios-ingleses\/en\/wp-json\/wp\/v2\/pages\/37\/revisions"}],"predecessor-version":[{"id":1394,"href":"https:\/\/www.ull.es\/grados\/estudios-ingleses\/en\/wp-json\/wp\/v2\/pages\/37\/revisions\/1394"}],"up":[{"embeddable":true,"href":"https:\/\/www.ull.es\/grados\/estudios-ingleses\/en\/wp-json\/wp\/v2\/pages\/252"}],"wp:attachment":[{"href":"https:\/\/www.ull.es\/grados\/estudios-ingleses\/en\/wp-json\/wp\/v2\/media?parent=37"}],"curies":[{"name":"wp","href":"https:\/\/api.w.org\/{rel}","templated":true}]}}