{"id":34,"date":"2017-06-28T12:52:52","date_gmt":"2017-06-28T12:52:52","guid":{"rendered":"http:\/\/www.ull.es\/masteres\/desarrollo-y-gestion-de-recursos-humanos\/?page_id=24"},"modified":"2025-12-12T10:31:11","modified_gmt":"2025-12-12T10:31:11","slug":"estructura-del-plan-de-estudios","status":"publish","type":"page","link":"https:\/\/www.ull.es\/grados\/estudios-ingleses\/plan-de-estudios\/estructura-del-plan-de-estudios\/","title":{"rendered":"Estructura del Plan de Estudios"},"content":{"rendered":"\n<div class=\"wp-block-stackable-columns alignfull stk-block-columns stk-block stk-8657999\" data-block-id=\"8657999\"><style>.stk-8657999 {padding-bottom:0px !important;margin-top:-30px !important;margin-bottom:0px !important;}@media screen and (max-width: 767px){.stk-8657999 {margin-top:-10% !important;}}<\/style><div class=\"stk-row stk-inner-blocks stk-block-content stk-content-align stk-8657999-column alignfull\">\n<div class=\"wp-block-stackable-column stk-block-column stk-column stk-block stk-914f03e\" data-v=\"4\" data-block-id=\"914f03e\"><div class=\"stk-column-wrapper stk-block-column__content stk-container stk-914f03e-container stk--no-background stk--no-padding\"><div class=\"stk-block-content stk-inner-blocks stk-914f03e-inner-blocks\"><style id=\"depicter-1-inline-pre-css\">\n\n.depicter-1:not(.depicter-ready){\n\theight:500px;\n}\n\n\/***** Tablet *****\/\n@media screen and (max-width: 1024px){\n\n.depicter-1:not(.depicter-ready){\n\theight:700px;\n}\n\n}\n\/***** Mobile *****\/\n@media screen and (max-width: 767px){\n\n.depicter-1:not(.depicter-ready){\n\theight:360px;\n}\n\n}\n<\/style>\n<div id=\"depicter-1\" class=\"depicter depicter-document depicter-revert depicter-1 depicter-layout-fullwidth\">\n\n<div class=\"depicter-loading-container depicter-loading dotFlashing-dark\"><div class=\"depicter-loading-dark depicter-dot-flashing\">\n   <span><\/span>\n   <span><\/span>\n   <span><\/span>\n<\/div>\n<\/div>\n<div id=\"depicter-1-section-1\" class=\"depicter-section depicter-1-section-1\" data-name=\"Section 1\" data-type=\"section\" data-local-id=\"section-1\">\n<picture class=\"depicter-bg\">\n<source data-depicter-srcset=\"https:\/\/www.ull.es\/grados\/estudios-ingleses\/wp-content\/uploads\/sites\/38\/2025\/04\/Slider_Estudios_Ingleses-768x248.jpg, https:\/\/www.ull.es\/grados\/estudios-ingleses\/wp-content\/uploads\/sites\/38\/2025\/04\/Slider_Estudios_Ingleses.jpg 2x\" srcset=\"data:image\/gif;base64,R0lGODlhAQABAIAAAAAAAP\/\/\/yH5BAEAAAAALAAAAAABAAEAAAIBRAA7\" media=\"(max-width: 1024px)\" \/>\n\n<source data-depicter-srcset=\"https:\/\/www.ull.es\/grados\/estudios-ingleses\/wp-content\/uploads\/sites\/38\/2025\/04\/Slider_Estudios_Ingleses.jpg, https:\/\/www.ull.es\/grados\/estudios-ingleses\/wp-content\/uploads\/sites\/38\/2025\/04\/Slider_Estudios_Ingleses-1920x620.jpg 2x\" srcset=\"data:image\/gif;base64,R0lGODlhAQABAIAAAAAAAP\/\/\/yH5BAEAAAAALAAAAAABAAEAAAIBRAA7\" media=\"(min-width: 1025px)\" \/>\n<img decoding=\"async\" src=\"data:image\/gif;base64,R0lGODlhAQABAIAAAAAAAP\/\/\/yH5BAEAAAAALAAAAAABAAEAAAIBRAA7\" data-ken-burns=\"false\" data-tablet-ken-burns=\"false\" data-mobile-ken-burns=\"false\" alt=\"\" data-depicter-src=\"https:\/\/www.ull.es\/grados\/estudios-ingleses\/wp-content\/uploads\/sites\/38\/2025\/04\/Slider_Estudios_Ingleses.jpg\" data-object-fit=\"custom,custom,\" data-object-position=\"center top,,\" data-crop=\"{'focalPoint':{'x':0.5,'y':0.5},'mediaSize':{'width':1393.54838709677414954057894647121429443359375,'height':450}}\" data-tablet-crop=\"{'focalPoint':{'x':0.63000000000000000444089209850062616169452667236328125,'y':0.5},'mediaSize':{'width':2167,'height':700}}\" data-mobile-crop=\"{'focalPoint':{'x':0.5,'y':0.5},'mediaSize':{'width':1114.8387096774195015314035117626190185546875,'height':360}}\" \/>\n<\/picture>\n\n\n<h1 id=\"depicter-1-element-5\" class=\"depicter-element depicter-layer depicter-1-element-5\" data-type=\"text\" data-wrap=\"true\" data-name=\"Text 2\" data-local-id=\"element-5\" data-offset=\"x:215px;y:150px;origin:tl\" data-tablet-offset=\"x:290px;y:293px;origin:tl\" data-mobile-offset=\"x:6px;y:-127px;origin:tl\" data-width=\"770px,444px,348px\" data-height=\"auto,auto,auto\" data-responsive-scale=\"true,,\">Grado en <br>Estudios Ingleses<\/h1>\n\n<div id=\"depicter-1-element-10\" class=\"depicter-element depicter-layer depicter-1-element-10\" data-type=\"shape\" data-wrap=\"true\" data-name=\"Shape 1\" data-local-id=\"element-10\" data-offset=\"x:223px;y:349px;origin:tl\" data-tablet-offset=\"x:290px;y:426px;origin:tl\" data-mobile-offset=\"x:6px;y:-8px;origin:tl\" data-width=\"712px,444px,348px\" data-height=\"8px,8px,8px\" data-responsive-scale=\"true,,\"><\/div>\n<\/div>\n<\/div>\n<script>\n(window.depicterSetups = window.depicterSetups || []).push(function(){\n\tDepicter.basePath = 'https:\/\/www.ull.es\/grados\/estudios-ingleses\/wp-content\/plugins\/depicter\/resources\/scripts\/player\/';\n\tconst dpPlayer = Depicter.setup('.depicter-1',\n\t\t{\"width\":[\"1200\",\"1024\",\"360\"],\"height\":[\"500\",\"700\",\"360\"],\"view\":\"basic\",\"keepAspectRatio\":true,\"preload\":0,\"layout\":\"fullwidth\",\"rtl\":false,\"initAfterAppear\":false,\"ajaxApiUrl\":\"https:\\\/\\\/www.ull.es\\\/grados\\\/estudios-ingleses\\\/wp-admin\\\/admin-ajax.php\",\"mouseSwipe\":true,\"touchSwipe\":true,\"useWatermark\":false}\n\t);\n});\n<\/script><\/div><\/div><\/div>\n<\/div><\/div>\n\n\n\n<div class=\"wp-block-stackable-columns alignfull stk-block-columns stk--hide-mobile stk-block stk-ceecbdc stk-block-background\" data-block-id=\"ceecbdc\"><style>.stk-ceecbdc {background-color:#360060 !important;padding-top:35px !important;padding-right:0px !important;padding-bottom:2px !important;padding-left:0px !important;margin-top:-20px !important;margin-bottom:70px !important;}.stk-ceecbdc:before{background-color:#360060 !important;}<\/style><div class=\"stk-row stk-inner-blocks stk-block-content stk-content-align stk-ceecbdc-column alignfull\">\n<div class=\"wp-block-stackable-column stk-block-column stk-column stk-block stk-fc60a5d\" data-v=\"4\" data-block-id=\"fc60a5d\"><div class=\"stk-column-wrapper stk-block-column__content stk-container stk-fc60a5d-container stk--no-background stk--no-padding\"><div class=\"stk-block-content stk-inner-blocks stk-fc60a5d-inner-blocks\">\n<div class=\"wp-block-stackable-spacer stk-block-spacer stk--no-padding stk-block stk-a3a8a68\" data-block-id=\"a3a8a68\"><style>.stk-a3a8a68 {height:0px !important;}<\/style><\/div>\n<\/div><\/div><\/div>\n<\/div><\/div>\n\n\n\n<div class=\"wp-block-stackable-columns stk-block-columns stk-block stk-8b59b96\" data-block-id=\"8b59b96\"><style>.stk-8b59b96 .stk--block-align-8b59b96{align-items:flex-start !important;}.stk-8b59b96 {margin-top:25px !important;}.stk-8b59b96-column{--stk-columns-spacing:0px !important;--stk-column-gap:50px !important;}@media screen and (max-width: 767px){.stk-8b59b96-column{row-gap:var(--stk--preset--spacing--60, 2.25rem) !important;}}<\/style><div class=\"stk-row stk-inner-blocks stk--block-align-8b59b96 stk-block-content stk-content-align stk-8b59b96-column\">\n<div class=\"wp-block-stackable-column stk-block-column stk-column stk-block stk-dbb7e15\" data-v=\"4\" data-block-id=\"dbb7e15\"><style>@media screen and (min-width: 768px){.stk-dbb7e15 {flex:var(--stk-flex-grow, 1) 1 calc(70% - var(--stk-column-gap, 0px) * 1 \/ 2 ) !important;}}<\/style><div class=\"stk-column-wrapper stk-block-column__content stk-container stk-dbb7e15-container stk--no-background stk--no-padding\"><div class=\"stk-block-content stk-inner-blocks stk-dbb7e15-inner-blocks\">\n<div class=\"wp-block-stackable-heading stk-block-heading stk-block-heading--v2 stk-block stk-689c258\" id=\"estructura-del-plan-de-estudios\" data-block-id=\"689c258\"><style>.stk-689c258 .stk-block-heading__text{color:#5c068c !important;}<\/style><h1 class=\"stk-block-heading__text has-text-color\">Estructura del Plan de estudios<\/h1><\/div>\n\n\n\n<div class=\"wp-block-stackable-text stk-block-text stk-block stk-c757f6a\" data-block-id=\"c757f6a\"><p class=\"stk-block-text__text\"><strong>Distribuci\u00f3n del plan de estudios en cr\u00e9ditos ECTS por tipo de materia<\/strong><\/p><\/div>\n\n\n\n<p>De acuerdo con el Art. 12.2 del Real Decreto 1393\/2007, el plan de estudios del Grado en&nbsp;<em>Espa\u00f1ol: Lengua y Literatura<\/em>&nbsp;por la Universidad de La Laguna tiene un total de 240 cr\u00e9ditos, distribuidos en 4 cursos de 60 cr\u00e9ditos ECTS, divididos en 2 cuatrimestres, que incluyen toda la formaci\u00f3n te\u00f3rica y pr\u00e1ctica que el estudiante debe adquirir.<\/p>\n\n\n\n<div class=\"wp-block-stackable-spacer stk-block-spacer stk--no-padding stk-block stk-7352001\" data-block-id=\"7352001\"><\/div>\n\n\n\n<table class=\"table table-bordered table-striped align-middle text-center shadow-sm rounded overflow-hidden\" style=\"border-collapse: separate; border-spacing: 0; box-shadow: 0 0.5rem 1rem rgba(0,0,0,0.1); border-radius:1.5rem; width:100%;\">\n  <tbody>\n    <tr><td colspan=\"3\" class=\"fw-bold\" style=\"background-color:#490a79; color:white; border-top-left-radius: 1.5rem; border-top-right-radius: 1.5rem; font-weight: bold;\">Distribuci\u00f3n de cr\u00e9ditos por tipo de materia<\/td><\/tr>\n    <tr style=\"background-color:#5c068c; color:white; font-weight: bold;\"><td>Tipo de materias<\/td><td>Cr\u00e9ditos ECTS<\/td><td>Oferta Total<\/td><\/tr>\n\n    <tr><td class=\"td1 fw-bold\" style=\"font-weight:bold;\">Formaci\u00f3n B\u00e1sica (FB1 + FB2)<\/td><td class=\"td1\">60<br>(36 + 24)<\/td><td class=\"td1\">60<br>(36 + 24)<\/td><\/tr>\n    <tr><td class=\"td2 fw-bold\" style=\"font-weight:bold;\">Obligatorias<\/td><td class=\"td2\">132<\/td><td class=\"td2\">132<\/td><\/tr>\n    <tr><td class=\"td1 fw-bold\" style=\"font-weight:bold;\">Optativas<\/td><td class=\"td1\">30<\/td><td class=\"td1\">60<\/td><\/tr>\n    <tr><td class=\"td2 fw-bold\" style=\"font-weight:bold;\">Pr\u00e1cticas Externas<\/td><td class=\"td2\">12<\/td><td class=\"td2\">12<\/td><\/tr>\n    <tr><td class=\"td1 fw-bold\" style=\"font-weight:bold;\">Trabajo Fin de Grado<\/td><td class=\"td1\">6<\/td><td class=\"td1\">6<\/td><\/tr>\n    <tr><td class=\"fw-bold\" style=\"background-color:#f5f1fa; font-weight:bold;\">Total de cr\u00e9ditos<\/td><td class=\"fw-bold\" style=\"background-color:#f5f1fa; font-weight: bold;\">240<\/td><td class=\"fw-bold\" style=\"background-color:#f5f1fa; font-weight: bold;\">270<\/td><\/tr>\n    <tr><td class=\"td2\" style=\"border-bottom-left-radius: 1.5rem;\"><strong>Reconocimiento acad\u00e9mico de cr\u00e9ditos optativos<\/strong><br><small>(Art. 12.8 del R. D. 1393\/2007 y apartado 10 de las Directrices Generales para el Dise\u00f1o de T\u00edtulos de Grado de la Universidad de La Laguna)<\/small><\/td><td class=\"td2\">6<\/td><td class=\"td2\" style=\"border-bottom-right-radius: 1.5rem;\"><\/td><\/tr>\n  <\/tbody>\n<\/table>\n\n<style>\ntable td, table th {\n  transition: transform 0.2s, box-shadow 0.2s;\n}\ntable td:hover, table th:hover {\n  transform: scale(1.02);\n  box-shadow: 0 0.75rem 1.5rem rgba(0,0,0,0.15);\n}\n<\/style>\n\n\n\n<div class=\"wp-block-stackable-text stk-block-text stk-block stk-a77cfcb\" data-block-id=\"a77cfcb\"><p class=\"stk-block-text__text\"><strong>Secuenciaci\u00f3n temporal de las ense\u00f1anzas<\/strong><\/p><\/div>\n\n\n\n<p>La distribuci\u00f3n de las asignaturas&nbsp; por cursos y cuatrimestres puede verse en el siguiente enlace:<\/p>\n\n\n\n<p><a href=\"https:\/\/www.ull.es\/apps\/guias\/guias\/view_degree\/Grado%20en%20Estudios%20Ingleses\/\" target=\"_blank\" rel=\"noreferrer noopener\" target=\"_blank\" rel=\"noopener\">E-guia<\/a><\/p>\n<\/div><\/div><\/div>\n\n\n\n<div class=\"wp-block-stackable-column stk-block-column stk-column stk-block stk-20367b6\" data-v=\"4\" data-block-id=\"20367b6\"><style>@media screen and (min-width: 768px){.stk-20367b6 {flex:var(--stk-flex-grow, 1) 1 calc(30% - var(--stk-column-gap, 0px) * 1 \/ 2 ) !important;}}<\/style><div class=\"stk-column-wrapper stk-block-column__content stk-container stk-20367b6-container stk--no-background stk--no-padding\"><div class=\"stk-block-content stk-inner-blocks stk-20367b6-inner-blocks\">\n<div class=\"wp-block-stackable-icon-label stk-block-icon-label stk-block stk-e63cb4f stk-block-background\" data-block-id=\"e63cb4f\"><style>.stk-e63cb4f {background-color:#5c068c !important;padding-top:20px !important;padding-right:20px !important;padding-bottom:20px !important;padding-left:20px !important;}.stk-e63cb4f:hover{background-color:#0f0e17 !important;}.stk-e63cb4f:before{background-color:#5c068c !important;}.stk-e63cb4f:hover:before{background-color:#0f0e17 !important;}<\/style><div class=\"stk-row stk-inner-blocks stk-block-content\">\n<div class=\"wp-block-stackable-heading stk-block-heading stk-block-heading--v2 stk-block stk-68b185a\" id=\"a-href-https-www-boe-es-boe-dias-2010-06-24-pdfs-boe-a-2010-10084-pdf-span-style-color-fffffe-class-stk-highlight-plan-de-estudios-grado-en-estudios-ingleses-span-a\" data-block-id=\"68b185a\"><style>.stk-68b185a .stk-block-heading__text{font-size:22px !important;color:#fffffe !important;line-height:1.3em !important;}@media screen and (max-width: 1023px){.stk-68b185a .stk-block-heading__text{font-size:22px !important;}}<\/style><p class=\"stk-block-heading__text has-text-color\"><a href=\"https:\/\/www.boe.es\/boe\/dias\/2010\/06\/24\/pdfs\/BOE-A-2010-10084.pdf\" target=\"_blank\" rel=\"noopener\"><span style=\"color: #fffffe;\" class=\"stk-highlight\">Plan de estudios grado en Estudios Ingleses<\/span><\/a><\/p><\/div>\n\n\n\n<div class=\"wp-block-stackable-icon stk-block-icon has-text-align-left stk-block stk-34dedbe\" data-block-id=\"34dedbe\"><style>.stk-34dedbe .stk--svg-wrapper .stk--inner-svg svg:last-child{height:18px !important;width:18px !important;}.stk-34dedbe .stk--svg-wrapper .stk--inner-svg svg:last-child, .stk-34dedbe .stk--svg-wrapper .stk--inner-svg svg:last-child :is(g, path, rect, polygon, ellipse){fill:#fffffe !important;}<\/style><span class=\"stk--svg-wrapper\"><div class=\"stk--inner-svg\"><svg style=\"height:0;width:0\"><defs><linearGradient id=\"linear-gradient-34dedbe\" x1=\"0\" x2=\"100%\" y1=\"0\" y2=\"0\"><stop offset=\"0%\" style=\"stop-opacity:1;stop-color:var(--linear-gradient-34-dedbe-color-1)\"><\/stop><stop offset=\"100%\" style=\"stop-opacity:1;stop-color:var(--linear-gradient-34-dedbe-color-2)\"><\/stop><\/linearGradient><\/defs><\/svg><svg xmlns=\"http:\/\/www.w3.org\/2000\/svg\" viewBox=\"0 0 448 512\" aria-hidden=\"true\" width=\"32\" height=\"32\"><path d=\"M438.6 278.6c12.5-12.5 12.5-32.8 0-45.3l-160-160c-12.5-12.5-32.8-12.5-45.3 0s-12.5 32.8 0 45.3L338.8 224 32 224c-17.7 0-32 14.3-32 32s14.3 32 32 32l306.7 0L233.4 393.4c-12.5 12.5-12.5 32.8 0 45.3s32.8 12.5 45.3 0l160-160z\"><\/path><\/svg><\/div><\/span><\/div>\n<\/div><\/div>\n<\/div><\/div><\/div>\n<\/div><\/div>\n","protected":false},"excerpt":{"rendered":"<p>Estructura del Plan de estudios Distribuci\u00f3n del plan de estudios en cr\u00e9ditos ECTS por tipo de materia De acuerdo con el Art. 12.2 del Real Decreto 1393\/2007, el plan de estudios del Grado en&nbsp;Espa\u00f1ol: Lengua y Literatura&nbsp;por la Universidad de La Laguna tiene un total de 240 cr\u00e9ditos, distribuidos en 4 cursos de 60 cr\u00e9ditos&#8230;<\/p>\n","protected":false},"author":1,"featured_media":0,"parent":270,"menu_order":0,"comment_status":"closed","ping_status":"closed","template":"templates\/template-frontpage.php","meta":{"footnotes":""},"class_list":["post-34","page","type-page","status-publish","hentry"],"_links":{"self":[{"href":"https:\/\/www.ull.es\/grados\/estudios-ingleses\/wp-json\/wp\/v2\/pages\/34","targetHints":{"allow":["GET"]}}],"collection":[{"href":"https:\/\/www.ull.es\/grados\/estudios-ingleses\/wp-json\/wp\/v2\/pages"}],"about":[{"href":"https:\/\/www.ull.es\/grados\/estudios-ingleses\/wp-json\/wp\/v2\/types\/page"}],"author":[{"embeddable":true,"href":"https:\/\/www.ull.es\/grados\/estudios-ingleses\/wp-json\/wp\/v2\/users\/1"}],"replies":[{"embeddable":true,"href":"https:\/\/www.ull.es\/grados\/estudios-ingleses\/wp-json\/wp\/v2\/comments?post=34"}],"version-history":[{"count":33,"href":"https:\/\/www.ull.es\/grados\/estudios-ingleses\/wp-json\/wp\/v2\/pages\/34\/revisions"}],"predecessor-version":[{"id":1444,"href":"https:\/\/www.ull.es\/grados\/estudios-ingleses\/wp-json\/wp\/v2\/pages\/34\/revisions\/1444"}],"up":[{"embeddable":true,"href":"https:\/\/www.ull.es\/grados\/estudios-ingleses\/wp-json\/wp\/v2\/pages\/270"}],"wp:attachment":[{"href":"https:\/\/www.ull.es\/grados\/estudios-ingleses\/wp-json\/wp\/v2\/media?parent=34"}],"curies":[{"name":"wp","href":"https:\/\/api.w.org\/{rel}","templated":true}]}}