{"id":37,"date":"2017-06-28T12:58:45","date_gmt":"2017-06-28T12:58:45","guid":{"rendered":"http:\/\/www.ull.es\/masteres\/desarrollo-y-gestion-de-recursos-humanos\/?page_id=30"},"modified":"2025-10-28T11:27:56","modified_gmt":"2025-10-28T11:27:56","slug":"perfil-de-ingreso-y-egreso","status":"publish","type":"page","link":"https:\/\/www.ull.es\/grados\/filosofia\/en\/informacion-academica\/perfil-de-ingreso-y-egreso\/","title":{"rendered":"Admission and exit profile"},"content":{"rendered":"\n<div class=\"wp-block-stackable-columns alignfull stk-block-columns stk-block stk-8657999\" data-block-id=\"8657999\"><style>.stk-8657999 {padding-bottom:0px !important;margin-top:-30px !important;margin-bottom:0px !important;}@media screen and (max-width: 767px){.stk-8657999 {margin-top:-10% !important;}}<\/style><div class=\"stk-row stk-inner-blocks stk-block-content stk-content-align stk-8657999-column alignfull\">\n<div class=\"wp-block-stackable-column stk-block-column stk-column stk-block stk-914f03e\" data-v=\"4\" data-block-id=\"914f03e\"><div class=\"stk-column-wrapper stk-block-column__content stk-container stk-914f03e-container stk--no-background stk--no-padding\"><div class=\"stk-block-content stk-inner-blocks stk-914f03e-inner-blocks\"><style id=\"depicter-1-inline-pre-css\">\n\n.depicter-1:not(.depicter-ready){\n\theight:500px;\n}\n\n\/***** Tablet *****\/\n@media screen and (max-width: 1024px){\n\n.depicter-1:not(.depicter-ready){\n\theight:700px;\n}\n\n}\n\/***** Mobile *****\/\n@media screen and (max-width: 767px){\n\n.depicter-1:not(.depicter-ready){\n\theight:360px;\n}\n\n}\n<\/style>\n<div id=\"depicter-1\" class=\"depicter depicter-document depicter-revert depicter-1 depicter-layout-fullwidth\">\n\n<div class=\"depicter-loading-container depicter-loading dotFlashing-dark\"><div class=\"depicter-loading-dark depicter-dot-flashing\">\n   <span><\/span>\n   <span><\/span>\n   <span><\/span>\n<\/div>\n<\/div>\n<div id=\"depicter-1-section-1\" class=\"depicter-section depicter-1-section-1\" data-name=\"Section 1\" data-type=\"section\" data-local-id=\"section-1\">\n<picture class=\"depicter-bg\">\n<source data-depicter-srcset=\"https:\/\/www.ull.es\/grados\/filosofia\/wp-content\/uploads\/sites\/25\/2025\/04\/Slider_Filosofia-768x248.jpg, https:\/\/www.ull.es\/grados\/filosofia\/wp-content\/uploads\/sites\/25\/2025\/04\/Slider_Filosofia.jpg 2x\" srcset=\"data:image\/gif;base64,R0lGODlhAQABAIAAAAAAAP\/\/\/yH5BAEAAAAALAAAAAABAAEAAAIBRAA7\" media=\"(max-width: 1024px)\" \/>\n\n<source data-depicter-srcset=\"https:\/\/www.ull.es\/grados\/filosofia\/wp-content\/uploads\/sites\/25\/2025\/04\/Slider_Filosofia.jpg, https:\/\/www.ull.es\/grados\/filosofia\/wp-content\/uploads\/sites\/25\/2025\/04\/Slider_Filosofia-1920x620.jpg 2x\" srcset=\"data:image\/gif;base64,R0lGODlhAQABAIAAAAAAAP\/\/\/yH5BAEAAAAALAAAAAABAAEAAAIBRAA7\" media=\"(min-width: 1025px)\" \/>\n<img decoding=\"async\" src=\"data:image\/gif;base64,R0lGODlhAQABAIAAAAAAAP\/\/\/yH5BAEAAAAALAAAAAABAAEAAAIBRAA7\" data-ken-burns=\"false\" data-tablet-ken-burns=\"false\" data-mobile-ken-burns=\"false\" alt=\"\" data-depicter-src=\"https:\/\/www.ull.es\/grados\/filosofia\/wp-content\/uploads\/sites\/25\/2025\/04\/Slider_Filosofia.jpg\" data-object-fit=\"custom,custom,\" data-object-position=\"center top,,\" data-crop=\"{'focalPoint':{'x':0.5,'y':0.5},'mediaSize':{'width':1393.54838709677414954057894647121429443359375,'height':450}}\" data-tablet-crop=\"{'focalPoint':{'x':0.7600000000000000088817841970012523233890533447265625,'y':0.5},'mediaSize':{'width':2167,'height':700}}\" data-mobile-crop=\"{'focalPoint':{'x':0.5,'y':0.5},'mediaSize':{'width':1114.8387096774195015314035117626190185546875,'height':360}}\" \/>\n<\/picture>\n\n\n<h1 id=\"depicter-1-element-5\" class=\"depicter-element depicter-layer depicter-1-element-5\" data-type=\"text\" data-wrap=\"true\" data-name=\"Text 2\" data-local-id=\"element-5\" data-offset=\"x:225px;y:201px;origin:tl\" data-tablet-offset=\"x:289px;y:321px;origin:tl\" data-mobile-offset=\"x:66px;y:-139px;origin:tl\" data-width=\"751px,446px,189px\" data-height=\"auto,auto,auto\" data-responsive-scale=\"true,,\">Grado en Filosof\u00eda<\/h1>\n\n<div id=\"depicter-1-element-10\" class=\"depicter-element depicter-layer depicter-1-element-10\" data-type=\"shape\" data-wrap=\"true\" data-name=\"Shape 1\" data-local-id=\"element-10\" data-offset=\"x:235px;y:310px;origin:tl\" data-tablet-offset=\"x:289px;y:392px;origin:tl\" data-mobile-offset=\"x:6px;y:-20px;origin:tl\" data-width=\"732px,435px,309px\" data-height=\"8px,8px,8px\" data-responsive-scale=\"true,,\"><\/div>\n<\/div>\n<\/div>\n<script>\n(window.depicterSetups = window.depicterSetups || []).push(function(){\n\tDepicter.basePath = 'https:\/\/www.ull.es\/grados\/filosofia\/wp-content\/plugins\/depicter\/resources\/scripts\/player\/';\n\tconst dpPlayer = Depicter.setup('.depicter-1',\n\t\t{\"width\":[\"1200\",\"1024\",\"360\"],\"height\":[\"500\",\"700\",\"360\"],\"view\":\"basic\",\"keepAspectRatio\":true,\"preload\":0,\"layout\":\"fullwidth\",\"rtl\":false,\"initAfterAppear\":false,\"ajaxApiUrl\":\"https:\\\/\\\/www.ull.es\\\/grados\\\/filosofia\\\/wp-admin\\\/admin-ajax.php\",\"mouseSwipe\":true,\"touchSwipe\":true,\"useWatermark\":false}\n\t);\n});\n<\/script><\/div><\/div><\/div>\n<\/div><\/div>\n\n\n\n<div class=\"wp-block-stackable-columns alignfull stk-block-columns stk--hide-mobile stk-block stk-ceecbdc stk-block-background\" data-block-id=\"ceecbdc\"><style>.stk-ceecbdc {background-color:#360060 !important;padding-top:35px !important;padding-right:0px !important;padding-bottom:2px !important;padding-left:0px !important;margin-top:-20px !important;margin-bottom:70px !important;}.stk-ceecbdc:before{background-color:#360060 !important;}<\/style><div class=\"stk-row stk-inner-blocks stk-block-content stk-content-align stk-ceecbdc-column alignfull\">\n<div class=\"wp-block-stackable-column stk-block-column stk-column stk-block stk-fc60a5d\" data-v=\"4\" data-block-id=\"fc60a5d\"><div class=\"stk-column-wrapper stk-block-column__content stk-container stk-fc60a5d-container stk--no-background stk--no-padding\"><div class=\"stk-block-content stk-inner-blocks stk-fc60a5d-inner-blocks\">\n<div class=\"wp-block-stackable-spacer stk-block-spacer stk--no-padding stk-block stk-a3a8a68\" data-block-id=\"a3a8a68\"><style>.stk-a3a8a68 {height:0px !important;}<\/style><\/div>\n<\/div><\/div><\/div>\n<\/div><\/div>\n\n\n\n<div class=\"wp-block-stackable-columns alignwide stk-block-columns stk-block stk-3627255\" data-block-id=\"3627255\"><style>.stk-3627255 {padding-right:16% !important;padding-left:16% !important;margin-bottom:18px !important;}<\/style><div class=\"stk-row stk-inner-blocks stk-block-content stk-content-align stk-3627255-column alignwide\">\n<div class=\"wp-block-stackable-column stk-block-column stk-column stk-block stk-81e665a\" data-v=\"4\" data-block-id=\"81e665a\"><div class=\"stk-column-wrapper stk-block-column__content stk-container stk-81e665a-container stk--no-background stk--no-padding\"><div class=\"stk-block-content stk-inner-blocks stk-81e665a-inner-blocks\">\n<div class=\"wp-block-stackable-heading stk-block-heading stk-block-heading--v2 stk-block stk-97878e6\" id=\"perfil-de-ingreso-y-egreso\" data-block-id=\"97878e6\"><style>.stk-97878e6 .stk-block-heading__text{color:#5c068c !important;}<\/style><h1 class=\"stk-block-heading__text has-text-color\">Perfil de ingreso y egreso<\/h1><\/div>\n\n\n\n<div class=\"wp-block-stackable-heading stk-block-heading stk-block-heading--v2 stk-block stk-0b40cee\" id=\"perfil-de-ingreso\" data-block-id=\"0b40cee\"><h2 class=\"stk-block-heading__text\">Perfil de ingreso<\/h2><\/div>\n\n\n\n<div class=\"wp-block-stackable-text stk-block-text stk-block stk-07895de\" data-block-id=\"07895de\"><p class=\"stk-block-text__text\">El alumnado que re\u00fana los requisitos de acceso establecido por la Ley&nbsp;puede ser admitido en la titulaci\u00f3n de Grado en Filosof\u00eda.<\/p><\/div>\n\n\n\n<p>No obstante, atendiendo a las peculiaridades intr\u00ednsecas de los estudios filos\u00f3ficos, el estudiantado que desee realizar este Grado deber\u00eda poseer un gran inter\u00e9s por el conocimiento, la lectura y la escritura. Deber\u00e1 estar suficientemente motivado a expresarse adecuadamente, mantener una actitud de an\u00e1lisis y de cr\u00edtica fundamentada, desde el punto de vista cient\u00edfico y cultural, capacidad de abstracci\u00f3n y de s\u00edntesis. En sus actividades de estudio deber\u00eda ser organizado y constante.<\/p>\n\n\n\n<div class=\"wp-block-stackable-divider stk-block-divider stk-block stk-4a63b2a\" data-block-id=\"4a63b2a\"><style>.stk-4a63b2a hr.stk-block-divider__hr{width:100% !important;}<\/style><hr class=\"stk-block-divider__hr\"\/><\/div>\n\n\n\n<div class=\"wp-block-stackable-heading stk-block-heading stk-block-heading--v2 stk-block stk-c08fa38\" id=\"perfil-de-egreso\" data-block-id=\"c08fa38\"><h2 class=\"stk-block-heading__text\">Perfil de egreso<\/h2><\/div>\n\n\n\n<div class=\"wp-block-stackable-text stk-block-text stk-block stk-ff5fa7b\" data-block-id=\"ff5fa7b\"><p class=\"stk-block-text__text\">El Grado proporciona las competencias, habilidades y resultados de aprendizaje fundamentales para la formaci\u00f3n de futuros profesionales en los siguientes campos:<\/p><\/div>\n\n\n\n<h3 class=\"wp-block-heading\">Docencia<\/h3>\n\n\n\n<p>La docencia tanto en centros de educaci\u00f3n privada como p\u00fablica. Para dar clase en los centros p\u00fablicos es necesario que quien egresa haya superado el M\u00e1ster Interuniversitario en Formaci\u00f3n del Profesorado de Educaci\u00f3n Secundaria Obligatoria y Bachillerato, Formaci\u00f3n Profesional y Ense\u00f1anza de Idiomas.<\/p>\n\n\n\n<h3 class=\"wp-block-heading\">Investigaci\u00f3n<\/h3>\n\n\n\n<p>Pueden acceder directamente a m\u00e1steres de investigaci\u00f3n en Filosof\u00eda sin tener que cursar complementos formativos.<\/p>\n\n\n\n<h3 class=\"wp-block-heading\">Ocio\/Cultura<\/h3>\n\n\n\n<p>Dise\u00f1o, elaboraci\u00f3n, correcci\u00f3n y cr\u00edtica de textos, cat\u00e1logos y otro tipo de publicaciones en editoriales, medios de comunicaci\u00f3n y servicios de publicaciones.<\/p>\n\n\n\n<h3 class=\"wp-block-heading\">Consultor\u00eda<\/h3>\n\n\n\n<p>Formaci\u00f3n en Filosof\u00eda Pr\u00e1ctica, que posibilita la asesor\u00eda en diversas \u00e1reas ya sea formando parte de Comit\u00e9s de \u00c9tica investigadora, Comit\u00e9s de \u00c9tica hospitalaria, Comisiones de \u00c9tica o de Instituciones pol\u00edticas (concejal\u00edas, consejer\u00edas, ministerios, etc.) y sociales (empresas, asociaciones de diverso tipo, ONGs), gabinetes de recursos humanos en empresas, participaci\u00f3n en procesos de mediaci\u00f3n intercultural, comit\u00e9s de bio\u00e9tica, ya sea respondiendo a las consultas de esas instituciones o de particulares.<\/p>\n\n\n\n<h3 class=\"wp-block-heading\">Proyectos institucionales y asesoramiento<\/h3>\n\n\n\n<p>El Plan de Estudios contempla diversas asignaturas y materias que ofrecen una s\u00f3lida formaci\u00f3n sobre los sistemas democr\u00e1ticos, los derechos humanos y el ejercicio de la ciudadan\u00eda. Permite por ello el dise\u00f1o y ejecuci\u00f3n de proyectos institucionales y sociales (Ayuntamientos, ONGs, Sindicatos, etc.) relacionados con estos temas. Posibilita igualmente la realizaci\u00f3n de funciones de asesoramiento sobre estos temas en instituciones p\u00fablicas (concejal\u00edas, consejer\u00edas, etc.) y privadas (fundaciones, asociaciones de vecinos y vecinas, empresas, etc.).<\/p>\n\n\n\n<h3 class=\"wp-block-heading\">Marketing\/Ventas\/Comunicaci\u00f3n<\/h3>\n\n\n\n<p>Redacci\u00f3n de notas de prensa y relaci\u00f3n con los medios de comunicaci\u00f3n. Labores de relaciones p\u00fablicas y representaci\u00f3n ante otras empresas. Organizaci\u00f3n de eventos.<\/p>\n\n\n\n<h3 class=\"wp-block-heading\">Inform\u00e1tica\/Nuevas Tecnolog\u00edas<\/h3>\n\n\n\n<p>Asesoramiento en contenidos de software, p\u00e1ginas web y nuevas tecnolog\u00edas en el \u00e1mbito cultural.<\/p>\n\n\n\n<h3 class=\"wp-block-heading\">Asesor\u00edas<\/h3>\n\n\n\n<p>Tanto en el \u00e1mbito p\u00fablico como en el privado se demanda al profesional de la filosof\u00eda para cuestiones relativas a la mediaci\u00f3n y a la resoluci\u00f3n de conflictos de orden humano, pol\u00edtico y social.<\/p>\n\n\n\n<p>Otra v\u00eda de desarrollo profesional es el autoempleo a trav\u00e9s de la creaci\u00f3n de promotoras o fundaciones de bienes y actividades culturales.<\/p>\n\n\n\n<p>Finalmente, es importante rese\u00f1ar tambi\u00e9n que las personas tituladas pueden ocupar diversos puestos en Organismos e Instituciones P\u00fablicas, ya sea a nivel local, auton\u00f3mico, estatal o en el \u00e1mbito de la Uni\u00f3n Europea.<\/p>\n\n\n\n<p>Para conocer las competencias espec\u00edficas de los egresado y egresadas en Filosof\u00eda que los capacita para estas ocupaciones laborales se puede consultar en este&nbsp;<a href=\"https:\/\/www.ull.es\/grados\/filosofia\/plan-de-estudios\/competencias\/#competencias-especificas\" target=\"_blank\" rel=\"noreferrer noopener\" target=\"_blank\" rel=\"noopener\">enlace<\/a>.<\/p>\n<\/div><\/div><\/div>\n<\/div><\/div>\n","protected":false},"excerpt":{"rendered":"<p>Admission and Exit Profile Admission Profile Students who meet the admission requirements established by law may be admitted to the Bachelor&#039;s Degree in Philosophy. However, given the intrinsic characteristics of philosophical studies, students wishing to pursue this degree should possess a strong interest in knowledge\u2026<\/p>","protected":false},"author":1,"featured_media":0,"parent":252,"menu_order":1,"comment_status":"closed","ping_status":"closed","template":"templates\/template-frontpage.php","meta":{"footnotes":""},"class_list":["post-37","page","type-page","status-publish","hentry"],"_links":{"self":[{"href":"https:\/\/www.ull.es\/grados\/filosofia\/en\/wp-json\/wp\/v2\/pages\/37","targetHints":{"allow":["GET"]}}],"collection":[{"href":"https:\/\/www.ull.es\/grados\/filosofia\/en\/wp-json\/wp\/v2\/pages"}],"about":[{"href":"https:\/\/www.ull.es\/grados\/filosofia\/en\/wp-json\/wp\/v2\/types\/page"}],"author":[{"embeddable":true,"href":"https:\/\/www.ull.es\/grados\/filosofia\/en\/wp-json\/wp\/v2\/users\/1"}],"replies":[{"embeddable":true,"href":"https:\/\/www.ull.es\/grados\/filosofia\/en\/wp-json\/wp\/v2\/comments?post=37"}],"version-history":[{"count":17,"href":"https:\/\/www.ull.es\/grados\/filosofia\/en\/wp-json\/wp\/v2\/pages\/37\/revisions"}],"predecessor-version":[{"id":1128,"href":"https:\/\/www.ull.es\/grados\/filosofia\/en\/wp-json\/wp\/v2\/pages\/37\/revisions\/1128"}],"up":[{"embeddable":true,"href":"https:\/\/www.ull.es\/grados\/filosofia\/en\/wp-json\/wp\/v2\/pages\/252"}],"wp:attachment":[{"href":"https:\/\/www.ull.es\/grados\/filosofia\/en\/wp-json\/wp\/v2\/media?parent=37"}],"curies":[{"name":"wp","href":"https:\/\/api.w.org\/{rel}","templated":true}]}}