{"id":518,"date":"2017-10-11T10:05:01","date_gmt":"2017-10-11T10:05:01","guid":{"rendered":"https:\/\/www.ull.es\/grados\/filosofia\/?page_id=518"},"modified":"2026-03-17T08:48:17","modified_gmt":"2026-03-17T08:48:17","slug":"comisiones-de-centrotitulo","status":"publish","type":"page","link":"https:\/\/www.ull.es\/grados\/filosofia\/en\/informacion-academica\/comisiones-de-centrotitulo\/","title":{"rendered":"Center\/degree commissions"},"content":{"rendered":"\n<div class=\"wp-block-stackable-columns alignfull stk-block-columns stk-block stk-8657999\" data-block-id=\"8657999\"><style>.stk-8657999 {padding-bottom:0px !important;margin-top:-30px !important;margin-bottom:0px !important;}@media screen and (max-width: 767px){.stk-8657999 {margin-top:-10% !important;}}<\/style><div class=\"stk-row stk-inner-blocks stk-block-content stk-content-align stk-8657999-column alignfull\">\n<div class=\"wp-block-stackable-column stk-block-column stk-column stk-block stk-914f03e\" data-v=\"4\" data-block-id=\"914f03e\"><div class=\"stk-column-wrapper stk-block-column__content stk-container stk-914f03e-container stk--no-background stk--no-padding\"><div class=\"stk-block-content stk-inner-blocks stk-914f03e-inner-blocks\"><style id=\"depicter-1-inline-pre-css\">\n\n.depicter-1:not(.depicter-ready){\n\theight:500px;\n}\n\n\/***** Tablet *****\/\n@media screen and (max-width: 1024px){\n\n.depicter-1:not(.depicter-ready){\n\theight:700px;\n}\n\n}\n\/***** Mobile *****\/\n@media screen and (max-width: 767px){\n\n.depicter-1:not(.depicter-ready){\n\theight:360px;\n}\n\n}\n<\/style>\n<div id=\"depicter-1\" class=\"depicter depicter-document depicter-revert depicter-1 depicter-layout-fullwidth\">\n\n<div class=\"depicter-loading-container depicter-loading dotFlashing-dark\"><div class=\"depicter-loading-dark depicter-dot-flashing\">\n   <span><\/span>\n   <span><\/span>\n   <span><\/span>\n<\/div>\n<\/div>\n<div id=\"depicter-1-section-1\" class=\"depicter-section depicter-1-section-1\" data-name=\"Section 1\" data-type=\"section\" data-local-id=\"section-1\">\n<picture class=\"depicter-bg\">\n<source data-depicter-srcset=\"https:\/\/www.ull.es\/grados\/filosofia\/wp-content\/uploads\/sites\/25\/2025\/04\/Slider_Filosofia-768x248.jpg, https:\/\/www.ull.es\/grados\/filosofia\/wp-content\/uploads\/sites\/25\/2025\/04\/Slider_Filosofia.jpg 2x\" srcset=\"data:image\/gif;base64,R0lGODlhAQABAIAAAAAAAP\/\/\/yH5BAEAAAAALAAAAAABAAEAAAIBRAA7\" media=\"(max-width: 1024px)\" \/>\n\n<source data-depicter-srcset=\"https:\/\/www.ull.es\/grados\/filosofia\/wp-content\/uploads\/sites\/25\/2025\/04\/Slider_Filosofia.jpg, https:\/\/www.ull.es\/grados\/filosofia\/wp-content\/uploads\/sites\/25\/2025\/04\/Slider_Filosofia-1920x620.jpg 2x\" srcset=\"data:image\/gif;base64,R0lGODlhAQABAIAAAAAAAP\/\/\/yH5BAEAAAAALAAAAAABAAEAAAIBRAA7\" media=\"(min-width: 1025px)\" \/>\n<img decoding=\"async\" src=\"data:image\/gif;base64,R0lGODlhAQABAIAAAAAAAP\/\/\/yH5BAEAAAAALAAAAAABAAEAAAIBRAA7\" data-ken-burns=\"false\" data-tablet-ken-burns=\"false\" data-mobile-ken-burns=\"false\" alt=\"\" data-depicter-src=\"https:\/\/www.ull.es\/grados\/filosofia\/wp-content\/uploads\/sites\/25\/2025\/04\/Slider_Filosofia.jpg\" data-object-fit=\"custom,custom,\" data-object-position=\"center top,,\" data-crop=\"{'focalPoint':{'x':0.5,'y':0.5},'mediaSize':{'width':1393.54838709677414954057894647121429443359375,'height':450}}\" data-tablet-crop=\"{'focalPoint':{'x':0.7600000000000000088817841970012523233890533447265625,'y':0.5},'mediaSize':{'width':2167,'height':700}}\" data-mobile-crop=\"{'focalPoint':{'x':0.5,'y':0.5},'mediaSize':{'width':1114.8387096774195015314035117626190185546875,'height':360}}\" \/>\n<\/picture>\n\n\n<h1 id=\"depicter-1-element-5\" class=\"depicter-element depicter-layer depicter-1-element-5\" data-type=\"text\" data-wrap=\"true\" data-name=\"Text 2\" data-local-id=\"element-5\" data-offset=\"x:225px;y:201px;origin:tl\" data-tablet-offset=\"x:289px;y:321px;origin:tl\" data-mobile-offset=\"x:66px;y:-139px;origin:tl\" data-width=\"751px,446px,189px\" data-height=\"auto,auto,auto\" data-responsive-scale=\"true,,\">Grado en Filosof\u00eda<\/h1>\n\n<div id=\"depicter-1-element-10\" class=\"depicter-element depicter-layer depicter-1-element-10\" data-type=\"shape\" data-wrap=\"true\" data-name=\"Shape 1\" data-local-id=\"element-10\" data-offset=\"x:235px;y:310px;origin:tl\" data-tablet-offset=\"x:289px;y:392px;origin:tl\" data-mobile-offset=\"x:6px;y:-20px;origin:tl\" data-width=\"732px,435px,309px\" data-height=\"8px,8px,8px\" data-responsive-scale=\"true,,\"><\/div>\n<\/div>\n<\/div>\n<script>\n(window.depicterSetups = window.depicterSetups || []).push(function(){\n\tDepicter.basePath = 'https:\/\/www.ull.es\/grados\/filosofia\/wp-content\/plugins\/depicter\/resources\/scripts\/player\/';\n\tconst dpPlayer = Depicter.setup('.depicter-1',\n\t\t{\"width\":[\"1200\",\"1024\",\"360\"],\"height\":[\"500\",\"700\",\"360\"],\"view\":\"basic\",\"keepAspectRatio\":true,\"preload\":0,\"layout\":\"fullwidth\",\"rtl\":false,\"initAfterAppear\":false,\"ajaxApiUrl\":\"https:\\\/\\\/www.ull.es\\\/grados\\\/filosofia\\\/wp-admin\\\/admin-ajax.php\",\"mouseSwipe\":true,\"touchSwipe\":true,\"useWatermark\":false}\n\t);\n});\n<\/script><\/div><\/div><\/div>\n<\/div><\/div>\n\n\n\n<div class=\"wp-block-stackable-columns alignfull stk-block-columns stk--hide-mobile stk-block stk-ceecbdc stk-block-background\" data-block-id=\"ceecbdc\"><style>.stk-ceecbdc {background-color:#360060 !important;padding-top:35px !important;padding-right:0px !important;padding-bottom:2px !important;padding-left:0px !important;margin-top:-20px !important;margin-bottom:70px !important;}.stk-ceecbdc:before{background-color:#360060 !important;}<\/style><div class=\"stk-row stk-inner-blocks stk-block-content stk-content-align stk-ceecbdc-column alignfull\">\n<div class=\"wp-block-stackable-column stk-block-column stk-column stk-block stk-fc60a5d\" data-v=\"4\" data-block-id=\"fc60a5d\"><div class=\"stk-column-wrapper stk-block-column__content stk-container stk-fc60a5d-container stk--no-background stk--no-padding\"><div class=\"stk-block-content stk-inner-blocks stk-fc60a5d-inner-blocks\">\n<div class=\"wp-block-stackable-spacer stk-block-spacer stk--no-padding stk-block stk-a3a8a68\" data-block-id=\"a3a8a68\"><style>.stk-a3a8a68 {height:0px !important;}<\/style><\/div>\n<\/div><\/div><\/div>\n<\/div><\/div>\n\n\n\n<div class=\"wp-block-stackable-columns stk-block-columns stk-block stk-8b59b96\" data-block-id=\"8b59b96\"><style>.stk-8b59b96 .stk--block-align-8b59b96{align-items:flex-start !important;}.stk-8b59b96 {margin-top:25px !important;}.stk-8b59b96-column{--stk-columns-spacing:0px !important;--stk-column-gap:50px !important;}@media screen and (max-width: 767px){.stk-8b59b96-column{row-gap:var(--stk--preset--spacing--60, 2.25rem) !important;}}<\/style><div class=\"stk-row stk-inner-blocks stk--block-align-8b59b96 stk-block-content stk-content-align stk-8b59b96-column\">\n<div class=\"wp-block-stackable-column stk-block-column stk-column stk-block stk-dbb7e15\" data-v=\"4\" data-block-id=\"dbb7e15\"><div class=\"stk-column-wrapper stk-block-column__content stk-container stk-dbb7e15-container stk--no-background stk--no-padding\"><div class=\"stk-block-content stk-inner-blocks stk-dbb7e15-inner-blocks\">\n<div class=\"wp-block-stackable-heading stk-block-heading stk-block-heading--v2 stk-block stk-689c258\" id=\"comisiones-de-centro-titulo\" data-block-id=\"689c258\"><style>.stk-689c258 .stk-block-heading__text{color:#5c068c !important;}<\/style><h1 class=\"stk-block-heading__text has-text-color\">Comisiones de centro\/t\u00edtulo<\/h1><\/div>\n\n\n\n<div class=\"wp-block-stackable-text stk-block-text stk-block stk-8e6f7a0\" data-block-id=\"8e6f7a0\"><p class=\"stk-block-text__text\">Las Comisiones de la&nbsp;<a href=\"https:\/\/docs.google.com\/spreadsheets\/d\/e\/2PACX-1vS3_7C2NJLrVUG-Ns-8XoTE0rL5NrA8HfLUDodcpEmuwQQbdQAKeVc8BrnCTGC0b2mcSUNkSk0dDajn\/pubhtml?gid=2108386063&amp;single=true\" target=\"_blank\" rel=\"noreferrer noopener\" target=\"_blank\" rel=\"noopener\"><strong>secci\u00f3n de Filosof\u00eda<\/strong><\/a>&nbsp;son las siguientes:<\/p><\/div>\n\n\n\n<table class=\"table table-bordered table-striped align-middle text-center shadow-sm rounded overflow-hidden\" style=\"border-collapse: separate; border-spacing: 0; box-shadow: 0 0.5rem 1rem rgba(0,0,0,0.1); border-radius:1.5rem; width:100%;\">\n  <tbody>\n    <tr><td colspan=\"3\" class=\"fw-bold\" style=\"background-color:#490a79; color:white; border-top-left-radius: 1.5rem; border-top-right-radius: 1.5rem; font-weight: bold;\">Comisiones y Representantes<\/td><\/tr>\n    <tr style=\"background-color:#5c068c; color:white; font-weight: bold;\"><td>Comisi\u00f3n<\/td><td>Nombre<\/td><td>Cargo<\/td><\/tr>\n    <tr><td class=\"td1 fw-bold\" style=\"font-weight: bold;\">Comisi\u00f3n Permanente<\/td><td class=\"td1\">Margarita V\u00e1zquez Campos<\/td><td class=\"td1\">Vicedecana de Secci\u00f3n<\/td><\/tr>\n    <tr><td class=\"td2\"><\/td><td class=\"td2\">Miguel Mandujano Estrada<\/td><td class=\"td2\">Coordinador de Calidad<\/td><\/tr>\n    <tr><td class=\"td1\"><\/td><td class=\"td1\">Laura Garc\u00eda D\u00edaz<\/td><td class=\"td1\">Profesora del grado<\/td><\/tr>\n    <tr><td class=\"td2 fw-bold\" style=\"font-weight: bold;\">COPYPE<\/td><td class=\"td2\">Margarita V\u00e1zquez Campos<\/td><td class=\"td2\">Vicedecana de Secci\u00f3n<\/td><\/tr>\n    <tr><td class=\"td1\"><\/td><td class=\"td1\">Miguel Mandujano Estrada<\/td><td class=\"td1\">Coordinador de Calidad<\/td><\/tr>\n    <tr><td class=\"td2\"><\/td><td class=\"td2\">Chaxiraxi Escuela Cruz<\/td><td class=\"td2\">Profesora del grado, coordinadora de pr\u00e1cticas formativas<\/td><\/tr>\n    <tr><td class=\"td1\"><\/td><td class=\"td1\">D\u00e1cil P\u00e9rez Hern\u00e1ndez<\/td><td class=\"td1\">Administradora de la Facultad<\/td><\/tr>\n    <tr><td class=\"td2 fw-bold\" style=\"font-weight: bold;\">Comisi\u00f3n de Ordenaci\u00f3n Acad\u00e9mica<\/td><td class=\"td2\">Margarita V\u00e1zquez Campos<\/td><td class=\"td2\">Vicedecana de Secci\u00f3n<\/td><\/tr>\n    <tr><td class=\"td1\"><\/td><td class=\"td1\">Miguel Mandujano Estrada<\/td><td class=\"td1\">Coordinador de Calidad<\/td><\/tr>\n    <tr><td class=\"td2 fw-bold\" style=\"font-weight: bold;\">Comisi\u00f3n de Calidad<\/td><td class=\"td2\">Margarita V\u00e1zquez Campos<\/td><td class=\"td2\">Vicedecana de Secci\u00f3n<\/td><\/tr>\n    <tr><td class=\"td1\"><\/td><td class=\"td1\">Miguel Mandujano Estrada<\/td><td class=\"td1\">Coordinador de Calidad<\/td><\/tr>\n    <tr><td class=\"td2\"><\/td><td class=\"td2\">Chaxiraxi Escuela Cruz<\/td><td class=\"td2\">Profesora del grado<\/td><\/tr>\n    <tr><td class=\"td1\"><\/td><td class=\"td1\">Vanesa del Toro Melo<\/td><td class=\"td1\">Conserje del edificio Departamental de Filosof\u00eda<\/td><\/tr>\n    <tr><td class=\"td2\"><\/td><td class=\"td2\">Manuel Ledesma Reyes<\/td><td class=\"td2\">Director del departamento de Historia y Filosof\u00eda de la Ciencia, la Educaci\u00f3n y el Lenguaje<\/td><\/tr>\n    <tr><td class=\"td1\"><\/td><td class=\"td1\">Gonzalo M. Pav\u00e9s Borges<\/td><td class=\"td1\">Director Dpto. H\u00aa del Arte y Filosof\u00eda<\/td><\/tr>\n    <tr><td class=\"td2 fw-bold\" style=\"font-weight: bold;\">Comisi\u00f3n de Coordinaci\u00f3n del Grado<\/td><td class=\"td2\">Miguel Mandujano Estrada<\/td><td class=\"td2\">Coordinador del Grado<\/td><\/tr>\n    <tr><td class=\"td1\"><\/td><td class=\"td1\">Sandra Santana P\u00e9rez<\/td><td class=\"td1\">Coordinadora de Primero<\/td><\/tr>\n    <tr><td class=\"td2\"><\/td><td class=\"td2\">Pablo P\u00e9rez Navarro<\/td><td class=\"td2\">Coordinador de Segundo<\/td><\/tr>\n    <tr><td class=\"td1\"><\/td><td class=\"td1\">Lorena Acosta Iglesias<\/td><td class=\"td1\">Coordinadora de Tercero<\/td><\/tr>\n    <tr><td class=\"td2\"><\/td><td class=\"td2\">Chaxiraxi Escuela Cruz<\/td><td class=\"td2\">Coordinadora de Cuarto<\/td><\/tr>\n    <tr><td class=\"td1 fw-bold\" style=\"font-weight: bold;\">Representantes de Curso<\/td><td class=\"td1\">Fayna Luis Cabrera<\/td><td class=\"td1\">Primer curso (delegada)<\/td><\/tr>\n    <tr><td class=\"td2\"><\/td><td class=\"td2\">Tom\u00e1s Hern\u00e1ndez Mora<\/td><td class=\"td2\">Primer curso (subdelegado)<\/td><\/tr>\n    <tr><td class=\"td1\"><\/td><td class=\"td1\">D\u00e1cil Alonso Guti\u00e9rrez<\/td><td class=\"td1\">Segundo curso (delegada)<\/td><\/tr>\n    <tr><td class=\"td2\"><\/td><td class=\"td2\">Alberto Sette Hern\u00e1ndez<\/td><td class=\"td2\">Segundo curso (subdelegado)<\/td><\/tr>\n    <tr><td class=\"td1\"><\/td><td class=\"td1\">Kristin Mielke Socorro<\/td><td class=\"td1\">Tercer curso (delegada)<\/td><\/tr>\n    <tr><td class=\"td2\"><\/td><td class=\"td2\">Yaiza del Carmen Trujillo Morales<\/td><td class=\"td2\">Tercer curso (subdelegada)<\/td><\/tr>\n    <tr><td class=\"td1\"><\/td><td class=\"td1\">Mari\u00e1ngela Cisneros Silva<\/td><td class=\"td1\">Cuarto curso (delegado)<\/td><\/tr>\n    <tr><td class=\"td2\"><\/td><td class=\"td2\">Maria Luisa Massieu Vernetta<\/td><td class=\"td2\">Cuarto curso (subdelegada)<\/td><\/tr>\n    <tr><td class=\"td1 fw-bold\" style=\"font-weight: bold;\">Comisi\u00f3n de Movilidad Internacional<\/td><td class=\"td1\">Miguel Mandujano Estrada<\/td><td class=\"td1\">Presidente<\/td><\/tr>\n    <tr><td class=\"td2\"><\/td><td class=\"td2\">Chaxiraxi Escuela Cruz<\/td><td class=\"td2\">Vocal<\/td><\/tr>\n    <tr><td class=\"td1\"><\/td><td class=\"td1\">D\u00e1cil P\u00e9rez Hern\u00e1ndez<\/td><td class=\"td1\">Secretaria<\/td><\/tr>\n    <tr><td class=\"td2 fw-bold\" style=\"font-weight: bold;\">POAT<\/td><td class=\"td2\">Miguel Mandujano Estrada<\/td><td class=\"td2\">Coordinador y tutor NEAE<\/td><\/tr>\n    <tr><td class=\"td1\"><\/td><td class=\"td1\">Sandra Santana P\u00e9rez<\/td><td class=\"td1\">Tutora<\/td><\/tr>\n    <tr><td class=\"td2\"><\/td><td class=\"td2\">Laura Garc\u00eda D\u00edaz<\/td><td class=\"td2\">Tutora<\/td><\/tr>\n    <tr><td class=\"td1 fw-bold\" style=\"font-weight: bold;\">Comisi\u00f3n del Trabajo Final de Grado<\/td><td class=\"td1\">Margarita V\u00e1zquez Campos<\/td><td class=\"td1\">Vicedecana de Secci\u00f3n<\/td><\/tr>\n    <tr><td class=\"td2\"><\/td><td class=\"td2\">Miguel Mandujano Estrada<\/td><td class=\"td2\">Coordinador de Calidad<\/td><\/tr>\n    <tr><td class=\"td1\"><\/td><td class=\"td1\">Inmaculada Perdomo Reyes<\/td><td class=\"td1\">Profesora del Grado, Coordinadora del TFG<\/td><\/tr>\n  <\/tbody>\n<\/table>\n\n<style>\ntable td, table th {\n  transition: transform 0.2s, box-shadow 0.2s;\n}\ntable td:hover, table th:hover {\n  transform: scale(1.02);\n  box-shadow: 0 0.75rem 1.5rem rgba(0,0,0,0.15);\n}\n<\/style>\n<\/div><\/div><\/div>\n<\/div><\/div>\n","protected":false},"excerpt":{"rendered":"<p>Center\/Degree Committees The Philosophy section committees are as follows: Committees and Representatives Committee Name Position Standing Committee Margarita V\u00e1zquez Campos Vice Dean of Section Miguel Mandujano Estrada Quality Coordinator Laura Garc\u00eda D\u00edaz Professor of the COPYPE degree Margarita V\u00e1zquez Campos Vice Dean of Section Miguel Mandujano Estrada Quality Coordinator Chaxiraxi Cruz School Professor of\u2026<\/p>","protected":false},"author":1,"featured_media":0,"parent":252,"menu_order":7,"comment_status":"closed","ping_status":"closed","template":"templates\/template-frontpage.php","meta":{"footnotes":""},"class_list":["post-518","page","type-page","status-publish","hentry"],"_links":{"self":[{"href":"https:\/\/www.ull.es\/grados\/filosofia\/en\/wp-json\/wp\/v2\/pages\/518","targetHints":{"allow":["GET"]}}],"collection":[{"href":"https:\/\/www.ull.es\/grados\/filosofia\/en\/wp-json\/wp\/v2\/pages"}],"about":[{"href":"https:\/\/www.ull.es\/grados\/filosofia\/en\/wp-json\/wp\/v2\/types\/page"}],"author":[{"embeddable":true,"href":"https:\/\/www.ull.es\/grados\/filosofia\/en\/wp-json\/wp\/v2\/users\/1"}],"replies":[{"embeddable":true,"href":"https:\/\/www.ull.es\/grados\/filosofia\/en\/wp-json\/wp\/v2\/comments?post=518"}],"version-history":[{"count":45,"href":"https:\/\/www.ull.es\/grados\/filosofia\/en\/wp-json\/wp\/v2\/pages\/518\/revisions"}],"predecessor-version":[{"id":1200,"href":"https:\/\/www.ull.es\/grados\/filosofia\/en\/wp-json\/wp\/v2\/pages\/518\/revisions\/1200"}],"up":[{"embeddable":true,"href":"https:\/\/www.ull.es\/grados\/filosofia\/en\/wp-json\/wp\/v2\/pages\/252"}],"wp:attachment":[{"href":"https:\/\/www.ull.es\/grados\/filosofia\/en\/wp-json\/wp\/v2\/media?parent=518"}],"curies":[{"name":"wp","href":"https:\/\/api.w.org\/{rel}","templated":true}]}}