{"id":32,"date":"2017-06-28T12:47:36","date_gmt":"2017-06-28T12:47:36","guid":{"rendered":"http:\/\/www.ull.es\/masteres\/desarrollo-y-gestion-de-recursos-humanos\/?page_id=18"},"modified":"2025-11-12T12:45:36","modified_gmt":"2025-11-12T12:45:36","slug":"apoyo-y-orientacion","status":"publish","type":"page","link":"https:\/\/www.ull.es\/grados\/fisica\/en\/informacion-academica\/apoyo-y-orientacion\/","title":{"rendered":"Support and guidance"},"content":{"rendered":"\n<div class=\"wp-block-stackable-columns alignfull stk-block-columns stk-block stk-8657999\" data-block-id=\"8657999\"><style>.stk-8657999 {padding-bottom:0px !important;margin-top:-30px !important;margin-bottom:0px !important;}@media screen and (max-width: 767px){.stk-8657999 {margin-top:-10% !important;}}<\/style><div class=\"stk-row stk-inner-blocks stk-block-content stk-content-align stk-8657999-column alignfull\">\n<div class=\"wp-block-stackable-column stk-block-column stk-column stk-block stk-914f03e\" data-v=\"4\" data-block-id=\"914f03e\"><div class=\"stk-column-wrapper stk-block-column__content stk-container stk-914f03e-container stk--no-background stk--no-padding\"><div class=\"stk-block-content stk-inner-blocks stk-914f03e-inner-blocks\"><style id=\"depicter-1-inline-pre-css\">\n\n.depicter-1:not(.depicter-ready){\n\theight:500px;\n}\n\n\/***** Tablet *****\/\n@media screen and (max-width: 1024px){\n\n.depicter-1:not(.depicter-ready){\n\theight:700px;\n}\n\n}\n\/***** Mobile *****\/\n@media screen and (max-width: 767px){\n\n.depicter-1:not(.depicter-ready){\n\theight:360px;\n}\n\n}\n<\/style>\n<div id=\"depicter-1\" class=\"depicter depicter-document depicter-revert depicter-1 depicter-layout-fullwidth\">\n\n<div class=\"depicter-loading-container depicter-loading dotFlashing-dark\"><div class=\"depicter-loading-dark depicter-dot-flashing\">\n   <span><\/span>\n   <span><\/span>\n   <span><\/span>\n<\/div>\n<\/div>\n<div id=\"depicter-1-section-1\" class=\"depicter-section depicter-1-section-1\" data-name=\"Section 1\" data-type=\"section\" data-local-id=\"section-1\">\n<picture class=\"depicter-bg\">\n<source data-depicter-srcset=\"https:\/\/www.ull.es\/grados\/fisica\/wp-content\/uploads\/sites\/41\/2025\/03\/glowing-abstract-backdrop-futuristic-space-wave-generated-by-ai-768x439.jpg, https:\/\/www.ull.es\/grados\/fisica\/wp-content\/uploads\/sites\/41\/2025\/03\/glowing-abstract-backdrop-futuristic-space-wave-generated-by-ai.jpg 2x\" srcset=\"data:image\/gif;base64,R0lGODlhAQABAIAAAAAAAP\/\/\/yH5BAEAAAAALAAAAAABAAEAAAIBRAA7\" media=\"(max-width: 1024px)\" \/>\n\n<source data-depicter-srcset=\"https:\/\/www.ull.es\/grados\/fisica\/wp-content\/uploads\/sites\/41\/2025\/03\/glowing-abstract-backdrop-futuristic-space-wave-generated-by-ai.jpg, https:\/\/www.ull.es\/grados\/fisica\/wp-content\/uploads\/sites\/41\/2025\/03\/glowing-abstract-backdrop-futuristic-space-wave-generated-by-ai-1600x914.jpg 2x\" srcset=\"data:image\/gif;base64,R0lGODlhAQABAIAAAAAAAP\/\/\/yH5BAEAAAAALAAAAAABAAEAAAIBRAA7\" media=\"(min-width: 1025px)\" \/>\n<img decoding=\"async\" src=\"data:image\/gif;base64,R0lGODlhAQABAIAAAAAAAP\/\/\/yH5BAEAAAAALAAAAAABAAEAAAIBRAA7\" data-ken-burns=\"false\" data-tablet-ken-burns=\"false\" data-mobile-ken-burns=\"false\" alt=\"\" data-depicter-src=\"https:\/\/www.ull.es\/grados\/fisica\/wp-content\/uploads\/sites\/41\/2025\/03\/glowing-abstract-backdrop-futuristic-space-wave-generated-by-ai.jpg\" data-object-fit=\"custom,custom,\" data-object-position=\"center top,,\" data-crop=\"{'focalPoint':{'x':0.5,'y':0.5},'mediaSize':{'width':1200,'height':685.5}}\" data-tablet-crop=\"{'focalPoint':{'x':0.5,'y':0.5},'mediaSize':{'width':1225.38293216630199822247959673404693603515625,'height':700}}\" data-mobile-crop=\"{'focalPoint':{'x':0.5,'y':0.5},'mediaSize':{'width':630.196936542669618575018830597400665283203125,'height':360}}\" \/>\n<\/picture>\n\n\n<h1 id=\"depicter-1-element-5\" class=\"depicter-element depicter-layer depicter-1-element-5\" data-type=\"text\" data-wrap=\"true\" data-name=\"Text 2\" data-local-id=\"element-5\" data-offset=\"x:271px;y:200px;origin:tl\" data-tablet-offset=\"x:340px;y:327px;origin:tl\" data-mobile-offset=\"x:6px;y:-136px;origin:tl\" data-width=\"658px,345px,348px\" data-height=\"auto,auto,auto\" data-responsive-scale=\"true,,\">Grado en F\u00edsica<\/h1>\n\n<div id=\"depicter-1-element-10\" class=\"depicter-element depicter-layer depicter-1-element-10\" data-type=\"shape\" data-wrap=\"true\" data-name=\"Shape 1\" data-local-id=\"element-10\" data-offset=\"x:288px;y:308px;origin:tl\" data-tablet-offset=\"x:340px;y:383px;origin:tl\" data-mobile-offset=\"x:6px;y:-26px;origin:tl\" data-width=\"624px,292px,309px\" data-height=\"8px,8px,8px\" data-responsive-scale=\"true,,\"><\/div>\n<\/div>\n<\/div>\n<script>\n(window.depicterSetups = window.depicterSetups || []).push(function(){\n\tDepicter.basePath = 'https:\/\/www.ull.es\/grados\/fisica\/wp-content\/plugins\/depicter\/resources\/scripts\/player\/';\n\tconst dpPlayer = Depicter.setup('.depicter-1',\n\t\t{\"width\":[\"1200\",\"1024\",\"360\"],\"height\":[\"500\",\"700\",\"360\"],\"view\":\"basic\",\"keepAspectRatio\":true,\"preload\":0,\"layout\":\"fullwidth\",\"rtl\":false,\"initAfterAppear\":false,\"ajaxApiUrl\":\"https:\\\/\\\/www.ull.es\\\/grados\\\/fisica\\\/wp-admin\\\/admin-ajax.php\",\"mouseSwipe\":true,\"touchSwipe\":true,\"useWatermark\":false}\n\t);\n});\n<\/script><\/div><\/div><\/div>\n<\/div><\/div>\n\n\n\n<div class=\"wp-block-stackable-columns alignfull stk-block-columns stk--hide-mobile stk-block stk-ceecbdc stk-block-background\" data-block-id=\"ceecbdc\"><style>.stk-ceecbdc {background-color:#360060 !important;padding-top:35px !important;padding-right:0px !important;padding-bottom:2px !important;padding-left:0px !important;margin-top:-20px !important;margin-bottom:70px !important;}.stk-ceecbdc:before{background-color:#360060 !important;}<\/style><div class=\"stk-row stk-inner-blocks stk-block-content stk-content-align stk-ceecbdc-column alignfull\">\n<div class=\"wp-block-stackable-column stk-block-column stk-column stk-block stk-fc60a5d\" data-v=\"4\" data-block-id=\"fc60a5d\"><div class=\"stk-column-wrapper stk-block-column__content stk-container stk-fc60a5d-container stk--no-background stk--no-padding\"><div class=\"stk-block-content stk-inner-blocks stk-fc60a5d-inner-blocks\">\n<div class=\"wp-block-stackable-spacer stk-block-spacer stk--no-padding stk-block stk-a3a8a68\" data-block-id=\"a3a8a68\"><style>.stk-a3a8a68 {height:0px !important;}<\/style><\/div>\n<\/div><\/div><\/div>\n<\/div><\/div>\n\n\n\n<div class=\"wp-block-stackable-columns stk-block-columns stk-block stk-8b59b96\" data-block-id=\"8b59b96\"><style>.stk-8b59b96 .stk--block-align-8b59b96{align-items:flex-start !important;}.stk-8b59b96 {margin-top:25px !important;}.stk-8b59b96-column{--stk-columns-spacing:0px !important;--stk-column-gap:50px !important;}@media screen and (max-width: 767px){.stk-8b59b96-column{row-gap:var(--stk--preset--spacing--60, 2.25rem) !important;}}<\/style><div class=\"stk-row stk-inner-blocks stk--block-align-8b59b96 stk-block-content stk-content-align stk-8b59b96-column\">\n<div class=\"wp-block-stackable-column stk-block-column stk-column stk-block stk-dbb7e15\" data-v=\"4\" data-block-id=\"dbb7e15\"><div class=\"stk-column-wrapper stk-block-column__content stk-container stk-dbb7e15-container stk--no-background stk--no-padding\"><div class=\"stk-block-content stk-inner-blocks stk-dbb7e15-inner-blocks\">\n<div class=\"wp-block-stackable-heading stk-block-heading stk-block-heading--v2 stk-block stk-689c258\" id=\"apoyo-y-orientacion\" data-block-id=\"689c258\"><style>.stk-689c258 .stk-block-heading__text{color:#5c068c !important;}<\/style><h1 class=\"stk-block-heading__text has-text-color\">Apoyo y orientaci\u00f3n<\/h1><\/div>\n\n\n\n<p>La Secci\u00f3n de F\u00edsica cuenta, desde el curso 2013-14, con un&nbsp;<strong>Plan de Orientaci\u00f3n y Acci\u00f3n Tutorial (POAT)<\/strong>,&nbsp;dise\u00f1ado seg\u00fan el documento:&nbsp;\u201c<a href=\"https:\/\/drive.google.com\/file\/d\/1h25I3taOtS0AGxqLqTGZwArVRSgJOwIn\/view?usp=sharing\" target=\"_blank\" rel=\"noreferrer noopener\" target=\"_blank\" rel=\"noopener\">Directrices para la elaboraci\u00f3n, implantaci\u00f3n y consolidaci\u00f3n de los planes de orientaci\u00f3n y acci\u00f3n tutorial de los centros de la universidad de La Laguna (ULL)<\/a>\u201d.<\/p>\n\n\n\n<p>El POAT de la secci\u00f3n de F\u00edsica desarrolla cada curso una serie de actividades que abarcan los siguientes aspectos:<\/p>\n\n\n\n<p><strong>Informaci\u00f3n y divulgaci\u00f3n de los estudios de F\u00edsica entre potenciales<\/strong>&nbsp;<strong>estudiantes:<\/strong><\/p>\n\n\n\n<p>Se realiza a trav\u00e9s de los medios con los que cuenta la Universidad de La Laguna:<\/p>\n\n\n\n<ul class=\"wp-block-list\">\n<li>P\u00e1gina web de la\u00a0<a href=\"http:\/\/ull.es\/\" target=\"_blank\" rel=\"noreferrer noopener\" target=\"_blank\" rel=\"noopener\"><u>Universidad de La Laguna<\/u><\/a><\/li>\n\n\n\n<li><a href=\"http:\/\/ull.es\/vive-la-ull\/\" target=\"_blank\" rel=\"noreferrer noopener\" target=\"_blank\" rel=\"noopener\"><u>Portal Vive La ULL<\/u><\/a>\u00a0que ofrece informaci\u00f3n sobre los diferentes servicios universitarios, entre otros: biblioteca, idiomas, deportes, tarjeta universitaria, transporte, alojamiento, cultura, participaci\u00f3n universitaria y cursos de extensi\u00f3n universitaria.<\/li>\n\n\n\n<li><a href=\"https:\/\/www.ull.es\/servicios\/servicio-de-informacion-y-orientacion-sio\/\" target=\"_blank\" rel=\"noreferrer noopener\" target=\"_blank\" rel=\"noopener\"><u>Servicio de informaci\u00f3n y orientaci\u00f3n (SIO<\/u>)<\/a>: es la oficina destinada a informar, asesorar y orientar al futuro estudiantado y a la comunidad universitaria en general (becas, ayudas, derechos y deberes, asesor\u00eda psicopedag\u00f3gica, asesor\u00eda jur\u00eddica, \u2026).<\/li>\n\n\n\n<li>Jornadas de Puertas Abiertas, impulsadas por el Vicerrectorado de Estudiantes, dan a conocer la oferta acad\u00e9mica y de servicios de la ULL al futuro alumnado.<\/li>\n\n\n\n<li>La p\u00e1gina web de la Facultad de Ciencias\u00a0en el apartado Titulaciones contiene una descripci\u00f3n del Grado en F\u00edsica y la p\u00e1gina de la Titulaci\u00f3n donde pueden encontrarse las gu\u00edas docentes de las asignaturas y otras informaciones de inter\u00e9s entre ellas un enlace al\u00a0<a href=\"http:\/\/ull.es\/estudiantes\/\" target=\"_blank\" rel=\"noreferrer noopener\" target=\"_blank\" rel=\"noopener\"><u>Portal del Estudiante\u00a0<\/u><\/a><\/li>\n<\/ul>\n\n\n\n<p>Adem\u00e1s, la secci\u00f3n de F\u00edsica, a trav\u00e9s de su Comisi\u00f3n de Divulgaci\u00f3n organiza una serie de actividades englobadas en el programa:<\/p>\n\n\n\n<ul class=\"wp-block-list\">\n<li>\u201cAc\u00e9rcate a la F\u00edsica\u201d, que comprende:\n<ul class=\"wp-block-list\">\n<li>Visitas de profesores de la Secci\u00f3n de F\u00edsica a centros de ense\u00f1anza media (institutos y centros privados o concertados) para impartir charlas de divulgaci\u00f3n cient\u00edfica e informaci\u00f3n sobre los estudios de F\u00edsica.<\/li>\n\n\n\n<li>Visitas guiadas de estudiantes de Secundaria a las instalaciones de la Secci\u00f3n de F\u00edsica.<\/li>\n<\/ul>\n<\/li>\n<\/ul>\n\n\n\n<p><strong>Plan de acogida y orientaci\u00f3n del estudiantado de nuevo ingreso:<\/strong><\/p>\n\n\n\n<ul class=\"wp-block-list\">\n<li>Jornada de bienvenida a nuevo estudiantado: charlas informativas acerca de la estructura de los estudios, dependencias de la secci\u00f3n, biblioteca, aulas de inform\u00e1tica, red wifi, campus virtual, etc\u2026<\/li>\n\n\n\n<li>Programa de Tutorizaci\u00f3n Personalizada llevado a cabo por el profesorado de la secci\u00f3n. Mediante este programa cada estudiante del grado en F\u00edsica cuenta con un profesor-tutor que le orienta y asesora\u00a0<strong>a lo largo de sus estudios<\/strong>.<\/li>\n<\/ul>\n\n\n\n<p><strong>&nbsp;<\/strong><strong>Plan de actividades informativas y de orientaci\u00f3n:<\/strong><\/p>\n\n\n\n<ul class=\"wp-block-list\">\n<li>Charlas sobre la optatividad en el Grado: Para informar sobre las diferentes asignaturas optativas en el Grado.<\/li>\n\n\n\n<li>Charlas sobre Pr\u00e1cticas externas: Para informar sobre las particularidades de estas asignaturas y sobre las empresas y organismos disponibles para la realizaci\u00f3n de estas pr\u00e1cticas.<\/li>\n\n\n\n<li>Charlas sobre el Trabajo Fin de Grado: Para informar sobre las particularidades de esta asignatura.<\/li>\n\n\n\n<li>Charlas informativas sobre la oferta formativa de Posgrado: M\u00e1steres afines a la titulaci\u00f3n en Graduado en F\u00edsica.<\/li>\n\n\n\n<li>Charlas informativas sobre los diferentes programas de movilidad (Erasmus, Erasmus +, SICUE\u2026)<\/li>\n\n\n\n<li>Informaci\u00f3n para la Inserci\u00f3n laboral: a lo largo del curso se realizan diversas actividades para informar y orientar al alumnado sobre el mundo laboral y facilitar su integraci\u00f3n en el mismo.<\/li>\n\n\n\n<li>Actividades de Formaci\u00f3n Complementaria (charlas, talleres, mesas redondas) para orientar y apoyar al estudiante durante su estancia en la carrera y en su futura inserci\u00f3n laboral.<\/li>\n<\/ul>\n\n\n\n<p><strong>Documentaci\u00f3n asociada al plan de actividades de orientaci\u00f3n y acci\u00f3n tutorial:<\/strong><\/p>\n\n\n\n<ul class=\"wp-block-list\">\n<li>\n<ul class=\"wp-block-list\">\n<li>Plan de Orientaci\u00f3n y Acci\u00f3n Tutorial\u00a0<a href=\"https:\/\/drive.google.com\/file\/d\/1eKCxAxuxsdqB4tDYIssGnhHc182bRCHD\/view?usp=sharing\" target=\"_blank\" rel=\"noreferrer noopener\" target=\"_blank\" rel=\"noopener\">(POAT) 2022-2023.<\/a><\/li>\n\n\n\n<li>Plan de Orientaci\u00f3n y Acci\u00f3n Tutorial\u00a0<a href=\"https:\/\/drive.google.com\/file\/d\/1EJkr7F1ht7QrtQHgYgQD5PTrwuMOWbod\/view?usp=sharing\" target=\"_blank\" rel=\"noreferrer noopener\" target=\"_blank\" rel=\"noopener\">(POAT) 2021-2022.<\/a><\/li>\n\n\n\n<li>Plan de Orientaci\u00f3n y Acci\u00f3n Tutorial\u00a0<a href=\"https:\/\/drive.google.com\/file\/d\/1m5nLe1gx8xTc4OUWiVSJX5jzBpYgSpTW\/view?usp=sharing\" target=\"_blank\" rel=\"noreferrer noopener\" target=\"_blank\" rel=\"noopener\">(POAT) 2020-2021<\/a>.<\/li>\n\n\n\n<li><a href=\"https:\/\/drive.google.com\/file\/d\/1zBdbbWLod3JaCf4UK5aGqlou3LxFMAbY\/view?usp=sharing\" target=\"_blank\" rel=\"noreferrer noopener\" target=\"_blank\" rel=\"noopener\">Calendario de Actividades 2020-2021.<\/a><\/li>\n\n\n\n<li>Plan de Orientaci\u00f3n y Acci\u00f3n Tutorial\u00a0<a href=\"https:\/\/drive.google.com\/open?id=1e-0bBIdKZBEn1jEf9VB4O972znCVrJeg\" target=\"_blank\" rel=\"noreferrer noopener\" target=\"_blank\" rel=\"noopener\">(POAT) 2019-2020<\/a>.<\/li>\n\n\n\n<li><a href=\"https:\/\/drive.google.com\/open?id=1KKlptozrwHwkQm2oa1wcd5Z-cHdjvHOP\" target=\"_blank\" rel=\"noreferrer noopener\" target=\"_blank\" rel=\"noopener\">Calendario de Actividades 2019-2020<\/a>.<\/li>\n\n\n\n<li><a href=\"https:\/\/drive.google.com\/file\/d\/1MX4l3sg1jJFi1MQRv2ll18TLDn5lXG_d\/view?usp=sharing\" target=\"_blank\" rel=\"noreferrer noopener\" target=\"_blank\" rel=\"noopener\">Autoinforme del POAT de F\u00edsica 2019-2020<\/a><\/li>\n\n\n\n<li>Plan de orientaci\u00f3n y acci\u00f3n tutorial\u00a0<a href=\"https:\/\/drive.google.com\/open?id=1vo8Qwa1CJysVlicTQ7lSk5ZKDyqzm0Et\" target=\"_blank\" rel=\"noreferrer noopener\" target=\"_blank\" rel=\"noopener\">(POAT) 2018-2019<\/a>.<\/li>\n\n\n\n<li><a href=\"https:\/\/drive.google.com\/open?id=1J5NAD83DhKk_Xg5JzEY0ZNryL4z-mMHw\" target=\"_blank\" rel=\"noreferrer noopener\" target=\"_blank\" rel=\"noopener\">Calendario de Actividades 2018-19<\/a>.<\/li>\n\n\n\n<li><a href=\"https:\/\/drive.google.com\/open?id=1dL159usIX2BpTVR_HlXyIBtSV_Vvckxm\" target=\"_blank\" rel=\"noreferrer noopener\" target=\"_blank\" rel=\"noopener\">Autoinforme del POAT de F\u00edsica 2018-19<\/a><\/li>\n\n\n\n<li>Plan de orientaci\u00f3n y acci\u00f3n tutorial\u00a0<a href=\"https:\/\/drive.google.com\/file\/d\/1LlEx_8PoHVQyKAzOGYRauXanKvLc11lF\/view?usp=sharing\" target=\"_blank\" rel=\"noreferrer noopener\" target=\"_blank\" rel=\"noopener\">(POAT) 2017-2018.<\/a><\/li>\n\n\n\n<li><a href=\"https:\/\/drive.google.com\/file\/d\/1AS33sqVwqZY8YLRN4w9obfOKWKrZlfEA\/view?usp=sharing\" target=\"_blank\" rel=\"noreferrer noopener\" target=\"_blank\" rel=\"noopener\">Autoinforme del POAT de F\u00edsica 2017-2018<\/a><\/li>\n\n\n\n<li><a href=\"https:\/\/drive.google.com\/file\/d\/1H1VQQZzDgcX-NMcoA9Pu3evUze277yK_\/view?usp=sharing\" target=\"_blank\" rel=\"noreferrer noopener\" target=\"_blank\" rel=\"noopener\">Autoinforme del POAT de F\u00edsica 2016-2017<\/a><\/li>\n\n\n\n<li><a href=\"https:\/\/drive.google.com\/file\/d\/1vP2deCcKzIdr3xmj_kjENiDWtvTetq0Y\/view?usp=sharing\" target=\"_blank\" rel=\"noreferrer noopener\" target=\"_blank\" rel=\"noopener\">Autoinforme del POAT de F\u00edsica 2015-2016.<\/a><\/li>\n<\/ul>\n<\/li>\n<\/ul>\n<\/div><\/div><\/div>\n<\/div><\/div>\n","protected":false},"excerpt":{"rendered":"<p>Apoyo y orientaci\u00f3n La Secci\u00f3n de F\u00edsica cuenta, desde el curso 2013-14, con un&nbsp;Plan de Orientaci\u00f3n y Acci\u00f3n Tutorial (POAT),&nbsp;dise\u00f1ado seg\u00fan el documento:&nbsp;\u201cDirectrices para la elaboraci\u00f3n, implantaci\u00f3n y consolidaci\u00f3n de los planes de orientaci\u00f3n y acci\u00f3n tutorial de los centros de la universidad de La Laguna (ULL)\u201d. El POAT de la secci\u00f3n de F\u00edsica desarrolla&#8230;<\/p>","protected":false},"author":1,"featured_media":0,"parent":252,"menu_order":7,"comment_status":"closed","ping_status":"closed","template":"templates\/template-frontpage.php","meta":{"footnotes":""},"class_list":["post-32","page","type-page","status-publish","hentry"],"_links":{"self":[{"href":"https:\/\/www.ull.es\/grados\/fisica\/en\/wp-json\/wp\/v2\/pages\/32","targetHints":{"allow":["GET"]}}],"collection":[{"href":"https:\/\/www.ull.es\/grados\/fisica\/en\/wp-json\/wp\/v2\/pages"}],"about":[{"href":"https:\/\/www.ull.es\/grados\/fisica\/en\/wp-json\/wp\/v2\/types\/page"}],"author":[{"embeddable":true,"href":"https:\/\/www.ull.es\/grados\/fisica\/en\/wp-json\/wp\/v2\/users\/1"}],"replies":[{"embeddable":true,"href":"https:\/\/www.ull.es\/grados\/fisica\/en\/wp-json\/wp\/v2\/comments?post=32"}],"version-history":[{"count":31,"href":"https:\/\/www.ull.es\/grados\/fisica\/en\/wp-json\/wp\/v2\/pages\/32\/revisions"}],"predecessor-version":[{"id":1340,"href":"https:\/\/www.ull.es\/grados\/fisica\/en\/wp-json\/wp\/v2\/pages\/32\/revisions\/1340"}],"up":[{"embeddable":true,"href":"https:\/\/www.ull.es\/grados\/fisica\/en\/wp-json\/wp\/v2\/pages\/252"}],"wp:attachment":[{"href":"https:\/\/www.ull.es\/grados\/fisica\/en\/wp-json\/wp\/v2\/media?parent=32"}],"curies":[{"name":"wp","href":"https:\/\/api.w.org\/{rel}","templated":true}]}}