{"id":34,"date":"2017-06-28T12:52:52","date_gmt":"2017-06-28T12:52:52","guid":{"rendered":"http:\/\/www.ull.es\/masteres\/desarrollo-y-gestion-de-recursos-humanos\/?page_id=24"},"modified":"2025-12-15T08:19:47","modified_gmt":"2025-12-15T08:19:47","slug":"estructura-del-plan-de-estudios","status":"publish","type":"page","link":"https:\/\/www.ull.es\/grados\/fisica\/plan-de-estudios\/estructura-del-plan-de-estudios\/","title":{"rendered":"Estructura del Plan de Estudios"},"content":{"rendered":"\n<div class=\"wp-block-stackable-columns alignfull stk-block-columns stk-block stk-8657999\" data-block-id=\"8657999\"><style>.stk-8657999 {padding-bottom:0px !important;margin-top:-30px !important;margin-bottom:0px !important;}@media screen and (max-width: 767px){.stk-8657999 {margin-top:-10% !important;}}<\/style><div class=\"stk-row stk-inner-blocks stk-block-content stk-content-align stk-8657999-column alignfull\">\n<div class=\"wp-block-stackable-column stk-block-column stk-column stk-block stk-914f03e\" data-v=\"4\" data-block-id=\"914f03e\"><div class=\"stk-column-wrapper stk-block-column__content stk-container stk-914f03e-container stk--no-background stk--no-padding\"><div class=\"stk-block-content stk-inner-blocks stk-914f03e-inner-blocks\"><style id=\"depicter-1-inline-pre-css\">\n\n.depicter-1:not(.depicter-ready){\n\theight:500px;\n}\n\n\/***** Tablet *****\/\n@media screen and (max-width: 1024px){\n\n.depicter-1:not(.depicter-ready){\n\theight:700px;\n}\n\n}\n\/***** Mobile *****\/\n@media screen and (max-width: 767px){\n\n.depicter-1:not(.depicter-ready){\n\theight:360px;\n}\n\n}\n<\/style>\n<div id=\"depicter-1\" class=\"depicter depicter-document depicter-revert depicter-1 depicter-layout-fullwidth\">\n\n<div class=\"depicter-loading-container depicter-loading dotFlashing-dark\"><div class=\"depicter-loading-dark depicter-dot-flashing\">\n   <span><\/span>\n   <span><\/span>\n   <span><\/span>\n<\/div>\n<\/div>\n<div id=\"depicter-1-section-1\" class=\"depicter-section depicter-1-section-1\" data-name=\"Section 1\" data-type=\"section\" data-local-id=\"section-1\">\n<picture class=\"depicter-bg\">\n<source data-depicter-srcset=\"https:\/\/www.ull.es\/grados\/fisica\/wp-content\/uploads\/sites\/41\/2025\/03\/glowing-abstract-backdrop-futuristic-space-wave-generated-by-ai-768x439.jpg, https:\/\/www.ull.es\/grados\/fisica\/wp-content\/uploads\/sites\/41\/2025\/03\/glowing-abstract-backdrop-futuristic-space-wave-generated-by-ai.jpg 2x\" srcset=\"data:image\/gif;base64,R0lGODlhAQABAIAAAAAAAP\/\/\/yH5BAEAAAAALAAAAAABAAEAAAIBRAA7\" media=\"(max-width: 1024px)\" \/>\n\n<source data-depicter-srcset=\"https:\/\/www.ull.es\/grados\/fisica\/wp-content\/uploads\/sites\/41\/2025\/03\/glowing-abstract-backdrop-futuristic-space-wave-generated-by-ai.jpg, https:\/\/www.ull.es\/grados\/fisica\/wp-content\/uploads\/sites\/41\/2025\/03\/glowing-abstract-backdrop-futuristic-space-wave-generated-by-ai-1600x914.jpg 2x\" srcset=\"data:image\/gif;base64,R0lGODlhAQABAIAAAAAAAP\/\/\/yH5BAEAAAAALAAAAAABAAEAAAIBRAA7\" media=\"(min-width: 1025px)\" \/>\n<img decoding=\"async\" src=\"data:image\/gif;base64,R0lGODlhAQABAIAAAAAAAP\/\/\/yH5BAEAAAAALAAAAAABAAEAAAIBRAA7\" data-ken-burns=\"false\" data-tablet-ken-burns=\"false\" data-mobile-ken-burns=\"false\" alt=\"\" data-depicter-src=\"https:\/\/www.ull.es\/grados\/fisica\/wp-content\/uploads\/sites\/41\/2025\/03\/glowing-abstract-backdrop-futuristic-space-wave-generated-by-ai.jpg\" data-object-fit=\"custom,custom,\" data-object-position=\"center top,,\" data-crop=\"{'focalPoint':{'x':0.5,'y':0.5},'mediaSize':{'width':1200,'height':685.5}}\" data-tablet-crop=\"{'focalPoint':{'x':0.5,'y':0.5},'mediaSize':{'width':1225.38293216630199822247959673404693603515625,'height':700}}\" data-mobile-crop=\"{'focalPoint':{'x':0.5,'y':0.5},'mediaSize':{'width':630.196936542669618575018830597400665283203125,'height':360}}\" \/>\n<\/picture>\n\n\n<h1 id=\"depicter-1-element-5\" class=\"depicter-element depicter-layer depicter-1-element-5\" data-type=\"text\" data-wrap=\"true\" data-name=\"Text 2\" data-local-id=\"element-5\" data-offset=\"x:271px;y:200px;origin:tl\" data-tablet-offset=\"x:340px;y:327px;origin:tl\" data-mobile-offset=\"x:6px;y:-136px;origin:tl\" data-width=\"658px,345px,348px\" data-height=\"auto,auto,auto\" data-responsive-scale=\"true,,\">Grado en F\u00edsica<\/h1>\n\n<div id=\"depicter-1-element-10\" class=\"depicter-element depicter-layer depicter-1-element-10\" data-type=\"shape\" data-wrap=\"true\" data-name=\"Shape 1\" data-local-id=\"element-10\" data-offset=\"x:288px;y:308px;origin:tl\" data-tablet-offset=\"x:340px;y:383px;origin:tl\" data-mobile-offset=\"x:6px;y:-26px;origin:tl\" data-width=\"624px,292px,309px\" data-height=\"8px,8px,8px\" data-responsive-scale=\"true,,\"><\/div>\n<\/div>\n<\/div>\n<script>\n(window.depicterSetups = window.depicterSetups || []).push(function(){\n\tDepicter.basePath = 'https:\/\/www.ull.es\/grados\/fisica\/wp-content\/plugins\/depicter\/resources\/scripts\/player\/';\n\tconst dpPlayer = Depicter.setup('.depicter-1',\n\t\t{\"width\":[\"1200\",\"1024\",\"360\"],\"height\":[\"500\",\"700\",\"360\"],\"view\":\"basic\",\"keepAspectRatio\":true,\"preload\":0,\"layout\":\"fullwidth\",\"rtl\":false,\"initAfterAppear\":false,\"ajaxApiUrl\":\"https:\\\/\\\/www.ull.es\\\/grados\\\/fisica\\\/wp-admin\\\/admin-ajax.php\",\"mouseSwipe\":true,\"touchSwipe\":true,\"useWatermark\":false}\n\t);\n});\n<\/script><\/div><\/div><\/div>\n<\/div><\/div>\n\n\n\n<div class=\"wp-block-stackable-columns alignfull stk-block-columns stk--hide-mobile stk-block stk-ceecbdc stk-block-background\" data-block-id=\"ceecbdc\"><style>.stk-ceecbdc {background-color:#360060 !important;padding-top:35px !important;padding-right:0px !important;padding-bottom:2px !important;padding-left:0px !important;margin-top:-20px !important;margin-bottom:70px !important;}.stk-ceecbdc:before{background-color:#360060 !important;}<\/style><div class=\"stk-row stk-inner-blocks stk-block-content stk-content-align stk-ceecbdc-column alignfull\">\n<div class=\"wp-block-stackable-column stk-block-column stk-column stk-block stk-fc60a5d\" data-v=\"4\" data-block-id=\"fc60a5d\"><div class=\"stk-column-wrapper stk-block-column__content stk-container stk-fc60a5d-container stk--no-background stk--no-padding\"><div class=\"stk-block-content stk-inner-blocks stk-fc60a5d-inner-blocks\">\n<div class=\"wp-block-stackable-spacer stk-block-spacer stk--no-padding stk-block stk-a3a8a68\" data-block-id=\"a3a8a68\"><style>.stk-a3a8a68 {height:0px !important;}<\/style><\/div>\n<\/div><\/div><\/div>\n<\/div><\/div>\n\n\n\n<div class=\"wp-block-stackable-columns stk-block-columns stk-block stk-8b59b96\" data-block-id=\"8b59b96\"><style>.stk-8b59b96 .stk--block-align-8b59b96{align-items:flex-start !important;}.stk-8b59b96 {margin-top:25px !important;}.stk-8b59b96-column{--stk-columns-spacing:0px !important;--stk-column-gap:50px !important;}@media screen and (max-width: 767px){.stk-8b59b96-column{row-gap:var(--stk--preset--spacing--60, 2.25rem) !important;}}<\/style><div class=\"stk-row stk-inner-blocks stk--block-align-8b59b96 stk-block-content stk-content-align stk-8b59b96-column\">\n<div class=\"wp-block-stackable-column stk-block-column stk-column stk-block stk-dbb7e15\" data-v=\"4\" data-block-id=\"dbb7e15\"><style>@media screen and (min-width: 768px){.stk-dbb7e15 {flex:var(--stk-flex-grow, 1) 1 calc(70% - var(--stk-column-gap, 0px) * 1 \/ 2 ) !important;}}<\/style><div class=\"stk-column-wrapper stk-block-column__content stk-container stk-dbb7e15-container stk--no-background stk--no-padding\"><div class=\"stk-block-content stk-inner-blocks stk-dbb7e15-inner-blocks\">\n<div class=\"wp-block-stackable-heading stk-block-heading stk-block-heading--v2 stk-block stk-689c258\" id=\"estructura-del-plan-de-estudios\" data-block-id=\"689c258\"><style>.stk-689c258 .stk-block-heading__text{color:#5c068c !important;}<\/style><h1 class=\"stk-block-heading__text has-text-color\">Estructura del Plan de estudios<\/h1><\/div>\n\n\n\n<div class=\"wp-block-stackable-heading stk-block-heading stk-block-heading--v2 stk-block stk-9a49ef0\" id=\"strong-distribucion-del-plan-de-estudios-del-grado-en-fisica-por-tipo-de-asignatura-strong\" data-block-id=\"9a49ef0\"><style>.stk-9a49ef0 .stk-block-heading__text{color:#5c068c !important;}<\/style><h2 class=\"stk-block-heading__text has-text-color\"><strong>Distribuci\u00f3n del Plan de estudios del Grado en F\u00edsica, por tipo de asignatura<\/strong><\/h2><\/div>\n\n\n\n<p>De acuerdo con el art.12.2 del RD 1393\/2007, el&nbsp;<a href=\"https:\/\/drive.google.com\/open?id=1S-lT6XDy9QLP7-rfMxoy3zzhesrtk2FC\" target=\"_blank\" rel=\"noreferrer noopener\" target=\"_blank\" rel=\"noopener\">Plan de estudios del Grado en F\u00edsica por la ULL<\/a>&nbsp;(Modificado 26\/09\/2018) tiene un total de 240 cr\u00e9ditos, distribuidos en 4 cursos de 60 cr\u00e9ditos cada uno, divididos en 2 cuatrimestres, que incluyen toda la formaci\u00f3n te\u00f3rica y pr\u00e1ctica que el estudiantado debe adquirir, de acuerdo con la distribuci\u00f3n que figura en la tabla siguiente<\/p>\n\n\n\n<div class=\"wp-block-stackable-spacer stk-block-spacer stk--no-padding stk-block stk-7352001\" data-block-id=\"7352001\"><\/div>\n\n\n\n<style>\ntable td, table th {\n  transition: transform 0.2s, box-shadow 0.2s;\n}\ntable td:hover, table th:hover {\n  transform: scale(1.02);\n  box-shadow: 0 0.75rem 1.5rem rgba(0,0,0,0.15);\n}\n<\/style>\n<table class=\"table table-bordered table-striped align-middle text-center shadow\" style=\"border-collapse: separate; border-spacing: 0; box-shadow: 0 0.5rem 1rem rgba(0,0,0,0.15); border-radius:2rem;\">\n  <thead style=\"background-color: #360060; color: #fff;\">\n    <tr>\n      <th scope=\"col\" colspan=\"10\" style=\"text-align:center; border-top-left-radius: 1.5rem; border-top-right-radius: 1.5rem;\">Distribuci\u00f3n del plan de estudios por tipo de materia<\/th>\n    <\/tr>\n  <\/thead>\n  <tbody>\n    <tr class=\"fw-bold text-white\" style=\"background-color: #490a79; color:#fff;\">\n      <td style=\"color:#fff; font-weight:bold;\">Tipo de asignatura<\/td>\n      <td style=\"font-weight:bold;\">Cr\u00e9ditos a cursar por el alumnado<\/td>\n      <td style=\"font-weight:bold;\">Cr\u00e9ditos ofertados por Centro<\/td>\n    <\/tr>\n    <tr>\n      <td>Formaci\u00f3n b\u00e1sica<\/td>\n      <td>60<\/td>\n      <td>60<\/td>\n    <\/tr>\n    <tr class=\"table-light\">\n      <td>Obligatorias<\/td>\n      <td>132<\/td>\n      <td>132<\/td>\n    <\/tr>\n    <tr>\n      <td>Optativas<\/td>\n      <td>24<\/td>\n      <td>72<\/td>\n    <\/tr>\n    <tr class=\"table-light\">\n      <td>Pr\u00e1cticas externas<\/td>\n      <td>12<\/td>\n      <td>12<\/td>\n    <\/tr>\n    <tr>\n      <td>Trabajo Fin de Grado<\/td>\n      <td>12<\/td>\n      <td>12<\/td>\n    <\/tr>\n    <tr>\n      <td>Rec. Cr\u00e9ditos optativos<\/td>\n      <td>&#8211;<\/td>\n      <td>6<\/td>\n    <\/tr>\n    <tr class=\"fw-bold text-white\" style=\"background-color: #490a79; color:#fff;\">\n      <td style=\"border-bottom-left-radius: 1.5rem; color:#fff; font-weight:bold;\">Cr\u00e9ditos totales =<\/td>\n      <td style=\"font-weight:bold;\">240<\/td>\n      <td style=\"border-bottom-right-radius: 1.5rem; font-weight:bold;\">294<\/td>\n    <\/tr>\n  <\/tbody>\n<\/table>\n\n\n\n<div class=\"wp-block-stackable-heading stk-block-heading stk-block-heading--v2 stk-block stk-2bed59c\" id=\"strong-planificacion-del-plan-de-estudios-strong\" data-block-id=\"2bed59c\"><style>.stk-2bed59c .stk-block-heading__text{color:#5c068c !important;}<\/style><h2 class=\"stk-block-heading__text has-text-color\"><strong>Planificaci\u00f3n del Plan de Estudios<\/strong><\/h2><\/div>\n\n\n\n<p>La distribuci\u00f3n de las asignaturas en cursos y cuatrimestres se recoge en siguiente tabla<\/p>\n\n\n\n<table class=\"table table-bordered table-striped align-middle text-center shadow-sm rounded overflow-hidden\" style=\"border-collapse: separate; border-spacing: 0; box-shadow: 0 0.5rem 1rem rgba(0,0,0,0.1); border-radius:1.5rem; width:100%; font-weight:400;\">\n  <tbody>\n    <tr style=\"background-color:#490a79; color:#fff; font-weight:bold; text-align:center;\"><td colspan=\"4\">Planificaci\u00f3n del Plan de Estudios<\/td><\/tr>\n    <tr style=\"background-color:#5c068c; color:#fff; font-weight:bold; text-align:center;\"><th colspan=\"2\" style=\"text-align:center;\">Primer cuatrimestre<\/th><th colspan=\"2\" style=\"text-align:center;\">Segundo cuatrimestre<\/th><\/tr>\n    <tr style=\"background-color:#5c068c; color:#fff; font-weight:bold; text-align:center;\"><th style=\"text-align:center;\">Asignatura<\/th><th style=\"text-align:center;\">Cr\u00e9ditos<\/th><th style=\"text-align:center;\">Asignatura<\/th><th style=\"text-align:center;\">Cr\u00e9ditos<\/th><\/tr>\n    <tr style=\"background-color:#7a3bb7; color:#fff; font-weight:bold; text-align:center;\"><th colspan=\"4\" style=\"text-align:center;\">Primer curso<\/th><\/tr>\n    <tr><td>MM1: \u00c1lgebra Lineal y Geometr\u00eda<\/td><td>6<\/td><td>F\u00edsica B\u00e1sica I (B)<\/td><td>6<\/td><\/tr>\n    <tr><td>Fundamentos de Qu\u00edmica (B)<\/td><td>6<\/td><td>F\u00edsica B\u00e1sica II (B)<\/td><td>6<\/td><\/tr>\n    <tr><td>Fundamentos de F\u00edsica (B)<\/td><td>6<\/td><td>Computaci\u00f3n Cient\u00edfica II (B)<\/td><td>6<\/td><\/tr>\n    <tr><td>Fundamentos de Matem\u00e1ticas (B)<\/td><td>6<\/td><td>MM2: C\u00e1lculo Diferencial (B)<\/td><td>6<\/td><\/tr>\n    <tr><td>Computaci\u00f3n Cient\u00edfica I(B)<\/td><td>6<\/td><td>Introd. a las T\u00e9cnicas Exper.(B)<\/td><td>6<\/td><\/tr>\n    <tr style=\"background-color:#7a3bb7; color:#fff; font-weight:bold; text-align:center;\"><th colspan=\"4\" style=\"text-align:center;\">Segundo curso<\/th><\/tr>\n    <tr><td>Mec\u00e1nica y Ondas I (Ob)<\/td><td>6<\/td><td>Mec\u00e1nica y Ondas II (Ob)<\/td><td>6<\/td><\/tr>\n    <tr><td>Termodin\u00e1mica (Ob)<\/td><td>6<\/td><td>\u00d3ptica Geom\u00e9tricas (Ob)<\/td><td>6<\/td><\/tr>\n    <tr><td>MM3: C\u00e1lculo Integral (Ob)<\/td><td>6<\/td><td>Electromagnetismo I (Ob)<\/td><td>6<\/td><\/tr>\n    <tr><td>MM4: Ec. Dif.  y Var. Comp. (Ob)<\/td><td>6<\/td><td>MM5: ED Der Parc. y Trans Integ (Ob)<\/td><td>6<\/td><\/tr>\n    <tr><td>T\u00e9cnicas Experimentales I (Ob)<\/td><td>6<\/td><td>T\u00e9cnicas Experimentales II (Ob)<\/td><td>6<\/td><\/tr>\n    <tr style=\"background-color:#7a3bb7; color:#fff; font-weight:bold; text-align:center;\"><th colspan=\"4\" style=\"text-align:center;\">Tercer curso<\/th><\/tr>\n    <tr><td>\u00d3ptica F\u00edsica (Ob)<\/td><td>6<\/td><td>F\u00edsica Estad\u00edstica (Ob)<\/td><td>6<\/td><\/tr>\n    <tr><td>F\u00edsica Cu\u00e1ntica I (Ob)<\/td><td>6<\/td><td>F\u00edsica Cu\u00e1ntica II (Ob)<\/td><td>6<\/td><\/tr>\n    <tr><td>Electromagnetismo II (Ob)<\/td><td>6<\/td><td>F\u00edsica del Estado S\u00f3lido (Ob)<\/td><td>6<\/td><\/tr>\n    <tr><td>Astrof\u00edsica y Cosmolog\u00eda (Ob)<\/td><td>6<\/td><td>HElectr\u00f3nica F\u00edsica<\/td><td>6<\/td><\/tr>\n    <tr><td>T\u00e9cnicas Experimentales III<\/td><td>6<\/td><td>F\u00edsica Computacional (Ob)<\/td><td>6<\/td><\/tr>\n    <tr style=\"background-color:#7a3bb7; color:#fff; font-weight:bold; text-align:center;\"><th colspan=\"4\" style=\"text-align:center;\">Cuarto curso<\/th><\/tr>\n    <tr><td>F\u00edsica Nuclear y de Part. (Ob)<\/td><td>6<\/td><td>Pr\u00e1cticas Externas<\/td><td>12<\/td><\/tr>\n    <tr><td>Relatividad General (Ob)<\/td><td>6<\/td><td>TFG<\/td><td>6<\/td><\/tr>\n    <tr><td>TFG<\/td><td>6<\/td><td>Optativa 5- Optativa 11<\/td><td>6<\/td><\/tr>\n    <tr><td>Optativa 1- Optativa 3<\/td><td>6<\/td><td>Optativa 7 \u2013 Optativa 8<\/td><td>6<\/td><\/tr>\n    <tr><td>Optativa 2- Optativa 6<\/td><td>6<\/td><td>Optativa 9- Optativa 10<\/td><td>6<\/td><\/tr>\n    <tr><td>Optativa 12- Optativa 4<\/td><td>6<\/td><td>&#8211;<\/td><td>&#8211;<\/td><\/tr>\n  <\/tbody>\n<\/table>\n\n\n\n<style>\ntable td, table th {\n  transition: transform 0.2s, box-shadow 0.2s;\n}\ntable td:hover, table th:hover {\n  transform: scale(1.02);\n  box-shadow: 0 0.75rem 1.5rem rgba(0,0,0,0.15);\n}\n<\/style>\n<table class=\"table table-bordered table-striped align-middle text-center shadow\" style=\"border-collapse: separate; border-spacing: 0; box-shadow: 0 0.5rem 1rem rgba(0,0,0,0.15); border-radius:2rem;\">\n  <thead style=\"background-color: #360060; color: #fff;\">\n    <tr>\n      <th scope=\"col\" colspan=\"10\" style=\"text-align:center; border-top-left-radius: 1.5rem; border-top-right-radius: 1.5rem;\">Asignaturas Optativas<\/th>\n    <\/tr>\n  <\/thead>\n  <tbody>\n    <tr>\n      <td>Opt 1: Din\u00e1mica de Fluidos Astrof\u00edsicos<\/td>\n      <td>6<\/td>\n    <\/tr>\n    <tr class=\"table-light\">\n      <td>Opt 2: F\u00edsica At\u00f3mica y Molecular<\/td>\n      <td>6<\/td>\n    <\/tr>\n    <tr>\n      <td>Opt 3: F\u00edsica de la Atm\u00f3sfera<\/td>\n      <td>6<\/td>\n    <\/tr>\n    <tr class=\"table-light\">\n      <td>Opt 4: F\u00edsica de la Energ\u00eda y Medioambiente<\/td>\n      <td>6<\/td>\n    <\/tr>\n    <tr>\n      <td>Opt 5: F\u00edsica de la Materia Condensada<\/td>\n      <td>6<\/td>\n    <\/tr>\n    <tr>\n      <td>Opt 6: Teledetecci\u00f3n<\/td>\n      <td>6<\/td>\n    <\/tr>\n    <tr>\n      <td>Opt 7: Electr\u00f3nica y \u00f3ptica en Astrof\u00edsica<\/td>\n      <td>6<\/td>\n    <\/tr>\n    <tr>\n      <td>Opt 8: Historia y Comunicaci\u00f3n de la F\u00edsica<\/td>\n      <td>6<\/td>\n    <\/tr>\n    <tr>\n      <td>Opt 9: T\u00e9cnicas Astrof\u00edsicas<\/td>\n      <td>6<\/td>\n    <\/tr>\n    <tr>\n      <td>Opt 10: T\u00e9cnicas de Obtenci\u00f3n y Caract de Materiales<\/td>\n      <td>6<\/td>\n    <\/tr>\n    <tr>\n      <td>Opt 11: Espectroscop\u00eda \u00d3ptica y L\u00e1ser<\/td>\n      <td>6<\/td>\n    <\/tr>\n    <tr>\n      <td>Opt 12: Adquisici\u00f3n y Trans. de se\u00f1ales e im\u00e1genes<\/td>\n      <td>6<\/td>\n    <\/tr>\n  <\/tbody>\n<\/table>\n\n\n\n<p class=\"has-text-align-center\"><strong>Tipolog\u00eda<\/strong><\/p>\n\n\n\n<style>\ntable td, table th {\n  transition: transform 0.2s, box-shadow 0.2s;\n}\ntable td:hover, table th:hover {\n  transform: scale(1.02);\n  box-shadow: 0 0.75rem 1.5rem rgba(0,0,0,0.15);\n}\n<\/style>\n<table class=\"table table-bordered table-striped align-middle text-center shadow\" style=\"border-collapse: separate; border-spacing: 0; box-shadow: 0 0.5rem 1rem rgba(0,0,0,0.15); border-radius:2rem;\">\n  <tbody>\n    <tr>\n      <td style=\"font-weight: bold;\">B\u00e1sica de Rama (B)<\/td>\n      <td style=\"font-weight: bold;\">Obligatoria (Ob)<\/td>\n      <td style=\"font-weight: bold;\">Optativa (Op)<\/td>\n    <\/tr>\n  <\/tbody>\n<\/table>\n\n\n\n<ul class=\"wp-block-list\">\n<li>Todas las asignaturas son de 6 ECTS, salvo TFG y Pr\u00e1cticas Externas<\/li>\n\n\n\n<li>Todas las asignaturas son obligatorias salvo las especificadas como optativas<\/li>\n\n\n\n<li>El alumnado deber\u00e1 cursar hasta 4 asignaturas optativas (24 ECTS). No obstante, se podr\u00e1n reconocer hasta 6 cr\u00e9ditos por actividades recogidas en el&nbsp;<a href=\"https:\/\/drive.google.com\/file\/d\/1A7KsXZx0wN_ogokGaZmnQps9n_y1BBvk\/view\" target=\"_blank\" rel=\"noreferrer noopener\" target=\"_blank\" rel=\"noopener\">Reglamento de reconocimiento de cr\u00e9ditos por la participaci\u00f3n en actividades universitarias<\/a>&nbsp;oficiales de grado.<\/li>\n<\/ul>\n<\/div><\/div><\/div>\n\n\n\n<div class=\"wp-block-stackable-column stk-block-column stk-column stk-block stk-a32b444\" data-v=\"4\" data-block-id=\"a32b444\"><style>@media screen and (min-width: 768px){.stk-a32b444 {flex:var(--stk-flex-grow, 1) 1 calc(30% - var(--stk-column-gap, 0px) * 1 \/ 2 ) !important;}}<\/style><div class=\"stk-column-wrapper stk-block-column__content stk-container stk-a32b444-container stk--no-background stk--no-padding\"><div class=\"stk-block-content stk-inner-blocks stk-a32b444-inner-blocks\">\n<div class=\"wp-block-stackable-icon-label stk-block-icon-label stk-block stk-e63cb4f stk-block-background\" data-block-id=\"e63cb4f\"><style>.stk-e63cb4f {background-color:#5c068c !important;padding-top:20px !important;padding-right:20px !important;padding-bottom:20px !important;padding-left:20px !important;}.stk-e63cb4f:hover{background-color:#0f0e17 !important;}.stk-e63cb4f:before{background-color:#5c068c !important;}.stk-e63cb4f:hover:before{background-color:#0f0e17 !important;}<\/style><div class=\"stk-row stk-inner-blocks stk-block-content\">\n<div class=\"wp-block-stackable-heading stk-block-heading stk-block-heading--v2 stk-block stk-68b185a\" id=\"a-href-https-www-boe-es-boe-dias-2019-12-17-pdfs-boe-a-2019-18084-pdf-span-style-color-fffffe-class-stk-highlight-plan-de-estudios-grado-en-fisica-span-a\" data-block-id=\"68b185a\"><style>.stk-68b185a .stk-block-heading__text{font-size:22px !important;color:#fffffe !important;line-height:1.3em !important;}@media screen and (max-width: 1023px){.stk-68b185a .stk-block-heading__text{font-size:22px !important;}}<\/style><p class=\"stk-block-heading__text has-text-color\"><a href=\"https:\/\/www.boe.es\/boe\/dias\/2019\/12\/17\/pdfs\/BOE-A-2019-18084.pdf\" target=\"_blank\" rel=\"noopener\"><span style=\"color: #fffffe;\" class=\"stk-highlight\">Plan de estudios grado en F\u00edsica<\/span><\/a><\/p><\/div>\n\n\n\n<div class=\"wp-block-stackable-icon stk-block-icon has-text-align-left stk-block stk-34dedbe\" data-block-id=\"34dedbe\"><style>.stk-34dedbe .stk--svg-wrapper .stk--inner-svg svg:last-child{height:18px !important;width:18px !important;}.stk-34dedbe .stk--svg-wrapper .stk--inner-svg svg:last-child, .stk-34dedbe .stk--svg-wrapper .stk--inner-svg svg:last-child :is(g, path, rect, polygon, ellipse){fill:#fffffe !important;}<\/style><span class=\"stk--svg-wrapper\"><div class=\"stk--inner-svg\"><svg style=\"height:0;width:0\"><defs><linearGradient id=\"linear-gradient-34dedbe\" x1=\"0\" x2=\"100%\" y1=\"0\" y2=\"0\"><stop offset=\"0%\" style=\"stop-opacity:1;stop-color:var(--linear-gradient-34-dedbe-color-1)\"><\/stop><stop offset=\"100%\" style=\"stop-opacity:1;stop-color:var(--linear-gradient-34-dedbe-color-2)\"><\/stop><\/linearGradient><\/defs><\/svg><svg xmlns=\"http:\/\/www.w3.org\/2000\/svg\" viewBox=\"0 0 448 512\" aria-hidden=\"true\" width=\"32\" height=\"32\"><path d=\"M438.6 278.6c12.5-12.5 12.5-32.8 0-45.3l-160-160c-12.5-12.5-32.8-12.5-45.3 0s-12.5 32.8 0 45.3L338.8 224 32 224c-17.7 0-32 14.3-32 32s14.3 32 32 32l306.7 0L233.4 393.4c-12.5 12.5-12.5 32.8 0 45.3s32.8 12.5 45.3 0l160-160z\"><\/path><\/svg><\/div><\/span><\/div>\n<\/div><\/div>\n<\/div><\/div><\/div>\n<\/div><\/div>\n","protected":false},"excerpt":{"rendered":"<p>Estructura del Plan de estudios Distribuci\u00f3n del Plan de estudios del Grado en F\u00edsica, por tipo de asignatura De acuerdo con el art.12.2 del RD 1393\/2007, el&nbsp;Plan de estudios del Grado en F\u00edsica por la ULL&nbsp;(Modificado 26\/09\/2018) tiene un total de 240 cr\u00e9ditos, distribuidos en 4 cursos de 60 cr\u00e9ditos cada uno, divididos en 2&#8230;<\/p>\n","protected":false},"author":1,"featured_media":0,"parent":270,"menu_order":0,"comment_status":"closed","ping_status":"closed","template":"templates\/template-frontpage.php","meta":{"footnotes":""},"class_list":["post-34","page","type-page","status-publish","hentry"],"_links":{"self":[{"href":"https:\/\/www.ull.es\/grados\/fisica\/wp-json\/wp\/v2\/pages\/34","targetHints":{"allow":["GET"]}}],"collection":[{"href":"https:\/\/www.ull.es\/grados\/fisica\/wp-json\/wp\/v2\/pages"}],"about":[{"href":"https:\/\/www.ull.es\/grados\/fisica\/wp-json\/wp\/v2\/types\/page"}],"author":[{"embeddable":true,"href":"https:\/\/www.ull.es\/grados\/fisica\/wp-json\/wp\/v2\/users\/1"}],"replies":[{"embeddable":true,"href":"https:\/\/www.ull.es\/grados\/fisica\/wp-json\/wp\/v2\/comments?post=34"}],"version-history":[{"count":35,"href":"https:\/\/www.ull.es\/grados\/fisica\/wp-json\/wp\/v2\/pages\/34\/revisions"}],"predecessor-version":[{"id":1384,"href":"https:\/\/www.ull.es\/grados\/fisica\/wp-json\/wp\/v2\/pages\/34\/revisions\/1384"}],"up":[{"embeddable":true,"href":"https:\/\/www.ull.es\/grados\/fisica\/wp-json\/wp\/v2\/pages\/270"}],"wp:attachment":[{"href":"https:\/\/www.ull.es\/grados\/fisica\/wp-json\/wp\/v2\/media?parent=34"}],"curies":[{"name":"wp","href":"https:\/\/api.w.org\/{rel}","templated":true}]}}