{"id":34,"date":"2017-06-28T12:52:52","date_gmt":"2017-06-28T12:52:52","guid":{"rendered":"http:\/\/www.ull.es\/masteres\/desarrollo-y-gestion-de-recursos-humanos\/?page_id=24"},"modified":"2025-12-15T10:56:30","modified_gmt":"2025-12-15T10:56:30","slug":"estructura-del-plan-de-estudios","status":"publish","type":"page","link":"https:\/\/www.ull.es\/grados\/fisioterapia\/en\/plan-de-estudios\/estructura-del-plan-de-estudios\/","title":{"rendered":"Structure of the Curriculum"},"content":{"rendered":"\n<div class=\"wp-block-stackable-columns alignfull stk-block-columns stk-block stk-8657999\" data-block-id=\"8657999\"><style>.stk-8657999 {padding-bottom:0px !important;margin-top:-30px !important;margin-bottom:0px !important;}@media screen and (max-width: 767px){.stk-8657999 {margin-top:-10% !important;}}<\/style><div class=\"stk-row stk-inner-blocks stk-block-content stk-content-align stk-8657999-column alignfull\">\n<div class=\"wp-block-stackable-column stk-block-column stk-column stk-block stk-914f03e\" data-v=\"4\" data-block-id=\"914f03e\"><div class=\"stk-column-wrapper stk-block-column__content stk-container stk-914f03e-container stk--no-background stk--no-padding\"><div class=\"stk-block-content stk-inner-blocks stk-914f03e-inner-blocks\"><style id=\"depicter-1-inline-pre-css\">\n\n.depicter-1:not(.depicter-ready){\n\theight:450px;\n}\n\n\/***** Tablet *****\/\n@media screen and (max-width: 1024px){\n\n.depicter-1:not(.depicter-ready){\n\theight:700px;\n}\n\n}\n\/***** Mobile *****\/\n@media screen and (max-width: 767px){\n\n.depicter-1:not(.depicter-ready){\n\theight:360px;\n}\n\n}\n<\/style>\n<div id=\"depicter-1\" class=\"depicter depicter-document depicter-revert depicter-1 depicter-layout-fullwidth\">\n\n<div class=\"depicter-loading-container depicter-loading dotFlashing-dark\"><div class=\"depicter-loading-dark depicter-dot-flashing\">\n   <span><\/span>\n   <span><\/span>\n   <span><\/span>\n<\/div>\n<\/div>\n<div id=\"depicter-1-section-1\" class=\"depicter-section depicter-1-section-1\" data-name=\"Section 1\" data-type=\"section\" data-local-id=\"section-1\">\n<picture class=\"depicter-bg\">\n<source data-depicter-srcset=\"https:\/\/www.ull.es\/grados\/fisioterapia\/wp-content\/uploads\/sites\/28\/2025\/03\/Slider_Fisioterapia-768x248.jpg, https:\/\/www.ull.es\/grados\/fisioterapia\/wp-content\/uploads\/sites\/28\/2025\/03\/Slider_Fisioterapia.jpg 2x\" srcset=\"data:image\/gif;base64,R0lGODlhAQABAIAAAAAAAP\/\/\/yH5BAEAAAAALAAAAAABAAEAAAIBRAA7\" media=\"(max-width: 1024px)\" \/>\n\n<source data-depicter-srcset=\"https:\/\/www.ull.es\/grados\/fisioterapia\/wp-content\/uploads\/sites\/28\/2025\/03\/Slider_Fisioterapia.jpg, https:\/\/www.ull.es\/grados\/fisioterapia\/wp-content\/uploads\/sites\/28\/2025\/03\/Slider_Fisioterapia-1920x620.jpg 2x\" srcset=\"data:image\/gif;base64,R0lGODlhAQABAIAAAAAAAP\/\/\/yH5BAEAAAAALAAAAAABAAEAAAIBRAA7\" media=\"(min-width: 1025px)\" \/>\n<img decoding=\"async\" src=\"data:image\/gif;base64,R0lGODlhAQABAIAAAAAAAP\/\/\/yH5BAEAAAAALAAAAAABAAEAAAIBRAA7\" data-ken-burns=\"false\" data-tablet-ken-burns=\"false\" data-mobile-ken-burns=\"false\" alt=\"\" data-depicter-src=\"https:\/\/www.ull.es\/grados\/fisioterapia\/wp-content\/uploads\/sites\/28\/2025\/03\/Slider_Fisioterapia.jpg\" data-object-fit=\"custom,custom,\" data-object-position=\"center top,,\" data-crop=\"{'focalPoint':{'x':0.5,'y':0.5},'mediaSize':{'width':1393.54838709677414954057894647121429443359375,'height':450}}\" data-tablet-crop=\"{'focalPoint':{'x':0.5,'y':0.5},'mediaSize':{'width':2167.7419354838712024502456188201904296875,'height':700.0000000000001136868377216160297393798828125}}\" data-mobile-crop=\"{'focalPoint':{'x':0.5,'y':0.5},'mediaSize':{'width':1114.8387096774195015314035117626190185546875,'height':360}}\" \/>\n<\/picture>\n\n\n<h1 id=\"depicter-1-element-5\" class=\"depicter-element depicter-layer depicter-1-element-5\" data-type=\"text\" data-wrap=\"true\" data-name=\"Text 2\" data-local-id=\"element-5\" data-offset=\"x:118px;y:175px;origin:tl\" data-tablet-offset=\"x:306px;y:304px;origin:tl\" data-mobile-offset=\"x:45px;y:-105px;origin:tl\" data-width=\"906px,413px,348px\" data-height=\"auto,auto,auto\" data-responsive-scale=\"true,,\">Grado en Fisioterapia<\/h1>\n\n<div id=\"depicter-1-element-10\" class=\"depicter-element depicter-layer depicter-1-element-10\" data-type=\"shape\" data-wrap=\"true\" data-name=\"Shape 1\" data-local-id=\"element-10\" data-offset=\"x:129px;y:276px;origin:tl\" data-tablet-offset=\"x:306px;y:356px;origin:tl\" data-mobile-offset=\"x:45px;y:0px;origin:tl\" data-width=\"871px,401px,236px\" data-height=\"8px,8px,8px\" data-responsive-scale=\"true,,\"><\/div>\n<\/div>\n<\/div>\n<script>\n(window.depicterSetups = window.depicterSetups || []).push(function(){\n\tDepicter.basePath = 'https:\/\/www.ull.es\/grados\/fisioterapia\/wp-content\/plugins\/depicter\/resources\/scripts\/player\/';\n\tconst dpPlayer = Depicter.setup('.depicter-1',\n\t\t{\"width\":[\"1200\",\"1024\",\"360\"],\"height\":[\"450\",\"700\",\"360\"],\"view\":\"basic\",\"keepAspectRatio\":true,\"preload\":0,\"layout\":\"fullwidth\",\"rtl\":false,\"initAfterAppear\":false,\"ajaxApiUrl\":\"https:\\\/\\\/www.ull.es\\\/grados\\\/fisioterapia\\\/wp-admin\\\/admin-ajax.php\",\"mouseSwipe\":true,\"touchSwipe\":true,\"useWatermark\":false}\n\t);\n});\n<\/script><\/div><\/div><\/div>\n<\/div><\/div>\n\n\n\n<div class=\"wp-block-stackable-columns alignfull stk-block-columns stk--hide-mobile stk-block stk-ceecbdc stk-block-background\" data-block-id=\"ceecbdc\"><style>.stk-ceecbdc {background-color:#360060 !important;padding-top:35px !important;padding-right:0px !important;padding-bottom:2px !important;padding-left:0px !important;margin-top:-20px !important;margin-bottom:70px !important;}.stk-ceecbdc:before{background-color:#360060 !important;}<\/style><div class=\"stk-row stk-inner-blocks stk-block-content stk-content-align stk-ceecbdc-column alignfull\">\n<div class=\"wp-block-stackable-column stk-block-column stk-column stk-block stk-fc60a5d\" data-v=\"4\" data-block-id=\"fc60a5d\"><div class=\"stk-column-wrapper stk-block-column__content stk-container stk-fc60a5d-container stk--no-background stk--no-padding\"><div class=\"stk-block-content stk-inner-blocks stk-fc60a5d-inner-blocks\">\n<div class=\"wp-block-stackable-spacer stk-block-spacer stk--no-padding stk-block stk-a3a8a68\" data-block-id=\"a3a8a68\"><style>.stk-a3a8a68 {height:0px !important;}<\/style><\/div>\n<\/div><\/div><\/div>\n<\/div><\/div>\n\n\n\n<div class=\"wp-block-stackable-columns stk-block-columns stk-block stk-8b59b96\" data-block-id=\"8b59b96\"><style>.stk-8b59b96 .stk--block-align-8b59b96{align-items:flex-start !important;}.stk-8b59b96 {margin-top:25px !important;}.stk-8b59b96-column{--stk-columns-spacing:0px !important;--stk-column-gap:50px !important;}@media screen and (max-width: 767px){.stk-8b59b96-column{row-gap:var(--stk--preset--spacing--60, 2.25rem) !important;}}<\/style><div class=\"stk-row stk-inner-blocks stk--block-align-8b59b96 stk-block-content stk-content-align stk-8b59b96-column\">\n<div class=\"wp-block-stackable-column stk-block-column stk-column stk-block stk-dbb7e15\" data-v=\"4\" data-block-id=\"dbb7e15\"><div class=\"stk-column-wrapper stk-block-column__content stk-container stk-dbb7e15-container stk--no-background stk--no-padding\"><div class=\"stk-block-content stk-inner-blocks stk-dbb7e15-inner-blocks\">\n<div class=\"wp-block-stackable-heading stk-block-heading stk-block-heading--v2 stk-block stk-689c258\" id=\"estructura-del-plan-de-estudios\" data-block-id=\"689c258\"><style>.stk-689c258 .stk-block-heading__text{color:#5c068c !important;}<\/style><h1 class=\"stk-block-heading__text has-text-color\">Estructura del Plan de estudios<\/h1><\/div>\n\n\n\n<div class=\"wp-block-stackable-heading stk-block-heading stk-block-heading--v2 stk-block stk-9a49ef0\" id=\"strong-distribucion-del-plan-de-estudios-del-grado-en-fisica-por-tipo-de-asignatura-strong\" data-block-id=\"9a49ef0\"><style>.stk-9a49ef0 .stk-block-heading__text{color:#5c068c !important;}<\/style><h2 class=\"stk-block-heading__text has-text-color\"><strong>Distribuci\u00f3n del Plan de estudios del Grado en F\u00edsica, por tipo de asignatura<\/strong><\/h2><\/div>\n\n\n\n<p>De acuerdo con el art.12.2 del RD 1393\/2007, el&nbsp;<a href=\"https:\/\/drive.google.com\/open?id=1S-lT6XDy9QLP7-rfMxoy3zzhesrtk2FC\" target=\"_blank\" rel=\"noreferrer noopener\" target=\"_blank\" rel=\"noopener\">Plan de estudios del Grado en F\u00edsica por la ULL<\/a>&nbsp;(Modificado 26\/09\/2018) tiene un total de 240 cr\u00e9ditos, distribuidos en 4 cursos de 60 cr\u00e9ditos cada uno, divididos en 2 cuatrimestres, que incluyen toda la formaci\u00f3n te\u00f3rica y pr\u00e1ctica que el estudiantado debe adquirir, de acuerdo con la distribuci\u00f3n que figura en la tabla siguiente<\/p>\n\n\n\n<div class=\"wp-block-stackable-spacer stk-block-spacer stk--no-padding stk-block stk-7352001\" data-block-id=\"7352001\"><\/div>\n\n\n\n<style>\ntable td, table th {\n  transition: transform 0.2s, box-shadow 0.2s;\n}\ntable td:hover, table th:hover {\n  transform: scale(1.02);\n  box-shadow: 0 0.75rem 1.5rem rgba(0,0,0,0.15);\n}\n<\/style>\n<table class=\"table table-bordered table-striped align-middle text-center shadow\" style=\"border-collapse: separate; border-spacing: 0; box-shadow: 0 0.5rem 1rem rgba(0,0,0,0.15); border-radius:2rem;\">\n  <thead style=\"background-color: #360060; color: #fff;\">\n    <tr>\n      <th scope=\"col\" colspan=\"10\" style=\"text-align:center; border-top-left-radius: 1.5rem; border-top-right-radius: 1.5rem;\">Distribuci\u00f3n del plan de estudios por tipo de materia<\/th>\n    <\/tr>\n  <\/thead>\n  <tbody>\n    <tr class=\"fw-bold text-white\" style=\"background-color: #490a79; color:#fff;\">\n      <td style=\"color:#fff; font-weight:bold;\">Tipo de asignatura<\/td>\n      <td style=\"font-weight:bold;\">Cr\u00e9ditos<\/td>\n    <\/tr>\n    <tr>\n      <td>Formaci\u00f3n b\u00e1sica<\/td>\n      <td>60<\/td>\n    <\/tr>\n    <tr class=\"table-light\">\n      <td>Obligatoria<\/td>\n      <td>120<\/td>\n    <\/tr>\n    <tr>\n      <td>Optativas<\/td>\n      <td>12<\/td>\n    <\/tr>\n    <tr class=\"table-light\">\n      <td>Pr\u00e1cticum<\/td>\n      <td>40<\/td>\n    <\/tr>\n    <tr>\n      <td>Trabajo Fin de Grado<\/td>\n      <td>8<\/td>\n    <\/tr>\n    <tr class=\"fw-bold text-white\" style=\"background-color: #490a79; color:#fff;\">\n      <td style=\"border-bottom-left-radius: 1.5rem; color:#fff; font-weight:bold;\">Cr\u00e9ditos totales<\/td>\n      <td style=\"font-weight:bold; border-bottom-right-radius: 1.5rem;\">240<\/td>\n    <\/tr>\n  <\/tbody>\n<\/table>\n\n\n\n<ul class=\"wp-block-list\">\n<li>El t\u00edtulo de Graduado en Fisioterpaia, se adscribe a la Rama de Conocimiento de Ciencias de la Salud, tal y como establece el Art\u00edculo 12.5 del RD 1393\/2007. El Plan de Estudios contiene 60 cr\u00e9ditos de formaci\u00f3n b\u00e1sica, de los cuales 42 est\u00e1n vinculados a materias que figuran en el Anexo II de este RD. Asi mismo, 36 de ellos se corresponden con materias comunes para todas las titulaciones de la Rama de Ciencias de la Salud, ajust\u00e1ndose a la Directriz 7\u00aa de las Directrices Generales para el dise\u00f1o de T\u00edtulos de Grado de la Universidad de La Laguna, y 6 ECTS a la asignatura de Psicolog\u00eda. Los 18 cr\u00e9ditos restantes de formaci\u00f3n b\u00e1sica corresponden con la Materia de Afecciones M\u00e9dicas y Quir\u00fargicas por su car\u00e1cter transversal en la formaci\u00f3n del estudiante, tal y como se recoge en el mismo Art\u00edculo 12.5 mencionado anteriormente.<\/li>\n\n\n\n<li>Respecto a los cr\u00e9ditos de car\u00e1cter optativo, tal y como establece la Directriz 3\u00aa de las Directrices Generales para el dise\u00f1o de T\u00edtulos de Grado de la Universidad de La Laguna, se contempla una oferta de dos cr\u00e9ditos optativos por cada cr\u00e9dito optativo a superar por el alumno. En este Plan de Estudios, el estudiante debe cursar 12 cr\u00e9ditos con car\u00e1cter optativo y se ofertan 24 cr\u00e9ditos.<\/li>\n<\/ul>\n\n\n\n<p><strong>C\u00f3digo del Plan de Estudios de Grado en Fisioterapia por la ULL: G020<\/strong><\/p>\n\n\n\n<p><strong>Estructura Plan de Estudios:asignaturas, cr\u00e9ditos y secuencia temporal<\/strong><\/p>\n\n\n\n<div class=\"wp-block-stackable-heading stk-block-heading stk-block-heading--v2 stk-block stk-2bed59c\" id=\"strong-planificacion-del-plan-de-estudios-strong\" data-block-id=\"2bed59c\"><style>.stk-2bed59c .stk-block-heading__text{color:#5c068c !important;}<\/style><h2 class=\"stk-block-heading__text has-text-color\"><strong>Planificaci\u00f3n del Plan de Estudios<\/strong><\/h2><\/div>\n\n\n\n<p>La distribuci\u00f3n de las asignaturas en cursos y cuatrimestres se recoge en siguiente tabla<\/p>\n\n\n\n<style>\n\/* Efectos hover globales *\/\ntable td, table th {\n  transition: transform 0.2s, box-shadow 0.2s;\n}\ntable td:hover, table th:hover {\n  transform: scale(1.02);\n  box-shadow: 0 0.75rem 1.5rem rgba(0,0,0,0.15);\n}\n\/* Estilo general de tabla *\/\ntable {\n  border-collapse: separate;\n  border-spacing: 0;\n  width: 100%;\n  box-shadow: 0 0.5rem 1rem rgba(0,0,0,0.15);\n  border-radius: 1.5rem;\n  overflow: hidden;\n  font-family: 'Segoe UI', Tahoma, Geneva, Verdana, sans-serif;\n  margin-bottom: 2rem;\n}\ntable th, table td {\n  border: 1px solid #dee2e6;\n  padding: 10px 12px;\n  vertical-align: middle;\n  text-align: center;\n}\ntable th {\n  background-color: #360060;\n  color: #fff;\n  font-weight: bold;\n}\ntr:nth-child(even) td {\n  background-color: #f8f8fc;\n}\n.th1 {\n  background-color: #490a79 !important;\n  color: #fff !important;\n  font-weight: bold;\n}\n.th2 {\n  background-color: #5C068C !important;\n  color: #fff !important;\n  font-weight: bold;\n}\n.td1 {\n  background-color: #ffffff;\n}\n.td2 {\n  background-color: #f8f8fc;\n}\n<\/style>\n\n<table style=\"font-weight: 400;\" border=\"0\" cellspacing=\"0\" cellpadding=\"0\">\n<tbody>\n<tr>\n<th colspan=\"5\"><\/th>\n<th colspan=\"5\" class=\"th1\">PRIMER CURSO<\/th>\n<\/tr>\n<tr>\n<th><\/th>\n<th class=\"th1\">C\u00d3DIGO<\/th>\n<th class=\"th1\">ASIGNATURA<\/th>\n<th class=\"th1\">CAR\u00c1CTER<\/th>\n<th class=\"th1\">ECTS<\/th>\n<th class=\"th1\">DURACI\u00d3N<\/th>\n<\/tr>\n<tr><td class=\"td1\"><\/td><td class=\"td1\">189201101<\/td><td class=\"td1\"><strong>Anatom\u00eda del Aparato Locomotor<\/strong><\/td><td class=\"td1\">Obligatoria<\/td><td class=\"td1\">6<\/td><td class=\"td1\">1\u00ba Semestre<\/td><\/tr>\n<tr><td class=\"td2\"><\/td><td class=\"td2\">189201102<\/td><td class=\"td2\"><strong>Bioqu\u00edmica y Farmacolog\u00eda<\/strong><\/td><td class=\"td2\">Obligatoria<\/td><td class=\"td2\">6<\/td><td class=\"td2\">1\u00ba Semestre<\/td><\/tr>\n<tr><td class=\"td1\"><\/td><td class=\"td1\">189201103<\/td><td class=\"td1\"><strong>Fundamentos en Fisioterapia<\/strong><\/td><td class=\"td1\">Obligatoria<\/td><td class=\"td1\">6<\/td><td class=\"td1\">1\u00ba Semestre<\/td><\/tr>\n<tr><td class=\"td2\"><\/td><td class=\"td2\">189201104<\/td><td class=\"td2\"><strong>Procedimientos Generales en Fisioterapia I<\/strong><\/td><td class=\"td2\">Obligatoria<\/td><td class=\"td2\">6<\/td><td class=\"td2\">1\u00ba Semestre<\/td><\/tr>\n<tr><td class=\"td1\"><\/td><td class=\"td1\">189201001<\/td><td class=\"td1\"><strong>Fisiolog\u00eda<\/strong><\/td><td class=\"td1\">Obligatoria<\/td><td class=\"td1\">9<\/td><td class=\"td1\">Anual<\/td><\/tr>\n<tr><td class=\"td2\"><\/td><td class=\"td2\">189201201<\/td><td class=\"td2\"><strong>Biomec\u00e1nica y F\u00edsica en Fisioterapia<\/strong><\/td><td class=\"td2\">Obligatoria<\/td><td class=\"td2\">6<\/td><td class=\"td2\">2\u00ba Semestre<\/td><\/tr>\n<tr><td class=\"td1\"><\/td><td class=\"td1\">189201202<\/td><td class=\"td1\"><strong>Psicolog\u00eda<\/strong><\/td><td class=\"td1\">Obligatoria<\/td><td class=\"td1\">6<\/td><td class=\"td1\">2\u00ba Semestre<\/td><\/tr>\n<tr><td class=\"td2\"><\/td><td class=\"td2\">189201203<\/td><td class=\"td2\"><strong>Patolog\u00eda General en Fisioterapia<\/strong><\/td><td class=\"td2\">Obligatoria<\/td><td class=\"td2\">6<\/td><td class=\"td2\">2\u00ba Semestre<\/td><\/tr>\n<tr><td class=\"td1\"><\/td><td class=\"td1\">189201204<\/td><td class=\"td1\"><strong>Valoraci\u00f3n en Fisioterapia<\/strong><\/td><td class=\"td1\">Obligatoria<\/td><td class=\"td1\">9<\/td><td class=\"td1\">2\u00ba Semestre<\/td><\/tr>\n<tr>\n<th colspan=\"5\"><\/th>\n<th colspan=\"5\" class=\"th1\">SEGUNDO CURSO<\/th>\n<\/tr>\n<tr>\n<th><\/th>\n<th class=\"th1\">C\u00d3DIGO<\/th>\n<th class=\"th1\">ASIGNATURA<\/th>\n<th class=\"th1\">CAR\u00c1CTER<\/th>\n<th class=\"th1\">ECTS<\/th>\n<th class=\"th1\">DURACI\u00d3N<\/th>\n<\/tr>\n<tr><td class=\"td1\"><\/td><td class=\"td1\">189202101<\/td><td class=\"td1\"><strong>Afecciones M\u00e9dicas y Quir\u00fargicas I<\/strong><\/td><td class=\"td1\">Obligatoria<\/td><td class=\"td1\">6<\/td><td class=\"td1\">1\u00ba Semestre<\/td><\/tr>\n<tr><td class=\"td2\"><\/td><td class=\"td2\">189202102<\/td><td class=\"td2\"><strong>Estad\u00edstica e Investigaci\u00f3n<\/strong><\/td><td class=\"td2\">Obligatoria<\/td><td class=\"td2\">9<\/td><td class=\"td2\">1\u00ba Semestre<\/td><\/tr>\n<tr><td class=\"td1\"><\/td><td class=\"td1\">189202103<\/td><td class=\"td1\"><strong>Procedimientos Generales en Fisioterapia II<\/strong><\/td><td class=\"td1\">Obligatoria<\/td><td class=\"td1\">6<\/td><td class=\"td1\">1\u00ba Semestre<\/td><\/tr>\n<tr><td class=\"td2\"><\/td><td class=\"td2\">189202001<\/td><td class=\"td2\"><strong>Anatom\u00eda de Sistemas, Palpatoria y de Superficie<\/strong><\/td><td class=\"td2\">Obligatoria<\/td><td class=\"td2\">9<\/td><td class=\"td2\">Anual<\/td><\/tr>\n<tr><td class=\"td1\"><\/td><td class=\"td1\">189202002<\/td><td class=\"td1\"><strong>Cinesiterapia<\/strong><\/td><td class=\"td1\">Obligatoria<\/td><td class=\"td1\">9<\/td><td class=\"td1\">Anual<\/td><\/tr>\n<tr><td class=\"td2\"><\/td><td class=\"td2\">189202201<\/td><td class=\"td2\"><strong>Afecciones M\u00e9dicas y Quir\u00fargicas II<\/strong><\/td><td class=\"td2\">Obligatoria<\/td><td class=\"td2\">6<\/td><td class=\"td2\">2\u00ba Semestre<\/td><\/tr>\n<tr><td class=\"td1\"><\/td><td class=\"td1\">189202202<\/td><td class=\"td1\"><strong>Fisioterapia en Especialidades Cl\u00ednicas I<\/strong><\/td><td class=\"td1\">Obligatoria<\/td><td class=\"td1\">6<\/td><td class=\"td1\">2\u00ba Semestre<\/td><\/tr>\n<tr><td class=\"td2\"><\/td><td class=\"td2\">189202203<\/td><td class=\"td2\"><strong>M\u00e9todos Espec\u00edficos en Fisioterapia I<\/strong><\/td><td class=\"td2\">Obligatoria<\/td><td class=\"td2\">9<\/td><td class=\"td2\">2\u00ba Semestre<\/td><\/tr>\n<tr>\n<th colspan=\"5\"><\/th>\n<th colspan=\"5\" class=\"th1\">TERCER CURSO<\/th>\n<\/tr>\n<tr>\n<th><\/th>\n<th class=\"th1\">C\u00d3DIGO<\/th>\n<th class=\"th1\">ASIGNATURA<\/th>\n<th class=\"th1\">CAR\u00c1CTER<\/th>\n<th class=\"th1\">ECTS<\/th>\n<th class=\"th1\">DURACI\u00d3N<\/th>\n<\/tr>\n<tr><td class=\"td1\"><\/td><td class=\"td1\">189203101<\/td><td class=\"td1\"><strong>Fisioterapia en Especialidades Cl\u00ednicas II<\/strong><\/td><td class=\"td1\">Obligatoria<\/td><td class=\"td1\">6<\/td><td class=\"td1\">1\u00ba Semestre<\/td><\/tr>\n<tr><td class=\"td2\"><\/td><td class=\"td2\">189203102<\/td><td class=\"td2\"><strong>M\u00e9todos Espec\u00edficos de Fisioterapia II<\/strong><\/td><td class=\"td2\">Obligatoria<\/td><td class=\"td2\">6<\/td><td class=\"td2\">1\u00ba Semestre<\/td><\/tr>\n<tr><td class=\"td1\"><\/td><td class=\"td1\">189203103<\/td><td class=\"td1\"><strong>Fisioterapia en la Actividad F\u00edsica y el Deporte<\/strong><\/td><td class=\"td1\">Obligatoria<\/td><td class=\"td1\">6<\/td><td class=\"td1\">1\u00ba Semestre<\/td><\/tr>\n<tr><td class=\"td2\"><\/td><td class=\"td2\">189203104<\/td><td class=\"td2\"><strong>Ergonom\u00eda y Posturolog\u00eda<\/strong><\/td><td class=\"td2\">Obligatoria<\/td><td class=\"td2\">6<\/td><td class=\"td2\">1\u00ba Semestre<\/td><\/tr>\n<tr><td class=\"td1\"><\/td><td class=\"td1\">189203001<\/td><td class=\"td1\"><strong>Salud P\u00fablica y Epidemiolog\u00eda, Deontolog\u00eda y Legislaci\u00f3n<\/strong><\/td><td class=\"td1\">Obligatoria<\/td><td class=\"td1\">9<\/td><td class=\"td1\">Anual<\/td><\/tr>\n<tr><td class=\"td2\"><\/td><td class=\"td2\">189203201<\/td><td class=\"td2\"><strong>Fisioterapia en Especialidades Cl\u00ednicas III<\/strong><\/td><td class=\"td2\">Obligatoria<\/td><td class=\"td2\">9<\/td><td class=\"td2\">2\u00ba Semestre<\/td><\/tr>\n<tr><td class=\"td1\"><\/td><td class=\"td1\">189203202<\/td><td class=\"td1\"><strong>M\u00e9todos Espec\u00edficos en Fisioterapia III<\/strong><\/td><td class=\"td1\">Obligatoria<\/td><td class=\"td1\">6<\/td><td class=\"td1\">2\u00ba Semestre<\/td><\/tr>\n<tr><td class=\"td2\"><\/td><td class=\"td2\">189203203<\/td><td class=\"td2\"><strong>Valoraci\u00f3n y Atenci\u00f3n Fisioter\u00e1pica en la Discapacidad y la Dependencia<\/strong><\/td><td class=\"td2\">Obligatoria<\/td><td class=\"td2\">6<\/td><td class=\"td2\">2\u00ba Semestre<\/td><\/tr>\n<tr><td class=\"td1\"><\/td><td class=\"td1\">189203204<\/td><td class=\"td1\"><strong>Ingl\u00e9s Espec\u00edfico para Fisioterapia<\/strong><\/td><td class=\"td1\">Obligatoria<\/td><td class=\"td1\">6<\/td><td class=\"td1\">2\u00ba Semestre<\/td><\/tr>\n<tr><td class=\"td2\"><\/td><td class=\"td2\">189060901<\/td><td class=\"td2\">Ingl\u00e9s Aplicado a la Comunicaci\u00f3n en las Ciencias de la Salud: Enfermer\u00eda<\/td><td class=\"td2\">Optativa<\/td><td class=\"td2\">6<\/td><td class=\"td2\">2\u00ba Semestre<\/td><\/tr>\n<tr><td class=\"td1\"><\/td><td class=\"td1\">189060902<\/td><td class=\"td1\">Habilidades Interpersonales para la Competencia Social<\/td><td class=\"td1\">Optativa<\/td><td class=\"td1\">6<\/td><td class=\"td1\">1\u00ba Semestre<\/td><\/tr>\n<tr><td class=\"td2\"><\/td><td class=\"td2\">189060903<\/td><td class=\"td2\">Procesos Psicosociales Aplicados a la Enfermer\u00eda<\/td><td class=\"td2\">Optativa<\/td><td class=\"td2\">6<\/td><td class=\"td2\">2\u00ba Semestre<\/td><\/tr>\n<tr><td class=\"td1\"><\/td><td class=\"td1\">189060904<\/td><td class=\"td1\">Enfermer\u00eda en Quir\u00f3fano<\/td><td class=\"td1\">Optativa<\/td><td class=\"td1\">6<\/td><td class=\"td1\">1\u00ba Semestre<\/td><\/tr>\n<tr>\n<th colspan=\"5\" class=\"th1\">CUARTO CURSO<\/th>\n<\/tr>\n<tr>\n<th><\/th>\n<th class=\"th1\">C\u00d3DIGO<\/th>\n<th class=\"th1\">ASIGNATURA<\/th>\n<th class=\"th1\">CAR\u00c1CTER<\/th>\n<th class=\"th1\">ECTS<\/th>\n<th class=\"th1\">DURACI\u00d3N<\/th>\n<\/tr>\n<tr><td class=\"td1\"><\/td><td class=\"td1\">189200901<\/td><td class=\"td1\"><strong>Estrategias de Afrontamiento en las Relaciones Interpersonales<\/strong><\/td><td class=\"td1\">Optativa<\/td><td class=\"td1\">6<\/td><td class=\"td1\">1\u00ba Semestre<\/td><\/tr>\n<tr><td class=\"td2\"><\/td><td class=\"td2\">189200902<\/td><td class=\"td2\"><strong>Comunicaci\u00f3n para la Salud<\/strong><\/td><td class=\"td2\">Optativa<\/td><td class=\"td2\">6<\/td><td class=\"td2\">2\u00ba Semestre<\/td><\/tr>\n<tr><td class=\"td1\"><\/td><td class=\"td1\">189200903<\/td><td class=\"td1\"><strong>Anatom\u00eda Seccional con T\u00e9cnicas de Imagen<\/strong><\/td><td class=\"td1\">Optativa<\/td><td class=\"td1\">6<\/td><td class=\"td1\">2\u00ba Semestre<\/td><\/tr>\n<tr><td class=\"td2\"><\/td><td class=\"td2\">189200904<\/td><td class=\"td2\"><strong>Ingl\u00e9s Aplicado a la Comunicaci\u00f3n con el Paciente en Fisioterapia<\/strong><\/td><td class=\"td2\">Optativa<\/td><td class=\"td2\">6<\/td><td class=\"td2\">1\u00ba Semestre<\/td><\/tr>\n<tr><td class=\"td1\"><\/td><td class=\"td1\">189204101<\/td><td class=\"td1\"><strong>Practicum I<\/strong><\/td><td class=\"td1\">Obligatoria<\/td><td class=\"td1\">20<\/td><td class=\"td1\">1\u00ba Semestre<\/td><\/tr>\n<tr><td class=\"td2\"><\/td><td class=\"td2\">189204201<\/td><td class=\"td2\"><strong>Practicum II<\/strong><\/td><td class=\"td2\">Obligatoria<\/td><td class=\"td2\">20<\/td><td class=\"td2\">2\u00ba Semestre<\/td><\/tr>\n<tr><td class=\"td1\"><\/td><td class=\"td1\">189204001<\/td><td class=\"td1\"><strong>Trabajo de Fin de Grado<\/strong><\/td><td class=\"td1\">Obligatoria<\/td><td class=\"td1\">8<\/td><td class=\"td1\">Anual<\/td><\/tr>\n<tr><td class=\"td2\"><\/td><td class=\"td2\"><\/td><td class=\"td2\">TOTAL DE CREDITOS<\/td><td class=\"td2\"><\/td><td class=\"td2\">240<\/td><td class=\"td2\"><\/td><\/tr>\n<\/tbody>\n<\/table>\n<\/div><\/div><\/div>\n<\/div><\/div>\n","protected":false},"excerpt":{"rendered":"<p>Estructura del Plan de estudios Distribuci\u00f3n del Plan de estudios del Grado en F\u00edsica, por tipo de asignatura De acuerdo con el art.12.2 del RD 1393\/2007, el&nbsp;Plan de estudios del Grado en F\u00edsica por la ULL&nbsp;(Modificado 26\/09\/2018) tiene un total de 240 cr\u00e9ditos, distribuidos en 4 cursos de 60 cr\u00e9ditos cada uno, divididos en 2&#8230;<\/p>","protected":false},"author":1,"featured_media":0,"parent":270,"menu_order":0,"comment_status":"closed","ping_status":"closed","template":"templates\/template-frontpage.php","meta":{"footnotes":""},"class_list":["post-34","page","type-page","status-publish","hentry"],"_links":{"self":[{"href":"https:\/\/www.ull.es\/grados\/fisioterapia\/en\/wp-json\/wp\/v2\/pages\/34","targetHints":{"allow":["GET"]}}],"collection":[{"href":"https:\/\/www.ull.es\/grados\/fisioterapia\/en\/wp-json\/wp\/v2\/pages"}],"about":[{"href":"https:\/\/www.ull.es\/grados\/fisioterapia\/en\/wp-json\/wp\/v2\/types\/page"}],"author":[{"embeddable":true,"href":"https:\/\/www.ull.es\/grados\/fisioterapia\/en\/wp-json\/wp\/v2\/users\/1"}],"replies":[{"embeddable":true,"href":"https:\/\/www.ull.es\/grados\/fisioterapia\/en\/wp-json\/wp\/v2\/comments?post=34"}],"version-history":[{"count":18,"href":"https:\/\/www.ull.es\/grados\/fisioterapia\/en\/wp-json\/wp\/v2\/pages\/34\/revisions"}],"predecessor-version":[{"id":1013,"href":"https:\/\/www.ull.es\/grados\/fisioterapia\/en\/wp-json\/wp\/v2\/pages\/34\/revisions\/1013"}],"up":[{"embeddable":true,"href":"https:\/\/www.ull.es\/grados\/fisioterapia\/en\/wp-json\/wp\/v2\/pages\/270"}],"wp:attachment":[{"href":"https:\/\/www.ull.es\/grados\/fisioterapia\/en\/wp-json\/wp\/v2\/media?parent=34"}],"curies":[{"name":"wp","href":"https:\/\/api.w.org\/{rel}","templated":true}]}}