{"id":37,"date":"2017-06-28T12:58:45","date_gmt":"2017-06-28T12:58:45","guid":{"rendered":"http:\/\/www.ull.es\/masteres\/desarrollo-y-gestion-de-recursos-humanos\/?page_id=30"},"modified":"2025-11-17T15:55:59","modified_gmt":"2025-11-17T15:55:59","slug":"perfil-de-ingreso-y-egreso","status":"publish","type":"page","link":"https:\/\/www.ull.es\/grados\/fisioterapia\/informacion-academica\/perfil-de-ingreso-y-egreso\/","title":{"rendered":"Perfil de ingreso y egreso"},"content":{"rendered":"\n<div class=\"wp-block-stackable-columns alignfull stk-block-columns stk-block stk-8657999\" data-block-id=\"8657999\"><style>.stk-8657999 {padding-bottom:0px !important;margin-top:-30px !important;margin-bottom:0px !important;}@media screen and (max-width: 767px){.stk-8657999 {margin-top:-10% !important;}}<\/style><div class=\"stk-row stk-inner-blocks stk-block-content stk-content-align stk-8657999-column alignfull\">\n<div class=\"wp-block-stackable-column stk-block-column stk-column stk-block stk-914f03e\" data-v=\"4\" data-block-id=\"914f03e\"><div class=\"stk-column-wrapper stk-block-column__content stk-container stk-914f03e-container stk--no-background stk--no-padding\"><div class=\"stk-block-content stk-inner-blocks stk-914f03e-inner-blocks\"><style id=\"depicter-1-inline-pre-css\">\n\n.depicter-1:not(.depicter-ready){\n\theight:450px;\n}\n\n\/***** Tablet *****\/\n@media screen and (max-width: 1024px){\n\n.depicter-1:not(.depicter-ready){\n\theight:700px;\n}\n\n}\n\/***** Mobile *****\/\n@media screen and (max-width: 767px){\n\n.depicter-1:not(.depicter-ready){\n\theight:360px;\n}\n\n}\n<\/style>\n<div id=\"depicter-1\" class=\"depicter depicter-document depicter-revert depicter-1 depicter-layout-fullwidth\">\n\n<div class=\"depicter-loading-container depicter-loading dotFlashing-dark\"><div class=\"depicter-loading-dark depicter-dot-flashing\">\n   <span><\/span>\n   <span><\/span>\n   <span><\/span>\n<\/div>\n<\/div>\n<div id=\"depicter-1-section-1\" class=\"depicter-section depicter-1-section-1\" data-name=\"Section 1\" data-type=\"section\" data-local-id=\"section-1\">\n<picture class=\"depicter-bg\">\n<source data-depicter-srcset=\"https:\/\/www.ull.es\/grados\/fisioterapia\/wp-content\/uploads\/sites\/28\/2025\/03\/Slider_Fisioterapia-768x248.jpg, https:\/\/www.ull.es\/grados\/fisioterapia\/wp-content\/uploads\/sites\/28\/2025\/03\/Slider_Fisioterapia.jpg 2x\" srcset=\"data:image\/gif;base64,R0lGODlhAQABAIAAAAAAAP\/\/\/yH5BAEAAAAALAAAAAABAAEAAAIBRAA7\" media=\"(max-width: 1024px)\" \/>\n\n<source data-depicter-srcset=\"https:\/\/www.ull.es\/grados\/fisioterapia\/wp-content\/uploads\/sites\/28\/2025\/03\/Slider_Fisioterapia.jpg, https:\/\/www.ull.es\/grados\/fisioterapia\/wp-content\/uploads\/sites\/28\/2025\/03\/Slider_Fisioterapia-1920x620.jpg 2x\" srcset=\"data:image\/gif;base64,R0lGODlhAQABAIAAAAAAAP\/\/\/yH5BAEAAAAALAAAAAABAAEAAAIBRAA7\" media=\"(min-width: 1025px)\" \/>\n<img decoding=\"async\" src=\"data:image\/gif;base64,R0lGODlhAQABAIAAAAAAAP\/\/\/yH5BAEAAAAALAAAAAABAAEAAAIBRAA7\" data-ken-burns=\"false\" data-tablet-ken-burns=\"false\" data-mobile-ken-burns=\"false\" alt=\"\" data-depicter-src=\"https:\/\/www.ull.es\/grados\/fisioterapia\/wp-content\/uploads\/sites\/28\/2025\/03\/Slider_Fisioterapia.jpg\" data-object-fit=\"custom,custom,\" data-object-position=\"center top,,\" data-crop=\"{'focalPoint':{'x':0.5,'y':0.5},'mediaSize':{'width':1393.54838709677414954057894647121429443359375,'height':450}}\" data-tablet-crop=\"{'focalPoint':{'x':0.5,'y':0.5},'mediaSize':{'width':2167.7419354838712024502456188201904296875,'height':700.0000000000001136868377216160297393798828125}}\" data-mobile-crop=\"{'focalPoint':{'x':0.5,'y':0.5},'mediaSize':{'width':1114.8387096774195015314035117626190185546875,'height':360}}\" \/>\n<\/picture>\n\n\n<h1 id=\"depicter-1-element-5\" class=\"depicter-element depicter-layer depicter-1-element-5\" data-type=\"text\" data-wrap=\"true\" data-name=\"Text 2\" data-local-id=\"element-5\" data-offset=\"x:118px;y:175px;origin:tl\" data-tablet-offset=\"x:306px;y:304px;origin:tl\" data-mobile-offset=\"x:45px;y:-105px;origin:tl\" data-width=\"906px,413px,348px\" data-height=\"auto,auto,auto\" data-responsive-scale=\"true,,\">Grado en Fisioterapia<\/h1>\n\n<div id=\"depicter-1-element-10\" class=\"depicter-element depicter-layer depicter-1-element-10\" data-type=\"shape\" data-wrap=\"true\" data-name=\"Shape 1\" data-local-id=\"element-10\" data-offset=\"x:129px;y:276px;origin:tl\" data-tablet-offset=\"x:306px;y:356px;origin:tl\" data-mobile-offset=\"x:45px;y:0px;origin:tl\" data-width=\"871px,401px,236px\" data-height=\"8px,8px,8px\" data-responsive-scale=\"true,,\"><\/div>\n<\/div>\n<\/div>\n<script>\n(window.depicterSetups = window.depicterSetups || []).push(function(){\n\tDepicter.basePath = 'https:\/\/www.ull.es\/grados\/fisioterapia\/wp-content\/plugins\/depicter\/resources\/scripts\/player\/';\n\tconst dpPlayer = Depicter.setup('.depicter-1',\n\t\t{\"width\":[\"1200\",\"1024\",\"360\"],\"height\":[\"450\",\"700\",\"360\"],\"view\":\"basic\",\"keepAspectRatio\":true,\"preload\":0,\"layout\":\"fullwidth\",\"rtl\":false,\"initAfterAppear\":false,\"ajaxApiUrl\":\"https:\\\/\\\/www.ull.es\\\/grados\\\/fisioterapia\\\/wp-admin\\\/admin-ajax.php\",\"mouseSwipe\":true,\"touchSwipe\":true,\"useWatermark\":false}\n\t);\n});\n<\/script><\/div><\/div><\/div>\n<\/div><\/div>\n\n\n\n<div class=\"wp-block-stackable-columns alignfull stk-block-columns stk--hide-mobile stk-block stk-ceecbdc stk-block-background\" data-block-id=\"ceecbdc\"><style>.stk-ceecbdc {background-color:#360060 !important;padding-top:35px !important;padding-right:0px !important;padding-bottom:2px !important;padding-left:0px !important;margin-top:-20px !important;margin-bottom:70px !important;}.stk-ceecbdc:before{background-color:#360060 !important;}<\/style><div class=\"stk-row stk-inner-blocks stk-block-content stk-content-align stk-ceecbdc-column alignfull\">\n<div class=\"wp-block-stackable-column stk-block-column stk-column stk-block stk-fc60a5d\" data-v=\"4\" data-block-id=\"fc60a5d\"><div class=\"stk-column-wrapper stk-block-column__content stk-container stk-fc60a5d-container stk--no-background stk--no-padding\"><div class=\"stk-block-content stk-inner-blocks stk-fc60a5d-inner-blocks\">\n<div class=\"wp-block-stackable-spacer stk-block-spacer stk--no-padding stk-block stk-a3a8a68\" data-block-id=\"a3a8a68\"><style>.stk-a3a8a68 {height:0px !important;}<\/style><\/div>\n<\/div><\/div><\/div>\n<\/div><\/div>\n\n\n\n<div class=\"wp-block-stackable-columns alignwide stk-block-columns stk-block stk-3627255\" data-block-id=\"3627255\"><style>.stk-3627255 {padding-right:16% !important;padding-left:16% !important;margin-bottom:18px !important;}<\/style><div class=\"stk-row stk-inner-blocks stk-block-content stk-content-align stk-3627255-column alignwide\">\n<div class=\"wp-block-stackable-column stk-block-column stk-column stk-block stk-81e665a\" data-v=\"4\" data-block-id=\"81e665a\"><div class=\"stk-column-wrapper stk-block-column__content stk-container stk-81e665a-container stk--no-background stk--no-padding\"><div class=\"stk-block-content stk-inner-blocks stk-81e665a-inner-blocks\">\n<div class=\"wp-block-stackable-heading stk-block-heading stk-block-heading--v2 stk-block stk-97878e6\" id=\"perfil-de-ingreso-y-egreso\" data-block-id=\"97878e6\"><style>.stk-97878e6 .stk-block-heading__text{color:#5c068c !important;}<\/style><h1 class=\"stk-block-heading__text has-text-color\">Perfil de ingreso y egreso<\/h1><\/div>\n\n\n\n<div class=\"wp-block-stackable-heading stk-block-heading stk-block-heading--v2 stk-block stk-c1637bd\" id=\"perfil-de-ingreso\" data-block-id=\"c1637bd\"><style>.stk-c1637bd .stk-block-heading__text{color:#5c068c !important;}<\/style><h2 class=\"stk-block-heading__text has-text-color\">Perfil de ingreso<\/h2><\/div>\n\n\n\n<p>Las caracter\u00edsticas personales y acad\u00e9micas (capacidades, conocimientos e intereses) que deben tener los estudiantes que van a comenzar los estudios de la Titulaci\u00f3n de Grado en Fisioterapia son:<\/p>\n\n\n\n<ul class=\"wp-block-list\">\n<li>Capacidad de trabajo en equipo<\/li>\n\n\n\n<li>Capacidad de razonamiento l\u00f3gico<\/li>\n\n\n\n<li>Lectura comprensiva<\/li>\n\n\n\n<li>Conocimientos suficientes de ciencias complementarias: qu\u00edmica, biolog\u00eda, f\u00edsica y estad\u00edstica<\/li>\n\n\n\n<li>Conocimientos de inform\u00e1tica<\/li>\n\n\n\n<li>Conocimientos adecuados de idioma<\/li>\n\n\n\n<li>Motivaci\u00f3n ante la elecci\u00f3n debido a las caracter\u00edsticas propias de la Titulaci\u00f3n y al perfil profesional de la misma.<\/li>\n<\/ul>\n\n\n\n<div class=\"wp-block-stackable-divider stk-block-divider stk-block stk-9cf9731\" data-block-id=\"9cf9731\"><style>.stk-9cf9731 hr.stk-block-divider__hr{width:100% !important;}<\/style><hr class=\"stk-block-divider__hr\"\/><\/div>\n\n\n\n<div class=\"wp-block-stackable-heading stk-block-heading stk-block-heading--v2 stk-block stk-ed628e4\" id=\"perfil-de-egreso\" data-block-id=\"ed628e4\"><style>.stk-ed628e4 .stk-block-heading__text{color:#5c068c !important;}<\/style><h2 class=\"stk-block-heading__text has-text-color\">Perfil de egreso<\/h2><\/div>\n\n\n\n<p>El perfil profesional del Fisioterapeuta est\u00e1 marcado por las atribuciones que se derivan de las competencias rese\u00f1adas en la propuesta de directrices curriculares para el Grado en Fisioterapia elaborada por la Comisi\u00f3n de Especialistas del \u00c1rea de Fisioterapia de la Regi\u00f3n Europea de la World Confederation for Physical Therapy (WCPT):<\/p>\n\n\n\n<p>\u2013 El Graduado\/a en Fisioterapia deber\u00e1 demostrar competencia profesional en sus diferentes campos de actuaci\u00f3n, expresando conocimientos, habilidades y actitudes en actividades de promoci\u00f3n, mantenimiento, prevenci\u00f3n, protecci\u00f3n y recuperaci\u00f3n de la Salud, respetando los principios \u00e9ticos, morales y culturales del individuo y de la comunidad.<\/p>\n\n\n\n<p>\u2013 Deber\u00e1 tambi\u00e9n demostrar capacidad de adaptaci\u00f3n a las tecnolog\u00edas del mundo contempor\u00e1neo, buscando siempre actualizarse en un proceso de formaci\u00f3n continuada.<\/p>\n\n\n\n<p>\u2013 Igualmente deber\u00e1 adquirir una visi\u00f3n integral de su profesi\u00f3n, que se muestre gen\u00e9rica en el \u00e1mbito de la Fisioterapia al tiempo que espec\u00edfica en su campo de trabajo, posibilitando la inserci\u00f3n de los procedimientos fisioterap\u00e9uticos en sus diferentes dimensiones.<\/p>\n\n\n\n<p>Lo dispuesto en los art\u00edculos 2 y 7 de la Ley 44\/2003, de 21 de noviembre, de ordenaci\u00f3n de las profesiones sanitarias, en la que se contienen los aspectos b\u00e1sicos de las profesiones sanitarias tituladas.<\/p>\n\n\n\n<p>De conformidad con el art\u00edculo 36 de la Constituci\u00f3n, y a los efectos de esta ley, son profesiones sanitarias, tituladas y reguladas, aquellas cuya formaci\u00f3n pregraduada o especializada se dirige espec\u00edfica y fundamentalmente a dotar a los interesados de los conocimientos, habilidades y actitudes propias de la atenci\u00f3n de salud, y que est\u00e1n organizadas en colegios profesionales oficialmente reconocidos por los poderes p\u00fablicos, de acuerdo con lo previsto en la normativa espec\u00edficamente aplicable.<\/p>\n<\/div><\/div><\/div>\n<\/div><\/div>\n","protected":false},"excerpt":{"rendered":"<p>Perfil de ingreso y egreso Perfil de ingreso Las caracter\u00edsticas personales y acad\u00e9micas (capacidades, conocimientos e intereses) que deben tener los estudiantes que van a comenzar los estudios de la Titulaci\u00f3n de Grado en Fisioterapia son: Perfil de egreso El perfil profesional del Fisioterapeuta est\u00e1 marcado por las atribuciones que se derivan de las competencias&#8230;<\/p>\n","protected":false},"author":1,"featured_media":0,"parent":252,"menu_order":1,"comment_status":"closed","ping_status":"closed","template":"templates\/template-frontpage.php","meta":{"footnotes":""},"class_list":["post-37","page","type-page","status-publish","hentry"],"_links":{"self":[{"href":"https:\/\/www.ull.es\/grados\/fisioterapia\/wp-json\/wp\/v2\/pages\/37","targetHints":{"allow":["GET"]}}],"collection":[{"href":"https:\/\/www.ull.es\/grados\/fisioterapia\/wp-json\/wp\/v2\/pages"}],"about":[{"href":"https:\/\/www.ull.es\/grados\/fisioterapia\/wp-json\/wp\/v2\/types\/page"}],"author":[{"embeddable":true,"href":"https:\/\/www.ull.es\/grados\/fisioterapia\/wp-json\/wp\/v2\/users\/1"}],"replies":[{"embeddable":true,"href":"https:\/\/www.ull.es\/grados\/fisioterapia\/wp-json\/wp\/v2\/comments?post=37"}],"version-history":[{"count":11,"href":"https:\/\/www.ull.es\/grados\/fisioterapia\/wp-json\/wp\/v2\/pages\/37\/revisions"}],"predecessor-version":[{"id":956,"href":"https:\/\/www.ull.es\/grados\/fisioterapia\/wp-json\/wp\/v2\/pages\/37\/revisions\/956"}],"up":[{"embeddable":true,"href":"https:\/\/www.ull.es\/grados\/fisioterapia\/wp-json\/wp\/v2\/pages\/252"}],"wp:attachment":[{"href":"https:\/\/www.ull.es\/grados\/fisioterapia\/wp-json\/wp\/v2\/media?parent=37"}],"curies":[{"name":"wp","href":"https:\/\/api.w.org\/{rel}","templated":true}]}}