{"id":37,"date":"2017-06-28T12:58:45","date_gmt":"2017-06-28T12:58:45","guid":{"rendered":"http:\/\/www.ull.es\/masteres\/desarrollo-y-gestion-de-recursos-humanos\/?page_id=30"},"modified":"2025-10-30T12:02:27","modified_gmt":"2025-10-30T12:02:27","slug":"perfil-de-ingreso-y-egreso","status":"publish","type":"page","link":"https:\/\/www.ull.es\/grados\/frances-e-ingles\/fr\/informacion-academica\/perfil-de-ingreso-y-egreso\/","title":{"rendered":"Profil d&#039;admission et de sortie"},"content":{"rendered":"\n<div class=\"wp-block-stackable-columns alignfull stk-block-columns stk-block stk-8657999\" data-block-id=\"8657999\"><style>.stk-8657999 {padding-bottom:0px !important;margin-top:-30px !important;margin-bottom:0px !important;}@media screen and (max-width: 767px){.stk-8657999 {margin-top:-10% !important;}}<\/style><div class=\"stk-row stk-inner-blocks stk-block-content stk-content-align stk-8657999-column alignfull\">\n<div class=\"wp-block-stackable-column stk-block-column stk-column stk-block stk-914f03e\" data-v=\"4\" data-block-id=\"914f03e\"><div class=\"stk-column-wrapper stk-block-column__content stk-container stk-914f03e-container stk--no-background stk--no-padding\"><div class=\"stk-block-content stk-inner-blocks stk-914f03e-inner-blocks\"><style id=\"depicter-1-inline-pre-css\">\n\n.depicter-1:not(.depicter-ready){\n\theight:450px;\n}\n\n\/***** Tablet *****\/\n@media screen and (max-width: 1024px){\n\n.depicter-1:not(.depicter-ready){\n\theight:700px;\n}\n\n}\n\/***** Mobile *****\/\n@media screen and (max-width: 767px){\n\n.depicter-1:not(.depicter-ready){\n\theight:360px;\n}\n\n}\n<\/style>\n<div id=\"depicter-1\" class=\"depicter depicter-document depicter-revert depicter-1 depicter-layout-fullwidth\">\n\n<div class=\"depicter-loading-container depicter-loading dotFlashing-dark\"><div class=\"depicter-loading-dark depicter-dot-flashing\">\n   <span><\/span>\n   <span><\/span>\n   <span><\/span>\n<\/div>\n<\/div>\n<div id=\"depicter-1-section-1\" class=\"depicter-section depicter-1-section-1\" data-name=\"Section 1\" data-type=\"section\" data-local-id=\"section-1\">\n<picture class=\"depicter-bg\">\n<source data-depicter-srcset=\"https:\/\/www.ull.es\/grados\/frances-e-ingles\/wp-content\/uploads\/sites\/58\/2025\/05\/Slider_Doble_Grado_en_Ingle\u0301s_y_France\u0301s_2-768x248.jpg, https:\/\/www.ull.es\/grados\/frances-e-ingles\/wp-content\/uploads\/sites\/58\/2025\/05\/Slider_Doble_Grado_en_Ingle\u0301s_y_France\u0301s_2.jpg 2x\" srcset=\"data:image\/gif;base64,R0lGODlhAQABAIAAAAAAAP\/\/\/yH5BAEAAAAALAAAAAABAAEAAAIBRAA7\" media=\"(max-width: 1024px)\" \/>\n\n<source data-depicter-srcset=\"https:\/\/www.ull.es\/grados\/frances-e-ingles\/wp-content\/uploads\/sites\/58\/2025\/05\/Slider_Doble_Grado_en_Ingle\u0301s_y_France\u0301s_2.jpg, https:\/\/www.ull.es\/grados\/frances-e-ingles\/wp-content\/uploads\/sites\/58\/2025\/05\/Slider_Doble_Grado_en_Ingle\u0301s_y_France\u0301s_2-1920x620.jpg 2x\" srcset=\"data:image\/gif;base64,R0lGODlhAQABAIAAAAAAAP\/\/\/yH5BAEAAAAALAAAAAABAAEAAAIBRAA7\" media=\"(min-width: 1025px)\" \/>\n<img decoding=\"async\" src=\"data:image\/gif;base64,R0lGODlhAQABAIAAAAAAAP\/\/\/yH5BAEAAAAALAAAAAABAAEAAAIBRAA7\" data-ken-burns=\"false\" data-tablet-ken-burns=\"false\" data-mobile-ken-burns=\"false\" alt=\"\" data-depicter-src=\"https:\/\/www.ull.es\/grados\/frances-e-ingles\/wp-content\/uploads\/sites\/58\/2025\/05\/Slider_Doble_Grado_en_Ingle\u0301s_y_France\u0301s_2.jpg\" data-object-fit=\"custom,custom,\" data-object-position=\"center top,,\" data-crop=\"{'focalPoint':{'x':0.5,'y':0.5},'mediaSize':{'width':1393.54838709677414954057894647121429443359375,'height':450}}\" data-tablet-crop=\"{'focalPoint':{'x':0.729999999999999982236431605997495353221893310546875,'y':0.5},'mediaSize':{'width':2167,'height':700}}\" data-mobile-crop=\"{'focalPoint':{'x':0.5,'y':0.5},'mediaSize':{'width':1114.8387096774195015314035117626190185546875,'height':360}}\" \/>\n<\/picture>\n\n\n<h1 id=\"depicter-1-element-5\" class=\"depicter-element depicter-layer depicter-1-element-5\" data-type=\"text\" data-wrap=\"true\" data-name=\"Text 2\" data-local-id=\"element-5\" data-offset=\"x:-147px;y:128px;origin:tl\" data-tablet-offset=\"x:207px;y:266px;origin:tl\" data-mobile-offset=\"x:6px;y:-136px;origin:tl\" data-width=\"1437px,610px,348px\" data-height=\"auto,auto,auto\" data-responsive-scale=\"true,,\">Doble Grado en Estudios Ingleses y en Estudios Franc\u00f3fonos Aplicados<\/h1>\n\n<div id=\"depicter-1-element-10\" class=\"depicter-element depicter-layer depicter-1-element-10\" data-type=\"shape\" data-wrap=\"true\" data-name=\"Shape 1\" data-local-id=\"element-10\" data-offset=\"x:-136px;y:338px;origin:tl\" data-tablet-offset=\"x:207px;y:444px;origin:tl\" data-mobile-offset=\"x:14px;y:10px;origin:tl\" data-width=\"1416px,585px,346px\" data-height=\"8px,8px,8px\" data-responsive-scale=\"true,,\"><\/div>\n<\/div>\n<\/div>\n<script>\n(window.depicterSetups = window.depicterSetups || []).push(function(){\n\tDepicter.basePath = 'https:\/\/www.ull.es\/grados\/frances-e-ingles\/wp-content\/plugins\/depicter\/resources\/scripts\/player\/';\n\tconst dpPlayer = Depicter.setup('.depicter-1',\n\t\t{\"width\":[\"1200\",\"1024\",\"360\"],\"height\":[\"450\",\"700\",\"360\"],\"view\":\"basic\",\"keepAspectRatio\":true,\"preload\":0,\"layout\":\"fullwidth\",\"rtl\":false,\"initAfterAppear\":false,\"ajaxApiUrl\":\"https:\\\/\\\/www.ull.es\\\/grados\\\/frances-e-ingles\\\/wp-admin\\\/admin-ajax.php\",\"mouseSwipe\":true,\"touchSwipe\":true,\"useWatermark\":false}\n\t);\n});\n<\/script><\/div><\/div><\/div>\n<\/div><\/div>\n\n\n\n<div class=\"wp-block-stackable-columns alignfull stk-block-columns stk--hide-mobile stk-block stk-ceecbdc stk-block-background\" data-block-id=\"ceecbdc\"><style>.stk-ceecbdc {background-color:#03256c !important;padding-top:35px !important;padding-right:0px !important;padding-bottom:2px !important;padding-left:0px !important;margin-top:-20px !important;margin-bottom:70px !important;}.stk-ceecbdc:before{background-color:#03256c !important;}<\/style><div class=\"stk-row stk-inner-blocks stk-block-content stk-content-align stk-ceecbdc-column alignfull\">\n<div class=\"wp-block-stackable-column stk-block-column stk-column stk-block stk-fc60a5d\" data-v=\"4\" data-block-id=\"fc60a5d\"><div class=\"stk-column-wrapper stk-block-column__content stk-container stk-fc60a5d-container stk--no-background stk--no-padding\"><div class=\"stk-block-content stk-inner-blocks stk-fc60a5d-inner-blocks\">\n<div class=\"wp-block-stackable-spacer stk-block-spacer stk--no-padding stk-block stk-a3a8a68\" data-block-id=\"a3a8a68\"><style>.stk-a3a8a68 {height:0px !important;}<\/style><\/div>\n<\/div><\/div><\/div>\n<\/div><\/div>\n\n\n\n<div class=\"wp-block-stackable-columns alignwide stk-block-columns stk-block stk-3627255\" data-block-id=\"3627255\"><style>.stk-3627255 {padding-right:16% !important;padding-left:16% !important;margin-bottom:18px !important;}<\/style><div class=\"stk-row stk-inner-blocks stk-block-content stk-content-align stk-3627255-column alignwide\">\n<div class=\"wp-block-stackable-column stk-block-column stk-column stk-block stk-81e665a\" data-v=\"4\" data-block-id=\"81e665a\"><div class=\"stk-column-wrapper stk-block-column__content stk-container stk-81e665a-container stk--no-background stk--no-padding\"><div class=\"stk-block-content stk-inner-blocks stk-81e665a-inner-blocks\">\n<div class=\"wp-block-stackable-heading stk-block-heading stk-block-heading--v2 stk-block stk-97878e6\" id=\"perfil-de-ingreso-y-egreso\" data-block-id=\"97878e6\"><style>.stk-97878e6 .stk-block-heading__text{color:#03256c !important;}<\/style><h1 class=\"stk-block-heading__text has-text-color\">Perfil de ingreso y egreso<\/h1><\/div>\n\n\n\n<div class=\"wp-block-stackable-heading stk-block-heading stk-block-heading--v2 stk-block stk-0b40cee\" id=\"perfil-de-ingreso\" data-block-id=\"0b40cee\"><style>.stk-0b40cee .stk-block-heading__text{color:#03256c !important;}<\/style><h2 class=\"stk-block-heading__text has-text-color\">Perfil de ingreso<\/h2><\/div>\n\n\n\n<div class=\"wp-block-stackable-text stk-block-text stk-block stk-07895de\" data-block-id=\"07895de\"><p class=\"stk-block-text__text\">Teniendo en cuenta las caracter\u00edsticas y objetivos del Doble Grado en Estudios Ingleses y Grado en Estudios Franc\u00f3fonos Aplicados, el alumnado que decida cursar esta titulaci\u00f3n ha de saber que se pone a su alcance un proyecto formativo de amplia dimensi\u00f3n y m\u00faltiples facetas, cuyo eje vertebrador radica en el dominio y perfeccionamiento de las lenguas inglesa y francesa, instrumentos clave que le facilitar\u00e1n el acceso y la comprensi\u00f3n del devenir literario, socio-cultural, pol\u00edtico-econ\u00f3mico, etc.. Todo ello, sin olvidar la importancia de dominar correctamente la lengua espa\u00f1ola, poder perfeccionar una segunda lengua europea, o iniciarse en ella, o adentrarse en el conocimiento de la lengua y cultura \u00e1rabes. Asimismo, este nuevo t\u00edtulo le proporcionar\u00e1 una base cultural, legislativa y pol\u00edtico-econ\u00f3mica.<\/p><\/div>\n\n\n\n<p>El compendio de conocimientos, competencias y actitudes que potencia este Doble Grado aportar\u00e1n al alumnado no solo un saber, sino un saber-hacer y un saber-estar que lo facultar\u00e1n para llevar a cabo su ejercicio profesional de manera satisfactoria.<\/p>\n\n\n\n<p>Dadas estas peculiaridades, el alumnado que desee cursar estos estudios deber\u00eda tener inter\u00e9s y sentirse motivado especialmente por:<\/p>\n\n\n\n<ul class=\"wp-block-list\">\n<li>Las lenguas y la diversidad cultural.<\/li>\n\n\n\n<li>La dimensi\u00f3n del entorno socio-cultural inglesa y francesa.<\/li>\n\n\n\n<li>\u00a0La expresi\u00f3n adecuada de forma oral y escrita, tanto en la lengua materna como en otras lenguas extranjeras.<\/li>\n\n\n\n<li>La cultura y el pensamiento humano.<\/li>\n\n\n\n<li>La funcionalidad del ingl\u00e9s y el franc\u00e9s en las relaciones socio-econ\u00f3micas e internacionales.<\/li>\n\n\n\n<li>La estimulaci\u00f3n del esp\u00edritu cr\u00edtico y el razonamiento l\u00f3gico.<\/li>\n\n\n\n<li>El gusto por la organizaci\u00f3n y la constancia.<\/li>\n\n\n\n<li>La cooperaci\u00f3n, comunicaci\u00f3n y mediaci\u00f3n intercultural.<\/li>\n<\/ul>\n\n\n\n<p>El nivel m\u00ednimo de competencia ling\u00fc\u00edstica en franc\u00e9s que se recomienda para acceder a estos estudios equivale al B1 del Marco Com\u00fan Europeo de Referencia para las Lenguas.<\/p>\n\n\n\n<div class=\"wp-block-stackable-divider stk-block-divider stk-block stk-567beb9\" data-block-id=\"567beb9\"><style>.stk-567beb9 hr.stk-block-divider__hr{width:100% !important;}<\/style><hr class=\"stk-block-divider__hr\"\/><\/div>\n\n\n\n<div class=\"wp-block-stackable-heading stk-block-heading stk-block-heading--v2 stk-block stk-c08fa38\" id=\"perfil-de-egreso\" data-block-id=\"c08fa38\"><style>.stk-c08fa38 .stk-block-heading__text{color:#03256c !important;}<\/style><h2 class=\"stk-block-heading__text has-text-color\">Perfil de egreso<\/h2><\/div>\n\n\n\n<p>El Grado proporciona las competencias y resultados de aprendizaje fundamentales para intervenir en el mundo de:<\/p>\n\n\n\n<ul class=\"wp-block-list\">\n<li>La docencia y la investigaci\u00f3n.<\/li>\n\n\n\n<li>El asesoramiento ling\u00fc\u00edstico-cultural, especialmente en lengua francesa.<\/li>\n\n\n\n<li>La traducci\u00f3n y la interpretaci\u00f3n.<\/li>\n\n\n\n<li>La mediaci\u00f3n ling\u00fc\u00edstica e intercultural.<\/li>\n\n\n\n<li>La industria editorial.<\/li>\n\n\n\n<li>La gesti\u00f3n y el asesoramiento ling\u00fc\u00edstico-cultural en los medios de comunicaci\u00f3n.<\/li>\n\n\n\n<li>La gesti\u00f3n y la producci\u00f3n culturales.<\/li>\n\n\n\n<li>El asesoramiento en el sector tur\u00edstico.<\/li>\n\n\n\n<li>La gesti\u00f3n y el asesoramiento en documentaci\u00f3n y archivos.<\/li>\n\n\n\n<li>Las relaciones diplom\u00e1ticas y la pol\u00edtica exterior.<\/li>\n\n\n\n<li>Las relaciones econ\u00f3micas y comerciales.<\/li>\n\n\n\n<li>La cooperaci\u00f3n para el desarrollo.<\/li>\n<\/ul>\n<\/div><\/div><\/div>\n<\/div><\/div>\n","protected":false},"excerpt":{"rendered":"<p>Perfil de ingreso y egreso Perfil de ingreso Teniendo en cuenta las caracter\u00edsticas y objetivos del Doble Grado en Estudios Ingleses y Grado en Estudios Franc\u00f3fonos Aplicados, el alumnado que decida cursar esta titulaci\u00f3n ha de saber que se pone a su alcance un proyecto formativo de amplia dimensi\u00f3n y m\u00faltiples facetas, cuyo eje vertebrador&#8230;<\/p>","protected":false},"author":1,"featured_media":0,"parent":252,"menu_order":1,"comment_status":"closed","ping_status":"closed","template":"templates\/template-frontpage.php","meta":{"footnotes":""},"class_list":["post-37","page","type-page","status-publish","hentry"],"_links":{"self":[{"href":"https:\/\/www.ull.es\/grados\/frances-e-ingles\/fr\/wp-json\/wp\/v2\/pages\/37","targetHints":{"allow":["GET"]}}],"collection":[{"href":"https:\/\/www.ull.es\/grados\/frances-e-ingles\/fr\/wp-json\/wp\/v2\/pages"}],"about":[{"href":"https:\/\/www.ull.es\/grados\/frances-e-ingles\/fr\/wp-json\/wp\/v2\/types\/page"}],"author":[{"embeddable":true,"href":"https:\/\/www.ull.es\/grados\/frances-e-ingles\/fr\/wp-json\/wp\/v2\/users\/1"}],"replies":[{"embeddable":true,"href":"https:\/\/www.ull.es\/grados\/frances-e-ingles\/fr\/wp-json\/wp\/v2\/comments?post=37"}],"version-history":[{"count":17,"href":"https:\/\/www.ull.es\/grados\/frances-e-ingles\/fr\/wp-json\/wp\/v2\/pages\/37\/revisions"}],"predecessor-version":[{"id":1455,"href":"https:\/\/www.ull.es\/grados\/frances-e-ingles\/fr\/wp-json\/wp\/v2\/pages\/37\/revisions\/1455"}],"up":[{"embeddable":true,"href":"https:\/\/www.ull.es\/grados\/frances-e-ingles\/fr\/wp-json\/wp\/v2\/pages\/252"}],"wp:attachment":[{"href":"https:\/\/www.ull.es\/grados\/frances-e-ingles\/fr\/wp-json\/wp\/v2\/media?parent=37"}],"curies":[{"name":"wp","href":"https:\/\/api.w.org\/{rel}","templated":true}]}}