{"id":227,"date":"2017-07-11T10:32:56","date_gmt":"2017-07-11T10:32:56","guid":{"rendered":"http:\/\/www.ull.es\/masteres\/desarrollo-y-gestion-de-recursos-humanos\/?page_id=227"},"modified":"2025-10-30T13:56:34","modified_gmt":"2025-10-30T13:56:34","slug":"practicas-externas","status":"publish","type":"page","link":"https:\/\/www.ull.es\/grados\/frances-e-ingles\/plan-de-estudios\/practicas-externas\/","title":{"rendered":"Pr\u00e1cticas Externas"},"content":{"rendered":"\n<div class=\"wp-block-stackable-columns alignfull stk-block-columns stk-block stk-8657999\" data-block-id=\"8657999\"><style>.stk-8657999 {padding-bottom:0px !important;margin-top:-30px !important;margin-bottom:0px !important;}@media screen and (max-width: 767px){.stk-8657999 {margin-top:-10% !important;}}<\/style><div class=\"stk-row stk-inner-blocks stk-block-content stk-content-align stk-8657999-column alignfull\">\n<div class=\"wp-block-stackable-column stk-block-column stk-column stk-block stk-914f03e\" data-v=\"4\" data-block-id=\"914f03e\"><div class=\"stk-column-wrapper stk-block-column__content stk-container stk-914f03e-container stk--no-background stk--no-padding\"><div class=\"stk-block-content stk-inner-blocks stk-914f03e-inner-blocks\"><style id=\"depicter-1-inline-pre-css\">\n\n.depicter-1:not(.depicter-ready){\n\theight:450px;\n}\n\n\/***** Tablet *****\/\n@media screen and (max-width: 1024px){\n\n.depicter-1:not(.depicter-ready){\n\theight:700px;\n}\n\n}\n\/***** Mobile *****\/\n@media screen and (max-width: 767px){\n\n.depicter-1:not(.depicter-ready){\n\theight:360px;\n}\n\n}\n<\/style>\n<div id=\"depicter-1\" class=\"depicter depicter-document depicter-revert depicter-1 depicter-layout-fullwidth\">\n\n<div class=\"depicter-loading-container depicter-loading dotFlashing-dark\"><div class=\"depicter-loading-dark depicter-dot-flashing\">\n   <span><\/span>\n   <span><\/span>\n   <span><\/span>\n<\/div>\n<\/div>\n<div id=\"depicter-1-section-1\" class=\"depicter-section depicter-1-section-1\" data-name=\"Section 1\" data-type=\"section\" data-local-id=\"section-1\">\n<picture class=\"depicter-bg\">\n<source data-depicter-srcset=\"https:\/\/www.ull.es\/grados\/frances-e-ingles\/wp-content\/uploads\/sites\/58\/2025\/05\/Slider_Doble_Grado_en_Ingle\u0301s_y_France\u0301s_2-768x248.jpg, https:\/\/www.ull.es\/grados\/frances-e-ingles\/wp-content\/uploads\/sites\/58\/2025\/05\/Slider_Doble_Grado_en_Ingle\u0301s_y_France\u0301s_2.jpg 2x\" srcset=\"data:image\/gif;base64,R0lGODlhAQABAIAAAAAAAP\/\/\/yH5BAEAAAAALAAAAAABAAEAAAIBRAA7\" media=\"(max-width: 1024px)\" \/>\n\n<source data-depicter-srcset=\"https:\/\/www.ull.es\/grados\/frances-e-ingles\/wp-content\/uploads\/sites\/58\/2025\/05\/Slider_Doble_Grado_en_Ingle\u0301s_y_France\u0301s_2.jpg, https:\/\/www.ull.es\/grados\/frances-e-ingles\/wp-content\/uploads\/sites\/58\/2025\/05\/Slider_Doble_Grado_en_Ingle\u0301s_y_France\u0301s_2-1920x620.jpg 2x\" srcset=\"data:image\/gif;base64,R0lGODlhAQABAIAAAAAAAP\/\/\/yH5BAEAAAAALAAAAAABAAEAAAIBRAA7\" media=\"(min-width: 1025px)\" \/>\n<img decoding=\"async\" src=\"data:image\/gif;base64,R0lGODlhAQABAIAAAAAAAP\/\/\/yH5BAEAAAAALAAAAAABAAEAAAIBRAA7\" data-ken-burns=\"false\" data-tablet-ken-burns=\"false\" data-mobile-ken-burns=\"false\" alt=\"\" data-depicter-src=\"https:\/\/www.ull.es\/grados\/frances-e-ingles\/wp-content\/uploads\/sites\/58\/2025\/05\/Slider_Doble_Grado_en_Ingle\u0301s_y_France\u0301s_2.jpg\" data-object-fit=\"custom,custom,\" data-object-position=\"center top,,\" data-crop=\"{'focalPoint':{'x':0.5,'y':0.5},'mediaSize':{'width':1393.54838709677414954057894647121429443359375,'height':450}}\" data-tablet-crop=\"{'focalPoint':{'x':0.729999999999999982236431605997495353221893310546875,'y':0.5},'mediaSize':{'width':2167,'height':700}}\" data-mobile-crop=\"{'focalPoint':{'x':0.5,'y':0.5},'mediaSize':{'width':1114.8387096774195015314035117626190185546875,'height':360}}\" \/>\n<\/picture>\n\n\n<h1 id=\"depicter-1-element-5\" class=\"depicter-element depicter-layer depicter-1-element-5\" data-type=\"text\" data-wrap=\"true\" data-name=\"Text 2\" data-local-id=\"element-5\" data-offset=\"x:-147px;y:128px;origin:tl\" data-tablet-offset=\"x:207px;y:266px;origin:tl\" data-mobile-offset=\"x:6px;y:-136px;origin:tl\" data-width=\"1437px,610px,348px\" data-height=\"auto,auto,auto\" data-responsive-scale=\"true,,\">Doble Grado en Estudios Ingleses y en Estudios Franc\u00f3fonos Aplicados<\/h1>\n\n<div id=\"depicter-1-element-10\" class=\"depicter-element depicter-layer depicter-1-element-10\" data-type=\"shape\" data-wrap=\"true\" data-name=\"Shape 1\" data-local-id=\"element-10\" data-offset=\"x:-136px;y:338px;origin:tl\" data-tablet-offset=\"x:207px;y:444px;origin:tl\" data-mobile-offset=\"x:14px;y:10px;origin:tl\" data-width=\"1416px,585px,346px\" data-height=\"8px,8px,8px\" data-responsive-scale=\"true,,\"><\/div>\n<\/div>\n<\/div>\n<script>\n(window.depicterSetups = window.depicterSetups || []).push(function(){\n\tDepicter.basePath = 'https:\/\/www.ull.es\/grados\/frances-e-ingles\/wp-content\/plugins\/depicter\/resources\/scripts\/player\/';\n\tconst dpPlayer = Depicter.setup('.depicter-1',\n\t\t{\"width\":[\"1200\",\"1024\",\"360\"],\"height\":[\"450\",\"700\",\"360\"],\"view\":\"basic\",\"keepAspectRatio\":true,\"preload\":0,\"layout\":\"fullwidth\",\"rtl\":false,\"initAfterAppear\":false,\"ajaxApiUrl\":\"https:\\\/\\\/www.ull.es\\\/grados\\\/frances-e-ingles\\\/wp-admin\\\/admin-ajax.php\",\"mouseSwipe\":true,\"touchSwipe\":true,\"useWatermark\":false}\n\t);\n});\n<\/script><\/div><\/div><\/div>\n<\/div><\/div>\n\n\n\n<div class=\"wp-block-stackable-columns alignfull stk-block-columns stk--hide-mobile stk-block stk-ceecbdc stk-block-background\" data-block-id=\"ceecbdc\"><style>.stk-ceecbdc {background-color:#03256c !important;padding-top:35px !important;padding-right:0px !important;padding-bottom:2px !important;padding-left:0px !important;margin-top:-20px !important;margin-bottom:70px !important;}.stk-ceecbdc:before{background-color:#03256c !important;}<\/style><div class=\"stk-row stk-inner-blocks stk-block-content stk-content-align stk-ceecbdc-column alignfull\">\n<div class=\"wp-block-stackable-column stk-block-column stk-column stk-block stk-fc60a5d\" data-v=\"4\" data-block-id=\"fc60a5d\"><div class=\"stk-column-wrapper stk-block-column__content stk-container stk-fc60a5d-container stk--no-background stk--no-padding\"><div class=\"stk-block-content stk-inner-blocks stk-fc60a5d-inner-blocks\">\n<div class=\"wp-block-stackable-spacer stk-block-spacer stk--no-padding stk-block stk-a3a8a68\" data-block-id=\"a3a8a68\"><style>.stk-a3a8a68 {height:0px !important;}<\/style><\/div>\n<\/div><\/div><\/div>\n<\/div><\/div>\n\n\n\n<div class=\"wp-block-stackable-columns stk-block-columns stk-block stk-8b59b96\" data-block-id=\"8b59b96\"><style>.stk-8b59b96 .stk--block-align-8b59b96{align-items:flex-start !important;}.stk-8b59b96 {margin-top:25px !important;}.stk-8b59b96-column{--stk-columns-spacing:0px !important;--stk-column-gap:50px !important;}@media screen and (max-width: 767px){.stk-8b59b96-column{row-gap:var(--stk--preset--spacing--60, 2.25rem) !important;}}<\/style><div class=\"stk-row stk-inner-blocks stk--block-align-8b59b96 stk-block-content stk-content-align stk-8b59b96-column\">\n<div class=\"wp-block-stackable-column stk-block-column stk-column stk-block stk-dbb7e15\" data-v=\"4\" data-block-id=\"dbb7e15\"><div class=\"stk-column-wrapper stk-block-column__content stk-container stk-dbb7e15-container stk--no-background stk--no-padding\"><div class=\"stk-block-content stk-inner-blocks stk-dbb7e15-inner-blocks\">\n<div class=\"wp-block-stackable-heading stk-block-heading stk-block-heading--v2 stk-block stk-689c258\" id=\"practicas-externas\" data-block-id=\"689c258\"><style>.stk-689c258 .stk-block-heading__text{color:#03256c !important;}<\/style><h1 class=\"stk-block-heading__text has-text-color\">Pr\u00e1cticas Externas<\/h1><\/div>\n\n\n\n<div class=\"wp-block-stackable-text stk-block-text stk-block stk-82992b2\" data-block-id=\"82992b2\"><p class=\"stk-block-text__text\"><strong>Coordinador de las pr\u00e1cticas externas de la Secci\u00f3n de Filolog\u00eda:<\/strong><\/p><\/div>\n\n\n\n<p>Vicedecano: Carlos Brito D\u00edaz&nbsp;<a href=\"mailto:filvicla@ull.edu.es\" target=\"_blank\" rel=\"noreferrer noopener\" target=\"_blank\" rel=\"noopener\">filvicla@ull.edu.es<\/a><\/p>\n\n\n\n<h2 class=\"wp-block-heading\"><span style=\"color: #03256c;\" class=\"stk-highlight\">Comisi\u00f3n de Pr\u00e1cticas Externas de la Secci\u00f3n de Filolog\u00eda<\/span><\/h2>\n\n\n\n<style>\ntd,th {\n  transition: transform 0.3s, box-shadow 0.3s;\n  cursor: pointer;\n}\ntd:hover, th:hover {\n  transform: scale(1.02);\n  box-shadow: 0 0.5rem 1rem rgba(0,0,0,0.25);\n  \/* Mantiene el color de fondo original *\/\n}\n<\/style>\n\n<table class=\"table table-bordered table-striped align-middle text-center shadow\" style=\"border-collapse: separate; border-spacing: 0; box-shadow: 0 0.5rem 1rem rgba(0,0,0,0.15); border-radius:2rem;\">\n  <thead style=\"background-color: #03256C; color: #fff;\">\n    <tr>\n      <th scope=\"col\" colspan=\"10\" style=\"text-align:center; border-top-left-radius: 1.5rem; border-top-right-radius: 1.5rem;\">Comisi\u00f3n de Orientaci\u00f3n Profesional y Pr\u00e1cticas Externas<\/th>\n    <\/tr>\n  <\/thead>\n  <tbody>\n    <tr style=\"vertical-align: middle;\">\n      <td style=\"font-weight: bold;\">Vicedecano<\/td>\n      <td>Carlos Brito D\u00edaz<\/td>\n    <\/tr>\n    <tr class=\"table-light\" style=\"vertical-align: middle;\">\n      <td style=\"font-weight: bold;\">Grado de Estudios Cl\u00e1sicos<\/td>\n      <td>Carolina Real Torres<br>Jos\u00e9 Antonio Gonz\u00e1lez Marrero<\/td>\n    <\/tr>\n    <tr class=\"table-light\" style=\"vertical-align: middle;\">\n      <td style=\"font-weight: bold;\">Grado de Estudios Franc\u00f3fonos Aplicados<\/td>\n      <td>Patricia Pareja R\u00edos<br>Pearl Michel<br>Rafael Padr\u00f3n Fern\u00e1ndez<\/td>\n    <\/tr>\n    <tr style=\"vertical-align: middle;\">\n      <td style=\"font-weight: bold;\">Grado de Estudios Ingleses<\/td>\n      <td>M\u00aa del Pino Montesdeoca Cubas<br>M\u00aa Jes\u00fas P\u00e9rez Quintero<\/td>\n    <\/tr>\n    <\/tr style=\"vertical-align: middle;\">\n      <td style=\"border-bottom-left-radius: 1.5rem; font-weight: bold;\">Grado en Espa\u00f1ol: Lengua y Literatura<\/td>\n      <td style=\"border-bottom-right-radius: 1.5rem;\">Josefa Dorta Luis<br>Alberto Garc\u00eda Aguilar<\/td>\n    <\/tr>\n  <\/tbody>\n<\/table>\n\n\n\n<h2 class=\"wp-block-heading\"><span style=\"color: #03256c;\" class=\"stk-highlight\">Grado en Estudios Ingleses<\/span><\/h2>\n\n\n\n<table class=\"table table-bordered table-striped align-middle text-center shadow\" style=\"border-collapse: separate; border-spacing: 0; box-shadow: 0 0.5rem 1rem rgba(0,0,0,0.15); border-radius:2rem;\">\n  <thead style=\"background-color: #03256C; color: #fff;\">\n    <tr>\n      <th scope=\"col\" colspan=\"2\" style=\"text-align:center; border-top-left-radius: 1.5rem;\">Tutor<\/th>\n      <th scope=\"col\" colspan=\"2\" style=\"text-align:center;\">Asignatura<\/th>\n      <th scope=\"col\" colspan=\"2\" style=\"text-align:center;\">Despacho<\/th>\n      <th scope=\"col\" colspan=\"2\" style=\"text-align:center;\">Tel\u00e9fono<\/th>\n      <th scope=\"col\" colspan=\"2\" style=\"text-align:center; border-top-right-radius: 1.5rem;\">Correo<\/th>\n    <\/tr>\n  <\/thead>\n  <tbody>\n    <tr>\n      <td colspan=\"2\">M\u00aa Jes\u00fas P\u00e9rez Quintero (coordinadora)<\/td>\n      <td colspan=\"2\">Pr\u00e1cticas externas II<\/td>\n      <td colspan=\"2\">B1-11<\/td>\n      <td colspan=\"2\">(922) 31-16-502 (ext.7647)<\/td>\n      <td colspan=\"2\"><a href=\"mailto:mjperezq@ull.es\" target=\"_blank\" rel=\"noopener\">mjperezq@ull.es<\/a><\/td>\n    <\/tr>\n    <tr>\n      <td colspan=\"2\" style=\"border-bottom-left-radius: 1.5rem;\">M\u00aa del Pino Montesdeoca Cubas (coordinadora)<\/td>\n      <td colspan=\"2\">Pr\u00e1cticas externas I<\/td>\n      <td colspan=\"2\">B3-09<\/td>\n      <td colspan=\"2\">(922) 31-75-74<\/td>\n      <td colspan=\"2\" style=\"border-bottom-right-radius: 1.5rem;\"><a href=\"mailto:mapimont@ull.es\" target=\"_blank\" rel=\"noopener\">mapimont@ull.es<\/a><\/td>\n    <\/tr>\n  <\/tbody>\n<\/table>\n\n\n\n<h2 class=\"wp-block-heading\"><span style=\"color: #03256c;\" class=\"stk-highlight\">Grado en Estudios Franc\u00f3fonos Aplicados<\/span><\/h2>\n\n\n\n<table class=\"table table-bordered table-striped align-middle text-center shadow\" style=\"border-collapse: separate; border-spacing: 0; box-shadow: 0 0.5rem 1rem rgba(0,0,0,0.15); border-radius:2rem;\">\n  <thead style=\"background-color: #03256C; color: #fff;\">\n    <tr>\n      <th scope=\"col\" colspan=\"2\" style=\"text-align:center; border-top-left-radius: 1.5rem;\">Tutor<\/th>\n      <th scope=\"col\" colspan=\"2\" style=\"text-align:center;\">Asignatura<\/th>\n      <th scope=\"col\" colspan=\"2\" style=\"text-align:center;\">Despacho<\/th>\n      <th scope=\"col\" colspan=\"2\" style=\"text-align:center;\">Tel\u00e9fono<\/th>\n      <th scope=\"col\" colspan=\"2\" style=\"text-align:center; border-top-right-radius: 1.5rem;\">Correo<\/th>\n    <\/tr>\n  <\/thead>\n  <tbody>\n    <tr>\n      <td colspan=\"2\">Patricia Pareja R\u00edos<\/td>\n      <td colspan=\"2\">Pr\u00e1cticas externas I<\/td>\n      <td colspan=\"2\">B3-19<\/td>\n      <td colspan=\"2\">(922) 31-78-52<\/td>\n      <td colspan=\"2\"><a href=\"mailto:pprios@ull.es\" target=\"_blank\" rel=\"noopener\">pprios@ull.es<\/a><\/td>\n    <\/tr>\n    <tr>\n      <td colspan=\"2\" style=\"border-bottom-left-radius: 1.5rem;\">Pearl Michel<\/td>\n      <td colspan=\"2\">Pr\u00e1cticas externas II<\/td>\n      <td colspan=\"2\">B3-21<\/td>\n      <td colspan=\"2\">(922) 31-79-30<\/td>\n      <td colspan=\"2\" style=\"border-bottom-right-radius: 1.5rem;\"><a href=\"mailto:pemichel@ull.es\" target=\"_blank\" rel=\"noopener\">pemichel@ull.es<\/a><\/td>\n    <\/tr>\n    <tr>\n      <td colspan=\"2\" style=\"border-bottom-left-radius: 1.5rem;\">Rafael Padr\u00f3n Fern\u00e1ndez<\/td>\n      <td colspan=\"2\">Pr\u00e1cticas externas III<\/td>\n      <td colspan=\"2\">A1-07A<\/td>\n      <td colspan=\"2\">(922) 31-74-39<\/td>\n      <td colspan=\"2\" style=\"border-bottom-right-radius: 1.5rem;\"><a href=\"mailto:rpadron@ull.es\" target=\"_blank\" rel=\"noopener\">rpadron@ull.es<\/a><\/td>\n    <\/tr>\n  <\/tbody>\n<\/table>\n\n\n\n<div class=\"wp-block-stackable-spacer stk-block-spacer stk--no-padding stk-block stk-dec1e78\" data-block-id=\"dec1e78\"><\/div>\n\n\n\n<p><a href=\"https:\/\/drive.google.com\/open?id=1IV10RUCkJGb8nRnJ1CGzrMCJkNg3gg4F\" target=\"_blank\" rel=\"noreferrer noopener\" target=\"_blank\" rel=\"noopener\">MODELO DE MEMORIA DE PR\u00c1CTICAS EXTERNAS<\/a><\/p>\n\n\n\n<p>Importante: En el momento de su presentaci\u00f3n, deber\u00e1 entregarse al tutor acad\u00e9mico una copia de la Memoria en papel y otra en formato PDF.<\/p>\n\n\n\n<p><a href=\"https:\/\/drive.google.com\/file\/d\/1dMhWaJVilIUmWjmwzXTMZttgi97ARmHy\/view?usp=sharing\" target=\"_blank\" rel=\"noreferrer noopener\" target=\"_blank\" rel=\"noopener\">PROTOCOLO DE PETICI\u00d3N \u00b4DE CERTIFICADO DE DELITOS SEXUALES\u2019<\/a><\/p>\n\n\n\n<ul class=\"wp-block-list\">\n<li><a href=\"https:\/\/sede.mjusticia.gob.es\/es\/tramites\/certificado-registro-central\" target=\"_blank\" rel=\"noreferrer noopener\" target=\"_blank\" rel=\"noopener\">Solicitud de certificado de delitos sexuales<\/a><\/li>\n<\/ul>\n\n\n\n<p><a href=\"https:\/\/drive.google.com\/file\/d\/12JkOFts0y54lAE4Fc1tLMy8aR6NFkATu\/view?usp=drive_link\" target=\"_blank\" rel=\"noreferrer noopener\" target=\"_blank\" rel=\"noopener\">Procedimiento para solicitar el n\u00famero de cotizaci\u00f3n a la Seguridad Social<\/a><\/p>\n\n\n\n<details class=\"wp-block-stackable-accordion stk-block-accordion stk-inner-blocks stk-block-content stk-block stk-36fa596 is-style-default\" id=\"normativas\" data-block-id=\"36fa596\"><style>.stk-36fa596 {border-style:solid !important;border-top-width:0px !important;border-right-width:0px !important;border-bottom-width:1px !important;border-left-width:0px !important;margin-bottom:11px !important;}<\/style>\n<summary class=\"wp-block-stackable-column stk-block-column stk-column stk-block stk-fd3b30a stk--container-small stk-block-accordion__heading\" data-v=\"4\" data-block-id=\"fd3b30a\"><style>.stk-fd3b30a {padding-top:2px !important;padding-right:2px !important;padding-bottom:2px !important;padding-left:2px !important;}<\/style><div class=\"stk-column-wrapper stk-block-column__content stk-container stk-fd3b30a-container stk--no-background stk--no-padding\"><div class=\"stk-block-content stk-inner-blocks stk-fd3b30a-inner-blocks\">\n<div class=\"wp-block-stackable-icon-label stk-block-icon-label stk-block stk-54131fe\" data-block-id=\"54131fe\"><style>.stk-54131fe .stk-inner-blocks{gap:39px !important;}@media screen and (max-width: 1023px){.stk-54131fe .stk-inner-blocks{gap:39px !important;}}@media screen and (max-width: 767px){.stk-54131fe .stk-inner-blocks{gap:39px !important;}}<\/style><div class=\"stk-row stk-inner-blocks stk-block-content\">\n<div class=\"wp-block-stackable-icon stk-block-icon stk-block stk-f6f2ce3\" data-block-id=\"f6f2ce3\"><style>.stk-f6f2ce3 .stk--svg-wrapper .stk--inner-svg svg:last-child{height:25px !important;width:25px !important;}.stk-f6f2ce3 .stk--svg-wrapper .stk--inner-svg svg:last-child, .stk-f6f2ce3 .stk--svg-wrapper .stk--inner-svg svg:last-child :is(g, path, rect, polygon, ellipse){fill:#03256c !important;}<\/style><span class=\"stk--svg-wrapper stk--has-icon2\"><div class=\"stk--inner-svg\"><svg style=\"height:0;width:0\"><defs><linearGradient id=\"linear-gradient-f6f2ce3\" x1=\"0\" x2=\"100%\" y1=\"0\" y2=\"0\"><stop offset=\"0%\" style=\"stop-opacity:1;stop-color:var(--linear-gradient-f-6-f-2-ce-3-color-1)\"><\/stop><stop offset=\"100%\" style=\"stop-opacity:1;stop-color:var(--linear-gradient-f-6-f-2-ce-3-color-2)\"><\/stop><\/linearGradient><\/defs><\/svg><svg xmlns=\"http:\/\/www.w3.org\/2000\/svg\" viewBox=\"0 0 448 512\" aria-hidden=\"true\" width=\"32\" height=\"32\"><path d=\"M96 0C43 0 0 43 0 96V416c0 53 43 96 96 96H384h32c17.7 0 32-14.3 32-32s-14.3-32-32-32V384c17.7 0 32-14.3 32-32V32c0-17.7-14.3-32-32-32H384 96zm0 384H352v64H96c-17.7 0-32-14.3-32-32s14.3-32 32-32zm32-240c0-8.8 7.2-16 16-16H336c8.8 0 16 7.2 16 16s-7.2 16-16 16H144c-8.8 0-16-7.2-16-16zm16 48H336c8.8 0 16 7.2 16 16s-7.2 16-16 16H144c-8.8 0-16-7.2-16-16s7.2-16 16-16z\"><\/path><\/svg><\/div><div class=\"stk--inner-svg stk--icon-2\" style=\"display:none\"><svg style=\"height:0;width:0\"><defs><linearGradient id=\"linear-gradient-f6f2ce3\" x1=\"0\" x2=\"100%\" y1=\"0\" y2=\"0\"><stop offset=\"0%\" style=\"stop-opacity:1;stop-color:var(--linear-gradient-f-6-f-2-ce-3-color-1)\"><\/stop><stop offset=\"100%\" style=\"stop-opacity:1;stop-color:var(--linear-gradient-f-6-f-2-ce-3-color-2)\"><\/stop><\/linearGradient><\/defs><\/svg><svg xmlns=\"http:\/\/www.w3.org\/2000\/svg\" viewBox=\"0 0 576 512\" aria-hidden=\"true\" width=\"32\" height=\"32\"><path d=\"M249.6 471.5c10.8 3.8 22.4-4.1 22.4-15.5V78.6c0-4.2-1.6-8.4-5-11C247.4 52 202.4 32 144 32C93.5 32 46.3 45.3 18.1 56.1C6.8 60.5 0 71.7 0 83.8V454.1c0 11.9 12.8 20.2 24.1 16.5C55.6 460.1 105.5 448 144 448c33.9 0 79 14 105.6 23.5zm76.8 0C353 462 398.1 448 432 448c38.5 0 88.4 12.1 119.9 22.6c11.3 3.8 24.1-4.6 24.1-16.5V83.8c0-12.1-6.8-23.3-18.1-27.6C529.7 45.3 482.5 32 432 32c-58.4 0-103.4 20-123 35.6c-3.3 2.6-5 6.8-5 11V456c0 11.4 11.7 19.3 22.4 15.5z\"><\/path><\/svg><\/div><\/span><\/div>\n\n\n\n<div class=\"wp-block-stackable-heading stk-block-heading stk-block-heading--v2 stk-block stk-6a62f54\" id=\"span-style-color-000000-class-stk-highlight-normativa-span\" data-block-id=\"6a62f54\"><style>.stk-6a62f54 .stk-block-heading__text{color:#000000 !important;font-weight:500 !important;font-family:\"ArgentumSans\", Sans-serif !important;}<\/style><h4 class=\"stk-block-heading__text has-text-color\"><span style=\"color: #000000;\" class=\"stk-highlight\">Normativa<\/span><\/h4><\/div>\n<\/div><\/div>\n<\/div><\/div><\/summary>\n\n\n\n<div class=\"wp-block-stackable-column stk-block-column stk-column stk-block stk-8bbe691 stk-block-accordion__content\" data-v=\"4\" data-block-id=\"8bbe691\"><style>.stk-8bbe691 {margin-top:-30px !important;}<\/style><div class=\"stk-column-wrapper stk-block-column__content stk-container stk-8bbe691-container stk--no-background stk--no-padding\"><div class=\"stk-block-content stk-inner-blocks stk-8bbe691-inner-blocks\">\n<div class=\"wp-block-stackable-text stk-block-text stk-block stk-5ad639b\" data-block-id=\"5ad639b\"><p class=\"stk-block-text__text\"><a href=\"https:\/\/www.ull.es\/estudios-docencia\/practicas-externas\/#normativa\" target=\"_blank\" rel=\"noreferrer noopener\" target=\"_blank\" rel=\"noopener\">La normativa universitaria general, nacional, auton\u00f3mica y propia de la ULL.<\/a><\/p><\/div>\n\n\n\n<p><a href=\"https:\/\/sede.ull.es\/ecivilis-site\/bulletinBoard\/showBulletin\/44901:1\" target=\"_blank\" rel=\"noreferrer noopener\" target=\"_blank\" rel=\"noopener\">Reglamento de pr\u00e1cticas externas de la Universidad de La Laguna (Aprobado en Consejo de Gobierno de 13 de mayo de 2022, modificado en Consejo de Gobierno de 31 de mayo de 2023, modificado en Consejo de Gobierno de 26 de julio de 2023 y modificado en Consejo de Gobierno el 12 de diciembre de 2024)<\/a><\/p>\n<\/div><\/div><\/div>\n<\/details>\n<\/div><\/div><\/div>\n<\/div><\/div>\n","protected":false},"excerpt":{"rendered":"<p>Pr\u00e1cticas Externas Coordinador de las pr\u00e1cticas externas de la Secci\u00f3n de Filolog\u00eda: Vicedecano: Carlos Brito D\u00edaz&nbsp;filvicla@ull.edu.es Comisi\u00f3n de Pr\u00e1cticas Externas de la Secci\u00f3n de Filolog\u00eda Comisi\u00f3n de Orientaci\u00f3n Profesional y Pr\u00e1cticas Externas Vicedecano Carlos Brito D\u00edaz Grado de Estudios Cl\u00e1sicos Carolina Real TorresJos\u00e9 Antonio Gonz\u00e1lez Marrero Grado de Estudios Franc\u00f3fonos Aplicados Patricia Pareja R\u00edosPearl MichelRafael&#8230;<\/p>\n","protected":false},"author":1,"featured_media":0,"parent":270,"menu_order":4,"comment_status":"closed","ping_status":"closed","template":"templates\/template-frontpage.php","meta":{"footnotes":""},"class_list":["post-227","page","type-page","status-publish","hentry"],"_links":{"self":[{"href":"https:\/\/www.ull.es\/grados\/frances-e-ingles\/wp-json\/wp\/v2\/pages\/227","targetHints":{"allow":["GET"]}}],"collection":[{"href":"https:\/\/www.ull.es\/grados\/frances-e-ingles\/wp-json\/wp\/v2\/pages"}],"about":[{"href":"https:\/\/www.ull.es\/grados\/frances-e-ingles\/wp-json\/wp\/v2\/types\/page"}],"author":[{"embeddable":true,"href":"https:\/\/www.ull.es\/grados\/frances-e-ingles\/wp-json\/wp\/v2\/users\/1"}],"replies":[{"embeddable":true,"href":"https:\/\/www.ull.es\/grados\/frances-e-ingles\/wp-json\/wp\/v2\/comments?post=227"}],"version-history":[{"count":158,"href":"https:\/\/www.ull.es\/grados\/frances-e-ingles\/wp-json\/wp\/v2\/pages\/227\/revisions"}],"predecessor-version":[{"id":1492,"href":"https:\/\/www.ull.es\/grados\/frances-e-ingles\/wp-json\/wp\/v2\/pages\/227\/revisions\/1492"}],"up":[{"embeddable":true,"href":"https:\/\/www.ull.es\/grados\/frances-e-ingles\/wp-json\/wp\/v2\/pages\/270"}],"wp:attachment":[{"href":"https:\/\/www.ull.es\/grados\/frances-e-ingles\/wp-json\/wp\/v2\/media?parent=227"}],"curies":[{"name":"wp","href":"https:\/\/api.w.org\/{rel}","templated":true}]}}