{"id":35,"date":"2017-06-28T12:58:08","date_gmt":"2017-06-28T12:58:08","guid":{"rendered":"http:\/\/www.ull.es\/masteres\/desarrollo-y-gestion-de-recursos-humanos\/?page_id=26"},"modified":"2025-12-02T13:52:18","modified_gmt":"2025-12-02T13:52:18","slug":"descripcion-del-titulo","status":"publish","type":"page","link":"https:\/\/www.ull.es\/grados\/geografia-ordenacion-del-territorio\/fr\/informacion-academica\/descripcion-del-titulo\/","title":{"rendered":"Description du titre"},"content":{"rendered":"\n<div class=\"wp-block-stackable-columns alignfull stk-block-columns stk-block stk-8657999\" data-block-id=\"8657999\"><style>.stk-8657999 {padding-bottom:0px !important;margin-top:-30px !important;margin-bottom:0px !important;}@media screen and (max-width: 767px){.stk-8657999 {margin-top:-10% !important;}}<\/style><div class=\"stk-row stk-inner-blocks stk-block-content stk-content-align stk-8657999-column alignfull\">\n<div class=\"wp-block-stackable-column stk-block-column stk-column stk-block stk-914f03e\" data-v=\"4\" data-block-id=\"914f03e\"><div class=\"stk-column-wrapper stk-block-column__content stk-container stk-914f03e-container stk--no-background stk--no-padding\"><div class=\"stk-block-content stk-inner-blocks stk-914f03e-inner-blocks\"><style id=\"depicter-1-inline-pre-css\">\n\n.depicter-1:not(.depicter-ready){\n\theight:500px;\n}\n\n\/***** Tablet *****\/\n@media screen and (max-width: 1024px){\n\n.depicter-1:not(.depicter-ready){\n\theight:700px;\n}\n\n}\n\/***** Mobile *****\/\n@media screen and (max-width: 767px){\n\n.depicter-1:not(.depicter-ready){\n\theight:360px;\n}\n\n}\n<\/style>\n<div id=\"depicter-1\" class=\"depicter depicter-document depicter-revert depicter-1 depicter-layout-fullwidth\">\n\n<div class=\"depicter-loading-container depicter-loading dotFlashing-dark\"><div class=\"depicter-loading-dark depicter-dot-flashing\">\n   <span><\/span>\n   <span><\/span>\n   <span><\/span>\n<\/div>\n<\/div>\n<div id=\"depicter-1-section-1\" class=\"depicter-section depicter-1-section-1\" data-name=\"Section 1\" data-type=\"section\" data-local-id=\"section-1\">\n<picture class=\"depicter-bg\">\n<source data-depicter-srcset=\"https:\/\/www.ull.es\/grados\/geografia-ordenacion-del-territorio\/wp-content\/uploads\/sites\/42\/2025\/04\/Slider_Geografia-768x248.jpg, https:\/\/www.ull.es\/grados\/geografia-ordenacion-del-territorio\/wp-content\/uploads\/sites\/42\/2025\/04\/Slider_Geografia.jpg 2x\" srcset=\"data:image\/gif;base64,R0lGODlhAQABAIAAAAAAAP\/\/\/yH5BAEAAAAALAAAAAABAAEAAAIBRAA7\" media=\"(max-width: 1024px)\" \/>\n\n<source data-depicter-srcset=\"https:\/\/www.ull.es\/grados\/geografia-ordenacion-del-territorio\/wp-content\/uploads\/sites\/42\/2025\/04\/Slider_Geografia.jpg, https:\/\/www.ull.es\/grados\/geografia-ordenacion-del-territorio\/wp-content\/uploads\/sites\/42\/2025\/04\/Slider_Geografia-1920x620.jpg 2x\" srcset=\"data:image\/gif;base64,R0lGODlhAQABAIAAAAAAAP\/\/\/yH5BAEAAAAALAAAAAABAAEAAAIBRAA7\" media=\"(min-width: 1025px)\" \/>\n<img decoding=\"async\" src=\"data:image\/gif;base64,R0lGODlhAQABAIAAAAAAAP\/\/\/yH5BAEAAAAALAAAAAABAAEAAAIBRAA7\" data-ken-burns=\"false\" data-tablet-ken-burns=\"false\" data-mobile-ken-burns=\"false\" alt=\"\" data-depicter-src=\"https:\/\/www.ull.es\/grados\/geografia-ordenacion-del-territorio\/wp-content\/uploads\/sites\/42\/2025\/04\/Slider_Geografia.jpg\" data-object-fit=\"custom,custom,\" data-object-position=\"center top,,\" data-crop=\"{'focalPoint':{'x':0.5,'y':0.5},'mediaSize':{'width':1393.54838709677414954057894647121429443359375,'height':450}}\" data-tablet-crop=\"{'focalPoint':{'x':0.5,'y':0.5},'mediaSize':{'width':2167.7419354838712024502456188201904296875,'height':700.0000000000001136868377216160297393798828125}}\" data-mobile-crop=\"{'focalPoint':{'x':0.5,'y':0.5},'mediaSize':{'width':1114.8387096774195015314035117626190185546875,'height':360}}\" \/>\n<\/picture>\n\n\n<h1 id=\"depicter-1-element-5\" class=\"depicter-element depicter-layer depicter-1-element-5\" data-type=\"text\" data-wrap=\"true\" data-name=\"Text 2\" data-local-id=\"element-5\" data-offset=\"x:72px;y:159px;origin:tl\" data-tablet-offset=\"x:211px;y:293px;origin:tl\" data-mobile-offset=\"x:6px;y:-220px;origin:tl\" data-width=\"1113px,598px,348px\" data-height=\"auto,auto,auto\" data-responsive-scale=\"true,,\">Grado en Geograf\u00eda y Ordenaci\u00f3n del Territorio<\/h1>\n\n<div id=\"depicter-1-element-10\" class=\"depicter-element depicter-layer depicter-1-element-10\" data-type=\"shape\" data-wrap=\"true\" data-name=\"Shape 1\" data-local-id=\"element-10\" data-offset=\"x:72px;y:358px;origin:tl\" data-tablet-offset=\"x:221px;y:413px;origin:tl\" data-mobile-offset=\"x:6px;y:15px;origin:tl\" data-width=\"1027px,580px,309px\" data-height=\"8px,8px,8px\" data-responsive-scale=\"true,,\"><\/div>\n<\/div>\n<\/div>\n<script>\n(window.depicterSetups = window.depicterSetups || []).push(function(){\n\tDepicter.basePath = 'https:\/\/www.ull.es\/grados\/geografia-ordenacion-del-territorio\/wp-content\/plugins\/depicter\/resources\/scripts\/player\/';\n\tconst dpPlayer = Depicter.setup('.depicter-1',\n\t\t{\"width\":[\"1200\",\"1024\",\"360\"],\"height\":[\"500\",\"700\",\"360\"],\"view\":\"basic\",\"keepAspectRatio\":true,\"preload\":0,\"layout\":\"fullwidth\",\"rtl\":false,\"initAfterAppear\":false,\"ajaxApiUrl\":\"https:\\\/\\\/www.ull.es\\\/grados\\\/geografia-ordenacion-del-territorio\\\/wp-admin\\\/admin-ajax.php\",\"mouseSwipe\":true,\"touchSwipe\":true,\"useWatermark\":false}\n\t);\n});\n<\/script><\/div><\/div><\/div>\n<\/div><\/div>\n\n\n\n<div class=\"wp-block-stackable-columns alignfull stk-block-columns stk--hide-mobile stk-block stk-ceecbdc stk-block-background\" data-block-id=\"ceecbdc\"><style>.stk-ceecbdc {background-color:#360060 !important;padding-top:35px !important;padding-right:0px !important;padding-bottom:2px !important;padding-left:0px !important;margin-top:-20px !important;margin-bottom:70px !important;}.stk-ceecbdc:before{background-color:#360060 !important;}<\/style><div class=\"stk-row stk-inner-blocks stk-block-content stk-content-align stk-ceecbdc-column alignfull\">\n<div class=\"wp-block-stackable-column stk-block-column stk-column stk-block stk-fc60a5d\" data-v=\"4\" data-block-id=\"fc60a5d\"><div class=\"stk-column-wrapper stk-block-column__content stk-container stk-fc60a5d-container stk--no-background stk--no-padding\"><div class=\"stk-block-content stk-inner-blocks stk-fc60a5d-inner-blocks\">\n<div class=\"wp-block-stackable-spacer stk-block-spacer stk--no-padding stk-block stk-a3a8a68\" data-block-id=\"a3a8a68\"><style>.stk-a3a8a68 {height:0px !important;}<\/style><\/div>\n<\/div><\/div><\/div>\n<\/div><\/div>\n\n\n\n<div class=\"wp-block-stackable-columns alignwide stk-block-columns stk-block stk-3627255\" data-block-id=\"3627255\"><style>.stk-3627255 {padding-right:16% !important;padding-left:16% !important;margin-bottom:18px !important;}<\/style><div class=\"stk-row stk-inner-blocks stk-block-content stk-content-align stk-3627255-column alignwide\">\n<div class=\"wp-block-stackable-column stk-block-column stk-column stk-block stk-81e665a\" data-v=\"4\" data-block-id=\"81e665a\"><div class=\"stk-column-wrapper stk-block-column__content stk-container stk-81e665a-container stk--no-background stk--no-padding\"><div class=\"stk-block-content stk-inner-blocks stk-81e665a-inner-blocks\">\n<div class=\"wp-block-stackable-heading stk-block-heading stk-block-heading--v2 stk-block stk-97878e6\" id=\"descripcion-del-titulo\" data-block-id=\"97878e6\"><style>.stk-97878e6 .stk-block-heading__text{color:#5c068c !important;}<\/style><h1 class=\"stk-block-heading__text has-text-color\">Descripci\u00f3n del t\u00edtulo<\/h1><\/div>\n\n\n\n<style>\n.hoverable {\n  transition: transform 0.3s, box-shadow 0.3s;\n  cursor: pointer;\n}\n.hoverable:hover {\n  transform: scale(1.02);\n  box-shadow: 0 0.5rem 1rem rgba(0,0,0,0.25);\n  \/* Mantiene el color de fondo original *\/\n}\n<\/style>\n\n<!-- Tabla general con estilo similar -->\n<table class=\"table table-bordered table-striped align-middle text-center shadow-sm rounded overflow-hidden table-hover-effect\" style=\"border-collapse: separate; border-spacing: 0; box-shadow: 0 0.5rem 1rem rgba(0,0,0,0.15); border-radius:2rem; width:100%;\">\n  <tbody>\n    <tr style=\"background-color:#360060; color:#fff;\">\n      <td class=\"hoverable fw-bold\" style=\"width:30%; border-top-left-radius: 1.5rem; font-weight:bold;\">Nombre del t\u00edtulo:<\/td>\n      <td class=\"hoverable\" style=\"border-top-right-radius: 1.5rem; font-weight:bold;\">Graduado o Graduada en Geograf\u00eda y Ordenaci\u00f3n del Territorio por la Universidad de La Laguna<\/td>\n    <\/tr>\n    <tr style=\"background-color:#f8f9fa;\">\n      <td class=\"hoverable fw-bold\" style=\"font-weight:bold;\">Universidad y centros responsables:<\/td>\n      <td class=\"hoverable\">Universidad de La Laguna. Facultad de Humanidades (Secci\u00f3n de Geograf\u00eda e Historia).<\/a><\/td>\n    <\/tr>\n    <tr style=\"background-color:#fff;\">\n      <td class=\"hoverable fw-bold\" style=\"font-weight:bold;\">Modalidad de ense\u00f1anza:<\/td>\n      <td class=\"hoverable\">Presencial<\/td>\n    <\/tr>\n    <tr style=\"background-color:#f8f9fa;\">\n      <td class=\"hoverable fw-bold\" style=\"font-weight:bold;\">Lugar de impartici\u00f3n<\/td>\n     <td class=\"hoverable\"><a href=\"https:\/\/www.ull.es\/centros\/facultad-humanidades\" target=\"_blank\" rel=\"noopener\">Facultad de Humanidades<\/a><\/td>\n    <\/tr>\n    <tr style=\"background-color:#fff;\">\n      <td class=\"hoverable fw-bold\" width=\"30%\" style=\"font-weight:bold;\">Plazas ofertadas:<\/td>\n      <td class=\"hoverable\" width=\"70%\">80 plazas de nuevo ingreso<\/td>\n    <\/tr>\n    <tr style=\"background-color:#f8f9fa;\">\n      <td class=\"hoverable fw-bold\" style=\"font-weight:bold;\">N\u00famero de cr\u00e9ditos:<\/td>\n      <td class=\"hoverable\">240 ECTS N\u00famero M\u00ednimo de Cr\u00e9ditos ECTS por Estudiante y Periodo Lectivo: 30 ECTS por curso para estudiantes de nuevo ingreso en la modalidad de tiempo parcial (15% de plazas destinadas a esta modalidad).<\/td>\n    <\/tr>\n    <tr style=\"background-color:#fff;\">\n      <td class=\"hoverable fw-bold\" style=\"font-weight:bold;\">Duraci\u00f3n del t\u00edtulo<\/td>\n      <td class=\"hoverable\">4 a\u00f1os<\/td>\n    <\/tr>\n    <tr style=\"background-color:#fff;\">\n      <td class=\"hoverable fw-bold\" style=\"font-weight:bold;\">Idiomas en los que se imparte:<\/td>\n      <td class=\"hoverable\">Espa\u00f1ol e Ingl\u00e9s<\/td>\n    <\/tr>\n    <tr style=\"background-color:#f8f9fa;\">\n      <td class=\"hoverable fw-bold\" style=\"border-bottom-left-radius: 1.5rem; font-weight:bold;\">Justificaci\u00f3n del t\u00edtulo<\/td>\n      <td class=\"hoverable\" style=\"border-bottom-right-radius: 1.5rem;\"><a href=\"https:\/\/drive.google.com\/open?id=1gcRYbc6KjC_2ZuLIiMAV01GsKG9_QKYY\" target=\"_blank\" rel=\"noopener\">Acceso a la justificaci\u00f3n<\/a><\/td>\n    <\/tr>\n  <\/tbody>\n<\/table>\n\n\n\n<h3 class=\"wp-block-heading\">Denominaci\u00f3n<\/h3>\n\n\n\n<p>Graduado\/Graduada en Geograf\u00eda y Ordenaci\u00f3n del Territorio por la Universidad de La Laguna.<\/p>\n\n\n\n<h3 class=\"wp-block-heading\"><strong>Centro responsable de la ense\u00f1anza conducente al t\u00edtulo<\/strong><\/h3>\n\n\n\n<p>Facultad de Geograf\u00eda e Historia.<br>Universidad de La Laguna (ULL).<\/p>\n\n\n\n<h3 class=\"wp-block-heading\"><strong>Tipo de ense\u00f1anza<\/strong><\/h3>\n\n\n\n<p>Las ense\u00f1anzas se impartir\u00e1n en modalidad presencial, combinadas con la docencia virtual a trav\u00e9s de la plataforma Moodle.<\/p>\n\n\n\n<h3 class=\"wp-block-heading\"><strong>N\u00famero de plazas de nuevo ingreso ofertadas<\/strong><\/h3>\n\n\n\n<p>N\u00famero de plazas de nuevo ingreso: 80<\/p>\n\n\n\n<h3 class=\"wp-block-heading\"><strong>N\u00famero de cr\u00e9ditos de matr\u00edcula por estudiante y per\u00edodo lectivo y, en su caso, normas de permanencia<\/strong><\/h3>\n\n\n\n<ul class=\"wp-block-list\">\n<li>60 para el alumnado matriculados a tiempo completo<\/li>\n\n\n\n<li>30 para el alumnado matriculados a tiempo parcial. Esta modalidad est\u00e1 pensada, principalmente, para aquel alumnado que desee compatibilizar estudios y trabajo. Las personas interesadas, deber\u00e1n presentar solicitud para este tipo de matr\u00edcula dentro de los plazos establecidos. Se prev\u00e9 que entre el 20 y el 30% de las plazas de nuevo ingreso, podr\u00e1n acogerse a este sistema. Si la demanda fuera superior a estos valores porcentuales, se har\u00e1 la selecci\u00f3n de acuerdo a los criterios habituales (nota de acceso, trabajo, residencia, etc.).<\/li>\n<\/ul>\n\n\n\n<p>Cuando se trate de la matr\u00edcula de continuaci\u00f3n de estudios, segundo a\u00f1o acad\u00e9mico y siguientes, las personas interesadas podr\u00e1n matricularse del n\u00famero de cr\u00e9ditos que deseen, atendiendo al l\u00edmite m\u00e1ximo establecido para la matr\u00edcula a tiempo completo de 60 cr\u00e9ditos.<\/p>\n\n\n\n<h4 class=\"wp-block-heading\"><strong>Resto de informaci\u00f3n necesaria para la expedici\u00f3n del Suplemento Europeo al t\u00edtulo de acuerdo con la normativa vigente<\/strong><\/h4>\n\n\n\n<p>El procedimiento para la expedici\u00f3n del Suplemento Europeo al T\u00edtulo se ajustar\u00e1 a lo establecido en el Real Decreto 1044\/2003, de 1 de agosto (BOE del 11 de septiembre de 2003). En concreto, en dicho Suplemento se indicar\u00e1:<\/p>\n\n\n\n<ul class=\"wp-block-list\">\n<li>Rama de conocimiento: Ciencias Sociales y Jur\u00eddicas<\/li>\n\n\n\n<li>Naturaleza de la Instituci\u00f3n: Universidad P\u00fablica<\/li>\n\n\n\n<li>Naturaleza del Centro: Facultad Propia de la Universidad<\/li>\n<\/ul>\n\n\n\n<p>Este t\u00edtulo est\u00e1 relacionado a trav\u00e9s de las asignaturas b\u00e1sicas con otras materias distintas de la Geograf\u00eda pertenecientes a la misma rama de conocimiento: Derecho, Econom\u00eda, Estad\u00edstica, Comunicaci\u00f3n, Sociolog\u00eda e Historia.<\/p>\n\n\n\n<p>Profesiones para que las que capacita una vez obtenido el t\u00edtulo: Las personas egresadas en este t\u00edtulo son consideradas ge\u00f3grafas, con una preparaci\u00f3n espec\u00edfica en ordenaci\u00f3n del territorio, dirigida a conseguir una mayor competencia profesional en el campo de la gesti\u00f3n y ordenaci\u00f3n territorial.<\/p>\n\n\n\n<h4 class=\"wp-block-heading\"><strong>Idioma en el que se imparte el t\u00edtulo<\/strong><\/h4>\n\n\n\n<p>Espa\u00f1ol e Ingl\u00e9s.<\/p>\n<\/div><\/div><\/div>\n<\/div><\/div>\n","protected":false},"excerpt":{"rendered":"<p>Descripci\u00f3n del t\u00edtulo Nombre del t\u00edtulo: Graduado o Graduada en Geograf\u00eda y Ordenaci\u00f3n del Territorio por la Universidad de La Laguna Universidad y centros responsables: Universidad de La Laguna. Facultad de Humanidades (Secci\u00f3n de Geograf\u00eda e Historia). Modalidad de ense\u00f1anza: Presencial Lugar de impartici\u00f3n Facultad de Humanidades Plazas ofertadas: 80 plazas de nuevo ingreso N\u00famero&#8230;<\/p>","protected":false},"author":1,"featured_media":0,"parent":252,"menu_order":0,"comment_status":"closed","ping_status":"closed","template":"templates\/template-frontpage.php","meta":{"footnotes":""},"class_list":["post-35","page","type-page","status-publish","hentry"],"_links":{"self":[{"href":"https:\/\/www.ull.es\/grados\/geografia-ordenacion-del-territorio\/fr\/wp-json\/wp\/v2\/pages\/35","targetHints":{"allow":["GET"]}}],"collection":[{"href":"https:\/\/www.ull.es\/grados\/geografia-ordenacion-del-territorio\/fr\/wp-json\/wp\/v2\/pages"}],"about":[{"href":"https:\/\/www.ull.es\/grados\/geografia-ordenacion-del-territorio\/fr\/wp-json\/wp\/v2\/types\/page"}],"author":[{"embeddable":true,"href":"https:\/\/www.ull.es\/grados\/geografia-ordenacion-del-territorio\/fr\/wp-json\/wp\/v2\/users\/1"}],"replies":[{"embeddable":true,"href":"https:\/\/www.ull.es\/grados\/geografia-ordenacion-del-territorio\/fr\/wp-json\/wp\/v2\/comments?post=35"}],"version-history":[{"count":37,"href":"https:\/\/www.ull.es\/grados\/geografia-ordenacion-del-territorio\/fr\/wp-json\/wp\/v2\/pages\/35\/revisions"}],"predecessor-version":[{"id":1317,"href":"https:\/\/www.ull.es\/grados\/geografia-ordenacion-del-territorio\/fr\/wp-json\/wp\/v2\/pages\/35\/revisions\/1317"}],"up":[{"embeddable":true,"href":"https:\/\/www.ull.es\/grados\/geografia-ordenacion-del-territorio\/fr\/wp-json\/wp\/v2\/pages\/252"}],"wp:attachment":[{"href":"https:\/\/www.ull.es\/grados\/geografia-ordenacion-del-territorio\/fr\/wp-json\/wp\/v2\/media?parent=35"}],"curies":[{"name":"wp","href":"https:\/\/api.w.org\/{rel}","templated":true}]}}