{"id":33,"date":"2017-06-28T12:48:33","date_gmt":"2017-06-28T12:48:33","guid":{"rendered":"http:\/\/www.ull.es\/masteres\/desarrollo-y-gestion-de-recursos-humanos\/?page_id=20"},"modified":"2025-12-03T08:49:53","modified_gmt":"2025-12-03T08:49:53","slug":"trabajo-fin-de-grado","status":"publish","type":"page","link":"https:\/\/www.ull.es\/grados\/geografia-ordenacion-del-territorio\/plan-de-estudios\/trabajo-fin-de-grado\/","title":{"rendered":"Trabajo Fin de Grado"},"content":{"rendered":"\n<div class=\"wp-block-stackable-columns alignfull stk-block-columns stk-block stk-8657999\" data-block-id=\"8657999\"><style>.stk-8657999 {padding-bottom:0px !important;margin-top:-30px !important;margin-bottom:0px !important;}@media screen and (max-width: 767px){.stk-8657999 {margin-top:-10% !important;}}<\/style><div class=\"stk-row stk-inner-blocks stk-block-content stk-content-align stk-8657999-column alignfull\">\n<div class=\"wp-block-stackable-column stk-block-column stk-column stk-block stk-914f03e\" data-v=\"4\" data-block-id=\"914f03e\"><div class=\"stk-column-wrapper stk-block-column__content stk-container stk-914f03e-container stk--no-background stk--no-padding\"><div class=\"stk-block-content stk-inner-blocks stk-914f03e-inner-blocks\"><style id=\"depicter-1-inline-pre-css\">\n\n.depicter-1:not(.depicter-ready){\n\theight:500px;\n}\n\n\/***** Tablet *****\/\n@media screen and (max-width: 1024px){\n\n.depicter-1:not(.depicter-ready){\n\theight:700px;\n}\n\n}\n\/***** Mobile *****\/\n@media screen and (max-width: 767px){\n\n.depicter-1:not(.depicter-ready){\n\theight:360px;\n}\n\n}\n<\/style>\n<div id=\"depicter-1\" class=\"depicter depicter-document depicter-revert depicter-1 depicter-layout-fullwidth\">\n\n<div class=\"depicter-loading-container depicter-loading dotFlashing-dark\"><div class=\"depicter-loading-dark depicter-dot-flashing\">\n   <span><\/span>\n   <span><\/span>\n   <span><\/span>\n<\/div>\n<\/div>\n<div id=\"depicter-1-section-1\" class=\"depicter-section depicter-1-section-1\" data-name=\"Section 1\" data-type=\"section\" data-local-id=\"section-1\">\n<picture class=\"depicter-bg\">\n<source data-depicter-srcset=\"https:\/\/www.ull.es\/grados\/geografia-ordenacion-del-territorio\/wp-content\/uploads\/sites\/42\/2025\/04\/Slider_Geografia-768x248.jpg, https:\/\/www.ull.es\/grados\/geografia-ordenacion-del-territorio\/wp-content\/uploads\/sites\/42\/2025\/04\/Slider_Geografia.jpg 2x\" srcset=\"data:image\/gif;base64,R0lGODlhAQABAIAAAAAAAP\/\/\/yH5BAEAAAAALAAAAAABAAEAAAIBRAA7\" media=\"(max-width: 1024px)\" \/>\n\n<source data-depicter-srcset=\"https:\/\/www.ull.es\/grados\/geografia-ordenacion-del-territorio\/wp-content\/uploads\/sites\/42\/2025\/04\/Slider_Geografia.jpg, https:\/\/www.ull.es\/grados\/geografia-ordenacion-del-territorio\/wp-content\/uploads\/sites\/42\/2025\/04\/Slider_Geografia-1920x620.jpg 2x\" srcset=\"data:image\/gif;base64,R0lGODlhAQABAIAAAAAAAP\/\/\/yH5BAEAAAAALAAAAAABAAEAAAIBRAA7\" media=\"(min-width: 1025px)\" \/>\n<img decoding=\"async\" src=\"data:image\/gif;base64,R0lGODlhAQABAIAAAAAAAP\/\/\/yH5BAEAAAAALAAAAAABAAEAAAIBRAA7\" data-ken-burns=\"false\" data-tablet-ken-burns=\"false\" data-mobile-ken-burns=\"false\" alt=\"\" data-depicter-src=\"https:\/\/www.ull.es\/grados\/geografia-ordenacion-del-territorio\/wp-content\/uploads\/sites\/42\/2025\/04\/Slider_Geografia.jpg\" data-object-fit=\"custom,custom,\" data-object-position=\"center top,,\" data-crop=\"{'focalPoint':{'x':0.5,'y':0.5},'mediaSize':{'width':1393.54838709677414954057894647121429443359375,'height':450}}\" data-tablet-crop=\"{'focalPoint':{'x':0.5,'y':0.5},'mediaSize':{'width':2167.7419354838712024502456188201904296875,'height':700.0000000000001136868377216160297393798828125}}\" data-mobile-crop=\"{'focalPoint':{'x':0.5,'y':0.5},'mediaSize':{'width':1114.8387096774195015314035117626190185546875,'height':360}}\" \/>\n<\/picture>\n\n\n<h1 id=\"depicter-1-element-5\" class=\"depicter-element depicter-layer depicter-1-element-5\" data-type=\"text\" data-wrap=\"true\" data-name=\"Text 2\" data-local-id=\"element-5\" data-offset=\"x:72px;y:159px;origin:tl\" data-tablet-offset=\"x:211px;y:293px;origin:tl\" data-mobile-offset=\"x:6px;y:-220px;origin:tl\" data-width=\"1113px,598px,348px\" data-height=\"auto,auto,auto\" data-responsive-scale=\"true,,\">Grado en Geograf\u00eda y Ordenaci\u00f3n del Territorio<\/h1>\n\n<div id=\"depicter-1-element-10\" class=\"depicter-element depicter-layer depicter-1-element-10\" data-type=\"shape\" data-wrap=\"true\" data-name=\"Shape 1\" data-local-id=\"element-10\" data-offset=\"x:72px;y:358px;origin:tl\" data-tablet-offset=\"x:221px;y:413px;origin:tl\" data-mobile-offset=\"x:6px;y:15px;origin:tl\" data-width=\"1027px,580px,309px\" data-height=\"8px,8px,8px\" data-responsive-scale=\"true,,\"><\/div>\n<\/div>\n<\/div>\n<script>\n(window.depicterSetups = window.depicterSetups || []).push(function(){\n\tDepicter.basePath = 'https:\/\/www.ull.es\/grados\/geografia-ordenacion-del-territorio\/wp-content\/plugins\/depicter\/resources\/scripts\/player\/';\n\tconst dpPlayer = Depicter.setup('.depicter-1',\n\t\t{\"width\":[\"1200\",\"1024\",\"360\"],\"height\":[\"500\",\"700\",\"360\"],\"view\":\"basic\",\"keepAspectRatio\":true,\"preload\":0,\"layout\":\"fullwidth\",\"rtl\":false,\"initAfterAppear\":false,\"ajaxApiUrl\":\"https:\\\/\\\/www.ull.es\\\/grados\\\/geografia-ordenacion-del-territorio\\\/wp-admin\\\/admin-ajax.php\",\"mouseSwipe\":true,\"touchSwipe\":true,\"useWatermark\":false}\n\t);\n});\n<\/script><\/div><\/div><\/div>\n<\/div><\/div>\n\n\n\n<div class=\"wp-block-stackable-columns alignfull stk-block-columns stk--hide-mobile stk-block stk-ceecbdc stk-block-background\" data-block-id=\"ceecbdc\"><style>.stk-ceecbdc {background-color:#360060 !important;padding-top:35px !important;padding-right:0px !important;padding-bottom:2px !important;padding-left:0px !important;margin-top:-20px !important;margin-bottom:70px !important;}.stk-ceecbdc:before{background-color:#360060 !important;}<\/style><div class=\"stk-row stk-inner-blocks stk-block-content stk-content-align stk-ceecbdc-column alignfull\">\n<div class=\"wp-block-stackable-column stk-block-column stk-column stk-block stk-fc60a5d\" data-v=\"4\" data-block-id=\"fc60a5d\"><div class=\"stk-column-wrapper stk-block-column__content stk-container stk-fc60a5d-container stk--no-background stk--no-padding\"><div class=\"stk-block-content stk-inner-blocks stk-fc60a5d-inner-blocks\">\n<div class=\"wp-block-stackable-spacer stk-block-spacer stk--no-padding stk-block stk-a3a8a68\" data-block-id=\"a3a8a68\"><style>.stk-a3a8a68 {height:0px !important;}<\/style><\/div>\n<\/div><\/div><\/div>\n<\/div><\/div>\n\n\n\n<div class=\"wp-block-stackable-columns stk-block-columns stk-block stk-8b59b96\" data-block-id=\"8b59b96\"><style>.stk-8b59b96 .stk--block-align-8b59b96{align-items:flex-start !important;}.stk-8b59b96 {margin-top:25px !important;}.stk-8b59b96-column{--stk-columns-spacing:0px !important;--stk-column-gap:50px !important;}@media screen and (max-width: 767px){.stk-8b59b96-column{row-gap:var(--stk--preset--spacing--60, 2.25rem) !important;}}<\/style><div class=\"stk-row stk-inner-blocks stk--block-align-8b59b96 stk-block-content stk-content-align stk-8b59b96-column\">\n<div class=\"wp-block-stackable-column stk-block-column stk-column stk-block stk-dbb7e15\" data-v=\"4\" data-block-id=\"dbb7e15\"><div class=\"stk-column-wrapper stk-block-column__content stk-container stk-dbb7e15-container stk--no-background stk--no-padding\"><div class=\"stk-block-content stk-inner-blocks stk-dbb7e15-inner-blocks\">\n<div class=\"wp-block-stackable-heading stk-block-heading stk-block-heading--v2 stk-block stk-689c258\" id=\"trabajo-de-fin-de-grado\" data-block-id=\"689c258\"><style>.stk-689c258 .stk-block-heading__text{color:#5c068c !important;}<\/style><h1 class=\"stk-block-heading__text has-text-color\">Trabajo de Fin de Grado<\/h1><\/div>\n\n\n\n<p>Tal como se especifica en la estructura de los Planes de Estudios en los Grados de Geograf\u00eda y Ordenaci\u00f3n del Territorio, en Historia y en Historia del Arte, impartidos actualmente en la Secci\u00f3n de Geograf\u00eda e Historia, los TFG son asignaturas de segundo cuatrimestre del cuarto a\u00f1o de los Grados.<\/p>\n\n\n\n<p>Ser\u00e1 en el curso acad\u00e9mico 2012\/2013 cuando se implante esta asignatura por primera vez en los tres Grados. Previamente han sido aprobados, por la Comisi\u00f3n de Calidad del Centro (09\/05\/2012) y ratificados por Junta de Facultad (10\/05\/2012), los reglamentos de TFG en los tres Grados, as\u00ed como los modelos de solicitud, evaluaci\u00f3n, etc., sujetos a las directrices generales de la ULL sobre TFG.<\/p>\n\n\n\n<p>El r\u00e9gimen de convocatorias de los TFG, al ser asignaturas del Plan de Estudios est\u00e1 regulado por la normativa general de convocatorias de la ULL, teniendo en cuenta las especificidades de la materia, tal como se recoge en los citados reglamentos.<\/p>\n\n\n\n<p>El Trabajo de Fin de Grado (TFG) consiste en la realizaci\u00f3n por parte del estudiantado, de forma individual, y bajo la direcci\u00f3n de uno o m\u00e1s tutores\/as, de un estudio de elaboraci\u00f3n propia y original vinculado a algunas de las materias impartidas en los tres Grados de la Secci\u00f3n de Geograf\u00eda e Historia. El alumnado deber\u00e1 demostrar haber adquirido los contenidos formativos, capacidades, competencias y habilidades para los que le capacitaba el Grado cursado. El alumnado deber\u00e1 desarrollar y presentar para su defensa un trabajo en que se constate su capacidad de interpretaci\u00f3n cr\u00edtica de datos, de acuerdo con los usos acad\u00e9micos, y una reflexi\u00f3n metodol\u00f3gica sobre el objeto de estudio amparado en la consulta bibliogr\u00e1fica pertinente.<\/p>\n\n\n\n<details class=\"wp-block-stackable-accordion stk-block-accordion stk-inner-blocks stk-block-content stk-block stk-fd58aad is-style-default\" id=\"organizacion-tfg\" data-block-id=\"fd58aad\"><style>.stk-fd58aad {border-style:solid !important;border-top-width:0px !important;border-right-width:0px !important;border-bottom-width:1px !important;border-left-width:0px !important;margin-bottom:10px !important;}<\/style>\n<summary class=\"wp-block-stackable-column stk-block-column stk-column stk-block stk-afc4b72 stk--container-small stk-block-accordion__heading\" data-v=\"4\" data-block-id=\"afc4b72\"><style>.stk-afc4b72 {padding-top:2px !important;padding-right:2px !important;padding-bottom:2px !important;padding-left:2px !important;}<\/style><div class=\"stk-column-wrapper stk-block-column__content stk-container stk-afc4b72-container stk--no-background stk--no-padding\"><div class=\"stk-block-content stk-inner-blocks stk-afc4b72-inner-blocks\">\n<div class=\"wp-block-stackable-icon-label stk-block-icon-label stk-block stk-9b9beb2\" data-block-id=\"9b9beb2\"><style>.stk-9b9beb2 .stk-inner-blocks{gap:39px !important;}@media screen and (max-width: 1023px){.stk-9b9beb2 .stk-inner-blocks{gap:39px !important;}}@media screen and (max-width: 767px){.stk-9b9beb2 .stk-inner-blocks{gap:39px !important;}}<\/style><div class=\"stk-row stk-inner-blocks stk-block-content\">\n<div class=\"wp-block-stackable-icon stk-block-icon stk-block stk-ab59f2f\" data-block-id=\"ab59f2f\"><style>.stk-ab59f2f .stk--svg-wrapper .stk--inner-svg svg:last-child{height:25px !important;width:25px !important;}.stk-ab59f2f .stk--svg-wrapper .stk--inner-svg svg:last-child, .stk-ab59f2f .stk--svg-wrapper .stk--inner-svg svg:last-child :is(g, path, rect, polygon, ellipse){fill:#5c068c !important;}<\/style><span class=\"stk--svg-wrapper stk--has-icon2\"><div class=\"stk--inner-svg\"><svg style=\"height:0;width:0\"><defs><linearGradient id=\"linear-gradient-ab59f2f\" x1=\"0\" x2=\"100%\" y1=\"0\" y2=\"0\"><stop offset=\"0%\" style=\"stop-opacity:1;stop-color:var(--linear-gradient-ab-59-f-2-f-color-1)\"><\/stop><stop offset=\"100%\" style=\"stop-opacity:1;stop-color:var(--linear-gradient-ab-59-f-2-f-color-2)\"><\/stop><\/linearGradient><\/defs><\/svg><svg xmlns=\"http:\/\/www.w3.org\/2000\/svg\" viewBox=\"0 0 576 512\" aria-hidden=\"true\" width=\"32\" height=\"32\"><path d=\"M0 80v48c0 17.7 14.3 32 32 32H48 96V80c0-26.5-21.5-48-48-48S0 53.5 0 80zM112 32c10 13.4 16 30 16 48V384c0 35.3 28.7 64 64 64s64-28.7 64-64v-5.3c0-32.4 26.3-58.7 58.7-58.7H480V128c0-53-43-96-96-96H112zM464 480c61.9 0 112-50.1 112-112c0-8.8-7.2-16-16-16H314.7c-14.7 0-26.7 11.9-26.7 26.7V384c0 53-43 96-96 96H368h96z\"><\/path><\/svg><\/div><div class=\"stk--inner-svg stk--icon-2\" style=\"display:none\"><svg style=\"height:0;width:0\"><defs><linearGradient id=\"linear-gradient-ab59f2f\" x1=\"0\" x2=\"100%\" y1=\"0\" y2=\"0\"><stop offset=\"0%\" style=\"stop-opacity:1;stop-color:var(--linear-gradient-ab-59-f-2-f-color-1)\"><\/stop><stop offset=\"100%\" style=\"stop-opacity:1;stop-color:var(--linear-gradient-ab-59-f-2-f-color-2)\"><\/stop><\/linearGradient><\/defs><\/svg><svg xmlns=\"http:\/\/www.w3.org\/2000\/svg\" viewBox=\"0 0 576 512\" aria-hidden=\"true\" width=\"32\" height=\"32\"><path d=\"M384 476.1L192 421.2V35.9L384 90.8V476.1zm32-1.2V88.4L543.1 37.5c15.8-6.3 32.9 5.3 32.9 22.3V394.6c0 9.8-6 18.6-15.1 22.3L416 474.8zM15.1 95.1L160 37.2V423.6L32.9 474.5C17.1 480.8 0 469.2 0 452.2V117.4c0-9.8 6-18.6 15.1-22.3z\"><\/path><\/svg><\/div><\/span><\/div>\n\n\n\n<div class=\"wp-block-stackable-heading stk-block-heading stk-block-heading--v2 stk-block stk-7068a70\" id=\"span-style-color-000000-class-stk-highlight-organizacion-del-tfg-span\" data-block-id=\"7068a70\"><style>.stk-7068a70 .stk-block-heading__text{color:#000000 !important;font-weight:500 !important;font-family:\"ArgentumSans\", Sans-serif !important;}<\/style><h4 class=\"stk-block-heading__text has-text-color\"><span style=\"color: #000000;\" class=\"stk-highlight\">Organizaci\u00f3n del TFG<\/span><\/h4><\/div>\n<\/div><\/div>\n<\/div><\/div><\/summary>\n\n\n\n<div class=\"wp-block-stackable-column stk-block-column stk-column stk-block stk-d32b351 stk-block-accordion__content\" data-v=\"4\" data-block-id=\"d32b351\"><style>.stk-d32b351 {margin-top:-30px !important;}<\/style><div class=\"stk-column-wrapper stk-block-column__content stk-container stk-d32b351-container stk--no-background stk--no-padding\"><div class=\"stk-block-content stk-inner-blocks stk-d32b351-inner-blocks\">\n<p>Para asegurar la adecuaci\u00f3n de los TFG a las caracter\u00edsticas del T\u00edtulo, el alumnado cuenta con la orientaci\u00f3n y direcci\u00f3n de sus trabajos a trav\u00e9s de uno o dos tutores\/as asignados de entre la relaci\u00f3n de tutores\/as y temas propuestos.<\/p>\n\n\n\n<p>El trabajo se realizar\u00e1 de manera aut\u00f3noma por el alumnado, en grupos m\u00e1ximos de 3, y consistir\u00e1 en un trabajo de investigaci\u00f3n tutelado, con una asignaci\u00f3n de&nbsp;<strong>150 horas<\/strong>&nbsp;de trabajo del alumno\/a. El TFG ser\u00e1 recogido en una memoria impresa, que ser\u00e1 defendida oralmente ante una comisi\u00f3n evaluadora y calificado como otra asignatura del grado.<\/p>\n\n\n\n<p>Para mejorar el desarrollo de la asignatura y facilitar la elaboraci\u00f3n de la Memoria de TFG y defensa p\u00fablica de la misma, se establecen criterios espec\u00edficos que pueden consultarse en la Gu\u00eda Docente de la Asignatura y en el reglamento de TFG.<\/p>\n\n\n\n<p>La presentaci\u00f3n de las memorias del TFG se har\u00e1 por el procedimiento telem\u00e1tico, a trav\u00e9s de la&nbsp;<a href=\"https:\/\/sede.ull.es\/tfg\" target=\"_blank\" rel=\"noreferrer noopener\" target=\"_blank\" rel=\"noopener\">sede<\/a>. Una copia de la memoria se entregar\u00e1 tambi\u00e9n en el aula virtual de la asignatura de TFG. Ambas entregas se realizar\u00e1n una semana antes de la fecha de presentaci\u00f3n de los trabajos.<\/p>\n\n\n\n<p>Junto a la publicaci\u00f3n del calendario y composici\u00f3n de los tribunales encargados de la evaluaci\u00f3n de los TFG, se indicar\u00e1 la fecha l\u00edmite para la presentaci\u00f3n del documento de la memoria. Los trabajos presentados despu\u00e9s de la fecha l\u00edmite no ser\u00e1n tramitados, ni podr\u00e1n optar a su defensa ante tribunal.<\/p>\n\n\n\n<p>La gesti\u00f3n y coordinaci\u00f3n del Trabajo Fin de Grado se realiza a trav\u00e9s del&nbsp;<a href=\"http:\/\/campusvirtual.ull.es\/facultades\/course\/view.php?id=147\" target=\"_blank\" rel=\"noreferrer noopener\" target=\"_blank\" rel=\"noopener\">aula virtual<\/a>.<\/p>\n<\/div><\/div><\/div>\n<\/details>\n\n\n\n<details class=\"wp-block-stackable-accordion stk-block-accordion stk-inner-blocks stk-block-content stk-block stk-b043c3d is-style-default\" id=\"normativa\" data-block-id=\"b043c3d\"><style>.stk-b043c3d {border-style:solid !important;border-top-width:0px !important;border-right-width:0px !important;border-bottom-width:1px !important;border-left-width:0px !important;margin-bottom:10px !important;}<\/style>\n<summary class=\"wp-block-stackable-column stk-block-column stk-column stk-block stk-f139825 stk--container-small stk-block-accordion__heading\" data-v=\"4\" data-block-id=\"f139825\"><style>.stk-f139825 {padding-top:2px !important;padding-right:2px !important;padding-bottom:2px !important;padding-left:2px !important;}<\/style><div class=\"stk-column-wrapper stk-block-column__content stk-container stk-f139825-container stk--no-background stk--no-padding\"><div class=\"stk-block-content stk-inner-blocks stk-f139825-inner-blocks\">\n<div class=\"wp-block-stackable-icon-label stk-block-icon-label stk-block stk-529d611\" data-block-id=\"529d611\"><style>.stk-529d611 .stk-inner-blocks{gap:39px !important;}@media screen and (max-width: 1023px){.stk-529d611 .stk-inner-blocks{gap:39px !important;}}@media screen and (max-width: 767px){.stk-529d611 .stk-inner-blocks{gap:39px !important;}}<\/style><div class=\"stk-row stk-inner-blocks stk-block-content\">\n<div class=\"wp-block-stackable-icon stk-block-icon stk-block stk-f41acba\" data-block-id=\"f41acba\"><style>.stk-f41acba .stk--svg-wrapper .stk--inner-svg svg:last-child{height:25px !important;width:25px !important;}.stk-f41acba .stk--svg-wrapper .stk--inner-svg svg:last-child, .stk-f41acba .stk--svg-wrapper .stk--inner-svg svg:last-child :is(g, path, rect, polygon, ellipse){fill:#5c068c !important;}<\/style><span class=\"stk--svg-wrapper stk--has-icon2\"><div class=\"stk--inner-svg\"><svg style=\"height:0;width:0\"><defs><linearGradient id=\"linear-gradient-f41acba\" x1=\"0\" x2=\"100%\" y1=\"0\" y2=\"0\"><stop offset=\"0%\" style=\"stop-opacity:1;stop-color:var(--linear-gradient-f-41-acba-color-1)\"><\/stop><stop offset=\"100%\" style=\"stop-opacity:1;stop-color:var(--linear-gradient-f-41-acba-color-2)\"><\/stop><\/linearGradient><\/defs><\/svg><svg xmlns=\"http:\/\/www.w3.org\/2000\/svg\" viewBox=\"0 0 448 512\" aria-hidden=\"true\" width=\"32\" height=\"32\"><path d=\"M96 0C43 0 0 43 0 96V416c0 53 43 96 96 96H384h32c17.7 0 32-14.3 32-32s-14.3-32-32-32V384c17.7 0 32-14.3 32-32V32c0-17.7-14.3-32-32-32H384 96zm0 384H352v64H96c-17.7 0-32-14.3-32-32s14.3-32 32-32zm32-240c0-8.8 7.2-16 16-16H336c8.8 0 16 7.2 16 16s-7.2 16-16 16H144c-8.8 0-16-7.2-16-16zm16 48H336c8.8 0 16 7.2 16 16s-7.2 16-16 16H144c-8.8 0-16-7.2-16-16s7.2-16 16-16z\"><\/path><\/svg><\/div><div class=\"stk--inner-svg stk--icon-2\" style=\"display:none\"><svg style=\"height:0;width:0\"><defs><linearGradient id=\"linear-gradient-f41acba\" x1=\"0\" x2=\"100%\" y1=\"0\" y2=\"0\"><stop offset=\"0%\" style=\"stop-opacity:1;stop-color:var(--linear-gradient-f-41-acba-color-1)\"><\/stop><stop offset=\"100%\" style=\"stop-opacity:1;stop-color:var(--linear-gradient-f-41-acba-color-2)\"><\/stop><\/linearGradient><\/defs><\/svg><svg xmlns=\"http:\/\/www.w3.org\/2000\/svg\" viewBox=\"0 0 576 512\" aria-hidden=\"true\" width=\"32\" height=\"32\"><path d=\"M249.6 471.5c10.8 3.8 22.4-4.1 22.4-15.5V78.6c0-4.2-1.6-8.4-5-11C247.4 52 202.4 32 144 32C93.5 32 46.3 45.3 18.1 56.1C6.8 60.5 0 71.7 0 83.8V454.1c0 11.9 12.8 20.2 24.1 16.5C55.6 460.1 105.5 448 144 448c33.9 0 79 14 105.6 23.5zm76.8 0C353 462 398.1 448 432 448c38.5 0 88.4 12.1 119.9 22.6c11.3 3.8 24.1-4.6 24.1-16.5V83.8c0-12.1-6.8-23.3-18.1-27.6C529.7 45.3 482.5 32 432 32c-58.4 0-103.4 20-123 35.6c-3.3 2.6-5 6.8-5 11V456c0 11.4 11.7 19.3 22.4 15.5z\"><\/path><\/svg><\/div><\/span><\/div>\n\n\n\n<div class=\"wp-block-stackable-heading stk-block-heading stk-block-heading--v2 stk-block stk-987b351\" id=\"span-style-color-000000-class-stk-highlight-normativa-span\" data-block-id=\"987b351\"><style>.stk-987b351 .stk-block-heading__text{color:#000000 !important;font-weight:500 !important;font-family:\"ArgentumSans\", Sans-serif !important;}<\/style><h4 class=\"stk-block-heading__text has-text-color\"><span style=\"color: #000000;\" class=\"stk-highlight\">Normativa<\/span><\/h4><\/div>\n<\/div><\/div>\n<\/div><\/div><\/summary>\n\n\n\n<div class=\"wp-block-stackable-column stk-block-column stk-column stk-block stk-e038303 stk-block-accordion__content\" data-v=\"4\" data-block-id=\"e038303\"><style>.stk-e038303 {margin-top:-30px !important;}<\/style><div class=\"stk-column-wrapper stk-block-column__content stk-container stk-e038303-container stk--no-background stk--no-padding\"><div class=\"stk-block-content stk-inner-blocks stk-e038303-inner-blocks\">\n<ul class=\"wp-block-list\">\n<li><a href=\"https:\/\/riull.ull.es\/xmlui\/handle\/915\/8218\" target=\"_blank\" rel=\"noreferrer noopener\" target=\"_blank\" rel=\"noopener\">Reglamento de la asignatura Trabajo Fin de Grado de la Universidad de La Laguna<\/a>\u00a0aprobado en Consejo de Gobierno de 07\/04\/2022<\/li>\n\n\n\n<li><a href=\"https:\/\/drive.google.com\/open?id=1vHyOEgJWRIWxOU8fOrB7mMs7flCLlAu9&amp;usp=drive_fs\" target=\"_blank\" rel=\"noreferrer noopener\" target=\"_blank\" rel=\"noopener\">Normativa del Trabajo de Fin de Grado en Geograf\u00eda y Ordenaci\u00f3n del Territorio y Anexos<\/a><\/li>\n<\/ul>\n<\/div><\/div><\/div>\n<\/details>\n<\/div><\/div><\/div>\n<\/div><\/div>\n","protected":false},"excerpt":{"rendered":"<p>Trabajo de Fin de Grado Tal como se especifica en la estructura de los Planes de Estudios en los Grados de Geograf\u00eda y Ordenaci\u00f3n del Territorio, en Historia y en Historia del Arte, impartidos actualmente en la Secci\u00f3n de Geograf\u00eda e Historia, los TFG son asignaturas de segundo cuatrimestre del cuarto a\u00f1o de los Grados&#8230;.<\/p>\n","protected":false},"author":1,"featured_media":0,"parent":270,"menu_order":3,"comment_status":"closed","ping_status":"closed","template":"templates\/template-frontpage.php","meta":{"footnotes":""},"class_list":["post-33","page","type-page","status-publish","hentry"],"_links":{"self":[{"href":"https:\/\/www.ull.es\/grados\/geografia-ordenacion-del-territorio\/wp-json\/wp\/v2\/pages\/33","targetHints":{"allow":["GET"]}}],"collection":[{"href":"https:\/\/www.ull.es\/grados\/geografia-ordenacion-del-territorio\/wp-json\/wp\/v2\/pages"}],"about":[{"href":"https:\/\/www.ull.es\/grados\/geografia-ordenacion-del-territorio\/wp-json\/wp\/v2\/types\/page"}],"author":[{"embeddable":true,"href":"https:\/\/www.ull.es\/grados\/geografia-ordenacion-del-territorio\/wp-json\/wp\/v2\/users\/1"}],"replies":[{"embeddable":true,"href":"https:\/\/www.ull.es\/grados\/geografia-ordenacion-del-territorio\/wp-json\/wp\/v2\/comments?post=33"}],"version-history":[{"count":35,"href":"https:\/\/www.ull.es\/grados\/geografia-ordenacion-del-territorio\/wp-json\/wp\/v2\/pages\/33\/revisions"}],"predecessor-version":[{"id":1357,"href":"https:\/\/www.ull.es\/grados\/geografia-ordenacion-del-territorio\/wp-json\/wp\/v2\/pages\/33\/revisions\/1357"}],"up":[{"embeddable":true,"href":"https:\/\/www.ull.es\/grados\/geografia-ordenacion-del-territorio\/wp-json\/wp\/v2\/pages\/270"}],"wp:attachment":[{"href":"https:\/\/www.ull.es\/grados\/geografia-ordenacion-del-territorio\/wp-json\/wp\/v2\/media?parent=33"}],"curies":[{"name":"wp","href":"https:\/\/api.w.org\/{rel}","templated":true}]}}