{"id":33,"date":"2017-06-28T12:48:33","date_gmt":"2017-06-28T12:48:33","guid":{"rendered":"http:\/\/www.ull.es\/masteres\/desarrollo-y-gestion-de-recursos-humanos\/?page_id=20"},"modified":"2025-10-29T09:02:30","modified_gmt":"2025-10-29T09:02:30","slug":"trabajo-fin-de-grado","status":"publish","type":"page","link":"https:\/\/www.ull.es\/grados\/historia-del-arte\/en\/plan-de-estudios\/trabajo-fin-de-grado\/","title":{"rendered":"Final Degree Project"},"content":{"rendered":"\n<div class=\"wp-block-stackable-columns alignfull stk-block-columns stk-block stk-8657999\" data-block-id=\"8657999\"><style>.stk-8657999 {padding-bottom:0px !important;margin-top:-30px !important;margin-bottom:0px !important;}@media screen and (max-width: 767px){.stk-8657999 {margin-top:-10% !important;}}<\/style><div class=\"stk-row stk-inner-blocks stk-block-content stk-content-align stk-8657999-column alignfull\">\n<div class=\"wp-block-stackable-column stk-block-column stk-column stk-block stk-914f03e\" data-v=\"4\" data-block-id=\"914f03e\"><div class=\"stk-column-wrapper stk-block-column__content stk-container stk-914f03e-container stk--no-background stk--no-padding\"><div class=\"stk-block-content stk-inner-blocks stk-914f03e-inner-blocks\"><style id=\"depicter-1-inline-pre-css\">\n\n.depicter-1:not(.depicter-ready){\n\theight:500px;\n}\n\n\/***** Tablet *****\/\n@media screen and (max-width: 1024px){\n\n.depicter-1:not(.depicter-ready){\n\theight:700px;\n}\n\n}\n\/***** Mobile *****\/\n@media screen and (max-width: 767px){\n\n.depicter-1:not(.depicter-ready){\n\theight:360px;\n}\n\n}\n<\/style>\n<div id=\"depicter-1\" class=\"depicter depicter-document depicter-revert depicter-1 depicter-layout-fullwidth\">\n\n<div class=\"depicter-loading-container depicter-loading dotFlashing-dark\"><div class=\"depicter-loading-dark depicter-dot-flashing\">\n   <span><\/span>\n   <span><\/span>\n   <span><\/span>\n<\/div>\n<\/div>\n<div id=\"depicter-1-section-1\" class=\"depicter-section depicter-1-section-1\" data-name=\"Section 1\" data-type=\"section\" data-local-id=\"section-1\">\n<picture class=\"depicter-bg\">\n<source data-depicter-srcset=\"https:\/\/www.ull.es\/grados\/historia-del-arte\/wp-content\/uploads\/sites\/29\/2025\/04\/Slider_Historia_del_Arte-768x248.jpg, https:\/\/www.ull.es\/grados\/historia-del-arte\/wp-content\/uploads\/sites\/29\/2025\/04\/Slider_Historia_del_Arte.jpg 2x\" srcset=\"data:image\/gif;base64,R0lGODlhAQABAIAAAAAAAP\/\/\/yH5BAEAAAAALAAAAAABAAEAAAIBRAA7\" media=\"(max-width: 1024px)\" \/>\n\n<source data-depicter-srcset=\"https:\/\/www.ull.es\/grados\/historia-del-arte\/wp-content\/uploads\/sites\/29\/2025\/04\/Slider_Historia_del_Arte.jpg, https:\/\/www.ull.es\/grados\/historia-del-arte\/wp-content\/uploads\/sites\/29\/2025\/04\/Slider_Historia_del_Arte-1920x620.jpg 2x\" srcset=\"data:image\/gif;base64,R0lGODlhAQABAIAAAAAAAP\/\/\/yH5BAEAAAAALAAAAAABAAEAAAIBRAA7\" media=\"(min-width: 1025px)\" \/>\n<img decoding=\"async\" src=\"data:image\/gif;base64,R0lGODlhAQABAIAAAAAAAP\/\/\/yH5BAEAAAAALAAAAAABAAEAAAIBRAA7\" data-ken-burns=\"false\" data-tablet-ken-burns=\"false\" data-mobile-ken-burns=\"false\" alt=\"\" data-depicter-src=\"https:\/\/www.ull.es\/grados\/historia-del-arte\/wp-content\/uploads\/sites\/29\/2025\/04\/Slider_Historia_del_Arte.jpg\" data-object-fit=\"custom,custom,\" data-object-position=\"center top,,\" data-crop=\"{'focalPoint':{'x':0.5,'y':0.5},'mediaSize':{'width':1393.54838709677414954057894647121429443359375,'height':450}}\" data-tablet-crop=\"{'focalPoint':{'x':0.5,'y':0.5},'mediaSize':{'width':2167.7419354838712024502456188201904296875,'height':700.0000000000001136868377216160297393798828125}}\" data-mobile-crop=\"{'focalPoint':{'x':0.5,'y':0.5},'mediaSize':{'width':1114.8387096774195015314035117626190185546875,'height':360}}\" \/>\n<\/picture>\n\n\n<h1 id=\"depicter-1-element-5\" class=\"depicter-element depicter-layer depicter-1-element-5\" data-type=\"text\" data-wrap=\"true\" data-name=\"Text 2\" data-local-id=\"element-5\" data-offset=\"x:192px;y:149px;origin:tl\" data-tablet-offset=\"x:296px;y:293px;origin:tl\" data-mobile-offset=\"x:6px;y:-126px;origin:tl\" data-width=\"742px,433px,348px\" data-height=\"auto,auto,auto\" data-responsive-scale=\"true,,\">Grado en Historia <br>del Arte<\/h1>\n\n<div id=\"depicter-1-element-10\" class=\"depicter-element depicter-layer depicter-1-element-10\" data-type=\"shape\" data-wrap=\"true\" data-name=\"Shape 1\" data-local-id=\"element-10\" data-offset=\"x:192px;y:346px;origin:tl\" data-tablet-offset=\"x:296px;y:414px;origin:tl\" data-mobile-offset=\"x:6px;y:-8px;origin:tl\" data-width=\"725px,411px,309px\" data-height=\"8px,8px,8px\" data-responsive-scale=\"true,,\"><\/div>\n<\/div>\n<\/div>\n<script>\n(window.depicterSetups = window.depicterSetups || []).push(function(){\n\tDepicter.basePath = 'https:\/\/www.ull.es\/grados\/historia-del-arte\/wp-content\/plugins\/depicter\/resources\/scripts\/player\/';\n\tconst dpPlayer = Depicter.setup('.depicter-1',\n\t\t{\"width\":[\"1200\",\"1024\",\"360\"],\"height\":[\"500\",\"700\",\"360\"],\"view\":\"basic\",\"keepAspectRatio\":true,\"preload\":0,\"layout\":\"fullwidth\",\"rtl\":false,\"initAfterAppear\":false,\"ajaxApiUrl\":\"https:\\\/\\\/www.ull.es\\\/grados\\\/historia-del-arte\\\/wp-admin\\\/admin-ajax.php\",\"mouseSwipe\":true,\"touchSwipe\":true,\"useWatermark\":false}\n\t);\n});\n<\/script><\/div><\/div><\/div>\n<\/div><\/div>\n\n\n\n<div class=\"wp-block-stackable-columns alignfull stk-block-columns stk--hide-mobile stk-block stk-ceecbdc stk-block-background\" data-block-id=\"ceecbdc\"><style>.stk-ceecbdc {background-color:#360060 !important;padding-top:35px !important;padding-right:0px !important;padding-bottom:2px !important;padding-left:0px !important;margin-top:-20px !important;margin-bottom:70px !important;}.stk-ceecbdc:before{background-color:#360060 !important;}<\/style><div class=\"stk-row stk-inner-blocks stk-block-content stk-content-align stk-ceecbdc-column alignfull\">\n<div class=\"wp-block-stackable-column stk-block-column stk-column stk-block stk-fc60a5d\" data-v=\"4\" data-block-id=\"fc60a5d\"><div class=\"stk-column-wrapper stk-block-column__content stk-container stk-fc60a5d-container stk--no-background stk--no-padding\"><div class=\"stk-block-content stk-inner-blocks stk-fc60a5d-inner-blocks\">\n<div class=\"wp-block-stackable-spacer stk-block-spacer stk--no-padding stk-block stk-a3a8a68\" data-block-id=\"a3a8a68\"><style>.stk-a3a8a68 {height:0px !important;}<\/style><\/div>\n<\/div><\/div><\/div>\n<\/div><\/div>\n\n\n\n<div class=\"wp-block-stackable-columns stk-block-columns stk-block stk-8b59b96\" data-block-id=\"8b59b96\"><style>.stk-8b59b96 .stk--block-align-8b59b96{align-items:flex-start !important;}.stk-8b59b96 {margin-top:25px !important;}.stk-8b59b96-column{--stk-columns-spacing:0px !important;--stk-column-gap:50px !important;}@media screen and (max-width: 767px){.stk-8b59b96-column{row-gap:var(--stk--preset--spacing--60, 2.25rem) !important;}}<\/style><div class=\"stk-row stk-inner-blocks stk--block-align-8b59b96 stk-block-content stk-content-align stk-8b59b96-column\">\n<div class=\"wp-block-stackable-column stk-block-column stk-column stk-block stk-dbb7e15\" data-v=\"4\" data-block-id=\"dbb7e15\"><div class=\"stk-column-wrapper stk-block-column__content stk-container stk-dbb7e15-container stk--no-background stk--no-padding\"><div class=\"stk-block-content stk-inner-blocks stk-dbb7e15-inner-blocks\">\n<div class=\"wp-block-stackable-heading stk-block-heading stk-block-heading--v2 stk-block stk-689c258\" id=\"trabajo-de-fin-de-grado\" data-block-id=\"689c258\"><style>.stk-689c258 .stk-block-heading__text{color:#5c068c !important;}<\/style><h1 class=\"stk-block-heading__text has-text-color\">Trabajo de Fin de Grado<\/h1><\/div>\n\n\n\n<p>Tal como se especifica en la estructura de los Planes de Estudios en los Grados de Geograf\u00eda y Ordenaci\u00f3n del Territorio, en Historia y en Historia del Arte, impartidos actualmente en la Facultad de Geograf\u00eda e Historia, los TFG son asignaturas de segundo cuatrimestre del cuarto a\u00f1o de los grados.<\/p>\n\n\n\n<p>Ser\u00e1 en el curso acad\u00e9mico 2012\/2013 cuando se implante esta asignatura por primera vez en los tres Grados. Previamente han sido aprobados, por la Comisi\u00f3n de Calidad del Centro (09\/05\/2012) y ratificados por Junta de Facultad (10\/05\/2012), los reglamentos de TFG en los tres Grados, as\u00ed como los modelos de solicitud, evaluaci\u00f3n, etc., sujetos a las directrices generales de la ULL sobre TFG que no han sido aprobadas definitivamente.<\/p>\n\n\n\n<p>El r\u00e9gimen de convocatorias de los TFG, al ser asignaturas del Plan de Estudios est\u00e1 regulado por la normativa general de convocatorias de la ULL, teniendo en cuenta las especificidades de la materia, tal como se recoge en los citados reglamentos.<\/p>\n\n\n\n<p>El Trabajo de Fin de Grado (TFG) consiste en la realizaci\u00f3n por parte del estudiante, de forma individual, y bajo la direcci\u00f3n de uno o m\u00e1s tutores, de un estudio de elaboraci\u00f3n propia y original vinculado a algunas de las materias impartidas en los tres Grados de la Facultad de Geograf\u00eda e Historia.&nbsp; El estudiante deber\u00e1 demostrar haber adquirido los contenidos formativos, capacidades, competencias y habilidades para los que le capacitaba el Grado cursado. El alumnado deber\u00e1 desarrollar y presentar para su defensa un trabajo en que se constate su capacidad de interpretaci\u00f3n cr\u00edtica de datos, de acuerdo con los usos acad\u00e9micos, y una reflexi\u00f3n metodol\u00f3gica sobre el objeto de estudio amparado en la consulta bibliogr\u00e1fica pertinente.<\/p>\n\n\n\n<ul class=\"wp-block-list\">\n<li><a href=\"https:\/\/drive.google.com\/open?id=13rTHi5mHQtm41q2JVpmEHgM010CW-xvl\" target=\"_blank\" rel=\"noreferrer noopener\" target=\"_blank\" rel=\"noopener\">Solicitud de asignaci\u00f3n de Tutor y\/o L\u00ednea Tem\u00e1tica<\/a><\/li>\n\n\n\n<li><a href=\"https:\/\/drive.google.com\/open?id=1PZp9l0TSwNNKpMQkbIIPrMZ81LtpNTQh\" target=\"_blank\" rel=\"noreferrer noopener\" target=\"_blank\" rel=\"noopener\">Inscripci\u00f3n provisional del t\u00edtulo del TFG<\/a><\/li>\n\n\n\n<li><a href=\"https:\/\/drive.google.com\/open?id=1x18RvJnAJf30Fm3NhTne3qx_9VncD08G\" target=\"_blank\" rel=\"noreferrer noopener\" target=\"_blank\" rel=\"noopener\">Acta Evaluaci\u00f3n del TFG<\/a><\/li>\n\n\n\n<li><a href=\"https:\/\/drive.google.com\/open?id=165PNcgooQ2z8SERBzpRLv_2mcp8OUlB2\" target=\"_blank\" rel=\"noreferrer noopener\" target=\"_blank\" rel=\"noopener\">Asignaci\u00f3n de l\u00edneas tem\u00e1ticas y tutores para el TFG<\/a><\/li>\n<\/ul>\n\n\n\n<details class=\"wp-block-stackable-accordion stk-block-accordion stk-inner-blocks stk-block-content stk-block stk-88a7c9c is-style-default\" id=\"organizacion-tfg\" data-block-id=\"88a7c9c\"><style>.stk-88a7c9c {border-style:solid !important;border-top-width:0px !important;border-right-width:0px !important;border-bottom-width:1px !important;border-left-width:0px !important;margin-bottom:10px !important;}<\/style>\n<summary class=\"wp-block-stackable-column stk-block-column stk-column stk-block stk-27019df stk--container-small stk-block-accordion__heading\" data-v=\"4\" data-block-id=\"27019df\"><style>.stk-27019df {padding-top:2px !important;padding-right:2px !important;padding-bottom:2px !important;padding-left:2px !important;}<\/style><div class=\"stk-column-wrapper stk-block-column__content stk-container stk-27019df-container stk--no-background stk--no-padding\"><div class=\"stk-block-content stk-inner-blocks stk-27019df-inner-blocks\">\n<div class=\"wp-block-stackable-icon-label stk-block-icon-label stk-block stk-9c9ce7e\" data-block-id=\"9c9ce7e\"><style>.stk-9c9ce7e .stk-inner-blocks{gap:39px !important;}@media screen and (max-width: 1023px){.stk-9c9ce7e .stk-inner-blocks{gap:39px !important;}}@media screen and (max-width: 767px){.stk-9c9ce7e .stk-inner-blocks{gap:39px !important;}}<\/style><div class=\"stk-row stk-inner-blocks stk-block-content\">\n<div class=\"wp-block-stackable-icon stk-block-icon stk-block stk-61c8ad3\" data-block-id=\"61c8ad3\"><style>.stk-61c8ad3 .stk--svg-wrapper .stk--inner-svg svg:last-child{height:25px !important;width:25px !important;}.stk-61c8ad3 .stk--svg-wrapper .stk--inner-svg svg:last-child, .stk-61c8ad3 .stk--svg-wrapper .stk--inner-svg svg:last-child :is(g, path, rect, polygon, ellipse){fill:#5c068c !important;}<\/style><span class=\"stk--svg-wrapper stk--has-icon2\"><div class=\"stk--inner-svg\"><svg style=\"height:0;width:0\"><defs><linearGradient id=\"linear-gradient-61c8ad3\" x1=\"0\" x2=\"100%\" y1=\"0\" y2=\"0\"><stop offset=\"0%\" style=\"stop-opacity:1;stop-color:var(--linear-gradient-61-c-8-ad-3-color-1)\"><\/stop><stop offset=\"100%\" style=\"stop-opacity:1;stop-color:var(--linear-gradient-61-c-8-ad-3-color-2)\"><\/stop><\/linearGradient><\/defs><\/svg><svg xmlns=\"http:\/\/www.w3.org\/2000\/svg\" viewBox=\"0 0 384 512\" aria-hidden=\"true\" width=\"32\" height=\"32\"><path d=\"M272 384c9.6-31.9 29.5-59.1 49.2-86.2l0 0c5.2-7.1 10.4-14.2 15.4-21.4c19.8-28.5 31.4-63 31.4-100.3C368 78.8 289.2 0 192 0S16 78.8 16 176c0 37.3 11.6 71.9 31.4 100.3c5 7.2 10.2 14.3 15.4 21.4l0 0c19.8 27.1 39.7 54.4 49.2 86.2H272zM192 512c44.2 0 80-35.8 80-80V416H112v16c0 44.2 35.8 80 80 80zM112 176c0 8.8-7.2 16-16 16s-16-7.2-16-16c0-61.9 50.1-112 112-112c8.8 0 16 7.2 16 16s-7.2 16-16 16c-44.2 0-80 35.8-80 80z\"><\/path><\/svg><\/div><div class=\"stk--inner-svg stk--icon-2\" style=\"display:none\"><svg style=\"height:0;width:0\"><defs><linearGradient id=\"linear-gradient-61c8ad3\" x1=\"0\" x2=\"100%\" y1=\"0\" y2=\"0\"><stop offset=\"0%\" style=\"stop-opacity:1;stop-color:var(--linear-gradient-61-c-8-ad-3-color-1)\"><\/stop><stop offset=\"100%\" style=\"stop-opacity:1;stop-color:var(--linear-gradient-61-c-8-ad-3-color-2)\"><\/stop><\/linearGradient><\/defs><\/svg><svg xmlns=\"http:\/\/www.w3.org\/2000\/svg\" viewBox=\"0 0 384 512\" aria-hidden=\"true\" width=\"32\" height=\"32\"><path d=\"M297.2 248.9C311.6 228.3 320 203.2 320 176c0-70.7-57.3-128-128-128S64 105.3 64 176c0 27.2 8.4 52.3 22.8 72.9c3.7 5.3 8.1 11.3 12.8 17.7l0 0c12.9 17.7 28.3 38.9 39.8 59.8c10.4 19 15.7 38.8 18.3 57.5H109c-2.2-12-5.9-23.7-11.8-34.5c-9.9-18-22.2-34.9-34.5-51.8l0 0 0 0c-5.2-7.1-10.4-14.2-15.4-21.4C27.6 247.9 16 213.3 16 176C16 78.8 94.8 0 192 0s176 78.8 176 176c0 37.3-11.6 71.9-31.4 100.3c-5 7.2-10.2 14.3-15.4 21.4l0 0 0 0c-12.3 16.8-24.6 33.7-34.5 51.8c-5.9 10.8-9.6 22.5-11.8 34.5H226.4c2.6-18.7 7.9-38.6 18.3-57.5c11.5-20.9 26.9-42.1 39.8-59.8l0 0 0 0 0 0c4.7-6.4 9-12.4 12.7-17.7zM192 128c-26.5 0-48 21.5-48 48c0 8.8-7.2 16-16 16s-16-7.2-16-16c0-44.2 35.8-80 80-80c8.8 0 16 7.2 16 16s-7.2 16-16 16zm0 384c-44.2 0-80-35.8-80-80V416H272v16c0 44.2-35.8 80-80 80z\"><\/path><\/svg><\/div><\/span><\/div>\n\n\n\n<div class=\"wp-block-stackable-heading stk-block-heading stk-block-heading--v2 stk-block stk-bcb6d4e\" id=\"span-style-color-000000-class-stk-highlight-organizacion-del-tfg-span\" data-block-id=\"bcb6d4e\"><style>.stk-bcb6d4e .stk-block-heading__text{color:#000000 !important;font-weight:500 !important;font-family:\"ArgentumSans\", Sans-serif !important;}<\/style><h4 class=\"stk-block-heading__text has-text-color\"><span style=\"color: #000000;\" class=\"stk-highlight\">Organizaci\u00f3n del TFG<\/span><\/h4><\/div>\n<\/div><\/div>\n<\/div><\/div><\/summary>\n\n\n\n<div class=\"wp-block-stackable-column stk-block-column stk-column stk-block stk-76d605c stk-block-accordion__content\" data-v=\"4\" data-block-id=\"76d605c\"><style>.stk-76d605c {margin-top:-30px !important;}<\/style><div class=\"stk-column-wrapper stk-block-column__content stk-container stk-76d605c-container stk--no-background stk--no-padding\"><div class=\"stk-block-content stk-inner-blocks stk-76d605c-inner-blocks\">\n<p>Para asegurar la adecuaci\u00f3n de los TFG a las caracter\u00edsticas del T\u00edtulo los estudiantes cuentan con la orientaci\u00f3n y direcci\u00f3n de sus trabajos a trav\u00e9s de uno o dos tutores asignados de entre la relaci\u00f3n de tutores y temas propuestos.<\/p>\n\n\n\n<p>El trabajo se realizar\u00e1 de manera aut\u00f3noma por el alumno, en grupos m\u00e1ximos de 3, y consistir\u00e1 en un trabajo de investigaci\u00f3n tutelado, con una asignaci\u00f3n de&nbsp;<strong>150 horas<\/strong>&nbsp;de trabajo del alumno\/a. El TFG ser\u00e1 recogido en una memoria impresa, que ser\u00e1 defendida oralmente ante una comisi\u00f3n evaluadora y calificado como otra asignatura del grado.<\/p>\n\n\n\n<p>Para mejorar el desarrollo de la asignatura y facilitar la elaboraci\u00f3n de la Memoria de TFG y defensa p\u00fablica de la misma, se establecen criterios espec\u00edficos que pueden consultarse en la Gu\u00eda Docente de la Asignatura y en el reglamento de TFG.<\/p>\n\n\n\n<p>La presentaci\u00f3n de las memorias del TFG se har\u00e1 por el procedimiento telem\u00e1tico, a trav\u00e9s de la&nbsp;<a href=\"https:\/\/sede.ull.es\/tfg\" target=\"_blank\" rel=\"noreferrer noopener\" target=\"_blank\" rel=\"noopener\">sede<\/a>. Una copia de la memoria se entregar\u00e1 tambi\u00e9n en el aula virtual de la asignatura de TFG. Ambas entregas se realizar\u00e1n una semana antes de la fecha de presentaci\u00f3n de los trabajos.<\/p>\n\n\n\n<p>Junto a la publicaci\u00f3n del calendario y composici\u00f3n de los tribunales encargados de la evaluaci\u00f3n de los TFG, se indicar\u00e1 la fecha l\u00edmite para la presentaci\u00f3n del documento de la memoria. Los trabajos presentados despu\u00e9s de la fecha l\u00edmite no ser\u00e1n tramitados, ni podr\u00e1n optar a su defensa ante tribunal.<\/p>\n\n\n\n<p>La gesti\u00f3n y coordinaci\u00f3n del Trabajo Fin de Grado se realiza a trav\u00e9s del&nbsp;<a href=\"http:\/\/campusvirtual.ull.es\/facultades\/course\/view.php?id=147\" target=\"_blank\" rel=\"noreferrer noopener\" target=\"_blank\" rel=\"noopener\">aula virtual<\/a>.<\/p>\n<\/div><\/div><\/div>\n<\/details>\n\n\n\n<details class=\"wp-block-stackable-accordion stk-block-accordion stk-inner-blocks stk-block-content stk-block stk-1eb2680 is-style-default\" id=\"normativa\" data-block-id=\"1eb2680\"><style>.stk-1eb2680 {border-style:solid !important;border-top-width:0px !important;border-right-width:0px !important;border-bottom-width:1px !important;border-left-width:0px !important;margin-bottom:10px !important;}<\/style>\n<summary class=\"wp-block-stackable-column stk-block-column stk-column stk-block stk-627d528 stk--container-small stk-block-accordion__heading\" data-v=\"4\" data-block-id=\"627d528\"><style>.stk-627d528 {padding-top:2px !important;padding-right:2px !important;padding-bottom:2px !important;padding-left:2px !important;}<\/style><div class=\"stk-column-wrapper stk-block-column__content stk-container stk-627d528-container stk--no-background stk--no-padding\"><div class=\"stk-block-content stk-inner-blocks stk-627d528-inner-blocks\">\n<div class=\"wp-block-stackable-icon-label stk-block-icon-label stk-block stk-b4a4cbd\" data-block-id=\"b4a4cbd\"><style>.stk-b4a4cbd .stk-inner-blocks{gap:39px !important;}@media screen and (max-width: 1023px){.stk-b4a4cbd .stk-inner-blocks{gap:39px !important;}}@media screen and (max-width: 767px){.stk-b4a4cbd .stk-inner-blocks{gap:39px !important;}}<\/style><div class=\"stk-row stk-inner-blocks stk-block-content\">\n<div class=\"wp-block-stackable-icon stk-block-icon stk-block stk-ca07eb5\" data-block-id=\"ca07eb5\"><style>.stk-ca07eb5 .stk--svg-wrapper .stk--inner-svg svg:last-child{height:25px !important;width:25px !important;}.stk-ca07eb5 .stk--svg-wrapper .stk--inner-svg svg:last-child, .stk-ca07eb5 .stk--svg-wrapper .stk--inner-svg svg:last-child :is(g, path, rect, polygon, ellipse){fill:#5c068c !important;}<\/style><span class=\"stk--svg-wrapper stk--has-icon2\"><div class=\"stk--inner-svg\"><svg style=\"height:0;width:0\"><defs><linearGradient id=\"linear-gradient-ca07eb5\" x1=\"0\" x2=\"100%\" y1=\"0\" y2=\"0\"><stop offset=\"0%\" style=\"stop-opacity:1;stop-color:var(--linear-gradient-ca-07-eb-5-color-1)\"><\/stop><stop offset=\"100%\" style=\"stop-opacity:1;stop-color:var(--linear-gradient-ca-07-eb-5-color-2)\"><\/stop><\/linearGradient><\/defs><\/svg><svg xmlns=\"http:\/\/www.w3.org\/2000\/svg\" viewBox=\"0 0 448 512\" aria-hidden=\"true\" width=\"32\" height=\"32\"><path d=\"M96 0C43 0 0 43 0 96V416c0 53 43 96 96 96H384h32c17.7 0 32-14.3 32-32s-14.3-32-32-32V384c17.7 0 32-14.3 32-32V32c0-17.7-14.3-32-32-32H384 96zm0 384H352v64H96c-17.7 0-32-14.3-32-32s14.3-32 32-32zm32-240c0-8.8 7.2-16 16-16H336c8.8 0 16 7.2 16 16s-7.2 16-16 16H144c-8.8 0-16-7.2-16-16zm16 48H336c8.8 0 16 7.2 16 16s-7.2 16-16 16H144c-8.8 0-16-7.2-16-16s7.2-16 16-16z\"><\/path><\/svg><\/div><div class=\"stk--inner-svg stk--icon-2\" style=\"display:none\"><svg style=\"height:0;width:0\"><defs><linearGradient id=\"linear-gradient-ca07eb5\" x1=\"0\" x2=\"100%\" y1=\"0\" y2=\"0\"><stop offset=\"0%\" style=\"stop-opacity:1;stop-color:var(--linear-gradient-ca-07-eb-5-color-1)\"><\/stop><stop offset=\"100%\" style=\"stop-opacity:1;stop-color:var(--linear-gradient-ca-07-eb-5-color-2)\"><\/stop><\/linearGradient><\/defs><\/svg><svg xmlns=\"http:\/\/www.w3.org\/2000\/svg\" viewBox=\"0 0 576 512\" aria-hidden=\"true\" width=\"32\" height=\"32\"><path d=\"M249.6 471.5c10.8 3.8 22.4-4.1 22.4-15.5V78.6c0-4.2-1.6-8.4-5-11C247.4 52 202.4 32 144 32C93.5 32 46.3 45.3 18.1 56.1C6.8 60.5 0 71.7 0 83.8V454.1c0 11.9 12.8 20.2 24.1 16.5C55.6 460.1 105.5 448 144 448c33.9 0 79 14 105.6 23.5zm76.8 0C353 462 398.1 448 432 448c38.5 0 88.4 12.1 119.9 22.6c11.3 3.8 24.1-4.6 24.1-16.5V83.8c0-12.1-6.8-23.3-18.1-27.6C529.7 45.3 482.5 32 432 32c-58.4 0-103.4 20-123 35.6c-3.3 2.6-5 6.8-5 11V456c0 11.4 11.7 19.3 22.4 15.5z\"><\/path><\/svg><\/div><\/span><\/div>\n\n\n\n<div class=\"wp-block-stackable-heading stk-block-heading stk-block-heading--v2 stk-block stk-a08b1ac\" id=\"span-style-color-000000-class-stk-highlight-normativa-span\" data-block-id=\"a08b1ac\"><style>.stk-a08b1ac .stk-block-heading__text{color:#000000 !important;font-weight:500 !important;font-family:\"ArgentumSans\", Sans-serif !important;}<\/style><h4 class=\"stk-block-heading__text has-text-color\"><span style=\"color: #000000;\" class=\"stk-highlight\">Normativa<\/span><\/h4><\/div>\n<\/div><\/div>\n<\/div><\/div><\/summary>\n\n\n\n<div class=\"wp-block-stackable-column stk-block-column stk-column stk-block stk-6028bc6 stk-block-accordion__content\" data-v=\"4\" data-block-id=\"6028bc6\"><style>.stk-6028bc6 {margin-top:-30px !important;}<\/style><div class=\"stk-column-wrapper stk-block-column__content stk-container stk-6028bc6-container stk--no-background stk--no-padding\"><div class=\"stk-block-content stk-inner-blocks stk-6028bc6-inner-blocks\">\n<ul class=\"wp-block-list\">\n<li><a href=\"http:\/\/riull.ull.es\/xmlui\/handle\/915\/28242\" target=\"_blank\" rel=\"noreferrer noopener\" target=\"_blank\" rel=\"noopener\">Reglamento de la Asignatura \u201cTrabajo Fin de Grado\u201d de la Universidad de La Laguna\u00a0<\/a><\/li>\n\n\n\n<li><a href=\"https:\/\/drive.google.com\/open?id=15ZduQiG86qorKn4xWO5wKb34KegxQYCD&amp;usp=drive_fs\" target=\"_blank\" rel=\"noreferrer noopener\" target=\"_blank\" rel=\"noopener\">Reglamento del Trabajo de Fin de Grado en Historia del Arte<\/a><\/li>\n<\/ul>\n<\/div><\/div><\/div>\n<\/details>\n<\/div><\/div><\/div>\n<\/div><\/div>\n","protected":false},"excerpt":{"rendered":"<p>Final Degree Project As specified in the structure of the Study Plans in the Degrees of Geography and Territorial Planning, in History and in Art History, currently taught in the Faculty of Geography and History, the TFG are subjects of the second semester of the fourth year of the degrees\u2026.<\/p>","protected":false},"author":1,"featured_media":0,"parent":270,"menu_order":3,"comment_status":"closed","ping_status":"closed","template":"templates\/template-frontpage.php","meta":{"footnotes":""},"class_list":["post-33","page","type-page","status-publish","hentry"],"_links":{"self":[{"href":"https:\/\/www.ull.es\/grados\/historia-del-arte\/en\/wp-json\/wp\/v2\/pages\/33","targetHints":{"allow":["GET"]}}],"collection":[{"href":"https:\/\/www.ull.es\/grados\/historia-del-arte\/en\/wp-json\/wp\/v2\/pages"}],"about":[{"href":"https:\/\/www.ull.es\/grados\/historia-del-arte\/en\/wp-json\/wp\/v2\/types\/page"}],"author":[{"embeddable":true,"href":"https:\/\/www.ull.es\/grados\/historia-del-arte\/en\/wp-json\/wp\/v2\/users\/1"}],"replies":[{"embeddable":true,"href":"https:\/\/www.ull.es\/grados\/historia-del-arte\/en\/wp-json\/wp\/v2\/comments?post=33"}],"version-history":[{"count":27,"href":"https:\/\/www.ull.es\/grados\/historia-del-arte\/en\/wp-json\/wp\/v2\/pages\/33\/revisions"}],"predecessor-version":[{"id":1253,"href":"https:\/\/www.ull.es\/grados\/historia-del-arte\/en\/wp-json\/wp\/v2\/pages\/33\/revisions\/1253"}],"up":[{"embeddable":true,"href":"https:\/\/www.ull.es\/grados\/historia-del-arte\/en\/wp-json\/wp\/v2\/pages\/270"}],"wp:attachment":[{"href":"https:\/\/www.ull.es\/grados\/historia-del-arte\/en\/wp-json\/wp\/v2\/media?parent=33"}],"curies":[{"name":"wp","href":"https:\/\/api.w.org\/{rel}","templated":true}]}}