{"id":42,"date":"2017-06-28T13:01:59","date_gmt":"2017-06-28T13:01:59","guid":{"rendered":"http:\/\/www.ull.es\/masteres\/desarrollo-y-gestion-de-recursos-humanos\/?page_id=42"},"modified":"2025-12-15T07:27:29","modified_gmt":"2025-12-15T07:27:29","slug":"coordinacion-docente","status":"publish","type":"page","link":"https:\/\/www.ull.es\/grados\/historia-e-historia-del-arte\/en\/informacion-academica\/coordinacion-docente\/","title":{"rendered":"Teaching coordination"},"content":{"rendered":"\n<div class=\"wp-block-stackable-columns alignfull stk-block-columns stk-block stk-8657999\" data-block-id=\"8657999\"><style>.stk-8657999 {padding-bottom:0px !important;margin-top:-30px !important;margin-bottom:0px !important;}@media screen and (max-width: 767px){.stk-8657999 {margin-top:-10% !important;}}<\/style><div class=\"stk-row stk-inner-blocks stk-block-content stk-content-align stk-8657999-column alignfull\">\n<div class=\"wp-block-stackable-column stk-block-column stk-column stk-block stk-914f03e\" data-v=\"4\" data-block-id=\"914f03e\"><div class=\"stk-column-wrapper stk-block-column__content stk-container stk-914f03e-container stk--no-background stk--no-padding\"><div class=\"stk-block-content stk-inner-blocks stk-914f03e-inner-blocks\"><style id=\"depicter-1-inline-pre-css\">\n\n.depicter-1:not(.depicter-ready){\n\theight:500px;\n}\n\n\/***** Tablet *****\/\n@media screen and (max-width: 1024px){\n\n.depicter-1:not(.depicter-ready){\n\theight:700px;\n}\n\n}\n\/***** Mobile *****\/\n@media screen and (max-width: 767px){\n\n.depicter-1:not(.depicter-ready){\n\theight:360px;\n}\n\n}\n<\/style>\n<div id=\"depicter-1\" class=\"depicter depicter-document depicter-revert depicter-1 depicter-layout-fullwidth\">\n\n<div class=\"depicter-loading-container depicter-loading dotFlashing-dark\"><div class=\"depicter-loading-dark depicter-dot-flashing\">\n   <span><\/span>\n   <span><\/span>\n   <span><\/span>\n<\/div>\n<\/div>\n<div id=\"depicter-1-section-1\" class=\"depicter-section depicter-1-section-1\" data-name=\"Section 1\" data-type=\"section\" data-local-id=\"section-1\">\n<picture class=\"depicter-bg\">\n<source data-depicter-srcset=\"https:\/\/www.ull.es\/grados\/historia-e-historia-del-arte\/wp-content\/uploads\/sites\/51\/2025\/05\/Imagenes_web_grados_Doble_Grado_en_Historia_y_en_Historia_del_Arte-768x248.jpg, https:\/\/www.ull.es\/grados\/historia-e-historia-del-arte\/wp-content\/uploads\/sites\/51\/2025\/05\/Imagenes_web_grados_Doble_Grado_en_Historia_y_en_Historia_del_Arte.jpg 2x\" srcset=\"data:image\/gif;base64,R0lGODlhAQABAIAAAAAAAP\/\/\/yH5BAEAAAAALAAAAAABAAEAAAIBRAA7\" media=\"(max-width: 1024px)\" \/>\n\n<source data-depicter-srcset=\"https:\/\/www.ull.es\/grados\/historia-e-historia-del-arte\/wp-content\/uploads\/sites\/51\/2025\/05\/Imagenes_web_grados_Doble_Grado_en_Historia_y_en_Historia_del_Arte.jpg, https:\/\/www.ull.es\/grados\/historia-e-historia-del-arte\/wp-content\/uploads\/sites\/51\/2025\/05\/Imagenes_web_grados_Doble_Grado_en_Historia_y_en_Historia_del_Arte-1800x581.jpg 2x\" srcset=\"data:image\/gif;base64,R0lGODlhAQABAIAAAAAAAP\/\/\/yH5BAEAAAAALAAAAAABAAEAAAIBRAA7\" media=\"(min-width: 1025px)\" \/>\n<img decoding=\"async\" src=\"data:image\/gif;base64,R0lGODlhAQABAIAAAAAAAP\/\/\/yH5BAEAAAAALAAAAAABAAEAAAIBRAA7\" data-ken-burns=\"false\" data-tablet-ken-burns=\"false\" data-mobile-ken-burns=\"false\" alt=\"\" data-depicter-src=\"https:\/\/www.ull.es\/grados\/historia-e-historia-del-arte\/wp-content\/uploads\/sites\/51\/2025\/05\/Imagenes_web_grados_Doble_Grado_en_Historia_y_en_Historia_del_Arte.jpg\" data-object-fit=\"custom,custom,\" data-object-position=\"center top,,\" data-crop=\"{'focalPoint':{'x':0.5,'y':0.39000000000000001332267629550187848508358001708984375},'mediaSize':{'width':1792,'height':578}}\" data-tablet-crop=\"{'focalPoint':{'x':0.59999999999999997779553950749686919152736663818359375,'y':0.5},'mediaSize':{'width':2168,'height':700}}\" data-mobile-crop=\"{'focalPoint':{'x':0.5,'y':0.5},'mediaSize':{'width':1115.318416523235782733536325395107269287109375,'height':360}}\" \/>\n<\/picture>\n\n\n<h1 id=\"depicter-1-element-5\" class=\"depicter-element depicter-layer depicter-1-element-5\" data-type=\"text\" data-wrap=\"true\" data-name=\"Text 2\" data-local-id=\"element-5\" data-offset=\"x:87px;y:149px;origin:tl\" data-tablet-offset=\"x:232px;y:293px;origin:tl\" data-mobile-offset=\"x:6px;y:-136px;origin:tl\" data-width=\"1027px,589px,348px\" data-height=\"auto,auto,auto\" data-responsive-scale=\"true,,\">Doble Grado en Historia y en Historia del Arte<\/h1>\n\n<div id=\"depicter-1-element-10\" class=\"depicter-element depicter-layer depicter-1-element-10\" data-type=\"shape\" data-wrap=\"true\" data-name=\"Shape 1\" data-local-id=\"element-10\" data-offset=\"x:87px;y:366px;origin:tl\" data-tablet-offset=\"x:232px;y:426px;origin:tl\" data-mobile-offset=\"x:6px;y:15px;origin:tl\" data-width=\"1008px,555px,309px\" data-height=\"8px,8px,8px\" data-responsive-scale=\"true,,\"><\/div>\n<\/div>\n<\/div>\n<script>\n(window.depicterSetups = window.depicterSetups || []).push(function(){\n\tDepicter.basePath = 'https:\/\/www.ull.es\/grados\/historia-e-historia-del-arte\/wp-content\/plugins\/depicter\/resources\/scripts\/player\/';\n\tconst dpPlayer = Depicter.setup('.depicter-1',\n\t\t{\"width\":[\"1200\",\"1024\",\"360\"],\"height\":[\"500\",\"700\",\"360\"],\"view\":\"basic\",\"keepAspectRatio\":true,\"preload\":0,\"layout\":\"fullwidth\",\"rtl\":false,\"initAfterAppear\":false,\"ajaxApiUrl\":\"https:\\\/\\\/www.ull.es\\\/grados\\\/historia-e-historia-del-arte\\\/wp-admin\\\/admin-ajax.php\",\"mouseSwipe\":true,\"touchSwipe\":true,\"useWatermark\":false}\n\t);\n});\n<\/script><\/div><\/div><\/div>\n<\/div><\/div>\n\n\n\n<div class=\"wp-block-stackable-columns alignfull stk-block-columns stk--hide-mobile stk-block stk-ceecbdc stk-block-background\" data-block-id=\"ceecbdc\"><style>.stk-ceecbdc {background-color:#03256c !important;padding-top:35px !important;padding-right:0px !important;padding-bottom:2px !important;padding-left:0px !important;margin-top:-20px !important;margin-bottom:70px !important;}.stk-ceecbdc:before{background-color:#03256c !important;}<\/style><div class=\"stk-row stk-inner-blocks stk-block-content stk-content-align stk-ceecbdc-column alignfull\">\n<div class=\"wp-block-stackable-column stk-block-column stk-column stk-block stk-fc60a5d\" data-v=\"4\" data-block-id=\"fc60a5d\"><div class=\"stk-column-wrapper stk-block-column__content stk-container stk-fc60a5d-container stk--no-background stk--no-padding\"><div class=\"stk-block-content stk-inner-blocks stk-fc60a5d-inner-blocks\">\n<div class=\"wp-block-stackable-spacer stk-block-spacer stk--no-padding stk-block stk-a3a8a68\" data-block-id=\"a3a8a68\"><style>.stk-a3a8a68 {height:0px !important;}<\/style><\/div>\n<\/div><\/div><\/div>\n<\/div><\/div>\n\n\n\n<div class=\"wp-block-stackable-columns alignwide stk-block-columns stk-block stk-3627255\" data-block-id=\"3627255\"><style>.stk-3627255 {padding-right:16% !important;padding-left:16% !important;margin-bottom:18px !important;}<\/style><div class=\"stk-row stk-inner-blocks stk-block-content stk-content-align stk-3627255-column alignwide\">\n<div class=\"wp-block-stackable-column stk-block-column stk-column stk-block stk-81e665a\" data-v=\"4\" data-block-id=\"81e665a\"><div class=\"stk-column-wrapper stk-block-column__content stk-container stk-81e665a-container stk--no-background stk--no-padding\"><div class=\"stk-block-content stk-inner-blocks stk-81e665a-inner-blocks\">\n<div class=\"wp-block-stackable-heading stk-block-heading stk-block-heading--v2 stk-block stk-97878e6\" id=\"coordinacion-docente\" data-block-id=\"97878e6\"><style>.stk-97878e6 .stk-block-heading__text{color:#03256c !important;}<\/style><h1 class=\"stk-block-heading__text has-text-color\">Coordinaci\u00f3n docente<\/h1><\/div>\n\n\n\n<p>La Comisi\u00f3n de Calidad de la Facultad de Humanidades se estructura en distintas Comisiones y Subcomisiones. Dicha Comisi\u00f3n de Calidad contin\u00faa vigente a nivel de Secci\u00f3n de Geograf\u00eda e Historia una vez culminada la fusi\u00f3n de centros.<\/p>\n\n\n\n<p>Compete a la&nbsp;<strong>Comisi\u00f3n Acad\u00e9mica<\/strong>&nbsp;la Coordinaci\u00f3n Docente, lo que implica la coordinaci\u00f3n entre las distintas materias del plan de estudio, con la finalidad de mejorar el rendimiento del alumnado y facilitar el establecimiento de sinergias en el desarrollo de las actividades de ense\u00f1anza-aprendizaje.<\/p>\n\n\n\n<p>La coordinaci\u00f3n se lleva a cabo a trav\u00e9s de reuniones de los tutores coordinadores de cada Grado con los tutores de carrera del Grado.<\/p>\n\n\n\n<p>Adem\u00e1s, se ha establecido una coordinaci\u00f3n por cursos en la que est\u00e1n implicados todos los profesores que imparten docencia en el mismo curso, convocados por el&nbsp;<strong>Coordinador de Curso<\/strong>. Es el referente para todos los coordinadores de asignatura de un mismo curso y su objetivo principal es coordinar la planificaci\u00f3n docente del curso.<\/p>\n\n\n\n<p><strong>Coordinador de asignaturas<\/strong>. Es el responsable de los aspectos organizativos de los grupos te\u00f3ricos y pr\u00e1cticos de la asignatura.<\/p>\n\n\n\n<p>Por cada cuatrimestre se programan un m\u00ednimo de dos convocatorias de reuniones, una al principio y otra al final del mismo. Finalizado el curso acad\u00e9mico los coordinadores de los cursos se re\u00fanen con el&nbsp;<strong>Tutor coordinador acad\u00e9mico<\/strong>&nbsp;de cada Grado para tratar los temas que afecten a la coordinaci\u00f3n. De cada reuni\u00f3n se levanta acta, con indicaci\u00f3n de los asistentes y se elabora un informe con los temas tratados y acuerdos a los que se llegue y se remite a la Comisi\u00f3n de Calidad de Centro.<\/p>\n<\/div><\/div><\/div>\n<\/div><\/div>\n","protected":false},"excerpt":{"rendered":"<p>Coordinaci\u00f3n docente La Comisi\u00f3n de Calidad de la Facultad de Humanidades se estructura en distintas Comisiones y Subcomisiones. Dicha Comisi\u00f3n de Calidad contin\u00faa vigente a nivel de Secci\u00f3n de Geograf\u00eda e Historia una vez culminada la fusi\u00f3n de centros. Compete a la&nbsp;Comisi\u00f3n Acad\u00e9mica&nbsp;la Coordinaci\u00f3n Docente, lo que implica la coordinaci\u00f3n entre las distintas materias del&#8230;<\/p>","protected":false},"author":1,"featured_media":0,"parent":252,"menu_order":6,"comment_status":"closed","ping_status":"closed","template":"templates\/template-frontpage.php","meta":{"footnotes":""},"class_list":["post-42","page","type-page","status-publish","hentry"],"_links":{"self":[{"href":"https:\/\/www.ull.es\/grados\/historia-e-historia-del-arte\/en\/wp-json\/wp\/v2\/pages\/42","targetHints":{"allow":["GET"]}}],"collection":[{"href":"https:\/\/www.ull.es\/grados\/historia-e-historia-del-arte\/en\/wp-json\/wp\/v2\/pages"}],"about":[{"href":"https:\/\/www.ull.es\/grados\/historia-e-historia-del-arte\/en\/wp-json\/wp\/v2\/types\/page"}],"author":[{"embeddable":true,"href":"https:\/\/www.ull.es\/grados\/historia-e-historia-del-arte\/en\/wp-json\/wp\/v2\/users\/1"}],"replies":[{"embeddable":true,"href":"https:\/\/www.ull.es\/grados\/historia-e-historia-del-arte\/en\/wp-json\/wp\/v2\/comments?post=42"}],"version-history":[{"count":24,"href":"https:\/\/www.ull.es\/grados\/historia-e-historia-del-arte\/en\/wp-json\/wp\/v2\/pages\/42\/revisions"}],"predecessor-version":[{"id":1378,"href":"https:\/\/www.ull.es\/grados\/historia-e-historia-del-arte\/en\/wp-json\/wp\/v2\/pages\/42\/revisions\/1378"}],"up":[{"embeddable":true,"href":"https:\/\/www.ull.es\/grados\/historia-e-historia-del-arte\/en\/wp-json\/wp\/v2\/pages\/252"}],"wp:attachment":[{"href":"https:\/\/www.ull.es\/grados\/historia-e-historia-del-arte\/en\/wp-json\/wp\/v2\/media?parent=42"}],"curies":[{"name":"wp","href":"https:\/\/api.w.org\/{rel}","templated":true}]}}