{"id":37,"date":"2017-06-28T12:58:45","date_gmt":"2017-06-28T12:58:45","guid":{"rendered":"http:\/\/www.ull.es\/masteres\/desarrollo-y-gestion-de-recursos-humanos\/?page_id=30"},"modified":"2025-10-31T10:19:49","modified_gmt":"2025-10-31T10:19:49","slug":"perfil-de-ingreso-y-egreso","status":"publish","type":"page","link":"https:\/\/www.ull.es\/grados\/historia-e-historia-del-arte\/fr\/informacion-academica\/perfil-de-ingreso-y-egreso\/","title":{"rendered":"Profil d&#039;admission et de sortie"},"content":{"rendered":"\n<div class=\"wp-block-stackable-columns alignfull stk-block-columns stk-block stk-8657999\" data-block-id=\"8657999\"><style>.stk-8657999 {padding-bottom:0px !important;margin-top:-30px !important;margin-bottom:0px !important;}@media screen and (max-width: 767px){.stk-8657999 {margin-top:-10% !important;}}<\/style><div class=\"stk-row stk-inner-blocks stk-block-content stk-content-align stk-8657999-column alignfull\">\n<div class=\"wp-block-stackable-column stk-block-column stk-column stk-block stk-914f03e\" data-v=\"4\" data-block-id=\"914f03e\"><div class=\"stk-column-wrapper stk-block-column__content stk-container stk-914f03e-container stk--no-background stk--no-padding\"><div class=\"stk-block-content stk-inner-blocks stk-914f03e-inner-blocks\"><style id=\"depicter-1-inline-pre-css\">\n\n.depicter-1:not(.depicter-ready){\n\theight:500px;\n}\n\n\/***** Tablet *****\/\n@media screen and (max-width: 1024px){\n\n.depicter-1:not(.depicter-ready){\n\theight:700px;\n}\n\n}\n\/***** Mobile *****\/\n@media screen and (max-width: 767px){\n\n.depicter-1:not(.depicter-ready){\n\theight:360px;\n}\n\n}\n<\/style>\n<div id=\"depicter-1\" class=\"depicter depicter-document depicter-revert depicter-1 depicter-layout-fullwidth\">\n\n<div class=\"depicter-loading-container depicter-loading dotFlashing-dark\"><div class=\"depicter-loading-dark depicter-dot-flashing\">\n   <span><\/span>\n   <span><\/span>\n   <span><\/span>\n<\/div>\n<\/div>\n<div id=\"depicter-1-section-1\" class=\"depicter-section depicter-1-section-1\" data-name=\"Section 1\" data-type=\"section\" data-local-id=\"section-1\">\n<picture class=\"depicter-bg\">\n<source data-depicter-srcset=\"https:\/\/www.ull.es\/grados\/historia-e-historia-del-arte\/wp-content\/uploads\/sites\/51\/2025\/05\/Imagenes_web_grados_Doble_Grado_en_Historia_y_en_Historia_del_Arte-768x248.jpg, https:\/\/www.ull.es\/grados\/historia-e-historia-del-arte\/wp-content\/uploads\/sites\/51\/2025\/05\/Imagenes_web_grados_Doble_Grado_en_Historia_y_en_Historia_del_Arte.jpg 2x\" srcset=\"data:image\/gif;base64,R0lGODlhAQABAIAAAAAAAP\/\/\/yH5BAEAAAAALAAAAAABAAEAAAIBRAA7\" media=\"(max-width: 1024px)\" \/>\n\n<source data-depicter-srcset=\"https:\/\/www.ull.es\/grados\/historia-e-historia-del-arte\/wp-content\/uploads\/sites\/51\/2025\/05\/Imagenes_web_grados_Doble_Grado_en_Historia_y_en_Historia_del_Arte.jpg, https:\/\/www.ull.es\/grados\/historia-e-historia-del-arte\/wp-content\/uploads\/sites\/51\/2025\/05\/Imagenes_web_grados_Doble_Grado_en_Historia_y_en_Historia_del_Arte-1800x581.jpg 2x\" srcset=\"data:image\/gif;base64,R0lGODlhAQABAIAAAAAAAP\/\/\/yH5BAEAAAAALAAAAAABAAEAAAIBRAA7\" media=\"(min-width: 1025px)\" \/>\n<img decoding=\"async\" src=\"data:image\/gif;base64,R0lGODlhAQABAIAAAAAAAP\/\/\/yH5BAEAAAAALAAAAAABAAEAAAIBRAA7\" data-ken-burns=\"false\" data-tablet-ken-burns=\"false\" data-mobile-ken-burns=\"false\" alt=\"\" data-depicter-src=\"https:\/\/www.ull.es\/grados\/historia-e-historia-del-arte\/wp-content\/uploads\/sites\/51\/2025\/05\/Imagenes_web_grados_Doble_Grado_en_Historia_y_en_Historia_del_Arte.jpg\" data-object-fit=\"custom,custom,\" data-object-position=\"center top,,\" data-crop=\"{'focalPoint':{'x':0.5,'y':0.39000000000000001332267629550187848508358001708984375},'mediaSize':{'width':1792,'height':578}}\" data-tablet-crop=\"{'focalPoint':{'x':0.59999999999999997779553950749686919152736663818359375,'y':0.5},'mediaSize':{'width':2168,'height':700}}\" data-mobile-crop=\"{'focalPoint':{'x':0.5,'y':0.5},'mediaSize':{'width':1115.318416523235782733536325395107269287109375,'height':360}}\" \/>\n<\/picture>\n\n\n<h1 id=\"depicter-1-element-5\" class=\"depicter-element depicter-layer depicter-1-element-5\" data-type=\"text\" data-wrap=\"true\" data-name=\"Text 2\" data-local-id=\"element-5\" data-offset=\"x:87px;y:149px;origin:tl\" data-tablet-offset=\"x:232px;y:293px;origin:tl\" data-mobile-offset=\"x:6px;y:-136px;origin:tl\" data-width=\"1027px,589px,348px\" data-height=\"auto,auto,auto\" data-responsive-scale=\"true,,\">Doble Grado en Historia y en Historia del Arte<\/h1>\n\n<div id=\"depicter-1-element-10\" class=\"depicter-element depicter-layer depicter-1-element-10\" data-type=\"shape\" data-wrap=\"true\" data-name=\"Shape 1\" data-local-id=\"element-10\" data-offset=\"x:87px;y:366px;origin:tl\" data-tablet-offset=\"x:232px;y:426px;origin:tl\" data-mobile-offset=\"x:6px;y:15px;origin:tl\" data-width=\"1008px,555px,309px\" data-height=\"8px,8px,8px\" data-responsive-scale=\"true,,\"><\/div>\n<\/div>\n<\/div>\n<script>\n(window.depicterSetups = window.depicterSetups || []).push(function(){\n\tDepicter.basePath = 'https:\/\/www.ull.es\/grados\/historia-e-historia-del-arte\/wp-content\/plugins\/depicter\/resources\/scripts\/player\/';\n\tconst dpPlayer = Depicter.setup('.depicter-1',\n\t\t{\"width\":[\"1200\",\"1024\",\"360\"],\"height\":[\"500\",\"700\",\"360\"],\"view\":\"basic\",\"keepAspectRatio\":true,\"preload\":0,\"layout\":\"fullwidth\",\"rtl\":false,\"initAfterAppear\":false,\"ajaxApiUrl\":\"https:\\\/\\\/www.ull.es\\\/grados\\\/historia-e-historia-del-arte\\\/wp-admin\\\/admin-ajax.php\",\"mouseSwipe\":true,\"touchSwipe\":true,\"useWatermark\":false}\n\t);\n});\n<\/script><\/div><\/div><\/div>\n<\/div><\/div>\n\n\n\n<div class=\"wp-block-stackable-columns alignfull stk-block-columns stk--hide-mobile stk-block stk-ceecbdc stk-block-background\" data-block-id=\"ceecbdc\"><style>.stk-ceecbdc {background-color:#03256c !important;padding-top:35px !important;padding-right:0px !important;padding-bottom:2px !important;padding-left:0px !important;margin-top:-20px !important;margin-bottom:70px !important;}.stk-ceecbdc:before{background-color:#03256c !important;}<\/style><div class=\"stk-row stk-inner-blocks stk-block-content stk-content-align stk-ceecbdc-column alignfull\">\n<div class=\"wp-block-stackable-column stk-block-column stk-column stk-block stk-fc60a5d\" data-v=\"4\" data-block-id=\"fc60a5d\"><div class=\"stk-column-wrapper stk-block-column__content stk-container stk-fc60a5d-container stk--no-background stk--no-padding\"><div class=\"stk-block-content stk-inner-blocks stk-fc60a5d-inner-blocks\">\n<div class=\"wp-block-stackable-spacer stk-block-spacer stk--no-padding stk-block stk-a3a8a68\" data-block-id=\"a3a8a68\"><style>.stk-a3a8a68 {height:0px !important;}<\/style><\/div>\n<\/div><\/div><\/div>\n<\/div><\/div>\n\n\n\n<div class=\"wp-block-stackable-columns alignwide stk-block-columns stk-block stk-3627255\" data-block-id=\"3627255\"><style>.stk-3627255 {padding-right:16% !important;padding-left:16% !important;margin-bottom:18px !important;}<\/style><div class=\"stk-row stk-inner-blocks stk-block-content stk-content-align stk-3627255-column alignwide\">\n<div class=\"wp-block-stackable-column stk-block-column stk-column stk-block stk-81e665a\" data-v=\"4\" data-block-id=\"81e665a\"><div class=\"stk-column-wrapper stk-block-column__content stk-container stk-81e665a-container stk--no-background stk--no-padding\"><div class=\"stk-block-content stk-inner-blocks stk-81e665a-inner-blocks\">\n<div class=\"wp-block-stackable-heading stk-block-heading stk-block-heading--v2 stk-block stk-97878e6\" id=\"perfil-de-ingreso-y-egreso\" data-block-id=\"97878e6\"><style>.stk-97878e6 .stk-block-heading__text{color:#03256c !important;}<\/style><h1 class=\"stk-block-heading__text has-text-color\">Perfil de ingreso y egreso<\/h1><\/div>\n\n\n\n<p>La normativa de acceso a la Universidad establece que el alumnado tendr\u00e1 que superar las Pruebas de PAU (Prueba para el Acceso a la Universidad), despu\u00e9s de haber cursado cualquiera de las modalidades de bachillerato. En el caso de que la demanda de plazas superase la oferta, se usar\u00e1 como baremo la nota final lograda en dichas pruebas. Adem\u00e1s, la Universidad de La Laguna posibilita el ingreso mediante el curso y la prueba de acceso para mayores de 25 a\u00f1os, dirigida a quienes cumplan este requisito y carezcan de la PAU o pruebas afines (R.D. 743\/2003, de 20 de junio,&nbsp;<a href=\"http:\/\/www.boe.es\/boe\/dias\/2003\/07\/04\/pdfs\/A26037-26039.pdf\" target=\"_blank\" rel=\"noreferrer noopener\" target=\"_blank\" rel=\"noopener\">BOE de 4 de julio de 2003<\/a>).<\/p>\n\n\n\n<p>Teniendo en cuenta las caracter\u00edsticas y objetivos de los estudios de Historia e Historia del Arte, ser\u00eda deseable que el futuro alumnado de nuestra titulaci\u00f3n sintiera curiosidad por descubrir el desarrollo de la humanidad desde sus or\u00edgenes hasta la actual globalizaci\u00f3n, mostrara preocupaci\u00f3n por el patrimonio cultural y tuviera inter\u00e9s por reflexionar desde una perspectiva human\u00edstica sobre los principales problemas sociales, econ\u00f3micos, pol\u00edticos, ambientales, culturales etc., que nos aquejan. Ser\u00eda muy positivo tambi\u00e9n que manifestara atracci\u00f3n por mantener una actitud cr\u00edtica ante la Historia de la humanidad y sus manifestaciones art\u00edsticas, que se interesara por los procesos de cambio y de continuidad, por la diversidad cultural y la perspectiva de g\u00e9nero en el an\u00e1lisis de las sociedades.&nbsp;<\/p>\n\n\n\n<p>Al mismo tiempo, son cualidades positivas para cursar este Grado querer desarrollar las competencias necesarias para expresarse con fluidez, tanto de manera oral como escrita y ser capaz de manejarse, al menos de forma elemental, en una lengua extranjera.<\/p>\n\n\n\n<p>En consecuencia, el alumnado que optara por integrarse en el proyecto formativo de nuestro Grado, deber\u00eda concebir la Historia y la Historia del Arte como ciencias human\u00edsticas en continua construcci\u00f3n y no como un cuerpo de conocimientos est\u00e1ticos y manifestar las ganas de comprender y enriquecer su visi\u00f3n de los procesos hist\u00f3ricos y art\u00edsticos.<\/p>\n\n\n\n<p>El Doble Grado en Historia y en Historia del Arte proporciona una formaci\u00f3n diversificada, interdisciplinar y actualizada que capacita a sus egresados y egresadas para afrontar las demandas de un amplio sector cultural, en el que el conocimiento de la Historia y la Historia del arte es importante. En este sentido, sobresalen los \u00e1mbitos m\u00e1s tradicionales de la investigaci\u00f3n y la educaci\u00f3n, pero tambi\u00e9n otros emergentes como la gesti\u00f3n patrimonial, los museos, los medios de comunicaci\u00f3n audiovisual o el mundo editorial. Por tanto, en el Doble Grado en Historia y en Historia del Arte, la formaci\u00f3n recibida permitir\u00e1 a sus egresados y egresadas el ejercicio profesional en los siguientes \u00e1mbitos:<\/p>\n\n\n\n<ul class=\"wp-block-list\">\n<li>Las actividades investigadoras en Historia, Historia del arte y Arqueolog\u00eda<\/li>\n\n\n\n<li>Las actividades relacionadas con la gesti\u00f3n del patrimonio hist\u00f3rico, art\u00edstico, arqueol\u00f3gico y documental<\/li>\n\n\n\n<li>Las actividades relacionadas con museos, bibliotecas, archivos y gesti\u00f3n documental, filmotecas, fundaciones culturales, etc.<\/li>\n\n\n\n<li>Las actividades de difusi\u00f3n y gesti\u00f3n cultural<\/li>\n\n\n\n<li>Las actividades relacionadas con el an\u00e1lisis y asesoramiento ante fen\u00f3menos sociales.<\/li>\n\n\n\n<li>Las actividades vinculadas con planeamiento urban\u00edstico, catalogaci\u00f3n patrimonial, asesor\u00eda t\u00e9cnica y programas de turismo cultural e interpretaci\u00f3n del patrimonio, etc.<\/li>\n\n\n\n<li>Mercado del arte<\/li>\n<\/ul>\n<\/div><\/div><\/div>\n<\/div><\/div>\n","protected":false},"excerpt":{"rendered":"<p>Perfil de ingreso y egreso La normativa de acceso a la Universidad establece que el alumnado tendr\u00e1 que superar las Pruebas de PAU (Prueba para el Acceso a la Universidad), despu\u00e9s de haber cursado cualquiera de las modalidades de bachillerato. En el caso de que la demanda de plazas superase la oferta, se usar\u00e1 como&#8230;<\/p>","protected":false},"author":1,"featured_media":0,"parent":252,"menu_order":1,"comment_status":"closed","ping_status":"closed","template":"templates\/template-frontpage.php","meta":{"footnotes":""},"class_list":["post-37","page","type-page","status-publish","hentry"],"_links":{"self":[{"href":"https:\/\/www.ull.es\/grados\/historia-e-historia-del-arte\/fr\/wp-json\/wp\/v2\/pages\/37","targetHints":{"allow":["GET"]}}],"collection":[{"href":"https:\/\/www.ull.es\/grados\/historia-e-historia-del-arte\/fr\/wp-json\/wp\/v2\/pages"}],"about":[{"href":"https:\/\/www.ull.es\/grados\/historia-e-historia-del-arte\/fr\/wp-json\/wp\/v2\/types\/page"}],"author":[{"embeddable":true,"href":"https:\/\/www.ull.es\/grados\/historia-e-historia-del-arte\/fr\/wp-json\/wp\/v2\/users\/1"}],"replies":[{"embeddable":true,"href":"https:\/\/www.ull.es\/grados\/historia-e-historia-del-arte\/fr\/wp-json\/wp\/v2\/comments?post=37"}],"version-history":[{"count":16,"href":"https:\/\/www.ull.es\/grados\/historia-e-historia-del-arte\/fr\/wp-json\/wp\/v2\/pages\/37\/revisions"}],"predecessor-version":[{"id":1328,"href":"https:\/\/www.ull.es\/grados\/historia-e-historia-del-arte\/fr\/wp-json\/wp\/v2\/pages\/37\/revisions\/1328"}],"up":[{"embeddable":true,"href":"https:\/\/www.ull.es\/grados\/historia-e-historia-del-arte\/fr\/wp-json\/wp\/v2\/pages\/252"}],"wp:attachment":[{"href":"https:\/\/www.ull.es\/grados\/historia-e-historia-del-arte\/fr\/wp-json\/wp\/v2\/media?parent=37"}],"curies":[{"name":"wp","href":"https:\/\/api.w.org\/{rel}","templated":true}]}}