{"id":34,"date":"2017-06-28T12:52:52","date_gmt":"2017-06-28T12:52:52","guid":{"rendered":"http:\/\/www.ull.es\/masteres\/desarrollo-y-gestion-de-recursos-humanos\/?page_id=24"},"modified":"2025-12-12T11:54:58","modified_gmt":"2025-12-12T11:54:58","slug":"estructura-del-plan-de-estudios","status":"publish","type":"page","link":"https:\/\/www.ull.es\/grados\/historia\/fr\/plan-de-estudios\/estructura-del-plan-de-estudios\/","title":{"rendered":"Structure du programme"},"content":{"rendered":"\n<div class=\"wp-block-stackable-columns alignfull stk-block-columns stk-block stk-8657999\" data-block-id=\"8657999\"><style>.stk-8657999 {padding-bottom:0px !important;margin-top:-30px !important;margin-bottom:0px !important;}@media screen and (max-width: 767px){.stk-8657999 {margin-top:-10% !important;}}<\/style><div class=\"stk-row stk-inner-blocks stk-block-content stk-content-align stk-8657999-column alignfull\">\n<div class=\"wp-block-stackable-column stk-block-column stk-column stk-block stk-914f03e\" data-v=\"4\" data-block-id=\"914f03e\"><div class=\"stk-column-wrapper stk-block-column__content stk-container stk-914f03e-container stk--no-background stk--no-padding\"><div class=\"stk-block-content stk-inner-blocks stk-914f03e-inner-blocks\"><style id=\"depicter-1-inline-pre-css\">\n\n.depicter-1:not(.depicter-ready){\n\theight:500px;\n}\n\n\/***** Tablet *****\/\n@media screen and (max-width: 1024px){\n\n.depicter-1:not(.depicter-ready){\n\theight:700px;\n}\n\n}\n\/***** Mobile *****\/\n@media screen and (max-width: 767px){\n\n.depicter-1:not(.depicter-ready){\n\theight:360px;\n}\n\n}\n<\/style>\n<div id=\"depicter-1\" class=\"depicter depicter-document depicter-revert depicter-1 depicter-layout-fullwidth\">\n\n<div class=\"depicter-loading-container depicter-loading dotFlashing-dark\"><div class=\"depicter-loading-dark depicter-dot-flashing\">\n   <span><\/span>\n   <span><\/span>\n   <span><\/span>\n<\/div>\n<\/div>\n<div id=\"depicter-1-section-1\" class=\"depicter-section depicter-1-section-1\" data-name=\"Section 1\" data-type=\"section\" data-local-id=\"section-1\">\n<picture class=\"depicter-bg\">\n<source data-depicter-srcset=\"https:\/\/www.ull.es\/grados\/historia\/wp-content\/uploads\/sites\/26\/2025\/04\/Slider_Historia-768x248.jpg, https:\/\/www.ull.es\/grados\/historia\/wp-content\/uploads\/sites\/26\/2025\/04\/Slider_Historia.jpg 2x\" srcset=\"data:image\/gif;base64,R0lGODlhAQABAIAAAAAAAP\/\/\/yH5BAEAAAAALAAAAAABAAEAAAIBRAA7\" media=\"(max-width: 1024px)\" \/>\n\n<source data-depicter-srcset=\"https:\/\/www.ull.es\/grados\/historia\/wp-content\/uploads\/sites\/26\/2025\/04\/Slider_Historia.jpg, https:\/\/www.ull.es\/grados\/historia\/wp-content\/uploads\/sites\/26\/2025\/04\/Slider_Historia-1920x620.jpg 2x\" srcset=\"data:image\/gif;base64,R0lGODlhAQABAIAAAAAAAP\/\/\/yH5BAEAAAAALAAAAAABAAEAAAIBRAA7\" media=\"(min-width: 1025px)\" \/>\n<img decoding=\"async\" src=\"data:image\/gif;base64,R0lGODlhAQABAIAAAAAAAP\/\/\/yH5BAEAAAAALAAAAAABAAEAAAIBRAA7\" data-ken-burns=\"false\" data-tablet-ken-burns=\"false\" data-mobile-ken-burns=\"false\" alt=\"\" data-depicter-src=\"https:\/\/www.ull.es\/grados\/historia\/wp-content\/uploads\/sites\/26\/2025\/04\/Slider_Historia.jpg\" data-object-fit=\"custom,custom,\" data-object-position=\"center top,,\" data-crop=\"{'focalPoint':{'x':0.5,'y':0.5},'mediaSize':{'width':1393.54838709677414954057894647121429443359375,'height':450}}\" data-tablet-crop=\"{'focalPoint':{'x':0.5,'y':0.5},'mediaSize':{'width':2167.7419354838712024502456188201904296875,'height':700.0000000000001136868377216160297393798828125}}\" data-mobile-crop=\"{'focalPoint':{'x':0.5,'y':0.5},'mediaSize':{'width':1114.8387096774195015314035117626190185546875,'height':360}}\" \/>\n<\/picture>\n\n\n<h1 id=\"depicter-1-element-5\" class=\"depicter-element depicter-layer depicter-1-element-5\" data-type=\"text\" data-wrap=\"true\" data-name=\"Text 2\" data-local-id=\"element-5\" data-offset=\"x:225px;y:200px;origin:tl\" data-tablet-offset=\"x:333px;y:327px;origin:tl\" data-mobile-offset=\"x:6px;y:-106px;origin:tl\" data-width=\"751px,359px,348px\" data-height=\"auto,auto,auto\" data-responsive-scale=\"true,,\">Grado en Historia<\/h1>\n\n<div id=\"depicter-1-element-10\" class=\"depicter-element depicter-layer depicter-1-element-10\" data-type=\"shape\" data-wrap=\"true\" data-name=\"Shape 1\" data-local-id=\"element-10\" data-offset=\"x:225px;y:301px;origin:tl\" data-tablet-offset=\"x:333px;y:380px;origin:tl\" data-mobile-offset=\"x:25px;y:-43px;origin:tl\" data-width=\"719px,329px,309px\" data-height=\"8px,8px,8px\" data-responsive-scale=\"true,,\"><\/div>\n<\/div>\n<\/div>\n<script>\n(window.depicterSetups = window.depicterSetups || []).push(function(){\n\tDepicter.basePath = 'https:\/\/www.ull.es\/grados\/historia\/wp-content\/plugins\/depicter\/resources\/scripts\/player\/';\n\tconst dpPlayer = Depicter.setup('.depicter-1',\n\t\t{\"width\":[\"1200\",\"1024\",\"360\"],\"height\":[\"500\",\"700\",\"360\"],\"view\":\"basic\",\"keepAspectRatio\":true,\"preload\":0,\"layout\":\"fullwidth\",\"rtl\":false,\"initAfterAppear\":false,\"ajaxApiUrl\":\"https:\\\/\\\/www.ull.es\\\/grados\\\/historia\\\/wp-admin\\\/admin-ajax.php\",\"mouseSwipe\":true,\"touchSwipe\":true,\"useWatermark\":false}\n\t);\n});\n<\/script><\/div><\/div><\/div>\n<\/div><\/div>\n\n\n\n<div class=\"wp-block-stackable-columns alignfull stk-block-columns stk--hide-mobile stk-block stk-ceecbdc stk-block-background\" data-block-id=\"ceecbdc\"><style>.stk-ceecbdc {background-color:#360060 !important;padding-top:35px !important;padding-right:0px !important;padding-bottom:2px !important;padding-left:0px !important;margin-top:-20px !important;margin-bottom:70px !important;}.stk-ceecbdc:before{background-color:#360060 !important;}<\/style><div class=\"stk-row stk-inner-blocks stk-block-content stk-content-align stk-ceecbdc-column alignfull\">\n<div class=\"wp-block-stackable-column stk-block-column stk-column stk-block stk-fc60a5d\" data-v=\"4\" data-block-id=\"fc60a5d\"><div class=\"stk-column-wrapper stk-block-column__content stk-container stk-fc60a5d-container stk--no-background stk--no-padding\"><div class=\"stk-block-content stk-inner-blocks stk-fc60a5d-inner-blocks\">\n<div class=\"wp-block-stackable-spacer stk-block-spacer stk--no-padding stk-block stk-a3a8a68\" data-block-id=\"a3a8a68\"><style>.stk-a3a8a68 {height:0px !important;}<\/style><\/div>\n<\/div><\/div><\/div>\n<\/div><\/div>\n\n\n\n<div class=\"wp-block-stackable-columns stk-block-columns stk-block stk-8b59b96\" data-block-id=\"8b59b96\"><style>.stk-8b59b96 .stk--block-align-8b59b96{align-items:flex-start !important;}.stk-8b59b96 {margin-top:25px !important;}.stk-8b59b96-column{--stk-columns-spacing:0px !important;--stk-column-gap:50px !important;}@media screen and (max-width: 767px){.stk-8b59b96-column{row-gap:var(--stk--preset--spacing--60, 2.25rem) !important;}}<\/style><div class=\"stk-row stk-inner-blocks stk--block-align-8b59b96 stk-block-content stk-content-align stk-8b59b96-column\">\n<div class=\"wp-block-stackable-column stk-block-column stk-column stk-block stk-dbb7e15\" data-v=\"4\" data-block-id=\"dbb7e15\"><style>@media screen and (min-width: 768px){.stk-dbb7e15 {flex:var(--stk-flex-grow, 1) 1 calc(70% - var(--stk-column-gap, 0px) * 1 \/ 2 ) !important;}}<\/style><div class=\"stk-column-wrapper stk-block-column__content stk-container stk-dbb7e15-container stk--no-background stk--no-padding\"><div class=\"stk-block-content stk-inner-blocks stk-dbb7e15-inner-blocks\">\n<div class=\"wp-block-stackable-heading stk-block-heading stk-block-heading--v2 stk-block stk-689c258\" id=\"estructura-del-plan-de-estudios\" data-block-id=\"689c258\"><style>.stk-689c258 .stk-block-heading__text{color:#5c068c !important;}<\/style><h1 class=\"stk-block-heading__text has-text-color\">Estructura del Plan de estudios<\/h1><\/div>\n\n\n\n<h3 class=\"wp-block-heading\">1. Distribuci\u00f3n del plan de estudios por tipo de asignatura<\/h3>\n\n\n\n<p>El Plan de Estudios de la titulaci\u00f3n Graduado\/a en Historia por la Universidad de La Laguna tiene un total de 240 cr\u00e9ditos de acuerdo con la distribuci\u00f3n que figura en las tablas adjuntas atendiendo a las materias de la rama, asignaturas obligatorias y optativas, trabajo de fin de grado y pr\u00e1cticas externas.<\/p>\n\n\n\n<div class=\"wp-block-stackable-spacer stk-block-spacer stk--no-padding stk-block stk-7352001\" data-block-id=\"7352001\"><\/div>\n\n\n\n<style>\ntable td, table th {\n  transition: transform 0.2s, box-shadow 0.2s;\n}\ntable td:hover, table th:hover {\n  transform: scale(1.02);\n  box-shadow: 0 0.75rem 1.5rem rgba(0,0,0,0.15);\n}\n<\/style>\n<table class=\"table table-bordered table-striped align-middle text-center shadow\" style=\"border-collapse: separate; border-spacing: 0; box-shadow: 0 0.5rem 1rem rgba(0,0,0,0.15); border-radius:2rem;\">\n  <thead style=\"background-color: #360060; color: #fff;\">\n    <tr>\n      <th scope=\"col\" colspan=\"10\" style=\"text-align:center; border-top-left-radius: 1.5rem; border-top-right-radius: 1.5rem;\">Distribuci\u00f3n del plan de estudios por tipo de materia<\/th>\n    <\/tr>\n  <\/thead>\n  <tbody>\n    <tr class=\"fw-bold text-white\" style=\"background-color: #490a79; color:#fff;\">\n      <td style=\"color:#fff; font-weight:bold;\">Tipo de formaci\u00f3n<\/td>\n      <td style=\"font-weight:bold;\">Cr\u00e9ditos<\/td>\n    <\/tr>\n    <tr>\n      <td>Formaci\u00f3n b\u00e1sica<\/td>\n      <td>60<\/td>\n    <\/tr>\n    <tr class=\"table-light\">\n      <td>Obligatorias<\/td>\n      <td>138<\/td>\n    <\/tr>\n    <tr>\n      <td>Optativas<\/td>\n      <td>24<\/td>\n    <\/tr>\n    <tr class=\"table-light\">\n      <td>Pr\u00e1cticas externas<\/td>\n      <td>12<\/td>\n    <\/tr>\n    <tr>\n      <td>Trabajo Fin de Grado<\/td>\n      <td>6<\/td>\n    <\/tr>\n    <tr class=\"fw-bold text-white\" style=\"background-color: #490a79; color:#fff;\">\n      <td style=\"border-bottom-left-radius: 1.5rem; color:#fff; font-weight:bold;\">TOTAL<\/td>\n      <td style=\"border-bottom-right-radius: 1.5rem; font-weight:bold;\">240<\/td>\n    <\/tr>\n  <\/tbody>\n<\/table>\n\n\n\n<h3 class=\"wp-block-heading\">2. M\u00f3dulos y materias de que consta el plan de estudios<\/h3>\n\n\n\n<p>En la siguiente Tabla se recogen los m\u00f3dulos que componen el plan de estudios del Grado en Historia y dentro de cada m\u00f3dulo, se describen las asignaturas que lo forman.<\/p>\n\n\n\n<table class=\"table table-bordered table-striped align-middle text-center shadow-sm rounded overflow-hidden\" style=\"border-collapse: separate; border-spacing: 0; box-shadow: 0 0.5rem 1rem rgba(0,0,0,0.1); border-radius:1.5rem; width:100%;\">\n  <tbody>\n    <tr style=\"background-color:#490a79; color:#fff; font-weight:bold; text-align:center;\"><td colspan=\"3\">M\u00f3dulos y materias del plan de estudios<\/td><\/tr>\n    <tr style=\"background-color:#5c068c; color:#fff; font-weight:bold; text-align:center;\"><td>M\u00f3dulo<\/td><td>Materia<\/td><td>Asignatura<\/td><\/tr>\n    <tr>\n      <td rowspan=\"19\">M\u00f3dulo 1: Estructura diacr\u00f3nica general del pasado<\/td>\n      <td rowspan=\"3\">Prehistoria<\/td>\n      <td>Prehistoria General I<\/td>\n    <\/tr>\n    <tr><td>Prehistoria General II<\/td><\/tr>\n    <tr><td>Prehistoria de la Pen\u00ednsula Ib\u00e9rica<\/td><\/tr>\n    <tr><td rowspan=\"3\">Historia Antigua<\/td><td>Historia Antigua Universal I<\/td><\/tr>\n    <tr><td>Historia Antigua Universal II<\/td><\/tr>\n    <tr><td>Historia Antigua de la Pen\u00ednsula Ib\u00e9rica<\/td><\/tr>\n    <tr><td rowspan=\"3\">Historia Medieval<\/td><td>Historia Medieval Universal I<\/td><\/tr>\n    <tr><td>Historia Medieval Universal II<\/td><\/tr>\n    <tr><td>Historia Medieval de Espa\u00f1a<\/td><\/tr>\n    <tr><td rowspan=\"3\">Historia Moderna<\/td><td>Historia Moderna Universal I<\/td><\/tr>\n    <tr><td>Historia Moderna Universal II<\/td><\/tr>\n    <tr><td>Historia Moderna de Espa\u00f1a<\/td><\/tr>\n    <tr><td rowspan=\"4\">Historia Contempor\u00e1nea<\/td><td>Historia Contempor\u00e1nea Universal<\/td><\/tr>\n    <tr><td>Historia del Mundo Actual<\/td><\/tr>\n    <tr><td>Historia Contempor\u00e1nea de Espa\u00f1a<\/td><\/tr>\n    <tr><td>Historia de la Espa\u00f1a Reciente<\/td><\/tr>\n    <tr><td>Historia de \u00c1frica<\/td><td>Historia de \u00c1frica<\/td><\/tr>\n    <tr><td>Historia de Am\u00e9rica<\/td><td>Historia de Am\u00e9rica<\/td><\/tr>\n    <tr><td>Arqueolog\u00eda<\/td><td>Arqueolog\u00eda General<\/td><\/tr>\n    <tr><td rowspan=\"5\">M\u00f3dulo 2: Enfoque tem\u00e1tico de la ciencia hist\u00f3rica<\/td><td>Historia econ\u00f3mica<\/td><td>Historia de los sistemas econ\u00f3micos<\/td><\/tr>\n    <tr><td>Historia social<\/td><td>Historia de las mentalidades<\/td><\/tr>\n    <tr><td>Historia de g\u00e9nero<\/td><td>Historia de las mujeres y de las relaciones de g\u00e9nero<\/td><\/tr>\n    <tr><td>Historia de las religiones<\/td><td>Historia de las religiones<\/td><\/tr>\n    <tr><td>Historia de las instituciones<\/td><td>Historia y fundamentos del derecho<\/td><\/tr>\n    <tr><td rowspan=\"6\">M\u00f3dulo 3: Teor\u00eda y metodolog\u00eda de la Historia<\/td><td rowspan=\"2\">Historiograf\u00eda<\/td><td>Introducci\u00f3n A la historia<\/td><\/tr>\n    <tr><td>Tendencias historiogr\u00e1ficas<\/td><\/tr>\n    <tr><td rowspan=\"4\">T\u00e9cnicas\/m\u00e9todos de investigaci\u00f3n<\/td><td>Teor\u00eda y metodolog\u00eda de la historia<\/td><\/tr>\n    <tr><td>M\u00e9todo arqueol\u00f3gico<\/td><\/tr>\n    <tr><td>Paleograf\u00eda<\/td><\/tr>\n    <tr><td>Diplom\u00e1tica e investigaci\u00f3n en archivos<\/td><\/tr>\n    <tr><td rowspan=\"5\">M\u00f3dulo 4: Conocimientos transdisciplinares<\/td><td>Geograf\u00eda<\/td><td>Geograf\u00eda del mundo actual<\/td><\/tr>\n    <tr><td>Arte<\/td><td>Introducci\u00f3n a la Historia del Arte<\/td><\/tr>\n    <tr><td>Filosof\u00eda<\/td><td>Introducci\u00f3n a los problemas filos\u00f3ficos<\/td><\/tr>\n    <tr><td>Antropolog\u00eda<\/td><td>Antropolog\u00eda cultural<\/td><\/tr>\n    <tr><td>Sociolog\u00eda<\/td><td>Sociolog\u00eda hist\u00f3rica<\/td><\/tr>\n    <tr><td rowspan=\"2\">M\u00f3dulo 5: Conocimientos instrumentales<\/td><td>Lengua y Literatura<\/td><td>T\u00e9cnicas de expresi\u00f3n en espa\u00f1ol<\/td><\/tr>\n    <tr><td>Idioma moderno<\/td><td>T\u00e9cnicas de expresi\u00f3n en un idioma moderno<\/td><\/tr>\n    <tr><td rowspan=\"4\">M\u00f3dulo 6: Contenidos formativos propios<\/td><td rowspan=\"2\">Historia de Canarias<\/td><td>Historia General de Canarias I<\/td><\/tr>\n    <tr><td>Historia General de Canarias II<\/td><\/tr>\n    <tr><td>Historia de Am\u00e9rica<\/td><td>Historia de las relaciones Canarias-Am\u00e9rica<\/td><\/tr>\n    <tr><td>Patrimonio<\/td><td>Gesti\u00f3n del Patrimonio<\/td><\/tr>\n    <tr><td rowspan=\"3\">M\u00f3dulo 7: <em>Practicum<\/em><\/td><td rowspan=\"3\">Pr\u00e1cticas externas<\/td><td>Pr\u00e1cticas I<\/td><\/tr>\n    <tr><td>Pr\u00e1cticas II<\/td><\/tr>\n    <tr><td>Trabajo Fin de Grado<\/td><\/tr>\n    <tr><td><\/td><td>Trabajo Fin de Grado<\/td><td>Trabajo Fin de Grado<\/td><\/tr>\n  <\/tbody>\n<\/table>\n\n\n\n<h3 class=\"wp-block-heading\">3. Planificaci\u00f3n del Plan de Estudios<\/h3>\n\n\n\n<p>La distribuci\u00f3n de las asignaturas en cursos y cuatrimestres se recoge en siguiente tabla<\/p>\n\n\n\n<table class=\"table table-bordered table-striped align-middle text-center shadow-sm rounded overflow-hidden\" style=\"border-collapse: separate; border-spacing: 0; box-shadow: 0 0.5rem 1rem rgba(0,0,0,0.1); border-radius:1.5rem; width:100%; font-weight:400;\">\n  <tbody>\n    <tr style=\"background-color:#490a79; color:#fff; font-weight:bold; text-align:center;\"><td colspan=\"4\">Planificaci\u00f3n del Plan de Estudios<\/td><\/tr>\n    <tr style=\"background-color:#5c068c; color:#fff; font-weight:bold; text-align:center;\"><th colspan=\"2\" style=\"text-align:center;\">Primer cuatrimestre<\/th><th colspan=\"2\" style=\"text-align:center;\">Segundo cuatrimestre<\/th><\/tr>\n    <tr style=\"background-color:#5c068c; color:#fff; font-weight:bold; text-align:center;\"><th style=\"text-align:center;\">Asignatura<\/th><th style=\"text-align:center;\">Cr\u00e9ditos<\/th><th style=\"text-align:center;\">Asignatura<\/th><th style=\"text-align:center;\">Cr\u00e9ditos<\/th><\/tr>\n    <tr style=\"background-color:#7a3bb7; color:#fff; font-weight:bold; text-align:center;\"><th colspan=\"4\" style=\"text-align:center;\">Primer curso<\/th><\/tr>\n    <tr><td>Introducci\u00f3n a la Historia (Fb1)<\/td><td>6<\/td><td>Introducci\u00f3n a los problemas filos\u00f3ficos (Fb1)<\/td><td>6<\/td><\/tr>\n    <tr><td>Geograf\u00eda (Fb1)<\/td><td>6<\/td><td>Introducci\u00f3n a la Historia del Arte (Fb1)<\/td><td>6<\/td><\/tr>\n    <tr><td>T\u00e9cnicas de expresi\u00f3n en Espa\u00f1ol (Fb1)<\/td><td>6<\/td><td>T\u00e9cnicas de expresi\u00f3n en un idioma moderno (Fb1)<\/td><td>6<\/td><\/tr>\n    <tr><td>Historia General de Canarias I (Fb2)<\/td><td>6<\/td><td>Antropolog\u00eda cultural (Fb2)<\/td><td>6<\/td><\/tr>\n    <tr><td>Prehistoria General I (Ob)<\/td><td>6<\/td><td>Prehistoria General II (Ob)<\/td><td>6<\/td><\/tr>\n    <tr style=\"background-color:#7a3bb7; color:#fff; font-weight:bold; text-align:center;\"><th colspan=\"4\" style=\"text-align:center;\">Segundo curso<\/th><\/tr>\n    <tr><td>Historia General de Canarias II (FB2)<\/td><td>6<\/td><td>Prehistoria de la Pen\u00ednsula Ib\u00e9rica (Ob)<\/td><td>6<\/td><\/tr>\n    <tr><td>Sociolog\u00eda (FB2)<\/td><td>6<\/td><td>Historia Antigua Universal II (Ob)<\/td><td>6<\/td><\/tr>\n    <tr><td>Historia Antigua Universal I (Ob)<\/td><td>6<\/td><td>Historia Medieval Universal II (Ob)<\/td><td>6<\/td><\/tr>\n    <tr><td>Historia Medieval Universal I (Ob)<\/td><td>6<\/td><td>Paleograf\u00eda (Ob)<\/td><td>6<\/td><\/tr>\n    <tr><td>M\u00e9todo Arqueol\u00f3gico (Ob)<\/td><td>6<\/td><td>Teor\u00eda y metodolog\u00eda de la Historia (Ob)<\/td><td>6<\/td><\/tr>\n    <tr style=\"background-color:#7a3bb7; color:#fff; font-weight:bold; text-align:center;\"><th colspan=\"4\" style=\"text-align:center;\">Tercer curso<\/th><\/tr>\n    <tr><td>Arqueolog\u00eda General (Ob)<\/td><td>6<\/td><td>Tendencias historiogr\u00e1ficas (Ob)<\/td><td>6<\/td><\/tr>\n    <tr><td>Historia Antigua de la Pen\u00ednsula Ib\u00e9rica (Ob)<\/td><td>6<\/td><td>Historia Moderna Universal II (Ob)<\/td><td>6<\/td><\/tr>\n    <tr><td>Historia Medieval de Espa\u00f1a (Ob)<\/td><td>6<\/td><td>Historia Moderna de Espa\u00f1a (Ob)<\/td><td>6<\/td><\/tr>\n    <tr><td>Historia Moderna Universal I (Ob)<\/td><td>6<\/td><td>Historia de Am\u00e9rica (Ob)<\/td><td>6<\/td><\/tr>\n    <tr><td>Diplom\u00e1tica e investigaci\u00f3n en archivos (Ob)<\/td><td>6<\/td><td>Historia Contempor\u00e1nea Universal (Ob)<\/td><td>6<\/td><\/tr>\n    <tr style=\"background-color:#7a3bb7; color:#fff; font-weight:bold; text-align:center;\"><th colspan=\"4\" style=\"text-align:center;\">Cuarto curso<\/th><\/tr>\n    <tr><td>Historia del Mundo Actual (Ob)<\/td><td>6<\/td><td>Historia de la Espa\u00f1a Reciente (Ob)<\/td><td>6<\/td><\/tr>\n    <tr><td>Historia Contempor\u00e1nea de Espa\u00f1a (Ob)<\/td><td>6<\/td><td>Trabajo Fin de Grado (Ob)<\/td><td>6<\/td><\/tr>\n    <tr><td>Pr\u00e1cticas externas I (Ob)<\/td><td>6<\/td><td>Pr\u00e1cticas externas II (Ob)<\/td><td>6<\/td><\/tr>\n    <tr><td>Historia de \u00c1frica (Op)<\/td><td>6<\/td><td>Historia y Fundamentos del Derecho (Op)<\/td><td>6<\/td><\/tr>\n    <tr><td>Historia de las Religiones (Op)<\/td><td>6<\/td><td>Historia de las Mujeres y las Relaciones de G\u00e9nero (Op)<\/td><td>6<\/td><\/tr>\n    <tr><td>Historia de las Mentalidades (Op)<\/td><td>6<\/td><td>Historia de los Sistemas Econ\u00f3micos (Op)<\/td><td>6<\/td><\/tr>\n    <tr><td>Historia de las relaciones Canarias-Am\u00e9rica (Op)<\/td><td>6<\/td><td>Gesti\u00f3n del Patrimonio (Op)<\/td><td>6<\/td><\/tr>\n  <\/tbody>\n<\/table>\n\n\n\n<p>Las asignaturas se han distribuido en 4 cursos de 60 cr\u00e9ditos cada uno, divididos en 2 semestres, que incluyen toda la formaci\u00f3n te\u00f3rica y pr\u00e1ctica que el estudiante debe adquirir. Todas las asignaturas ofertadas son cuatrimestrales y de 6 ECTS.<\/p>\n\n\n\n<p>En el cuarto curso, adem\u00e1s de 18 cr\u00e9ditos de asignaturas obligatorias, 12 cr\u00e9ditos de Pr\u00e1cticas Externas y 6 cr\u00e9ditos del Trabajo Fin de Grado, el alumno deber\u00e1 cursar 24 cr\u00e9ditos optativos.<\/p>\n<\/div><\/div><\/div>\n\n\n\n<div class=\"wp-block-stackable-column stk-block-column stk-column stk-block stk-63a7b7d\" data-v=\"4\" data-block-id=\"63a7b7d\"><style>@media screen and (min-width: 768px){.stk-63a7b7d {flex:var(--stk-flex-grow, 1) 1 calc(30% - var(--stk-column-gap, 0px) * 1 \/ 2 ) !important;}}<\/style><div class=\"stk-column-wrapper stk-block-column__content stk-container stk-63a7b7d-container stk--no-background stk--no-padding\"><div class=\"stk-block-content stk-inner-blocks stk-63a7b7d-inner-blocks\">\n<div class=\"wp-block-stackable-icon-label stk-block-icon-label stk-block stk-e63cb4f stk-block-background\" data-block-id=\"e63cb4f\"><style>.stk-e63cb4f {background-color:#5c068c !important;padding-top:20px !important;padding-right:20px !important;padding-bottom:20px !important;padding-left:20px !important;}.stk-e63cb4f:hover{background-color:#0f0e17 !important;}.stk-e63cb4f:before{background-color:#5c068c !important;}.stk-e63cb4f:hover:before{background-color:#0f0e17 !important;}<\/style><div class=\"stk-row stk-inner-blocks stk-block-content\">\n<div class=\"wp-block-stackable-heading stk-block-heading stk-block-heading--v2 stk-block stk-68b185a\" id=\"a-href-https-www-boe-es-boe-dias-2010-06-24-pdfs-boe-a-2010-10090-pdf-span-style-color-fffffe-class-stk-highlight-plan-de-estudios-grado-en-historia-span-a\" data-block-id=\"68b185a\"><style>.stk-68b185a .stk-block-heading__text{font-size:22px !important;color:#fffffe !important;line-height:1.3em !important;}@media screen and (max-width: 1023px){.stk-68b185a .stk-block-heading__text{font-size:22px !important;}}<\/style><p class=\"stk-block-heading__text has-text-color\"><a href=\"https:\/\/www.boe.es\/boe\/dias\/2010\/06\/24\/pdfs\/BOE-A-2010-10090.pdf\" target=\"_blank\" rel=\"noopener\"><span style=\"color: #fffffe;\" class=\"stk-highlight\">Plan de estudios grado en Historia<\/span><\/a><\/p><\/div>\n\n\n\n<div class=\"wp-block-stackable-icon stk-block-icon has-text-align-left stk-block stk-34dedbe\" data-block-id=\"34dedbe\"><style>.stk-34dedbe .stk--svg-wrapper .stk--inner-svg svg:last-child{height:18px !important;width:18px !important;}.stk-34dedbe .stk--svg-wrapper .stk--inner-svg svg:last-child, .stk-34dedbe .stk--svg-wrapper .stk--inner-svg svg:last-child :is(g, path, rect, polygon, ellipse){fill:#fffffe !important;}<\/style><span class=\"stk--svg-wrapper\"><div class=\"stk--inner-svg\"><svg style=\"height:0;width:0\"><defs><linearGradient id=\"linear-gradient-34dedbe\" x1=\"0\" x2=\"100%\" y1=\"0\" y2=\"0\"><stop offset=\"0%\" style=\"stop-opacity:1;stop-color:var(--linear-gradient-34-dedbe-color-1)\"><\/stop><stop offset=\"100%\" style=\"stop-opacity:1;stop-color:var(--linear-gradient-34-dedbe-color-2)\"><\/stop><\/linearGradient><\/defs><\/svg><svg xmlns=\"http:\/\/www.w3.org\/2000\/svg\" viewBox=\"0 0 448 512\" aria-hidden=\"true\" width=\"32\" height=\"32\"><path d=\"M438.6 278.6c12.5-12.5 12.5-32.8 0-45.3l-160-160c-12.5-12.5-32.8-12.5-45.3 0s-12.5 32.8 0 45.3L338.8 224 32 224c-17.7 0-32 14.3-32 32s14.3 32 32 32l306.7 0L233.4 393.4c-12.5 12.5-12.5 32.8 0 45.3s32.8 12.5 45.3 0l160-160z\"><\/path><\/svg><\/div><\/span><\/div>\n<\/div><\/div>\n<\/div><\/div><\/div>\n<\/div><\/div>\n","protected":false},"excerpt":{"rendered":"<p>Structure du programme 1. R\u00e9partition du programme par type de mati\u00e8re Le programme de licence en histoire de l&#039;Universit\u00e9 de La Laguna comprend un total de 240 cr\u00e9dits, selon la r\u00e9partition indiqu\u00e9e dans les tableaux ci-joints, en tenant compte des mati\u00e8res de la fili\u00e8re\u2026<\/p>","protected":false},"author":1,"featured_media":0,"parent":270,"menu_order":0,"comment_status":"closed","ping_status":"closed","template":"templates\/template-frontpage.php","meta":{"footnotes":""},"class_list":["post-34","page","type-page","status-publish","hentry"],"_links":{"self":[{"href":"https:\/\/www.ull.es\/grados\/historia\/fr\/wp-json\/wp\/v2\/pages\/34","targetHints":{"allow":["GET"]}}],"collection":[{"href":"https:\/\/www.ull.es\/grados\/historia\/fr\/wp-json\/wp\/v2\/pages"}],"about":[{"href":"https:\/\/www.ull.es\/grados\/historia\/fr\/wp-json\/wp\/v2\/types\/page"}],"author":[{"embeddable":true,"href":"https:\/\/www.ull.es\/grados\/historia\/fr\/wp-json\/wp\/v2\/users\/1"}],"replies":[{"embeddable":true,"href":"https:\/\/www.ull.es\/grados\/historia\/fr\/wp-json\/wp\/v2\/comments?post=34"}],"version-history":[{"count":32,"href":"https:\/\/www.ull.es\/grados\/historia\/fr\/wp-json\/wp\/v2\/pages\/34\/revisions"}],"predecessor-version":[{"id":1294,"href":"https:\/\/www.ull.es\/grados\/historia\/fr\/wp-json\/wp\/v2\/pages\/34\/revisions\/1294"}],"up":[{"embeddable":true,"href":"https:\/\/www.ull.es\/grados\/historia\/fr\/wp-json\/wp\/v2\/pages\/270"}],"wp:attachment":[{"href":"https:\/\/www.ull.es\/grados\/historia\/fr\/wp-json\/wp\/v2\/media?parent=34"}],"curies":[{"name":"wp","href":"https:\/\/api.w.org\/{rel}","templated":true}]}}