{"id":272,"date":"2017-07-11T13:22:52","date_gmt":"2017-07-11T13:22:52","guid":{"rendered":"http:\/\/www.ull.es\/masteres\/desarrollo-y-gestion-de-recursos-humanos\/?page_id=272"},"modified":"2026-03-26T12:46:09","modified_gmt":"2026-03-26T12:46:09","slug":"horarios-y-calendario-examenes","status":"publish","type":"page","link":"https:\/\/www.ull.es\/grados\/ingenieria-agricola-medio-rural\/en\/informacion-academica\/horarios-y-calendario-examenes\/","title":{"rendered":"Exam Schedules and Calendar"},"content":{"rendered":"\n<div class=\"wp-block-stackable-columns alignfull stk-block-columns stk-block stk-8657999\" data-block-id=\"8657999\"><style>.stk-8657999 {padding-bottom:0px !important;margin-top:-30px !important;margin-bottom:0px !important;}@media screen and (max-width: 767px){.stk-8657999 {margin-top:-10% !important;}}<\/style><div class=\"stk-row stk-inner-blocks stk-block-content stk-content-align stk-8657999-column alignfull\">\n<div class=\"wp-block-stackable-column stk-block-column stk-column stk-block stk-914f03e\" data-v=\"4\" data-block-id=\"914f03e\"><div class=\"stk-column-wrapper stk-block-column__content stk-container stk-914f03e-container stk--no-background stk--no-padding\"><div class=\"stk-block-content stk-inner-blocks stk-914f03e-inner-blocks\"><style id=\"depicter-1-inline-pre-css\">\n\n.depicter-1:not(.depicter-ready){\n\theight:500px;\n}\n\n\/***** Tablet *****\/\n@media screen and (max-width: 1024px){\n\n.depicter-1:not(.depicter-ready){\n\theight:700px;\n}\n\n}\n\/***** Mobile *****\/\n@media screen and (max-width: 767px){\n\n.depicter-1:not(.depicter-ready){\n\theight:360px;\n}\n\n}\n<\/style>\n<div id=\"depicter-1\" class=\"depicter depicter-document depicter-revert depicter-1 depicter-layout-fullwidth\">\n\n<div class=\"depicter-loading-container depicter-loading dotFlashing-dark\"><div class=\"depicter-loading-dark depicter-dot-flashing\">\n   <span><\/span>\n   <span><\/span>\n   <span><\/span>\n<\/div>\n<\/div>\n<div id=\"depicter-1-section-1\" class=\"depicter-section depicter-1-section-1\" data-name=\"Section 1\" data-type=\"section\" data-local-id=\"section-1\">\n<picture class=\"depicter-bg\">\n<source data-depicter-srcset=\"https:\/\/www.ull.es\/grados\/ingenieria-agricola-medio-rural\/wp-content\/uploads\/sites\/11\/2025\/04\/Slider_Ingenieri\u0301a_Agri\u0301cola_y_del_Medio_Rural-768x248.jpg, https:\/\/www.ull.es\/grados\/ingenieria-agricola-medio-rural\/wp-content\/uploads\/sites\/11\/2025\/04\/Slider_Ingenieri\u0301a_Agri\u0301cola_y_del_Medio_Rural.jpg 2x\" srcset=\"data:image\/gif;base64,R0lGODlhAQABAIAAAAAAAP\/\/\/yH5BAEAAAAALAAAAAABAAEAAAIBRAA7\" media=\"(max-width: 1024px)\" \/>\n\n<source data-depicter-srcset=\"https:\/\/www.ull.es\/grados\/ingenieria-agricola-medio-rural\/wp-content\/uploads\/sites\/11\/2025\/04\/Slider_Ingenieri\u0301a_Agri\u0301cola_y_del_Medio_Rural.jpg, https:\/\/www.ull.es\/grados\/ingenieria-agricola-medio-rural\/wp-content\/uploads\/sites\/11\/2025\/04\/Slider_Ingenieri\u0301a_Agri\u0301cola_y_del_Medio_Rural-1921x620.jpg 2x\" srcset=\"data:image\/gif;base64,R0lGODlhAQABAIAAAAAAAP\/\/\/yH5BAEAAAAALAAAAAABAAEAAAIBRAA7\" media=\"(min-width: 1025px)\" \/>\n<img decoding=\"async\" src=\"data:image\/gif;base64,R0lGODlhAQABAIAAAAAAAP\/\/\/yH5BAEAAAAALAAAAAABAAEAAAIBRAA7\" data-ken-burns=\"false\" data-tablet-ken-burns=\"false\" data-mobile-ken-burns=\"false\" alt=\"\" data-depicter-src=\"https:\/\/www.ull.es\/grados\/ingenieria-agricola-medio-rural\/wp-content\/uploads\/sites\/11\/2025\/04\/Slider_Ingenieri\u0301a_Agri\u0301cola_y_del_Medio_Rural.jpg\" data-object-fit=\"custom,custom,\" data-object-position=\"center top,,\" data-crop=\"{'focalPoint':{'x':0.5,'y':0.5},'mediaSize':{'width':1394.274193548387074770289473235607147216796875,'height':450}}\" data-tablet-crop=\"{'focalPoint':{'x':0.5,'y':0.5},'mediaSize':{'width':2168.87096774193560122512280941009521484375,'height':700.0000000000001136868377216160297393798828125}}\" data-mobile-crop=\"{'focalPoint':{'x':0.5,'y':0.5},'mediaSize':{'width':1115.41935483870975076570175588130950927734375,'height':360}}\" \/>\n<\/picture>\n\n\n<h1 id=\"depicter-1-element-5\" class=\"depicter-element depicter-layer depicter-1-element-5\" data-type=\"text\" data-wrap=\"true\" data-name=\"Text 2\" data-local-id=\"element-5\" data-offset=\"x:50px;y:149px;origin:tl\" data-tablet-offset=\"x:218px;y:264px;origin:tl\" data-mobile-offset=\"x:6px;y:-136px;origin:tl\" data-width=\"1101px,589px,348px\" data-height=\"auto,auto,auto\" data-responsive-scale=\"true,,\">Grado en Ingenier\u00eda Agr\u00edcola y del Medio Rural<\/h1>\n\n<div id=\"depicter-1-element-10\" class=\"depicter-element depicter-layer depicter-1-element-10\" data-type=\"shape\" data-wrap=\"true\" data-name=\"Shape 1\" data-local-id=\"element-10\" data-offset=\"x:54px;y:365px;origin:tl\" data-tablet-offset=\"x:218px;y:446px;origin:tl\" data-mobile-offset=\"x:6px;y:15px;origin:tl\" data-width=\"1093px,555px,309px\" data-height=\"8px,8px,8px\" data-responsive-scale=\"true,,\"><\/div>\n<\/div>\n<\/div>\n<script>\n(window.depicterSetups = window.depicterSetups || []).push(function(){\n\tDepicter.basePath = 'https:\/\/www.ull.es\/grados\/ingenieria-agricola-medio-rural\/wp-content\/plugins\/depicter\/resources\/scripts\/player\/';\n\tconst dpPlayer = Depicter.setup('.depicter-1',\n\t\t{\"width\":[\"1200\",\"1024\",\"360\"],\"height\":[\"500\",\"700\",\"360\"],\"view\":\"basic\",\"keepAspectRatio\":true,\"preload\":0,\"layout\":\"fullwidth\",\"rtl\":false,\"initAfterAppear\":false,\"ajaxApiUrl\":\"https:\\\/\\\/www.ull.es\\\/grados\\\/ingenieria-agricola-medio-rural\\\/wp-admin\\\/admin-ajax.php\",\"mouseSwipe\":true,\"touchSwipe\":true,\"useWatermark\":false}\n\t);\n});\n<\/script><\/div><\/div><\/div>\n<\/div><\/div>\n\n\n\n<div class=\"wp-block-stackable-columns alignfull stk-block-columns stk--hide-mobile stk-block stk-ceecbdc stk-block-background\" data-block-id=\"ceecbdc\"><style>.stk-ceecbdc {background-color:#360060 !important;padding-top:35px !important;padding-right:0px !important;padding-bottom:2px !important;padding-left:0px !important;margin-top:-20px !important;margin-bottom:70px !important;}.stk-ceecbdc:before{background-color:#360060 !important;}<\/style><div class=\"stk-row stk-inner-blocks stk-block-content stk-content-align stk-ceecbdc-column alignfull\">\n<div class=\"wp-block-stackable-column stk-block-column stk-column stk-block stk-fc60a5d\" data-v=\"4\" data-block-id=\"fc60a5d\"><div class=\"stk-column-wrapper stk-block-column__content stk-container stk-fc60a5d-container stk--no-background stk--no-padding\"><div class=\"stk-block-content stk-inner-blocks stk-fc60a5d-inner-blocks\">\n<div class=\"wp-block-stackable-spacer stk-block-spacer stk--no-padding stk-block stk-a3a8a68\" data-block-id=\"a3a8a68\"><style>.stk-a3a8a68 {height:0px !important;}<\/style><\/div>\n<\/div><\/div><\/div>\n<\/div><\/div>\n\n\n\n<div class=\"wp-block-stackable-columns stk-block-columns stk-block stk-8b59b96\" data-block-id=\"8b59b96\"><style>.stk-8b59b96 .stk--block-align-8b59b96{align-items:flex-start !important;}.stk-8b59b96 {margin-top:25px !important;}.stk-8b59b96-column{--stk-columns-spacing:0px !important;--stk-column-gap:50px !important;}@media screen and (max-width: 767px){.stk-8b59b96-column{row-gap:var(--stk--preset--spacing--60, 2.25rem) !important;}}<\/style><div class=\"stk-row stk-inner-blocks stk--block-align-8b59b96 stk-block-content stk-content-align stk-8b59b96-column\">\n<div class=\"wp-block-stackable-column stk-block-column stk-column stk-block stk-dbb7e15\" data-v=\"4\" data-block-id=\"dbb7e15\"><div class=\"stk-column-wrapper stk-block-column__content stk-container stk-dbb7e15-container stk--no-background stk--no-padding\"><div class=\"stk-block-content stk-inner-blocks stk-dbb7e15-inner-blocks\">\n<div class=\"wp-block-stackable-heading stk-block-heading stk-block-heading--v2 stk-block stk-689c258\" id=\"horarios\" data-block-id=\"689c258\"><style>.stk-689c258 .stk-block-heading__text{color:#5c068c !important;}<\/style><h1 class=\"stk-block-heading__text has-text-color\">Horarios<\/h1><\/div>\n\n\n\n<ul class=\"wp-block-list\">\n<li><a href=\"https:\/\/drive.google.com\/file\/d\/1dSax5Nn1-cUCe1J3CPXp0cEMy4FtrbWJ\/view?usp=drive_link\" target=\"_blank\" rel=\"noreferrer noopener\" target=\"_blank\" rel=\"noopener\">Horarios del Grado en Ingenier\u00eda Agr\u00edcola y del Medio Rural, curso acad\u00e9mico 2025-26<\/a><\/li>\n\n\n\n<li><a href=\"https:\/\/drive.google.com\/file\/d\/1mMkGkjwpWFRNYjy21pd4rU_2O_cTYNco\/view?usp=drive_link\" target=\"_blank\" rel=\"noreferrer noopener\" target=\"_blank\" rel=\"noopener\">Horarios de Actividades del Grado en Ingenier\u00eda Agr\u00edcola y del Medio Rural, curso acad\u00e9mico 2025-26<\/a><\/li>\n<\/ul>\n\n\n\n<h1 class=\"wp-block-heading\">Calendario de ex\u00e1menes<\/h1>\n\n\n\n<ul class=\"wp-block-list\">\n<li><a href=\"https:\/\/drive.google.com\/file\/d\/1nFzbbXiV4Y6SHNKu_ucL7fSwsi5APCm6\/view?usp=drive_link\" target=\"_blank\" rel=\"noreferrer noopener\" target=\"_blank\" rel=\"noopener\">Calendario de ex\u00e1menes 2025-26<\/a><\/li>\n<\/ul>\n\n\n\n<h3 class=\"wp-block-heading\">Tribunales de 5\u00aa, 6\u00aa y 7\u00aa convocatoria<\/h3>\n\n\n\n<p><a href=\"https:\/\/drive.google.com\/file\/d\/1XNKBUPk1hkUGr6rDN6dTLVjKBOm3cxiy\/view?usp=sharing\" target=\"_blank\" rel=\"noopener\">Tribunales curso acad\u00e9mico 2025-2026<\/a><\/p>\n\n\n\n<h3 class=\"wp-block-heading\">Tribunal de evaluaci\u00f3n curricular por compensaci\u00f3n<\/h3>\n\n\n\n<p><a href=\"https:\/\/sede.ull.es\/ecivilis-site\/bulletinBoard\/showBulletin\/39709:1\" target=\"_blank\" rel=\"noopener\">Reglamento de Evaluaci\u00f3n Curricular por compensaci\u00f3n de la Universidad de la Laguna<\/a>.&nbsp;Aprobado en Consejo de Gobierno de 26 de julio de 2024 (BOULL n\u00ba 60, de 30 de julio)<\/p>\n\n\n\n<p><strong>Comisi\u00f3n &nbsp;de Compensaci\u00f3n Curricular de la Escuela Polit\u00e9cnica Superior de Ingenier\u00eda<\/strong><\/p>\n\n\n\n<p>Presidente: Felipe A. Monz\u00f3n Pe\u00f1ate (Director de la EPSI)<\/p>\n\n\n\n<p>Secretario:&nbsp;Francisco Javier Guti\u00e9rrez Garc\u00eda (Secretario de la EPSI)<\/p>\n\n\n\n<p>La Junta &nbsp;de la Escuela Polit\u00e9cnica Superior de Ingenier\u00eda aprob\u00f3, en sesi\u00f3n de 19 de diciembre de 2016, el procedimiento a seguir por los Tribunales de 5\u00aa y 6\u00aa convocatoria en la Escuela<\/p>\n\n\n\n<p><a href=\"https:\/\/drive.google.com\/open?id=1CDoafqFr-HXjjwojjv-Sg50__vmoxU9L\" target=\"_blank\" rel=\"noreferrer noopener\" target=\"_blank\" rel=\"noopener\">Procedimiento de actuaci\u00f3n<\/a><\/p>\n\n\n\n<h1 class=\"wp-block-heading\">Calendario acad\u00e9mico<\/h1>\n\n\n\n<ul class=\"wp-block-list\">\n<li><a href=\"https:\/\/www.ull.es\/estudios-docencia\/calendario-academico\" target=\"_blank\" rel=\"noreferrer noopener\" target=\"_blank\" rel=\"noopener\">Acceso al calendario acad\u00e9mico oficial de la ULL<\/a><\/li>\n<\/ul>\n<\/div><\/div><\/div>\n<\/div><\/div>\n","protected":false},"excerpt":{"rendered":"<p>Horarios Calendario de ex\u00e1menes Tribunales de 5\u00aa, 6\u00aa y 7\u00aa convocatoria Tribunales curso acad\u00e9mico 2025-2026 Tribunal de evaluaci\u00f3n curricular por compensaci\u00f3n Reglamento de Evaluaci\u00f3n Curricular por compensaci\u00f3n de la Universidad de la Laguna.&nbsp;Aprobado en Consejo de Gobierno de 26 de julio de 2024 (BOULL n\u00ba 60, de 30 de julio) Comisi\u00f3n &nbsp;de Compensaci\u00f3n Curricular de&#8230;<\/p>","protected":false},"author":1,"featured_media":0,"parent":252,"menu_order":4,"comment_status":"closed","ping_status":"closed","template":"templates\/template-frontpage.php","meta":{"footnotes":""},"class_list":["post-272","page","type-page","status-publish","hentry"],"_links":{"self":[{"href":"https:\/\/www.ull.es\/grados\/ingenieria-agricola-medio-rural\/en\/wp-json\/wp\/v2\/pages\/272","targetHints":{"allow":["GET"]}}],"collection":[{"href":"https:\/\/www.ull.es\/grados\/ingenieria-agricola-medio-rural\/en\/wp-json\/wp\/v2\/pages"}],"about":[{"href":"https:\/\/www.ull.es\/grados\/ingenieria-agricola-medio-rural\/en\/wp-json\/wp\/v2\/types\/page"}],"author":[{"embeddable":true,"href":"https:\/\/www.ull.es\/grados\/ingenieria-agricola-medio-rural\/en\/wp-json\/wp\/v2\/users\/1"}],"replies":[{"embeddable":true,"href":"https:\/\/www.ull.es\/grados\/ingenieria-agricola-medio-rural\/en\/wp-json\/wp\/v2\/comments?post=272"}],"version-history":[{"count":77,"href":"https:\/\/www.ull.es\/grados\/ingenieria-agricola-medio-rural\/en\/wp-json\/wp\/v2\/pages\/272\/revisions"}],"predecessor-version":[{"id":1084,"href":"https:\/\/www.ull.es\/grados\/ingenieria-agricola-medio-rural\/en\/wp-json\/wp\/v2\/pages\/272\/revisions\/1084"}],"up":[{"embeddable":true,"href":"https:\/\/www.ull.es\/grados\/ingenieria-agricola-medio-rural\/en\/wp-json\/wp\/v2\/pages\/252"}],"wp:attachment":[{"href":"https:\/\/www.ull.es\/grados\/ingenieria-agricola-medio-rural\/en\/wp-json\/wp\/v2\/media?parent=272"}],"curies":[{"name":"wp","href":"https:\/\/api.w.org\/{rel}","templated":true}]}}