{"id":37,"date":"2017-06-28T12:58:45","date_gmt":"2017-06-28T12:58:45","guid":{"rendered":"http:\/\/www.ull.es\/masteres\/desarrollo-y-gestion-de-recursos-humanos\/?page_id=30"},"modified":"2025-12-10T09:56:45","modified_gmt":"2025-12-10T09:56:45","slug":"perfil-de-ingreso-y-egreso","status":"publish","type":"page","link":"https:\/\/www.ull.es\/grados\/ingenieria-civil\/en\/informacion-academica\/perfil-de-ingreso-y-egreso\/","title":{"rendered":"Admission and graduation profile"},"content":{"rendered":"\n<div class=\"wp-block-stackable-columns alignfull stk-block-columns stk-block stk-8657999\" data-block-id=\"8657999\"><style>.stk-8657999 {padding-bottom:0px !important;margin-top:-30px !important;margin-bottom:0px !important;}@media screen and (max-width: 767px){.stk-8657999 {margin-top:-10% !important;}}<\/style><div class=\"stk-row stk-inner-blocks stk-block-content stk-content-align stk-8657999-column alignfull\">\n<div class=\"wp-block-stackable-column stk-block-column stk-column stk-block stk-914f03e\" data-v=\"4\" data-block-id=\"914f03e\"><div class=\"stk-column-wrapper stk-block-column__content stk-container stk-914f03e-container stk--no-background stk--no-padding\"><div class=\"stk-block-content stk-inner-blocks stk-914f03e-inner-blocks\"><style id=\"depicter-1-inline-pre-css\">\n\n.depicter-1:not(.depicter-ready){\n\theight:500px;\n}\n\n\/***** Tablet *****\/\n@media screen and (max-width: 1024px){\n\n.depicter-1:not(.depicter-ready){\n\theight:700px;\n}\n\n}\n\/***** Mobile *****\/\n@media screen and (max-width: 767px){\n\n.depicter-1:not(.depicter-ready){\n\theight:360px;\n}\n\n}\n<\/style>\n<div id=\"depicter-1\" class=\"depicter depicter-document depicter-revert depicter-1 depicter-layout-fullwidth\">\n\n<div class=\"depicter-loading-container depicter-loading dotFlashing-dark\"><div class=\"depicter-loading-dark depicter-dot-flashing\">\n   <span><\/span>\n   <span><\/span>\n   <span><\/span>\n<\/div>\n<\/div>\n<div id=\"depicter-1-section-1\" class=\"depicter-section depicter-1-section-1\" data-name=\"Section 1\" data-type=\"section\" data-local-id=\"section-1\">\n<picture class=\"depicter-bg\">\n<source data-depicter-srcset=\"https:\/\/www.ull.es\/grados\/ingenieria-civil\/wp-content\/uploads\/sites\/12\/2025\/04\/Slider__Ingenieri\u0301a_Civil-768x248.jpg, https:\/\/www.ull.es\/grados\/ingenieria-civil\/wp-content\/uploads\/sites\/12\/2025\/04\/Slider__Ingenieri\u0301a_Civil.jpg 2x\" srcset=\"data:image\/gif;base64,R0lGODlhAQABAIAAAAAAAP\/\/\/yH5BAEAAAAALAAAAAABAAEAAAIBRAA7\" media=\"(max-width: 1024px)\" \/>\n\n<source data-depicter-srcset=\"https:\/\/www.ull.es\/grados\/ingenieria-civil\/wp-content\/uploads\/sites\/12\/2025\/04\/Slider__Ingenieri\u0301a_Civil.jpg, https:\/\/www.ull.es\/grados\/ingenieria-civil\/wp-content\/uploads\/sites\/12\/2025\/04\/Slider__Ingenieri\u0301a_Civil-1921x621.jpg 2x\" srcset=\"data:image\/gif;base64,R0lGODlhAQABAIAAAAAAAP\/\/\/yH5BAEAAAAALAAAAAABAAEAAAIBRAA7\" media=\"(min-width: 1025px)\" \/>\n<img decoding=\"async\" src=\"data:image\/gif;base64,R0lGODlhAQABAIAAAAAAAP\/\/\/yH5BAEAAAAALAAAAAABAAEAAAIBRAA7\" data-ken-burns=\"false\" data-tablet-ken-burns=\"false\" data-mobile-ken-burns=\"false\" alt=\"\" data-depicter-src=\"https:\/\/www.ull.es\/grados\/ingenieria-civil\/wp-content\/uploads\/sites\/12\/2025\/04\/Slider__Ingenieri\u0301a_Civil.jpg\" data-object-fit=\"custom,custom,\" data-object-position=\"center top,,\" data-crop=\"{'focalPoint':{'x':0.5,'y':0.5},'mediaSize':{'width':1392.028985507246261477121151983737945556640625,'height':450}}\" data-tablet-crop=\"{'focalPoint':{'x':0.5,'y':0.5},'mediaSize':{'width':2165.3784219001609017141163349151611328125,'height':699.9999999999998863131622783839702606201171875}}\" data-mobile-crop=\"{'focalPoint':{'x':0.5,'y':0.5},'mediaSize':{'width':1113.623188405797236555372364819049835205078125,'height':360}}\" \/>\n<\/picture>\n\n\n<h1 id=\"depicter-1-element-5\" class=\"depicter-element depicter-layer depicter-1-element-5\" data-type=\"text\" data-wrap=\"true\" data-name=\"Text 2\" data-local-id=\"element-5\" data-offset=\"x:87px;y:200px;origin:tl\" data-tablet-offset=\"x:232px;y:293px;origin:tl\" data-mobile-offset=\"x:6px;y:-96px;origin:tl\" data-width=\"1027px,589px,348px\" data-height=\"auto,auto,auto\" data-responsive-scale=\"true,,\">Grado en Ingenier\u00eda Civil<\/h1>\n\n<div id=\"depicter-1-element-10\" class=\"depicter-element depicter-layer depicter-1-element-10\" data-type=\"shape\" data-wrap=\"true\" data-name=\"Shape 1\" data-local-id=\"element-10\" data-offset=\"x:95px;y:316px;origin:tl\" data-tablet-offset=\"x:216px;y:394px;origin:tl\" data-mobile-offset=\"x:6px;y:0px;origin:tl\" data-width=\"1019px,580px,309px\" data-height=\"8px,8px,8px\" data-responsive-scale=\"true,,\"><\/div>\n<\/div>\n<\/div>\n<script>\n(window.depicterSetups = window.depicterSetups || []).push(function(){\n\tDepicter.basePath = 'https:\/\/www.ull.es\/grados\/ingenieria-civil\/wp-content\/plugins\/depicter\/resources\/scripts\/player\/';\n\tconst dpPlayer = Depicter.setup('.depicter-1',\n\t\t{\"width\":[\"1200\",\"1024\",\"360\"],\"height\":[\"500\",\"700\",\"360\"],\"view\":\"basic\",\"keepAspectRatio\":true,\"preload\":0,\"layout\":\"fullwidth\",\"rtl\":false,\"initAfterAppear\":false,\"ajaxApiUrl\":\"https:\\\/\\\/www.ull.es\\\/grados\\\/ingenieria-civil\\\/wp-admin\\\/admin-ajax.php\",\"mouseSwipe\":true,\"touchSwipe\":true,\"useWatermark\":false}\n\t);\n});\n<\/script><\/div><\/div><\/div>\n<\/div><\/div>\n\n\n\n<div class=\"wp-block-stackable-columns alignfull stk-block-columns stk--hide-mobile stk-block stk-ceecbdc stk-block-background\" data-block-id=\"ceecbdc\"><style>.stk-ceecbdc {background-color:#360060 !important;padding-top:35px !important;padding-right:0px !important;padding-bottom:2px !important;padding-left:0px !important;margin-top:-20px !important;margin-bottom:70px !important;}.stk-ceecbdc:before{background-color:#360060 !important;}<\/style><div class=\"stk-row stk-inner-blocks stk-block-content stk-content-align stk-ceecbdc-column alignfull\">\n<div class=\"wp-block-stackable-column stk-block-column stk-column stk-block stk-fc60a5d\" data-v=\"4\" data-block-id=\"fc60a5d\"><div class=\"stk-column-wrapper stk-block-column__content stk-container stk-fc60a5d-container stk--no-background stk--no-padding\"><div class=\"stk-block-content stk-inner-blocks stk-fc60a5d-inner-blocks\">\n<div class=\"wp-block-stackable-spacer stk-block-spacer stk--no-padding stk-block stk-a3a8a68\" data-block-id=\"a3a8a68\"><style>.stk-a3a8a68 {height:0px !important;}<\/style><\/div>\n<\/div><\/div><\/div>\n<\/div><\/div>\n\n\n\n<div class=\"wp-block-stackable-columns alignwide stk-block-columns stk-block stk-3627255\" data-block-id=\"3627255\"><style>.stk-3627255 {padding-right:16% !important;padding-left:16% !important;margin-bottom:18px !important;}<\/style><div class=\"stk-row stk-inner-blocks stk-block-content stk-content-align stk-3627255-column alignwide\">\n<div class=\"wp-block-stackable-column stk-block-column stk-column stk-block stk-81e665a\" data-v=\"4\" data-block-id=\"81e665a\"><div class=\"stk-column-wrapper stk-block-column__content stk-container stk-81e665a-container stk--no-background stk--no-padding\"><div class=\"stk-block-content stk-inner-blocks stk-81e665a-inner-blocks\">\n<div class=\"wp-block-stackable-heading stk-block-heading stk-block-heading--v2 stk-block stk-97878e6\" id=\"perfil-de-ingreso-y-egreso\" data-block-id=\"97878e6\"><style>.stk-97878e6 .stk-block-heading__text{color:#5c068c !important;}<\/style><h1 class=\"stk-block-heading__text has-text-color\">Perfil de ingreso y egreso<\/h1><\/div>\n\n\n\n<h3 class=\"wp-block-heading\">Perfil de Ingreso<\/h3>\n\n\n\n<p>El alumnado deber\u00e1 tener una buena formaci\u00f3n previa en matem\u00e1ticas, f\u00edsica, qu\u00edmica y dibujo. La capacidad de observaci\u00f3n y de an\u00e1lisis, habilidad y rapidez para el c\u00e1lculo num\u00e9rico y resoluci\u00f3n de problemas cuantificables, as\u00ed como el razonamiento l\u00f3gico y abstracto son tambi\u00e9n muy importantes. Es asimismo muy conveniente la capacidad de establecer relaciones entre la realidad observada y la descripci\u00f3n de ella mediante modelos matem\u00e1ticos.<\/p>\n\n\n\n<p>Son muy apreciables actitudes personales de iniciativa, capacidad de cooperaci\u00f3n en equipo, organizaci\u00f3n personal del trabajo, capacidad de trabajar bajo presi\u00f3n, liderazgo, responsabilidad e inter\u00e9s por la aplicaci\u00f3n pr\u00e1ctica de los conocimientos para la resoluci\u00f3n de problemas reales. Finalmente la habilidad manual en el manejo de instrumentos o equipos ser\u00e1 ampliamente utilizada durante los estudios y despu\u00e9s de ellos.<\/p>\n\n\n\n<p>Se recomienda adem\u00e1s que el alumnado tenga conocimientos de ingl\u00e9s a nivel b\u00e1sico, equivalente al adquirido en el nivel de bachillerato y exigido en las Pruebas de Acceso a la Universidad.<\/p>\n\n\n\n<h3 class=\"wp-block-heading\">Perfil de Egreso<\/h3>\n\n\n\n<p>Los graduados o graduadas poseen plena competencia para la redacci\u00f3n y firma de proyectos, la direcci\u00f3n de obras y actividades y el ejercicio de la docencia tanto en el \u00e1mbito de la empresa privada como de la empresa p\u00fablica o la Administraci\u00f3n, en sus respectivas especialidades: Construcciones Civiles, Hidrolog\u00eda y Transportes y Servicios Urbanos-, de acuerdo con la Ley 12\/1986 sobre regulaci\u00f3n de las atribuciones profesionales de la Arquitectura e Ingenier\u00eda T\u00e9cnica, modificada por la Ley 33\/1992. Este t\u00edtulo habilita para el ejercicio de la profesi\u00f3n de Ingeniero\/a T\u00e9cnico de Obras P\u00fablicas (Orden CIN\/307\/2009, de 9 de febrero).<\/p>\n<\/div><\/div><\/div>\n<\/div><\/div>\n","protected":false},"excerpt":{"rendered":"<p>Entry and Exit Profile Entry Profile Students should have a solid prior background in mathematics, physics, chemistry, and drawing. Observational and analytical skills, ability and speed in numerical calculation and solving quantifiable problems, as well as logical and abstract reasoning, are also very important. It is also very important\u2026<\/p>","protected":false},"author":1,"featured_media":0,"parent":252,"menu_order":1,"comment_status":"closed","ping_status":"closed","template":"templates\/template-frontpage.php","meta":{"footnotes":""},"class_list":["post-37","page","type-page","status-publish","hentry"],"_links":{"self":[{"href":"https:\/\/www.ull.es\/grados\/ingenieria-civil\/en\/wp-json\/wp\/v2\/pages\/37","targetHints":{"allow":["GET"]}}],"collection":[{"href":"https:\/\/www.ull.es\/grados\/ingenieria-civil\/en\/wp-json\/wp\/v2\/pages"}],"about":[{"href":"https:\/\/www.ull.es\/grados\/ingenieria-civil\/en\/wp-json\/wp\/v2\/types\/page"}],"author":[{"embeddable":true,"href":"https:\/\/www.ull.es\/grados\/ingenieria-civil\/en\/wp-json\/wp\/v2\/users\/1"}],"replies":[{"embeddable":true,"href":"https:\/\/www.ull.es\/grados\/ingenieria-civil\/en\/wp-json\/wp\/v2\/comments?post=37"}],"version-history":[{"count":12,"href":"https:\/\/www.ull.es\/grados\/ingenieria-civil\/en\/wp-json\/wp\/v2\/pages\/37\/revisions"}],"predecessor-version":[{"id":986,"href":"https:\/\/www.ull.es\/grados\/ingenieria-civil\/en\/wp-json\/wp\/v2\/pages\/37\/revisions\/986"}],"up":[{"embeddable":true,"href":"https:\/\/www.ull.es\/grados\/ingenieria-civil\/en\/wp-json\/wp\/v2\/pages\/252"}],"wp:attachment":[{"href":"https:\/\/www.ull.es\/grados\/ingenieria-civil\/en\/wp-json\/wp\/v2\/media?parent=37"}],"curies":[{"name":"wp","href":"https:\/\/api.w.org\/{rel}","templated":true}]}}