{"id":42,"date":"2017-06-28T13:01:59","date_gmt":"2017-06-28T13:01:59","guid":{"rendered":"http:\/\/www.ull.es\/masteres\/desarrollo-y-gestion-de-recursos-humanos\/?page_id=42"},"modified":"2025-12-10T10:07:20","modified_gmt":"2025-12-10T10:07:20","slug":"coordinacion-docente","status":"publish","type":"page","link":"https:\/\/www.ull.es\/grados\/ingenieria-civil\/en\/informacion-academica\/coordinacion-docente\/","title":{"rendered":"Teaching coordination"},"content":{"rendered":"\n<div class=\"wp-block-stackable-columns alignfull stk-block-columns stk-block stk-8657999\" data-block-id=\"8657999\"><style>.stk-8657999 {padding-bottom:0px !important;margin-top:-30px !important;margin-bottom:0px !important;}@media screen and (max-width: 767px){.stk-8657999 {margin-top:-10% !important;}}<\/style><div class=\"stk-row stk-inner-blocks stk-block-content stk-content-align stk-8657999-column alignfull\">\n<div class=\"wp-block-stackable-column stk-block-column stk-column stk-block stk-914f03e\" data-v=\"4\" data-block-id=\"914f03e\"><div class=\"stk-column-wrapper stk-block-column__content stk-container stk-914f03e-container stk--no-background stk--no-padding\"><div class=\"stk-block-content stk-inner-blocks stk-914f03e-inner-blocks\"><style id=\"depicter-1-inline-pre-css\">\n\n.depicter-1:not(.depicter-ready){\n\theight:500px;\n}\n\n\/***** Tablet *****\/\n@media screen and (max-width: 1024px){\n\n.depicter-1:not(.depicter-ready){\n\theight:700px;\n}\n\n}\n\/***** Mobile *****\/\n@media screen and (max-width: 767px){\n\n.depicter-1:not(.depicter-ready){\n\theight:360px;\n}\n\n}\n<\/style>\n<div id=\"depicter-1\" class=\"depicter depicter-document depicter-revert depicter-1 depicter-layout-fullwidth\">\n\n<div class=\"depicter-loading-container depicter-loading dotFlashing-dark\"><div class=\"depicter-loading-dark depicter-dot-flashing\">\n   <span><\/span>\n   <span><\/span>\n   <span><\/span>\n<\/div>\n<\/div>\n<div id=\"depicter-1-section-1\" class=\"depicter-section depicter-1-section-1\" data-name=\"Section 1\" data-type=\"section\" data-local-id=\"section-1\">\n<picture class=\"depicter-bg\">\n<source data-depicter-srcset=\"https:\/\/www.ull.es\/grados\/ingenieria-civil\/wp-content\/uploads\/sites\/12\/2025\/04\/Slider__Ingenieri\u0301a_Civil-768x248.jpg, https:\/\/www.ull.es\/grados\/ingenieria-civil\/wp-content\/uploads\/sites\/12\/2025\/04\/Slider__Ingenieri\u0301a_Civil.jpg 2x\" srcset=\"data:image\/gif;base64,R0lGODlhAQABAIAAAAAAAP\/\/\/yH5BAEAAAAALAAAAAABAAEAAAIBRAA7\" media=\"(max-width: 1024px)\" \/>\n\n<source data-depicter-srcset=\"https:\/\/www.ull.es\/grados\/ingenieria-civil\/wp-content\/uploads\/sites\/12\/2025\/04\/Slider__Ingenieri\u0301a_Civil.jpg, https:\/\/www.ull.es\/grados\/ingenieria-civil\/wp-content\/uploads\/sites\/12\/2025\/04\/Slider__Ingenieri\u0301a_Civil-1921x621.jpg 2x\" srcset=\"data:image\/gif;base64,R0lGODlhAQABAIAAAAAAAP\/\/\/yH5BAEAAAAALAAAAAABAAEAAAIBRAA7\" media=\"(min-width: 1025px)\" \/>\n<img decoding=\"async\" src=\"data:image\/gif;base64,R0lGODlhAQABAIAAAAAAAP\/\/\/yH5BAEAAAAALAAAAAABAAEAAAIBRAA7\" data-ken-burns=\"false\" data-tablet-ken-burns=\"false\" data-mobile-ken-burns=\"false\" alt=\"\" data-depicter-src=\"https:\/\/www.ull.es\/grados\/ingenieria-civil\/wp-content\/uploads\/sites\/12\/2025\/04\/Slider__Ingenieri\u0301a_Civil.jpg\" data-object-fit=\"custom,custom,\" data-object-position=\"center top,,\" data-crop=\"{'focalPoint':{'x':0.5,'y':0.5},'mediaSize':{'width':1392.028985507246261477121151983737945556640625,'height':450}}\" data-tablet-crop=\"{'focalPoint':{'x':0.5,'y':0.5},'mediaSize':{'width':2165.3784219001609017141163349151611328125,'height':699.9999999999998863131622783839702606201171875}}\" data-mobile-crop=\"{'focalPoint':{'x':0.5,'y':0.5},'mediaSize':{'width':1113.623188405797236555372364819049835205078125,'height':360}}\" \/>\n<\/picture>\n\n\n<h1 id=\"depicter-1-element-5\" class=\"depicter-element depicter-layer depicter-1-element-5\" data-type=\"text\" data-wrap=\"true\" data-name=\"Text 2\" data-local-id=\"element-5\" data-offset=\"x:87px;y:200px;origin:tl\" data-tablet-offset=\"x:232px;y:293px;origin:tl\" data-mobile-offset=\"x:6px;y:-96px;origin:tl\" data-width=\"1027px,589px,348px\" data-height=\"auto,auto,auto\" data-responsive-scale=\"true,,\">Grado en Ingenier\u00eda Civil<\/h1>\n\n<div id=\"depicter-1-element-10\" class=\"depicter-element depicter-layer depicter-1-element-10\" data-type=\"shape\" data-wrap=\"true\" data-name=\"Shape 1\" data-local-id=\"element-10\" data-offset=\"x:95px;y:316px;origin:tl\" data-tablet-offset=\"x:216px;y:394px;origin:tl\" data-mobile-offset=\"x:6px;y:0px;origin:tl\" data-width=\"1019px,580px,309px\" data-height=\"8px,8px,8px\" data-responsive-scale=\"true,,\"><\/div>\n<\/div>\n<\/div>\n<script>\n(window.depicterSetups = window.depicterSetups || []).push(function(){\n\tDepicter.basePath = 'https:\/\/www.ull.es\/grados\/ingenieria-civil\/wp-content\/plugins\/depicter\/resources\/scripts\/player\/';\n\tconst dpPlayer = Depicter.setup('.depicter-1',\n\t\t{\"width\":[\"1200\",\"1024\",\"360\"],\"height\":[\"500\",\"700\",\"360\"],\"view\":\"basic\",\"keepAspectRatio\":true,\"preload\":0,\"layout\":\"fullwidth\",\"rtl\":false,\"initAfterAppear\":false,\"ajaxApiUrl\":\"https:\\\/\\\/www.ull.es\\\/grados\\\/ingenieria-civil\\\/wp-admin\\\/admin-ajax.php\",\"mouseSwipe\":true,\"touchSwipe\":true,\"useWatermark\":false}\n\t);\n});\n<\/script><\/div><\/div><\/div>\n<\/div><\/div>\n\n\n\n<div class=\"wp-block-stackable-columns alignfull stk-block-columns stk--hide-mobile stk-block stk-ceecbdc stk-block-background\" data-block-id=\"ceecbdc\"><style>.stk-ceecbdc {background-color:#360060 !important;padding-top:35px !important;padding-right:0px !important;padding-bottom:2px !important;padding-left:0px !important;margin-top:-20px !important;margin-bottom:70px !important;}.stk-ceecbdc:before{background-color:#360060 !important;}<\/style><div class=\"stk-row stk-inner-blocks stk-block-content stk-content-align stk-ceecbdc-column alignfull\">\n<div class=\"wp-block-stackable-column stk-block-column stk-column stk-block stk-fc60a5d\" data-v=\"4\" data-block-id=\"fc60a5d\"><div class=\"stk-column-wrapper stk-block-column__content stk-container stk-fc60a5d-container stk--no-background stk--no-padding\"><div class=\"stk-block-content stk-inner-blocks stk-fc60a5d-inner-blocks\">\n<div class=\"wp-block-stackable-spacer stk-block-spacer stk--no-padding stk-block stk-a3a8a68\" data-block-id=\"a3a8a68\"><style>.stk-a3a8a68 {height:0px !important;}<\/style><\/div>\n<\/div><\/div><\/div>\n<\/div><\/div>\n\n\n\n<div class=\"wp-block-stackable-columns stk-block-columns stk-block stk-8b59b96\" data-block-id=\"8b59b96\"><style>.stk-8b59b96 .stk--block-align-8b59b96{align-items:flex-start !important;}.stk-8b59b96 {margin-top:25px !important;}.stk-8b59b96-column{--stk-columns-spacing:0px !important;--stk-column-gap:50px !important;}@media screen and (max-width: 767px){.stk-8b59b96-column{row-gap:var(--stk--preset--spacing--60, 2.25rem) !important;}}<\/style><div class=\"stk-row stk-inner-blocks stk--block-align-8b59b96 stk-block-content stk-content-align stk-8b59b96-column\">\n<div class=\"wp-block-stackable-column stk-block-column stk-column stk-block stk-dbb7e15\" data-v=\"4\" data-block-id=\"dbb7e15\"><div class=\"stk-column-wrapper stk-block-column__content stk-container stk-dbb7e15-container stk--no-background stk--no-padding\"><div class=\"stk-block-content stk-inner-blocks stk-dbb7e15-inner-blocks\">\n<div class=\"wp-block-stackable-heading stk-block-heading stk-block-heading--v2 stk-block stk-689c258\" id=\"coordinacion-docente\" data-block-id=\"689c258\"><style>.stk-689c258 .stk-block-heading__text{color:#5c068c !important;}<\/style><h1 class=\"stk-block-heading__text has-text-color\">Coordinaci\u00f3n docente<\/h1><\/div>\n\n\n\n<p>La coordinaci\u00f3n horizontal se llevar\u00e1 a cabo a trav\u00e9s de las Comisiones de Curso de la que formar\u00e1n parte todo el profesorado responsables de cada asignatura impartida ese curso y el director\/a o persona en quien delegue. Se designar\u00e1 entre los miembros de cada comisi\u00f3n un\/a tutor\/a de curso que ser\u00e1 miembro de la Comisi\u00f3n de Titulaci\u00f3n (coordinaci\u00f3n vertical). Cada Comisi\u00f3n de Curso debe reunirse al inicio y finalizaci\u00f3n del cuatrimestre, y al menos una vez en el transcurso del mismo. Se deber\u00e1 trabajar en base al siguiente esquema:<\/p>\n\n\n\n<ul class=\"wp-block-list\">\n<li>Cada profesor\/a expondr\u00e1 su temario tanto de clases te\u00f3ricas como pr\u00e1cticas, metodolog\u00eda, evaluaci\u00f3n y todos aquellos aspectos que considere relevante relacionados con su docencia.<\/li>\n\n\n\n<li>Puesta en com\u00fan que permita analizar los vac\u00edos y duplicidades en cuanto a los contenidos de las gu\u00edas docentes. Estudio de las metodolog\u00edas empleadas y an\u00e1lisis de resultados acad\u00e9micos.<\/li>\n\n\n\n<li>Redacci\u00f3n de acta recogiendo los acuerdos y actuaciones concretas a desarrollar y publicaci\u00f3n de la misma.<\/li>\n<\/ul>\n\n\n\n<p>La coordinaci\u00f3n vertical se llevar\u00e1 a cabo a trav\u00e9s de la Comisi\u00f3n de Titulaci\u00f3n que estar\u00e1 formada por los tutores y tutoras de cada curso designados en las comisiones de curso y el director\/a o persona en quien delegue. La Comisi\u00f3n de Titulaci\u00f3n debe reunirse al inicio y finalizaci\u00f3n del cuatrimestre y al menos una vez en el transcurso del mismo. Se deber\u00e1 trabajar en base al siguiente esquema:<\/p>\n\n\n\n<ul class=\"wp-block-list\">\n<li>An\u00e1lisis de las gu\u00edas docentes y acuerdos y actuaciones del profesorado de las reuniones de coordinaci\u00f3n horizontal.<\/li>\n\n\n\n<li>Puesta en com\u00fan que permita analizar los vac\u00edos y duplicidades en cuanto a los contenidos de las gu\u00edas docentes. Estudio de las metodolog\u00edas empleadas y an\u00e1lisis de resultados acad\u00e9micos.<\/li>\n\n\n\n<li>Redacci\u00f3n de acta recogiendo los acuerdos y actuaciones concretas a desarrollar y publicaci\u00f3n de la misma.<\/li>\n<\/ul>\n\n\n\n<p>En general, a trav\u00e9s de cada materia, el responsable de la docencia de la misma fomentar\u00e1 y establecer\u00e1 mecanismos que tiendan a aumentar la participaci\u00f3n en todas las actividades formativas. Entre las medidas que el centro pondr\u00e1 en funcionamiento para alcanzar los objetivos mencionados en el apartado anterior, est\u00e1 la asignaci\u00f3n de varias \u00e1reas de conocimiento a la mayor\u00eda de las asignaturas, con el fin de que, si una de ellas presenta de forma sistem\u00e1tica un comportamiento contrario a esta tendencia y\/o no ha implementado medidas para el logro de estos objetivos, se asigne la docencia a otra \u00e1rea de conocimiento af\u00edn. Igualmente, se asignar\u00e1 la docencia a otra \u00e1rea af\u00edn cuando alg\u00fan \u00e1rea de conocimiento no participe de forma activa en la coordinaci\u00f3n dentro de una misma asignatura, si es compartida, y entre las diferentes asignaturas del Grado. Esta participaci\u00f3n activa implica la asistencia a m\u00e1s del 75% de las reuniones de coordinaci\u00f3n y la implementaci\u00f3n de los acuerdos tomados y acciones de mejora establecidas para subsanar las deficiencias detectadas que emanar\u00e1n de la CCC.<\/p>\n\n\n\n<p><strong>Coordinador de la titulaci\u00f3n<\/strong><\/p>\n\n\n\n<p>Dionisio P\u00e9rez Brito (Subdirector responsable)&nbsp;<a href=\"mailto:dperez@ull.es\" target=\"_blank\" rel=\"noreferrer noopener\" target=\"_blank\" rel=\"noopener\">dperez@ull.es<\/a><\/p>\n\n\n\n<p><strong>Personal Coordinador de curso<\/strong><\/p>\n\n\n\n<p>Es el referente para todos los coordinadores y coordinadoras de asignatura de un mismo curso y su objetivo principal es coordinar la planificaci\u00f3n docente del curso.<\/p>\n\n\n\n<style>\n.hoverable {\n  transition: transform 0.3s, box-shadow 0.3s;\n  cursor: pointer;\n}\n.hoverable:hover {\n  transform: scale(1.02);\n  box-shadow: 0 0.5rem 1rem rgba(0,0,0,0.25);\n  \/* Mantiene el color de fondo original *\/\n}\n<\/style>\n\n<!-- Tabla general con estilo similar -->\n<table class=\"table table-bordered table-striped align-middle text-center shadow-sm rounded overflow-hidden table-hover-effect\" style=\"border-collapse: separate; border-spacing: 0; box-shadow: 0 0.5rem 1rem rgba(0,0,0,0.15); border-radius:2rem; width:100%;\">\n  <tbody>\n    <tr style=\"background-color:#360060; color:#fff;\">\n      <td class=\"hoverable fw-bold\" style=\"width:30%; border-top-left-radius: 1.5rem; font-weight:bold;\">Curso<\/td>\n      <td class=\"hoverable\" style=\"border-top-right-radius: 1.5rem; font-weight:bold;\">Coordinador\/a de Curso<\/td>\n    <\/tr>\n    <tr style=\"background-color:#f8f9fa;\">\n      <td class=\"hoverable fw-bold\" style=\"font-weight:bold;\">Primero<\/td>\n      <td class=\"hoverable\">Dionisio P\u00e9rez Brito dperez@ull.es<\/td>\n    <\/tr>\n    <tr style=\"background-color:#fff;\">\n      <td class=\"hoverable fw-bold\" style=\"font-weight:bold;\">Segundo<\/td>\n      <td class=\"hoverable\">Juan E Gonz\u00e1lez Fari\u00f1as jgfarina@ull.es<\/td>\n    <\/tr>\n    <tr style=\"background-color:#f8f9fa;\">\n      <td class=\"hoverable fw-bold\" style=\"font-weight:bold;\">Tercero<\/td>\n     <td class=\"hoverable\">Eduardo de Miguel Garc\u00eda emiguelg@ull.es<\/td>\n    <\/tr>\n    <tr style=\"background-color:#f8f9fa;\">\n      <td class=\"hoverable fw-bold\" style=\"border-bottom-left-radius: 1.5rem; font-weight:bold;\">Cuarto<\/td>\n      <td class=\"hoverable\" style=\"border-bottom-right-radius: 1.5rem;\">Manuel D. Garc\u00eda Rom\u00e1n mroman@ull.es<\/td>\n    <\/tr>\n  <\/tbody>\n<\/table>\n\n\n\n<p><strong>Personal Coordinador de asignatura<\/strong><\/p>\n\n\n\n<p>Es el responsable de los aspectos organizativos de los grupos te\u00f3ricos y pr\u00e1cticos de la asignatura. Es el referente para la gesti\u00f3n de cualquier disfunci\u00f3n que pudiera darse a lo largo del curso poni\u00e9ndola en conocimiento del o la Director\/a del Departamento y\/o Subdirector\/a de Ordenaci\u00f3n Acad\u00e9mica.<\/p>\n\n\n\n<p>Puedes consultar el Personal Coordinador de cada asignatura en la&nbsp;&nbsp;<a href=\"https:\/\/www.ull.es\/apps\/guias\/guias\/view_degree\/528\/\" target=\"_blank\" rel=\"noreferrer noopener\" target=\"_blank\" rel=\"noopener\">Gu\u00eda Docente<\/a>.<\/p>\n<\/div><\/div><\/div>\n<\/div><\/div>\n","protected":false},"excerpt":{"rendered":"<p>Teaching Coordination: Horizontal coordination will be carried out through Course Committees, which will include all the teaching staff responsible for each subject taught that year and the director or their designee. A course tutor will be appointed from among the members of each committee, who will be a member of\u2026<\/p>","protected":false},"author":1,"featured_media":0,"parent":252,"menu_order":6,"comment_status":"closed","ping_status":"closed","template":"templates\/template-frontpage.php","meta":{"footnotes":""},"class_list":["post-42","page","type-page","status-publish","hentry"],"_links":{"self":[{"href":"https:\/\/www.ull.es\/grados\/ingenieria-civil\/en\/wp-json\/wp\/v2\/pages\/42","targetHints":{"allow":["GET"]}}],"collection":[{"href":"https:\/\/www.ull.es\/grados\/ingenieria-civil\/en\/wp-json\/wp\/v2\/pages"}],"about":[{"href":"https:\/\/www.ull.es\/grados\/ingenieria-civil\/en\/wp-json\/wp\/v2\/types\/page"}],"author":[{"embeddable":true,"href":"https:\/\/www.ull.es\/grados\/ingenieria-civil\/en\/wp-json\/wp\/v2\/users\/1"}],"replies":[{"embeddable":true,"href":"https:\/\/www.ull.es\/grados\/ingenieria-civil\/en\/wp-json\/wp\/v2\/comments?post=42"}],"version-history":[{"count":16,"href":"https:\/\/www.ull.es\/grados\/ingenieria-civil\/en\/wp-json\/wp\/v2\/pages\/42\/revisions"}],"predecessor-version":[{"id":994,"href":"https:\/\/www.ull.es\/grados\/ingenieria-civil\/en\/wp-json\/wp\/v2\/pages\/42\/revisions\/994"}],"up":[{"embeddable":true,"href":"https:\/\/www.ull.es\/grados\/ingenieria-civil\/en\/wp-json\/wp\/v2\/pages\/252"}],"wp:attachment":[{"href":"https:\/\/www.ull.es\/grados\/ingenieria-civil\/en\/wp-json\/wp\/v2\/media?parent=42"}],"curies":[{"name":"wp","href":"https:\/\/api.w.org\/{rel}","templated":true}]}}