{"id":33,"date":"2017-06-28T12:48:33","date_gmt":"2017-06-28T12:48:33","guid":{"rendered":"http:\/\/www.ull.es\/masteres\/desarrollo-y-gestion-de-recursos-humanos\/?page_id=20"},"modified":"2025-12-10T12:07:42","modified_gmt":"2025-12-10T12:07:42","slug":"trabajo-fin-de-grado","status":"publish","type":"page","link":"https:\/\/www.ull.es\/grados\/ingenieria-electronica-industrial-automatica\/plan-de-estudios\/trabajo-fin-de-grado\/","title":{"rendered":"Trabajo Fin de Grado"},"content":{"rendered":"\n<div class=\"wp-block-stackable-columns alignfull stk-block-columns stk-block stk-8657999\" data-block-id=\"8657999\"><style>.stk-8657999 {padding-bottom:0px !important;margin-top:-30px !important;margin-bottom:0px !important;}@media screen and (max-width: 767px){.stk-8657999 {margin-top:-10% !important;}}<\/style><div class=\"stk-row stk-inner-blocks stk-block-content stk-content-align stk-8657999-column alignfull\">\n<div class=\"wp-block-stackable-column stk-block-column stk-column stk-block stk-914f03e\" data-v=\"4\" data-block-id=\"914f03e\"><div class=\"stk-column-wrapper stk-block-column__content stk-container stk-914f03e-container stk--no-background stk--no-padding\"><div class=\"stk-block-content stk-inner-blocks stk-914f03e-inner-blocks\"><style id=\"depicter-1-inline-pre-css\">\n\n.depicter-1:not(.depicter-ready){\n\theight:450px;\n}\n\n\/***** Tablet *****\/\n@media screen and (max-width: 1024px){\n\n.depicter-1:not(.depicter-ready){\n\theight:700px;\n}\n\n}\n\/***** Mobile *****\/\n@media screen and (max-width: 767px){\n\n.depicter-1:not(.depicter-ready){\n\theight:360px;\n}\n\n}\n<\/style>\n<div id=\"depicter-1\" class=\"depicter depicter-document depicter-revert depicter-1 depicter-layout-fullwidth\">\n\n<div class=\"depicter-loading-container depicter-loading dotFlashing-dark\"><div class=\"depicter-loading-dark depicter-dot-flashing\">\n   <span><\/span>\n   <span><\/span>\n   <span><\/span>\n<\/div>\n<\/div>\n<div id=\"depicter-1-section-1\" class=\"depicter-section depicter-1-section-1\" data-name=\"Section 1\" data-type=\"section\" data-local-id=\"section-1\">\n<picture class=\"depicter-bg\">\n<source data-depicter-srcset=\"https:\/\/www.ull.es\/grados\/ingenieria-electronica-industrial-automatica\/wp-content\/uploads\/sites\/16\/2025\/04\/Slider_ngenieri\u0301a_Electro\u0301nica_Industrial_y_Automa\u0301tica-768x248.jpg, https:\/\/www.ull.es\/grados\/ingenieria-electronica-industrial-automatica\/wp-content\/uploads\/sites\/16\/2025\/04\/Slider_ngenieri\u0301a_Electro\u0301nica_Industrial_y_Automa\u0301tica.jpg 2x\" srcset=\"data:image\/gif;base64,R0lGODlhAQABAIAAAAAAAP\/\/\/yH5BAEAAAAALAAAAAABAAEAAAIBRAA7\" media=\"(max-width: 1024px)\" \/>\n\n<source data-depicter-srcset=\"https:\/\/www.ull.es\/grados\/ingenieria-electronica-industrial-automatica\/wp-content\/uploads\/sites\/16\/2025\/04\/Slider_ngenieri\u0301a_Electro\u0301nica_Industrial_y_Automa\u0301tica.jpg, https:\/\/www.ull.es\/grados\/ingenieria-electronica-industrial-automatica\/wp-content\/uploads\/sites\/16\/2025\/04\/Slider_ngenieri\u0301a_Electro\u0301nica_Industrial_y_Automa\u0301tica-1921x621.jpg 2x\" srcset=\"data:image\/gif;base64,R0lGODlhAQABAIAAAAAAAP\/\/\/yH5BAEAAAAALAAAAAABAAEAAAIBRAA7\" media=\"(min-width: 1025px)\" \/>\n<img decoding=\"async\" src=\"data:image\/gif;base64,R0lGODlhAQABAIAAAAAAAP\/\/\/yH5BAEAAAAALAAAAAABAAEAAAIBRAA7\" data-ken-burns=\"false\" data-tablet-ken-burns=\"false\" data-mobile-ken-burns=\"false\" alt=\"\" data-depicter-src=\"https:\/\/www.ull.es\/grados\/ingenieria-electronica-industrial-automatica\/wp-content\/uploads\/sites\/16\/2025\/04\/Slider_ngenieri\u0301a_Electro\u0301nica_Industrial_y_Automa\u0301tica.jpg\" data-object-fit=\"custom,custom,\" data-object-position=\"center top,,\" data-crop=\"{'focalPoint':{'x':0.5,'y':0.5},'mediaSize':{'width':1392.028985507246261477121151983737945556640625,'height':450}}\" data-tablet-crop=\"{'focalPoint':{'x':0.5,'y':0.5},'mediaSize':{'width':2165.3784219001609017141163349151611328125,'height':699.9999999999998863131622783839702606201171875}}\" data-mobile-crop=\"{'focalPoint':{'x':0.5,'y':0.5},'mediaSize':{'width':1113.623188405797236555372364819049835205078125,'height':360}}\" \/>\n<\/picture>\n\n\n<h1 id=\"depicter-1-element-5\" class=\"depicter-element depicter-layer depicter-1-element-5\" data-type=\"text\" data-wrap=\"true\" data-name=\"Text 2\" data-local-id=\"element-5\" data-offset=\"x:-71px;y:125px;origin:tl\" data-tablet-offset=\"x:218px;y:264px;origin:tl\" data-mobile-offset=\"x:6px;y:-157px;origin:tl\" data-width=\"1342px,589px,368px\" data-height=\"auto,auto,auto\" data-responsive-scale=\"true,,\">Grado en Ingenier\u00eda Electr\u00f3nica Industrial y Autom\u00e1tica<\/h1>\n\n<div id=\"depicter-1-element-10\" class=\"depicter-element depicter-layer depicter-1-element-10\" data-type=\"shape\" data-wrap=\"true\" data-name=\"Shape 1\" data-local-id=\"element-10\" data-offset=\"x:-60px;y:330px;origin:tl\" data-tablet-offset=\"x:218px;y:444px;origin:tl\" data-mobile-offset=\"x:6px;y:15px;origin:tl\" data-width=\"1302px,555px,309px\" data-height=\"8px,8px,8px\" data-responsive-scale=\"true,,\"><\/div>\n<\/div>\n<\/div>\n<script>\n(window.depicterSetups = window.depicterSetups || []).push(function(){\n\tDepicter.basePath = 'https:\/\/www.ull.es\/grados\/ingenieria-electronica-industrial-automatica\/wp-content\/plugins\/depicter\/resources\/scripts\/player\/';\n\tconst dpPlayer = Depicter.setup('.depicter-1',\n\t\t{\"width\":[\"1200\",\"1024\",\"360\"],\"height\":[\"450\",\"700\",\"360\"],\"view\":\"basic\",\"keepAspectRatio\":true,\"preload\":0,\"layout\":\"fullwidth\",\"rtl\":false,\"initAfterAppear\":false,\"ajaxApiUrl\":\"https:\\\/\\\/www.ull.es\\\/grados\\\/ingenieria-electronica-industrial-automatica\\\/wp-admin\\\/admin-ajax.php\",\"mouseSwipe\":true,\"touchSwipe\":true,\"useWatermark\":false}\n\t);\n});\n<\/script><\/div><\/div><\/div>\n<\/div><\/div>\n\n\n\n<div class=\"wp-block-stackable-columns alignfull stk-block-columns stk--hide-mobile stk-block stk-ceecbdc stk-block-background\" data-block-id=\"ceecbdc\"><style>.stk-ceecbdc {background-color:#360060 !important;padding-top:35px !important;padding-right:0px !important;padding-bottom:2px !important;padding-left:0px !important;margin-top:-20px !important;margin-bottom:70px !important;}.stk-ceecbdc:before{background-color:#360060 !important;}<\/style><div class=\"stk-row stk-inner-blocks stk-block-content stk-content-align stk-ceecbdc-column alignfull\">\n<div class=\"wp-block-stackable-column stk-block-column stk-column stk-block stk-fc60a5d\" data-v=\"4\" data-block-id=\"fc60a5d\"><div class=\"stk-column-wrapper stk-block-column__content stk-container stk-fc60a5d-container stk--no-background stk--no-padding\"><div class=\"stk-block-content stk-inner-blocks stk-fc60a5d-inner-blocks\">\n<div class=\"wp-block-stackable-spacer stk-block-spacer stk--no-padding stk-block stk-a3a8a68\" data-block-id=\"a3a8a68\"><style>.stk-a3a8a68 {height:0px !important;}<\/style><\/div>\n<\/div><\/div><\/div>\n<\/div><\/div>\n\n\n\n<div class=\"wp-block-stackable-columns stk-block-columns stk-block stk-8b59b96\" data-block-id=\"8b59b96\"><style>.stk-8b59b96 .stk--block-align-8b59b96{align-items:flex-start !important;}.stk-8b59b96 {margin-top:25px !important;}.stk-8b59b96-column{--stk-columns-spacing:0px !important;--stk-column-gap:50px !important;}@media screen and (max-width: 767px){.stk-8b59b96-column{row-gap:var(--stk--preset--spacing--60, 2.25rem) !important;}}<\/style><div class=\"stk-row stk-inner-blocks stk--block-align-8b59b96 stk-block-content stk-content-align stk-8b59b96-column\">\n<div class=\"wp-block-stackable-column stk-block-column stk-column stk-block stk-dbb7e15\" data-v=\"4\" data-block-id=\"dbb7e15\"><div class=\"stk-column-wrapper stk-block-column__content stk-container stk-dbb7e15-container stk--no-background stk--no-padding\"><div class=\"stk-block-content stk-inner-blocks stk-dbb7e15-inner-blocks\">\n<div class=\"wp-block-stackable-heading stk-block-heading stk-block-heading--v2 stk-block stk-689c258\" id=\"trabajo-de-fin-de-grado\" data-block-id=\"689c258\"><style>.stk-689c258 .stk-block-heading__text{color:#5c068c !important;}<\/style><h1 class=\"stk-block-heading__text has-text-color\">Trabajo de Fin de Grado<\/h1><\/div>\n\n\n\n<p>Los 12 cr\u00e9ditos ECTS correspondientes al Trabajo Fin de Grado (TFG) deber\u00e1n ser cursados obligatoriamente por el alumnado para la obtenci\u00f3n del t\u00edtulo, de acuerdo con lo establecido en el Real Decreto 822\/2021, de 28 de septiembre, y en la Orden CIN\/351\/2009, de 9 de febrero, por la que se fijan los requisitos para la verificaci\u00f3n de los t\u00edtulos universitarios oficiales que habiliten para el ejercicio de la profesi\u00f3n de Ingeniero T\u00e9cnico Industrial (BOE, 20-02-2009).<\/p>\n\n\n\n<p>Coordinador del TFG en el Grado en Ingenier\u00eda Electr\u00f3nica&nbsp; Industrial y Autom\u00e1tica<strong>:<\/strong><\/p>\n\n\n\n<p><strong>Manuel Jes\u00fas Rodr\u00edguez Valido&nbsp;<\/strong>(<a href=\"mailto:mrvalido@ull.es\" target=\"_blank\" rel=\"noreferrer noopener\" target=\"_blank\" rel=\"noopener\">mrvalido@ull.es<\/a>).<\/p>\n\n\n\n<p>El TFG debe elaborarse conforme a la&nbsp;<strong>Gu\u00eda Docente<\/strong>&nbsp;de la asignatura y al&nbsp;<strong>Procedimiento de TFG<\/strong>&nbsp;de los Estudios de Industriales. La documentaci\u00f3n necesaria para su presentaci\u00f3n y defensa est\u00e1 disponible en el&nbsp;<strong>Aula Virtual<\/strong>&nbsp;correspondiente (ver enlaces).<\/p>\n\n\n\n<p><strong>Enlaces:<\/strong><\/p>\n\n\n\n<ul class=\"wp-block-list\">\n<li><a href=\"https:\/\/www.ull.es\/apps\/guias\/guias\/view_guide\/42624\/\" target=\"_blank\" rel=\"noreferrer noopener\" target=\"_blank\" rel=\"noopener\">Gu\u00eda docente de TFG de GIEIA<\/a><\/li>\n\n\n\n<li><a href=\"https:\/\/campusvirtual.ull.es\/facultades\/login\/index.php?authCAS=NOCAS\" target=\"_blank\" rel=\"noreferrer noopener\" target=\"_blank\" rel=\"noopener\">Aula virtual del TFG<\/a><\/li>\n<\/ul>\n\n\n\n<details class=\"wp-block-stackable-accordion stk-block-accordion stk-inner-blocks stk-block-content stk-block stk-fd58aad is-style-default\" id=\"organizacion-tfg\" data-block-id=\"fd58aad\"><style>.stk-fd58aad {border-style:solid !important;border-top-width:0px !important;border-right-width:0px !important;border-bottom-width:1px !important;border-left-width:0px !important;margin-bottom:10px !important;}<\/style>\n<summary class=\"wp-block-stackable-column stk-block-column stk-column stk-block stk-afc4b72 stk--container-small stk-block-accordion__heading\" data-v=\"4\" data-block-id=\"afc4b72\"><style>.stk-afc4b72 {padding-top:2px !important;padding-right:2px !important;padding-bottom:2px !important;padding-left:2px !important;}<\/style><div class=\"stk-column-wrapper stk-block-column__content stk-container stk-afc4b72-container stk--no-background stk--no-padding\"><div class=\"stk-block-content stk-inner-blocks stk-afc4b72-inner-blocks\">\n<div class=\"wp-block-stackable-icon-label stk-block-icon-label stk-block stk-9b9beb2\" data-block-id=\"9b9beb2\"><style>.stk-9b9beb2 .stk-inner-blocks{gap:39px !important;}@media screen and (max-width: 1023px){.stk-9b9beb2 .stk-inner-blocks{gap:39px !important;}}@media screen and (max-width: 767px){.stk-9b9beb2 .stk-inner-blocks{gap:39px !important;}}<\/style><div class=\"stk-row stk-inner-blocks stk-block-content\">\n<div class=\"wp-block-stackable-icon stk-block-icon stk-block stk-ab59f2f\" data-block-id=\"ab59f2f\"><style>.stk-ab59f2f .stk--svg-wrapper .stk--inner-svg svg:last-child{height:25px !important;width:25px !important;}.stk-ab59f2f .stk--svg-wrapper .stk--inner-svg svg:last-child, .stk-ab59f2f .stk--svg-wrapper .stk--inner-svg svg:last-child :is(g, path, rect, polygon, ellipse){fill:#5c068c !important;}<\/style><span class=\"stk--svg-wrapper stk--has-icon2\"><div class=\"stk--inner-svg\"><svg style=\"height:0;width:0\"><defs><linearGradient id=\"linear-gradient-ab59f2f\" x1=\"0\" x2=\"100%\" y1=\"0\" y2=\"0\"><stop offset=\"0%\" style=\"stop-opacity:1;stop-color:var(--linear-gradient-ab-59-f-2-f-color-1)\"><\/stop><stop offset=\"100%\" style=\"stop-opacity:1;stop-color:var(--linear-gradient-ab-59-f-2-f-color-2)\"><\/stop><\/linearGradient><\/defs><\/svg><svg xmlns=\"http:\/\/www.w3.org\/2000\/svg\" viewBox=\"0 0 384 512\" aria-hidden=\"true\" width=\"32\" height=\"32\"><path d=\"M64 0C28.7 0 0 28.7 0 64V448c0 35.3 28.7 64 64 64H320c35.3 0 64-28.7 64-64V160H256c-17.7 0-32-14.3-32-32V0H64zM256 0V128H384L256 0zM112 256H272c8.8 0 16 7.2 16 16s-7.2 16-16 16H112c-8.8 0-16-7.2-16-16s7.2-16 16-16zm0 64H272c8.8 0 16 7.2 16 16s-7.2 16-16 16H112c-8.8 0-16-7.2-16-16s7.2-16 16-16zm0 64H272c8.8 0 16 7.2 16 16s-7.2 16-16 16H112c-8.8 0-16-7.2-16-16s7.2-16 16-16z\"><\/path><\/svg><\/div><div class=\"stk--inner-svg stk--icon-2\" style=\"display:none\"><svg style=\"height:0;width:0\"><defs><linearGradient id=\"linear-gradient-ab59f2f\" x1=\"0\" x2=\"100%\" y1=\"0\" y2=\"0\"><stop offset=\"0%\" style=\"stop-opacity:1;stop-color:var(--linear-gradient-ab-59-f-2-f-color-1)\"><\/stop><stop offset=\"100%\" style=\"stop-opacity:1;stop-color:var(--linear-gradient-ab-59-f-2-f-color-2)\"><\/stop><\/linearGradient><\/defs><\/svg><svg xmlns=\"http:\/\/www.w3.org\/2000\/svg\" viewBox=\"0 0 384 512\" aria-hidden=\"true\" width=\"32\" height=\"32\"><path d=\"M64 464c-8.8 0-16-7.2-16-16V64c0-8.8 7.2-16 16-16H224v80c0 17.7 14.3 32 32 32h80V448c0 8.8-7.2 16-16 16H64zM64 0C28.7 0 0 28.7 0 64V448c0 35.3 28.7 64 64 64H320c35.3 0 64-28.7 64-64V154.5c0-17-6.7-33.3-18.7-45.3L274.7 18.7C262.7 6.7 246.5 0 229.5 0H64zm56 256c-13.3 0-24 10.7-24 24s10.7 24 24 24H264c13.3 0 24-10.7 24-24s-10.7-24-24-24H120zm0 96c-13.3 0-24 10.7-24 24s10.7 24 24 24H264c13.3 0 24-10.7 24-24s-10.7-24-24-24H120z\"><\/path><\/svg><\/div><\/span><\/div>\n\n\n\n<div class=\"wp-block-stackable-heading stk-block-heading stk-block-heading--v2 stk-block stk-7068a70\" id=\"organizacion-del-tfg\" data-block-id=\"7068a70\"><style>.stk-7068a70 .stk-block-heading__text{color:#000000 !important;font-weight:500 !important;font-family:\"ArgentumSans\", Sans-serif !important;}<\/style><h4 class=\"stk-block-heading__text has-text-color\">Organizaci\u00f3n del TFG<\/h4><\/div>\n<\/div><\/div>\n<\/div><\/div><\/summary>\n\n\n\n<div class=\"wp-block-stackable-column stk-block-column stk-column stk-block stk-d32b351 stk-block-accordion__content\" data-v=\"4\" data-block-id=\"d32b351\"><style>.stk-d32b351 {margin-top:-30px !important;}<\/style><div class=\"stk-column-wrapper stk-block-column__content stk-container stk-d32b351-container stk--no-background stk--no-padding\"><div class=\"stk-block-content stk-inner-blocks stk-d32b351-inner-blocks\">\n<p><strong>Adecuaci\u00f3n y tutela<\/strong><strong><br><\/strong>Cada Trabajo Fin de Grado (TFG) es&nbsp;<strong>individual<\/strong>&nbsp;y debe demostrar de forma aut\u00f3noma las competencias del grado. El alumnado contar\u00e1 con&nbsp;<strong>un tutor o tutora<\/strong>&nbsp;y, si procede,&nbsp;<strong>un cotutor o cotutora<\/strong>.<\/p>\n\n\n\n<p><strong>Carga y dedicaci\u00f3n<\/strong><strong><br><\/strong>El TFG corresponde a&nbsp;<strong>12 ECTS (300 h)<\/strong>. De ellas,&nbsp;<strong>hasta 30 h<\/strong>&nbsp;pueden ser actividades presenciales (tutor\u00edas, seminarios o talleres de apoyo); el resto es trabajo aut\u00f3nomo del alumnado.<\/p>\n\n\n\n<p><strong>Asignaci\u00f3n del tema<\/strong><\/p>\n\n\n\n<ul class=\"wp-block-list\">\n<li><strong>Acuerdo previo estudiante-docente<\/strong>\u00a0dentro del plazo fijado por la Comisi\u00f3n de TFG (CTFG).<\/li>\n\n\n\n<li><strong>Oferta p\u00fablica de temas<\/strong>\u00a0para quienes no formalicen acuerdo; la adjudicaci\u00f3n sigue los criterios de la Gu\u00eda Docente.\u00a0<\/li>\n<\/ul>\n\n\n\n<p><strong>Elaboraci\u00f3n y originalidad<\/strong><strong><br><\/strong>La memoria y la defensa deben ajustarse al formato indicado en la Gu\u00eda Docente. El uso de contenidos generados por IA sin an\u00e1lisis cr\u00edtico ni citaci\u00f3n se considera&nbsp;<strong>fraude acad\u00e9mico<\/strong>&nbsp;y acarrea la calificaci\u00f3n de suspenso, sin perjuicio de otras sanciones.<\/p>\n\n\n\n<p><strong>Dep\u00f3sito y defensa<\/strong><\/p>\n\n\n\n<ol class=\"wp-block-list\">\n<li><strong>Dep\u00f3sito<\/strong>: La memoria deber\u00e1 presentarse a trav\u00e9s del\u00a0<a href=\"https:\/\/sede.ull.es\/ecivilis-site\/catalog\/showProcedure\/281\" target=\"_blank\" rel=\"noreferrer noopener\" target=\"_blank\" rel=\"noopener\"><strong>Procedimiento de Presentaci\u00f3n del TFG en la sede electr\u00f3nica de la ULL<\/strong><\/a>, y una copia firmada a trav\u00e9s del\u00a0<strong>Aula Virtual<\/strong>\u00a0en el plazo publicado por la CTFG<\/li>\n\n\n\n<li><strong>Defensa p\u00fablica<\/strong>: Consistir\u00e1 en una exposici\u00f3n oral (m\u00e1x. 15 min) m\u00e1s una ronda de preguntas (m\u00e1x. 15 min).<\/li>\n\n\n\n<li><strong>Evaluaci\u00f3n<\/strong>:\n<ul class=\"wp-block-list\">\n<li>Informe del\/de la tutor\/a:\u00a0<strong>20 %<\/strong><\/li>\n\n\n\n<li>Valoraci\u00f3n de la memoria por el tribunal:\u00a0<strong>30 %<\/strong><\/li>\n\n\n\n<li>Presentaci\u00f3n y defensa:\u00a0<strong>50 %<\/strong>\u00a0<\/li>\n<\/ul>\n<\/li>\n<\/ol>\n\n\n\n<p><strong>Tribunales<\/strong><strong><br><\/strong>Cada tribunal consta de tres miembros del PDI de la ULL (presidencia, secretar\u00eda y vocal) m\u00e1s un suplente, designados por la CTFG.<\/p>\n\n\n\n<p>La comunicaci\u00f3n oficial de fechas, tribunales y documentos, as\u00ed como los anuncios de la CTFG se realizan exclusivamente a trav\u00e9s del&nbsp;<strong>Aula Virtual<\/strong>&nbsp;(ver enlaces arriba).<\/p>\n<\/div><\/div><\/div>\n<\/details>\n\n\n\n<details class=\"wp-block-stackable-accordion stk-block-accordion stk-inner-blocks stk-block-content stk-block stk-df33710 is-style-default\" id=\"normativa\" data-block-id=\"df33710\"><style>.stk-df33710 {border-style:solid !important;border-top-width:0px !important;border-right-width:0px !important;border-bottom-width:1px !important;border-left-width:0px !important;margin-bottom:10px !important;}<\/style>\n<summary class=\"wp-block-stackable-column stk-block-column stk-column stk-block stk-6116fec stk--container-small stk-block-accordion__heading\" data-v=\"4\" data-block-id=\"6116fec\"><style>.stk-6116fec {padding-top:2px !important;padding-right:2px !important;padding-bottom:2px !important;padding-left:2px !important;}<\/style><div class=\"stk-column-wrapper stk-block-column__content stk-container stk-6116fec-container stk--no-background stk--no-padding\"><div class=\"stk-block-content stk-inner-blocks stk-6116fec-inner-blocks\">\n<div class=\"wp-block-stackable-icon-label stk-block-icon-label stk-block stk-e108ae0\" data-block-id=\"e108ae0\"><style>.stk-e108ae0 .stk-inner-blocks{gap:39px !important;}@media screen and (max-width: 1023px){.stk-e108ae0 .stk-inner-blocks{gap:39px !important;}}@media screen and (max-width: 767px){.stk-e108ae0 .stk-inner-blocks{gap:39px !important;}}<\/style><div class=\"stk-row stk-inner-blocks stk-block-content\">\n<div class=\"wp-block-stackable-icon stk-block-icon stk-block stk-6d9e4d5\" data-block-id=\"6d9e4d5\"><style>.stk-6d9e4d5 .stk--svg-wrapper .stk--inner-svg svg:last-child{height:25px !important;width:25px !important;}.stk-6d9e4d5 .stk--svg-wrapper .stk--inner-svg svg:last-child, .stk-6d9e4d5 .stk--svg-wrapper .stk--inner-svg svg:last-child :is(g, path, rect, polygon, ellipse){fill:#5c068c !important;}<\/style><span class=\"stk--svg-wrapper stk--has-icon2\"><div class=\"stk--inner-svg\"><svg style=\"height:0;width:0\"><defs><linearGradient id=\"linear-gradient-6d9e4d5\" x1=\"0\" x2=\"100%\" y1=\"0\" y2=\"0\"><stop offset=\"0%\" style=\"stop-opacity:1;stop-color:var(--linear-gradient-6-d-9-e-4-d-5-color-1)\"><\/stop><stop offset=\"100%\" style=\"stop-opacity:1;stop-color:var(--linear-gradient-6-d-9-e-4-d-5-color-2)\"><\/stop><\/linearGradient><\/defs><\/svg><svg xmlns=\"http:\/\/www.w3.org\/2000\/svg\" viewBox=\"0 0 448 512\" aria-hidden=\"true\" width=\"32\" height=\"32\"><path d=\"M96 0C43 0 0 43 0 96V416c0 53 43 96 96 96H384h32c17.7 0 32-14.3 32-32s-14.3-32-32-32V384c17.7 0 32-14.3 32-32V32c0-17.7-14.3-32-32-32H384 96zm0 384H352v64H96c-17.7 0-32-14.3-32-32s14.3-32 32-32zm32-240c0-8.8 7.2-16 16-16H336c8.8 0 16 7.2 16 16s-7.2 16-16 16H144c-8.8 0-16-7.2-16-16zm16 48H336c8.8 0 16 7.2 16 16s-7.2 16-16 16H144c-8.8 0-16-7.2-16-16s7.2-16 16-16z\"><\/path><\/svg><\/div><div class=\"stk--inner-svg stk--icon-2\" style=\"display:none\"><svg style=\"height:0;width:0\"><defs><linearGradient id=\"linear-gradient-6d9e4d5\" x1=\"0\" x2=\"100%\" y1=\"0\" y2=\"0\"><stop offset=\"0%\" style=\"stop-opacity:1;stop-color:var(--linear-gradient-6-d-9-e-4-d-5-color-1)\"><\/stop><stop offset=\"100%\" style=\"stop-opacity:1;stop-color:var(--linear-gradient-6-d-9-e-4-d-5-color-2)\"><\/stop><\/linearGradient><\/defs><\/svg><svg xmlns=\"http:\/\/www.w3.org\/2000\/svg\" viewBox=\"0 0 576 512\" aria-hidden=\"true\" width=\"32\" height=\"32\"><path d=\"M249.6 471.5c10.8 3.8 22.4-4.1 22.4-15.5V78.6c0-4.2-1.6-8.4-5-11C247.4 52 202.4 32 144 32C93.5 32 46.3 45.3 18.1 56.1C6.8 60.5 0 71.7 0 83.8V454.1c0 11.9 12.8 20.2 24.1 16.5C55.6 460.1 105.5 448 144 448c33.9 0 79 14 105.6 23.5zm76.8 0C353 462 398.1 448 432 448c38.5 0 88.4 12.1 119.9 22.6c11.3 3.8 24.1-4.6 24.1-16.5V83.8c0-12.1-6.8-23.3-18.1-27.6C529.7 45.3 482.5 32 432 32c-58.4 0-103.4 20-123 35.6c-3.3 2.6-5 6.8-5 11V456c0 11.4 11.7 19.3 22.4 15.5z\"><\/path><\/svg><\/div><\/span><\/div>\n\n\n\n<div class=\"wp-block-stackable-heading stk-block-heading stk-block-heading--v2 stk-block stk-9a79085\" id=\"span-style-color-000000-class-stk-highlight-normativa-span\" data-block-id=\"9a79085\"><style>.stk-9a79085 .stk-block-heading__text{color:#000000 !important;font-weight:500 !important;font-family:\"ArgentumSans\", Sans-serif !important;}<\/style><h4 class=\"stk-block-heading__text has-text-color\"><span style=\"color: #000000;\" class=\"stk-highlight\">Normativa<\/span><\/h4><\/div>\n<\/div><\/div>\n<\/div><\/div><\/summary>\n\n\n\n<div class=\"wp-block-stackable-column stk-block-column stk-column stk-block stk-971aaa2 stk-block-accordion__content\" data-v=\"4\" data-block-id=\"971aaa2\"><style>.stk-971aaa2 {margin-top:-30px !important;}<\/style><div class=\"stk-column-wrapper stk-block-column__content stk-container stk-971aaa2-container stk--no-background stk--no-padding\"><div class=\"stk-block-content stk-inner-blocks stk-971aaa2-inner-blocks\">\n<p><strong>Matr\u00edcula del TFG<\/strong><\/p>\n\n\n\n<ul class=\"wp-block-list\">\n<li>Para poder matricularse en la asignatura TFG el alumnado debe haber\u00a0<strong>superado 150 ECTS\u00a0<\/strong>del plan de estudios, incluyendo la<strong>\u00a0totalidad de los 60 ECTS de Formaci\u00f3n B\u00e1sica.<\/strong><\/li>\n\n\n\n<li>En el mismo acto de matr\u00edcula se deber\u00e1n incluir\u00a0<strong>todas las asignaturas obligatorias y las Pr\u00e1cticas Externas<\/strong>\u00a0que a\u00fan resten para finalizar el plan de estudios.<\/li>\n<\/ul>\n\n\n\n<p><strong>Presentaci\u00f3n y defensa del TFG<\/strong><\/p>\n\n\n\n<ul class=\"wp-block-list\">\n<li>El TFG s\u00f3lo podr\u00e1 depositarse y defenderse cuando el alumnado haya\u00a0<strong>aprobado todas las asignaturas de car\u00e1cter b\u00e1sico y obligatorio<\/strong>\u00a0del grado (216 ECTS).<\/li>\n\n\n\n<li>Se permite que queden\u00a0<strong>como m\u00e1ximo 12 ECTS de asignaturas optativas pendientes<\/strong>, adem\u00e1s de los\u00a0<strong>12 ECTS propios del TFG<\/strong>.\u00a0<\/li>\n<\/ul>\n\n\n\n<p><strong>Enlaces<\/strong><\/p>\n\n\n\n<ul class=\"wp-block-list\">\n<li><a href=\"https:\/\/drive.google.com\/file\/d\/1Ypf6pNbyOIw9QnuDOxAkOn89sat1vzdY\/view\" target=\"_blank\" rel=\"noreferrer noopener\" target=\"_blank\" rel=\"noopener\">Reglamento del Trabajo Fin de Grado de la Universidad de La Laguna<\/a><\/li>\n\n\n\n<li><a href=\"https:\/\/drive.google.com\/file\/d\/1P-zT4gghayu9_ZB1eiKmPRREhmjnL1nI\/view\" target=\"_blank\" rel=\"noreferrer noopener\" target=\"_blank\" rel=\"noopener\">Procedimiento para la elaboraci\u00f3n, presentaci\u00f3n, evaluaci\u00f3n y gesti\u00f3n de los TFG correspondientes a los Estudios de Industriales.<\/a><\/li>\n<\/ul>\n<\/div><\/div><\/div>\n<\/details>\n<\/div><\/div><\/div>\n<\/div><\/div>\n","protected":false},"excerpt":{"rendered":"<p>Trabajo de Fin de Grado Los 12 cr\u00e9ditos ECTS correspondientes al Trabajo Fin de Grado (TFG) deber\u00e1n ser cursados obligatoriamente por el alumnado para la obtenci\u00f3n del t\u00edtulo, de acuerdo con lo establecido en el Real Decreto 822\/2021, de 28 de septiembre, y en la Orden CIN\/351\/2009, de 9 de febrero, por la que se&#8230;<\/p>\n","protected":false},"author":1,"featured_media":0,"parent":270,"menu_order":3,"comment_status":"closed","ping_status":"closed","template":"templates\/template-frontpage.php","meta":{"footnotes":""},"class_list":["post-33","page","type-page","status-publish","hentry"],"_links":{"self":[{"href":"https:\/\/www.ull.es\/grados\/ingenieria-electronica-industrial-automatica\/wp-json\/wp\/v2\/pages\/33","targetHints":{"allow":["GET"]}}],"collection":[{"href":"https:\/\/www.ull.es\/grados\/ingenieria-electronica-industrial-automatica\/wp-json\/wp\/v2\/pages"}],"about":[{"href":"https:\/\/www.ull.es\/grados\/ingenieria-electronica-industrial-automatica\/wp-json\/wp\/v2\/types\/page"}],"author":[{"embeddable":true,"href":"https:\/\/www.ull.es\/grados\/ingenieria-electronica-industrial-automatica\/wp-json\/wp\/v2\/users\/1"}],"replies":[{"embeddable":true,"href":"https:\/\/www.ull.es\/grados\/ingenieria-electronica-industrial-automatica\/wp-json\/wp\/v2\/comments?post=33"}],"version-history":[{"count":29,"href":"https:\/\/www.ull.es\/grados\/ingenieria-electronica-industrial-automatica\/wp-json\/wp\/v2\/pages\/33\/revisions"}],"predecessor-version":[{"id":1207,"href":"https:\/\/www.ull.es\/grados\/ingenieria-electronica-industrial-automatica\/wp-json\/wp\/v2\/pages\/33\/revisions\/1207"}],"up":[{"embeddable":true,"href":"https:\/\/www.ull.es\/grados\/ingenieria-electronica-industrial-automatica\/wp-json\/wp\/v2\/pages\/270"}],"wp:attachment":[{"href":"https:\/\/www.ull.es\/grados\/ingenieria-electronica-industrial-automatica\/wp-json\/wp\/v2\/media?parent=33"}],"curies":[{"name":"wp","href":"https:\/\/api.w.org\/{rel}","templated":true}]}}