{"id":35,"date":"2017-06-28T12:58:08","date_gmt":"2017-06-28T12:58:08","guid":{"rendered":"http:\/\/www.ull.es\/masteres\/desarrollo-y-gestion-de-recursos-humanos\/?page_id=26"},"modified":"2025-12-16T15:48:53","modified_gmt":"2025-12-16T15:48:53","slug":"descripcion-del-titulo","status":"publish","type":"page","link":"https:\/\/www.ull.es\/grados\/ingenieria-informatica\/fr\/informacion-academica\/descripcion-del-titulo\/","title":{"rendered":"Description du titre"},"content":{"rendered":"\n<div class=\"wp-block-stackable-columns alignfull stk-block-columns stk-block stk-8657999\" data-block-id=\"8657999\"><style>.stk-8657999 {padding-bottom:0px !important;margin-top:-30px !important;margin-bottom:0px !important;}@media screen and (max-width: 767px){.stk-8657999 {margin-top:-10% !important;}}<\/style><div class=\"stk-row stk-inner-blocks stk-block-content stk-content-align stk-8657999-column alignfull\">\n<div class=\"wp-block-stackable-column stk-block-column stk-column stk-block stk-914f03e\" data-v=\"4\" data-block-id=\"914f03e\"><div class=\"stk-column-wrapper stk-block-column__content stk-container stk-914f03e-container stk--no-background stk--no-padding\"><div class=\"stk-block-content stk-inner-blocks stk-914f03e-inner-blocks\"><style id=\"depicter-1-inline-pre-css\">\n\n.depicter-1:not(.depicter-ready){\n\theight:500px;\n}\n\n\/***** Tablet *****\/\n@media screen and (max-width: 1024px){\n\n.depicter-1:not(.depicter-ready){\n\theight:700px;\n}\n\n}\n\/***** Mobile *****\/\n@media screen and (max-width: 767px){\n\n.depicter-1:not(.depicter-ready){\n\theight:360px;\n}\n\n}\n<\/style>\n<div id=\"depicter-1\" class=\"depicter depicter-document depicter-revert depicter-1 depicter-layout-fullwidth\">\n\n<div class=\"depicter-loading-container depicter-loading dotFlashing-dark\"><div class=\"depicter-loading-dark depicter-dot-flashing\">\n   <span><\/span>\n   <span><\/span>\n   <span><\/span>\n<\/div>\n<\/div>\n<div id=\"depicter-1-section-1\" class=\"depicter-section depicter-1-section-1\" data-name=\"Section 1\" data-type=\"section\" data-local-id=\"section-1\">\n<picture class=\"depicter-bg\">\n<source data-depicter-srcset=\"https:\/\/www.ull.es\/grados\/ingenieria-informatica\/wp-content\/uploads\/sites\/6\/2025\/04\/Slider_Informa\u0301tica-768x248.jpg, https:\/\/www.ull.es\/grados\/ingenieria-informatica\/wp-content\/uploads\/sites\/6\/2025\/04\/Slider_Informa\u0301tica.jpg 2x\" srcset=\"data:image\/gif;base64,R0lGODlhAQABAIAAAAAAAP\/\/\/yH5BAEAAAAALAAAAAABAAEAAAIBRAA7\" media=\"(max-width: 1024px)\" \/>\n\n<source data-depicter-srcset=\"https:\/\/www.ull.es\/grados\/ingenieria-informatica\/wp-content\/uploads\/sites\/6\/2025\/04\/Slider_Informa\u0301tica.jpg, https:\/\/www.ull.es\/grados\/ingenieria-informatica\/wp-content\/uploads\/sites\/6\/2025\/04\/Slider_Informa\u0301tica-1920x621.jpg 2x\" srcset=\"data:image\/gif;base64,R0lGODlhAQABAIAAAAAAAP\/\/\/yH5BAEAAAAALAAAAAABAAEAAAIBRAA7\" media=\"(min-width: 1025px)\" \/>\n<img decoding=\"async\" src=\"data:image\/gif;base64,R0lGODlhAQABAIAAAAAAAP\/\/\/yH5BAEAAAAALAAAAAABAAEAAAIBRAA7\" data-ken-burns=\"false\" data-tablet-ken-burns=\"false\" data-mobile-ken-burns=\"false\" alt=\"\" data-depicter-src=\"https:\/\/www.ull.es\/grados\/ingenieria-informatica\/wp-content\/uploads\/sites\/6\/2025\/04\/Slider_Informa\u0301tica.jpg\" data-object-fit=\"custom,custom,\" data-object-position=\"center top,,\" data-crop=\"{'focalPoint':{'x':0.5,'y':0.5},'mediaSize':{'width':1391.3043478260869960649870336055755615234375,'height':450}}\" data-tablet-crop=\"{'focalPoint':{'x':0.5,'y':0.5},'mediaSize':{'width':2164.25120772946820579818449914455413818359375,'height':699.9999999999998863131622783839702606201171875}}\" data-mobile-crop=\"{'focalPoint':{'x':0.5,'y':0.5},'mediaSize':{'width':1113.04347826086950590251944959163665771484375,'height':360}}\" \/>\n<\/picture>\n\n\n<h1 id=\"depicter-1-element-5\" class=\"depicter-element depicter-layer depicter-1-element-5\" data-type=\"text\" data-wrap=\"true\" data-name=\"Text 2\" data-local-id=\"element-5\" data-offset=\"x:87px;y:150px;origin:tl\" data-tablet-offset=\"x:232px;y:293px;origin:tl\" data-mobile-offset=\"x:6px;y:-136px;origin:tl\" data-width=\"968px,589px,348px\" data-height=\"auto,auto,auto\" data-responsive-scale=\"true,,\">Grado en Ingenier\u00eda Inform\u00e1tica<\/h1>\n\n<div id=\"depicter-1-element-10\" class=\"depicter-element depicter-layer depicter-1-element-10\" data-type=\"shape\" data-wrap=\"true\" data-name=\"Shape 1\" data-local-id=\"element-10\" data-offset=\"x:87px;y:358px;origin:tl\" data-tablet-offset=\"x:232px;y:426px;origin:tl\" data-mobile-offset=\"x:6px;y:15px;origin:tl\" data-width=\"968px,555px,309px\" data-height=\"8px,8px,8px\" data-responsive-scale=\"true,,\"><\/div>\n<\/div>\n<\/div>\n<script>\n(window.depicterSetups = window.depicterSetups || []).push(function(){\n\tDepicter.basePath = 'https:\/\/www.ull.es\/grados\/ingenieria-informatica\/wp-content\/plugins\/depicter\/resources\/scripts\/player\/';\n\tconst dpPlayer = Depicter.setup('.depicter-1',\n\t\t{\"width\":[\"1200\",\"1024\",\"360\"],\"height\":[\"500\",\"700\",\"360\"],\"view\":\"basic\",\"keepAspectRatio\":true,\"preload\":0,\"layout\":\"fullwidth\",\"rtl\":false,\"initAfterAppear\":false,\"ajaxApiUrl\":\"https:\\\/\\\/www.ull.es\\\/grados\\\/ingenieria-informatica\\\/wp-admin\\\/admin-ajax.php\",\"mouseSwipe\":true,\"touchSwipe\":true,\"useWatermark\":false}\n\t);\n});\n<\/script><\/div><\/div><\/div>\n<\/div><\/div>\n\n\n\n<div class=\"wp-block-stackable-columns alignfull stk-block-columns stk--hide-mobile stk-block stk-ceecbdc stk-block-background\" data-block-id=\"ceecbdc\"><style>.stk-ceecbdc {background-color:#360060 !important;padding-top:35px !important;padding-right:0px !important;padding-bottom:2px !important;padding-left:0px !important;margin-top:-20px !important;margin-bottom:70px !important;}.stk-ceecbdc:before{background-color:#360060 !important;}<\/style><div class=\"stk-row stk-inner-blocks stk-block-content stk-content-align stk-ceecbdc-column alignfull\">\n<div class=\"wp-block-stackable-column stk-block-column stk-column stk-block stk-fc60a5d\" data-v=\"4\" data-block-id=\"fc60a5d\"><div class=\"stk-column-wrapper stk-block-column__content stk-container stk-fc60a5d-container stk--no-background stk--no-padding\"><div class=\"stk-block-content stk-inner-blocks stk-fc60a5d-inner-blocks\">\n<div class=\"wp-block-stackable-spacer stk-block-spacer stk--no-padding stk-block stk-a3a8a68\" data-block-id=\"a3a8a68\"><style>.stk-a3a8a68 {height:0px !important;}<\/style><\/div>\n<\/div><\/div><\/div>\n<\/div><\/div>\n\n\n\n<div class=\"wp-block-stackable-columns alignwide stk-block-columns stk-block stk-3627255\" data-block-id=\"3627255\"><style>.stk-3627255 {padding-right:16% !important;padding-left:16% !important;margin-bottom:18px !important;}<\/style><div class=\"stk-row stk-inner-blocks stk-block-content stk-content-align stk-3627255-column alignwide\">\n<div class=\"wp-block-stackable-column stk-block-column stk-column stk-block stk-81e665a\" data-v=\"4\" data-block-id=\"81e665a\"><div class=\"stk-column-wrapper stk-block-column__content stk-container stk-81e665a-container stk--no-background stk--no-padding\"><div class=\"stk-block-content stk-inner-blocks stk-81e665a-inner-blocks\">\n<div class=\"wp-block-stackable-heading stk-block-heading stk-block-heading--v2 stk-block stk-97878e6\" id=\"descripcion-del-titulo\" data-block-id=\"97878e6\"><style>.stk-97878e6 .stk-block-heading__text{color:#5c068c !important;}<\/style><h1 class=\"stk-block-heading__text has-text-color\">Descripci\u00f3n del t\u00edtulo<\/h1><\/div>\n\n\n\n<style>\n.hoverable {\n  transition: transform 0.3s, box-shadow 0.3s;\n  cursor: pointer;\n}\n.hoverable:hover {\n  transform: scale(1.02);\n  box-shadow: 0 0.5rem 1rem rgba(0,0,0,0.25);\n  \/* Mantiene el color de fondo original *\/\n}\n<\/style>\n\n<!-- Tabla general con estilo similar -->\n<table class=\"table table-bordered table-striped align-middle text-center shadow-sm rounded overflow-hidden table-hover-effect\" style=\"border-collapse: separate; border-spacing: 0; box-shadow: 0 0.5rem 1rem rgba(0,0,0,0.15); border-radius:2rem; width:100%;\">\n  <tbody>\n    <tr style=\"background-color:#360060; color:#fff;\">\n      <td class=\"hoverable fw-bold\" style=\"width:30%; border-top-left-radius: 1.5rem; font-weight:bold;\">Nombre del t\u00edtulo:<\/td>\n      <td class=\"hoverable\" style=\"border-top-right-radius: 1.5rem; font-weight:bold;\">\tGraduado o Graduada en Ingenier\u00eda Inform\u00e1tica por la Universidad de La Laguna<\/td>\n    <\/tr>\n    <tr style=\"background-color:#f8f9fa;\">\n      <td class=\"hoverable fw-bold\" style=\"font-weight:bold;\">Universidad y centros responsables:<\/td>\n      <td class=\"hoverable\">Universidad de La Laguna. Escuela Superior de Ingenier\u00eda y Tecnolog\u00eda<\/td>\n    <\/tr>\n    <tr style=\"background-color:#fff;\">\n      <td class=\"hoverable fw-bold\" style=\"font-weight:bold;\">Modalidad de ense\u00f1anza:<\/td>\n      <td class=\"hoverable\">Presencial<\/td>\n    <\/tr>\n    <tr style=\"background-color:#f8f9fa;\">\n      <td class=\"hoverable fw-bold\" style=\"font-weight:bold;\">Lugar de impartici\u00f3n<\/td>\n     <td class=\"hoverable\"><a href=\"https:\/\/www.ull.es\/centros\/escuela-superior-de-ingenieria-y-tecnologia\" target=\"_blank\" rel=\"noopener\">Escuela Superior de Ingenier\u00eda y Tecnolog\u00eda<\/a><\/td>\n    <\/tr>\n    <tr style=\"background-color:#fff;\">\n      <td class=\"hoverable fw-bold\" width=\"30%\" style=\"font-weight:bold;\">Plazas ofertadas:<\/td>\n      <td class=\"hoverable\" width=\"70%\">155 plazas de nuevo ingreso<\/td>\n    <\/tr>\n    <tr style=\"background-color:#f8f9fa;\">\n      <td class=\"hoverable fw-bold\" style=\"font-weight:bold;\">N\u00famero de cr\u00e9ditos:<\/td>\n      <td class=\"hoverable\">240 ECTS N\u00famero M\u00ednimo de Cr\u00e9ditos ECTS por Estudiante y Periodo Lectivo: 30 ECTS por curso para alumnado de nuevo ingreso en la modalidad de tiempo parcial (15% de plazas destinadas a esta modalidad).<\/td>\n    <\/tr>\n    <tr style=\"background-color:#fff;\">\n      <td class=\"hoverable fw-bold\" style=\"font-weight:bold;\">Duraci\u00f3n del t\u00edtulo<\/td>\n      <td class=\"hoverable\">4 a\u00f1os<\/td>\n    <\/tr>\n    <tr style=\"background-color:#fff;\">\n      <td class=\"hoverable fw-bold\" style=\"font-weight:bold;\">Idiomas en los que se imparte:<\/td>\n      <td class=\"hoverable\">Espa\u00f1ol<\/td>\n    <\/tr>\n    <tr style=\"background-color:#fff;\">\n      <td class=\"hoverable fw-bold\" style=\"font-weight:bold;\">Profesi\u00f3n Regulada:<\/td>\n      <td class=\"hoverable\">La Ingenier\u00eda Inform\u00e1tica no es profesi\u00f3n regulada, aunque, a estos efectos, es asimilable. Es decir, se requiere haber completado un itinerario integrado de Grado y M\u00e1ster para poder ejercer como Ingeniero\/a Inform\u00e1tico\/a.<\/td>\n    <\/tr>\n    <tr style=\"background-color:#f8f9fa;\">\n      <td class=\"hoverable fw-bold\" style=\"border-bottom-left-radius: 1.5rem; font-weight:bold;\">Justificaci\u00f3n del t\u00edtulo<\/td>\n      <td class=\"hoverable\" style=\"border-bottom-right-radius: 1.5rem;\"><a href=\"https:\/\/drive.google.com\/open?id=1dNY-eSW8I-mPyta1pJ4eJ9mC_gLGAesN\" target=\"_blank\" rel=\"noopener\">Acceso a la justificaci\u00f3n<\/a><\/td>\n    <\/tr>\n  <\/tbody>\n<\/table>\n\n\n\n<h3 class=\"wp-block-heading\">Denominaci\u00f3n<\/h3>\n\n\n\n<p>Graduado\/Graduada en Ingenier\u00eda Inform\u00e1tica&nbsp;por la Universidad de La Laguna.<\/p>\n\n\n\n<h3 class=\"wp-block-heading\"><strong>Centro responsable de la ense\u00f1anza conducente al t\u00edtulo<\/strong><\/h3>\n\n\n\n<p>Escuela Superior de Ingenier\u00eda y Tecnolog\u00eda (ESIT).<br>Universidad de La Laguna (ULL).<\/p>\n\n\n\n<h3 class=\"wp-block-heading\"><strong>Tipo de ense\u00f1anza<\/strong><\/h3>\n\n\n\n<p>Las ense\u00f1anzas previstas para este t\u00edtulo tendr\u00e1n car\u00e1cter presencial, si bien se apoyar\u00e1n en el&nbsp;<a href=\"http:\/\/campusvirtual.ull.es\/\" target=\"_blank\" rel=\"noreferrer noopener\" target=\"_blank\" rel=\"noopener\">Campus Virtual<\/a>&nbsp;institucional de la propia Universidad.<\/p>\n\n\n\n<h3 class=\"wp-block-heading\"><strong>N\u00famero de plazas de nuevo ingreso ofertadas<\/strong><\/h3>\n\n\n\n<p>La oferta de plazas de nuevo ingreso ser\u00e1 de 155.<\/p>\n\n\n\n<p>Esta previsi\u00f3n se basa en las cifras de alumnado que, durante los \u00faltimos a\u00f1os, han formalizado su matr\u00edcula de nuevo ingreso en estos estudios en la ULL. El personal acad\u00e9mico y los recursos materiales actuales permiten asumir las actividades de ense\u00f1anza-aprendizaje propuestas para la titulaci\u00f3n objeto de esta memoria.<\/p>\n\n\n\n<h3 class=\"wp-block-heading\"><strong>N\u00famero de cr\u00e9ditos de matr\u00edcula por estudiante y per\u00edodo lectivo y requisitos de matriculaci\u00f3n<\/strong><\/h3>\n\n\n\n<h4 class=\"wp-block-heading\"><strong>N\u00famero de cr\u00e9ditos del t\u00edtulo<\/strong><\/h4>\n\n\n\n<p>La titulaci\u00f3n de Grado consta de 240 ECTS, que cada estudiante deber\u00e1 cursar, y superar, para la obtenci\u00f3n del t\u00edtulo de Grado. En la titulaci\u00f3n se contemplan cinco posibles itinerarios, de acuerdo a lo especificado en la Resoluci\u00f3n de 8 de junio de 2009 de la Secretar\u00eda General de Universidades (BOE de 4 de Agosto de 2009) por la que se establecen recomendaciones para la propuesta por las Universidades de memorias de solicitud de t\u00edtulos oficiales en los \u00e1mbitos de Ingenier\u00eda Inform\u00e1tica, Ingenier\u00eda T\u00e9cnica Inform\u00e1tica e Ingenier\u00eda Qu\u00edmica. Para la obtenci\u00f3n del t\u00edtulo deber\u00e1 cursarse, adem\u00e1s de los cr\u00e9ditos de formaci\u00f3n b\u00e1sica y cr\u00e9ditos comunes a la rama de Inform\u00e1tica, un bloque completo de 48 cr\u00e9ditos correspondiente a alguno de los cinco itinerarios.<\/p>\n\n\n\n<h4 class=\"wp-block-heading\"><strong>N\u00famero m\u00ednimo de cr\u00e9ditos europeos de matr\u00edcula por estudiante y periodo lectivo, y en su caso, normas de permanencia<\/strong><\/h4>\n\n\n\n<p>Las condiciones que permitir\u00e1n al alumnado matricularse en la titulaci\u00f3n, ser\u00e1n aquellas establecidas por la ULL en su Instrucci\u00f3n Reguladora de Matr\u00edcula (IRMA), elaborada para cada curso acad\u00e9mico, y aquellas normas de rango superior de las que deriva la IRMA establecidas por la Consejer\u00eda de Educaci\u00f3n, Universidades, Cultura y Deportes del Gobierno de Canarias. Como referencia, la IRMA del curso 2008-2009 establece, para el alumnado de nuevo ingreso, que:<\/p>\n\n\n\n<p><em>El alumnado que se matriculen por primera vez, deber\u00e1n matricularse necesariamente del primer curso completo en los planes tradicionales, y del primer cuatrimestre y de las asignaturas anuales del primer curso, si se trata de planes de estudio renovados.<\/em><\/p>\n\n\n\n<p>Para el Grado en Ingenier\u00eda Inform\u00e1tica se recomienda que el estudiantado se matricule el primer a\u00f1o de 60 cr\u00e9ditos ECTS. Adem\u00e1s, y con el fin de permitir la realizaci\u00f3n de estudios a tiempo parcial, se establece en 30 cr\u00e9ditos el m\u00ednimo a matricular por primera vez en el Grado, dedic\u00e1ndose el 15% de plazas a esta modalidad de matr\u00edcula. En este caso, la selecci\u00f3n ser\u00e1 realizada por el propio centro al amparo de la normativa y plazos por los que la Universidad de La Laguna regule esta modalidad.<\/p>\n\n\n\n<p>En cuanto a la continuaci\u00f3n de los estudios ya iniciados, no se establece ning\u00fan n\u00famero de cr\u00e9ditos m\u00ednimo, pudiendo matricularse el alumnado de asignaturas sueltas con independencia del curso a que \u00e9stas correspondan. La \u00fanica limitaci\u00f3n derivar\u00e1 de las obligaciones acad\u00e9micas que establezca el plan de estudios: Ordenaci\u00f3n temporal, inicio de alguno de los itinerarios, realizaci\u00f3n de pr\u00e1cticas externas y trabajo de fin de Grado.<\/p>\n\n\n\n<h4 class=\"wp-block-heading\"><strong>Normas de permanencia<\/strong><\/h4>\n\n\n\n<p>La regulaci\u00f3n sobre la permanencia en el Grado ser\u00e1 la establecida por la ULL.<\/p>\n\n\n\n<p>A modo de resumen, esta regulaci\u00f3n establece la posible no permanencia del alumnado en la titulaci\u00f3n en el caso de no superar ninguna asignatura del primer a\u00f1o, delimit\u00e1ndose varias situaciones:<\/p>\n\n\n\n<ul class=\"wp-block-list\">\n<li>Suspenso en todas las asignaturas del primer curso. Implica que no podr\u00e1n volver a matricularse en la titulaci\u00f3n, aunque podr\u00e1n hacerlo por una vez en otra titulaci\u00f3n de la ULL.<\/li>\n\n\n\n<li>Suspenso de algunas asignaturas y no presentado en otras. Pueden matricularse en la misma titulaci\u00f3n por una vez, siempre que justifiquen la raz\u00f3n por la que no se presentaron a los ex\u00e1menes. Si la circunstancia se repite el siguiente curso, no podr\u00e1n volverse a matricular de la titulaci\u00f3n.<\/li>\n\n\n\n<li>El alumnado no se ha presentado a ninguna asignatura del primer curso. Podr\u00e1n volverse a matricular una sola vez m\u00e1s, de la misma titulaci\u00f3n, pero no en el siguiente curso acad\u00e9mico.<\/li>\n<\/ul>\n\n\n\n<p>Adem\u00e1s la normativa establece un m\u00e1ximo de 6 convocatorias que el alumnado puede agotar para aprobar una asignatura. Cabr\u00e1 la posibilidad de optar a una s\u00e9ptima convocatoria si el Consejo Social de la Universidad lo autoriza y se cumplen determinadas circunstancias: al alumnado le restan menos de 36 cr\u00e9ditos para finalizar la titulaci\u00f3n, o han transcurrido m\u00e1s de dos cursos acad\u00e9micos despu\u00e9s de agotar la s\u00e9ptima convocatoria.<\/p>\n\n\n\n<h4 class=\"wp-block-heading\"><strong>Resto de informaci\u00f3n necesaria para la expedici\u00f3n del Suplemento Europeo al t\u00edtulo de acuerdo con la normativa vigente<\/strong><\/h4>\n\n\n\n<p>Rama de conocimiento: Ingenier\u00eda y Arquitectura.<\/p>\n\n\n\n<p>Naturaleza de la instituci\u00f3n que ha conferido el t\u00edtulo: Universidad P\u00fablica.<\/p>\n\n\n\n<p>Naturaleza del centro universitario en el que el titulado ha finalizado sus estudios: Centro propio de la Universidad.<\/p>\n\n\n\n<p>Profesiones para las que capacita una vez obtenido el t\u00edtulo: La profesi\u00f3n de Ingeniero\/a T\u00e9cnico en Inform\u00e1tica a la que se vincula el t\u00edtulo no est\u00e1 regulada.<\/p>\n\n\n\n<h4 class=\"wp-block-heading\"><strong>Idioma en el que se imparte el t\u00edtulo<\/strong><\/h4>\n\n\n\n<p>Lengua utilizada a lo largo del proceso formativo: Espa\u00f1ol.<\/p>\n\n\n\n<p>Dentro de las materias incluidas en la planificaci\u00f3n del Grado se realizar\u00e1n actividades formativas que contribuyan al conocimiento de la lengua inglesa en consonancia con las necesidades de la titulaci\u00f3n, constituyendo un m\u00ednimo de 12 cr\u00e9ditos.<\/p>\n<\/div><\/div><\/div>\n<\/div><\/div>\n","protected":false},"excerpt":{"rendered":"<p>Description du titre\u00a0: Licence en sciences et ing\u00e9nierie informatique de l\u2019Universit\u00e9 de La Laguna. \u00c9tablissement responsable\u00a0: Universit\u00e9 de La Laguna, \u00c9cole sup\u00e9rieure d\u2019ing\u00e9nierie et de technologie. Modalit\u00e9s d\u2019enseignement\u00a0: En pr\u00e9sentiel. Lieu\u00a0: \u00c9cole sup\u00e9rieure d\u2019ing\u00e9nierie et de technologie. Nombre de places offertes\u00a0: 155. Nombre de cr\u00e9dits\u00a0:\u2026<\/p>","protected":false},"author":1,"featured_media":0,"parent":252,"menu_order":0,"comment_status":"closed","ping_status":"closed","template":"templates\/template-frontpage.php","meta":{"footnotes":""},"class_list":["post-35","page","type-page","status-publish","hentry"],"_links":{"self":[{"href":"https:\/\/www.ull.es\/grados\/ingenieria-informatica\/fr\/wp-json\/wp\/v2\/pages\/35","targetHints":{"allow":["GET"]}}],"collection":[{"href":"https:\/\/www.ull.es\/grados\/ingenieria-informatica\/fr\/wp-json\/wp\/v2\/pages"}],"about":[{"href":"https:\/\/www.ull.es\/grados\/ingenieria-informatica\/fr\/wp-json\/wp\/v2\/types\/page"}],"author":[{"embeddable":true,"href":"https:\/\/www.ull.es\/grados\/ingenieria-informatica\/fr\/wp-json\/wp\/v2\/users\/1"}],"replies":[{"embeddable":true,"href":"https:\/\/www.ull.es\/grados\/ingenieria-informatica\/fr\/wp-json\/wp\/v2\/comments?post=35"}],"version-history":[{"count":37,"href":"https:\/\/www.ull.es\/grados\/ingenieria-informatica\/fr\/wp-json\/wp\/v2\/pages\/35\/revisions"}],"predecessor-version":[{"id":1356,"href":"https:\/\/www.ull.es\/grados\/ingenieria-informatica\/fr\/wp-json\/wp\/v2\/pages\/35\/revisions\/1356"}],"up":[{"embeddable":true,"href":"https:\/\/www.ull.es\/grados\/ingenieria-informatica\/fr\/wp-json\/wp\/v2\/pages\/252"}],"wp:attachment":[{"href":"https:\/\/www.ull.es\/grados\/ingenieria-informatica\/fr\/wp-json\/wp\/v2\/media?parent=35"}],"curies":[{"name":"wp","href":"https:\/\/api.w.org\/{rel}","templated":true}]}}