{"id":37,"date":"2017-06-28T12:58:45","date_gmt":"2017-06-28T12:58:45","guid":{"rendered":"http:\/\/www.ull.es\/masteres\/desarrollo-y-gestion-de-recursos-humanos\/?page_id=30"},"modified":"2025-12-10T12:40:21","modified_gmt":"2025-12-10T12:40:21","slug":"perfil-de-ingreso-y-egreso","status":"publish","type":"page","link":"https:\/\/www.ull.es\/grados\/ingenieria-informatica\/fr\/informacion-academica\/perfil-de-ingreso-y-egreso\/","title":{"rendered":"Profil d&#039;entr\u00e9e et de sortie"},"content":{"rendered":"\n<div class=\"wp-block-stackable-columns alignfull stk-block-columns stk-block stk-8657999\" data-block-id=\"8657999\"><style>.stk-8657999 {padding-bottom:0px !important;margin-top:-30px !important;margin-bottom:0px !important;}@media screen and (max-width: 767px){.stk-8657999 {margin-top:-10% !important;}}<\/style><div class=\"stk-row stk-inner-blocks stk-block-content stk-content-align stk-8657999-column alignfull\">\n<div class=\"wp-block-stackable-column stk-block-column stk-column stk-block stk-914f03e\" data-v=\"4\" data-block-id=\"914f03e\"><div class=\"stk-column-wrapper stk-block-column__content stk-container stk-914f03e-container stk--no-background stk--no-padding\"><div class=\"stk-block-content stk-inner-blocks stk-914f03e-inner-blocks\"><style id=\"depicter-1-inline-pre-css\">\n\n.depicter-1:not(.depicter-ready){\n\theight:500px;\n}\n\n\/***** Tablet *****\/\n@media screen and (max-width: 1024px){\n\n.depicter-1:not(.depicter-ready){\n\theight:700px;\n}\n\n}\n\/***** Mobile *****\/\n@media screen and (max-width: 767px){\n\n.depicter-1:not(.depicter-ready){\n\theight:360px;\n}\n\n}\n<\/style>\n<div id=\"depicter-1\" class=\"depicter depicter-document depicter-revert depicter-1 depicter-layout-fullwidth\">\n\n<div class=\"depicter-loading-container depicter-loading dotFlashing-dark\"><div class=\"depicter-loading-dark depicter-dot-flashing\">\n   <span><\/span>\n   <span><\/span>\n   <span><\/span>\n<\/div>\n<\/div>\n<div id=\"depicter-1-section-1\" class=\"depicter-section depicter-1-section-1\" data-name=\"Section 1\" data-type=\"section\" data-local-id=\"section-1\">\n<picture class=\"depicter-bg\">\n<source data-depicter-srcset=\"https:\/\/www.ull.es\/grados\/ingenieria-informatica\/wp-content\/uploads\/sites\/6\/2025\/04\/Slider_Informa\u0301tica-768x248.jpg, https:\/\/www.ull.es\/grados\/ingenieria-informatica\/wp-content\/uploads\/sites\/6\/2025\/04\/Slider_Informa\u0301tica.jpg 2x\" srcset=\"data:image\/gif;base64,R0lGODlhAQABAIAAAAAAAP\/\/\/yH5BAEAAAAALAAAAAABAAEAAAIBRAA7\" media=\"(max-width: 1024px)\" \/>\n\n<source data-depicter-srcset=\"https:\/\/www.ull.es\/grados\/ingenieria-informatica\/wp-content\/uploads\/sites\/6\/2025\/04\/Slider_Informa\u0301tica.jpg, https:\/\/www.ull.es\/grados\/ingenieria-informatica\/wp-content\/uploads\/sites\/6\/2025\/04\/Slider_Informa\u0301tica-1920x621.jpg 2x\" srcset=\"data:image\/gif;base64,R0lGODlhAQABAIAAAAAAAP\/\/\/yH5BAEAAAAALAAAAAABAAEAAAIBRAA7\" media=\"(min-width: 1025px)\" \/>\n<img decoding=\"async\" src=\"data:image\/gif;base64,R0lGODlhAQABAIAAAAAAAP\/\/\/yH5BAEAAAAALAAAAAABAAEAAAIBRAA7\" data-ken-burns=\"false\" data-tablet-ken-burns=\"false\" data-mobile-ken-burns=\"false\" alt=\"\" data-depicter-src=\"https:\/\/www.ull.es\/grados\/ingenieria-informatica\/wp-content\/uploads\/sites\/6\/2025\/04\/Slider_Informa\u0301tica.jpg\" data-object-fit=\"custom,custom,\" data-object-position=\"center top,,\" data-crop=\"{'focalPoint':{'x':0.5,'y':0.5},'mediaSize':{'width':1391.3043478260869960649870336055755615234375,'height':450}}\" data-tablet-crop=\"{'focalPoint':{'x':0.5,'y':0.5},'mediaSize':{'width':2164.25120772946820579818449914455413818359375,'height':699.9999999999998863131622783839702606201171875}}\" data-mobile-crop=\"{'focalPoint':{'x':0.5,'y':0.5},'mediaSize':{'width':1113.04347826086950590251944959163665771484375,'height':360}}\" \/>\n<\/picture>\n\n\n<h1 id=\"depicter-1-element-5\" class=\"depicter-element depicter-layer depicter-1-element-5\" data-type=\"text\" data-wrap=\"true\" data-name=\"Text 2\" data-local-id=\"element-5\" data-offset=\"x:87px;y:150px;origin:tl\" data-tablet-offset=\"x:232px;y:293px;origin:tl\" data-mobile-offset=\"x:6px;y:-136px;origin:tl\" data-width=\"968px,589px,348px\" data-height=\"auto,auto,auto\" data-responsive-scale=\"true,,\">Grado en Ingenier\u00eda Inform\u00e1tica<\/h1>\n\n<div id=\"depicter-1-element-10\" class=\"depicter-element depicter-layer depicter-1-element-10\" data-type=\"shape\" data-wrap=\"true\" data-name=\"Shape 1\" data-local-id=\"element-10\" data-offset=\"x:87px;y:358px;origin:tl\" data-tablet-offset=\"x:232px;y:426px;origin:tl\" data-mobile-offset=\"x:6px;y:15px;origin:tl\" data-width=\"968px,555px,309px\" data-height=\"8px,8px,8px\" data-responsive-scale=\"true,,\"><\/div>\n<\/div>\n<\/div>\n<script>\n(window.depicterSetups = window.depicterSetups || []).push(function(){\n\tDepicter.basePath = 'https:\/\/www.ull.es\/grados\/ingenieria-informatica\/wp-content\/plugins\/depicter\/resources\/scripts\/player\/';\n\tconst dpPlayer = Depicter.setup('.depicter-1',\n\t\t{\"width\":[\"1200\",\"1024\",\"360\"],\"height\":[\"500\",\"700\",\"360\"],\"view\":\"basic\",\"keepAspectRatio\":true,\"preload\":0,\"layout\":\"fullwidth\",\"rtl\":false,\"initAfterAppear\":false,\"ajaxApiUrl\":\"https:\\\/\\\/www.ull.es\\\/grados\\\/ingenieria-informatica\\\/wp-admin\\\/admin-ajax.php\",\"mouseSwipe\":true,\"touchSwipe\":true,\"useWatermark\":false}\n\t);\n});\n<\/script><\/div><\/div><\/div>\n<\/div><\/div>\n\n\n\n<div class=\"wp-block-stackable-columns alignfull stk-block-columns stk--hide-mobile stk-block stk-ceecbdc stk-block-background\" data-block-id=\"ceecbdc\"><style>.stk-ceecbdc {background-color:#360060 !important;padding-top:35px !important;padding-right:0px !important;padding-bottom:2px !important;padding-left:0px !important;margin-top:-20px !important;margin-bottom:70px !important;}.stk-ceecbdc:before{background-color:#360060 !important;}<\/style><div class=\"stk-row stk-inner-blocks stk-block-content stk-content-align stk-ceecbdc-column alignfull\">\n<div class=\"wp-block-stackable-column stk-block-column stk-column stk-block stk-fc60a5d\" data-v=\"4\" data-block-id=\"fc60a5d\"><div class=\"stk-column-wrapper stk-block-column__content stk-container stk-fc60a5d-container stk--no-background stk--no-padding\"><div class=\"stk-block-content stk-inner-blocks stk-fc60a5d-inner-blocks\">\n<div class=\"wp-block-stackable-spacer stk-block-spacer stk--no-padding stk-block stk-a3a8a68\" data-block-id=\"a3a8a68\"><style>.stk-a3a8a68 {height:0px !important;}<\/style><\/div>\n<\/div><\/div><\/div>\n<\/div><\/div>\n\n\n\n<div class=\"wp-block-stackable-columns alignwide stk-block-columns stk-block stk-3627255\" data-block-id=\"3627255\"><style>.stk-3627255 {padding-right:16% !important;padding-left:16% !important;margin-bottom:18px !important;}<\/style><div class=\"stk-row stk-inner-blocks stk-block-content stk-content-align stk-3627255-column alignwide\">\n<div class=\"wp-block-stackable-column stk-block-column stk-column stk-block stk-81e665a\" data-v=\"4\" data-block-id=\"81e665a\"><div class=\"stk-column-wrapper stk-block-column__content stk-container stk-81e665a-container stk--no-background stk--no-padding\"><div class=\"stk-block-content stk-inner-blocks stk-81e665a-inner-blocks\">\n<div class=\"wp-block-stackable-heading stk-block-heading stk-block-heading--v2 stk-block stk-97878e6\" id=\"perfil-de-ingreso-y-egreso\" data-block-id=\"97878e6\"><style>.stk-97878e6 .stk-block-heading__text{color:#5c068c !important;}<\/style><h1 class=\"stk-block-heading__text has-text-color\">Perfil de ingreso y egreso<\/h1><\/div>\n\n\n\n<h2 class=\"wp-block-heading\"><strong>Perfil de ingreso<\/strong><\/h2>\n\n\n\n<p>Las caracter\u00edsticas personales favorables (sensibilidades, aptitudes, capacidades, etc.) y acad\u00e9micas deseables que se consideran m\u00e1s apropiadas para iniciar los estudios de Grado en Ingenier\u00eda Inform\u00e1tica son las siguientes:<\/p>\n\n\n\n<ul class=\"wp-block-list\">\n<li>Disponer de conocimientos b\u00e1sicos de Inform\u00e1tica.<\/li>\n\n\n\n<li>Conocer los fundamentos de las matem\u00e1ticas, y tener cierta aptitud num\u00e9rica.<\/li>\n\n\n\n<li>Capacidad de abstracci\u00f3n, an\u00e1lisis, s\u00edntesis y razonamiento l\u00f3gico.<\/li>\n\n\n\n<li>Tener curiosidad, imaginaci\u00f3n, creatividad e innovaci\u00f3n.<\/li>\n\n\n\n<li>Poseer capacidad de percepci\u00f3n y atenci\u00f3n.<\/li>\n\n\n\n<li>Disponer de sentido de la organizaci\u00f3n y pr\u00e1ctico.<\/li>\n\n\n\n<li>Tener capacidades para la expresi\u00f3n oral y escrita, as\u00ed como para la comprensi\u00f3n lectora.<\/li>\n\n\n\n<li>Demostrar habilidades sociales b\u00e1sicas para el trabajo en equipo.<\/li>\n\n\n\n<li>Capacidad para la comprensi\u00f3n lectora en ingl\u00e9s.<\/li>\n<\/ul>\n\n\n\n<p>Unido a lo anterior, se recomienda que la formaci\u00f3n del estudiantado que desee iniciar los estudios de la titulaci\u00f3n propuesta se ajuste a un perfil cient\u00edfico-t\u00e9cnico. As\u00ed, el disponer de unos conocimientos s\u00f3lidos, a nivel de ense\u00f1anza secundaria y bachillerato, en matem\u00e1ticas y f\u00edsica facilitar\u00e1 abordar estas materias dentro de la Formaci\u00f3n B\u00e1sica en el Grado. De igual forma el haber adquirido las capacidades habituales proporcionadas en la ense\u00f1anza secundaria en comprensi\u00f3n lectora del ingl\u00e9s promover\u00e1 considerablemente el inicio en el manejo de bibliograf\u00eda en esta lengua, hecho muy com\u00fan en los estudios de Ingenier\u00eda Inform\u00e1tica, as\u00ed como en la b\u00fasqueda de informaci\u00f3n a trav\u00e9s de Internet. Otra de las caracter\u00edsticas personales favorables es disponer de destrezas convencionales en actividades experimentales de laboratorio que hayan promovido la inquietud, adem\u00e1s de por saber, por el \u201csaber hacer\u201d.<\/p>\n\n\n\n<hr class=\"wp-block-separator has-alpha-channel-opacity\"\/>\n\n\n\n<h2 class=\"wp-block-heading\"><strong>Perfil de egreso<\/strong><\/h2>\n\n\n\n<p>Un Ingeniero\/a en Inform\u00e1tica ha de ser un profesional capaz de aplicar y desarrollar las herramientas adecuadas para el tratamiento automatizado de la informaci\u00f3n en base a los conocimientos en las \u00e1reas tales como: sistemas de informaci\u00f3n, computaci\u00f3n, tecnolog\u00edas de la informaci\u00f3n, ingenier\u00eda del software, e ingenier\u00eda de computadores, recibidas de forma integral, coherente y suficiente a lo largo de la carrera. Adem\u00e1s, ha de desarrollar habilidades espec\u00edficas para su desempe\u00f1o profesional como son: la observaci\u00f3n, el an\u00e1lisis, la s\u00edntesis, la planificaci\u00f3n, la toma de decisiones, la creatividad, el liderazgo, la comunicaci\u00f3n, la autovaloraci\u00f3n, la autoestima y la cooperaci\u00f3n con su entorno social.<\/p>\n<\/div><\/div><\/div>\n<\/div><\/div>\n","protected":false},"excerpt":{"rendered":"<p>Perfil de ingreso y egreso Perfil de ingreso Las caracter\u00edsticas personales favorables (sensibilidades, aptitudes, capacidades, etc.) y acad\u00e9micas deseables que se consideran m\u00e1s apropiadas para iniciar los estudios de Grado en Ingenier\u00eda Inform\u00e1tica son las siguientes: Unido a lo anterior, se recomienda que la formaci\u00f3n del estudiantado que desee iniciar los estudios de la titulaci\u00f3n&#8230;<\/p>","protected":false},"author":1,"featured_media":0,"parent":252,"menu_order":1,"comment_status":"closed","ping_status":"closed","template":"templates\/template-frontpage.php","meta":{"footnotes":""},"class_list":["post-37","page","type-page","status-publish","hentry"],"_links":{"self":[{"href":"https:\/\/www.ull.es\/grados\/ingenieria-informatica\/fr\/wp-json\/wp\/v2\/pages\/37","targetHints":{"allow":["GET"]}}],"collection":[{"href":"https:\/\/www.ull.es\/grados\/ingenieria-informatica\/fr\/wp-json\/wp\/v2\/pages"}],"about":[{"href":"https:\/\/www.ull.es\/grados\/ingenieria-informatica\/fr\/wp-json\/wp\/v2\/types\/page"}],"author":[{"embeddable":true,"href":"https:\/\/www.ull.es\/grados\/ingenieria-informatica\/fr\/wp-json\/wp\/v2\/users\/1"}],"replies":[{"embeddable":true,"href":"https:\/\/www.ull.es\/grados\/ingenieria-informatica\/fr\/wp-json\/wp\/v2\/comments?post=37"}],"version-history":[{"count":12,"href":"https:\/\/www.ull.es\/grados\/ingenieria-informatica\/fr\/wp-json\/wp\/v2\/pages\/37\/revisions"}],"predecessor-version":[{"id":1306,"href":"https:\/\/www.ull.es\/grados\/ingenieria-informatica\/fr\/wp-json\/wp\/v2\/pages\/37\/revisions\/1306"}],"up":[{"embeddable":true,"href":"https:\/\/www.ull.es\/grados\/ingenieria-informatica\/fr\/wp-json\/wp\/v2\/pages\/252"}],"wp:attachment":[{"href":"https:\/\/www.ull.es\/grados\/ingenieria-informatica\/fr\/wp-json\/wp\/v2\/media?parent=37"}],"curies":[{"name":"wp","href":"https:\/\/api.w.org\/{rel}","templated":true}]}}