{"id":34,"date":"2017-06-28T12:52:52","date_gmt":"2017-06-28T12:52:52","guid":{"rendered":"http:\/\/www.ull.es\/masteres\/desarrollo-y-gestion-de-recursos-humanos\/?page_id=24"},"modified":"2025-12-16T15:53:00","modified_gmt":"2025-12-16T15:53:00","slug":"estructura-del-plan-de-estudios","status":"publish","type":"page","link":"https:\/\/www.ull.es\/grados\/ingenieria-informatica\/plan-de-estudios\/estructura-del-plan-de-estudios\/","title":{"rendered":"Estructura del Plan de Estudios"},"content":{"rendered":"\n<div class=\"wp-block-stackable-columns alignfull stk-block-columns stk-block stk-8657999\" data-block-id=\"8657999\"><style>.stk-8657999 {padding-bottom:0px !important;margin-top:-30px !important;margin-bottom:0px !important;}@media screen and (max-width: 767px){.stk-8657999 {margin-top:-10% !important;}}<\/style><div class=\"stk-row stk-inner-blocks stk-block-content stk-content-align stk-8657999-column alignfull\">\n<div class=\"wp-block-stackable-column stk-block-column stk-column stk-block stk-914f03e\" data-v=\"4\" data-block-id=\"914f03e\"><div class=\"stk-column-wrapper stk-block-column__content stk-container stk-914f03e-container stk--no-background stk--no-padding\"><div class=\"stk-block-content stk-inner-blocks stk-914f03e-inner-blocks\"><style id=\"depicter-1-inline-pre-css\">\n\n.depicter-1:not(.depicter-ready){\n\theight:500px;\n}\n\n\/***** Tablet *****\/\n@media screen and (max-width: 1024px){\n\n.depicter-1:not(.depicter-ready){\n\theight:700px;\n}\n\n}\n\/***** Mobile *****\/\n@media screen and (max-width: 767px){\n\n.depicter-1:not(.depicter-ready){\n\theight:360px;\n}\n\n}\n<\/style>\n<div id=\"depicter-1\" class=\"depicter depicter-document depicter-revert depicter-1 depicter-layout-fullwidth\">\n\n<div class=\"depicter-loading-container depicter-loading dotFlashing-dark\"><div class=\"depicter-loading-dark depicter-dot-flashing\">\n   <span><\/span>\n   <span><\/span>\n   <span><\/span>\n<\/div>\n<\/div>\n<div id=\"depicter-1-section-1\" class=\"depicter-section depicter-1-section-1\" data-name=\"Section 1\" data-type=\"section\" data-local-id=\"section-1\">\n<picture class=\"depicter-bg\">\n<source data-depicter-srcset=\"https:\/\/www.ull.es\/grados\/ingenieria-informatica\/wp-content\/uploads\/sites\/6\/2025\/04\/Slider_Informa\u0301tica-768x248.jpg, https:\/\/www.ull.es\/grados\/ingenieria-informatica\/wp-content\/uploads\/sites\/6\/2025\/04\/Slider_Informa\u0301tica.jpg 2x\" srcset=\"data:image\/gif;base64,R0lGODlhAQABAIAAAAAAAP\/\/\/yH5BAEAAAAALAAAAAABAAEAAAIBRAA7\" media=\"(max-width: 1024px)\" \/>\n\n<source data-depicter-srcset=\"https:\/\/www.ull.es\/grados\/ingenieria-informatica\/wp-content\/uploads\/sites\/6\/2025\/04\/Slider_Informa\u0301tica.jpg, https:\/\/www.ull.es\/grados\/ingenieria-informatica\/wp-content\/uploads\/sites\/6\/2025\/04\/Slider_Informa\u0301tica-1920x621.jpg 2x\" srcset=\"data:image\/gif;base64,R0lGODlhAQABAIAAAAAAAP\/\/\/yH5BAEAAAAALAAAAAABAAEAAAIBRAA7\" media=\"(min-width: 1025px)\" \/>\n<img decoding=\"async\" src=\"data:image\/gif;base64,R0lGODlhAQABAIAAAAAAAP\/\/\/yH5BAEAAAAALAAAAAABAAEAAAIBRAA7\" data-ken-burns=\"false\" data-tablet-ken-burns=\"false\" data-mobile-ken-burns=\"false\" alt=\"\" data-depicter-src=\"https:\/\/www.ull.es\/grados\/ingenieria-informatica\/wp-content\/uploads\/sites\/6\/2025\/04\/Slider_Informa\u0301tica.jpg\" data-object-fit=\"custom,custom,\" data-object-position=\"center top,,\" data-crop=\"{'focalPoint':{'x':0.5,'y':0.5},'mediaSize':{'width':1391.3043478260869960649870336055755615234375,'height':450}}\" data-tablet-crop=\"{'focalPoint':{'x':0.5,'y':0.5},'mediaSize':{'width':2164.25120772946820579818449914455413818359375,'height':699.9999999999998863131622783839702606201171875}}\" data-mobile-crop=\"{'focalPoint':{'x':0.5,'y':0.5},'mediaSize':{'width':1113.04347826086950590251944959163665771484375,'height':360}}\" \/>\n<\/picture>\n\n\n<h1 id=\"depicter-1-element-5\" class=\"depicter-element depicter-layer depicter-1-element-5\" data-type=\"text\" data-wrap=\"true\" data-name=\"Text 2\" data-local-id=\"element-5\" data-offset=\"x:87px;y:150px;origin:tl\" data-tablet-offset=\"x:232px;y:293px;origin:tl\" data-mobile-offset=\"x:6px;y:-136px;origin:tl\" data-width=\"968px,589px,348px\" data-height=\"auto,auto,auto\" data-responsive-scale=\"true,,\">Grado en Ingenier\u00eda Inform\u00e1tica<\/h1>\n\n<div id=\"depicter-1-element-10\" class=\"depicter-element depicter-layer depicter-1-element-10\" data-type=\"shape\" data-wrap=\"true\" data-name=\"Shape 1\" data-local-id=\"element-10\" data-offset=\"x:87px;y:358px;origin:tl\" data-tablet-offset=\"x:232px;y:426px;origin:tl\" data-mobile-offset=\"x:6px;y:15px;origin:tl\" data-width=\"968px,555px,309px\" data-height=\"8px,8px,8px\" data-responsive-scale=\"true,,\"><\/div>\n<\/div>\n<\/div>\n<script>\n(window.depicterSetups = window.depicterSetups || []).push(function(){\n\tDepicter.basePath = 'https:\/\/www.ull.es\/grados\/ingenieria-informatica\/wp-content\/plugins\/depicter\/resources\/scripts\/player\/';\n\tconst dpPlayer = Depicter.setup('.depicter-1',\n\t\t{\"width\":[\"1200\",\"1024\",\"360\"],\"height\":[\"500\",\"700\",\"360\"],\"view\":\"basic\",\"keepAspectRatio\":true,\"preload\":0,\"layout\":\"fullwidth\",\"rtl\":false,\"initAfterAppear\":false,\"ajaxApiUrl\":\"https:\\\/\\\/www.ull.es\\\/grados\\\/ingenieria-informatica\\\/wp-admin\\\/admin-ajax.php\",\"mouseSwipe\":true,\"touchSwipe\":true,\"useWatermark\":false}\n\t);\n});\n<\/script><\/div><\/div><\/div>\n<\/div><\/div>\n\n\n\n<div class=\"wp-block-stackable-columns alignfull stk-block-columns stk--hide-mobile stk-block stk-ceecbdc stk-block-background\" data-block-id=\"ceecbdc\"><style>.stk-ceecbdc {background-color:#360060 !important;padding-top:35px !important;padding-right:0px !important;padding-bottom:2px !important;padding-left:0px !important;margin-top:-20px !important;margin-bottom:70px !important;}.stk-ceecbdc:before{background-color:#360060 !important;}<\/style><div class=\"stk-row stk-inner-blocks stk-block-content stk-content-align stk-ceecbdc-column alignfull\">\n<div class=\"wp-block-stackable-column stk-block-column stk-column stk-block stk-fc60a5d\" data-v=\"4\" data-block-id=\"fc60a5d\"><div class=\"stk-column-wrapper stk-block-column__content stk-container stk-fc60a5d-container stk--no-background stk--no-padding\"><div class=\"stk-block-content stk-inner-blocks stk-fc60a5d-inner-blocks\">\n<div class=\"wp-block-stackable-spacer stk-block-spacer stk--no-padding stk-block stk-a3a8a68\" data-block-id=\"a3a8a68\"><style>.stk-a3a8a68 {height:0px !important;}<\/style><\/div>\n<\/div><\/div><\/div>\n<\/div><\/div>\n\n\n\n<div class=\"wp-block-stackable-columns stk-block-columns stk-block stk-8b59b96\" data-block-id=\"8b59b96\"><style>.stk-8b59b96 .stk--block-align-8b59b96{align-items:flex-start !important;}.stk-8b59b96 {margin-top:25px !important;}.stk-8b59b96-column{--stk-columns-spacing:0px !important;--stk-column-gap:50px !important;}@media screen and (max-width: 767px){.stk-8b59b96-column{row-gap:var(--stk--preset--spacing--60, 2.25rem) !important;}}<\/style><div class=\"stk-row stk-inner-blocks stk--block-align-8b59b96 stk-block-content stk-content-align stk-8b59b96-column\">\n<div class=\"wp-block-stackable-column stk-block-column stk-column stk-block stk-dbb7e15\" data-v=\"4\" data-block-id=\"dbb7e15\"><style>@media screen and (min-width: 768px){.stk-dbb7e15 {flex:var(--stk-flex-grow, 1) 1 calc(70% - var(--stk-column-gap, 0px) * 1 \/ 2 ) !important;}}<\/style><div class=\"stk-column-wrapper stk-block-column__content stk-container stk-dbb7e15-container stk--no-background stk--no-padding\"><div class=\"stk-block-content stk-inner-blocks stk-dbb7e15-inner-blocks\">\n<div class=\"wp-block-stackable-heading stk-block-heading stk-block-heading--v2 stk-block stk-689c258\" id=\"estructura-del-plan-de-estudios\" data-block-id=\"689c258\"><style>.stk-689c258 .stk-block-heading__text{color:#5c068c !important;}<\/style><h1 class=\"stk-block-heading__text has-text-color\">Estructura del Plan de estudios<\/h1><\/div>\n\n\n\n<p>Los 240 cr\u00e9ditos que ha de cursar el estudiantado para la obtenci\u00f3n del correspondiente t\u00edtulo de Grado en Ingenier\u00eda Inform\u00e1tica, y su distribuci\u00f3n seg\u00fan el tipo de materia es la siguiente:<\/p>\n\n\n\n<div class=\"wp-block-stackable-spacer stk-block-spacer stk--no-padding stk-block stk-7352001\" data-block-id=\"7352001\"><\/div>\n\n\n\n<style>\ntable td, table th {\n  transition: transform 0.2s, box-shadow 0.2s;\n}\ntable td:hover, table th:hover {\n  transform: scale(1.02);\n  box-shadow: 0 0.75rem 1.5rem rgba(0,0,0,0.15);\n}\n<\/style>\n<table class=\"table table-bordered table-striped align-middle text-center shadow\" style=\"border-collapse: separate; border-spacing: 0; box-shadow: 0 0.5rem 1rem rgba(0,0,0,0.15); border-radius:2rem;\">\n  <thead style=\"background-color: #360060; color: #fff;\">\n    <tr>\n      <th scope=\"col\" colspan=\"10\" style=\"text-align:center; border-top-left-radius: 1.5rem; border-top-right-radius: 1.5rem;\">Distribuci\u00f3n del plan de estudios por tipo de materia<\/th>\n    <\/tr>\n  <\/thead>\n  <tbody>\n    <tr class=\"fw-bold text-white\" style=\"background-color: #490a79; color:#fff;\">\n      <td style=\"color:#fff; font-weight:bold;\">&#8211;<\/td>\n      <td style=\"font-weight:bold;\">Cr\u00e9ditos<\/td>\n    <\/tr>\n    <tr>\n      <td>Formaci\u00f3n b\u00e1sica<\/td>\n      <td>66<\/td>\n    <\/tr>\n    <tr class=\"table-light\">\n      <td>Obligatorias<\/td>\n      <td>90<\/td>\n    <\/tr>\n    <tr>\n      <td>Obligatorias de Itinerario\/Tecnolog\u00eda espec\u00edfica<\/td>\n      <td>48<\/td>\n    <\/tr>\n    <tr class=\"table-light\">\n      <td>Optativas<\/td>\n      <td>12<\/td>\n    <\/tr>\n    <tr>\n      <td>Pr\u00e1cticas Externas<\/td>\n      <td>12<\/td>\n    <\/tr>\n    <tr class=\"table-light\">\n      <td>Trabajo Fin de Grado<\/td>\n      <td>12<\/td>\n    <\/tr>\n    <tr style=\"background-color: #490a79 !important; color:#000;\">\n      <td style=\"border-bottom-left-radius: 1.5rem; color:#000; font-weight:bold;\">Cr\u00e9ditos totales<\/td>\n      <td style=\"font-weight:bold; border-bottom-right-radius: 1.5rem;\">240<\/td>\n    <\/tr>\n  <\/tbody>\n<\/table>\n\n\n\n<p>La distribuci\u00f3n temporal de las asignaturas del plan de estudios se recoge en los siguientes cuadros.<\/p>\n\n\n\n<style>\n\/* Efectos hover globales *\/\ntable td, table th {\n  transition: transform 0.2s, box-shadow 0.2s;\n}\ntable td:hover, table th:hover {\n  transform: scale(1.02);\n  box-shadow: 0 0.75rem 1.5rem rgba(0,0,0,0.15);\n}\n\/* Estilo general de tabla *\/\ntable {\n  border-collapse: separate;\n  border-spacing: 0;\n  width: 100%;\n  box-shadow: 0 0.5rem 1rem rgba(0,0,0,0.15);\n  border-radius: 1.5rem;\n  overflow: hidden;\n  font-family: 'Segoe UI', Tahoma, Geneva, Verdana, sans-serif;\n  margin-bottom: 2rem;\n}\ntable th, table td {\n  border: 1px solid #dee2e6;\n  padding: 10px 12px;\n  vertical-align: middle;\n  text-align: center;\n}\ntable th {\n  background-color: #360060;\n  color: #fff;\n  font-weight: bold;\n}\ntr:nth-child(even) td {\n  background-color: #f8f8fc;\n}\n.th1 {\n  background-color: #490a79 !important;\n  color: #fff !important;\n  font-weight: bold;\n}\n.th2 {\n  background-color: #5C068C !important;\n  color: #fff !important;\n  font-weight: bold;\n}\n.td1 {\n  background-color: #ffffff;\n}\n.td2 {\n  background-color: #f8f8fc;\n}\n<\/style>\n<p style=\"text-align: justify;\">La titulaci\u00f3n de Grado en Ingenier\u00eda Inform\u00e1tica propuesta desde la ULL contempla los cinco itinerarios posibles. Del total de 240 cr\u00e9ditos de la titulaci\u00f3n, 180 (el 75%) son obligatorios, con independencia del itinerario que se siga, mientras que el 20%, es decir 48 cr\u00e9ditos, son espec\u00edficos de cada itinerario y tienen car\u00e1cter obligatorio dentro del mismo. El 5% restante lo conforman 12 cr\u00e9ditos de car\u00e1cter optativo que el alumno cursar\u00e1 eligi\u00e9ndolos de entre 24 ofertados. En los 180 cr\u00e9ditos iniciales se incluyen los 12 correspondientes al Trabajo de Fin de Grado as\u00ed como otros 12 obligatorios de Pr\u00e1cticas Externas.<\/p>\n\n<table class=\"style4\" border=\"0\" cellspacing=\"0\" cellpadding=\"0\">\n<tbody>\n<tr>\n<th class=\"th2\">Car\u00e1cter<\/th>\n<th class=\"th2\">Tipo de materia<\/th>\n<th class=\"th2\" colspan=\"2\">Cr\u00e9ditos<\/th>\n<\/tr>\n<tr>\n<td class=\"td2\" rowspan=\"4\">Obligatorio con independencia del itinerario<\/td>\n<td class=\"td2\">Formaci\u00f3n B\u00e1sica<\/td>\n<td class=\"td2\">66<\/td>\n<td class=\"td2\" rowspan=\"4\">180<\/td>\n<\/tr>\n<tr>\n<td class=\"td2\">Com\u00fan a cualquier itinerario\n(60 \u201cCom\u00fan a Rama de Inform\u00e1tica\u201d + 30 propios de ULL)<\/td>\n<td class=\"td2\">90<\/td>\n<\/tr>\n<tr>\n<td class=\"td2\">Pr\u00e1cticas Externas<\/td>\n<td class=\"td2\">12<\/td>\n<\/tr>\n<tr>\n<td class=\"td2\">Trabajo de Fin de Grado<\/td>\n<td class=\"td2\">12<\/td>\n<\/tr>\n<tr>\n<td class=\"td1\">Obligatorio de itinerario<\/td>\n<td class=\"td1\">Espec\u00edficos del itinerario elegido\n(\u201cDe Tecnolog\u00eda Espec\u00edfica\u201d)<\/td>\n<td class=\"td1\">48<\/td>\n<td class=\"td1\">48<\/td>\n<\/tr>\n<tr>\n<td class=\"td2\">Optativo<\/td>\n<td class=\"td2\">Optativas<\/td>\n<td class=\"td2\">12<\/td>\n<td class=\"td2\">12<\/td>\n<\/tr>\n<tr>\n<th class=\"th2\" colspan=\"2\">TOTAL:<\/th>\n<th class=\"th2\" colspan=\"2\">240<\/th>\n<\/tr>\n<\/tbody>\n<\/table>\n\n\n\n<h3 class=\"wp-block-heading\">Distribuci\u00f3n temporal de las materias y asignaturas obligatorias y optativas comunes a todos los itinerarios<\/h3>\n\n\n\n<ul class=\"wp-block-list\">\n<li><a href=\"https:\/\/drive.google.com\/open?id=1au2QYUMK202JZN4W9WmnEybr0E3iBBVD\" target=\"_blank\" rel=\"noreferrer noopener\" target=\"_blank\" rel=\"noopener\">Distribuci\u00f3n temporal de las materias y asignaturas obligatorias y optativas comunes a todos los itinerarios<\/a><\/li>\n\n\n\n<li><a href=\"https:\/\/drive.google.com\/open?id=12ELpn-UL12sExDYd6yw_X6WwZVcq4q4G\" target=\"_blank\" rel=\"noreferrer noopener\" target=\"_blank\" rel=\"noopener\">Distribuci\u00f3n temporal de las materias y asignaturas obligatorias del itinerario de Tecnolog\u00eda Espec\u00edfica: Computaci\u00f3n<\/a><\/li>\n\n\n\n<li><a href=\"https:\/\/drive.google.com\/open?id=1px8GJ3D8sphl5qPelFQ8r225FoYjSNVh\" target=\"_blank\" rel=\"noreferrer noopener\" target=\"_blank\" rel=\"noopener\">Distribuci\u00f3n temporal de las materias y asignaturas obligatorias del itinerario 2 de Tecnolog\u00eda Espec\u00edfica: Ingenier\u00eda de Computadores<\/a><\/li>\n\n\n\n<li><a href=\"https:\/\/drive.google.com\/open?id=1uYm9sDNVlVv2yflleNXodPxSzCKuw8tD\" target=\"_blank\" rel=\"noreferrer noopener\" target=\"_blank\" rel=\"noopener\">Distribuci\u00f3n temporal de las materias y asignaturas obligatorias del itinerario 3 de Tecnolog\u00eda Espec\u00edfica: Ingenier\u00eda del Software<\/a><\/li>\n\n\n\n<li><a href=\"https:\/\/drive.google.com\/open?id=1zo-xNyfhotrraVDc66ACPrLSkJlHjQgK\" target=\"_blank\" rel=\"noreferrer noopener\" target=\"_blank\" rel=\"noopener\">Distribuci\u00f3n temporal de las materias y asignaturas obligatorias del itinerario 4 de Tecnolog\u00eda Espec\u00edfica: Sistemas de Informaci\u00f3n<\/a><\/li>\n\n\n\n<li><a href=\"https:\/\/drive.google.com\/open?id=1d8i-wGZt6mFbYoGoMP7N2zzsp2bxbalb\" target=\"_blank\" rel=\"noreferrer noopener\" target=\"_blank\" rel=\"noopener\">Distribuci\u00f3n temporal de las materias y asignaturas obligatorias del itinerario 5 de Tecnolog\u00eda Espec\u00edfica: Tecnolog\u00edas de la Informaci\u00f3n<\/a><\/li>\n<\/ul>\n<\/div><\/div><\/div>\n\n\n\n<div class=\"wp-block-stackable-column stk-block-column stk-column stk-block stk-6d8fb67\" data-v=\"4\" data-block-id=\"6d8fb67\"><style>@media screen and (min-width: 768px){.stk-6d8fb67 {flex:var(--stk-flex-grow, 1) 1 calc(30% - var(--stk-column-gap, 0px) * 1 \/ 2 ) !important;}}<\/style><div class=\"stk-column-wrapper stk-block-column__content stk-container stk-6d8fb67-container stk--no-background stk--no-padding\"><div class=\"stk-block-content stk-inner-blocks stk-6d8fb67-inner-blocks\">\n<div class=\"wp-block-stackable-icon-label stk-block-icon-label stk-block stk-e63cb4f stk-block-background\" data-block-id=\"e63cb4f\"><style>.stk-e63cb4f {background-color:#5c068c !important;padding-top:20px !important;padding-right:20px !important;padding-bottom:20px !important;padding-left:20px !important;}.stk-e63cb4f:hover{background-color:#0f0e17 !important;}.stk-e63cb4f:before{background-color:#5c068c !important;}.stk-e63cb4f:hover:before{background-color:#0f0e17 !important;}<\/style><div class=\"stk-row stk-inner-blocks stk-block-content\">\n<div class=\"wp-block-stackable-heading stk-block-heading stk-block-heading--v2 stk-block stk-68b185a\" id=\"a-href-https-www-boe-es-boe-dias-2011-04-22-pdfs-boe-a-2011-7250-pdf-span-style-color-fffffe-class-stk-highlight-plan-de-estudios-grado-en-ingenieria-informatica-span-a\" data-block-id=\"68b185a\"><style>.stk-68b185a .stk-block-heading__text{font-size:22px !important;color:#fffffe !important;line-height:1.3em !important;}@media screen and (max-width: 1023px){.stk-68b185a .stk-block-heading__text{font-size:22px !important;}}<\/style><p class=\"stk-block-heading__text has-text-color\"><a href=\"https:\/\/www.boe.es\/boe\/dias\/2011\/04\/22\/pdfs\/BOE-A-2011-7250.pdf\" target=\"_blank\" rel=\"noopener\"><span style=\"color: #fffffe;\" class=\"stk-highlight\">Plan de estudios grado en Ingenier\u00eda Inform\u00e1tica<\/span><\/a><\/p><\/div>\n\n\n\n<div class=\"wp-block-stackable-icon stk-block-icon has-text-align-left stk-block stk-34dedbe\" data-block-id=\"34dedbe\"><style>.stk-34dedbe .stk--svg-wrapper .stk--inner-svg svg:last-child{height:18px !important;width:18px !important;}.stk-34dedbe .stk--svg-wrapper .stk--inner-svg svg:last-child, .stk-34dedbe .stk--svg-wrapper .stk--inner-svg svg:last-child :is(g, path, rect, polygon, ellipse){fill:#fffffe !important;}<\/style><span class=\"stk--svg-wrapper\"><div class=\"stk--inner-svg\"><svg style=\"height:0;width:0\"><defs><linearGradient id=\"linear-gradient-34dedbe\" x1=\"0\" x2=\"100%\" y1=\"0\" y2=\"0\"><stop offset=\"0%\" style=\"stop-opacity:1;stop-color:var(--linear-gradient-34-dedbe-color-1)\"><\/stop><stop offset=\"100%\" style=\"stop-opacity:1;stop-color:var(--linear-gradient-34-dedbe-color-2)\"><\/stop><\/linearGradient><\/defs><\/svg><svg xmlns=\"http:\/\/www.w3.org\/2000\/svg\" viewBox=\"0 0 448 512\" aria-hidden=\"true\" width=\"32\" height=\"32\"><path d=\"M438.6 278.6c12.5-12.5 12.5-32.8 0-45.3l-160-160c-12.5-12.5-32.8-12.5-45.3 0s-12.5 32.8 0 45.3L338.8 224 32 224c-17.7 0-32 14.3-32 32s14.3 32 32 32l306.7 0L233.4 393.4c-12.5 12.5-12.5 32.8 0 45.3s32.8 12.5 45.3 0l160-160z\"><\/path><\/svg><\/div><\/span><\/div>\n<\/div><\/div>\n<\/div><\/div><\/div>\n<\/div><\/div>\n","protected":false},"excerpt":{"rendered":"<p>Estructura del Plan de estudios Los 240 cr\u00e9ditos que ha de cursar el estudiantado para la obtenci\u00f3n del correspondiente t\u00edtulo de Grado en Ingenier\u00eda Inform\u00e1tica, y su distribuci\u00f3n seg\u00fan el tipo de materia es la siguiente: Distribuci\u00f3n del plan de estudios por tipo de materia &#8211; Cr\u00e9ditos Formaci\u00f3n b\u00e1sica 66 Obligatorias 90 Obligatorias de Itinerario\/Tecnolog\u00eda&#8230;<\/p>\n","protected":false},"author":1,"featured_media":0,"parent":270,"menu_order":0,"comment_status":"closed","ping_status":"closed","template":"templates\/template-frontpage.php","meta":{"footnotes":""},"class_list":["post-34","page","type-page","status-publish","hentry"],"_links":{"self":[{"href":"https:\/\/www.ull.es\/grados\/ingenieria-informatica\/wp-json\/wp\/v2\/pages\/34","targetHints":{"allow":["GET"]}}],"collection":[{"href":"https:\/\/www.ull.es\/grados\/ingenieria-informatica\/wp-json\/wp\/v2\/pages"}],"about":[{"href":"https:\/\/www.ull.es\/grados\/ingenieria-informatica\/wp-json\/wp\/v2\/types\/page"}],"author":[{"embeddable":true,"href":"https:\/\/www.ull.es\/grados\/ingenieria-informatica\/wp-json\/wp\/v2\/users\/1"}],"replies":[{"embeddable":true,"href":"https:\/\/www.ull.es\/grados\/ingenieria-informatica\/wp-json\/wp\/v2\/comments?post=34"}],"version-history":[{"count":35,"href":"https:\/\/www.ull.es\/grados\/ingenieria-informatica\/wp-json\/wp\/v2\/pages\/34\/revisions"}],"predecessor-version":[{"id":1358,"href":"https:\/\/www.ull.es\/grados\/ingenieria-informatica\/wp-json\/wp\/v2\/pages\/34\/revisions\/1358"}],"up":[{"embeddable":true,"href":"https:\/\/www.ull.es\/grados\/ingenieria-informatica\/wp-json\/wp\/v2\/pages\/270"}],"wp:attachment":[{"href":"https:\/\/www.ull.es\/grados\/ingenieria-informatica\/wp-json\/wp\/v2\/media?parent=34"}],"curies":[{"name":"wp","href":"https:\/\/api.w.org\/{rel}","templated":true}]}}