{"id":34,"date":"2017-06-28T12:52:52","date_gmt":"2017-06-28T12:52:52","guid":{"rendered":"http:\/\/www.ull.es\/masteres\/desarrollo-y-gestion-de-recursos-humanos\/?page_id=24"},"modified":"2025-12-16T16:16:52","modified_gmt":"2025-12-16T16:16:52","slug":"estructura-del-plan-de-estudios","status":"publish","type":"page","link":"https:\/\/www.ull.es\/grados\/ingenieria-mecanica\/en\/plan-de-estudios\/estructura-del-plan-de-estudios\/","title":{"rendered":"Curriculum Structure"},"content":{"rendered":"\n<div class=\"wp-block-stackable-columns alignfull stk-block-columns stk-block stk-8657999\" data-block-id=\"8657999\"><style>.stk-8657999 {padding-bottom:0px !important;margin-top:-30px !important;margin-bottom:0px !important;}@media screen and (max-width: 767px){.stk-8657999 {margin-top:-10% !important;}}<\/style><div class=\"stk-row stk-inner-blocks stk-block-content stk-content-align stk-8657999-column alignfull\">\n<div class=\"wp-block-stackable-column stk-block-column stk-column stk-block stk-914f03e\" data-v=\"4\" data-block-id=\"914f03e\"><div class=\"stk-column-wrapper stk-block-column__content stk-container stk-914f03e-container stk--no-background stk--no-padding\"><div class=\"stk-block-content stk-inner-blocks stk-914f03e-inner-blocks\"><style id=\"depicter-1-inline-pre-css\">\n\n.depicter-1:not(.depicter-ready){\n\theight:500px;\n}\n\n\/***** Tablet *****\/\n@media screen and (max-width: 1024px){\n\n.depicter-1:not(.depicter-ready){\n\theight:700px;\n}\n\n}\n\/***** Mobile *****\/\n@media screen and (max-width: 767px){\n\n.depicter-1:not(.depicter-ready){\n\theight:360px;\n}\n\n}\n<\/style>\n<div id=\"depicter-1\" class=\"depicter depicter-document depicter-revert depicter-1 depicter-layout-fullwidth\">\n\n<div class=\"depicter-loading-container depicter-loading dotFlashing-dark\"><div class=\"depicter-loading-dark depicter-dot-flashing\">\n   <span><\/span>\n   <span><\/span>\n   <span><\/span>\n<\/div>\n<\/div>\n<div id=\"depicter-1-section-1\" class=\"depicter-section depicter-1-section-1\" data-name=\"Section 1\" data-type=\"section\" data-local-id=\"section-1\">\n<picture class=\"depicter-bg\">\n<source data-depicter-srcset=\"https:\/\/www.ull.es\/grados\/ingenieria-mecanica\/wp-content\/uploads\/sites\/14\/2025\/04\/Slider__Ingenieri\u0301a_Meca\u0301nica-768x248.jpg, https:\/\/www.ull.es\/grados\/ingenieria-mecanica\/wp-content\/uploads\/sites\/14\/2025\/04\/Slider__Ingenieri\u0301a_Meca\u0301nica.jpg 2x\" srcset=\"data:image\/gif;base64,R0lGODlhAQABAIAAAAAAAP\/\/\/yH5BAEAAAAALAAAAAABAAEAAAIBRAA7\" media=\"(max-width: 1024px)\" \/>\n\n<source data-depicter-srcset=\"https:\/\/www.ull.es\/grados\/ingenieria-mecanica\/wp-content\/uploads\/sites\/14\/2025\/04\/Slider__Ingenieri\u0301a_Meca\u0301nica.jpg, https:\/\/www.ull.es\/grados\/ingenieria-mecanica\/wp-content\/uploads\/sites\/14\/2025\/04\/Slider__Ingenieri\u0301a_Meca\u0301nica-1921x620.jpg 2x\" srcset=\"data:image\/gif;base64,R0lGODlhAQABAIAAAAAAAP\/\/\/yH5BAEAAAAALAAAAAABAAEAAAIBRAA7\" media=\"(min-width: 1025px)\" \/>\n<img decoding=\"async\" src=\"data:image\/gif;base64,R0lGODlhAQABAIAAAAAAAP\/\/\/yH5BAEAAAAALAAAAAABAAEAAAIBRAA7\" data-ken-burns=\"false\" data-tablet-ken-burns=\"false\" data-mobile-ken-burns=\"false\" alt=\"\" data-depicter-src=\"https:\/\/www.ull.es\/grados\/ingenieria-mecanica\/wp-content\/uploads\/sites\/14\/2025\/04\/Slider__Ingenieri\u0301a_Meca\u0301nica.jpg\" data-object-fit=\"custom,custom,\" data-object-position=\"center top,,\" data-crop=\"{'focalPoint':{'x':0.5,'y':0.5},'mediaSize':{'width':1394.274193548387074770289473235607147216796875,'height':450}}\" data-tablet-crop=\"{'focalPoint':{'x':0.5,'y':0.5},'mediaSize':{'width':2168.87096774193560122512280941009521484375,'height':700.0000000000001136868377216160297393798828125}}\" data-mobile-crop=\"{'focalPoint':{'x':0.5,'y':0.5},'mediaSize':{'width':1115.41935483870975076570175588130950927734375,'height':360}}\" \/>\n<\/picture>\n\n\n<h1 id=\"depicter-1-element-5\" class=\"depicter-element depicter-layer depicter-1-element-5\" data-type=\"text\" data-wrap=\"true\" data-name=\"Text 2\" data-local-id=\"element-5\" data-offset=\"x:87px;y:149px;origin:tl\" data-tablet-offset=\"x:232px;y:293px;origin:tl\" data-mobile-offset=\"x:6px;y:-136px;origin:tl\" data-width=\"1027px,589px,348px\" data-height=\"auto,auto,auto\" data-responsive-scale=\"true,,\">Grado en Ingenier\u00eda Mec\u00e1nica<\/h1>\n\n<div id=\"depicter-1-element-10\" class=\"depicter-element depicter-layer depicter-1-element-10\" data-type=\"shape\" data-wrap=\"true\" data-name=\"Shape 1\" data-local-id=\"element-10\" data-offset=\"x:87px;y:350px;origin:tl\" data-tablet-offset=\"x:232px;y:426px;origin:tl\" data-mobile-offset=\"x:6px;y:15px;origin:tl\" data-width=\"968px,555px,309px\" data-height=\"8px,8px,8px\" data-responsive-scale=\"true,,\"><\/div>\n<\/div>\n<\/div>\n<script>\n(window.depicterSetups = window.depicterSetups || []).push(function(){\n\tDepicter.basePath = 'https:\/\/www.ull.es\/grados\/ingenieria-mecanica\/wp-content\/plugins\/depicter\/resources\/scripts\/player\/';\n\tconst dpPlayer = Depicter.setup('.depicter-1',\n\t\t{\"width\":[\"1200\",\"1024\",\"360\"],\"height\":[\"500\",\"700\",\"360\"],\"view\":\"basic\",\"keepAspectRatio\":true,\"preload\":0,\"layout\":\"fullwidth\",\"rtl\":false,\"initAfterAppear\":false,\"ajaxApiUrl\":\"https:\\\/\\\/www.ull.es\\\/grados\\\/ingenieria-mecanica\\\/wp-admin\\\/admin-ajax.php\",\"mouseSwipe\":true,\"touchSwipe\":true,\"useWatermark\":false}\n\t);\n});\n<\/script><\/div><\/div><\/div>\n<\/div><\/div>\n\n\n\n<div class=\"wp-block-stackable-columns alignfull stk-block-columns stk--hide-mobile stk-block stk-ceecbdc stk-block-background\" data-block-id=\"ceecbdc\"><style>.stk-ceecbdc {background-color:#360060 !important;padding-top:35px !important;padding-right:0px !important;padding-bottom:2px !important;padding-left:0px !important;margin-top:-20px !important;margin-bottom:70px !important;}.stk-ceecbdc:before{background-color:#360060 !important;}<\/style><div class=\"stk-row stk-inner-blocks stk-block-content stk-content-align stk-ceecbdc-column alignfull\">\n<div class=\"wp-block-stackable-column stk-block-column stk-column stk-block stk-fc60a5d\" data-v=\"4\" data-block-id=\"fc60a5d\"><div class=\"stk-column-wrapper stk-block-column__content stk-container stk-fc60a5d-container stk--no-background stk--no-padding\"><div class=\"stk-block-content stk-inner-blocks stk-fc60a5d-inner-blocks\">\n<div class=\"wp-block-stackable-spacer stk-block-spacer stk--no-padding stk-block stk-a3a8a68\" data-block-id=\"a3a8a68\"><style>.stk-a3a8a68 {height:0px !important;}<\/style><\/div>\n<\/div><\/div><\/div>\n<\/div><\/div>\n\n\n\n<div class=\"wp-block-stackable-columns stk-block-columns stk-block stk-8b59b96\" data-block-id=\"8b59b96\"><style>.stk-8b59b96 .stk--block-align-8b59b96{align-items:flex-start !important;}.stk-8b59b96 {margin-top:25px !important;}.stk-8b59b96-column{--stk-columns-spacing:0px !important;--stk-column-gap:50px !important;}@media screen and (max-width: 767px){.stk-8b59b96-column{row-gap:var(--stk--preset--spacing--60, 2.25rem) !important;}}<\/style><div class=\"stk-row stk-inner-blocks stk--block-align-8b59b96 stk-block-content stk-content-align stk-8b59b96-column\">\n<div class=\"wp-block-stackable-column stk-block-column stk-column stk-block stk-dbb7e15\" data-v=\"4\" data-block-id=\"dbb7e15\"><style>@media screen and (min-width: 768px){.stk-dbb7e15 {flex:var(--stk-flex-grow, 1) 1 calc(70% - var(--stk-column-gap, 0px) * 1 \/ 2 ) !important;}}<\/style><div class=\"stk-column-wrapper stk-block-column__content stk-container stk-dbb7e15-container stk--no-background stk--no-padding\"><div class=\"stk-block-content stk-inner-blocks stk-dbb7e15-inner-blocks\">\n<div class=\"wp-block-stackable-heading stk-block-heading stk-block-heading--v2 stk-block stk-689c258\" id=\"estructura-del-plan-de-estudios\" data-block-id=\"689c258\"><style>.stk-689c258 .stk-block-heading__text{color:#5c068c !important;}<\/style><h1 class=\"stk-block-heading__text has-text-color\">Estructura del Plan de estudios<\/h1><\/div>\n\n\n\n<h2 class=\"wp-block-heading\">Distribuci\u00f3n del plan de estudios en cr\u00e9ditos ECTS, por tipo de materia<\/h2>\n\n\n\n<p>De acuerdo con el Art. 5 del RD 1125\/2003, \u201cel cr\u00e9dito europeo es la unidad de medida del haber acad\u00e9mico que representa la cantidad de trabajo del estudiante para cumplir los objetivos del programa de estudios y que se obtiene por la superaci\u00f3n de cada una de las materias que integran los planes de estudios de las diversas ense\u00f1anzas conducentes a la obtenci\u00f3n de t\u00edtulos universitarios de car\u00e1cter oficial y validez en todo el territorio nacional. En esta unidad de medida se integran las ense\u00f1anzas te\u00f3ricas y pr\u00e1cticas, as\u00ed como otras actividades acad\u00e9micas dirigidas, con inclusi\u00f3n de las horas de estudio y de trabajo que el estudiante debe realizar para alcanzar los objetivos formativos propios de cada una de las materias del correspondiente plan de estudios.\u201d La distribuci\u00f3n del Plan de Estudios queda resumida en la tabla siguiente:<\/p>\n\n\n\n<div class=\"wp-block-stackable-spacer stk-block-spacer stk--no-padding stk-block stk-7352001\" data-block-id=\"7352001\"><\/div>\n\n\n\n<style>\ntable td, table th {\n  transition: transform 0.2s, box-shadow 0.2s;\n}\ntable td:hover, table th:hover {\n  transform: scale(1.02);\n  box-shadow: 0 0.75rem 1.5rem rgba(0,0,0,0.15);\n}\n<\/style>\n<table class=\"table table-bordered table-striped align-middle text-center shadow\" style=\"border-collapse: separate; border-spacing: 0; box-shadow: 0 0.5rem 1rem rgba(0,0,0,0.15); border-radius:2rem;\">\n  <thead style=\"background-color: #360060; color: #fff;\">\n    <tr>\n      <th scope=\"col\" colspan=\"10\" style=\"text-align:center; border-top-left-radius: 1.5rem; border-top-right-radius: 1.5rem;\">Distribuci\u00f3n del plan de estudios por tipo de materia<\/th>\n    <\/tr>\n  <\/thead>\n  <tbody>\n    <tr class=\"fw-bold text-white\" style=\"background-color: #490a79; color:#fff;\">\n      <td style=\"color:#fff; font-weight:bold;\">&#8211;<\/td>\n      <td style=\"font-weight:bold;\">Cr\u00e9ditos<\/td>\n    <\/tr>\n    <tr>\n      <td>Formaci\u00f3n b\u00e1sica<\/td>\n      <td>60<\/td>\n    <\/tr>\n    <tr class=\"table-light\">\n      <td>Obligatoria<\/td>\n      <td>144<\/td>\n    <\/tr>\n    <tr>\n      <td>Optativas<\/td>\n      <td>12<\/td>\n    <\/tr>\n    <tr class=\"table-light\">\n      <td>Pr\u00e1cticum<\/td>\n      <td>12<\/td>\n    <\/tr>\n    <tr>\n      <td>Trabajo Fin de Grado<\/td>\n      <td>12<\/td>\n    <\/tr>\n    <tr class=\"fw-bold text-white\" style=\"background-color: #490a79; color:#fff;\">\n      <td style=\"border-bottom-left-radius: 1.5rem; color:#fff; font-weight:bold;\">Cr\u00e9ditos totales<\/td>\n      <td style=\"font-weight:bold; border-bottom-right-radius: 1.5rem;\">240<\/td>\n    <\/tr>\n  <\/tbody>\n<\/table>\n\n\n\n<h2 class=\"wp-block-heading\"><strong>Descripci\u00f3n detallada de las materias de ense\u00f1anza-aprendizaje de que consta el plan de estudios<\/strong><\/h2>\n\n\n\n<p>La distribuci\u00f3n de las asignaturas en cursos y cuatrimestres se recoge en siguiente tabla:<\/p>\n\n\n\n<style>\n\/* Efectos hover globales *\/\ntable td, table th {\n  transition: transform 0.2s, box-shadow 0.2s;\n}\ntable td:hover, table th:hover {\n  transform: scale(1.02);\n  box-shadow: 0 0.75rem 1.5rem rgba(0,0,0,0.15);\n}\n\/* Estilo general de tabla *\/\ntable {\n  border-collapse: separate;\n  border-spacing: 0;\n  width: 100%;\n  box-shadow: 0 0.5rem 1rem rgba(0,0,0,0.15);\n  border-radius: 1.5rem;\n  overflow: hidden;\n  font-family: 'Segoe UI', Tahoma, Geneva, Verdana, sans-serif;\n  margin-bottom: 2rem;\n}\ntable th, table td {\n  border: 1px solid #dee2e6;\n  padding: 10px 12px;\n  vertical-align: middle;\n  text-align: center;\n}\ntable th {\n  background-color: #360060;\n  color: #fff;\n  font-weight: bold;\n}\ntr:nth-child(even) td {\n  background-color: #f8f8fc;\n}\n.th1 {\n  background-color: #490a79 !important;\n  color: #fff !important;\n  font-weight: bold;\n}\n.th2 {\n  background-color: #5C068C !important;\n  color: #fff !important;\n  font-weight: bold;\n}\n.td1 {\n  background-color: #ffffff;\n}\n.td2 {\n  background-color: #f8f8fc;\n}\n<\/style>\n<table border=\"0\" cellspacing=\"0\" cellpadding=\"0\">\n<tbody>\n<tr>\n<th class=\"th3\" colspan=\"2\">Primer cuatrimestre<\/th>\n<th class=\"th3\" colspan=\"2\">Segundo cuatrimestre<\/th>\n<\/tr>\n<tr>\n<th>Asignatura<\/th>\n<th>Cr\u00e9ditos<\/th>\n<th>Asignatura<\/th>\n<th>Cr\u00e9ditos<\/th>\n<\/tr>\n<tr>\n<th class=\"th1\" colspan=\"4\">Primer curso<\/th>\n<\/tr>\n<tr>\n<td class=\"td1\">F\u00edsica I\u00a0\u00a0(FB)<\/td>\n<td class=\"td1\">9<\/td>\n<td class=\"td1\">F\u00edsica II (FB)<\/td>\n<td class=\"td1\">6<\/td>\n<\/tr>\n<tr>\n<td class=\"td2\">Expresi\u00f3n Gr\u00e1fica y Dise\u00f1o Asistido por Ordenador (FB)<\/td>\n<td class=\"td2\">6<\/td>\n<td class=\"td2\">M\u00e9todos Estad\u00edsticos en la Ingenier\u00eda(FB)<\/td>\n<td class=\"td2\">6<\/td>\n<\/tr>\n<tr>\n<td class=\"td1\">Inform\u00e1tica (FB)<\/td>\n<td class=\"td1\">6<\/td>\n<td class=\"td1\">C\u00e1lculo (FB)<\/td>\n<td class=\"td1\">6<\/td>\n<\/tr>\n<tr>\n<td class=\"td2\">Fundamentos Matem\u00e1ticos (FB)<\/td>\n<td class=\"td2\">9<\/td>\n<td class=\"td2\">Fundamentos Qu\u00edmicos en la Ingenier\u00eda (FB)<\/td>\n<td class=\"td2\">6<\/td>\n<\/tr>\n<tr>\n<td class=\"td1\"><\/td>\n<td class=\"td1\"><\/td>\n<td class=\"td1\">Organizaci\u00f3n y Gesti\u00f3n Empresarial (FB)<\/td>\n<td class=\"td1\">6<\/td>\n<\/tr>\n<tr>\n<th class=\"th1\" colspan=\"4\">Segundo curso<\/th>\n<\/tr>\n<tr>\n<td class=\"td2\">Ingenier\u00eda Fluidomec\u00e1nica (OB)<\/td>\n<td class=\"td2\">6<\/td>\n<td class=\"td2\">Automatizaci\u00f3n y Control Industrial (OB)<\/td>\n<td class=\"td2\">6<\/td>\n<\/tr>\n<tr>\n<td class=\"td1\">Ciencia y Tecnolog\u00eda de Materiales (OB)<\/td>\n<td class=\"td1\">6<\/td>\n<td class=\"td1\">Elasticidad y Resistencia de Materiales (OB)<\/td>\n<td class=\"td1\">6<\/td>\n<\/tr>\n<tr>\n<td class=\"td2\">Mec\u00e1nica de M\u00e1quinas (OB)<\/td>\n<td class=\"td2\">6<\/td>\n<td class=\"td2\">Ingenier\u00eda T\u00e9rmica (OB)<\/td>\n<td class=\"td2\">6<\/td>\n<\/tr>\n<tr>\n<td class=\"td1\">Fundamentos de Ingenier\u00eda El\u00e9ctrica (OB)<\/td>\n<td class=\"td1\">6<\/td>\n<td class=\"td1\">Tecnolog\u00eda de Procesos de Fabricaci\u00f3n(OB)<\/td>\n<td class=\"td1\">6<\/td>\n<\/tr>\n<tr>\n<td class=\"td2\">Organizaci\u00f3n y Gesti\u00f3n de Proyectos (OB)<\/td>\n<td class=\"td2\">6<\/td>\n<td class=\"td2\">Fundamentos de Ingenier\u00eda Electr\u00f3nica (OB)<\/td>\n<td class=\"td2\">6<\/td>\n<\/tr>\n<tr>\n<th class=\"th1\" colspan=\"4\">Tercer curso<\/th>\n<\/tr>\n<tr>\n<td class=\"td1\">Ampliaci\u00f3n de Elasticidad y Resistencia de Materiales (OB)<\/td>\n<td class=\"td1\">9<\/td>\n<td class=\"td1\">C\u00e1lculo y Dise\u00f1o de M\u00e1quinas I (OB)<\/td>\n<td class=\"td1\">6<\/td>\n<\/tr>\n<tr>\n<td class=\"td2\">Teor\u00eda de Estructuras y Construcciones Industriales I (OB)<\/td>\n<td class=\"td2\">9<\/td>\n<td class=\"td2\">Ingenier\u00eda de Materiales (OB)<\/td>\n<td class=\"td2\">6<\/td>\n<\/tr>\n<tr>\n<td class=\"td1\">Instalaciones y M\u00e1quinas Hidr\u00e1ulicas (OB)<\/td>\n<td class=\"td1\">6<\/td>\n<td class=\"td1\">Ampliaci\u00f3n de Ingenier\u00eda T\u00e9rmica (OB)<\/td>\n<td class=\"td1\">6<\/td>\n<\/tr>\n<tr>\n<td class=\"td2\">Tecnolog\u00eda Mec\u00e1nica (OB)<\/td>\n<td class=\"td2\">6<\/td>\n<td class=\"td2\">Ingenier\u00eda Gr\u00e1fica (OB)<\/td>\n<td class=\"td2\">6<\/td>\n<\/tr>\n<tr>\n<td class=\"td1\"><\/td>\n<td class=\"td1\"><\/td>\n<td class=\"td1\">Optativa I\/II (Ingenier\u00eda del Medio Ambiente \/ Modelizaci\u00f3n Mec\u00e1nica de los Elementos Estructurales) (OP)<\/td>\n<td class=\"td1\">6<\/td>\n<\/tr>\n<tr>\n<th class=\"th1\" colspan=\"4\">Cuarto curso<\/th>\n<\/tr>\n<tr>\n<td class=\"td1\">Instalaciones T\u00e9rmicas<\/td>\n<td class=\"td1\">6<\/td>\n<td class=\"td1\">Teor\u00eda de Estructuras y Construcciones Industriales II (OB)<\/td>\n<td class=\"td1\">6<\/td>\n<\/tr>\n<tr>\n<td class=\"td2\">Motores T\u00e9rmicos (OB)<\/td>\n<td class=\"td2\">6<\/td>\n<td class=\"td2\">C\u00e1lculo y Dise\u00f1o de M\u00e1quinas II<\/td>\n<td class=\"td2\">6<\/td>\n<\/tr>\n<tr>\n<td class=\"td1\">Oficina T\u00e9cnica\/Proyectos (OB)<\/td>\n<td class=\"td1\">6<\/td>\n<td class=\"td1\">Optativa III\/IV (Neum\u00e1tica e Hidr\u00e1ulica Industrial \/ Mantenimiento y Diagn\u00f3stico de M\u00e1quinas)<\/td>\n<td class=\"td1\">6<\/td>\n<\/tr>\n<tr>\n<td class=\"td2\" colspan=\"3\">Pr\u00e1cticas Externas (Anual) (PEX)<\/td>\n<td class=\"td2\">12<\/td>\n<\/tr>\n<tr>\n<td class=\"td1\" colspan=\"3\">Trabajo Fin de Grado (Anual) (TFG)<\/td>\n<td class=\"td1\">12<\/td>\n<\/tr>\n<\/tbody>\n<\/table>\n\n\n\n<ul class=\"wp-block-list\">\n<li>Tipo (Tipo de Materia, RD 1393\/2007). FB: Formaci\u00f3n B\u00e1sica. OB: Obligatoria. OP: Optativa. PEX: Pr\u00e1cticas Externas. TFG: Trabajo Fin de Grado<\/li>\n\n\n\n<li>M\u00f3dulo (Orden CIN\/351\/2009). DFB: De Formaci\u00f3n B\u00e1sica. CRI: Com\u00fan a la Rama Industrial. TEM: De Tecnolog\u00eda Espec\u00edfica: Mec\u00e1nica. TFG: Trabajo Fin de Grado<\/li>\n<\/ul>\n<\/div><\/div><\/div>\n\n\n\n<div class=\"wp-block-stackable-column stk-block-column stk-column stk-block stk-cd5ee0f\" data-v=\"4\" data-block-id=\"cd5ee0f\"><style>@media screen and (min-width: 768px){.stk-cd5ee0f {flex:var(--stk-flex-grow, 1) 1 calc(30% - var(--stk-column-gap, 0px) * 1 \/ 2 ) !important;}}<\/style><div class=\"stk-column-wrapper stk-block-column__content stk-container stk-cd5ee0f-container stk--no-background stk--no-padding\"><div class=\"stk-block-content stk-inner-blocks stk-cd5ee0f-inner-blocks\">\n<div class=\"wp-block-stackable-icon-label stk-block-icon-label stk-block stk-e63cb4f stk-block-background\" data-block-id=\"e63cb4f\"><style>.stk-e63cb4f {background-color:#5c068c !important;padding-top:20px !important;padding-right:20px !important;padding-bottom:20px !important;padding-left:20px !important;}.stk-e63cb4f:hover{background-color:#0f0e17 !important;}.stk-e63cb4f:before{background-color:#5c068c !important;}.stk-e63cb4f:hover:before{background-color:#0f0e17 !important;}<\/style><div class=\"stk-row stk-inner-blocks stk-block-content\">\n<div class=\"wp-block-stackable-heading stk-block-heading stk-block-heading--v2 stk-block stk-68b185a\" id=\"a-href-https-www-boe-es-boe-dias-2020-11-24-pdfs-boe-a-2020-14874-pdf-span-style-color-fffffe-class-stk-highlight-plan-de-estudios-grado-en-ingenieria-mecanica-span-a\" data-block-id=\"68b185a\"><style>.stk-68b185a .stk-block-heading__text{font-size:22px !important;color:#fffffe !important;line-height:1.3em !important;}@media screen and (max-width: 1023px){.stk-68b185a .stk-block-heading__text{font-size:22px !important;}}<\/style><p class=\"stk-block-heading__text has-text-color\"><a href=\"https:\/\/www.boe.es\/boe\/dias\/2020\/11\/24\/pdfs\/BOE-A-2020-14874.pdf\" target=\"_blank\" rel=\"noopener\"><span style=\"color: #fffffe;\" class=\"stk-highlight\">Plan de estudios grado en Ingenier\u00eda Mec\u00e1nica<\/span><\/a><\/p><\/div>\n\n\n\n<div class=\"wp-block-stackable-icon stk-block-icon has-text-align-left stk-block stk-34dedbe\" data-block-id=\"34dedbe\"><style>.stk-34dedbe .stk--svg-wrapper .stk--inner-svg svg:last-child{height:18px !important;width:18px !important;}.stk-34dedbe .stk--svg-wrapper .stk--inner-svg svg:last-child, .stk-34dedbe .stk--svg-wrapper .stk--inner-svg svg:last-child :is(g, path, rect, polygon, ellipse){fill:#fffffe !important;}<\/style><span class=\"stk--svg-wrapper\"><div class=\"stk--inner-svg\"><svg style=\"height:0;width:0\"><defs><linearGradient id=\"linear-gradient-34dedbe\" x1=\"0\" x2=\"100%\" y1=\"0\" y2=\"0\"><stop offset=\"0%\" style=\"stop-opacity:1;stop-color:var(--linear-gradient-34-dedbe-color-1)\"><\/stop><stop offset=\"100%\" style=\"stop-opacity:1;stop-color:var(--linear-gradient-34-dedbe-color-2)\"><\/stop><\/linearGradient><\/defs><\/svg><svg xmlns=\"http:\/\/www.w3.org\/2000\/svg\" viewBox=\"0 0 448 512\" aria-hidden=\"true\" width=\"32\" height=\"32\"><path d=\"M438.6 278.6c12.5-12.5 12.5-32.8 0-45.3l-160-160c-12.5-12.5-32.8-12.5-45.3 0s-12.5 32.8 0 45.3L338.8 224 32 224c-17.7 0-32 14.3-32 32s14.3 32 32 32l306.7 0L233.4 393.4c-12.5 12.5-12.5 32.8 0 45.3s32.8 12.5 45.3 0l160-160z\"><\/path><\/svg><\/div><\/span><\/div>\n<\/div><\/div>\n<\/div><\/div><\/div>\n<\/div><\/div>\n","protected":false},"excerpt":{"rendered":"<p>Estructura del Plan de estudios Distribuci\u00f3n del plan de estudios en cr\u00e9ditos ECTS, por tipo de materia De acuerdo con el Art. 5 del RD 1125\/2003, \u201cel cr\u00e9dito europeo es la unidad de medida del haber acad\u00e9mico que representa la cantidad de trabajo del estudiante para cumplir los objetivos del programa de estudios y que&#8230;<\/p>","protected":false},"author":1,"featured_media":0,"parent":270,"menu_order":0,"comment_status":"closed","ping_status":"closed","template":"templates\/template-frontpage.php","meta":{"footnotes":""},"class_list":["post-34","page","type-page","status-publish","hentry"],"_links":{"self":[{"href":"https:\/\/www.ull.es\/grados\/ingenieria-mecanica\/en\/wp-json\/wp\/v2\/pages\/34","targetHints":{"allow":["GET"]}}],"collection":[{"href":"https:\/\/www.ull.es\/grados\/ingenieria-mecanica\/en\/wp-json\/wp\/v2\/pages"}],"about":[{"href":"https:\/\/www.ull.es\/grados\/ingenieria-mecanica\/en\/wp-json\/wp\/v2\/types\/page"}],"author":[{"embeddable":true,"href":"https:\/\/www.ull.es\/grados\/ingenieria-mecanica\/en\/wp-json\/wp\/v2\/users\/1"}],"replies":[{"embeddable":true,"href":"https:\/\/www.ull.es\/grados\/ingenieria-mecanica\/en\/wp-json\/wp\/v2\/comments?post=34"}],"version-history":[{"count":32,"href":"https:\/\/www.ull.es\/grados\/ingenieria-mecanica\/en\/wp-json\/wp\/v2\/pages\/34\/revisions"}],"predecessor-version":[{"id":1201,"href":"https:\/\/www.ull.es\/grados\/ingenieria-mecanica\/en\/wp-json\/wp\/v2\/pages\/34\/revisions\/1201"}],"up":[{"embeddable":true,"href":"https:\/\/www.ull.es\/grados\/ingenieria-mecanica\/en\/wp-json\/wp\/v2\/pages\/270"}],"wp:attachment":[{"href":"https:\/\/www.ull.es\/grados\/ingenieria-mecanica\/en\/wp-json\/wp\/v2\/media?parent=34"}],"curies":[{"name":"wp","href":"https:\/\/api.w.org\/{rel}","templated":true}]}}