{"id":290,"date":"2017-07-11T13:42:33","date_gmt":"2017-07-11T13:42:33","guid":{"rendered":"http:\/\/www.ull.es\/masteres\/desarrollo-y-gestion-de-recursos-humanos\/?page_id=290"},"modified":"2025-12-10T16:06:41","modified_gmt":"2025-12-10T16:06:41","slug":"personal-de-apoyo-a-la-docencia","status":"publish","type":"page","link":"https:\/\/www.ull.es\/grados\/ingenieria-mecanica\/fr\/profesorado-y-recursos\/personal-de-apoyo-a-la-docencia\/","title":{"rendered":"Personnel de soutien p\u00e9dagogique"},"content":{"rendered":"\n<div class=\"wp-block-stackable-columns alignfull stk-block-columns stk-block stk-8657999\" data-block-id=\"8657999\"><style>.stk-8657999 {padding-bottom:0px !important;margin-top:-30px !important;margin-bottom:0px !important;}@media screen and (max-width: 767px){.stk-8657999 {margin-top:-10% !important;}}<\/style><div class=\"stk-row stk-inner-blocks stk-block-content stk-content-align stk-8657999-column alignfull\">\n<div class=\"wp-block-stackable-column stk-block-column stk-column stk-block stk-914f03e\" data-v=\"4\" data-block-id=\"914f03e\"><div class=\"stk-column-wrapper stk-block-column__content stk-container stk-914f03e-container stk--no-background stk--no-padding\"><div class=\"stk-block-content stk-inner-blocks stk-914f03e-inner-blocks\"><style id=\"depicter-1-inline-pre-css\">\n\n.depicter-1:not(.depicter-ready){\n\theight:500px;\n}\n\n\/***** Tablet *****\/\n@media screen and (max-width: 1024px){\n\n.depicter-1:not(.depicter-ready){\n\theight:700px;\n}\n\n}\n\/***** Mobile *****\/\n@media screen and (max-width: 767px){\n\n.depicter-1:not(.depicter-ready){\n\theight:360px;\n}\n\n}\n<\/style>\n<div id=\"depicter-1\" class=\"depicter depicter-document depicter-revert depicter-1 depicter-layout-fullwidth\">\n\n<div class=\"depicter-loading-container depicter-loading dotFlashing-dark\"><div class=\"depicter-loading-dark depicter-dot-flashing\">\n   <span><\/span>\n   <span><\/span>\n   <span><\/span>\n<\/div>\n<\/div>\n<div id=\"depicter-1-section-1\" class=\"depicter-section depicter-1-section-1\" data-name=\"Section 1\" data-type=\"section\" data-local-id=\"section-1\">\n<picture class=\"depicter-bg\">\n<source data-depicter-srcset=\"https:\/\/www.ull.es\/grados\/ingenieria-mecanica\/wp-content\/uploads\/sites\/14\/2025\/04\/Slider__Ingenieri\u0301a_Meca\u0301nica-768x248.jpg, https:\/\/www.ull.es\/grados\/ingenieria-mecanica\/wp-content\/uploads\/sites\/14\/2025\/04\/Slider__Ingenieri\u0301a_Meca\u0301nica.jpg 2x\" srcset=\"data:image\/gif;base64,R0lGODlhAQABAIAAAAAAAP\/\/\/yH5BAEAAAAALAAAAAABAAEAAAIBRAA7\" media=\"(max-width: 1024px)\" \/>\n\n<source data-depicter-srcset=\"https:\/\/www.ull.es\/grados\/ingenieria-mecanica\/wp-content\/uploads\/sites\/14\/2025\/04\/Slider__Ingenieri\u0301a_Meca\u0301nica.jpg, https:\/\/www.ull.es\/grados\/ingenieria-mecanica\/wp-content\/uploads\/sites\/14\/2025\/04\/Slider__Ingenieri\u0301a_Meca\u0301nica-1921x620.jpg 2x\" srcset=\"data:image\/gif;base64,R0lGODlhAQABAIAAAAAAAP\/\/\/yH5BAEAAAAALAAAAAABAAEAAAIBRAA7\" media=\"(min-width: 1025px)\" \/>\n<img decoding=\"async\" src=\"data:image\/gif;base64,R0lGODlhAQABAIAAAAAAAP\/\/\/yH5BAEAAAAALAAAAAABAAEAAAIBRAA7\" data-ken-burns=\"false\" data-tablet-ken-burns=\"false\" data-mobile-ken-burns=\"false\" alt=\"\" data-depicter-src=\"https:\/\/www.ull.es\/grados\/ingenieria-mecanica\/wp-content\/uploads\/sites\/14\/2025\/04\/Slider__Ingenieri\u0301a_Meca\u0301nica.jpg\" data-object-fit=\"custom,custom,\" data-object-position=\"center top,,\" data-crop=\"{'focalPoint':{'x':0.5,'y':0.5},'mediaSize':{'width':1394.274193548387074770289473235607147216796875,'height':450}}\" data-tablet-crop=\"{'focalPoint':{'x':0.5,'y':0.5},'mediaSize':{'width':2168.87096774193560122512280941009521484375,'height':700.0000000000001136868377216160297393798828125}}\" data-mobile-crop=\"{'focalPoint':{'x':0.5,'y':0.5},'mediaSize':{'width':1115.41935483870975076570175588130950927734375,'height':360}}\" \/>\n<\/picture>\n\n\n<h1 id=\"depicter-1-element-5\" class=\"depicter-element depicter-layer depicter-1-element-5\" data-type=\"text\" data-wrap=\"true\" data-name=\"Text 2\" data-local-id=\"element-5\" data-offset=\"x:87px;y:149px;origin:tl\" data-tablet-offset=\"x:232px;y:293px;origin:tl\" data-mobile-offset=\"x:6px;y:-136px;origin:tl\" data-width=\"1027px,589px,348px\" data-height=\"auto,auto,auto\" data-responsive-scale=\"true,,\">Grado en Ingenier\u00eda Mec\u00e1nica<\/h1>\n\n<div id=\"depicter-1-element-10\" class=\"depicter-element depicter-layer depicter-1-element-10\" data-type=\"shape\" data-wrap=\"true\" data-name=\"Shape 1\" data-local-id=\"element-10\" data-offset=\"x:87px;y:350px;origin:tl\" data-tablet-offset=\"x:232px;y:426px;origin:tl\" data-mobile-offset=\"x:6px;y:15px;origin:tl\" data-width=\"968px,555px,309px\" data-height=\"8px,8px,8px\" data-responsive-scale=\"true,,\"><\/div>\n<\/div>\n<\/div>\n<script>\n(window.depicterSetups = window.depicterSetups || []).push(function(){\n\tDepicter.basePath = 'https:\/\/www.ull.es\/grados\/ingenieria-mecanica\/wp-content\/plugins\/depicter\/resources\/scripts\/player\/';\n\tconst dpPlayer = Depicter.setup('.depicter-1',\n\t\t{\"width\":[\"1200\",\"1024\",\"360\"],\"height\":[\"500\",\"700\",\"360\"],\"view\":\"basic\",\"keepAspectRatio\":true,\"preload\":0,\"layout\":\"fullwidth\",\"rtl\":false,\"initAfterAppear\":false,\"ajaxApiUrl\":\"https:\\\/\\\/www.ull.es\\\/grados\\\/ingenieria-mecanica\\\/wp-admin\\\/admin-ajax.php\",\"mouseSwipe\":true,\"touchSwipe\":true,\"useWatermark\":false}\n\t);\n});\n<\/script><\/div><\/div><\/div>\n<\/div><\/div>\n\n\n\n<div class=\"wp-block-stackable-columns alignfull stk-block-columns stk--hide-mobile stk-block stk-ceecbdc stk-block-background\" data-block-id=\"ceecbdc\"><style>.stk-ceecbdc {background-color:#360060 !important;padding-top:35px !important;padding-right:0px !important;padding-bottom:2px !important;padding-left:0px !important;margin-top:-20px !important;margin-bottom:70px !important;}.stk-ceecbdc:before{background-color:#360060 !important;}<\/style><div class=\"stk-row stk-inner-blocks stk-block-content stk-content-align stk-ceecbdc-column alignfull\">\n<div class=\"wp-block-stackable-column stk-block-column stk-column stk-block stk-fc60a5d\" data-v=\"4\" data-block-id=\"fc60a5d\"><div class=\"stk-column-wrapper stk-block-column__content stk-container stk-fc60a5d-container stk--no-background stk--no-padding\"><div class=\"stk-block-content stk-inner-blocks stk-fc60a5d-inner-blocks\">\n<div class=\"wp-block-stackable-spacer stk-block-spacer stk--no-padding stk-block stk-a3a8a68\" data-block-id=\"a3a8a68\"><style>.stk-a3a8a68 {height:0px !important;}<\/style><\/div>\n<\/div><\/div><\/div>\n<\/div><\/div>\n\n\n\n<div class=\"wp-block-stackable-columns stk-block-columns stk-block stk-8b59b96\" data-block-id=\"8b59b96\"><style>.stk-8b59b96 .stk--block-align-8b59b96{align-items:flex-start !important;}.stk-8b59b96 {margin-top:25px !important;}.stk-8b59b96-column{--stk-columns-spacing:0px !important;--stk-column-gap:50px !important;}@media screen and (max-width: 767px){.stk-8b59b96-column{row-gap:var(--stk--preset--spacing--60, 2.25rem) !important;}}<\/style><div class=\"stk-row stk-inner-blocks stk--block-align-8b59b96 stk-block-content stk-content-align stk-8b59b96-column\">\n<div class=\"wp-block-stackable-column stk-block-column stk-column stk-block stk-dbb7e15\" data-v=\"4\" data-block-id=\"dbb7e15\"><div class=\"stk-column-wrapper stk-block-column__content stk-container stk-dbb7e15-container stk--no-background stk--no-padding\"><div class=\"stk-block-content stk-inner-blocks stk-dbb7e15-inner-blocks\">\n<div class=\"wp-block-stackable-heading stk-block-heading stk-block-heading--v2 stk-block stk-689c258\" id=\"personal-de-apoyo-a-la-docencia\" data-block-id=\"689c258\"><style>.stk-689c258 .stk-block-heading__text{color:#5c068c !important;}<\/style><h1 class=\"stk-block-heading__text has-text-color\">Personal de Apoyo a la Docencia<\/h1><\/div>\n\n\n\n<p>El personal de apoyo que participa en el t\u00edtulo est\u00e1 compuesto, fundamentalmente, por personal de administraci\u00f3n y servicios (PAS) de la ESIT y de los departamentos con docencia en la titulaci\u00f3n, adem\u00e1s de otros servicios que dan cobertura al conjunto de actividades que se desarrollan en el ejercicio de la docencia (personal de Biblioteca, personal de la Unidad de Docencia Virtual).<\/p>\n\n\n\n<p>En concreto, entre el personal de apoyo que participa en actividades formativas o colabora en tareas de soporte a la docencia en el t\u00edtulo se cuenta con:<\/p>\n\n\n\n<ul class=\"wp-block-list\">\n<li>Personal del Equipo de Administraci\u00f3n de la ESIT. Formado por una plaza de cada una de las siguientes categor\u00edas, seis en total: administrador\/a de Centro, administrador\/a de decanato, gestor\/a de centro, colaborador\/a, administrativo\/a de base y t\u00e9cnico\/a especialista en administraci\u00f3n.<\/li>\n\n\n\n<li>Personal de Conserjer\u00eda: un\/a Oficial y dos auxiliares de Conserjer\u00eda. Esta composici\u00f3n permite mantener abierta la Conserjer\u00eda de la ESIT toda la jornada.<\/li>\n\n\n\n<li>Personal del Centro de C\u00e1lculo de la ESIT (Personal T\u00e9cnico): un\/a Titulado\/a Superior Inform\u00e1tica, un\/a Titulado\/a Medio Inform\u00e1tica, dos oficiales de Inform\u00e1tica.\u00a0\u00a0<\/li>\n\n\n\n<li>Personal de la Biblioteca Universitaria: un\/a Jefe\/a de la Secci\u00f3n de Ciencias y T\u00e9cnicas, un\/a responsable del Fondo de Ingenier\u00eda Inform\u00e1tica e Industrial y dos Oficiales de Biblioteca tambi\u00e9n asociados al Fondo de Ingenier\u00eda Inform\u00e1tica e Industrial.<\/li>\n\n\n\n<li>Personal T\u00e9cnico de apoyo para los Laboratorios de docencia. Este personal se distribuye, en el caso de los departamentos en cuyos laboratorios se desarrolla gran parte de la docencia pr\u00e1ctica de la titulaci\u00f3n, de la siguiente manera:<\/li>\n<\/ul>\n\n\n\n<ul class=\"wp-block-list\">\n<li>Departamento de Ingenier\u00eda Industrial: dos T\u00e9cnicos\/as Especialistas y un\/a Oficial.<\/li>\n\n\n\n<li>Departamento de Ingenier\u00eda Inform\u00e1tica y de Sistemas: un\/a T\u00e9cnico\/a Especialista.<\/li>\n\n\n\n<li>Departamento de F\u00edsica: un\/a T\u00e9cnico\/a Especialista y dos Oficiales.<\/li>\n\n\n\n<li>Departamento de Qu\u00edmica: cuatro T\u00e9cnicos\/as Especialistas y cuatro Oficiales de Laboratorio<\/li>\n\n\n\n<li>Personal de Administraci\u00f3n de los Departamentos con docencia en el t\u00edtulo. Este personal tambi\u00e9n representa un apoyo indirecto a la docencia del t\u00edtulo al ocuparse de algunas facetas relacionadas como la gesti\u00f3n parcial del Plan de Ordenaci\u00f3n Docente, gesti\u00f3n de Presupuestos de los Departamentos \u2013 lo que puede redundar en la mejora de los medios materiales disponibles para la docencia del t\u00edtulo \u2013 o la gesti\u00f3n de plazas de profesorado con futura asignaci\u00f3n de docencia en la titulaci\u00f3n. Actualmente los departamentos con docencia en la titulaci\u00f3n son los\u00a0<a href=\"https:\/\/www.ull.es\/apps\/guias\/guias\/view_departments\/Grado%20en%20Ingenier%C3%ADa%20Mec%C3%A1nica\/\" target=\"_blank\" rel=\"noreferrer noopener\" target=\"_blank\" rel=\"noopener\">siguientes<\/a>:<\/li>\n<\/ul>\n\n\n\n<ul class=\"wp-block-list\">\n<li>An\u00e1lisis Matem\u00e1tico<\/li>\n\n\n\n<li>Derecho P\u00fablico y Privado Especial y Derecho de la Empresa<\/li>\n\n\n\n<li>Direcci\u00f3n de Empresas e Historia Econ\u00f3mica<\/li>\n\n\n\n<li>F\u00edsica<\/li>\n\n\n\n<li>Ingenier\u00eda Agraria, N\u00e1utica, Civil y Mar\u00edtima<\/li>\n\n\n\n<li>Ingenier\u00eda Industrial<\/li>\n\n\n\n<li>Ingenier\u00eda Inform\u00e1tica y de Sistemas<\/li>\n\n\n\n<li>Matem\u00e1ticas, Estad\u00edstica e Investigaci\u00f3n Operativa<\/li>\n\n\n\n<li>Qu\u00edmica<\/li>\n\n\n\n<li>T\u00e9cnicas y Proyectos de Ingenier\u00eda y Arquitectura<\/li>\n<\/ul>\n\n\n\n<p>Toda la informaci\u00f3n anterior puede consultarse a trav\u00e9s del&nbsp;<a href=\"https:\/\/www.ull.es\/portal\/transparente\/\" target=\"_blank\" rel=\"noreferrer noopener\" target=\"_blank\" rel=\"noopener\">Portal de Transparencia de la Universidad de La Laguna<\/a>. A trav\u00e9s de dicho Portal se puede acceder a la Relaci\u00f3n de Puestos de Trabajo de la ULL, tanto la correspondiente al PAS&nbsp;<a href=\"https:\/\/www.ull.es\/portal\/transparente\/relacion-de-puestos-de-trabajo-pas-laboral\/\" target=\"_blank\" rel=\"noreferrer noopener\" target=\"_blank\" rel=\"noopener\">Laboral<\/a>&nbsp;como&nbsp;<a href=\"https:\/\/www.ull.es\/portal\/transparente\/relacion-de-puestos-de-trabajo-pas-funcionario\/\" target=\"_blank\" rel=\"noreferrer noopener\" target=\"_blank\" rel=\"noopener\">Funcionario<\/a>&nbsp;y tambi\u00e9n consultar la&nbsp;<a href=\"https:\/\/docs.google.com\/spreadsheets\/d\/1k5ym5jNWTtzln0BTYrw4r1onT7vr_ydbhJmgiwLwAfg\/edit#gid=1789479741\" target=\"_blank\" rel=\"noreferrer noopener\" target=\"_blank\" rel=\"noopener\">descripci\u00f3n completa de la plantilla del PAS<\/a>.<\/p>\n\n\n\n<p>Debe a\u00f1adirse tambi\u00e9n el personal de la Unidad de Docencia Virtual (UDV) encargado de la gesti\u00f3n del Campus Virtual y por tanto, de las&nbsp;<a href=\"https:\/\/campusingenieriaytecnologia.ull.es\/login\/index.php?authCAS=NOCAS\" target=\"_blank\" rel=\"noreferrer noopener\" target=\"_blank\" rel=\"noopener\">aulas virtuales de las asignaturas del t\u00edtulo<\/a>&nbsp;y de las creadas particularmente para la propia gesti\u00f3n de aspectos relacionados con la docencia (aulas de coordinaci\u00f3n docente en el entorno de&nbsp;<a href=\"https:\/\/campusvirtual.ull.es\/facultades\/login\/index.php?authCAS=NOCAS\" target=\"_blank\" rel=\"noreferrer noopener\" target=\"_blank\" rel=\"noopener\">Escuelas y Facultades<\/a>).<\/p>\n<\/div><\/div><\/div>\n<\/div><\/div>\n","protected":false},"excerpt":{"rendered":"<p>Personal de Apoyo a la Docencia El personal de apoyo que participa en el t\u00edtulo est\u00e1 compuesto, fundamentalmente, por personal de administraci\u00f3n y servicios (PAS) de la ESIT y de los departamentos con docencia en la titulaci\u00f3n, adem\u00e1s de otros servicios que dan cobertura al conjunto de actividades que se desarrollan en el ejercicio de&#8230;<\/p>","protected":false},"author":1,"featured_media":0,"parent":285,"menu_order":1,"comment_status":"closed","ping_status":"closed","template":"templates\/template-frontpage.php","meta":{"footnotes":""},"class_list":["post-290","page","type-page","status-publish","hentry"],"_links":{"self":[{"href":"https:\/\/www.ull.es\/grados\/ingenieria-mecanica\/fr\/wp-json\/wp\/v2\/pages\/290","targetHints":{"allow":["GET"]}}],"collection":[{"href":"https:\/\/www.ull.es\/grados\/ingenieria-mecanica\/fr\/wp-json\/wp\/v2\/pages"}],"about":[{"href":"https:\/\/www.ull.es\/grados\/ingenieria-mecanica\/fr\/wp-json\/wp\/v2\/types\/page"}],"author":[{"embeddable":true,"href":"https:\/\/www.ull.es\/grados\/ingenieria-mecanica\/fr\/wp-json\/wp\/v2\/users\/1"}],"replies":[{"embeddable":true,"href":"https:\/\/www.ull.es\/grados\/ingenieria-mecanica\/fr\/wp-json\/wp\/v2\/comments?post=290"}],"version-history":[{"count":5,"href":"https:\/\/www.ull.es\/grados\/ingenieria-mecanica\/fr\/wp-json\/wp\/v2\/pages\/290\/revisions"}],"predecessor-version":[{"id":1189,"href":"https:\/\/www.ull.es\/grados\/ingenieria-mecanica\/fr\/wp-json\/wp\/v2\/pages\/290\/revisions\/1189"}],"up":[{"embeddable":true,"href":"https:\/\/www.ull.es\/grados\/ingenieria-mecanica\/fr\/wp-json\/wp\/v2\/pages\/285"}],"wp:attachment":[{"href":"https:\/\/www.ull.es\/grados\/ingenieria-mecanica\/fr\/wp-json\/wp\/v2\/media?parent=290"}],"curies":[{"name":"wp","href":"https:\/\/api.w.org\/{rel}","templated":true}]}}