{"id":35,"date":"2017-06-28T12:58:08","date_gmt":"2017-06-28T12:58:08","guid":{"rendered":"http:\/\/www.ull.es\/masteres\/desarrollo-y-gestion-de-recursos-humanos\/?page_id=26"},"modified":"2025-12-10T15:35:31","modified_gmt":"2025-12-10T15:35:31","slug":"descripcion-del-titulo","status":"publish","type":"page","link":"https:\/\/www.ull.es\/grados\/ingenieria-mecanica\/informacion-academica\/descripcion-del-titulo\/","title":{"rendered":"Descripci\u00f3n del t\u00edtulo"},"content":{"rendered":"\n<div class=\"wp-block-stackable-columns alignfull stk-block-columns stk-block stk-8657999\" data-block-id=\"8657999\"><style>.stk-8657999 {padding-bottom:0px !important;margin-top:-30px !important;margin-bottom:0px !important;}@media screen and (max-width: 767px){.stk-8657999 {margin-top:-10% !important;}}<\/style><div class=\"stk-row stk-inner-blocks stk-block-content stk-content-align stk-8657999-column alignfull\">\n<div class=\"wp-block-stackable-column stk-block-column stk-column stk-block stk-914f03e\" data-v=\"4\" data-block-id=\"914f03e\"><div class=\"stk-column-wrapper stk-block-column__content stk-container stk-914f03e-container stk--no-background stk--no-padding\"><div class=\"stk-block-content stk-inner-blocks stk-914f03e-inner-blocks\"><style id=\"depicter-1-inline-pre-css\">\n\n.depicter-1:not(.depicter-ready){\n\theight:500px;\n}\n\n\/***** Tablet *****\/\n@media screen and (max-width: 1024px){\n\n.depicter-1:not(.depicter-ready){\n\theight:700px;\n}\n\n}\n\/***** Mobile *****\/\n@media screen and (max-width: 767px){\n\n.depicter-1:not(.depicter-ready){\n\theight:360px;\n}\n\n}\n<\/style>\n<div id=\"depicter-1\" class=\"depicter depicter-document depicter-revert depicter-1 depicter-layout-fullwidth\">\n\n<div class=\"depicter-loading-container depicter-loading dotFlashing-dark\"><div class=\"depicter-loading-dark depicter-dot-flashing\">\n   <span><\/span>\n   <span><\/span>\n   <span><\/span>\n<\/div>\n<\/div>\n<div id=\"depicter-1-section-1\" class=\"depicter-section depicter-1-section-1\" data-name=\"Section 1\" data-type=\"section\" data-local-id=\"section-1\">\n<picture class=\"depicter-bg\">\n<source data-depicter-srcset=\"https:\/\/www.ull.es\/grados\/ingenieria-mecanica\/wp-content\/uploads\/sites\/14\/2025\/04\/Slider__Ingenieri\u0301a_Meca\u0301nica-768x248.jpg, https:\/\/www.ull.es\/grados\/ingenieria-mecanica\/wp-content\/uploads\/sites\/14\/2025\/04\/Slider__Ingenieri\u0301a_Meca\u0301nica.jpg 2x\" srcset=\"data:image\/gif;base64,R0lGODlhAQABAIAAAAAAAP\/\/\/yH5BAEAAAAALAAAAAABAAEAAAIBRAA7\" media=\"(max-width: 1024px)\" \/>\n\n<source data-depicter-srcset=\"https:\/\/www.ull.es\/grados\/ingenieria-mecanica\/wp-content\/uploads\/sites\/14\/2025\/04\/Slider__Ingenieri\u0301a_Meca\u0301nica.jpg, https:\/\/www.ull.es\/grados\/ingenieria-mecanica\/wp-content\/uploads\/sites\/14\/2025\/04\/Slider__Ingenieri\u0301a_Meca\u0301nica-1921x620.jpg 2x\" srcset=\"data:image\/gif;base64,R0lGODlhAQABAIAAAAAAAP\/\/\/yH5BAEAAAAALAAAAAABAAEAAAIBRAA7\" media=\"(min-width: 1025px)\" \/>\n<img decoding=\"async\" src=\"data:image\/gif;base64,R0lGODlhAQABAIAAAAAAAP\/\/\/yH5BAEAAAAALAAAAAABAAEAAAIBRAA7\" data-ken-burns=\"false\" data-tablet-ken-burns=\"false\" data-mobile-ken-burns=\"false\" alt=\"\" data-depicter-src=\"https:\/\/www.ull.es\/grados\/ingenieria-mecanica\/wp-content\/uploads\/sites\/14\/2025\/04\/Slider__Ingenieri\u0301a_Meca\u0301nica.jpg\" data-object-fit=\"custom,custom,\" data-object-position=\"center top,,\" data-crop=\"{'focalPoint':{'x':0.5,'y':0.5},'mediaSize':{'width':1394.274193548387074770289473235607147216796875,'height':450}}\" data-tablet-crop=\"{'focalPoint':{'x':0.5,'y':0.5},'mediaSize':{'width':2168.87096774193560122512280941009521484375,'height':700.0000000000001136868377216160297393798828125}}\" data-mobile-crop=\"{'focalPoint':{'x':0.5,'y':0.5},'mediaSize':{'width':1115.41935483870975076570175588130950927734375,'height':360}}\" \/>\n<\/picture>\n\n\n<h1 id=\"depicter-1-element-5\" class=\"depicter-element depicter-layer depicter-1-element-5\" data-type=\"text\" data-wrap=\"true\" data-name=\"Text 2\" data-local-id=\"element-5\" data-offset=\"x:87px;y:149px;origin:tl\" data-tablet-offset=\"x:232px;y:293px;origin:tl\" data-mobile-offset=\"x:6px;y:-136px;origin:tl\" data-width=\"1027px,589px,348px\" data-height=\"auto,auto,auto\" data-responsive-scale=\"true,,\">Grado en Ingenier\u00eda Mec\u00e1nica<\/h1>\n\n<div id=\"depicter-1-element-10\" class=\"depicter-element depicter-layer depicter-1-element-10\" data-type=\"shape\" data-wrap=\"true\" data-name=\"Shape 1\" data-local-id=\"element-10\" data-offset=\"x:87px;y:350px;origin:tl\" data-tablet-offset=\"x:232px;y:426px;origin:tl\" data-mobile-offset=\"x:6px;y:15px;origin:tl\" data-width=\"968px,555px,309px\" data-height=\"8px,8px,8px\" data-responsive-scale=\"true,,\"><\/div>\n<\/div>\n<\/div>\n<script>\n(window.depicterSetups = window.depicterSetups || []).push(function(){\n\tDepicter.basePath = 'https:\/\/www.ull.es\/grados\/ingenieria-mecanica\/wp-content\/plugins\/depicter\/resources\/scripts\/player\/';\n\tconst dpPlayer = Depicter.setup('.depicter-1',\n\t\t{\"width\":[\"1200\",\"1024\",\"360\"],\"height\":[\"500\",\"700\",\"360\"],\"view\":\"basic\",\"keepAspectRatio\":true,\"preload\":0,\"layout\":\"fullwidth\",\"rtl\":false,\"initAfterAppear\":false,\"ajaxApiUrl\":\"https:\\\/\\\/www.ull.es\\\/grados\\\/ingenieria-mecanica\\\/wp-admin\\\/admin-ajax.php\",\"mouseSwipe\":true,\"touchSwipe\":true,\"useWatermark\":false}\n\t);\n});\n<\/script><\/div><\/div><\/div>\n<\/div><\/div>\n\n\n\n<div class=\"wp-block-stackable-columns alignfull stk-block-columns stk--hide-mobile stk-block stk-ceecbdc stk-block-background\" data-block-id=\"ceecbdc\"><style>.stk-ceecbdc {background-color:#360060 !important;padding-top:35px !important;padding-right:0px !important;padding-bottom:2px !important;padding-left:0px !important;margin-top:-20px !important;margin-bottom:70px !important;}.stk-ceecbdc:before{background-color:#360060 !important;}<\/style><div class=\"stk-row stk-inner-blocks stk-block-content stk-content-align stk-ceecbdc-column alignfull\">\n<div class=\"wp-block-stackable-column stk-block-column stk-column stk-block stk-fc60a5d\" data-v=\"4\" data-block-id=\"fc60a5d\"><div class=\"stk-column-wrapper stk-block-column__content stk-container stk-fc60a5d-container stk--no-background stk--no-padding\"><div class=\"stk-block-content stk-inner-blocks stk-fc60a5d-inner-blocks\">\n<div class=\"wp-block-stackable-spacer stk-block-spacer stk--no-padding stk-block stk-a3a8a68\" data-block-id=\"a3a8a68\"><style>.stk-a3a8a68 {height:0px !important;}<\/style><\/div>\n<\/div><\/div><\/div>\n<\/div><\/div>\n\n\n\n<div class=\"wp-block-stackable-columns alignwide stk-block-columns stk-block stk-3627255\" data-block-id=\"3627255\"><style>.stk-3627255 {padding-right:16% !important;padding-left:16% !important;margin-bottom:18px !important;}<\/style><div class=\"stk-row stk-inner-blocks stk-block-content stk-content-align stk-3627255-column alignwide\">\n<div class=\"wp-block-stackable-column stk-block-column stk-column stk-block stk-81e665a\" data-v=\"4\" data-block-id=\"81e665a\"><div class=\"stk-column-wrapper stk-block-column__content stk-container stk-81e665a-container stk--no-background stk--no-padding\"><div class=\"stk-block-content stk-inner-blocks stk-81e665a-inner-blocks\">\n<div class=\"wp-block-stackable-heading stk-block-heading stk-block-heading--v2 stk-block stk-97878e6\" id=\"descripcion-del-titulo\" data-block-id=\"97878e6\"><style>.stk-97878e6 .stk-block-heading__text{color:#5c068c !important;}<\/style><h1 class=\"stk-block-heading__text has-text-color\">Descripci\u00f3n del t\u00edtulo<\/h1><\/div>\n\n\n\n<style>\n.hoverable {\n  transition: transform 0.3s, box-shadow 0.3s;\n  cursor: pointer;\n}\n.hoverable:hover {\n  transform: scale(1.02);\n  box-shadow: 0 0.5rem 1rem rgba(0,0,0,0.25);\n  \/* Mantiene el color de fondo original *\/\n}\n<\/style>\n\n<!-- Tabla general con estilo similar -->\n<table class=\"table table-bordered table-striped align-middle text-center shadow-sm rounded overflow-hidden table-hover-effect\" style=\"border-collapse: separate; border-spacing: 0; box-shadow: 0 0.5rem 1rem rgba(0,0,0,0.15); border-radius:2rem; width:100%;\">\n  <tbody>\n    <tr style=\"background-color:#360060; color:#fff;\">\n      <td class=\"hoverable fw-bold\" style=\"width:30%; border-top-left-radius: 1.5rem; font-weight:bold;\">Nombre del t\u00edtulo:<\/td>\n      <td class=\"hoverable\" style=\"border-top-right-radius: 1.5rem; font-weight:bold;\">\tGraduado o Graduada en Ingenier\u00eda Mec\u00e1nica por la Universidad de La Laguna<\/td>\n    <\/tr>\n    <tr style=\"background-color:#f8f9fa;\">\n      <td class=\"hoverable fw-bold\" style=\"font-weight:bold;\">Universidad y centros responsables:<\/td>\n      <td class=\"hoverable\">Universidad de La Laguna. Escuela Superior de Ingenier\u00eda y Tecnolog\u00eda<\/td>\n    <\/tr>\n    <tr style=\"background-color:#fff;\">\n      <td class=\"hoverable fw-bold\" style=\"font-weight:bold;\">Modalidad de ense\u00f1anza:<\/td>\n      <td class=\"hoverable\">Presencial<\/td>\n    <\/tr>\n    <tr style=\"background-color:#f8f9fa;\">\n      <td class=\"hoverable fw-bold\" style=\"font-weight:bold;\">Lugar de impartici\u00f3n<\/td>\n     <td class=\"hoverable\"><a href=\"https:\/\/www.ull.es\/centros\/escuela-superior-de-ingenieria-y-tecnologia\" target=\"_blank\" rel=\"noopener\">Escuela Superior de Ingenier\u00eda y Tecnolog\u00eda<\/a><\/td>\n    <\/tr>\n    <tr style=\"background-color:#fff;\">\n      <td class=\"hoverable fw-bold\" width=\"30%\" style=\"font-weight:bold;\">Plazas ofertadas:<\/td>\n      <td class=\"hoverable\" width=\"70%\">80 plazas de nuevo ingreso<\/td>\n    <\/tr>\n    <tr style=\"background-color:#f8f9fa;\">\n      <td class=\"hoverable fw-bold\" style=\"font-weight:bold;\">N\u00famero de cr\u00e9ditos:<\/td>\n      <td class=\"hoverable\">240 ECTS (El n\u00famero de cr\u00e9ditos de los que debe matricularse un estudiante de primer curso en r\u00e9gimen de tiempo completo es 60 ECTS, mientras que para los alumnos que opten por el r\u00e9gimen de matr\u00edcula a tiempo parcial ser\u00e1 de 30. El n\u00famero m\u00e1ximo de alumnado que se puede acoger al r\u00e9gimen de matr\u00edcula a tiempo parcial ser\u00e1 del 20% del total de alumnos de nuevo ingreso.)<\/td>\n    <\/tr>\n    <tr style=\"background-color:#fff;\">\n      <td class=\"hoverable fw-bold\" style=\"font-weight:bold;\">Duraci\u00f3n del t\u00edtulo<\/td>\n      <td class=\"hoverable\">4 a\u00f1os<\/td>\n    <\/tr>\n    <tr style=\"background-color:#fff;\">\n      <td class=\"hoverable fw-bold\" style=\"font-weight:bold;\">Idiomas en los que se imparte:<\/td>\n      <td class=\"hoverable\">Espa\u00f1ol e Ingl\u00e9s<\/td>\n    <\/tr>\n    <tr style=\"background-color:#fff;\">\n      <td class=\"hoverable fw-bold\" style=\"font-weight:bold;\">Profesi\u00f3n Regulada\/Acceso a Estudios de Profesi\u00f3n Regulada:<\/td>\n      <td class=\"hoverable\">Este t\u00edtulo habilita para el ejercicio de actividades profesionales seg\u00fan la Orden CIN\/351\/2009, por la que se establecen los requisitos para la verificaci\u00f3n de los t\u00edtulos universitarios oficiales que habilitan para el ejercicio de la profesi\u00f3n de Ingeniero T\u00e9cnico Industrial. Asimismo, da acceso a los estudios de M\u00e1ster en Ingenier\u00eda Industrial que habilitan para el ejercicio de la profesi\u00f3n de Ingeniero Industrial, seg\u00fan la Orden CIN\/311\/2009.<\/td>\n    <\/tr>\n    <tr style=\"background-color:#f8f9fa;\">\n      <td class=\"hoverable fw-bold\" style=\"border-bottom-left-radius: 1.5rem; font-weight:bold;\">Justificaci\u00f3n del t\u00edtulo<\/td>\n      <td class=\"hoverable\" style=\"border-bottom-right-radius: 1.5rem;\"><a href=\"https:\/\/drive.google.com\/open?id=1cQLGlihNfKiLkPCC-sx6ASndUT5fbi_x\" target=\"_blank\" rel=\"noopener\">Acceso a la justificaci\u00f3n<\/a><\/td>\n    <\/tr>\n  <\/tbody>\n<\/table>\n<\/div><\/div><\/div>\n<\/div><\/div>\n","protected":false},"excerpt":{"rendered":"<p>Descripci\u00f3n del t\u00edtulo Nombre del t\u00edtulo: Graduado o Graduada en Ingenier\u00eda Mec\u00e1nica por la Universidad de La Laguna Universidad y centros responsables: Universidad de La Laguna. Escuela Superior de Ingenier\u00eda y Tecnolog\u00eda Modalidad de ense\u00f1anza: Presencial Lugar de impartici\u00f3n Escuela Superior de Ingenier\u00eda y Tecnolog\u00eda Plazas ofertadas: 80 plazas de nuevo ingreso N\u00famero de cr\u00e9ditos:&#8230;<\/p>\n","protected":false},"author":1,"featured_media":0,"parent":252,"menu_order":0,"comment_status":"closed","ping_status":"closed","template":"templates\/template-frontpage.php","meta":{"footnotes":""},"class_list":["post-35","page","type-page","status-publish","hentry"],"_links":{"self":[{"href":"https:\/\/www.ull.es\/grados\/ingenieria-mecanica\/wp-json\/wp\/v2\/pages\/35","targetHints":{"allow":["GET"]}}],"collection":[{"href":"https:\/\/www.ull.es\/grados\/ingenieria-mecanica\/wp-json\/wp\/v2\/pages"}],"about":[{"href":"https:\/\/www.ull.es\/grados\/ingenieria-mecanica\/wp-json\/wp\/v2\/types\/page"}],"author":[{"embeddable":true,"href":"https:\/\/www.ull.es\/grados\/ingenieria-mecanica\/wp-json\/wp\/v2\/users\/1"}],"replies":[{"embeddable":true,"href":"https:\/\/www.ull.es\/grados\/ingenieria-mecanica\/wp-json\/wp\/v2\/comments?post=35"}],"version-history":[{"count":36,"href":"https:\/\/www.ull.es\/grados\/ingenieria-mecanica\/wp-json\/wp\/v2\/pages\/35\/revisions"}],"predecessor-version":[{"id":1163,"href":"https:\/\/www.ull.es\/grados\/ingenieria-mecanica\/wp-json\/wp\/v2\/pages\/35\/revisions\/1163"}],"up":[{"embeddable":true,"href":"https:\/\/www.ull.es\/grados\/ingenieria-mecanica\/wp-json\/wp\/v2\/pages\/252"}],"wp:attachment":[{"href":"https:\/\/www.ull.es\/grados\/ingenieria-mecanica\/wp-json\/wp\/v2\/media?parent=35"}],"curies":[{"name":"wp","href":"https:\/\/api.w.org\/{rel}","templated":true}]}}